{"id":99,"date":"2024-07-02T12:08:28","date_gmt":"2024-07-02T12:08:28","guid":{"rendered":"http:\/\/localhost\/hommywp\/pa-c6-b-24-7-pizza-vending-machine-with-infrared-for-school\/"},"modified":"2025-08-01T09:57:26","modified_gmt":"2025-08-01T09:57:26","slug":"pa-c6-b-maquina-de-venda-automatica-de-pizza-com-infravermelhos-no-exterior","status":"publish","type":"product","link":"https:\/\/www.hommy.com\/pt\/p\/pa-c6-b-maquina-de-venda-automatica-de-pizza-com-infravermelhos-no-exterior\/","title":{"rendered":"Pa-C6-B M\u00e1quina de venda autom\u00e1tica de pizza 24\/7 com infravermelhos para escolas"},"content":{"rendered":"<div>\n<p style=\"margin: 0px;text-align: center\"><strong><span style=\"letter-spacing: 0px;font-size: 24px;font-family: arial, helvetica, sans-serif\"><br \/><\/span><\/strong><\/p>\n<p style=\"margin: 0px;text-align: center\"><strong><span style=\"letter-spacing: 0px;font-size: 24px;font-family: arial, helvetica, sans-serif\"><a name=\"Outdoor Automatic Infrared Heating Vending Pizza Machine\"><\/a>M\u00e1quina autom\u00e1tica de venda autom\u00e1tica de pizza por infravermelhos para exterior<\/span><\/strong><\/p>\n<p style=\"margin: 0px;text-align: center\"><a href=\"#Outdoor Automatic Infrared Heating Vending Pizza Machine\" target=\"_self\" data-lv=\"0\" rel=\"noopener\"><span style=\"letter-spacing: 0px;font-size: 18px;font-family: arial, helvetica, sans-serif\">M\u00e1quina autom\u00e1tica de venda autom\u00e1tica de pizza por infravermelhos para exterior<\/span><\/a><span style=\"letter-spacing: 0px;font-size: 18px;font-family: arial, helvetica, sans-serif\">|<a href=\"#Product Features\" target=\"_self\" data-lv=\"0\" rel=\"noopener\">Carater\u00edsticas do produto<\/a>|<a href=\"#Product specification\" target=\"_self\" data-lv=\"0\" rel=\"noopener\">Especifica\u00e7\u00e3o do produto<\/a>|<a href=\"#Product Advantage\" target=\"_self\" data-lv=\"0\" rel=\"noopener\">Vantagem do produto<\/a><\/span><\/p>\n<p style=\"margin: 0px\"><span style=\"font-family:\u5b8b\u4f53;letter-spacing:0;font-size:29px\"><br \/><\/span><\/p>\n<p><\/p>\n<p style=\"text-align: center\">&nbsp;&nbsp;&nbsp;&nbsp;<\/p>\n<p>As m\u00e1quinas de venda autom\u00e1tica de pizzas 24\/7 permitem que os clientes simplesmente carreguem num bot\u00e3o e, em poucos minutos, tenham pizzas frescas e quentes, ainda a fumegar, provenientes da pizzaria. A m\u00e1quina de venda autom\u00e1tica de pizzas pode ser utilizada em restaurantes, hot\u00e9is, pubs, bares, etc. Ajudamos as empresas de pizzas a vender pizzas atrav\u00e9s das nossas m\u00e1quinas de venda autom\u00e1tica, o que as ajudar\u00e1 a vender pizzas a qualquer altura e em qualquer lugar. Esta \u00e9 uma \u00f3ptima maneira de promover as suas pizzas.<\/p>\n<p><\/p>\n<p>Esta m\u00e1quina foi concebida e desenvolvida com um sofisticado sistema de controlo, utilizando a mais recente tecnologia para garantir a boa execu\u00e7\u00e3o e gest\u00e3o das opera\u00e7\u00f5es. Todos os componentes das m\u00e1quinas s\u00e3o testados quanto \u00e0s suas funcionalidades antes da entrega e a produ\u00e7\u00e3o \u00e9 testada no terreno.<\/p>\n<p><\/p>\n<p>As m\u00e1quinas de venda autom\u00e1tica de pizza oferecidas por n\u00f3s s\u00e3o feitas com pl\u00e1sticos de alta qualidade e materiais de a\u00e7o inoxid\u00e1vel, garantindo alto desempenho e longa vida \u00fatil. Estas m\u00e1quinas s\u00e3o testadas pelos nossos especialistas em controlo de qualidade para garantir que cumprem os rigorosos padr\u00f5es de qualidade e durabilidade da ind\u00fastria.<\/p>\n<p><\/p>\n<p>A nossa empresa est\u00e1 empenhada na satisfa\u00e7\u00e3o do cliente e, por isso, oferecemos-lhes m\u00e1quinas de venda autom\u00e1tica de pizzas aos pre\u00e7os mais competitivos da ind\u00fastria. Compreendemos a sua import\u00e2ncia e temos a certeza de que podemos satisfazer as suas necessidades e entreg\u00e1-las da forma mais atempada. Os nossos profissionais t\u00eam muitos anos de experi\u00eancia no dom\u00ednio das m\u00e1quinas de venda autom\u00e1tica de pizzas, e concebem as m\u00e1quinas para satisfazer as suas necessidades espec\u00edficas. Para saber mais sobre a nossa gama de m\u00e1quinas de venda autom\u00e1tica de pizza, contacte o nosso executivo de atendimento ao cliente.  Eles v\u00e3o gui\u00e1-lo atrav\u00e9s do processo de compra e responder a qualquer uma das suas perguntas.<\/p>\n<p><span style=\"font-family:\u5b8b\u4f53;letter-spacing:0;font-size:29px\"><\/span><\/p>\n<div class=\"d-tem01-graphic tem01-graphic mockup\" data-detail=\"wrap\">\n<div class=\"cont-section clearfix d-clearfix\">\n<div class=\"col-md-6 col-sm-6 col-xs-6\"><\/p>\n<p><\/p>\n<p><img decoding=\"async\" src=\"https:\/\/www.hommy.com\/wp-content\/uploads\/16104175807471.jpg\" alt=\"product-PA-C6-B M\u00e1quina de venda autom\u00e1tica de pizzas com infravermelhos no exterior-Hommy-img\" title=\"\"><br \/>\n &nbsp; &nbsp; &nbsp; &nbsp; &nbsp; &nbsp;<\/p>\n<\/div>\n<div class=\"col-md-6 col-sm-6 col-xs-6\">\n<div class=\"right-p\">\n<div class=\"h2 heading\">\n<h1 style=\"margin: 0px;text-indent: 0px;text-align: justify\"><strong><span style=\"letter-spacing: 0px;font-family: arial, helvetica, sans-serif;font-size: 24px\"><a name=\"Product Features\"><\/a>Carater\u00edsticas do produto<\/span><\/strong><\/h1>\n<p style=\"margin-top:0;margin-right:0;margin-bottom:0;margin-left:0;text-indent:0;text-align:justify\"><span style=\"letter-spacing: 0px;font-family: arial, helvetica, sans-serif;font-size: 18px\"><br \/><\/span><\/p>\n<p><span style=\"font-size: 18px;font-family: arial, helvetica, sans-serif\">1. Ecr\u00e3 de 55\" para promo\u00e7\u00e3o e funcionamento do ecr\u00e3 de 15\" .<\/span><\/p>\n<p><span style=\"font-size: 18px;font-family: arial, helvetica, sans-serif\">2. O sistema de pagamento pode aceitar: moeda, fatura, moeda Exchang, interface de cart\u00e3o de cr\u00e9dito.<\/span><\/p>\n<p><span style=\"font-size: 18px;font-family: arial, helvetica, sans-serif\">3. O freezer interno pode manter 48pcs 10 \"pizza e manter a temperatura de -8 \u2103 a 10 \u2103. <\/span><\/p>\n<p><span style=\"font-size: 18px;font-family: arial, helvetica, sans-serif\">4. A m\u00e1quina guarda no seu interior 48 caixas de papel.<\/span><\/p>\n<p><span style=\"font-size: 18px;font-family: arial, helvetica, sans-serif\">5. Placa de controlo avan\u00e7ada para PC, fun\u00e7\u00e3o bem programada e funcionamento est\u00e1vel.<\/span><\/p>\n<p><span style=\"font-size: 18px;font-family: arial, helvetica, sans-serif\">6. O congelador no interior tem um ecr\u00e3 publicit\u00e1rio de maiores dimens\u00f5es e fun\u00e7\u00e3o de pasteuriza\u00e7\u00e3o. <\/span><\/p>\n<p style=\"margin-left:0;text-indent:0\"><span style=\"font-size: 18px;font-family: arial, helvetica, sans-serif\">7. A temperatura do congelador pode ser configurada com base em diferentes produtos, com fun\u00e7\u00e3o de descongela\u00e7\u00e3o autom\u00e1tica, para garantir que a m\u00e1quina em condi\u00e7\u00f5es de alta temperatura e alta humidade funciona normalmente;<\/span><\/p>\n<p style=\"margin-left:0;text-indent:0\"><span style=\"letter-spacing: 0px;font-size: 18px;font-family: arial, helvetica, sans-serif\">8. Temperatura de aquecimento por infravermelhos <span style=\"letter-spacing: 0px;font-size: 18px;font-family: \u5b8b\u4f53\">\uff1a<\/span>60-300 \u2103 precisa de 45-55 segundos para assar uma pizza.<\/span><\/p>\n<p style=\"margin-left:0;text-indent:0\"><span style=\"letter-spacing: 0px;font-size: 18px;font-family: arial, helvetica, sans-serif\">9.  Tamanho da casa de infravermelhos: 400X400X300mm e pot\u00eancia: 3000W. <\/span><\/p>\n<p style=\"margin-left:0;text-indent:0\"><span style=\"font-size: 18px;font-family: arial, helvetica, sans-serif\">10. Existe uma fun\u00e7\u00e3o de prote\u00e7\u00e3o contra a falha de energia, a m\u00e1quina ainda mostra o poder do estado, tem a fun\u00e7\u00e3o de mem\u00f3ria, a fun\u00e7\u00e3o de prote\u00e7\u00e3o contra fugas de sobrecarga, garantir o funcionamento seguro da m\u00e1quina.<\/span><span style=\"font-family: Calibri;font-size: 18px\"> <\/span><\/p>\n<p style=\"margin-top:0;margin-right:0;margin-bottom:0;margin-left:0;text-indent:0;text-align:justify\"><span style=\"letter-spacing: 0px;font-size: 18px;font-family: arial, helvetica, sans-serif\">11. A l\u00edngua pode basear-se em diferentes pa\u00edses para a ajustar. <\/span><\/p>\n<p style=\"margin-top:0;margin-right:0;margin-bottom:0;margin-left:0;text-indent:0;text-align:justify\"><span style=\"letter-spacing: 0px;font-size: 18px;font-family: arial, helvetica, sans-serif\">12. 48 conjuntos de pizzas s\u00e3o armazenados no interior da m\u00e1quina.<\/span><\/p>\n<p style=\"margin-left:0;text-indent:0\"><span style=\"font-size: 18px;font-family: arial, helvetica, sans-serif\">13. Sistema de gest\u00e3o remota por computador: consulta de pormenores de vendas, lembretes de faltas, lembretes de falhas de m\u00e1quinas.<\/span><\/p>\n<p style=\"margin-left:0;text-indent:0\"><span style=\"font-family: arial, helvetica, sans-serif;font-size: 18px\">14. Se pretender colocar a m\u00e1quina no exterior do centro comercial, pode acrescentar um teto que impe\u00e7a a entrada de vento e de eletricidade. <\/span><\/p>\n<p><span style=\"font-family: arial, helvetica, sans-serif;font-size: 18px\">Chuva, este telhado feito em metal e depois pintado com spray.&nbsp;<\/span><span style=\"font-size: 18px;font-family: arial, helvetica, sans-serif\">&nbsp;<\/span><\/p>\n<p><span>&nbsp; &nbsp; &nbsp; &nbsp;<\/span><\/div>\n<\/div>\n<\/div>\n<\/div>\n<\/div>\n<h1><strong><span style=\"letter-spacing: 0px;font-family: arial, helvetica, sans-serif;font-size: 24px\"><a name=\"Product specification\"><\/a>Especifica\u00e7\u00e3o do produto<\/span><\/strong><\/h1>\n<p><strong><span style=\"letter-spacing: 0px;font-family: arial, helvetica, sans-serif;font-size: 24px\"><br \/><\/span><\/strong><\/p>\n<p><img decoding=\"async\" src=\"https:\/\/www.hommy.com\/wp-content\/uploads\/16104184705197.png\" alt=\"produto-Hommy-img\" title=\"\"><\/p>\n<p><\/p>\n<h1><span style=\"font-family: arial, helvetica, sans-serif;font-size: 24px\"><strong><span style=\"font-family: arial, helvetica, sans-serif;letter-spacing: 0px\"><a name=\"Product Advantage\"><\/a>Vantagem do produto<\/span><\/strong><\/span><\/h1>\n<p><span style=\"font-family: arial, helvetica, sans-serif;font-size: 24px\"><strong><span style=\"font-family: arial, helvetica, sans-serif;letter-spacing: 0px\"><\/span><\/strong><\/span><\/p>\n<div class=\"d-tem01-graphic tem01-graphic mockup\" data-detail=\"wrap\">\n<div class=\"cont-section clearfix d-clearfix\">\n<div class=\"col-md-6 col-sm-6 col-xs-6\">\n<div class=\"right-p\">\n<div class=\"h2 heading\">\n<p><span style=\"font-family: arial, helvetica, sans-serif;font-size: 18px\">1. Ecr\u00e3 de 55\" para promo\u00e7\u00e3o e funcionamento do ecr\u00e3 de 15\" .<\/span><\/p>\n<p><span style=\"font-family: arial, helvetica, sans-serif;font-size: 18px\"><br \/><\/span><\/p>\n<p><span style=\"font-family: arial, helvetica, sans-serif;font-size: 18px\"><br \/><\/span><\/p>\n<\/div>\n<\/div>\n<div class=\"graphic_pic animated wow bounceIn\" data-wow-delay=\".7s\">\n<p style=\"text-align:center\"><img loading=\"lazy\" decoding=\"async\" src=\"https:\/\/www.hommy.com\/wp-content\/uploads\/16104181619234.jpg\" alt=\"produto-Hommy-img\" title=\"\" width=\"350\" height=\"350\" border=\"0\" vspace=\"0\" style=\"width: 350px;height: 350px\"><\/p>\n<\/div>\n<\/div>\n<div class=\"col-md-6 col-sm-6 col-xs-6\">\n<div class=\"right-p\">\n<div class=\"h2 heading\">\n<p style=\"margin-left:0;text-indent:0\"><span style=\"font-family: arial, helvetica, sans-serif;letter-spacing: 0px;font-size: 18px\">2. Temperatura de aquecimento infravermelho: 60-300 \u2103 precisa de 45-55 segundos para assar uma pizza e tamanho da casa infravermelha: 400X400X300mm e pot\u00eancia: 3000W.&nbsp;<\/span><\/p>\n<\/div>\n<\/div>\n<div class=\"graphic_pic animated wow bounceIn\" data-wow-delay=\".7s\">\n<p style=\"text-align:center\"><img loading=\"lazy\" decoding=\"async\" src=\"https:\/\/www.hommy.com\/wp-content\/uploads\/16104182663582.jpg\" alt=\"produto-Hommy-img\" title=\"\" width=\"350\" height=\"500\" border=\"0\" vspace=\"0\" style=\"width: 350px;height: 500px\"><\/p>\n<\/div>\n<\/div>\n<\/div>\n<\/div>\n<p><span style=\"font-family: arial, helvetica, sans-serif;font-size: 24px\"><strong><span style=\"font-family: arial, helvetica, sans-serif;letter-spacing: 0px\"><\/span><\/strong><\/span><\/p>\n<div class=\"d-tem01-graphic tem01-graphic mockup\" data-detail=\"wrap\">\n<div class=\"cont-section clearfix d-clearfix\">\n<div class=\"col-md-6 col-sm-6 col-xs-6\">\n<div class=\"right-p\">\n<div class=\"h2 heading\">\n<p style=\"margin-top:0;margin-right:0;margin-bottom:0;margin-left:0;text-indent:0;text-align:justify\"><span style=\"font-family: arial, helvetica, sans-serif;font-size: 18px\"><span style=\"font-family: arial, helvetica, sans-serif;letter-spacing: 0px\">3. 48 conjuntos de pizzas s\u00e3o armazenados no interior da m\u00e1quina, mantendo a temperatura <\/span><span style=\"font-family: arial, helvetica, sans-serif\">de -8\u2103 a 10\u2103.<\/span><\/span><\/p>\n<p style=\"margin-top:0;margin-right:0;margin-bottom:0;margin-left:0;text-indent:0;text-align:justify\"><span style=\"font-family: arial, helvetica, sans-serif;font-size: 18px\"><span style=\"font-family: arial, helvetica, sans-serif\"><br \/><\/span><\/span><\/p>\n<\/div>\n<\/div>\n<div class=\"graphic_pic animated wow bounceIn\" data-wow-delay=\".7s\">\n<p style=\"text-align:center\"><img loading=\"lazy\" decoding=\"async\" src=\"https:\/\/www.hommy.com\/wp-content\/uploads\/16104183055640.png\" alt=\"product-Hommy-PA-C6-B M\u00e1quina de venda autom\u00e1tica de pizzas com infravermelhos no exterior-img\" title=\"\" width=\"350\" height=\"500\" border=\"0\" vspace=\"0\" style=\"width: 350px;height: 500px\"><\/p>\n<\/div>\n<\/div>\n<div class=\"col-md-6 col-sm-6 col-xs-6\">\n<div class=\"right-p\">\n<div class=\"h2 heading\">\n<p><span style=\"font-family: arial, helvetica, sans-serif;font-size: 18px\">4. A m\u00e1quina guarda no seu interior 48 caixas de papel.<\/span><\/p>\n<p><\/p>\n<\/div>\n<\/div>\n<div class=\"graphic_pic animated wow bounceIn\" data-wow-delay=\".7s\">\n<p style=\"text-align:center\"><img loading=\"lazy\" decoding=\"async\" src=\"https:\/\/www.hommy.com\/wp-content\/uploads\/16104183403363.png\" alt=\"produto-Hommy-img\" title=\"\" width=\"350\" height=\"500\" border=\"0\" vspace=\"0\" style=\"width: 350px;height: 500px\"><\/p>\n<\/div>\n<\/div>\n<\/div>\n<\/div>\n<p><span style=\"font-family: arial, helvetica, sans-serif;font-size: 24px\"><strong><span style=\"font-family: arial, helvetica, sans-serif;letter-spacing: 0px\"><\/span><\/strong><\/span><\/p>\n<div class=\"d-tem01-graphic tem01-graphic mockup\" data-detail=\"wrap\">\n<div class=\"cont-section clearfix d-clearfix\">\n<div class=\"col-md-6 col-sm-6 col-xs-6\">\n<div class=\"right-p\">\n<div class=\"h2 heading\">\n<p><span style=\"font-family: arial, helvetica, sans-serif;font-size: 18px\"><span style=\"font-family: arial, helvetica, sans-serif;letter-spacing: 0px\">5.&nbsp;<\/span><span style=\"font-family: arial, helvetica, sans-serif\">O sistema de pagamento pode aceitar: moeda, fatura, moeda Exchang, interface de cart\u00e3o de cr\u00e9dito.<\/span><\/span><\/p>\n<p><span style=\"font-family: arial, helvetica, sans-serif;font-size: 18px\"><span style=\"font-family: arial, helvetica, sans-serif\"><br \/><\/span><\/span><\/p>\n<\/div>\n<\/div>\n<div class=\"graphic_pic animated wow bounceIn\" data-wow-delay=\".7s\">\n<p style=\"text-align:center\"><img loading=\"lazy\" decoding=\"async\" src=\"https:\/\/www.hommy.com\/wp-content\/uploads\/16104183868145.png\" alt=\"product-PA-C6-B M\u00e1quina de venda autom\u00e1tica de pizzas com infravermelhos no exterior-Hommy-img-1\" title=\"\" width=\"350\" height=\"500\" border=\"0\" vspace=\"0\" style=\"width: 350px;height: 500px\"><\/p>\n<\/div>\n<\/div>\n<div class=\"col-md-6 col-sm-6 col-xs-6\">\n<div class=\"right-p\">\n<div class=\"h2 heading\">\n<p><span style=\"font-family: arial, helvetica, sans-serif;font-size: 18px\">6. Sistema de gest\u00e3o remota por computador: consulta de detalhes de vendas, lembretes de faltas, lembretes de falhas de m\u00e1quinas.<\/span><\/p>\n<\/div>\n<\/div>\n<div class=\"graphic_pic animated wow bounceIn\" data-wow-delay=\".7s\">\n<p style=\"text-align:center\"><img loading=\"lazy\" decoding=\"async\" src=\"https:\/\/www.hommy.com\/wp-content\/uploads\/16104184304129.jpg\" alt=\"produto-Hommy-img-1\" title=\"\" width=\"350\" height=\"500\" border=\"0\" vspace=\"0\" style=\"width: 350px;height: 500px\"><\/p>\n<\/div>\n<\/div>\n<\/div>\n<\/div>\n<p><strong><span style=\"letter-spacing: 0px;font-family: arial, helvetica, sans-serif;font-size: 24px\"><\/span><\/strong><\/p>\n<h2 style=\"font-family: sans-serif\">Quem fabrica m\u00e1quinas de venda autom\u00e1tica de pizzas?<\/h2>\n<p style=\"margin-top: 5px;margin-bottom: 5px;font-family: sans-serif;font-size: 16px\">O que \u00e9 que tornaria as m\u00e1quinas de venda autom\u00e1tica mais apelativas do que outras op\u00e7\u00f5es para um lanche? A verdade \u00e9 que \u00e9 a pizza! E assim, desde h\u00e1 muitos anos, \u00e9 exatamente isso que as m\u00e1quinas de venda autom\u00e1tica de pizza t\u00eam vendido: fatias de pizza.<\/p>\n<p style=\"margin-top: 5px;margin-bottom: 5px;font-family: sans-serif;font-size: 16px\"><\/p>\n<h2 style=\"font-family: sans-serif\">Que tipo de forno para pizzas utiliza a Dominos?<\/h2>\n<p style=\"margin-top: 5px;margin-bottom: 5px;font-family: sans-serif;font-size: 16px\">Talvez o surpreenda saber que existem dois tipos diferentes de fornos para pizzas que utilizamos nas nossas pizzarias. Vou apresentar-lhe os diferentes tipos e os pr\u00f3s e contras de cada um deles. Depois, vou dizer-vos qual o forno de pizza que funciona melhor para um domin\u00f3. Mas primeiro, preciso de explicar o tipo de forno de pizza utilizado pela dominos. Ambos s\u00e3o fabricados pela mesma empresa. Um \u00e9 um forno de pizza a g\u00e1s natural e o outro \u00e9 um forno de pizza a carv\u00e3o. Mas n\u00e3o s\u00e3o iguais. Quero dizer-vos porque \u00e9 que isso acontece.<\/p>\n<p style=\"margin-top: 5px;margin-bottom: 5px;font-family: sans-serif;font-size: 16px\"><\/p>\n<p style=\"margin-top: 5px;margin-bottom: 5px;font-family: sans-serif;font-size: 16px\"><\/p>\n<h2 style=\"font-family: sans-serif\">Quanta eletricidade consome um forno de pizza?<\/h2>\n<p style=\"margin-top: 5px;margin-bottom: 5px;font-family: sans-serif;font-size: 16px\">De acordo com o relat\u00f3rio anual sobre energia da EPA, um agregado familiar m\u00e9dio americano consome cerca de 1000 quilowatts-hora (kWh) de eletricidade por ano. Isto equivale a quase meio gal\u00e3o de gasolina. No entanto, um forno para pizzas de tamanho m\u00e9dio da Amazon pode consumir at\u00e9 4.000 kWh de eletricidade por ano. Se est\u00e1 a pensar em quanta energia \u00e9 essa, esta calculadora vai ajud\u00e1-lo a descobrir exatamente quanto consome o forno que est\u00e1 a ver.<\/p>\n<\/p><\/div>","protected":false},"excerpt":{"rendered":"<p>Outdoor Automatic Infrared Heating Vending Pizza Machine Outdoor Automatic Infrared Heating Vending Pizza Machine|Product Features|Product specification|Product Advantage &nbsp;&nbsp;&nbsp;&nbsp; 24\/7 Pizza Vending Machines enable customers to simply press a button and within a few minutes, have fresh hot pizzas, still steaming from the pizza maker.The pizza vending machine can be used in restaurants, hotels, pubs, bars, [&hellip;]<\/p>\n","protected":false},"featured_media":89,"comment_status":"open","ping_status":"open","template":"","meta":{"_swt_meta_header_display":false,"_swt_meta_footer_display":false,"_swt_meta_site_title_display":false,"_swt_meta_sticky_header":false,"_swt_meta_transparent_header":false},"product_brand":[],"product_cat":[70,68],"product_tag":[],"class_list":{"0":"post-99","1":"product","2":"type-product","3":"status-publish","4":"has-post-thumbnail","6":"product_cat-pizza-vending-machine","7":"product_cat-vending-machine","9":"first","10":"instock","11":"shipping-taxable","12":"product-type-simple"},"_links":{"self":[{"href":"https:\/\/www.hommy.com\/pt\/wp-json\/wp\/v2\/product\/99","targetHints":{"allow":["GET"]}}],"collection":[{"href":"https:\/\/www.hommy.com\/pt\/wp-json\/wp\/v2\/product"}],"about":[{"href":"https:\/\/www.hommy.com\/pt\/wp-json\/wp\/v2\/types\/product"}],"replies":[{"embeddable":true,"href":"https:\/\/www.hommy.com\/pt\/wp-json\/wp\/v2\/comments?post=99"}],"wp:featuredmedia":[{"embeddable":true,"href":"https:\/\/www.hommy.com\/pt\/wp-json\/wp\/v2\/media\/89"}],"wp:attachment":[{"href":"https:\/\/www.hommy.com\/pt\/wp-json\/wp\/v2\/media?parent=99"}],"wp:term":[{"taxonomy":"product_brand","embeddable":true,"href":"https:\/\/www.hommy.com\/pt\/wp-json\/wp\/v2\/product_brand?post=99"},{"taxonomy":"product_cat","embeddable":true,"href":"https:\/\/www.hommy.com\/pt\/wp-json\/wp\/v2\/product_cat?post=99"},{"taxonomy":"product_tag","embeddable":true,"href":"https:\/\/www.hommy.com\/pt\/wp-json\/wp\/v2\/product_tag?post=99"}],"curies":[{"name":"wp","href":"https:\/\/api.w.org\/{rel}","templated":true}]}}