{"id":988,"date":"2024-07-02T17:33:02","date_gmt":"2024-07-02T17:33:02","guid":{"rendered":"http:\/\/localhost\/hommywp\/intelligent-robotic-arm-ice-cream-self-vending-machine-cost\/"},"modified":"2025-08-01T09:57:48","modified_gmt":"2025-08-01T09:57:48","slug":"maquina-de-venda-automatica-de-gelados-robotizada","status":"publish","type":"product","link":"https:\/\/www.hommy.com\/pt\/p\/maquina-de-venda-automatica-de-gelados-robotizada\/","title":{"rendered":"Custo da m\u00e1quina de venda autom\u00e1tica de gelados com bra\u00e7o rob\u00f3tico inteligente"},"content":{"rendered":"<div>\n<p style=\"text-align: center\"><span style=\"font-family:Calibri;font-size:29px\"><a style=\"color:blue\" href=\"\/pt\/\">M\u00e1quina de gelados<\/a> robot <\/span><\/p>\n<p style=\"text-align: center\"><a href=\"https:\/\/youtu.be\/Xqo74RBQzXE\" rel=\"nofollow noopener\" target=\"_blank\"><span style=\"font-family:Calibri;font-size:29px\">https:\/\/youtu.be\/Xqo74RBQzXE<\/span><\/a><span style=\"font-family:Calibri;font-size:29px\">&nbsp;<\/span><\/p>\n<p><span style=\"font-family:Calibri;font-size:29px\">&nbsp;<\/span><\/p>\n<p><span style=\"font-family:\u7b49\u7ebf;font-size:29px\">&nbsp;Estas m\u00e1quinas s\u00e3o amplamente utilizadas para a automatiza\u00e7\u00e3o do processo de distribui\u00e7\u00e3o de gelados. Bra\u00e7o rob\u00f3tico <a style=\"color:blue\" href=\"https:\/\/www.hommy.com\/pt\/maquina-de-venda-automatica\/\">m\u00e1quina de venda autom\u00e1tica de gelados<\/a>s s\u00e3o utilizadas para distribuir o gelado de forma controlada, assegurando uma distribui\u00e7\u00e3o uniforme do gelado. Eles s\u00e3o ideais para pequenas e m\u00e9dias empresas que precisam de fornecer um produto de qualidade a um pre\u00e7o razo\u00e1vel. Estas m\u00e1quinas de venda autom\u00e1tica de gelado bra\u00e7o rob\u00f3tico est\u00e3o dispon\u00edveis em diferentes tamanhos e modelos.<\/span><\/p>\n<p><span style=\"font-family:\u5b8b\u4f53;font-size:29px\">Especifica\u00e7\u00f5es do produto:<\/span><\/p>\n<p><img decoding=\"async\" src=\"https:\/\/www.hommy.com\/wp-content\/uploads\/16431773625701.png\" alt=\"produto-Hommy-img\" title=\"\"><\/p>\n<p style=\"margin-bottom:0;text-align:justify\"><span style=\"font-family:\u5b8b\u4f53;font-size:29px\">Carater\u00edsticas do produto: <\/span><\/p>\n<p style=\"margin-bottom:0;text-align:justify\"><em><span style=\"font-family: Calibri;font-size: 16px\">Ecr\u00e3 t\u00e1til de 10,1 polegadas semelhante a um tablet<\/span><\/em><span style=\"font-family:Calibri;font-size:16px\">er com<\/span><span style=\"font-family:\u5b8b\u4f53;font-size:16px\">&nbsp;<\/span><span style=\"font-family:Calibri;font-size:16px\">Sistema Android<\/span><\/p>\n<p style=\"margin-bottom:0;text-align:justify\"><span style=\"font-family:\u7b49\u7ebf;font-size:16px\">2<\/span><span style=\"font-family:Calibri;font-size:16px\">Ecr\u00e3 de 7\" para publicidade . <\/span><\/p>\n<p style=\"margin-bottom:0;text-align:justify\"><span style=\"font-family:\u7b49\u7ebf;font-size:16px\">1<\/span><span style=\"font-family:Calibri;font-size:16px\">. Bra\u00e7o de 4 eixos . <\/span><\/p>\n<p style=\"margin-bottom:0;text-align:justify\"><span style=\"font-family:Calibri;font-size:16px\">2<\/span><span style=\"font-family:\u5b8b\u4f53;font-size:16px\">.<\/span><span style=\"font-family:Calibri;font-size:16px\">&nbsp;M\u00e1quina de sorvete expresso de 3 sabores HM706 .<\/span><\/p>\n<p style=\"margin-bottom:0;text-align:justify\"><span style=\"font-family:Calibri;font-size:16px\">3<\/span><span style=\"font-family:\u5b8b\u4f53;font-size:16px\">. <\/span><span style=\"font-family:Calibri;font-size:16px\">3 coberturas e 3 molhos . <\/span><\/p>\n<p style=\"margin-bottom:0;text-align:justify\"><span style=\"font-family:Calibri;font-size:16px\">4. Copo de gelado com colher 300pcs <\/span><\/p>\n<p style=\"margin-bottom:0;text-align:justify\"><span style=\"font-family:Calibri;font-size:16px\">5<\/span><span style=\"font-family:\u5b8b\u4f53;font-size:16px\">. sistema de pagamento: <\/span><span style=\"font-family:Calibri;font-size:16px\">c\u00e9dula, moeda de troca de moeda, cart\u00e3o de cr\u00e9dito com interface. <\/span><\/p>\n<p style=\"margin-bottom:0;text-align:justify\"><span style=\"font-family:Calibri;font-size:16px\">6<\/span><span style=\"font-family:\u5b8b\u4f53;font-size:16px\">.podemos fazer OEM personalizado a caixa como voc\u00ea .<\/span><\/p>\n<p style=\"margin-bottom:0;text-align:justify\"><span style=\"font-family: \u5b8b\u4f53;font-size: 16px\">7.<\/span><span style=\"font-family: Calibri;font-size: 16px\">&nbsp;com uma l\u00edngua diferente .<\/span><\/p>\n<p style=\"margin-bottom:0;text-align:justify\"><span style=\"font-family: Calibri;font-size: 16px\"><\/span><\/p>\n<p style=\"margin-bottom:0;text-align:justify\"><span style=\"font-family:\u5b8b\u4f53;font-size:14px\">A m\u00e1quina de gelados<\/span><span style=\"font-family:Calibri;font-size:14px\">&nbsp;<\/span><span style=\"font-family:\u5b8b\u4f53;font-size:14px\">fun\u00e7\u00e3o : &nbsp;<\/span><\/p>\n<p style=\"margin-bottom:0;text-align:justify\"><span style=\"font-family:\u5b8b\u4f53;font-size:14px\">\u25cf<\/span><span style=\"font-family:Calibri;font-size:14px\">P de Pr\u00e9-arrefecimento: Manter a temperatura da tremonha entre 2-5 <\/span><span style=\"font-family:\u5b8b\u4f53;font-size:14px\">\u2103<\/span><span style=\"font-family:Calibri;font-size:14px\">para manter o material na tremonha fresco durante o modo autom\u00e1tico e o modo de espera. A baixa temperatura pode prevenir a presen\u00e7a de bact\u00e9rias. &nbsp;&nbsp;&nbsp;&nbsp;&nbsp;&nbsp;&nbsp;&nbsp;&nbsp;&nbsp;&nbsp;&nbsp;&nbsp;&nbsp;&nbsp;&nbsp;&nbsp;&nbsp;&nbsp;&nbsp;&nbsp;&nbsp;&nbsp;&nbsp;&nbsp;&nbsp;&nbsp;&nbsp;&nbsp;&nbsp;&nbsp;&nbsp;&nbsp;&nbsp;&nbsp;&nbsp;&nbsp;&nbsp;&nbsp;&nbsp;&nbsp;&nbsp;&nbsp;&nbsp;&nbsp;&nbsp;&nbsp;&nbsp;&nbsp;&nbsp;&nbsp;&nbsp;&nbsp;&nbsp;&nbsp;&nbsp;&nbsp;&nbsp;&nbsp;&nbsp;&nbsp;&nbsp;&nbsp;&nbsp;&nbsp;&nbsp;&nbsp;&nbsp;&nbsp;&nbsp;&nbsp;&nbsp;&nbsp;&nbsp;&nbsp;&nbsp;&nbsp;&nbsp;&nbsp;&nbsp;&nbsp;&nbsp;&nbsp;&nbsp;&nbsp;&nbsp;&nbsp;&nbsp;&nbsp;&nbsp;&nbsp;&nbsp;&nbsp;&nbsp;&nbsp;&nbsp;&nbsp;&nbsp;&nbsp;&nbsp;&nbsp;&nbsp;&nbsp;&nbsp;&nbsp;&nbsp;&nbsp;&nbsp;&nbsp;&nbsp;&nbsp;&nbsp;&nbsp;&nbsp;&nbsp;&nbsp;&nbsp;&nbsp;&nbsp;&nbsp;&nbsp;&nbsp;&nbsp;&nbsp;&nbsp;&nbsp;&nbsp;&nbsp;<\/span><\/p>\n<p style=\"margin-bottom:0;text-align:justify\"><span style=\"font-family:Calibri;font-size:14px\">&nbsp;<\/span><span style=\"font-family:\u5b8b\u4f53;font-size:14px\">\u25cf<\/span><span style=\"font-family:Calibri;font-size:14px\">M de misturador: Misturar uniformemente. O misturador de alta velocidade no funil mant\u00e9m o material fluindo no funil em caso de cobertura. O gelado ficar\u00e1 mais suave depois de misturado completamente com ar. &nbsp;&nbsp;&nbsp;&nbsp;&nbsp;&nbsp;&nbsp;&nbsp;&nbsp;&nbsp;<\/span><\/p>\n<p style=\"margin-bottom:0;text-align:justify\"><span style=\"font-family:\u5b8b\u4f53;font-size:14px\">\u25cf<\/span><span style=\"font-family:Calibri;font-size:14px\">C de Contador: Permite ao operador ver o n\u00famero de por\u00e7\u00f5es distribu\u00eddas.<\/span><\/p>\n<p style=\"margin-bottom:0;text-align:justify\"><span style=\"font-family:\u5b8b\u4f53;font-size:14px\">\u25cf<\/span><span style=\"font-family:Calibri;font-size:14px\">P de Pr\u00e9-arrefecimento: Manter a temperatura da tremonha entre 2-5 <\/span><span style=\"font-family:\u5b8b\u4f53;font-size:14px\">\u2103<\/span><span style=\"font-family:Calibri;font-size:14px\">para manter o material na tremonha fresco durante o modo autom\u00e1tico e o modo de espera. A baixa temperatura pode prevenir a presen\u00e7a de bact\u00e9rias. &nbsp;&nbsp;&nbsp;&nbsp;&nbsp;&nbsp;&nbsp;&nbsp;&nbsp;&nbsp;&nbsp;&nbsp;&nbsp;&nbsp;&nbsp;&nbsp;&nbsp;&nbsp;&nbsp;&nbsp;&nbsp;&nbsp;&nbsp;&nbsp;&nbsp;&nbsp;&nbsp;&nbsp;&nbsp;&nbsp;&nbsp;&nbsp;&nbsp;&nbsp;&nbsp;&nbsp;&nbsp;&nbsp;&nbsp;&nbsp;&nbsp;&nbsp;&nbsp;&nbsp;&nbsp;&nbsp;&nbsp;&nbsp;&nbsp;&nbsp;&nbsp;&nbsp;&nbsp;&nbsp;&nbsp;&nbsp;&nbsp;&nbsp;&nbsp;&nbsp;&nbsp;&nbsp;&nbsp;&nbsp;&nbsp;&nbsp;&nbsp;&nbsp;&nbsp;&nbsp;&nbsp;&nbsp;&nbsp;&nbsp;&nbsp;&nbsp;&nbsp;&nbsp;&nbsp;&nbsp;&nbsp;&nbsp;&nbsp;&nbsp;&nbsp;&nbsp;&nbsp;&nbsp;&nbsp;&nbsp;&nbsp;&nbsp;&nbsp;&nbsp;&nbsp;&nbsp;&nbsp;&nbsp;&nbsp;&nbsp;&nbsp;&nbsp;&nbsp;&nbsp;&nbsp;&nbsp;&nbsp;&nbsp;&nbsp;&nbsp;&nbsp;&nbsp;&nbsp;&nbsp;&nbsp;&nbsp;&nbsp;&nbsp;&nbsp;&nbsp;&nbsp;&nbsp;&nbsp;&nbsp;&nbsp;&nbsp;&nbsp;&nbsp;&nbsp;&nbsp;&nbsp;<\/span><\/p>\n<p style=\"margin-bottom:0;text-align:justify\"><span style=\"font-family:Calibri;font-size:14px\">&nbsp;<\/span><span style=\"font-family:\u5b8b\u4f53;font-size:14px\">\u25cf<\/span><span style=\"font-family:Calibri;font-size:14px\">&nbsp;M de misturador: Misturar uniformemente. O misturador de alta velocidade no funil mant\u00e9m o material fluindo no funil em caso de cobertura. O gelado ficar\u00e1 mais suave depois de misturado completamente com ar. &nbsp;&nbsp;&nbsp;&nbsp;&nbsp;&nbsp;&nbsp;&nbsp;&nbsp;&nbsp;<\/span><\/p>\n<p style=\"margin-bottom:0;text-align:justify\"><span style=\"font-family:\u5b8b\u4f53;font-size:14px\">\u25cf<\/span><span style=\"font-family:Calibri;font-size:14px\">C de Contador: Permite ao operador ver o n\u00famero de por\u00e7\u00f5es distribu\u00eddas.<\/span><\/p>\n<p style=\"margin-bottom:0\"><span style=\"font-family:\u5b8b\u4f53;font-size:14px\">\u25cf<\/span><span style=\"font-family:\u5b8b\u4f53;font-size:14px\">D para descongelar: Esta fun\u00e7\u00e3o pode derreter rapidamente o gelado no cilindro do congelador, transformando-o em l\u00edquido, o que reduz significativamente os restos de gelado antes da lavagem. Para al\u00e9m disso,&nbsp;<\/span><\/p>\n<p style=\"margin-bottom:0\"><span style=\"font-family:\u5b8b\u4f53;font-size:14px\">Se a m\u00e1quina n\u00e3o funcionar durante muito tempo, entra em modo de produ\u00e7\u00e3o para reproduzir o gelado no cilindro, tornando-o macio e suave<\/span><\/p>\n<p style=\"margin-bottom:0\"><span style=\"font-family:\u5b8b\u4f53;font-size:14px\">\u25cf<\/span><span style=\"font-family:\u5b8b\u4f53;font-size:14px\">D de Desinfe\u00e7\u00e3o: Deitar \u00e1gua na tremonha, que subir\u00e1 at\u00e9 30<\/span><span style=\"font-family:\u5b8b\u4f53;font-size:14px\">\u2103<\/span><span style=\"font-family:\u5b8b\u4f53;font-size:14px\">&nbsp;para limpar a m\u00e1quina. N\u00e3o \u00e9 necess\u00e1rio retirar a garganta para limpar a m\u00e1quina.<\/span><\/p>\n<p style=\"margin-bottom:0\"><span style=\"font-family:\u5b8b\u4f53;font-size:14px\">\u25cf<\/span><span style=\"font-family:\u5b8b\u4f53;font-size:14px\">Controlo do ecr\u00e3 de bloqueio: Depois de definir todas as informa\u00e7\u00f5es conforme pretendido, estas n\u00e3o podem ser facilmente alteradas por outras pessoas.<\/span><\/p>\n<p style=\"margin-bottom:0;text-align:justify\"><span style=\"font-family:\u5b8b\u4f53;font-size:14px\">\u25cf<\/span><span style=\"font-family:\u5b8b\u4f53;font-size:14px\">Alarme sonoro: Quando o material \u00e9 inferior ao sensor de n\u00edvel, \u00e9 emitido um alarme para avisar que est\u00e1 a adicionar material<\/span><\/p>\n<p><span style=\"font-family:\u5b8b\u4f53;font-size:14px\">\u25cf<\/span><span style=\"font-family:\u5b8b\u4f53;font-size:14px\">&nbsp;Batedor em a\u00e7o inoxid\u00e1vel&nbsp;<\/span><\/p>\n<p><span style=\"font-family:\u5b8b\u4f53;font-size:14px\">\u25cf<\/span><span style=\"font-family:\u5b8b\u4f53;font-size:14px\">&nbsp;Chapa de a\u00e7o inoxid\u00e1vel para a cobertura exterior.&nbsp; &nbsp; &nbsp; &nbsp; &nbsp; &nbsp; &nbsp; &nbsp; &nbsp; &nbsp; &nbsp; &nbsp; &nbsp; &nbsp; &nbsp; &nbsp; &nbsp; &nbsp; &nbsp; &nbsp; &nbsp; &nbsp; &nbsp; &nbsp; &nbsp; &nbsp; &nbsp; &nbsp; &nbsp; &nbsp; &nbsp; &nbsp; &nbsp; &nbsp; &nbsp; &nbsp; &nbsp; &nbsp; &nbsp; &nbsp; &nbsp; &nbsp; &nbsp; &nbsp; &nbsp; &nbsp; &nbsp; &nbsp; &nbsp; &nbsp; &nbsp; &nbsp; &nbsp; &nbsp; &nbsp;<\/span><\/p>\n<p><span style=\"font-family:\u5b8b\u4f53;font-size:14px\">\u25cf<\/span><span style=\"font-family:\u5b8b\u4f53;font-size:14px\">&nbsp;Material do dep\u00f3sito: 13L * 2<\/span><\/p>\n<p><span style=\"font-family:\u5b8b\u4f53;font-size:14px\">\u25cf<\/span><span style=\"font-family:\u5b8b\u4f53;font-size:14px\">&nbsp;Controlador de ecr\u00e3 t\u00e1til&nbsp;<\/span><\/p>\n<p><span style=\"font-family:\u5b8b\u4f53;font-size:14px\">\u25cf<\/span><span style=\"font-family:\u5b8b\u4f53;font-size:14px\">&nbsp;Sensor de prote\u00e7\u00e3o da press\u00e3o&nbsp; &nbsp;&nbsp;<\/span><\/p>\n<p><span style=\"font-family:\u5b8b\u4f53;font-size:14px\">\u25cf<\/span><span style=\"font-family:\u5b8b\u4f53;font-size:14px\">&nbsp;Indicador do n\u00edvel de mistura&nbsp; &nbsp;&nbsp;<\/span><\/p>\n<p><span style=\"font-family:\u5b8b\u4f53;font-size:14px\">\u25cf<\/span><span style=\"font-family:\u5b8b\u4f53;font-size:14px\">&nbsp;Compressor principal fabricado em Fran\u00e7a &nbsp;<\/span><span style=\"font-family:\u5b8b\u4f53;font-size:14px\">\uff08<\/span><span style=\"font-family:\u5b8b\u4f53;font-size:14px\">&nbsp;a m\u00e1quina tem 3 compressores para controlo separado de cada cilindro)<\/span><\/p>\n<p style=\"margin-bottom:0;text-align:justify\"><span style=\"font-family: Calibri;font-size: 16px\"><br \/><\/span><\/p>\n<p style=\"margin-bottom:0;text-align:justify\"><span style=\"font-family:\u5b8b\u4f53;font-size:16px\"><\/span><\/p>\n<p style=\"margin-bottom:0;text-align:justify\"><\/p>\n<p style=\"margin-bottom:0;text-align:justify\"><\/p>\n<p><span style=\"font-family:\u5b8b\u4f53;font-size:29px\">Vantagem do produto:<\/span><\/p>\n<p><span style=\"font-family:Calibri;font-size:16px\">1.&nbsp;<\/span><span style=\"font-family:Calibri;font-size:16px\">Descongela\u00e7\u00e3o<\/span><span style=\"font-family:\u5b8b\u4f53;font-size:16px\">Quando a m\u00e1quina est\u00e1 a funcionar durante 2 horas e n\u00e3o vende gelado, o cilindro fica bloqueado durante algum tempo, configuramos o sistema de descongela\u00e7\u00e3o autom\u00e1tica, para que a m\u00e1quina possa continuar a funcionar e descongelar o gelo interior e fazer gelado ou iogurte congelado de boa qualidade. <\/span><\/p>\n<p><img loading=\"lazy\" decoding=\"async\" src=\"https:\/\/www.hommy.com\/wp-content\/uploads\/16431775403625.png\" title=\"\" alt=\"produto-Hommy-img\" width=\"350\" height=\"206\" border=\"0\" vspace=\"0\" style=\"width: 350px;height: 206px\"><\/p>\n<p><span style=\"font-family:\u5b8b\u4f53;font-size:16px\">2.<\/span><span style=\"font-family:\u5b8b\u4f53;font-size:16px\">Tubo expandido: ajust\u00e1vel de 20% a 40%, reduz a gera\u00e7\u00e3o de cristais de gelo, faz com que o iogurte congelado (gelado) tenha um sabor suave e um aspeto branco; reduz a utiliza\u00e7\u00e3o de mat\u00e9rias-primas, aumenta os lucros.<\/span><\/p>\n<p><span style=\"font-family:\u5b8b\u4f53;font-size:16px\"><img loading=\"lazy\" decoding=\"async\" src=\"https:\/\/www.hommy.com\/wp-content\/uploads\/16431775659016.jpg\" title=\"\" alt=\"produto-Hommy-img\" width=\"350\" height=\"1000\" border=\"0\" vspace=\"0\" style=\"width: 350px;height: 1000px\"><\/span><\/p>\n<p><span style=\"font-family:\u5b8b\u4f53;font-size:16px\">3.<\/span><span style=\"font-family:\u5b8b\u4f53;font-size:16px\">Se vender gelados \u00e0 noite, o sistema configura automaticamente a pasteuriza\u00e7\u00e3o: Pode matar <\/span><span style=\"font-family:Calibri;font-size:16px\">a bact\u00e9ria <\/span><span style=\"font-family:\u5b8b\u4f53;font-size:16px\">que <\/span><span style=\"font-family:Calibri;font-size:16px\">produzir<\/span><span style=\"font-family:\u5b8b\u4f53;font-size:16px\">&nbsp;<\/span><span style=\"font-family:Calibri;font-size:16px\">no interior da m\u00e1quina<\/span><span style=\"font-family:\u5b8b\u4f53;font-size:16px\">&nbsp;de -5<\/span><span style=\"font-family:\u5b8b\u4f53;font-size:16px\">\u2103<\/span><span style=\"font-family:\u5b8b\u4f53;font-size:16px\">&nbsp;<\/span><span style=\"font-family:Arial;font-size:16px\">\u2192<\/span><span style=\"font-family:\u5b8b\u4f53;font-size:16px\">&nbsp;<\/span><span style=\"font-family:\u5b8b\u4f53;font-size:16px\">65<\/span><span style=\"font-family:\u5b8b\u4f53;font-size:16px\">\u2103<\/span><span style=\"font-family:Arial;font-size:16px\">\u2192<\/span><span style=\"font-family:\u5b8b\u4f53;font-size:16px\">&nbsp;-5<\/span><span style=\"font-family:\u5b8b\u4f53;font-size:16px\">\u2103<\/span><span style=\"font-family:Calibri;font-size:16px\">processo<\/span><span style=\"font-family:\u5b8b\u4f53;font-size:16px\">&nbsp;(desinfetar o cilindro de carga e a mat\u00e9ria-prima no interior, depois refrigerar at\u00e9 ao estado de reserva). <\/span><\/p>\n<p><img loading=\"lazy\" decoding=\"async\" src=\"https:\/\/www.hommy.com\/wp-content\/uploads\/16431776004768.png\" title=\"\" alt=\"produto-M\u00e1quina rob\u00f4 de venda autom\u00e1tica de gelados-Hommy-img\" width=\"350\" height=\"289\" border=\"0\" vspace=\"0\" style=\"width: 350px;height: 289px\"><\/p>\n<p><span style=\"font-family:\u5b8b\u4f53;font-size:16px\">4.<\/span><span style=\"font-family:\u5b8b\u4f53;font-size:16px\">Deixar o incens\u00e1rio ter <\/span><span style=\"font-family:Calibri;font-size:16px\">Segunda fase, a primeira fase do alarme de n\u00edvel de material em falta, a segunda fase do encerramento autom\u00e1tico.<\/span><span style=\"font-family:\u5b8b\u4f53;font-size:16px\">&nbsp;Quando receber a primeira mensagem, tem algum tempo para adicionar material, n\u00e3o precisa de deixar a m\u00e1quina parar para a trabalhar.<\/span><\/p>\n<p><span style=\"font-family:\u5b8b\u4f53;font-size:16px\"><img loading=\"lazy\" decoding=\"async\" src=\"https:\/\/www.hommy.com\/wp-content\/uploads\/16431776407939.jpg\" title=\"\" alt=\"produto-Hommy-img\" width=\"350\" height=\"1920\" border=\"0\" vspace=\"0\" style=\"width: 350px;height: 1920px\"><\/span><\/p>\n<p><span style=\"font-family:\u5b8b\u4f53;font-size:16px\">5.<\/span><span style=\"font-family:\u5b8b\u4f53;font-size:16px\">A m\u00e1quina tem uma fun\u00e7\u00e3o de promo\u00e7\u00e3o, que pode ser configurada de segunda a sexta-feira, das 10:00 \u00e0s 12:00, para comprar gelado com algum desconto <\/span><\/p>\n<p><span style=\"font-family:\u5b8b\u4f53;font-size:16px\">Isso pode ajud\u00e1-lo a adicionar a quantidade vendida. <\/span><\/p>\n<p><img loading=\"lazy\" decoding=\"async\" src=\"https:\/\/www.hommy.com\/wp-content\/uploads\/16431776807330.png\" title=\"\" alt=\"produto-Hommy-Robot m\u00e1quina de venda autom\u00e1tica de gelados-img\" width=\"350\" height=\"263\" border=\"0\" vspace=\"0\" style=\"width: 350px;height: 263px\"><\/p>\n<p><span style=\"font-family:\u5b8b\u4f53;font-size:16px\">6.<\/span><span style=\"font-family:\u5b8b\u4f53;font-size:16px\">O interior da m\u00e1quina tem mais idiomas para escolher: Chin\u00eas, Ingl\u00eas, Pol\u00f3nia, Ar\u00e1bia Saudita, Mal\u00e1sia, Tail\u00e2ndia, Espanha.<\/span><\/p>\n<p><img loading=\"lazy\" decoding=\"async\" src=\"https:\/\/www.hommy.com\/wp-content\/uploads\/16431777088028.png\" title=\"\" alt=\"produto-Hommy-img-1\" width=\"350\" height=\"421\" border=\"0\" vspace=\"0\" style=\"width: 350px;height: 421px\"><\/p>\n<\/p><\/div>","protected":false},"excerpt":{"rendered":"<p>Ice cream machine robot https:\/\/youtu.be\/Xqo74RBQzXE&nbsp; &nbsp; &nbsp;These machines are widely used for the automation of the ice cream dispensing process. Robotic arm ice cream vending machines are used to dispense the ice cream in a controlled manner, ensuring a uniform distribution of the ice cream. They are ideal for small to medium-sized business that need [&hellip;]<\/p>\n","protected":false},"featured_media":1968,"comment_status":"open","ping_status":"open","template":"","meta":{"_swt_meta_header_display":false,"_swt_meta_footer_display":false,"_swt_meta_site_title_display":false,"_swt_meta_sticky_header":false,"_swt_meta_transparent_header":false},"product_brand":[],"product_cat":[88,68],"product_tag":[],"class_list":{"0":"post-988","1":"product","2":"type-product","3":"status-publish","4":"has-post-thumbnail","6":"product_cat-robot-ice-cream-shop","7":"product_cat-vending-machine","9":"first","10":"instock","11":"shipping-taxable","12":"product-type-simple"},"_links":{"self":[{"href":"https:\/\/www.hommy.com\/pt\/wp-json\/wp\/v2\/product\/988","targetHints":{"allow":["GET"]}}],"collection":[{"href":"https:\/\/www.hommy.com\/pt\/wp-json\/wp\/v2\/product"}],"about":[{"href":"https:\/\/www.hommy.com\/pt\/wp-json\/wp\/v2\/types\/product"}],"replies":[{"embeddable":true,"href":"https:\/\/www.hommy.com\/pt\/wp-json\/wp\/v2\/comments?post=988"}],"wp:featuredmedia":[{"embeddable":true,"href":"https:\/\/www.hommy.com\/pt\/wp-json\/wp\/v2\/media\/1968"}],"wp:attachment":[{"href":"https:\/\/www.hommy.com\/pt\/wp-json\/wp\/v2\/media?parent=988"}],"wp:term":[{"taxonomy":"product_brand","embeddable":true,"href":"https:\/\/www.hommy.com\/pt\/wp-json\/wp\/v2\/product_brand?post=988"},{"taxonomy":"product_cat","embeddable":true,"href":"https:\/\/www.hommy.com\/pt\/wp-json\/wp\/v2\/product_cat?post=988"},{"taxonomy":"product_tag","embeddable":true,"href":"https:\/\/www.hommy.com\/pt\/wp-json\/wp\/v2\/product_tag?post=988"}],"curies":[{"name":"wp","href":"https:\/\/api.w.org\/{rel}","templated":true}]}}