{"id":980,"date":"2024-07-02T17:29:32","date_gmt":"2024-07-02T17:29:32","guid":{"rendered":"http:\/\/localhost\/hommywp\/bdpop-b-4-heads-mould-baking-ice-cream-cone-machinery-price-list\/"},"modified":"2025-08-01T09:57:48","modified_gmt":"2025-08-01T09:57:48","slug":"maquina-de-fazer-cones-de-gelado-bdpop-b","status":"publish","type":"product","link":"https:\/\/www.hommy.com\/pt\/p\/maquina-de-fazer-cones-de-gelado-bdpop-b\/","title":{"rendered":"Bdpop-B 4 Cabe\u00e7as Molde para Assar Cone de Sorvete Lista de Pre\u00e7os"},"content":{"rendered":"<div>\n<p><\/p>\n<h2 style=\"text-align: center\"><strong><span style=\"font-family: arial, helvetica, sans-serif;font-size: 24px\"><span style=\"font-family: arial, helvetica, sans-serif\"><a name=\"Ice Cream Cone Maker\"><\/a>I<\/span><span style=\"font-family: arial, helvetica, sans-serif;letter-spacing: 0px\">M\u00e1quina de fazer cones de gelado<\/span><\/span><\/strong><\/h2>\n<p style=\"text-align: center\"><a href=\"#Ice Cream Cone Maker\" target=\"_self\" data-lv=\"0\" rel=\"noopener\"><span style=\"font-size: 16px\">M\u00e1quina de fazer cones de gelado<\/span><\/a><span style=\"font-size: 16px\">|<a href=\"#Ice Cream Cone Machine\" target=\"_self\" data-lv=\"0\" rel=\"noopener\">M\u00e1quina de fazer cones de gelado<\/a>|<a href=\"#Product specification\" target=\"_self\" data-lv=\"0\" rel=\"noopener\">Especifica\u00e7\u00e3o do produto<\/a>|<a href=\"#Product making\" target=\"_self\" data-lv=\"0\" rel=\"noopener\">Fabrico de produtos<\/a><\/span><\/p>\n<p><\/p>\n<p><\/p>\n<p style=\"text-align: center\">&nbsp;&nbsp;&nbsp;&nbsp;<\/p>\n<p>O nosso principal objetivo \u00e9 oferecer a melhor qualidade de molde de sorvete para cone aos nossos valiosos clientes. A nossa f\u00e1brica est\u00e1 bem equipada com a mais recente tecnologia e maquinaria para fabricar moldes para gelado em cone de uma forma rent\u00e1vel. A m\u00e1quina oferecida \u00e9 fabricada utilizando mat\u00e9rias-primas de alta qualidade e t\u00e9cnicas modernas sob a orienta\u00e7\u00e3o de profissionais experientes. Esta m\u00e1quina est\u00e1 dispon\u00edvel em diferentes tamanhos e modelos de acordo com as exig\u00eancias dos nossos clientes.<\/p>\n<p><\/p>\n<p>A m\u00e1quina oferecida \u00e9 fabricada usando material de qualidade e t\u00e9cnicas modernas de acordo com as normas internacionais de qualidade.<\/p>\n<p><\/p>\n<div class=\"d-tem01-graphic tem01-graphic mockup\" data-detail=\"wrap\">\n<div class=\"cont-section clearfix d-clearfix\">\n<div class=\"col-md-6 col-sm-6 col-xs-6\"><\/p>\n<div class=\"graphic_pic animated wow bounceIn\" data-wow-delay=\".7s\">\n<p style=\"text-align:center\"><img loading=\"lazy\" decoding=\"async\" src=\"https:\/\/www.hommy.com\/wp-content\/uploads\/16034196664709.png\" alt=\"produto-BDPOP-B m\u00e1quina de fazer cones de gelado-Hommy-img\" title=\"\" width=\"500\" height=\"450\" border=\"0\" vspace=\"0\" style=\"width: 500px;height: 450px\"><\/p>\n<\/div>\n<\/div>\n<div class=\"col-md-6 col-sm-6 col-xs-6\">\n<div class=\"right-p\">\n<div class=\"h2 heading\">\n<p><span style=\"font-family: arial, helvetica, sans-serif;font-size: 24px\"><strong><a name=\"Ice Cream Cone Machine\"><\/a>Gelo <\/strong><strong>M\u00e1quina de cones de creme<\/strong><\/span><\/p>\n<p><span style=\"font-family: arial, helvetica, sans-serif;font-size: 24px\"><strong><br \/><\/strong><\/span><\/p>\n<p style=\"margin-left:32px\"><span style=\"font-family: Calibri;font-size: 16px\">- A m\u00e1quina semi-autom\u00e1tica \u00e9 usada para cozer cones de gelado, cones de a\u00e7\u00facar e copos.<\/span><\/p>\n<p style=\"margin-left:32px\"><span style=\"font-family: Calibri;font-size: 16px\">- Uma unidade de molde pode cozer e produzir apenas um tipo de cone\/copo.<\/span><\/p>\n<p><span style=\"font-family: arial, helvetica, sans-serif;font-size: 16px\"><span style=\"font-family: Calibri;font-size: 16px\">&nbsp;Esta m\u00e1quina \u00e9 de f\u00e1cil opera\u00e7\u00e3o, pode ser facilmente <\/span><span style=\"font-family: \u5b8b\u4f53;font-size: 16px\">para <\/span><span style=\"font-family: Calibri;font-size: 16px\">operado por qualquer operador n\u00e3o qualificado, executando algumas tarefas simples .<\/span><\/span><\/p>\n<p style=\"margin-left:32px\"><span style=\"font-family: Calibri;font-size: 16px\">- Podemos basear-nos na forma do cone, log\u00f3tipo e tamanho do cliente para o fabricar.<\/span><\/p>\n<p style=\"margin-left:32px\"><span style=\"font-family: Calibri;font-size: 16px\">- \u00c9 poss\u00edvel encomendar uma m\u00e1quina com um molde de forma diferente, os moldes superior e inferior s\u00e3o intermut\u00e1veis. Em duas\/tr\u00eas horas pode mudar toda a unidade de molde e come\u00e7ar a produzir com outro tipo de cone.<\/span><\/p>\n<p style=\"margin-left:32px\"><span style=\"font-family: Calibri;font-size: 16px\">- O aquecimento \u00e9 efectuado por aquecedores el\u00e9ctricos concebidos para otimizar a utiliza\u00e7\u00e3o de energia e a distribui\u00e7\u00e3o t\u00e9rmica, sendo suficientemente flex\u00edvel para uma produ\u00e7\u00e3o elevada e ininterrupta durante 24 horas.<\/span><\/p>\n<p style=\"margin-left:32px\"><span style=\"font-family: Calibri;font-size: 16px\">- Molde de cone in\u00f3cuo dur\u00e1vel, de acordo com as normas sanit\u00e1rias, fabricado em alum\u00ednio.<\/span><\/p>\n<p style=\"margin-left:32px\"><span style=\"font-family: arial, helvetica, sans-serif;font-size: 16px\"><span style=\"font-family: Calibri;font-size: 16px\">- com base na forma do cone para ajustar a temperatura e definir o tempo para controlar o cone<\/span><span style=\"font-family: \u5b8b\u4f53;font-size: 16px\">&nbsp;<\/span><span style=\"font-family: Calibri;font-size: 16px\">forma e dureza .<\/span><\/span><\/p>\n<\/div>\n<\/div>\n<p>&nbsp; &nbsp; &nbsp; &nbsp; &nbsp; &nbsp;<\/p><\/div>\n<\/div>\n<\/div>\n<p><span style=\"font-family: arial, helvetica, sans-serif;font-size: 24px\"><strong><span style=\"font-family: arial, helvetica, sans-serif;letter-spacing: 0px\"><a name=\"Product specification\"><\/a>Especifica\u00e7\u00e3o do produto<\/span><\/strong><\/span><\/p>\n<p><span style=\"font-family: arial, helvetica, sans-serif;font-size: 24px\"><strong><span style=\"font-family: arial, helvetica, sans-serif;letter-spacing: 0px\"><br \/><\/span><\/strong><\/span><\/p>\n<p><span style=\"font-family: arial, helvetica, sans-serif;font-size: 24px\"><strong><span style=\"font-family: arial, helvetica, sans-serif;letter-spacing: 0px\"><img loading=\"lazy\" decoding=\"async\" src=\"https:\/\/www.hommy.com\/wp-content\/uploads\/16034194719148.png\" title=\"\" alt=\"produto-Hommy-img\" width=\"1000\" height=\"494\" border=\"0\" vspace=\"0\" style=\"width: 1000px;height: 494px\"><\/span><\/strong><\/span><\/p>\n<p><span style=\"font-family: arial, helvetica, sans-serif;font-size: 24px\"><strong><span style=\"font-family: arial, helvetica, sans-serif;letter-spacing: 0px\"><br \/><\/span><\/strong><\/span><\/p>\n<p><span style=\"font-family: arial, helvetica, sans-serif;font-size: 24px\"><strong><span style=\"font-family: arial, helvetica, sans-serif;letter-spacing: 0px\"><\/span><\/strong><\/span><\/p>\n<p style=\"margin-top:0;margin-right:0;margin-bottom:0;margin-left:0;text-indent:0;text-align:justify\"><span style=\"font-family: arial, helvetica, sans-serif;font-size: 24px\"><strong><span style=\"font-family: arial, helvetica, sans-serif;letter-spacing: 0px\"><a name=\"Product making\"><\/a>Fabrico de produtos<\/span><\/strong><\/span><\/p>\n<p style=\"margin-top:0;margin-right:0;margin-bottom:0;margin-left:0;text-indent:0;text-align:justify\"><span style=\"font-family: arial, helvetica, sans-serif;font-size: 24px\"><strong><span style=\"font-family: arial, helvetica, sans-serif;letter-spacing: 0px\"><br \/><\/span><\/strong><\/span><\/p>\n<p style=\"text-indent: 0;padding: 0;line-height: 30px\"><span style=\"font-family: arial, helvetica, sans-serif;font-size: 16px\"><strong><span style=\"font-family: Arial;letter-spacing: 0px\">Al\u00e9m disso, engenheiros altamente qualificados, tecn\u00f3logos competentes e pessoal experiente contribuem muito para o desenvolvimento da empresa.<\/span><\/strong><\/span><\/p>\n<p style=\"margin-top:0;margin-right:0;margin-bottom:0;margin-left:0;line-height:28px\"><span style=\"font-family: arial, helvetica, sans-serif;font-size: 16px\"><strong><span style=\"font-family: Arial;letter-spacing: 0px;font-size: 14px\">Breve introdu\u00e7\u00e3o sobre o funcionamento da m\u00e1quina de fazer cones<\/span><\/strong><\/span><\/p>\n<p style=\"margin-top:0;margin-right:0;margin-bottom:0;margin-left:0;line-height:28px\"><span style=\"font-family: arial, helvetica, sans-serif;font-size: 16px\"><strong><span style=\"font-family: Arial;letter-spacing: 0px;font-size: 14px\"><br \/><\/span><\/strong><\/span><\/p>\n<p style=\"margin-top:0;margin-right:0;margin-bottom:0;margin-left:0\"><span style=\"letter-spacing: 0px;font-family: arial, helvetica, sans-serif;font-size: 16px\">1. ligar a alimenta\u00e7\u00e3o e o contentor na parte de tr\u00e1s da m\u00e1quina. Em seguida, abrir o molde e lubrificar os moldes c\u00f3nicos com \u00f3leo vegetal.<\/span><\/p>\n<p style=\"margin-top:0;margin-right:0;margin-bottom:0;margin-left:0\"><span style=\"font-family: arial, helvetica, sans-serif;font-size: 16px\">&nbsp;<\/span><\/p>\n<p style=\"margin-top:0;margin-right:0;margin-bottom:0;margin-left:0\"><span style=\"letter-spacing: 0px;font-family: arial, helvetica, sans-serif;font-size: 16px\">2. fechar os moldes e deixar a m\u00e1quina pr\u00e9-aquecer durante 15-20 minutos.<\/span><\/p>\n<p style=\"margin-top:0;margin-right:0;margin-bottom:0;margin-left:0\"><span style=\"font-family: arial, helvetica, sans-serif;font-size: 16px\">&nbsp;<\/span><\/p>\n<p style=\"margin-top:0;margin-right:0;margin-bottom:0;margin-left:0\"><span style=\"letter-spacing: 0px;font-family: arial, helvetica, sans-serif;font-size: 16px\">3. abrir o molde superior<\/span><\/p>\n<p style=\"margin-top:0;margin-right:0;margin-bottom:0;margin-left:0\"><span style=\"font-family: arial, helvetica, sans-serif;font-size: 16px\">&nbsp;<\/span><\/p>\n<p style=\"margin-top:0;margin-right:0;margin-bottom:0;margin-left:0\"><span style=\"letter-spacing: 0px;font-family: arial, helvetica, sans-serif;font-size: 16px\">4. encher a mistura no alimentador e despej\u00e1-la no molde inferior<\/span><\/p>\n<p style=\"margin-top:0;margin-right:0;margin-bottom:0;margin-left:0\"><span style=\"font-family: arial, helvetica, sans-serif;font-size: 16px\">&nbsp;<\/span><\/p>\n<p style=\"margin-top:0;margin-right:0;margin-bottom:0;margin-left:0\"><span style=\"letter-spacing: 0px;font-family: arial, helvetica, sans-serif;font-size: 16px\">5. fechar o molde superior e deixar o aparelho cozer durante cerca de dois minutos.<\/span><\/p>\n<p style=\"margin-top:0;margin-right:0;margin-bottom:0;margin-left:0\"><span style=\"font-family: arial, helvetica, sans-serif;font-size: 16px\">&nbsp;<\/span><\/p>\n<p style=\"margin-top:0;margin-right:0;margin-bottom:0;margin-left:0\"><span style=\"letter-spacing: 0px;font-family: arial, helvetica, sans-serif;font-size: 16px\">6.Dois minutos mais tarde, o sinal sonoro tocar\u00e1 e a luz de aviso acender-se-\u00e1 para indicar que os cones est\u00e3o prontos. Abra o molde superior e o molde inferior.<\/span><\/p>\n<p style=\"margin-top:0;margin-right:0;margin-bottom:0;margin-left:0\"><span style=\"font-family: arial, helvetica, sans-serif;font-size: 16px\">&nbsp;<\/span><\/p>\n<p style=\"margin-top:0;margin-right:0;margin-bottom:0;margin-left:0\"><span style=\"letter-spacing: 0px;font-family: arial, helvetica, sans-serif;font-size: 16px\">7. os cones caem no escorrega e deslizam para o recipiente.<\/span><\/p>\n<p style=\"margin-top:0;margin-right:0;margin-bottom:0;margin-left:0\"><span style=\"letter-spacing: 0px;font-family: arial, helvetica, sans-serif;font-size: 16px\"><br \/><\/span><\/p>\n<p style=\"margin-top:0;margin-right:0;margin-bottom:0;margin-left:0\"><span style=\"letter-spacing: 0px;font-family: arial, helvetica, sans-serif;font-size: 16px\"><br \/><\/span><\/p>\n<p><span style=\"letter-spacing: 0px;font-family: arial, helvetica, sans-serif;font-size: 16px\">Documento\uff1a<\/span><img decoding=\"async\" src=\"https:\/\/www.hommy.com\/wp-content\/uploads\/icon_pdf-76.gif\" style=\"margin-right: 2px\" alt=\"produto-Hommy-img\" title=\"\"><a href=\"https:\/\/img80002414.weyesimg.com\/uploads\/www.hommy.com\/addon\/16034196021442.pdf\" title=\"16034196021442.pdf\" style=\"font-size: 12px\">16034196021442.pdf<\/a><\/p>\n<p><span style=\"letter-spacing: 0px;font-family: arial, helvetica, sans-serif;font-size: 16px\"><\/span><\/p>\n<h2>Porque \u00e9 que n\u00e3o se deve comer gelado?<\/h2>\n<p style=\"margin-top: 5px;margin-bottom: 5px\"><\/p>\n<p style=\"margin-top: 5px;margin-bottom: 5px\">Para come\u00e7ar, o gelado \u00e9 muito cal\u00f3rico. Uma bola de gelado tem quase 700 calorias e um litro tem cerca de 1000 calorias. Est\u00e1 cheio de a\u00e7\u00facar, sal e gordura. Tem tamb\u00e9m uma longa lista de ingredientes de que provavelmente nunca ouviu falar.<\/p>\n<p style=\"margin-top: 5px;margin-bottom: 5px\"><\/p>\n<p style=\"margin-top: 5px;margin-bottom: 5px\">Mas a principal raz\u00e3o pela qual n\u00e3o deve comer gelado \u00e9 o facto de estar cheio de aditivos que podem ser muito prejudiciais para a sua sa\u00fade.<\/p>\n<p style=\"margin-top: 5px;margin-bottom: 5px\"><\/p>\n<p style=\"margin-top: 5px;margin-bottom: 5px\">A verdade \u00e9 que os gelados que compramos nas lojas est\u00e3o muitas vezes cheios de ingredientes pouco saud\u00e1veis.<\/p>\n<p style=\"margin-top: 5px;margin-bottom: 5px\"><\/p>\n<p style=\"margin-top: 5px;margin-bottom: 5px\"><\/p>\n<h2>Quanto dinheiro \u00e9 necess\u00e1rio para montar uma f\u00e1brica de gelados?<\/h2>\n<p style=\"margin-top: 5px;margin-bottom: 5px\"><\/p>\n<p style=\"margin-top: 5px;margin-bottom: 5px\">Sabemos que o custo de cria\u00e7\u00e3o de uma f\u00e1brica depende de muitos factores, tais como a natureza do produto que se pretende produzir, a natureza das instala\u00e7\u00f5es de fabrico, a dimens\u00e3o da f\u00e1brica e o n\u00famero de pessoal necess\u00e1rio. O pre\u00e7o da cria\u00e7\u00e3o de uma f\u00e1brica de gelados depende do n\u00famero de funcion\u00e1rios e do volume de produ\u00e7\u00e3o. O custo de uma pequena f\u00e1brica \u00e9 geralmente de cerca de $1 milh\u00e3o, enquanto uma grande f\u00e1brica \u00e9 suscet\u00edvel de custar $10 milh\u00f5es ou mais.<\/p>\n<p style=\"margin-top: 5px;margin-bottom: 5px\"><\/p>\n<p style=\"margin-top: 5px;margin-bottom: 5px\">O gelado laminado \u00e9 mais saud\u00e1vel do que o gelado normal? Numa palavra: sim. O gelado \u00e9 feito com leite ou natas, ou uma combina\u00e7\u00e3o de ambos, e depois \u00e9 congelado. O ingrediente principal do gelado \u00e9 o leite ou as natas, e n\u00e3o o a\u00e7\u00facar, pelo que a adi\u00e7\u00e3o de a\u00e7\u00facares naturais de fruta ou xarope ter\u00e1 um efeito negligenci\u00e1vel no conte\u00fado cal\u00f3rico. No entanto, o a\u00e7\u00facar \u00e9 a principal raz\u00e3o pela qual o gelado \u00e9 t\u00e3o delicioso.<\/p>\n<\/div><\/div>","protected":false},"excerpt":{"rendered":"<p>Ice Cream Cone Maker Ice Cream Cone Maker|Ice Cream Cone Machine|Product specification|Product making &nbsp;&nbsp;&nbsp;&nbsp; Our main objective is to offer best quality of ice cream cone mould to our valuable customers. Our factory is well equipped with latest technology and machinery to manufacture ice cream cone mould in a cost effective manner. The offered machine [&hellip;]<\/p>\n","protected":false},"featured_media":977,"comment_status":"open","ping_status":"open","template":"","meta":{"_swt_meta_header_display":false,"_swt_meta_footer_display":false,"_swt_meta_site_title_display":false,"_swt_meta_sticky_header":false,"_swt_meta_transparent_header":false},"product_brand":[],"product_cat":[87],"product_tag":[],"class_list":{"0":"post-980","1":"product","2":"type-product","3":"status-publish","4":"has-post-thumbnail","6":"product_cat-ice-cream-cone-machine","8":"first","9":"instock","10":"shipping-taxable","11":"product-type-simple"},"_links":{"self":[{"href":"https:\/\/www.hommy.com\/pt\/wp-json\/wp\/v2\/product\/980","targetHints":{"allow":["GET"]}}],"collection":[{"href":"https:\/\/www.hommy.com\/pt\/wp-json\/wp\/v2\/product"}],"about":[{"href":"https:\/\/www.hommy.com\/pt\/wp-json\/wp\/v2\/types\/product"}],"replies":[{"embeddable":true,"href":"https:\/\/www.hommy.com\/pt\/wp-json\/wp\/v2\/comments?post=980"}],"wp:featuredmedia":[{"embeddable":true,"href":"https:\/\/www.hommy.com\/pt\/wp-json\/wp\/v2\/media\/977"}],"wp:attachment":[{"href":"https:\/\/www.hommy.com\/pt\/wp-json\/wp\/v2\/media?parent=980"}],"wp:term":[{"taxonomy":"product_brand","embeddable":true,"href":"https:\/\/www.hommy.com\/pt\/wp-json\/wp\/v2\/product_brand?post=980"},{"taxonomy":"product_cat","embeddable":true,"href":"https:\/\/www.hommy.com\/pt\/wp-json\/wp\/v2\/product_cat?post=980"},{"taxonomy":"product_tag","embeddable":true,"href":"https:\/\/www.hommy.com\/pt\/wp-json\/wp\/v2\/product_tag?post=980"}],"curies":[{"name":"wp","href":"https:\/\/api.w.org\/{rel}","templated":true}]}}