{"id":976,"date":"2024-07-02T17:29:28","date_gmt":"2024-07-02T17:29:28","guid":{"rendered":"http:\/\/localhost\/hommywp\/bdpop-c-10-heads-commercial-ice-cream-sugar-cone-maker\/"},"modified":"2025-08-01T09:57:48","modified_gmt":"2025-08-01T09:57:48","slug":"maquina-de-fazer-cones-de-gelado-bdpop-c","status":"publish","type":"product","link":"https:\/\/www.hommy.com\/pt\/p\/maquina-de-fazer-cones-de-gelado-bdpop-c\/","title":{"rendered":"Bdpop-C M\u00e1quina de fazer cones de gelado comercial de 10 cabe\u00e7as"},"content":{"rendered":"<div>\n<p><\/p>\n<p><\/p>\n<p style=\"text-align: center\"><strong><span style=\"font-family: arial, helvetica, sans-serif;font-size: 24px\"><span style=\"font-family: arial, helvetica, sans-serif\"><a name=\"Ice Cream Cone Maker\"><\/a>I<\/span><span style=\"font-family: arial, helvetica, sans-serif;letter-spacing: 0px\">M\u00e1quina de fazer cones de gelado<\/span><\/span><\/strong><\/p>\n<p style=\"text-align: center\"><a href=\"#Ice Cream Cone Maker\" target=\"_self\" data-lv=\"0\" rel=\"noopener\"><span style=\"font-family: arial, helvetica, sans-serif;font-size: 16px\">M\u00e1quina de fazer cones de gelado<\/span><\/a><span style=\"font-family: arial, helvetica, sans-serif;font-size: 16px\">|<a href=\"#Ice Cream Cone Machine\" target=\"_self\" data-lv=\"0\" rel=\"noopener\">M\u00e1quina de fazer cones de gelado<\/a>|<a href=\"#Product specification\" target=\"_self\" data-lv=\"0\" rel=\"noopener\">Especifica\u00e7\u00e3o do produto<\/a>|<a href=\"#Product making\" target=\"_self\" data-lv=\"0\" rel=\"noopener\">Fabrico de produtos<\/a><\/span><\/p>\n<p><\/p>\n<p style=\"text-align: center\">&nbsp;&nbsp;&nbsp;&nbsp;<\/p>\n<p>Se est\u00e1 \u00e0 procura de uma m\u00e1quina de fazer cones de gelado, veio ao s\u00edtio certo. A nossa sele\u00e7\u00e3o de m\u00e1quinas de fazer cones \u00e9 inigual\u00e1vel e estamos confiantes de que temos o modelo certo para as suas necessidades.<\/p>\n<p>Sabemos que a escolha do <a style=\"color:blue\" href=\"https:\/\/www.hommy.com\/pt\/maquina-de-fazer-cones-de-gelado\/\">m\u00e1quina de fazer cones de gelado<\/a> pode ser uma tarefa assustadora, mas estamos aqui para ajudar. A nossa equipa experiente est\u00e1 sempre dispon\u00edvel para responder a quaisquer quest\u00f5es que possa ter e certificar-se-\u00e1 de que encontra o fabricante de cones perfeito para o seu neg\u00f3cio.<\/p>\n<p>Ent\u00e3o, de que est\u00e1 \u00e0 espera? Venha at\u00e9 \u00e0 nossa loja e veja por si pr\u00f3prio porque \u00e9 que somos o melhor local para comprar uma m\u00e1quina de fazer cones de gelado. Garantimos que n\u00e3o ficar\u00e1 desiludido.<\/p>\n<p><\/p>\n<div class=\"d-tem01-graphic tem01-graphic mockup\" data-detail=\"wrap\">\n<div class=\"cont-section clearfix d-clearfix\">\n<div class=\"col-md-6 col-sm-6 col-xs-6\">\n<div class=\"right-p\">\n<div class=\"h2 heading\"><img decoding=\"async\" src=\"https:\/\/www.hommy.com\/wp-content\/uploads\/16034204435477.jpg\" alt=\"produto-BDPOP-C m\u00e1quina de fazer cones de gelado-Hommy-img\" style=\"font-size: 14px\" title=\"\"><span style=\"font-size: 14px\">&nbsp; &nbsp; &nbsp; &nbsp; &nbsp; &nbsp; &nbsp;<\/span><\/div>\n<\/div>\n<\/div>\n<div class=\"col-md-6 col-sm-6 col-xs-6\">\n<div class=\"right-p\">\n<div class=\"h2 heading\">\n<p><span style=\"font-family: arial, helvetica, sans-serif;font-size: 24px\"><strong><span style=\"font-family: arial, helvetica, sans-serif\"><a name=\"Ice Cream Cone Machine\"><\/a><\/span><\/strong><\/span><\/p>\n<p><span style=\"font-family: arial, helvetica, sans-serif;font-size: 24px\"><strong><span style=\"font-family: arial, helvetica, sans-serif\"><br \/><\/span><\/strong><\/span><\/p>\n<p><span style=\"font-family: arial, helvetica, sans-serif;font-size: 24px\"><strong><span style=\"font-family: arial, helvetica, sans-serif\">M\u00e1quina de fazer cones de gelado<\/span><\/strong><\/span><\/p>\n<p><strong><span style=\"font-family: Calibri;font-size: 19px\"><br \/><\/span><\/strong><\/p>\n<p style=\"margin-left:32px\"><span style=\"font-family:Calibri;font-size:16px\">- A m\u00e1quina semi-autom\u00e1tica \u00e9 usada para cozer cones de gelado, cones de a\u00e7\u00facar e copos.<\/span><\/p>\n<p style=\"margin-left:32px\"><span style=\"font-family:Calibri;font-size:16px\">- Uma unidade de molde pode cozer e produzir apenas um tipo de cone\/copo.<\/span><\/p>\n<p><span style=\"font-family:Calibri;font-size:16px\">&nbsp;Esta m\u00e1quina \u00e9 de f\u00e1cil opera\u00e7\u00e3o, pode ser facilmente <\/span><span style=\"font-family:\u5b8b\u4f53;font-size:16px\">para <\/span><span style=\"font-family:Calibri;font-size:16px\">operado por qualquer operador n\u00e3o qualificado, executando algumas tarefas simples .<\/span><\/p>\n<p style=\"margin-left:32px\"><span style=\"font-family:Calibri;font-size:16px\">- Podemos basear-nos na forma do cone, log\u00f3tipo e tamanho do cliente para o fabricar.<\/span><\/p>\n<p style=\"margin-left:32px\"><span style=\"font-family:Calibri;font-size:16px\">- \u00c9 poss\u00edvel encomendar uma m\u00e1quina com um molde de forma diferente, os moldes superior e inferior s\u00e3o intermut\u00e1veis. Em duas\/tr\u00eas horas pode mudar toda a unidade de molde e come\u00e7ar a produzir com outro tipo de cone.<\/span><\/p>\n<p style=\"margin-left:32px\"><span style=\"font-family:Calibri;font-size:16px\">- O aquecimento \u00e9 efectuado por aquecedores el\u00e9ctricos concebidos para otimizar a utiliza\u00e7\u00e3o de energia e a distribui\u00e7\u00e3o t\u00e9rmica, sendo suficientemente flex\u00edvel para uma produ\u00e7\u00e3o elevada e ininterrupta durante 24 horas.<\/span><\/p>\n<p style=\"margin-left:32px\"><span style=\"font-family:Calibri;font-size:16px\">- Molde de cone in\u00f3cuo dur\u00e1vel, de acordo com as normas sanit\u00e1rias, fabricado em alum\u00ednio.<\/span><\/p>\n<p style=\"margin-left:32px\"><span style=\"font-family:Calibri;font-size:16px\">- com base na forma do cone para ajustar a temperatura e definir o tempo para controlar o cone<\/span><span style=\"font-size: 16px\"><span style=\"font-family:\u5b8b\u4f53\">&nbsp;<\/span><\/span><span style=\"font-family:Calibri;font-size:16px\">forma e dureza .<\/span><\/p>\n<\/div>\n<\/div>\n<p>&nbsp; &nbsp; &nbsp; &nbsp; &nbsp; &nbsp;<\/p><\/div>\n<\/div>\n<\/div>\n<h2><strong><span style=\"letter-spacing: 0px;font-family: arial, helvetica, sans-serif;font-size: 24px\"><a name=\"Product specification\"><\/a>Especifica\u00e7\u00e3o do produto<\/span><\/strong><\/h2>\n<p><strong><span style=\"letter-spacing: 0px;font-family: arial, helvetica, sans-serif;font-size: 24px\"><img loading=\"lazy\" decoding=\"async\" src=\"https:\/\/www.hommy.com\/wp-content\/uploads\/16034204943236.png\" title=\"\" alt=\"produto-Hommy-img\" width=\"1000\" height=\"69\" border=\"0\" vspace=\"0\" style=\"width: 1000px;height: 69px\"><\/span><\/strong><\/p>\n<p><strong><span style=\"letter-spacing: 0px;font-family: arial, helvetica, sans-serif;font-size: 24px\"><br \/><\/span><\/strong><\/p>\n<p><\/p>\n<p style=\"margin-top:0;margin-right:0;margin-bottom:0;margin-left:0;text-indent:0;text-align:justify\"><span style=\"font-size: 24px\"><strong><span style=\"letter-spacing: 0px;font-family: arial, helvetica, sans-serif\"><a name=\"Product making\"><\/a>Fabrico de produtos<\/span><\/strong><\/span><\/p>\n<p style=\"margin-top:0;margin-right:0;margin-bottom:0;margin-left:0;text-indent:0;text-align:justify\"><strong><span style=\"letter-spacing: 0px;font-family: arial, helvetica, sans-serif;font-size: 16px\"><br \/><\/span><\/strong><\/p>\n<p style=\"text-indent: 0;padding: 0;line-height: 30px\"><strong><span style=\"letter-spacing: 0px;font-family: arial, helvetica, sans-serif;font-size: 16px\">Al\u00e9m disso, engenheiros altamente qualificados, tecn\u00f3logos competentes e pessoal experiente contribuem muito para o desenvolvimento da empresa.<\/span><\/strong><\/p>\n<p style=\"margin-top:0;margin-right:0;margin-bottom:0;margin-left:0;line-height:28px\"><strong><span style=\"letter-spacing: 0px;font-family: arial, helvetica, sans-serif;font-size: 16px\">Breve introdu\u00e7\u00e3o sobre o funcionamento da m\u00e1quina de fazer cones<\/span><\/strong><\/p>\n<p style=\"margin-top:0;margin-right:0;margin-bottom:0;margin-left:0;line-height:28px\"><span style=\"letter-spacing: 0px;font-family: arial, helvetica, sans-serif;font-size: 16px\"><br \/><\/span><\/p>\n<p style=\"margin-top:0;margin-right:0;margin-bottom:0;margin-left:0\"><span style=\"letter-spacing: 0px;font-family: arial, helvetica, sans-serif;font-size: 16px\">1. ligar a alimenta\u00e7\u00e3o e o contentor na parte de tr\u00e1s da m\u00e1quina. Em seguida, abrir o molde e lubrificar os moldes c\u00f3nicos com \u00f3leo vegetal.<\/span><\/p>\n<p style=\"margin-top:0;margin-right:0;margin-bottom:0;margin-left:0\"><span style=\"font-family: arial, helvetica, sans-serif;font-size: 16px\">&nbsp;<\/span><\/p>\n<p style=\"margin-top:0;margin-right:0;margin-bottom:0;margin-left:0\"><span style=\"letter-spacing: 0px;font-family: arial, helvetica, sans-serif;font-size: 16px\">2. fechar os moldes e deixar a m\u00e1quina pr\u00e9-aquecer durante 15-20 minutos.<\/span><\/p>\n<p style=\"margin-top:0;margin-right:0;margin-bottom:0;margin-left:0\"><span style=\"font-family: arial, helvetica, sans-serif;font-size: 16px\">&nbsp;<\/span><\/p>\n<p style=\"margin-top:0;margin-right:0;margin-bottom:0;margin-left:0\"><span style=\"letter-spacing: 0px;font-family: arial, helvetica, sans-serif;font-size: 16px\">3. abrir o molde superior<\/span><\/p>\n<p style=\"margin-top:0;margin-right:0;margin-bottom:0;margin-left:0\"><span style=\"font-family: arial, helvetica, sans-serif;font-size: 16px\">&nbsp;<\/span><\/p>\n<p style=\"margin-top:0;margin-right:0;margin-bottom:0;margin-left:0\"><span style=\"letter-spacing: 0px;font-family: arial, helvetica, sans-serif;font-size: 16px\">4. encher a mistura no alimentador e despej\u00e1-la no molde inferior<\/span><\/p>\n<p style=\"margin-top:0;margin-right:0;margin-bottom:0;margin-left:0\"><span style=\"font-family: arial, helvetica, sans-serif;font-size: 16px\">&nbsp;<\/span><\/p>\n<p style=\"margin-top:0;margin-right:0;margin-bottom:0;margin-left:0\"><span style=\"letter-spacing: 0px;font-family: arial, helvetica, sans-serif;font-size: 16px\">5. fechar o molde superior e deixar o aparelho cozer durante cerca de dois minutos.<\/span><\/p>\n<p style=\"margin-top:0;margin-right:0;margin-bottom:0;margin-left:0\"><span style=\"font-family: arial, helvetica, sans-serif;font-size: 16px\">&nbsp;<\/span><\/p>\n<p style=\"margin-top:0;margin-right:0;margin-bottom:0;margin-left:0\"><span style=\"letter-spacing: 0px;font-family: arial, helvetica, sans-serif;font-size: 16px\">6.Dois minutos mais tarde, o sinal sonoro tocar\u00e1 e a luz de aviso acender-se-\u00e1 para indicar que os cones est\u00e3o prontos. Abra o molde superior e o molde inferior.<\/span><\/p>\n<p style=\"margin-top:0;margin-right:0;margin-bottom:0;margin-left:0\"><span style=\"font-family: arial, helvetica, sans-serif;font-size: 16px\">&nbsp;<\/span><\/p>\n<p style=\"margin-top:0;margin-right:0;margin-bottom:0;margin-left:0\"><span style=\"letter-spacing: 0px;font-family: arial, helvetica, sans-serif;font-size: 16px\">7. os cones caem no escorrega e deslizam para o recipiente.<\/span><\/p>\n<p><span style=\"font-family: arial, helvetica, sans-serif;font-size: 16px\"><strong><span style=\"letter-spacing: 0px;font-family: arial, helvetica, sans-serif;font-size: 24px\"><br \/><\/span><\/strong>Documento\uff1a<\/span><img decoding=\"async\" src=\"https:\/\/www.hommy.com\/wp-content\/uploads\/icon_pdf-75.gif\" style=\"margin-right: 2px\" alt=\"produto-Hommy-img\" title=\"\"><a href=\"https:\/\/img80002414.weyesimg.com\/uploads\/www.hommy.com\/addon\/16034205911000.pdf\" title=\"16034205911000.pdf\" style=\"font-size: 12px\">16034205911000.pdf<\/a><\/p>\n<p><span style=\"font-family: arial, helvetica, sans-serif;font-size: 16px\"><\/span><\/p>\n<h2>\u00c9 poss\u00edvel utilizar uma m\u00e1quina de waffles para fazer cones?<\/h2>\n<p style=\"margin-top: 5px;margin-bottom: 5px\">Tenho uma m\u00e1quina de waffles que utilizo para fazer waffles. \u00c9 uma m\u00e1quina decente com duas cavidades e uma pega com mola. Posso utiliz\u00e1-la para fazer cones? N\u00e3o quero utilizar a m\u00e1quina de waffles para os cozinhar. Estou a falar de a utilizar para segurar a massa nos cones. Pensei em utilizar uma m\u00e1quina de waffles para fazer os cones, mas quero poder coz\u00ea-los em casa.<\/p>\n<p style=\"margin-top: 5px;margin-bottom: 5px\"><\/p>\n<h2>A que cheira um cone de gelado?<\/h2>\n<p style=\"margin-top: 5px;margin-bottom: 5px\">Depende do tipo de gelado que tem no frigor\u00edfico. O gelado de creme, como o soft serve, tem normalmente um ligeiro aroma a baunilha. Mas imagine se pudesse inalar o cheiro de um determinado sabor de gelado - digamos, uma baunilha cremosa que acabou de ser feita.<\/p>\n<p style=\"margin-top: 5px;margin-bottom: 5px\"><\/p>\n<h2>Como \u00e9 que se mant\u00eam os cones de gelado estaladi\u00e7os?&nbsp;<\/h2>\n<p style=\"margin-top: 5px;margin-bottom: 5px\">Com um pequeno segredo: bicarbonato de s\u00f3dio. Ou ser\u00e1 que \u00e9 um pequeno segredo? \u00c9 sem d\u00favida a primeira coisa que se ouve quando se pega no telefone e se liga para uma geladaria local, e a pergunta \u00e9 constante. V\u00ea-se por toda a Internet. Mas ser\u00e1 que \u00e9 verdade? Ser\u00e1 que mant\u00e9m mesmo os cones de gelado estaladi\u00e7os? A resposta \u00e9... sim. E n\u00e3o. Mant\u00e9m os cones de gelado estaladi\u00e7os. Mas... tem um efeito secund\u00e1rio. Que \u00e9... n\u00e3o impede que o gelado derreta.<\/p>\n<\/div><\/div>","protected":false},"excerpt":{"rendered":"<p>Ice Cream Cone Maker Ice Cream Cone Maker|Ice Cream Cone Machine|Product specification|Product making &nbsp;&nbsp;&nbsp;&nbsp; If you&#039;re in the market for an ice cream sugar cone maker, you&#039;ve come to the right place. Our selection of cone makers is second to none, and we&#039;re confident that we have the right model for your needs. We know [&hellip;]<\/p>\n","protected":false},"featured_media":973,"comment_status":"open","ping_status":"open","template":"","meta":{"_swt_meta_header_display":false,"_swt_meta_footer_display":false,"_swt_meta_site_title_display":false,"_swt_meta_sticky_header":false,"_swt_meta_transparent_header":false},"product_brand":[],"product_cat":[87],"product_tag":[],"class_list":{"0":"post-976","1":"product","2":"type-product","3":"status-publish","4":"has-post-thumbnail","6":"product_cat-ice-cream-cone-machine","8":"first","9":"instock","10":"shipping-taxable","11":"product-type-simple"},"_links":{"self":[{"href":"https:\/\/www.hommy.com\/pt\/wp-json\/wp\/v2\/product\/976","targetHints":{"allow":["GET"]}}],"collection":[{"href":"https:\/\/www.hommy.com\/pt\/wp-json\/wp\/v2\/product"}],"about":[{"href":"https:\/\/www.hommy.com\/pt\/wp-json\/wp\/v2\/types\/product"}],"replies":[{"embeddable":true,"href":"https:\/\/www.hommy.com\/pt\/wp-json\/wp\/v2\/comments?post=976"}],"wp:featuredmedia":[{"embeddable":true,"href":"https:\/\/www.hommy.com\/pt\/wp-json\/wp\/v2\/media\/973"}],"wp:attachment":[{"href":"https:\/\/www.hommy.com\/pt\/wp-json\/wp\/v2\/media?parent=976"}],"wp:term":[{"taxonomy":"product_brand","embeddable":true,"href":"https:\/\/www.hommy.com\/pt\/wp-json\/wp\/v2\/product_brand?post=976"},{"taxonomy":"product_cat","embeddable":true,"href":"https:\/\/www.hommy.com\/pt\/wp-json\/wp\/v2\/product_cat?post=976"},{"taxonomy":"product_tag","embeddable":true,"href":"https:\/\/www.hommy.com\/pt\/wp-json\/wp\/v2\/product_tag?post=976"}],"curies":[{"name":"wp","href":"https:\/\/api.w.org\/{rel}","templated":true}]}}