{"id":972,"date":"2024-07-02T17:29:24","date_gmt":"2024-07-02T17:29:24","guid":{"rendered":"http:\/\/localhost\/hommywp\/bdpop-a-32-heads-ice-cream-waffle-cone-moulding-machine-cost\/"},"modified":"2025-08-01T09:57:48","modified_gmt":"2025-08-01T09:57:48","slug":"maquina-de-fazer-cones-de-gelado-oem-odm","status":"publish","type":"product","link":"https:\/\/www.hommy.com\/pt\/p\/maquina-de-fazer-cones-de-gelado-oem-odm\/","title":{"rendered":"Bdpop-A 32 Cabe\u00e7as M\u00e1quina de moldagem de sorvete Waffle Cone Custo"},"content":{"rendered":"<div>\n<p>&nbsp;<\/p>\n<h2 style=\"text-align: center\"><strong><span style=\"font-family: arial, helvetica, sans-serif;font-size: 24px\"><a name=\"Ice cream cone machine\"><\/a>M\u00e1quina de cones de gelado<\/span><\/strong><\/h2>\n<p style=\"text-align: center\"><a href=\"#Ice cream cone machine\" target=\"_self\" data-lv=\"0\" rel=\"noopener\"><span style=\"font-size: 16px;font-family: arial, helvetica, sans-serif\">M\u00e1quina de cones de gelado<\/span><\/a><span style=\"font-size: 16px;font-family: arial, helvetica, sans-serif\">|<a href=\"#Ice Cream Cone Machine\" target=\"_self\" data-lv=\"0\" rel=\"noopener\">M\u00e1quina de fazer cones de gelado<\/a>|<a href=\"#PRODUCT SPECIFICATION\" target=\"_self\" data-lv=\"0\" rel=\"noopener\">ESPECIFICA\u00c7\u00c3O DO PRODUTO<\/a>|<a href=\"#Product making\" target=\"_self\" data-lv=\"0\" rel=\"noopener\">Fabrico de produtos<\/a><\/span><\/p>\n<p style=\"text-align: center\"><video src=\"https:\/\/img80002414.weyesimg.com\/uploads\/wij2rdgc.allweyes.com\/video\/15554038518346.mp4\" preload=\"none\" controls=\"\" poster=\"https:\/\/img80002414.weyesimg.com\/uploads\/wij2rdgc.allweyes.com\/images\/15554038317994.jpg\" data-setup=\"{}\" width=\"900\" height=\"640\"><\/video><\/p>\n<p>N\u00f3s somos um fabricante l\u00edder de m\u00e1quinas de moldagem de cone de gelado. As nossas m\u00e1quinas semi-autom\u00e1ticas s\u00e3o utilizadas para cozer cones de gelado, cones de a\u00e7\u00facar e copos. Temos uma vasta gama de m\u00e1quinas para atender \u00e0s suas necessidades e a nossa equipa de especialistas est\u00e1 sempre dispon\u00edvel para o aconselhar sobre a melhor m\u00e1quina para as suas necessidades. As nossas m\u00e1quinas s\u00e3o f\u00e1ceis de utilizar e t\u00eam uma garantia de um ano. Encomende hoje a sua m\u00e1quina e comece a fazer deliciosos cones de gelado!<\/p>\n<p><\/p>\n<div class=\"d-tem11-graphic tem11-graphic mockup\" data-detail=\"wrap\">\n<div class=\"tab_row\">\n<div class=\"img\" style=\"width: 50%\">\n<p style=\"text-align:center\"><img loading=\"lazy\" decoding=\"async\" title=\"\" alt=\"produto-BDPOP-Uma m\u00e1quina de fazer cones de gelado-Hommy-img\" src=\"https:\/\/www.hommy.com\/wp-content\/uploads\/15795124372418.png\" width=\"350\" height=\"751\" border=\"0\" vspace=\"0\" style=\"width: 350px;height: 751px\"><\/p>\n<\/div>\n<div class=\"text_box\" style=\"width: 50%\">\n<div class=\"txt\">\n<p>&nbsp;<\/p>\n<h2><strong><span style=\"font-family: arial, helvetica, sans-serif;font-size: 24px\"><a name=\"Ice Cream Cone Machine\"><\/a>M\u00e1quina de fazer cones de gelado<\/span><\/strong><\/h2>\n<p>&nbsp;<\/p>\n<p style=\"line-height: 2em\">A m\u00e1quina semi-autom\u00e1tica \u00e9 usada para cozer cones de gelado, cones de a\u00e7\u00facar e copos.<br \/>Uma unidade de molde pode cozer e produzir apenas um tipo de cone\/copo.<br \/>Esta m\u00e1quina \u00e9 f\u00e1cil de operar, pode ser facilmente operada por qualquer operador n\u00e3o qualificado, executando algumas tarefas simples.<br \/>Podemos basear-nos na forma do cone, log\u00f3tipo e tamanho do cliente para o fabricar.<br \/>\u00c9 poss\u00edvel encomendar uma m\u00e1quina com um molde de forma diferente, os moldes superior e inferior s\u00e3o intermut\u00e1veis. Em duas\/tr\u00eas horas pode mudar toda a unidade de molde e come\u00e7ar a produzir com outro tipo de cone.<br \/>O aquecimento \u00e9 efectuado por aquecedores el\u00e9ctricos concebidos para otimizar a utiliza\u00e7\u00e3o de energia e a distribui\u00e7\u00e3o t\u00e9rmica, sendo suficientemente flex\u00edvel para uma produ\u00e7\u00e3o elevada e ininterrupta durante 24 horas.<br \/>Molde de cone in\u00f3cuo dur\u00e1vel, de acordo com as normas sanit\u00e1rias, fabricado em alum\u00ednio.<br \/>basear-se na forma do cone para ajustar a temperatura e definir o tempo para controlar a forma e a dureza do cone.<\/p>\n<p>&nbsp;<\/p>\n<\/div>\n<\/div>\n<\/div>\n<\/div>\n<p>&nbsp;<\/p>\n<div class=\"text-left d-tem09-title d-interval\" data-detail=\"wrap\">\n<div class=\"title-header\">\n<h2><strong><span style=\"font-size: 24px;font-family: arial, helvetica, sans-serif\"><a name=\"PRODUCT SPECIFICATION\"><\/a>ESPECIFICA\u00c7\u00c3O DO PRODUTO<\/span><\/strong><\/h2>\n<p><img loading=\"lazy\" decoding=\"async\" src=\"https:\/\/www.hommy.com\/wp-content\/uploads\/16034186879364.png\" title=\"\" alt=\"produto-Hommy-img\" width=\"1000\" height=\"494\" border=\"0\" vspace=\"0\" style=\"width: 1000px;height: 494px\"><\/p>\n<\/div>\n<\/div>\n<p><\/p>\n<p style=\"margin-top:0;margin-right:0;margin-bottom:0;margin-left:0;text-indent:0;text-align:justify\"><strong><span style=\"letter-spacing: 0px;font-family: arial, helvetica, sans-serif;font-size: 24px\"><a name=\"Product making\"><\/a>Fabrico de produtos<\/span><\/strong><\/p>\n<p style=\"margin-top:0;margin-right:0;margin-bottom:0;margin-left:0;text-indent:0;text-align:justify\"><strong><span style=\"letter-spacing: 0px;font-family: arial, helvetica, sans-serif;font-size: 24px\"><br \/><\/span><\/strong><\/p>\n<p style=\"text-indent: 0;padding: 0;line-height: 30px\"><strong><span style=\"letter-spacing: 0px;font-family: arial, helvetica, sans-serif;font-size: 16px\">Al\u00e9m disso, engenheiros altamente qualificados, tecn\u00f3logos competentes e pessoal experiente contribuem muito para o desenvolvimento da empresa.<\/span><\/strong><\/p>\n<p style=\"margin-top:0;margin-right:0;margin-bottom:0;margin-left:0;line-height:28px\"><strong><span style=\"letter-spacing: 0px;font-family: arial, helvetica, sans-serif;font-size: 16px\">Breve introdu\u00e7\u00e3o sobre o funcionamento da m\u00e1quina de fazer cones<\/span><\/strong><\/p>\n<p style=\"margin-top:0;margin-right:0;margin-bottom:0;margin-left:0;line-height:28px\"><span style=\"letter-spacing: 0px;font-family: arial, helvetica, sans-serif;font-size: 16px\"><br \/><\/span><\/p>\n<p style=\"margin-top:0;margin-right:0;margin-bottom:0;margin-left:0\"><span style=\"letter-spacing: 0px;font-family: arial, helvetica, sans-serif;font-size: 16px\">1. ligar a alimenta\u00e7\u00e3o e o contentor na parte de tr\u00e1s da m\u00e1quina. Em seguida, abrir o molde e lubrificar os moldes c\u00f3nicos com \u00f3leo vegetal.<\/span><\/p>\n<p style=\"margin-top:0;margin-right:0;margin-bottom:0;margin-left:0\"><span style=\"font-family: arial, helvetica, sans-serif;font-size: 16px\">&nbsp;<\/span><\/p>\n<p style=\"margin-top:0;margin-right:0;margin-bottom:0;margin-left:0\"><span style=\"letter-spacing: 0px;font-family: arial, helvetica, sans-serif;font-size: 16px\">2. fechar os moldes e deixar a m\u00e1quina pr\u00e9-aquecer durante 15-20 minutos.<\/span><\/p>\n<p style=\"margin-top:0;margin-right:0;margin-bottom:0;margin-left:0\"><span style=\"font-family: arial, helvetica, sans-serif;font-size: 16px\">&nbsp;<\/span><\/p>\n<p style=\"margin-top:0;margin-right:0;margin-bottom:0;margin-left:0\"><span style=\"letter-spacing: 0px;font-family: arial, helvetica, sans-serif;font-size: 16px\">3. abrir o molde superior<\/span><\/p>\n<p style=\"margin-top:0;margin-right:0;margin-bottom:0;margin-left:0\"><span style=\"font-family: arial, helvetica, sans-serif;font-size: 16px\">&nbsp;<\/span><\/p>\n<p style=\"margin-top:0;margin-right:0;margin-bottom:0;margin-left:0\"><span style=\"letter-spacing: 0px;font-family: arial, helvetica, sans-serif;font-size: 16px\">4. encher a mistura no alimentador e despej\u00e1-la no molde inferior<\/span><\/p>\n<p style=\"margin-top:0;margin-right:0;margin-bottom:0;margin-left:0\"><span style=\"font-family:Calibri;font-size:16px\">&nbsp;<\/span><\/p>\n<p style=\"margin-top:0;margin-right:0;margin-bottom:0;margin-left:0\"><span style=\"font-family: Arial;letter-spacing: 0;font-size: 14px\">5. fechar o molde superior e deixar o aparelho cozer durante cerca de dois minutos.<\/span><\/p>\n<p style=\"margin-top:0;margin-right:0;margin-bottom:0;margin-left:0\"><span style=\"font-family:Calibri;font-size:16px\">&nbsp;<\/span><\/p>\n<p style=\"margin-top:0;margin-right:0;margin-bottom:0;margin-left:0\"><span style=\"font-family: Arial;letter-spacing: 0;font-size: 14px\">6.Dois minutos mais tarde, o sinal sonoro tocar\u00e1 e a luz de aviso acender-se-\u00e1 para indicar que os cones est\u00e3o prontos. Abra o molde superior e o molde inferior.<\/span><\/p>\n<p style=\"margin-top:0;margin-right:0;margin-bottom:0;margin-left:0\"><span style=\"font-family:Calibri;font-size:16px\">&nbsp;<\/span><\/p>\n<p style=\"margin-top:0;margin-right:0;margin-bottom:0;margin-left:0\"><span style=\"font-family: Arial;letter-spacing: 0;font-size: 14px\">7. os cones caem no escorrega e deslizam para o recipiente.<\/span><\/p>\n<p style=\"margin-top:0;margin-right:0;margin-bottom:0;margin-left:0\"><span style=\"font-family: Arial;letter-spacing: 0;font-size: 14px\"><br \/><\/span><\/p>\n<p><\/p>\n<p>Documento\uff1a<img decoding=\"async\" src=\"https:\/\/www.hommy.com\/wp-content\/uploads\/icon_pdf-74.gif\" style=\"margin-right: 2px\" alt=\"produto-Hommy-img\" title=\"\"><a href=\"https:\/\/img80002414.weyesimg.com\/uploads\/www.hommy.com\/addon\/16028150818760.pdf\" title=\"16028150818760.pdf\" style=\"font-size: 12px\">16028150818760.pdf<\/a><\/p>\n<h2 style=\"font-family: sans-serif\">Como \u00e9 que as m\u00e1quinas de venda autom\u00e1tica de comida japonesa funcionam?<\/h2>\n<p style=\"margin-top: 5px;margin-bottom: 5px;font-family: sans-serif;font-size: 16px\">Sabes como funcionam as m\u00e1quinas de venda autom\u00e1tica, certo? Recebe-se um vale, insere-se o dinheiro e recebe-se um snack, uma bebida ou um caf\u00e9. N\u00e3o se recebe um vale e usa-se numa m\u00e1quina de venda autom\u00e1tica. O sistema de ponto de venda faz parte de um sistema conhecido como sociedade sem dinheiro, no qual n\u00e3o \u00e9 necess\u00e1rio entregar dinheiro para efetuar pagamentos. Em vez disso, utiliza o sistema de pagamento existente nas m\u00e1quinas de venda autom\u00e1tica, nos supermercados e nas lojas de conveni\u00eancia para trocar dinheiro por cr\u00e9dito no seu cart\u00e3o pr\u00e9-pago.<\/p>\n<p style=\"margin-top: 5px;margin-bottom: 5px;font-family: sans-serif;font-size: 16px\"><\/p>\n<h2 style=\"font-family: sans-serif\">As m\u00e1quinas de venda autom\u00e1tica de gelo valem a pena?<\/h2>\n<p style=\"margin-top: 5px;margin-bottom: 5px;font-family: sans-serif;font-size: 16px\">\u00c0 primeira vista, parece que sou a \u00faltima pessoa que pensaria na viabilidade das m\u00e1quinas de venda autom\u00e1tica de gelo. Mas depois dos \u00faltimos tr\u00eas dias, vou ficar contente por ter lido este artigo: Como as m\u00e1quinas de venda autom\u00e1tica de gelo s\u00e3o a forma perfeita de arrefecer as suas bebidas. N\u00e3o gosto do sabor dos cubos de gelo e n\u00e3o bebo de um copo grande e alto, por isso n\u00e3o compraria uma se n\u00e3o fosse ao cinema. O artigo come\u00e7a por afirmar que as m\u00e1quinas de venda autom\u00e1tica de gelo est\u00e3o na moda agora que o ver\u00e3o est\u00e1 \u00e0 porta. Porqu\u00ea? Porque est\u00e1 calor e \u00e9 preciso estar preparado com coisas congeladas. Bem, isso \u00e9 simplesmente est\u00fapido!<\/p>\n<p style=\"margin-top: 5px;margin-bottom: 5px;font-family: sans-serif;font-size: 16px\"><\/p>\n<h2 style=\"font-family: sans-serif\">Porque \u00e9 que uma m\u00e1quina de venda autom\u00e1tica me cobrou mais?<\/h2>\n<p style=\"margin-top: 5px;margin-bottom: 5px;font-family: sans-serif;font-size: 16px\">Por exemplo, quando andava no liceu, tinha a minha pr\u00f3pria bicicleta. Infelizmente, a oficina de repara\u00e7\u00e3o de bicicletas da escola n\u00e3o tinha um computador que funcionasse, por isso ligavam ao meu pai, que tinha um, e diziam-lhe para a trazer. Quando o meu pai chegava \u00e0 escola, o pessoal da oficina recebia uma mensagem a dizer que eu estava l\u00e1 e telefonava ao meu pai para lhe dizer que o computador estava pronto. Infelizmente, por vezes telefonavam ao meu pai para o trabalho, o que, dependendo do seu turno, podia significar 5 horas de viagem de ida e volta para ele. Come\u00e7ou a ficar um pouco aborrecido com todas as chamadas e disse \u00e0 oficina que s\u00f3 aceitava levar a bicicleta se tivesse tempo livre para telefonar. A oficina concordou e o meu pai recebeu telefonemas da oficina todos os dias \u00e0s 11:00, 12:00, 13:00 e assim sucessivamente, at\u00e9 que ele lhes disse para pararem.<\/p>\n<\/div><\/div>","protected":false},"excerpt":{"rendered":"<p>&nbsp; Ice cream cone machine Ice cream cone machine|Ice Cream Cone Machine|PRODUCT SPECIFICATION|Product making We are a leading manufacturer of Ice Cream Cone moulding machines. Our semi-automatic machines are used for baking ice cream cones, sugar cones and cups. We have a wide range of machines to suit your needs and our team of experts [&hellip;]<\/p>\n","protected":false},"featured_media":969,"comment_status":"open","ping_status":"open","template":"","meta":{"_swt_meta_header_display":false,"_swt_meta_footer_display":false,"_swt_meta_site_title_display":false,"_swt_meta_sticky_header":false,"_swt_meta_transparent_header":false},"product_brand":[],"product_cat":[87],"product_tag":[],"class_list":{"0":"post-972","1":"product","2":"type-product","3":"status-publish","4":"has-post-thumbnail","6":"product_cat-ice-cream-cone-machine","8":"first","9":"instock","10":"shipping-taxable","11":"product-type-simple"},"_links":{"self":[{"href":"https:\/\/www.hommy.com\/pt\/wp-json\/wp\/v2\/product\/972","targetHints":{"allow":["GET"]}}],"collection":[{"href":"https:\/\/www.hommy.com\/pt\/wp-json\/wp\/v2\/product"}],"about":[{"href":"https:\/\/www.hommy.com\/pt\/wp-json\/wp\/v2\/types\/product"}],"replies":[{"embeddable":true,"href":"https:\/\/www.hommy.com\/pt\/wp-json\/wp\/v2\/comments?post=972"}],"wp:featuredmedia":[{"embeddable":true,"href":"https:\/\/www.hommy.com\/pt\/wp-json\/wp\/v2\/media\/969"}],"wp:attachment":[{"href":"https:\/\/www.hommy.com\/pt\/wp-json\/wp\/v2\/media?parent=972"}],"wp:term":[{"taxonomy":"product_brand","embeddable":true,"href":"https:\/\/www.hommy.com\/pt\/wp-json\/wp\/v2\/product_brand?post=972"},{"taxonomy":"product_cat","embeddable":true,"href":"https:\/\/www.hommy.com\/pt\/wp-json\/wp\/v2\/product_cat?post=972"},{"taxonomy":"product_tag","embeddable":true,"href":"https:\/\/www.hommy.com\/pt\/wp-json\/wp\/v2\/product_tag?post=972"}],"curies":[{"name":"wp","href":"https:\/\/api.w.org\/{rel}","templated":true}]}}