{"id":968,"date":"2024-07-02T17:29:21","date_gmt":"2024-07-02T17:29:21","guid":{"rendered":"http:\/\/localhost\/hommywp\/bdpop-d-60-heads-automatic-ice-cream-cone-machine-for-sale\/"},"modified":"2025-08-01T09:57:48","modified_gmt":"2025-08-01T09:57:48","slug":"maquina-automatica-de-gelado-de-cone-bdpop-d","status":"publish","type":"product","link":"https:\/\/www.hommy.com\/pt\/p\/maquina-automatica-de-gelado-de-cone-bdpop-d\/","title":{"rendered":"Bdpop-D 60 Cabe\u00e7as M\u00e1quina de Sorvete Autom\u00e1tica de Cone para Venda"},"content":{"rendered":"<div>\n<p><\/p>\n<p style=\"text-align: center\"><strong><span style=\"font-family: arial, helvetica, sans-serif;font-size: 24px\"><span style=\"font-family: arial, helvetica, sans-serif\"><a name=\"Automatic Ice Cream Cone Machine\"><\/a>A<\/span><span style=\"font-family: arial, helvetica, sans-serif;letter-spacing: 0px\">M\u00e1quina de Sorvete Autom\u00e1tica de Cones<\/span><\/span><\/strong><\/p>\n<p style=\"text-align: center\"><a href=\"#Automatic Ice Cream Cone Machine\" target=\"_self\" data-lv=\"0\" rel=\"noopener\"><span style=\"font-family: arial, helvetica, sans-serif;font-size: 16px\">M\u00e1quina autom\u00e1tica de sorvete de casquinha<\/span><\/a><span style=\"font-family: arial, helvetica, sans-serif;font-size: 16px\">|<a href=\"#Ice Cream Cone Machine\" target=\"_self\" data-lv=\"0\" rel=\"noopener\">M\u00e1quina de fazer cones de gelado<\/a>|<a href=\"#Product specification\" target=\"_self\" data-lv=\"0\" rel=\"noopener\">Especifica\u00e7\u00e3o do produto<\/a>|<a href=\"#Product making\" target=\"_self\" data-lv=\"0\" rel=\"noopener\">Fabrico de produtos<\/a><\/span><\/p>\n<p><\/p>\n<p><\/p>\n<p style=\"text-align: center\">&nbsp;&nbsp;&nbsp;&nbsp;<\/p>\n<p>Estas m\u00e1quinas s\u00e3o fabricadas utilizando mat\u00e9rias-primas de qualidade superior e tecnologia de ponta, em conformidade com as normas da ind\u00fastria. Devido \u00e0 qualidade superior e carater\u00edsticas, a nossa gama oferecida de M\u00e1quinas de Sorvete Expresso \u00e9 altamente exigida no mercado. As m\u00e1quinas oferecidas s\u00e3o verificadas pelos nossos controladores de qualidade em v\u00e1rios par\u00e2metros.<\/p>\n<p><\/p>\n<div class=\"d-tem01-graphic tem01-graphic mockup\" data-detail=\"wrap\">\n<div class=\"cont-section clearfix d-clearfix\">\n<div class=\"col-md-6 col-sm-6 col-xs-6\">\n<div class=\"right-p\">\n<h2><img loading=\"lazy\" decoding=\"async\" src=\"https:\/\/www.hommy.com\/wp-content\/uploads\/16034215628478.jpg\" alt=\"produto-BDPOP-D m\u00e1quina autom\u00e1tica de cones de gelado-Hommy-img\" style=\"font-size: 14px;width: 500px;height: 326px\" title=\"\" width=\"500\" height=\"326\" border=\"0\" vspace=\"0\"><span style=\"font-size: 14px\">&nbsp; &nbsp; &nbsp; <span style=\"font-size: 14px;font-family: arial, helvetica, sans-serif\"><strong><span style=\"font-size: 24px\"><a name=\"        Ice Cream Cone Machine\"><\/a>&nbsp; &nbsp; &nbsp; &nbsp;<\/span><\/strong><\/span><\/span><\/h2>\n<\/div>\n<\/div>\n<div class=\"col-md-6 col-sm-6 col-xs-6\">\n<div class=\"right-p\">\n<div class=\"h2 heading\">\n<h2><span style=\"font-family: arial, helvetica, sans-serif;font-size: 24px\"><strong><span style=\"font-family: arial, helvetica, sans-serif\"><a name=\"Ice Cream Cone Machine\"><\/a>M\u00e1quina de fazer cones de gelado<\/span><\/strong><strong><span style=\"font-family: arial, helvetica, sans-serif\"><\/span><\/strong><\/span><\/h2>\n<p><strong><span style=\"font-family: Calibri;font-size: 19px\"><br \/><\/span><\/strong><\/p>\n<p style=\"margin-left:32px\"><span style=\"font-family:Calibri;font-size:16px\">- A m\u00e1quina semi-autom\u00e1tica \u00e9 usada para cozer cones de gelado, cones de a\u00e7\u00facar e copos.<\/span><\/p>\n<p style=\"margin-left:32px\"><span style=\"font-family:Calibri;font-size:16px\">- Uma unidade de molde pode cozer e produzir apenas um tipo de cone\/copo.<\/span><\/p>\n<p><span style=\"font-family:Calibri;font-size:16px\">&nbsp;Esta m\u00e1quina \u00e9 de f\u00e1cil opera\u00e7\u00e3o, pode ser facilmente <\/span><span style=\"font-family:\u5b8b\u4f53;font-size:16px\">para <\/span><span style=\"font-family:Calibri;font-size:16px\">operado por qualquer operador n\u00e3o qualificado, executando algumas tarefas simples .<\/span><\/p>\n<p style=\"margin-left:32px\"><span style=\"font-family:Calibri;font-size:16px\">- Podemos basear-nos na forma do cone, log\u00f3tipo e tamanho do cliente para o fabricar.<\/span><\/p>\n<p style=\"margin-left:32px\"><span style=\"font-family:Calibri;font-size:16px\">- \u00c9 poss\u00edvel encomendar uma m\u00e1quina com um molde de forma diferente, os moldes superior e inferior s\u00e3o intermut\u00e1veis. Em duas\/tr\u00eas horas pode mudar toda a unidade de molde e come\u00e7ar a produzir com outro tipo de cone.<\/span><\/p>\n<p style=\"margin-left:32px\"><span style=\"font-family:Calibri;font-size:16px\">- O aquecimento \u00e9 efectuado por aquecedores el\u00e9ctricos concebidos para otimizar a utiliza\u00e7\u00e3o de energia e a distribui\u00e7\u00e3o t\u00e9rmica, sendo suficientemente flex\u00edvel para uma produ\u00e7\u00e3o elevada e ininterrupta durante 24 horas.<\/span><\/p>\n<p style=\"margin-left:32px\"><span style=\"font-family:Calibri;font-size:16px\">- Molde de cone in\u00f3cuo dur\u00e1vel, de acordo com as normas sanit\u00e1rias, fabricado em alum\u00ednio.<\/span><\/p>\n<p style=\"margin-left:32px\"><span style=\"font-family:Calibri;font-size:16px\">- com base na forma do cone para ajustar a temperatura e definir o tempo para controlar o cone<\/span><span style=\"font-family:\u5b8b\u4f53;font-size:16px\">&nbsp;<\/span><span style=\"font-family:Calibri;font-size:16px\">forma e dureza .<\/span><\/p>\n<p><span><\/span><\/div>\n<\/div>\n<\/div>\n<\/div>\n<\/div>\n<p><strong><span style=\"letter-spacing: 0px;font-family: arial, helvetica, sans-serif;font-size: 24px\"><a name=\"Product specification\"><\/a>Especifica\u00e7\u00e3o do produto<\/span><\/strong><\/p>\n<p><strong><span style=\"letter-spacing: 0px;font-family: arial, helvetica, sans-serif;font-size: 24px\"><img loading=\"lazy\" decoding=\"async\" src=\"https:\/\/www.hommy.com\/wp-content\/uploads\/16034212553308.png\" title=\"\" alt=\"produto-Hommy-img\" width=\"1000\" height=\"494\" border=\"0\" vspace=\"0\" style=\"width: 1000px;height: 494px\"><\/span><\/strong><\/p>\n<p><strong><span style=\"letter-spacing: 0px;font-family: arial, helvetica, sans-serif;font-size: 24px\"><br \/><\/span><\/strong><\/p>\n<p><\/p>\n<p style=\"margin-top:0;margin-right:0;margin-bottom:0;margin-left:0;text-indent:0;text-align:justify\"><span style=\"font-size: 24px\"><strong><span style=\"letter-spacing: 0px;font-family: arial, helvetica, sans-serif\"><a name=\"Product making\"><\/a>Fabrico de produtos<\/span><\/strong><\/span><\/p>\n<p style=\"margin-top:0;margin-right:0;margin-bottom:0;margin-left:0;text-indent:0;text-align:justify\"><span style=\"letter-spacing: 0px;font-family: arial, helvetica, sans-serif;font-size: 16px\"><br \/><\/span><\/p>\n<p style=\"text-indent: 0;padding: 0;line-height: 30px\"><span style=\"letter-spacing: 0px;font-family: arial, helvetica, sans-serif;font-size: 16px\">Al\u00e9m disso, engenheiros altamente qualificados, tecn\u00f3logos competentes e pessoal experiente contribuem muito para o desenvolvimento da empresa.<\/span><\/p>\n<p style=\"margin-top:0;margin-right:0;margin-bottom:0;margin-left:0;line-height:28px\"><span style=\"letter-spacing: 0px;font-family: arial, helvetica, sans-serif;font-size: 16px\">Breve introdu\u00e7\u00e3o sobre o funcionamento da m\u00e1quina de fazer cones<\/span><\/p>\n<p style=\"margin-top:0;margin-right:0;margin-bottom:0;margin-left:0;line-height:28px\"><span style=\"letter-spacing: 0px;font-family: arial, helvetica, sans-serif;font-size: 16px\"><br \/><\/span><\/p>\n<p style=\"margin-top:0;margin-right:0;margin-bottom:0;margin-left:0\"><span style=\"letter-spacing: 0px;font-family: arial, helvetica, sans-serif;font-size: 16px\">1. ligar a alimenta\u00e7\u00e3o e o contentor na parte de tr\u00e1s da m\u00e1quina. Em seguida, abrir o molde e lubrificar os moldes c\u00f3nicos com \u00f3leo vegetal.<\/span><\/p>\n<p style=\"margin-top:0;margin-right:0;margin-bottom:0;margin-left:0\"><span style=\"font-family: arial, helvetica, sans-serif;font-size: 16px\">&nbsp;<\/span><\/p>\n<p style=\"margin-top:0;margin-right:0;margin-bottom:0;margin-left:0\"><span style=\"letter-spacing: 0px;font-family: arial, helvetica, sans-serif;font-size: 16px\">2. fechar os moldes e deixar a m\u00e1quina pr\u00e9-aquecer durante 15-20 minutos.<\/span><\/p>\n<p style=\"margin-top:0;margin-right:0;margin-bottom:0;margin-left:0\"><span style=\"font-family: arial, helvetica, sans-serif;font-size: 16px\">&nbsp;<\/span><\/p>\n<p style=\"margin-top:0;margin-right:0;margin-bottom:0;margin-left:0\"><span style=\"letter-spacing: 0px;font-family: arial, helvetica, sans-serif;font-size: 16px\">3. abrir o molde superior<\/span><\/p>\n<p style=\"margin-top:0;margin-right:0;margin-bottom:0;margin-left:0\"><span style=\"font-family: arial, helvetica, sans-serif;font-size: 16px\">&nbsp;<\/span><\/p>\n<p style=\"margin-top:0;margin-right:0;margin-bottom:0;margin-left:0\"><span style=\"letter-spacing: 0px;font-family: arial, helvetica, sans-serif;font-size: 16px\">4. encher a mistura no alimentador e despej\u00e1-la no molde inferior<\/span><\/p>\n<p style=\"margin-top:0;margin-right:0;margin-bottom:0;margin-left:0\"><span style=\"font-family: arial, helvetica, sans-serif;font-size: 16px\">&nbsp;<\/span><\/p>\n<p style=\"margin-top:0;margin-right:0;margin-bottom:0;margin-left:0\"><span style=\"letter-spacing: 0px;font-family: arial, helvetica, sans-serif;font-size: 16px\">5. fechar o molde superior e deixar o aparelho cozer durante cerca de dois minutos.<\/span><\/p>\n<p style=\"margin-top:0;margin-right:0;margin-bottom:0;margin-left:0\"><span style=\"font-family: arial, helvetica, sans-serif;font-size: 16px\">&nbsp;<\/span><\/p>\n<p style=\"margin-top:0;margin-right:0;margin-bottom:0;margin-left:0\"><span style=\"letter-spacing: 0px;font-family: arial, helvetica, sans-serif;font-size: 16px\">6.Dois minutos mais tarde, o sinal sonoro tocar\u00e1 e a luz de aviso acender-se-\u00e1 para indicar que os cones est\u00e3o prontos. Abra o molde superior e o molde inferior.<\/span><\/p>\n<p style=\"margin-top:0;margin-right:0;margin-bottom:0;margin-left:0\"><span style=\"font-family: arial, helvetica, sans-serif;font-size: 16px\">&nbsp;<\/span><\/p>\n<p style=\"margin-top:0;margin-right:0;margin-bottom:0;margin-left:0\"><span style=\"letter-spacing: 0px;font-family: arial, helvetica, sans-serif;font-size: 16px\">7. os cones caem no escorrega e deslizam para o recipiente.<\/span><\/p>\n<p><span style=\"font-family: arial, helvetica, sans-serif;font-size: 16px\"><strong><span style=\"letter-spacing: 0px;font-family: arial, helvetica, sans-serif;font-size: 24px\"><br \/><\/span><\/strong>Documento:<\/span><img decoding=\"async\" src=\"https:\/\/www.hommy.com\/wp-content\/uploads\/icon_pdf-73.gif\" style=\"margin-right: 2px\" alt=\"produto-Hommy-img\" title=\"\"><a href=\"https:\/\/img80002414.weyesimg.com\/uploads\/www.hommy.com\/addon\/16034215175307.pdf\" title=\"16034215175307.pdf\" style=\"font-size: 12px\">16034215175307.pdf<\/a><\/p>\n<p><span style=\"font-family: arial, helvetica, sans-serif;font-size: 16px\"><\/span><\/p>\n<h2>Como \u00e9 que se mant\u00e9m o gelado macio depois de congelado?<\/h2>\n<p style=\"margin-top: 5px;margin-bottom: 5px\"><\/p>\n<p style=\"margin-top: 5px;margin-bottom: 5px\">Fiz gelado hoje (ver o meu outro post sobre gelados) e, depois de o congelar, voltei a p\u00f4-lo no congelador para o manter macio. N\u00e3o resultou! O gelado ficou duro. Como \u00e9 que se mant\u00e9m o gelado macio depois de o congelar?<\/p>\n<p style=\"margin-top: 5px;margin-bottom: 5px\"><\/p>\n<p style=\"margin-top: 5px;margin-bottom: 5px\">Coloquei o meu no congelador durante cerca de uma hora, depois no frigor\u00edfico durante cerca de 3 horas e depois no congelador novamente durante 3-4 horas. Descobri que, se o puser no congelador durante demasiado tempo, o gelado fica um pouco granulado.<\/p>\n<p style=\"margin-top: 5px;margin-bottom: 5px\"><\/p>\n<h2>Como \u00e9 que se engrossa o gelado em <a style=\"color:blue\" href=\"\/pt\/\">m\u00e1quina de gelados<\/a>?<\/h2>\n<p style=\"margin-top: 5px;margin-bottom: 5px\"><\/p>\n<p style=\"margin-top: 5px;margin-bottom: 5px\">Ol\u00e1 a todos! Este fim de semana vou fazer gelado pela primeira vez. Tenho algumas d\u00favidas sobre como congelar gelados. Tenho estado a usar esta receita: http:\/\/www.thekitchn.com\/a-simple-homemade-vanilla-ice-cream-recipe-151473.<\/p>\n<p style=\"margin-top: 5px;margin-bottom: 5px\"><\/p>\n<p style=\"margin-top: 5px;margin-bottom: 5px\">1) Preciso de adicionar mais alguma coisa \u00e0 m\u00e1quina de gelados? Estou apenas a usar uma m\u00e1quina de gelados que tenho.<\/p>\n<p style=\"margin-top: 5px;margin-bottom: 5px\"><\/p>\n<p style=\"margin-top: 5px;margin-bottom: 5px\">2) Devo acrescentar mais alguma coisa \u00e0 mistura de gelado depois de feita? Tenho um lote muito grande (8 ch\u00e1venas) de gelado de baunilha<\/p>\n<p style=\"margin-top: 5px;margin-bottom: 5px\"><\/p>\n<h2>\u00c9 necess\u00e1rio sal grosso para a m\u00e1quina de gelados?<\/h2>\n<p style=\"margin-top: 5px;margin-bottom: 5px\"><\/p>\n<p style=\"margin-top: 5px;margin-bottom: 5px\">Esta \u00e9 uma continua\u00e7\u00e3o do meu post anterior sobre como fiz gelado com sucesso com a minha m\u00e1quina de gelados. Recebi algumas perguntas sobre o sal que utilizei na minha m\u00e1quina de gelados. Vou explicar um pouco mais o processo para vos ajudar a compreend\u00ea-lo um pouco melhor.<\/p>\n<\/div><\/div>","protected":false},"excerpt":{"rendered":"<p>Automatic Ice Cream Cone Machine Automatic Ice Cream Cone Machine|Ice Cream Cone Machine|Product specification|Product making &nbsp;&nbsp;&nbsp;&nbsp; These machines are manufactured using premium quality raw materials and latest technology in accordance with the industry norms. Owing to the superior quality and features, our offered range of Ice Cream Cone Machines is highly demanded in the market. [&hellip;]<\/p>\n","protected":false},"featured_media":965,"comment_status":"open","ping_status":"open","template":"","meta":{"_swt_meta_header_display":false,"_swt_meta_footer_display":false,"_swt_meta_site_title_display":false,"_swt_meta_sticky_header":false,"_swt_meta_transparent_header":false},"product_brand":[],"product_cat":[87],"product_tag":[],"class_list":{"0":"post-968","1":"product","2":"type-product","3":"status-publish","4":"has-post-thumbnail","6":"product_cat-ice-cream-cone-machine","8":"first","9":"instock","10":"shipping-taxable","11":"product-type-simple"},"_links":{"self":[{"href":"https:\/\/www.hommy.com\/pt\/wp-json\/wp\/v2\/product\/968","targetHints":{"allow":["GET"]}}],"collection":[{"href":"https:\/\/www.hommy.com\/pt\/wp-json\/wp\/v2\/product"}],"about":[{"href":"https:\/\/www.hommy.com\/pt\/wp-json\/wp\/v2\/types\/product"}],"replies":[{"embeddable":true,"href":"https:\/\/www.hommy.com\/pt\/wp-json\/wp\/v2\/comments?post=968"}],"wp:featuredmedia":[{"embeddable":true,"href":"https:\/\/www.hommy.com\/pt\/wp-json\/wp\/v2\/media\/965"}],"wp:attachment":[{"href":"https:\/\/www.hommy.com\/pt\/wp-json\/wp\/v2\/media?parent=968"}],"wp:term":[{"taxonomy":"product_brand","embeddable":true,"href":"https:\/\/www.hommy.com\/pt\/wp-json\/wp\/v2\/product_brand?post=968"},{"taxonomy":"product_cat","embeddable":true,"href":"https:\/\/www.hommy.com\/pt\/wp-json\/wp\/v2\/product_cat?post=968"},{"taxonomy":"product_tag","embeddable":true,"href":"https:\/\/www.hommy.com\/pt\/wp-json\/wp\/v2\/product_tag?post=968"}],"curies":[{"name":"wp","href":"https:\/\/api.w.org\/{rel}","templated":true}]}}