{"id":958,"date":"2024-07-02T17:25:08","date_gmt":"2024-07-02T17:25:08","guid":{"rendered":"http:\/\/localhost\/hommywp\/hm23-diy-ice-cream-razzle-blender-for-sale-mixer-price\/"},"modified":"2025-08-01T09:57:47","modified_gmt":"2025-08-01T09:57:47","slug":"misturadores-de-gelado-comerciais-razzle","status":"publish","type":"product","link":"https:\/\/www.hommy.com\/pt\/p\/misturadores-de-gelado-comerciais-razzle\/","title":{"rendered":"Hm23 Diy Ice Cream Razzle Blender For Sale Mixer Price"},"content":{"rendered":"<div>\n<p style=\"text-align: center\"><\/p>\n<h2 style=\"text-align: center\"><span style=\"text-indent: 264px;font-family: arial, helvetica, sans-serif;font-size: 24px\"><strong><a name=\"Razzle Commercial Blenders\"><\/a>Liquidificadores comerciais Razzle<\/strong><\/span><\/h2>\n<p style=\"text-align: center\"><a href=\"http:\/\/\" target=\"_self\" data-lv=\"0\" rel=\"noopener\"><span style=\"text-indent: 264px;font-family: arial, helvetica, sans-serif;font-size: 16px\">Liquidificadores comerciais Razzle<\/span><\/a><span style=\"text-indent: 264px;font-family: arial, helvetica, sans-serif;font-size: 16px\">|<a href=\"#Product specification\" target=\"_self\" data-lv=\"0\" rel=\"noopener\">Especifica\u00e7\u00e3o do produto<\/a>|<a href=\"#Product Features\" target=\"_self\" data-lv=\"0\" rel=\"noopener\">Carater\u00edsticas do produto<\/a>|<a href=\"#Product Advantage\" target=\"_self\" data-lv=\"0\" rel=\"noopener\">Vantagem do produto<\/a><\/span><\/p>\n<p><span style=\"font-size: 18px\"><\/span><\/p>\n<p><span style=\"font-family: \u5b8b\u4f53;letter-spacing: 0px;font-size: 18px\"><\/span><\/p>\n<p style=\"text-align: center\"><span style=\"font-size: 24px\"><\/span><\/p>\n<p style=\"margin-top:0;margin-right:0;margin-bottom:0;margin-left:0;text-indent:264px\"><\/p>\n<p style=\"text-align: center\"><span style=\"font-size: 24px\">&nbsp;<\/span><\/p>\n<p><!-- Video start --><video poster=\"https:\/\/img80002414.weyesimg.com\/uploads\/www.hommy.com\/video\/15794850915361.mp4?vframe\/jpg\/offset\/1\" id=\"video\" preload=\"auto\" controls=\"controls\" style=\"width:100%;height:510px\"><\/video><!-- Video end --><\/p>\n<div class=\"text-left d-tem09-title d-interval\" data-detail=\"wrap\">\n<div class=\"title-header\">\n<div class=\"title\">\n<p><span style=\"font-size: 16px\"><span style=\"letter-spacing: 0px;font-family: arial, helvetica, sans-serif\">Se est\u00e1 \u00e0 procura de um liquidificador que possa criar sabores \u00fanicos e deliciosos de gelado, o liquidificador Razzle \u00e9 a escolha perfeita. Com a possibilidade de escolher diferentes ingredientes e de os misturar, pode criar qualquer sabor que possa imaginar. Quer esteja \u00e0 procura de um sabor tradicional ou de algo mais \u00fanico, o liquidificador Razzle pode ajud\u00e1-lo a criar o sabor perfeito. Quer seja um principiante ou um profissional, o liquidificador Razzle \u00e9 f\u00e1cil de utilizar e produz resultados de alta qualidade. Por isso, porque n\u00e3o experiment\u00e1-lo? Poder\u00e1 ficar surpreendido com o quanto gosta de fazer o seu pr\u00f3prio gelado.<\/span><\/span><\/p>\n<h2><strong><span style=\"letter-spacing: 0px;font-family: arial, helvetica, sans-serif;font-size: 24px\">Especifica\u00e7\u00e3o do produto:<\/span><span style=\"font-family:\u5b8b\u4f53;letter-spacing:0;font-size:29px\">&nbsp;<\/span><\/strong><\/h2>\n<p style=\"text-align:center\"><span style=\"font-family:\u5b8b\u4f53;letter-spacing:0;font-size:29px\"><img loading=\"lazy\" decoding=\"async\" src=\"https:\/\/www.hommy.com\/wp-content\/uploads\/16012547528885.png\" title=\"\" alt=\"produto-Hommy-img\" width=\"700\" height=\"381\" border=\"0\" vspace=\"0\" style=\"width: 700px;height: 381px\"><\/span><\/p>\n<\/div>\n<\/div>\n<\/div>\n<p>&nbsp;<\/p>\n<div class=\"d-tem11-graphic tem11-graphic mockup\" data-detail=\"wrap\">\n<div class=\"tab_row\">\n<div class=\"img\" style=\"width: 50%\"><img loading=\"lazy\" decoding=\"async\" title=\"\" alt=\"produto-Hommy-img\" src=\"https:\/\/www.hommy.com\/wp-content\/uploads\/15584256689390.jpg\" width=\"700\" height=\"593\" border=\"0\" vspace=\"0\" style=\"width: 700px;height: 593px\"><\/div>\n<div class=\"text_box\" style=\"width: 50%\">\n<div class=\"txt\">\n<div class=\"title\">\n<h2><strong><span style=\"letter-spacing: 0px;text-align: justify;font-family: arial, helvetica, sans-serif;font-size: 24px\"><a name=\"Product Features\"><\/a>Carater\u00edsticas do produto:<\/span><\/strong><\/h2>\n<p><span style=\"font-family: arial, helvetica, sans-serif;font-size: 16px\"><\/span><\/p>\n<p><span style=\"font-family:Tahoma;font-size:16px\">Oferta de produtos: Ideal para preparar as misturas desejadas a partir de v\u00e1rios ingredientes.<\/span><\/p>\n<p><span style=\"font-family:Tahoma;font-size:16px\">Agitador permanente: <\/span><\/p>\n<p><span style=\"font-family:Tahoma;font-size:16px\">Mistura de ingredientes como rebu\u00e7ados, bolachas em iogurte congelado, gelado mole ou gelado duro com permanente<\/span><span style=\"font-family:Tahoma;font-size:16px\">&nbsp;<\/span><span style=\"font-family:Tahoma;font-size:16px\">agitador para fazer as misturas desejadas.<\/span><\/p>\n<p><span style=\"font-family:Tahoma;font-size:16px\">Gelado DIY: <\/span><\/p>\n<p><span style=\"font-family:Tahoma;font-size:16px\">Com base na sua prefer\u00eancia pessoal para escolher diferentes ingredientes, misturando-os com esta m\u00e1quina para criar um sabor especial e \u00fanico<\/span><span style=\"font-family:Tahoma;font-size:16px\">&nbsp;<\/span><span style=\"font-family:Tahoma;font-size:16px\">gelado. <\/span><\/p>\n<p><span style=\"font-family:Tahoma;font-size:16px\">Funcionamento:<\/span><\/p>\n<p><span style=\"font-family:Tahoma;font-size:16px\">Distribua o gelado diretamente no copo de servir. Adicione os ingredientes desejados, coloque a tampa no copo, misture e sirva.<\/span><\/p>\n<p><span style=\"font-family:Tahoma;font-size:16px\">Opcional<\/span><\/p>\n<p><span style=\"font-family:Tahoma;font-size:16px\">Moldura para doces<\/span><span style=\"font-family:Tahoma;font-size:16px\">&nbsp;, <\/span><span style=\"font-family:Tahoma;font-size:16px\">Copo de papel<\/span><\/p>\n<p><span style=\"font-family:Tahoma;font-size:16px\">Suporte de seguran\u00e7a em a\u00e7o inoxid\u00e1vel BM-01<\/span><\/p>\n<p><span style=\"font-family:Tahoma;font-size:16px\">Colher com ponto de massagem BM-02<\/span><\/p>\n<\/div>\n<p>&nbsp;<\/p>\n<\/div>\n<\/div>\n<\/div>\n<\/div>\n<p>&nbsp;<\/p>\n<div class=\"text-left d-tem09-title d-interval\" data-detail=\"wrap\">\n<div class=\"title-header\">\n<div class=\"title\"><span style=\"font-size: 24px\"><\/span><\/p>\n<h2><strong><span style=\"letter-spacing: 0px;font-family: arial, helvetica, sans-serif;font-size: 24px\"><a name=\"Product Advantage\"><\/a>Vantagem do produto:<\/span><\/strong><\/h2>\n<p style=\"margin-top:0;margin-right:0;margin-bottom:0;margin-left:0\"><span style=\"font-size: 16px;font-family: arial, helvetica, sans-serif\">Al\u00e9m disso, engenheiros altamente qualificados, tecn\u00f3logos competentes e pessoal experiente contribuem muito para o desenvolvimento da empresa.<\/span><\/p>\n<p><span><\/span><\/div>\n<\/div>\n<\/div>\n<p>&nbsp;<\/p>\n<div class=\"d-tem01-graphic tem01-graphic mockup\" data-detail=\"wrap\">\n<div class=\"cont-section clearfix d-clearfix\">\n<div class=\"col-md-6 col-sm-6 col-xs-6\">\n<div class=\"right-p\">\n<div class=\"h2 heading\">\n<p style=\"margin-top:0;margin-right:0;margin-bottom:0\"><span style=\"font-size: 16px\"><span style=\"font-family: Arial;letter-spacing: 0px\">1. Escolha as velocidades espec\u00edficas de acordo com as misturas desejadas de v\u00e1rios ingredientes. Para al\u00e9m de poder misturar bolachas, chocolate e gelado, a p<\/span><span style=\"font-family: Arial;letter-spacing: 0px\">agitador permanente<\/span><span style=\"font-family: Arial;letter-spacing: 0px\">&nbsp;tamb\u00e9m pode partir nozes duras.<\/span><\/span><\/p>\n<p style=\"margin-top:0;margin-right:0;margin-bottom:0\"><span style=\"font-size: 16px\"><span style=\"font-family: Arial;letter-spacing: 0px\"><br \/><\/span><\/span><\/p>\n<p style=\"margin-top:0;margin-right:0;margin-bottom:0\"><span style=\"font-size: 16px\"><span style=\"font-family: Arial;letter-spacing: 0px\"><br \/><\/span><\/span><\/p>\n<\/div>\n<\/div>\n<div class=\"graphic_pic animated wow bounceIn\" data-wow-delay=\".7s\">\n<p style=\"text-align:center\"><img decoding=\"async\" src=\"https:\/\/www.hommy.com\/wp-content\/uploads\/16012551006942.png\" alt=\"produto-HM23 Misturador Razzle-Hommy-img\" title=\"\"><\/p>\n<\/div>\n<\/div>\n<div class=\"col-md-6 col-sm-6 col-xs-6\">\n<div class=\"right-p\">\n<div class=\"h2 heading\">\n<p style=\"margin-top:0;margin-right:0;margin-bottom:0;margin-left:0;text-indent:0\"><span style=\"font-family: Arial;letter-spacing: 0px;font-size: 14px\">2. Gelado DIY: Com base na sua prefer\u00eancia pessoal para escolher diferentes ingredientes, misturando-os com esta m\u00e1quina para fazer um gelado de sabor especial e \u00fanico.<\/span><\/p>\n<p style=\"margin-top:0;margin-right:0;margin-bottom:0;margin-left:0;text-indent:0\"><span style=\"font-family: Arial;letter-spacing: 0px;font-size: 14px\"><br \/><\/span><\/p>\n<p style=\"margin-top:0;margin-right:0;margin-bottom:0;margin-left:0;text-indent:0\"><span style=\"font-family: Arial;letter-spacing: 0px;font-size: 14px\"><br \/><\/span><\/p>\n<p style=\"margin-top:0;margin-right:0;margin-bottom:0;margin-left:0;text-indent:0\"><span style=\"font-family: Arial;letter-spacing: 0px;font-size: 14px\"><br \/><\/span><\/p>\n<\/div>\n<\/div>\n<div class=\"graphic_pic animated wow bounceIn\" data-wow-delay=\".7s\">\n<p style=\"text-align:center\"><img loading=\"lazy\" decoding=\"async\" src=\"https:\/\/www.hommy.com\/wp-content\/uploads\/16012551193278.jpg\" alt=\"produto-Hommy-img\" title=\"\" width=\"350\" height=\"502\" border=\"0\" vspace=\"0\" style=\"width: 350px;height: 502px\"><\/p>\n<\/div>\n<\/div>\n<\/div>\n<\/div>\n<p>Documento\uff1a<img decoding=\"async\" src=\"https:\/\/www.hommy.com\/wp-content\/uploads\/icon_pdf-71.gif\" style=\"margin-right: 2px\" alt=\"produto-Hommy-img\" title=\"\"><a href=\"https:\/\/img80002414.weyesimg.com\/uploads\/www.hommy.com\/addon\/16026423309154.pdf\" title=\"16026423309154.pdf\" style=\"font-size: 12px\">16026423309154.pdf<\/a><\/p>\n<div>\n<div>\n<h2 class=\"otl-heading\" style=\"text-indent: 0em;padding-left: 0em\">Estamos a oferecer o Razzle Blender aos nossos clientes.<\/h2>\n<p><span style=\"font-size:13px\">Somos o \u00fanico fabricante de um liquidificador que pode realmente funcionar. Tem um controlo de velocidade vari\u00e1vel para velocidades altas\/baixas e \u00e9 totalmente program\u00e1vel. Foi concebido para executar uma variedade de tarefas, tais como triturar, misturar, picar, moer, misturar, triturar, lavar, desidratar e secar. Tem uma capacidade de 5 gal\u00f5es. Foi concebido para funcionar a velocidades at\u00e9 4000 RPM. Tem uma c\u00e2mara de tritura\u00e7\u00e3o grande e uma c\u00e2mara de mistura mais pequena. Com a ajuda desta m\u00e1quina, pode fazer bebidas deliciosas para os seus clientes em qualquer altura. Assim, ter\u00e1 a oportunidade de impressionar os seus clientes. \u00c9 uma m\u00e1quina avan\u00e7ada com uma capacidade de 300 ml. Pode fazer diferentes tipos de bebidas como refrigerantes, sumos e ch\u00e1 com esta m\u00e1quina. \u00c9 uma m\u00e1quina compacta que cabe facilmente na sua cozinha.<\/span><\/p>\n<p><\/p>\n<h2 class=\"otl-heading\" style=\"text-indent: 0em;padding-left: 0em\">Um liquidificador ninja pode picar gelo?<\/h2>\n<p><span style=\"font-size:13px\">A resposta \u00e9 sim! Este liquidificador Ninja Ice Crush possui um motor potente e um triturador de gelo de alta efici\u00eancia. A l\u00e2mina gira a alta velocidade, triturando at\u00e9 15 libras de gelo por minuto. O potente motor com uma fun\u00e7\u00e3o de invers\u00e3o autom\u00e1tica significa que come\u00e7ar\u00e1 a triturar gelo mesmo que n\u00e3o esteja a utilizar o acess\u00f3rio para copos ou jarras.<\/span><\/p>\n<p><\/p>\n<h2 class=\"otl-heading\" style=\"text-indent: 0em;padding-left: 0em\">Posso utilizar a minha KitchenAid para fazer gelado?<\/h2>\n<p><span style=\"font-size:13px\">Sim, pode utilizar a sua KitchenAid <a style=\"color:blue\" href=\"\/pt\/\">m\u00e1quina de gelados<\/a> para fazer gelado. H\u00e1 algumas coisas a ter em conta quando se utiliza a KitchenAid para fazer gelado. Em primeiro lugar, n\u00e3o deve adicionar ingredientes que possam derreter o gelado. Isso inclui sal, a\u00e7\u00facar, especiarias e alguns tipos de \u00e1lcool. Algumas pessoas recomendam a utiliza\u00e7\u00e3o da m\u00e1quina de gelados KitchenAid apenas para fazer gelado soft-serve porque pode colocar os ingredientes que quiser no gelado.<\/span><\/p>\n<p><\/p>\n<\/div>\n<\/div>\n<p><\/p>\n<\/div><\/div>","protected":false},"excerpt":{"rendered":"<p>Razzle Commercial Blenders Razzle Commercial Blenders|Product specification|Product Features|Product Advantage &nbsp; If you&#039;re looking for a blender that can create unique and delicious flavors of ice cream, the Razzle Blender is the perfect choice. With the ability to choose different ingredients and blending them together, you can create any flavor you can imagine. Whether you&#039;re looking [&hellip;]<\/p>\n","protected":false},"featured_media":1951,"comment_status":"open","ping_status":"open","template":"","meta":{"_swt_meta_header_display":false,"_swt_meta_footer_display":false,"_swt_meta_site_title_display":false,"_swt_meta_sticky_header":false,"_swt_meta_transparent_header":false},"product_brand":[],"product_cat":[86],"product_tag":[],"class_list":{"0":"post-958","1":"product","2":"type-product","3":"status-publish","4":"has-post-thumbnail","6":"product_cat-one-shot-machine","8":"first","9":"instock","10":"shipping-taxable","11":"product-type-simple"},"_links":{"self":[{"href":"https:\/\/www.hommy.com\/pt\/wp-json\/wp\/v2\/product\/958","targetHints":{"allow":["GET"]}}],"collection":[{"href":"https:\/\/www.hommy.com\/pt\/wp-json\/wp\/v2\/product"}],"about":[{"href":"https:\/\/www.hommy.com\/pt\/wp-json\/wp\/v2\/types\/product"}],"replies":[{"embeddable":true,"href":"https:\/\/www.hommy.com\/pt\/wp-json\/wp\/v2\/comments?post=958"}],"wp:featuredmedia":[{"embeddable":true,"href":"https:\/\/www.hommy.com\/pt\/wp-json\/wp\/v2\/media\/1951"}],"wp:attachment":[{"href":"https:\/\/www.hommy.com\/pt\/wp-json\/wp\/v2\/media?parent=958"}],"wp:term":[{"taxonomy":"product_brand","embeddable":true,"href":"https:\/\/www.hommy.com\/pt\/wp-json\/wp\/v2\/product_brand?post=958"},{"taxonomy":"product_cat","embeddable":true,"href":"https:\/\/www.hommy.com\/pt\/wp-json\/wp\/v2\/product_cat?post=958"},{"taxonomy":"product_tag","embeddable":true,"href":"https:\/\/www.hommy.com\/pt\/wp-json\/wp\/v2\/product_tag?post=958"}],"curies":[{"name":"wp","href":"https:\/\/api.w.org\/{rel}","templated":true}]}}