{"id":952,"date":"2024-07-02T17:25:02","date_gmt":"2024-07-02T17:25:02","guid":{"rendered":"http:\/\/localhost\/hommywp\/sjiii-k100-capsule-injection-machine-ice-cream-filling\/"},"modified":"2025-08-01T09:57:47","modified_gmt":"2025-08-01T09:57:47","slug":"maquina-de-injecao-de-capsulas-sjiii-k100","status":"publish","type":"product","link":"https:\/\/www.hommy.com\/pt\/p\/maquina-de-injecao-de-capsulas-sjiii-k100\/","title":{"rendered":"Sjiii-K100 M\u00e1quina de Inje\u00e7\u00e3o de C\u00e1psulas para enchimento de gelados"},"content":{"rendered":"<div>\n<p>&nbsp; &nbsp;&nbsp;<a name=\"Capsule Injection Machine\"><\/a><\/p>\n<h2 style=\"text-align: center\"><span style=\"font-family: arial, helvetica, sans-serif\"><strong><span style=\"letter-spacing: 0px;font-size: 29px\"><a name=\"Capsule Injection Machine\"><\/a>M\u00e1quina de inje\u00e7\u00e3o de c\u00e1psulas<\/span><\/strong><\/span><\/h2>\n<p style=\"text-align: center\"><span style=\"font-family: arial, helvetica, sans-serif;font-size: 16px\"><span style=\"font-family: arial, helvetica, sans-serif;letter-spacing: 0px\"><a href=\"#Capsule Injection Machine\" target=\"_self\" data-lv=\"0\" rel=\"noopener\">M\u00e1quina de inje\u00e7\u00e3o de c\u00e1psulas<\/a>|<a href=\"#Product specification\" target=\"_self\" data-lv=\"0\" rel=\"noopener\">Especifica\u00e7\u00e3o do produto<\/a>|<\/span><a href=\"#Product Features\" target=\"_self\" data-lv=\"0\" rel=\"noopener\"><span style=\"font-family: arial, helvetica, sans-serif;letter-spacing: 0px\">Carater\u00edsticas do produto<\/span><span style=\"font-family: arial, helvetica, sans-serif;letter-spacing: 0px\"><\/span><\/a><\/span><\/p>\n<p><\/p>\n<p style=\"text-align: center\">\n<p>Se tem um neg\u00f3cio que vende gelados, ent\u00e3o precisa de uma m\u00e1quina que possa encher os seus cones com a quantidade perfeita de gelado. Com as nossas m\u00e1quinas, poder\u00e1 encher os seus cones com facilidade e sem qualquer confus\u00e3o. Al\u00e9m disso, as nossas m\u00e1quinas foram concebidas para trabalhar com qualquer tipo de gelado, pelo que pode sempre obter o enchimento perfeito, independentemente do seu sabor de elei\u00e7\u00e3o. Oferecemos uma variedade de m\u00e1quinas para atender \u00e0s suas necessidades, e a nossa equipa experiente est\u00e1 sempre dispon\u00edvel para responder a quaisquer perguntas que possa ter. Contacte-nos hoje para saber mais sobre as nossas m\u00e1quinas de enchimento de gelados e como elas podem ajudar o seu neg\u00f3cio a ter sucesso.<\/p>\n<h2 style=\"margin: 0px;text-indent: 0px;text-align: justify\"><strong><span style=\"letter-spacing: 0px;font-family: arial, helvetica, sans-serif;font-size: 24px\"><br \/><\/span><\/strong><\/h2>\n<h2 style=\"margin: 0px;text-indent: 0px;text-align: justify\"><strong><span style=\"letter-spacing: 0px;font-family: arial, helvetica, sans-serif;font-size: 24px\"><a name=\"Product specification\"><\/a>Especifica\u00e7\u00e3o do produto:<\/span><\/strong><\/h2>\n<p style=\"margin-top:0;margin-right:0;margin-bottom:0;margin-left:0;text-indent:0;text-align:justify\"><span style=\"letter-spacing: 0px;font-family: arial, helvetica, sans-serif;font-size: 16px\">A m\u00e1quina de enchimento \u00e9 um produto da hommy que \u00e9 transformado e inovado com refer\u00eancia \u00e0 tecnologia avan\u00e7ada de m\u00e1quina de enchimento estrangeira. A sua estrutura \u00e9 mais simples e mais razo\u00e1vel, com elevada precis\u00e3o e opera\u00e7\u00e3o mais f\u00e1cil. Equipamento ideal para o enchimento de l\u00edquidos de alto teor.<\/span><\/p>\n<p style=\"margin-top:0;margin-right:0;margin-bottom:0;margin-left:0;text-indent:0;text-align:justify\"><span style=\"letter-spacing: 0px;font-family: arial, helvetica, sans-serif;font-size: 16px\"><br \/><\/span><\/p>\n<p><\/p>\n<p style=\"text-align: center\"><img decoding=\"async\" src=\"https:\/\/www.hommy.com\/wp-content\/uploads\/16012721392846.png\" alt=\"produto-Hommy-img\" title=\"\"><\/p>\n<p><\/p>\n<p style=\"text-align: center\">&nbsp;<img decoding=\"async\" src=\"https:\/\/www.hommy.com\/wp-content\/uploads\/16012721818160.png\" alt=\"produto-Hommy-img\" title=\"\"><\/p>\n<p><\/p>\n<p><\/p>\n<p><\/p>\n<div class=\"d-tem01-graphic tem01-graphic mockup\" data-detail=\"wrap\">\n<div class=\"cont-section clearfix d-clearfix\">\n<div class=\"col-md-6 col-sm-6 col-xs-6\">\n<div class=\"right-p\">\n<div class=\"h2 heading\">\n<p style=\"text-align:center\"><img decoding=\"async\" src=\"https:\/\/www.hommy.com\/wp-content\/uploads\/16012727922896.png\" alt=\"produto-SJIII-K100 M\u00e1quina de inje\u00e7\u00e3o de c\u00e1psulas-Hommy-img\" style=\"font-size: 14px\" title=\"\"><\/p>\n<p><span style=\"font-size: 14px\">&nbsp; &nbsp; &nbsp; &nbsp; &nbsp; &nbsp; &nbsp;<\/span><\/div>\n<\/div>\n<\/div>\n<div class=\"col-md-6 col-sm-6 col-xs-6\">\n<div class=\"right-p\">\n<div class=\"h2 heading\">\n<h2 style=\"margin: 0px;text-indent: 0px;text-align: justify\"><strong><span style=\"letter-spacing: 0px;font-family: arial, helvetica, sans-serif;font-size: 24px\"><a name=\"Product Features\"><\/a>Carater\u00edsticas do produto:<\/span><\/strong><\/h2>\n<p style=\"text-indent: 0\"><span style=\"letter-spacing: 0px;font-family: arial, helvetica, sans-serif;font-size: 16px\">Al\u00e9m disso, engenheiros altamente qualificados, tecn\u00f3logos competentes e pessoal experiente contribuem muito para o desenvolvimento da empresa.<\/span><\/p>\n<p style=\"text-indent: 0\"><span style=\"letter-spacing: 0px;font-family: arial, helvetica, sans-serif;font-size: 16px\">1. A m\u00e1quina de enchimento para enchimento de fluidos de alta concentra\u00e7\u00e3o utiliza o princ\u00edpio de um pist\u00e3o acionado por um cilindro para extrair e ejetar materiais de alta concentra\u00e7\u00e3o, e controlar o curso do cilindro com um interrutor de palheta para ajustar o volume de enchimento. A m\u00e1quina pode trabalhar sem eletricidade, \u00e9 mais segura e o seu design humanizado est\u00e1 mais de acordo com as exig\u00eancias das empresas modernas.<\/span><\/p>\n<p style=\"text-indent: 0\"><span style=\"letter-spacing: 0px;font-family: arial, helvetica, sans-serif;font-size: 16px\">2. A\u00e7o: O corpo \u00e9 feito de a\u00e7o inoxid\u00e1vel e as pe\u00e7as de contacto com o material s\u00e3o de a\u00e7o inoxid\u00e1vel sanit\u00e1rio 304, que cumpre os requisitos de seguran\u00e7a GMP e QS.<\/span><\/p>\n<p style=\"text-indent: 0\"><span style=\"letter-spacing: 0px;font-family: arial, helvetica, sans-serif;font-size: 16px\">3. Dose de enchimento: O volume de enchimento e a velocidade de enchimento podem ser ajustados arbitrariamente, e a precis\u00e3o de enchimento \u00e9 elevada.<\/span><\/p>\n<p style=\"text-indent: 0\"><span style=\"letter-spacing: 0px;font-family: arial, helvetica, sans-serif;font-size: 16px\">4. A antepara de enchimento adopta um dispositivo de enchimento anti-gotejamento e anti-estiramento e um dispositivo de enchimento elevat\u00f3rio.<\/span><\/p>\n<p style=\"text-indent: 0\"><span style=\"letter-spacing: 0px;font-family: arial, helvetica, sans-serif;font-size: 16px\">5. Com agita\u00e7\u00e3o, \u00e9 mais adequado para produtos com elevada viscosidade e fraca fluidez.<\/span><\/p>\n<p style=\"text-indent: 0\"><span style=\"letter-spacing: 0px;font-family: arial, helvetica, sans-serif;font-size: 16px\">6. Uma vez que as partes da m\u00e1quina em contacto com os materiais s\u00e3o todas feitas de a\u00e7o inoxid\u00e1vel, tem resist\u00eancia anti-bordadura e \u00e0 corros\u00e3o.<\/span><\/p>\n<p style=\"text-indent: 0\"><span style=\"letter-spacing: 0px;font-family: arial, helvetica, sans-serif;font-size: 16px\">7. Esta m\u00e1quina \u00e9 completamente controlada por ar comprimido, n\u00e3o \u00e9 necess\u00e1ria qualquer fonte de alimenta\u00e7\u00e3o, e \u00e9 especialmente utilizada em ambientes \u00e0 prova de explos\u00e3o com elevada seguran\u00e7a;<\/span><\/p>\n<p style=\"text-indent: 0\"><span style=\"letter-spacing: 0px;font-family: arial, helvetica, sans-serif;font-size: 16px\">8. Devido ao controlo pneum\u00e1tico e ao posicionamento mec\u00e2nico, a precis\u00e3o do enchimento \u00e9 elevada, sendo controlada dentro de 0,5 \u2030;<\/span><\/p>\n<p style=\"text-indent: 0\"><span style=\"letter-spacing: 0px;font-family: arial, helvetica, sans-serif;font-size: 16px\">9. A opera\u00e7\u00e3o \u00e9 simples e f\u00e1cil de usar; a taxa de falha \u00e9 baixa.<\/span><\/p>\n<\/div>\n<\/div>\n<p>&nbsp; &nbsp; &nbsp; &nbsp; &nbsp; &nbsp;<\/p><\/div>\n<\/div>\n<\/div>\n<p><\/p>\n<h2>Quanto tempo dura um <a style=\"color:blue\" href=\"\/pt\/\">m\u00e1quina de gelados<\/a> precisa de congelar?<\/h2>\n<p style=\"margin-top: 5px;margin-bottom: 5px\"><\/p>\n<p style=\"margin-top: 5px;margin-bottom: 5px\">A nossa m\u00e1quina de gelados \u00e9 uma m\u00e1quina de gelados Prestige com um prazo de validade de 3-4 anos. Se tiver comprado a m\u00e1quina depois de junho de 2009, ela ter\u00e1 at\u00e9 3 anos de idade quando a receber.<\/p>\n<p style=\"margin-top: 5px;margin-bottom: 5px\"><\/p>\n<p style=\"margin-top: 5px;margin-bottom: 5px\">Se tiver uma m\u00e1quina de gelado Prestige com um prazo de validade inferior a 3 anos, o prazo de validade ser\u00e1 de 1-2 anos.<\/p>\n<p style=\"margin-top: 5px;margin-bottom: 5px\"><\/p>\n<p style=\"margin-top: 5px;margin-bottom: 5px\"><\/p>\n<h2>Quanto tempo demora a bater o gelado numa m\u00e1quina de gelados?<\/h2>\n<p style=\"margin-top: 5px;margin-bottom: 5px\"><\/p>\n<p style=\"margin-top: 5px;margin-bottom: 5px\">A:<\/p>\n<p style=\"margin-top: 5px;margin-bottom: 5px\"><\/p>\n<p style=\"margin-top: 5px;margin-bottom: 5px\">J\u00e1 utilizei m\u00e1quinas de gelado que podem fazer gelado em menos de uma hora.  Tamb\u00e9m j\u00e1 usei m\u00e1quinas de gelado que podem demorar tr\u00eas a quatro horas a fazer uma fornada de gelado.  Depende realmente do tamanho da sua m\u00e1quina de gelados.&nbsp;&nbsp;<\/p>\n<p style=\"margin-top: 5px;margin-bottom: 5px\">A m\u00e1quina de gelados que tenho agora \u00e9 um pouco maior do que a maioria das m\u00e1quinas de gelados.  J\u00e1 vi m\u00e1quinas de gelado maiores demorarem at\u00e9 oito horas a bater o gelado.<\/p>\n<p style=\"margin-top: 5px;margin-bottom: 5px\"><\/p>\n<h2>Que quantidade de sal devo colocar na minha m\u00e1quina de gelados?<\/h2>\n<p style=\"margin-top: 5px;margin-bottom: 5px\"><\/p>\n<p style=\"margin-top: 5px;margin-bottom: 5px\">Estou \u00e0 procura da melhor quantidade de sal para utilizar no fabrico de gelados. Tenho uma m\u00e1quina Breville. Ela faz meio quilo de gelado de cada vez. Quero fazer gelado de chocolate, massa de bolacha e banana.<\/p>\n<p style=\"margin-top: 5px;margin-bottom: 5px\"><\/p>\n<p style=\"margin-top: 5px;margin-bottom: 5px\">N\u00e3o tenho a certeza da quantidade de sal a utilizar. Experimentei uma receita e \u00e9 muito salgada. A outra receita \u00e9 um pouco doce demais para mim.<\/p>\n<\/div><\/div>","protected":false},"excerpt":{"rendered":"<p>&nbsp; &nbsp;&nbsp; Capsule Injection Machine Capsule Injection Machine|Product specification|Product Features If you have a business that sells ice cream, then you need a machine that can fill your cones with the perfect amount of ice cream. With our machines, you&#039;ll be able to fill your cones with ease, and without any mess. Plus, our machines [&hellip;]<\/p>\n","protected":false},"featured_media":1950,"comment_status":"open","ping_status":"open","template":"","meta":{"_swt_meta_header_display":false,"_swt_meta_footer_display":false,"_swt_meta_site_title_display":false,"_swt_meta_sticky_header":false,"_swt_meta_transparent_header":false},"product_brand":[],"product_cat":[86],"product_tag":[],"class_list":{"0":"post-952","1":"product","2":"type-product","3":"status-publish","4":"has-post-thumbnail","6":"product_cat-one-shot-machine","8":"first","9":"instock","10":"shipping-taxable","11":"product-type-simple"},"_links":{"self":[{"href":"https:\/\/www.hommy.com\/pt\/wp-json\/wp\/v2\/product\/952","targetHints":{"allow":["GET"]}}],"collection":[{"href":"https:\/\/www.hommy.com\/pt\/wp-json\/wp\/v2\/product"}],"about":[{"href":"https:\/\/www.hommy.com\/pt\/wp-json\/wp\/v2\/types\/product"}],"replies":[{"embeddable":true,"href":"https:\/\/www.hommy.com\/pt\/wp-json\/wp\/v2\/comments?post=952"}],"wp:featuredmedia":[{"embeddable":true,"href":"https:\/\/www.hommy.com\/pt\/wp-json\/wp\/v2\/media\/1950"}],"wp:attachment":[{"href":"https:\/\/www.hommy.com\/pt\/wp-json\/wp\/v2\/media?parent=952"}],"wp:term":[{"taxonomy":"product_brand","embeddable":true,"href":"https:\/\/www.hommy.com\/pt\/wp-json\/wp\/v2\/product_brand?post=952"},{"taxonomy":"product_cat","embeddable":true,"href":"https:\/\/www.hommy.com\/pt\/wp-json\/wp\/v2\/product_cat?post=952"},{"taxonomy":"product_tag","embeddable":true,"href":"https:\/\/www.hommy.com\/pt\/wp-json\/wp\/v2\/product_tag?post=952"}],"curies":[{"name":"wp","href":"https:\/\/api.w.org\/{rel}","templated":true}]}}