{"id":941,"date":"2024-07-02T17:24:54","date_gmt":"2024-07-02T17:24:54","guid":{"rendered":"http:\/\/localhost\/hommywp\/hm25apl-automatic-capsule-filling-production-line-for-one-shot\/"},"modified":"2025-08-01T09:57:47","modified_gmt":"2025-08-01T09:57:47","slug":"hm25apl-linha-de-producao-de-enchimento-automatico-de-uma-dose","status":"publish","type":"product","link":"https:\/\/www.hommy.com\/pt\/p\/hm25apl-linha-de-producao-de-enchimento-automatico-de-uma-dose\/","title":{"rendered":"Linha de produ\u00e7\u00e3o de enchimento de c\u00e1psula autom\u00e1tica Hm25apl para One-Shot"},"content":{"rendered":"<div>\n<p>&nbsp;&nbsp;&nbsp;&nbsp;<\/p>\n<h2 style=\"text-align: center\"><strong><span style=\"letter-spacing: 0px;font-size: 29px;font-family: arial, helvetica, sans-serif\"><a name=\"Capsule Automatic Filling Production Line\"><\/a>Linha de produ\u00e7\u00e3o de enchimento autom\u00e1tico de c\u00e1psulas<\/span><\/strong><span style=\"font-family:\u5b8b\u4f53;letter-spacing:0;font-size:29px\">&nbsp;<\/span><\/h2>\n<p style=\"text-align: center\"><a href=\"#Capsule Automatic Filling Production Line\" target=\"_self\" data-lv=\"0\" rel=\"noopener\"><span style=\"font-family: \u5b8b\u4f53;letter-spacing: 0px;font-size: 16px\">Linha de produ\u00e7\u00e3o de enchimento autom\u00e1tico de c\u00e1psulas<\/span><\/a><span style=\"font-family: \u5b8b\u4f53;letter-spacing: 0px;font-size: 16px\">|<a href=\"#Product specification\" target=\"_self\" data-lv=\"0\" rel=\"noopener\">Especifica\u00e7\u00e3o do produto<\/a>|<a href=\"#Product Features\" target=\"_self\" data-lv=\"0\" rel=\"noopener\">Carater\u00edsticas do produto<\/a><\/span><\/p>\n<p><\/p>\n<p style=\"text-align: center\">\n<p style=\"text-align: center\">&nbsp;&nbsp;&nbsp;&nbsp;<\/p>\n<p>Estamos a oferecer a nossa Linha de Produ\u00e7\u00e3o de Enchimento de C\u00e1psulas para One-Shot na melhor qualidade a pre\u00e7os mais competitivos. A linha de produ\u00e7\u00e3o oferecida \u00e9 feita de materiais de qualidade testada para garantir o funcionamento suave e eficiente da linha de produ\u00e7\u00e3o. Al\u00e9m disso, a linha de produ\u00e7\u00e3o \u00e9 projetada de acordo com os padr\u00f5es internacionais para garantir o funcionamento impec\u00e1vel da m\u00e1quina.&nbsp;<\/p>\n<h2 style=\"margin: 0px;text-indent: 0px;text-align: justify\"><span style=\"letter-spacing: 0px;font-family: arial, helvetica, sans-serif;font-size: 24px\"><a name=\"Product specification\"><\/a>Especifica\u00e7\u00e3o do produto:<\/span><\/h2>\n<p style=\"margin-top:0;margin-right:0;margin-bottom:0;margin-left:0;text-indent:0;text-align:justify\"><span style=\"letter-spacing: 0px;font-family: arial, helvetica, sans-serif;font-size: 16px\">A m\u00e1quina One-Shot alterou todas as regras para a distribui\u00e7\u00e3o de sobremesas congeladas, incluindo gelado, iogurte congelado ...... A m\u00e1quina One-Shot \u00e9 o verdadeiro fator de mudan\u00e7a. N\u00e3o h\u00e1 necessidade de ficar preso ao legado da tecnologia de servi\u00e7o suave, e tamb\u00e9m pode reduzir as complica\u00e7\u00f5es da f\u00e1brica de gelados. O pesadelo associado \u00e0 higieniza\u00e7\u00e3o, o aumento dos custos de energia, a qualidade vari\u00e1vel e a integridade do produto e o desperd\u00edcio substancial n\u00e3o ser\u00e3o uma quest\u00e3o.<\/span><\/p>\n<p style=\"margin-top:0;margin-right:0;margin-bottom:0;margin-left:0;text-indent:0;text-align:justify\"><span style=\"letter-spacing: 0px;font-family: arial, helvetica, sans-serif;font-size: 16px\"><br \/><\/span><\/p>\n<p style=\"margin-top:0;margin-right:0;margin-bottom:0;margin-left:0;text-indent:0;text-align:justify\"><span style=\"letter-spacing: 0px;font-family: arial, helvetica, sans-serif;font-size: 16px\"><br \/><\/span><\/p>\n<p style=\"text-align:center\"><span style=\"letter-spacing: 0px;font-family: arial, helvetica, sans-serif;font-size: 16px\"><img decoding=\"async\" src=\"https:\/\/www.hommy.com\/wp-content\/uploads\/16013395079190.png\" alt=\"produto-Hommy-img\" title=\"\"><\/span><\/p>\n<p style=\"text-align: left\"><span style=\"letter-spacing: 0px;font-family: arial, helvetica, sans-serif;font-size: 16px\"><br \/><\/span><\/p>\n<p style=\"text-align: left\"><span style=\"letter-spacing: 0px;font-family: arial, helvetica, sans-serif;font-size: 16px\"><\/span><\/p>\n<div class=\"d-tem01-graphic tem01-graphic mockup\" data-detail=\"wrap\">\n<div class=\"cont-section clearfix d-clearfix\">\n<div class=\"col-md-6 col-sm-6 col-xs-6\"><\/p>\n<div class=\"graphic_pic animated wow bounceIn\" data-wow-delay=\".7s\">\n<p style=\"text-align:center\"><img decoding=\"async\" src=\"https:\/\/www.hommy.com\/wp-content\/uploads\/16013395291695.jpg\" alt=\"produto-HM25APL linha de produ\u00e7\u00e3o de enchimento autom\u00e1tico de uma dose-Hommy-img\" title=\"\"><\/p>\n<\/div>\n<\/div>\n<div class=\"col-md-6 col-sm-6 col-xs-6\">\n<div class=\"right-p\">\n<div class=\"h2 heading\">\n<h2 style=\"margin: 0px;text-indent: 0px;text-align: justify\"><strong><span style=\"letter-spacing: 0px;font-family: arial, helvetica, sans-serif;font-size: 24px\"><a name=\"Product Features\"><\/a>Carater\u00edsticas do produto:<\/span><\/strong><\/h2>\n<p style=\"margin-top:0;margin-right:0;margin-bottom:0;margin-left:0;text-indent:0;text-align:justify\"><span style=\"letter-spacing: 0px;font-size: 16px;font-family: arial, helvetica, sans-serif\"><br \/><\/span><\/p>\n<p style=\"margin-top:0;margin-right:0;margin-bottom:0;margin-left:0;text-indent:0;text-align:justify\"><span style=\"letter-spacing: 0px;font-size: 16px;font-family: arial, helvetica, sans-serif\">A: m\u00e1quina autom\u00e1tica de enchimento de c\u00e1psulas <\/span><\/p>\n<p><span style=\"font-size: 16px;font-family: arial, helvetica, sans-serif\">1. Esta linha de produ\u00e7\u00e3o que projetamos baseia-se em 3000-4000pcs todos os dias com base em 8-10 horas de trabalho, <\/span><\/p>\n<p><span style=\"font-size: 16px;font-family: arial, helvetica, sans-serif\">&nbsp;&nbsp;Utilizar uma pessoa para o trabalhar . produzir uma ch\u00e1vena em cerca de 6 segundos . <\/span><\/p>\n<p style=\"margin-left:0;text-indent:0\"><span style=\"font-size: 16px;font-family: arial, helvetica, sans-serif\">2. O volume do copo de cada vez pode manter 72pcs (9pcs X 8 linhas) <\/span><\/p>\n<p style=\"margin-left:0;text-indent:0\"><span style=\"font-size: 16px;font-family: arial, helvetica, sans-serif\">3. Linha de produ\u00e7\u00e3o que mant\u00e9m 18pcs porta-copos. <\/span><\/p>\n<p style=\"margin-left:0;text-indent:0\"><span style=\"font-size: 16px;font-family: arial, helvetica, sans-serif\">4. Liga\u00e7\u00e3o da m\u00e1quina de inje\u00e7\u00e3o com <a style=\"color:blue\" href=\"https:\/\/www.hommy.com\/pt\/maquina-de-gelado-soft\/\">m\u00e1quina de gelado soft<\/a> Injetar diretamente o gelado no copo e fazer com que o gelado n\u00e3o derreta facilmente. <\/span><\/p>\n<p style=\"margin-left:0;text-indent:0\"><span style=\"font-family: arial, helvetica, sans-serif;font-size: 16px\">5. papel de selagem cada rolo cerca de 1500pcs<\/span><span style=\"font-family: arial, helvetica, sans-serif;font-size: 13px\"> <\/span><\/p>\n<p style=\"margin-left:0;text-indent:0\"><span style=\"font-size: 16px;font-family: arial, helvetica, sans-serif\">6. Acrescentar um selo por dia de produ\u00e7\u00e3o.<\/span><\/p>\n<p><span style=\"letter-spacing: 0px;font-size: 16px;font-family: arial, helvetica, sans-serif\">B: m\u00e1quina de sorvete expresso &amp; <a style=\"color:blue\" href=\"https:\/\/www.hommy.com\/pt\/maquina-de-gelados-duros\/\">m\u00e1quina de gelados duros<\/a> <\/span><\/p>\n<p><span style=\"font-size: 16px;font-family: arial, helvetica, sans-serif\">N\u00f3s escolhemos 2 unidades da m\u00e1quina HM726 porque n\u00e3o podemos fazer a linha de produ\u00e7\u00e3o parar para produzir sorvete, ent\u00e3o precisamos de uma m\u00e1quina para<\/span><\/p>\n<p><span style=\"font-size: 16px;font-family: arial, helvetica, sans-serif\">&nbsp;produzir lote para aguardar a pr\u00f3xima inje\u00e7\u00e3o. <\/span><\/p>\n<p><span style=\"font-family: arial, helvetica, sans-serif;font-size: 16px\"><span style=\"font-family: arial, helvetica, sans-serif\">C:&nbsp;<\/span><span style=\"font-family: arial, helvetica, sans-serif\">F<\/span><span style=\"font-family: arial, helvetica, sans-serif\">fluxo do t\u00fanel de frio ast<\/span><\/span><\/p>\n<p><span style=\"font-family: arial, helvetica, sans-serif;font-size: 16px\"><span style=\"font-family: arial, helvetica, sans-serif\">1.&nbsp;&nbsp;<\/span><span style=\"font-family: arial, helvetica, sans-serif\">A m\u00e1quina no seu interior escolhe um transportador de a\u00e7o inoxid\u00e1vel que \u00e9 um transporte secund\u00e1rio, o primeiro envia o gelado para dentro do chiller, o segundo congela enquanto transporta o gelado.<\/span><\/span><span style=\"font-family: arial, helvetica, sans-serif;font-size: 13px\"> <\/span><\/p>\n<p style=\"margin-left:0;text-indent:0\"><span style=\"font-size: 16px;font-family: arial, helvetica, sans-serif\">2. O compressor \u00e9 5 ph maior empresa, ele pode passar a temperatura de cerca de -18C. <\/span><\/p>\n<p style=\"margin-left:0;text-indent:0\"><span style=\"font-size: 16px;font-family: arial, helvetica, sans-serif\">3. Adicionar duas janelas para observar se o funcionamento interno da m\u00e1quina \u00e9 normal. <\/span><\/p>\n<p style=\"margin-left:0;text-indent:0\"><span style=\"font-size: 16px;font-family: arial, helvetica, sans-serif\">4. A velocidade do transportador pode ser ajustada, pode completar um c\u00edrculo em 5-20 minutos, com base na sua quantidade ajustada. <\/span><\/p>\n<p style=\"margin-left:0;text-indent:0\"><span style=\"font-size: 16px;font-family: arial, helvetica, sans-serif\">5. Tamanho da m\u00e1quina: 1,3 X1,6X0,8m&nbsp;<\/span><\/p>\n<\/div>\n<\/div>\n<p>&nbsp; &nbsp; &nbsp; &nbsp; &nbsp; &nbsp;<\/p><\/div>\n<\/div>\n<\/div>\n<p>Documento\uff1a<img decoding=\"async\" src=\"https:\/\/www.hommy.com\/wp-content\/uploads\/icon_pdf-70.gif\" style=\"margin-right: 2px\" alt=\"produto-Hommy-img\" title=\"\"><a href=\"https:\/\/img80002414.weyesimg.com\/uploads\/www.hommy.com\/addon\/16025788495560.pdf\" title=\"16025788495560.pdf\" style=\"font-size: 12px\">16025788495560.pdf<\/a><\/p>\n<h2>Como se faz um gelado caseiro em 5 minutos?<\/h2>\n<p style=\"margin-top: 5px;margin-bottom: 5px\">Esta \u00e9 uma receita de gelado que utiliza ingredientes frescos e pode ser feita em menos de 5 minutos. \u00c9 muito rico e cremoso, e tem uma textura suave e macia. \u00c9 um deleite perfeito para o ver\u00e3o, e adoramos t\u00ea-lo depois do jantar numa noite quente de ver\u00e3o. Costumava fazer esta receita simplesmente colocando todos os ingredientes num processador de alimentos e batendo-a, mas ultimamente tenho usado um <a style=\"color:blue\" href=\"\/pt\/\">m\u00e1quina de gelados<\/a>.<\/p>\n<p style=\"margin-top: 5px;margin-bottom: 5px\"><\/p>\n<h2>Quanto tempo \u00e9 necess\u00e1rio para bater o gelado?<\/h2>\n<p style=\"margin-top: 5px;margin-bottom: 5px\">A batedeira de gelados \u00e9 o utens\u00edlio mais importante da sua cozinha. \u00c9 ela que pega nos ingredientes crus e os transforma numa guloseima cremosa e deliciosa. Se n\u00e3o tiver uma batedeira ou uma batedeira de m\u00e3o, \u00e9 muito f\u00e1cil bater o gelado com uma colher e uma tigela. Se tiver uma batedeira, uma batedeira de m\u00e3o ou uma batedeira com um acess\u00f3rio de m\u00e3o, deve bater durante cerca de 8 a 10 minutos, ou at\u00e9 o gelado ficar macio e cremoso.<\/p>\n<p style=\"margin-top: 5px;margin-bottom: 5px\"><\/p>\n<h2>Porque \u00e9 que o meu creme de leite \u00e9 t\u00e3o espesso?<\/h2>\n<p style=\"margin-top: 5px;margin-bottom: 5px\">H\u00e1 anos que fa\u00e7o as minhas pr\u00f3prias natas e sempre utilizei as instru\u00e7\u00f5es desta receita da King Arthur Flour. Recentemente, tenho-o feito num jarro de vidro e nunca ficou demasiado espesso, mesmo com um pouco mais de uma ch\u00e1vena de natas. Li que se deixar as natas arrefecer, a \u00e1gua das natas separa-se e as natas engrossam. Tenho feito isso e, na verdade, n\u00e3o engrossou, apenas o tornou mais espesso.<\/p>\n<\/div><\/div>","protected":false},"excerpt":{"rendered":"<p>&nbsp;&nbsp;&nbsp;&nbsp; Capsule Automatic Filling Production Line&nbsp; Capsule Automatic Filling Production Line|Product specification|Product Features &nbsp;&nbsp;&nbsp;&nbsp; We are offering our Capsule Filling Production Line for One-Shot in the best quality at most competitive prices. The offered production line is made of quality tested materials to ensure the smooth and efficient functioning of the production line. Furthermore, the [&hellip;]<\/p>\n","protected":false},"featured_media":1948,"comment_status":"open","ping_status":"open","template":"","meta":{"_swt_meta_header_display":false,"_swt_meta_footer_display":false,"_swt_meta_site_title_display":false,"_swt_meta_sticky_header":false,"_swt_meta_transparent_header":false},"product_brand":[],"product_cat":[86],"product_tag":[],"class_list":{"0":"post-941","1":"product","2":"type-product","3":"status-publish","4":"has-post-thumbnail","6":"product_cat-one-shot-machine","8":"first","9":"instock","10":"shipping-taxable","11":"product-type-simple"},"_links":{"self":[{"href":"https:\/\/www.hommy.com\/pt\/wp-json\/wp\/v2\/product\/941","targetHints":{"allow":["GET"]}}],"collection":[{"href":"https:\/\/www.hommy.com\/pt\/wp-json\/wp\/v2\/product"}],"about":[{"href":"https:\/\/www.hommy.com\/pt\/wp-json\/wp\/v2\/types\/product"}],"replies":[{"embeddable":true,"href":"https:\/\/www.hommy.com\/pt\/wp-json\/wp\/v2\/comments?post=941"}],"wp:featuredmedia":[{"embeddable":true,"href":"https:\/\/www.hommy.com\/pt\/wp-json\/wp\/v2\/media\/1948"}],"wp:attachment":[{"href":"https:\/\/www.hommy.com\/pt\/wp-json\/wp\/v2\/media?parent=941"}],"wp:term":[{"taxonomy":"product_brand","embeddable":true,"href":"https:\/\/www.hommy.com\/pt\/wp-json\/wp\/v2\/product_brand?post=941"},{"taxonomy":"product_cat","embeddable":true,"href":"https:\/\/www.hommy.com\/pt\/wp-json\/wp\/v2\/product_cat?post=941"},{"taxonomy":"product_tag","embeddable":true,"href":"https:\/\/www.hommy.com\/pt\/wp-json\/wp\/v2\/product_tag?post=941"}],"curies":[{"name":"wp","href":"https:\/\/api.w.org\/{rel}","templated":true}]}}