{"id":937,"date":"2024-07-02T17:24:50","date_gmt":"2024-07-02T17:24:50","guid":{"rendered":"http:\/\/localhost\/hommywp\/hm25-one-shot-machine-for-ice-cream-frozen-yogurt-manufacturer\/"},"modified":"2025-09-14T00:52:22","modified_gmt":"2025-09-14T00:52:22","slug":"dispensador-de-sobremesas-congeladas-one-off-maquina-de-gelados-one-shot","status":"publish","type":"product","link":"https:\/\/www.hommy.com\/pt\/p\/dispensador-de-sobremesas-congeladas-one-off-maquina-de-gelados-one-shot\/","title":{"rendered":"Hm25 M\u00e1quina de dose \u00fanica Para Sorvete, Iogurte Congelado Fabricante"},"content":{"rendered":"<h2 class=\"wp-block-heading has-text-align-center has-arial-helvetica-sans-serif-font-family\" id=\"One shot ice cream machine\" style=\"font-size:29px;font-style:normal;font-weight:700;letter-spacing:0px\">M\u00e1quina de gelados de dose \u00fanica<\/h2>\n\n\n\n<p class=\"has-text-align-center\" style=\"font-size:16px\"><a href=\"#One shot ice cream machine\" target=\"_self\" rel=\"noopener\" data-lv=\"0\">M\u00e1quina de gelados de dose \u00fanica<\/a>|<a href=\"#Product specification\" target=\"_self\" rel=\"noopener\" data-lv=\"0\">Especifica\u00e7\u00e3o do produto<\/a>|<a href=\"#Product Features\" target=\"_self\" rel=\"noopener\" data-lv=\"0\">Carater\u00edsticas do produto<\/a>|<a href=\"#Product Advantage\" target=\"_self\" rel=\"noopener\" data-lv=\"0\">Vantagem do produto<\/a><\/p>\n\n\n\n<p class=\"has-text-align-center\">Os gelados One shot dispon\u00edveis no mercado s\u00e3o processados com o m\u00e1ximo cuidado para adicionar a quantidade desejada de sabores. Os gelados One shot n\u00e3o cont\u00eam quaisquer conservantes. Trata-se apenas de uma combina\u00e7\u00e3o de fruta e outros sabores naturais. Os gelados de dose \u00fanica s\u00e3o fabricados utilizando os nossos produtos l\u00e1cteos de melhor qualidade para garantir a frescura e o sabor.<\/p>\n\n\n\n<h2 class=\"wp-block-heading has-arial-helvetica-sans-serif-font-family\" id=\"Product specification\" style=\"font-size:24px;font-style:normal;font-weight:700\">Especifica\u00e7\u00e3o do produto :<\/h2>\n\n\n\n<p class=\"has-arial-helvetica-sans-serif-font-family\" style=\"font-size:16px\">A m\u00e1quina One-Shot alterou todas as regras para a distribui\u00e7\u00e3o de sobremesas congeladas, incluindo gelado, iogurte congelado ...... A m\u00e1quina One-Shot \u00e9 o verdadeiro fator de mudan\u00e7a. N\u00e3o h\u00e1 necessidade de ficar preso ao legado da tecnologia de servi\u00e7o suave, e tamb\u00e9m pode reduzir as complica\u00e7\u00f5es da f\u00e1brica de gelados. O pesadelo associado \u00e0 higieniza\u00e7\u00e3o, o aumento dos custos de energia, a qualidade vari\u00e1vel e a integridade do produto e o desperd\u00edcio substancial n\u00e3o ser\u00e3o uma quest\u00e3o.<\/p>\n\n\n\n<figure class=\"wp-block-image aligncenter size-full\"><img loading=\"lazy\" decoding=\"async\" width=\"590\" height=\"800\" src=\"https:\/\/www.hommy.com\/wp-content\/uploads\/HM25op-6.jpg\" alt=\"\" class=\"wp-image-2604\" title=\"\" srcset=\"https:\/\/www.hommy.com\/wp-content\/uploads\/HM25op-6.jpg 590w, https:\/\/www.hommy.com\/wp-content\/uploads\/HM25op-6-221x300.jpg 221w, https:\/\/www.hommy.com\/wp-content\/uploads\/HM25op-6-9x12.jpg 9w\" sizes=\"auto, (max-width: 590px) 100vw, 590px\" \/><\/figure>\n\n\n\n<div style=\"height:100px\" aria-hidden=\"true\" class=\"wp-block-spacer\"><\/div>\n\n\n\n<div class=\"wp-block-columns is-layout-flex wp-container-core-columns-is-layout-28f84493 wp-block-columns-is-layout-flex\">\n<div class=\"wp-block-column is-layout-flow wp-block-column-is-layout-flow\">\n<figure class=\"wp-block-image aligncenter size-full\"><img loading=\"lazy\" decoding=\"async\" width=\"600\" height=\"645\" src=\"https:\/\/www.hommy.com\/wp-content\/uploads\/HM25_new_mainpic.jpg\" alt=\"\" class=\"wp-image-2598\" title=\"\" srcset=\"https:\/\/www.hommy.com\/wp-content\/uploads\/HM25_new_mainpic.jpg 600w, https:\/\/www.hommy.com\/wp-content\/uploads\/HM25_new_mainpic-279x300.jpg 279w, https:\/\/www.hommy.com\/wp-content\/uploads\/HM25_new_mainpic-11x12.jpg 11w\" sizes=\"auto, (max-width: 600px) 100vw, 600px\" \/><\/figure>\n<\/div>\n\n\n\n<div class=\"wp-block-column is-layout-flow wp-block-column-is-layout-flow\">\n<h2 class=\"wp-block-heading has-arial-helvetica-sans-serif-font-family\" id=\"Product Features\" style=\"font-size:24px;font-style:normal;font-weight:700\">Carater\u00edsticas do produto\uff1a<\/h2>\n\n\n\n<ul style=\"font-size:19px\" class=\"wp-block-list has-arial-helvetica-sans-serif-font-family\">\n<li>Equipamento barato.<\/li>\n\n\n\n<li>F\u00e1cil de utilizar.<\/li>\n\n\n\n<li>Sem sujidade, sem limpeza, sem res\u00edduos.<\/li>\n\n\n\n<li>Seguro para o utilizador.<\/li>\n\n\n\n<li>R\u00e1pido retorno do investimento em equipamento.<\/li>\n\n\n\n<li>utilizar apenas alimenta\u00e7\u00e3o 24V .&nbsp;<\/li>\n<\/ul>\n<\/div>\n<\/div>\n\n\n\n<p class=\"has-arial-helvetica-sans-serif-font-family\" style=\"font-size:16px\">O novo mundo da m\u00e1quina One-Shot pode ajud\u00e1-lo a combinar o lucro com a integridade do produto.<\/p>\n\n\n\n<h2 class=\"wp-block-heading has-arial-helvetica-sans-serif-font-family\" id=\"Product Advantage\" style=\"font-size:24px;font-style:normal;font-weight:700\">Vantagem do produto:<\/h2>\n\n\n\n<p class=\"has-arial-helvetica-sans-serif-font-family\">1. Copo especial fabricado em pl\u00e1stico PE de qualidade alimentar. Temos dois tipos de copo para escolher: HM25-C e HM26-C. O HM25-C s\u00f3 pode ser utilizado uma vez, o HM26-C pode ser utilizado 2-3 vezes.<\/p>\n\n\n\n<figure class=\"wp-block-image aligncenter size-large\"><img decoding=\"async\" src=\"https:\/\/www.hommy.com\/wp-content\/uploads\/16012590642288.png\" alt=\"produto-Venda de um distribuidor de gelados &quot;Tommy-one-shot&quot;-img\" style=\"object-fit:cover\" title=\"\"><\/figure>\n\n\n\n<p class=\"has-arial-helvetica-sans-serif-font-family\">2. A pot\u00eancia de utiliza\u00e7\u00e3o desta m\u00e1quina \u00e9 de 24V, utilizamos um adaptador el\u00e9trico para 110V, 220V, 240V.<\/p>\n\n\n\n<figure class=\"wp-block-image aligncenter size-full\"><img loading=\"lazy\" decoding=\"async\" width=\"360\" height=\"800\" src=\"https:\/\/www.hommy.com\/wp-content\/uploads\/HM25op-4.jpg\" alt=\"\" class=\"wp-image-2602\" title=\"\" srcset=\"https:\/\/www.hommy.com\/wp-content\/uploads\/HM25op-4.jpg 360w, https:\/\/www.hommy.com\/wp-content\/uploads\/HM25op-4-135x300.jpg 135w, https:\/\/www.hommy.com\/wp-content\/uploads\/HM25op-4-5x12.jpg 5w\" sizes=\"auto, (max-width: 360px) 100vw, 360px\" \/><\/figure>\n\n\n\n<p style=\"font-size:19px\">3.\u00a0\u00a0 As c\u00e1psulas s\u00e3o produzidas na f\u00e1brica diretamente na m\u00e1quina e pressionadas. A m\u00e3o do operador n\u00e3o tocou no sorvete, portanto n\u00e3o h\u00e1 um requisito espec\u00edfico para a coloca\u00e7\u00e3o.<\/p>\n\n\n\n<figure class=\"wp-block-image aligncenter size-full\"><img loading=\"lazy\" decoding=\"async\" width=\"360\" height=\"800\" src=\"https:\/\/www.hommy.com\/wp-content\/uploads\/HM25op-3.jpg\" alt=\"\" class=\"wp-image-2601\" style=\"object-fit:cover\" title=\"\" srcset=\"https:\/\/www.hommy.com\/wp-content\/uploads\/HM25op-3.jpg 360w, https:\/\/www.hommy.com\/wp-content\/uploads\/HM25op-3-135x300.jpg 135w, https:\/\/www.hommy.com\/wp-content\/uploads\/HM25op-3-5x12.jpg 5w\" sizes=\"auto, (max-width: 360px) 100vw, 360px\" \/><\/figure>\n\n\n\n<figure class=\"wp-block-gallery has-nested-images columns-default is-cropped wp-block-gallery-1 is-layout-flex wp-block-gallery-is-layout-flex\">\n<figure class=\"wp-block-image size-large\"><img loading=\"lazy\" decoding=\"async\" width=\"360\" height=\"800\" data-id=\"2600\" src=\"https:\/\/www.hommy.com\/wp-content\/uploads\/HM25op-2.jpg\" alt=\"\" class=\"wp-image-2600\" title=\"\" srcset=\"https:\/\/www.hommy.com\/wp-content\/uploads\/HM25op-2.jpg 360w, https:\/\/www.hommy.com\/wp-content\/uploads\/HM25op-2-135x300.jpg 135w, https:\/\/www.hommy.com\/wp-content\/uploads\/HM25op-2-5x12.jpg 5w\" sizes=\"auto, (max-width: 360px) 100vw, 360px\" \/><\/figure>\n\n\n\n<figure class=\"wp-block-image size-large\"><img loading=\"lazy\" decoding=\"async\" width=\"600\" height=\"800\" data-id=\"2603\" src=\"https:\/\/www.hommy.com\/wp-content\/uploads\/HM25op-5.jpg\" alt=\"\" class=\"wp-image-2603\" title=\"\" srcset=\"https:\/\/www.hommy.com\/wp-content\/uploads\/HM25op-5.jpg 600w, https:\/\/www.hommy.com\/wp-content\/uploads\/HM25op-5-225x300.jpg 225w, https:\/\/www.hommy.com\/wp-content\/uploads\/HM25op-5-9x12.jpg 9w\" sizes=\"auto, (max-width: 600px) 100vw, 600px\" \/><\/figure>\n\n\n\n<figure class=\"wp-block-image size-large\"><img loading=\"lazy\" decoding=\"async\" width=\"800\" height=\"520\" data-id=\"2599\" src=\"https:\/\/www.hommy.com\/wp-content\/uploads\/HM25op-1.jpg\" alt=\"\" class=\"wp-image-2599\" title=\"\" srcset=\"https:\/\/www.hommy.com\/wp-content\/uploads\/HM25op-1.jpg 800w, https:\/\/www.hommy.com\/wp-content\/uploads\/HM25op-1-300x195.jpg 300w, https:\/\/www.hommy.com\/wp-content\/uploads\/HM25op-1-768x499.jpg 768w, https:\/\/www.hommy.com\/wp-content\/uploads\/HM25op-1-18x12.jpg 18w, https:\/\/www.hommy.com\/wp-content\/uploads\/HM25op-1-600x390.jpg 600w\" sizes=\"auto, (max-width: 800px) 100vw, 800px\" \/><\/figure>\n<\/figure>\n\n\n\n<figure class=\"wp-block-image aligncenter size-large\"><img decoding=\"async\" src=\"https:\/\/www.hommy.com\/wp-content\/uploads\/16012592586627.png\" alt=\"produto-Hommy-img\" title=\"\"><\/figure>\n\n\n\n<div class=\"wp-block-file\"><a id=\"wp-block-file--pdf-1\" href=\"https:\/\/img80002414.weyesimg.com\/uploads\/www.hommy.com\/addon\/16026420112105.pdf\">16026420112105.pdf<\/a><a href=\"https:\/\/img80002414.weyesimg.com\/uploads\/www.hommy.com\/addon\/16026420112105.pdf\" class=\"wp-block-file__button wp-element-button\" download aria-describedby=\"wp-block-file--pdf-1\">\u4e0b\u8f09<\/a><\/div>\n\n\n<div id=\"rank-math-faq\" class=\"rank-math-block\">\n<div class=\"rank-math-list\">\n<div id=\"faq-question-166851911\" class=\"rank-math-list-item\">\n<h3 class=\"rank-math-question\">O que acontece se batermos o leitelho?<\/h3>\n<div class=\"rank-math-answer\">\n\n<p>A diferen\u00e7a b\u00e1sica entre uma nata l\u00e1ctea e uma nata n\u00e3o l\u00e1ctea \u00e9 que a gordura da manteiga na nata l\u00e1ctea tem um ponto de fus\u00e3o de cerca de 56 graus, que \u00e9 superior ao da \u00e1gua no leitelho ou no iogurte. Isto significa que, se bater a nata, a gordura da manteiga ser\u00e1 batida e n\u00e3o se separar\u00e1, desde que a bata durante apenas alguns minutos.<\/p>\n\n<\/div>\n<\/div>\n<div id=\"faq-question-166851912\" class=\"rank-math-list-item\">\n<h3 class=\"rank-math-question\">Como \u00e9 que se bate gelo no liquidificador?<\/h3>\n<div class=\"rank-math-answer\">\n\n<p>Eu tentei v\u00e1rios m\u00e9todos, mas nenhum deles funciona muito bem. Eu tentei misturar gelo no freezer e ele se transforma em lama. Tentei misturar gelo e depois deix\u00e1-lo no freezer durante a noite, mas tenho que rasp\u00e1-lo no dia seguinte e est\u00e1 muito frio. Tentei misturar gelo e depois coloc\u00e1-lo no liquidificador para esfriar, mas tenho que adicionar \u00e1gua ao liquidificador para funcionar.<\/p>\n\n<\/div>\n<\/div>\n<div id=\"faq-question-166851913\" class=\"rank-math-list-item\">\n<h3 class=\"rank-math-question\">Que ingrediente torna o gelado mais cremoso?<\/h3>\n<div class=\"rank-math-answer\">\n\n<p>A base do gelado ou do creme congelado \u00e9 constitu\u00edda por gordura ou nata emulsionada (por mistura com \u00e1gua ou leite) que \u00e9 depois congelada. Pode ter diferentes consist\u00eancias, de mole a firme, consoante o teor de gordura e a quantidade de ar incorporada durante o processo de congela\u00e7\u00e3o, o que contribui para conferir ao gelado a sua textura e sabor.<\/p>\n\n<\/div>\n<\/div>\n<\/div>\n<\/div>","protected":false},"excerpt":{"rendered":"<p>One shot ice cream machine One shot ice cream machine|Product specification|Product Features|Product Advantage The One shot ice creams available in the market are being processed with the utmost care to add the desired amount of flavours. One shot ice creams do not contain any preservatives. It is only a combination of fruit and other natural [&hellip;]<\/p>\n","protected":false},"featured_media":2598,"comment_status":"open","ping_status":"open","template":"","meta":{"_swt_meta_header_display":false,"_swt_meta_footer_display":false,"_swt_meta_site_title_display":false,"_swt_meta_sticky_header":false,"_swt_meta_transparent_header":false},"product_brand":[],"product_cat":[86],"product_tag":[],"class_list":{"0":"post-937","1":"product","2":"type-product","3":"status-publish","4":"has-post-thumbnail","6":"product_cat-one-shot-machine","8":"first","9":"instock","10":"shipping-taxable","11":"product-type-simple"},"_links":{"self":[{"href":"https:\/\/www.hommy.com\/pt\/wp-json\/wp\/v2\/product\/937","targetHints":{"allow":["GET"]}}],"collection":[{"href":"https:\/\/www.hommy.com\/pt\/wp-json\/wp\/v2\/product"}],"about":[{"href":"https:\/\/www.hommy.com\/pt\/wp-json\/wp\/v2\/types\/product"}],"replies":[{"embeddable":true,"href":"https:\/\/www.hommy.com\/pt\/wp-json\/wp\/v2\/comments?post=937"}],"wp:featuredmedia":[{"embeddable":true,"href":"https:\/\/www.hommy.com\/pt\/wp-json\/wp\/v2\/media\/2598"}],"wp:attachment":[{"href":"https:\/\/www.hommy.com\/pt\/wp-json\/wp\/v2\/media?parent=937"}],"wp:term":[{"taxonomy":"product_brand","embeddable":true,"href":"https:\/\/www.hommy.com\/pt\/wp-json\/wp\/v2\/product_brand?post=937"},{"taxonomy":"product_cat","embeddable":true,"href":"https:\/\/www.hommy.com\/pt\/wp-json\/wp\/v2\/product_cat?post=937"},{"taxonomy":"product_tag","embeddable":true,"href":"https:\/\/www.hommy.com\/pt\/wp-json\/wp\/v2\/product_tag?post=937"}],"curies":[{"name":"wp","href":"https:\/\/api.w.org\/{rel}","templated":true}]}}