{"id":929,"date":"2024-07-02T17:24:45","date_gmt":"2024-07-02T17:24:45","guid":{"rendered":"http:\/\/localhost\/hommywp\/sd-216-hot-sale-display-showcase-freezer-for-one-shot-machine\/"},"modified":"2025-08-01T09:57:46","modified_gmt":"2025-08-01T09:57:46","slug":"expositor-de-gelados-comercial-expositor-de-gelados-com-porta-de-vidro-curvo-comercial-expositor-de-gelados","status":"publish","type":"product","link":"https:\/\/www.hommy.com\/pt\/p\/expositor-de-gelados-comercial-expositor-de-gelados-com-porta-de-vidro-curvo-comercial-expositor-de-gelados\/","title":{"rendered":"Sd 216 Congelador de vitrine de venda quente para m\u00e1quina One-Shot"},"content":{"rendered":"<div>\n<p style=\"text-align: center\"><\/p>\n<p style=\"text-align: center\"><\/p>\n<h2 style=\"text-align: center\"><strong><span style=\"font-family: arial, helvetica, sans-serif;font-size: 29px;letter-spacing: 0px\"><a name=\"One-shot display showcase freezer\"><\/a>Congelador de vitrina de um s\u00f3 disparo<\/span><\/strong><br \/><\/h2>\n<p style=\"text-align: center\"><a href=\"#One-shot display showcase freezer\" target=\"_self\" data-lv=\"0\" rel=\"noopener\"><span style=\"font-size: 16px\">Congelador de vitrina de um s\u00f3 disparo<\/span><\/a><span style=\"font-size: 16px\">|<a href=\"#Product specification\" target=\"_self\" data-lv=\"0\" rel=\"noopener\">Especifica\u00e7\u00e3o do produto<\/a>|<a href=\"#Product Features\" target=\"_self\" data-lv=\"0\" rel=\"noopener\">Carater\u00edsticas do produto<\/a>|<a href=\"#PRODUCT ADVANTAGE\" target=\"_self\" data-lv=\"0\" rel=\"noopener\">VANTAGEM DO PRODUTO<\/a>|<a href=\"#Suitable size|Classification basin\" target=\"_self\" data-lv=\"0\" rel=\"noopener\">Tamanho adequado|Bacia de classifica\u00e7\u00e3o<\/a><\/span><\/p>\n<p style=\"text-align: left\"><\/p>\n<p style=\"text-align: center\"><span style=\"font-size: 24px;text-align: left\">&nbsp;<\/span><\/p>\n<p><span style=\"font-size: 24px;text-align: left\"><\/span><\/p>\n<p style=\"margin-top:0;margin-right:0;margin-bottom:0;margin-left:0;text-indent:0;text-align:justify\"><span style=\"font-size: 24px\"><strong><span style=\"letter-spacing: 0px;font-family: arial, helvetica, sans-serif\"><\/span><\/strong><\/span><\/p>\n<p>O congelador de vitrine oferecido \u00e9 desenvolvido usando material da melhor qualidade que garante alta durabilidade. Al\u00e9m disso, este congelador de vitrine \u00e9 projetado por nossos profissionais com o objetivo de fornec\u00ea-lo a um pre\u00e7o competitivo. Al\u00e9m disso, este congelador de vitrine est\u00e1 dispon\u00edvel em diferentes tamanhos e designs de acordo com a exig\u00eancia dos clientes.<\/p>\n<p style=\"margin-top:0;margin-right:0;margin-bottom:0;margin-left:0;text-indent:0;text-align:justify\"><span style=\"font-size: 24px\"><strong><span style=\"letter-spacing: 0px;font-family: arial, helvetica, sans-serif\"><\/span><\/strong><\/span><\/p>\n<h2 style=\"margin: 0px;text-indent: 0px;text-align: justify\"><span style=\"font-size: 24px\"><strong><span style=\"letter-spacing: 0px;font-family: arial, helvetica, sans-serif\"><a name=\"Product specification\"><\/a>Especifica\u00e7\u00e3o do produto\uff1a<\/span><\/strong><\/span><span style=\"letter-spacing: 0px;font-size: 16px;font-family: arial, helvetica, sans-serif\"> <\/span><\/h2>\n<p style=\"margin-top:0;margin-right:0;margin-bottom:0;margin-left:0;text-indent:0;text-align:justify\"><span style=\"letter-spacing: 0px;font-size: 16px;font-family: arial, helvetica, sans-serif\">Este expositor de gelados comercial pode ser o equipamento necess\u00e1rio para a f\u00e1brica e o equipamento necess\u00e1rio para a pequena loja.<\/span><\/p>\n<p style=\"margin-top:0;margin-right:0;margin-bottom:0;margin-left:0;text-indent:0;text-align:justify\"><span style=\"letter-spacing: 0px;font-size: 16px;font-family: arial, helvetica, sans-serif\">Depois de terminar a produ\u00e7\u00e3o do gelado e de o embalar no copo, o empregado da loja pode enviar o copo para a pequena m\u00e1quina de gelados<\/span><\/p>\n<p style=\"margin-top:0;margin-right:0;margin-bottom:0;margin-left:0;text-indent:0;text-align:justify\"><span style=\"letter-spacing: 0px;font-size: 16px;font-family: arial, helvetica, sans-serif\">exibir o congelador em diferentes locais.<\/span><\/p>\n<p style=\"margin-top:0;margin-right:0;margin-bottom:0;margin-left:0;text-indent:0;text-align:justify\"><span style=\"letter-spacing: 0px;font-size: 16px;font-family: arial, helvetica, sans-serif\"><br \/><\/span><\/p>\n<p><span style=\"font-size: 24px;text-align: left\"><\/span><\/p>\n<table class=\"table table-bordered table-hover\" width=\"747\">\n<tbody>\n<tr class=\"firstRow\">\n<td width=\"80\" valign=\"center\" style=\"line-height: 1.42857\">\n<p style=\"text-align: center\">Modelo<\/p>\n<\/td>\n<td width=\"128\" valign=\"center\" style=\"line-height: 1.42857\">\n<p style=\"text-align: center\">Dimens\u00e3o (mm)<\/p>\n<\/td>\n<td width=\"73\" valign=\"center\" style=\"line-height: 1.42857\">\n<p style=\"text-align: center\">Capacidade do congelador<\/p>\n<\/td>\n<td width=\"195\" valign=\"center\" style=\"line-height: 1.42857\">\n<p style=\"text-align: center\">Consumo de energia&nbsp;<br \/>&nbsp; &nbsp; &nbsp;(kw.h\/24h)<\/p>\n<\/td>\n<td width=\"197\" valign=\"center\" style=\"line-height: 1.42857\">\n<p style=\"text-align: center\">Consumo de energia&nbsp;<br \/>&nbsp; &nbsp; &nbsp;(kw.h\/24h)<\/p>\n<\/td>\n<td width=\"109\" valign=\"center\" style=\"line-height: 1.42857\">\n<p style=\"text-align: center\">Temperatura<\/p>\n<\/td>\n<td width=\"96\" valign=\"center\" style=\"line-height: 1.42857\">\n<p style=\"text-align: center\">Refrigerante<\/p>\n<\/td>\n<\/tr>\n<tr>\n<td width=\"80\" valign=\"center\" style=\"line-height: 1.42857\">\n<p style=\"text-align: center\">SD-216<\/p>\n<\/td>\n<td width=\"128\" valign=\"center\" style=\"line-height: 1.42857\">\n<p style=\"text-align: center\">625*755*1100<\/p>\n<\/td>\n<td width=\"73\" valign=\"center\" style=\"line-height: 1.42857\">\n<p style=\"text-align: center\">163L<\/p>\n<\/td>\n<td width=\"195\" valign=\"center\" style=\"line-height: 1.42857\">\n<p style=\"text-align: center\">1.50<\/p>\n<\/td>\n<td width=\"197\" valign=\"center\" style=\"line-height: 1.42857\">\n<p style=\"text-align: center\">55<\/p>\n<\/td>\n<td width=\"109\" valign=\"center\" style=\"line-height: 1.42857\">\n<p style=\"text-align: center\">-18\u22640\u226410<\/p>\n<\/td>\n<td width=\"96\" valign=\"center\" style=\"line-height: 1.42857\">\n<p style=\"text-align: center\">134a<\/p>\n<\/td>\n<\/tr>\n<\/tbody>\n<\/table>\n<p><span style=\"font-size: 24px\">&nbsp;<\/span><\/p>\n<div class=\"d-tem11-graphic tem11-graphic mockup\" data-detail=\"wrap\">\n<div class=\"tab_row\">\n<div class=\"img\" style=\"width: 50%\">\n<p style=\"text-align:center\"><\/p>\n<p style=\"text-align:center\"><img loading=\"lazy\" decoding=\"async\" title=\"\" alt=\"produto-Hommy-img\" src=\"https:\/\/www.hommy.com\/wp-content\/uploads\/16012694865063.jpg\" width=\"500\" height=\"300\" border=\"0\" vspace=\"0\" style=\"width: 500px;height: 300px\"><\/p>\n<\/div>\n<div class=\"text_box\" style=\"width: 50%\">\n<div class=\"txt\">\n<div class=\"title\">\n<h2><span style=\"font-family: arial, helvetica, sans-serif\"><strong><span style=\"font-size: 29px;letter-spacing: 0px\"><a name=\"Product Features\"><\/a>Carater\u00edsticas do produto\uff1a<\/span><\/strong><\/span><\/h2>\n<\/div>\n<p>&nbsp;<\/p>\n<p style=\"text-indent: 0\"><span style=\"font-family: Arial;letter-spacing: 0;font-size: 14px\">Al\u00e9m disso, engenheiros altamente qualificados, tecn\u00f3logos competentes e pessoal experiente contribuem muito para o desenvolvimento da empresa.<\/span><\/p>\n<p style=\"text-indent: 0\"><span style=\"font-family: Arial;letter-spacing: 0;font-size: 14px\"><\/span><\/p>\n<p style=\"text-indent: 0\"><span style=\"font-family: Arial;letter-spacing: 0;font-size: 14px\">1. Espuma\u00e7\u00e3o integral de uma camada de espuma mais uniforme e compacta para um melhor efeito de isolamento.&nbsp;<\/span><\/p>\n<p style=\"text-indent: 0\"><span style=\"font-family: Arial;letter-spacing: 0;font-size: 14px\">2. Enrolamento do tubo para todo o arm\u00e1rio, muito pr\u00f3ximo e compacto entre cada camada.&nbsp;<\/span><\/p>\n<p style=\"text-indent: 0\"><span style=\"font-family: Arial;letter-spacing: 0;font-size: 14px\">3. O sistema de refrigera\u00e7\u00e3o razo\u00e1vel e cient\u00edfico proporciona uma pot\u00eancia forte e um baixo consumo de energia.&nbsp;<\/span><\/p>\n<p style=\"text-indent: 0\"><span style=\"font-family: Arial;letter-spacing: 0;font-size: 14px\">4. Porta de vidro temperado revestido para melhor visualiza\u00e7\u00e3o e efeito de isolamento, garantindo simultaneamente um toque seguro.&nbsp;<\/span><\/p>\n<p style=\"text-indent: 0\"><span style=\"font-family: Arial;letter-spacing: 0;font-size: 14px\">5. Calha lisa para facilitar a abertura e o fecho da porta.&nbsp;<\/span><\/p>\n<p style=\"text-indent: 0\"><span style=\"font-family: Arial;letter-spacing: 0;font-size: 14px\">6. Compressor de marca com forte pot\u00eancia e alta efici\u00eancia.&nbsp;<\/span><\/p>\n<p style=\"text-indent: 0\"><span style=\"font-family: Arial;letter-spacing: 0;font-size: 14px\">7. Equipado com cestos regul\u00e1veis para aproveitar ao m\u00e1ximo o espa\u00e7o.&nbsp;<\/span><\/p>\n<p><span style=\"font-family:\u5b8b\u4f53;font-size:16px\">8.<\/span><span style=\"font-family:Calibri;font-size:16px\">Controlo de temperatura opcional, muito conveniente para utilizar;<\/span><span style=\"font-family:Calibri;font-size:16px\"><br \/><\/span><span style=\"font-family:\u5b8b\u4f53;font-size:16px\">9.<\/span><span style=\"font-family:Calibri;font-size:16px\">Toda a carro\u00e7aria com grafismos publicit\u00e1rios conforme as suas necessidades.<\/span><span style=\"font-family:Calibri;font-size:16px\"><br \/><\/span><span style=\"font-family:\u5b8b\u4f53;font-size:16px\">10. <\/span><span style=\"font-family:Calibri;font-size:16px\">Rodas de f\u00e1cil desloca\u00e7\u00e3o;<\/span><\/p>\n<\/div>\n<\/div>\n<\/div>\n<\/div>\n<p>&nbsp;<\/p>\n<h2><strong><span style=\"font-size: 24px\"><a name=\"PRODUCT ADVANTAGE\"><\/a>VANTAGEM DO PRODUTO<\/span><\/strong><\/h2>\n<p><span style=\"font-size: 16px;font-family: arial, helvetica, sans-serif\">Al\u00e9m disso, engenheiros altamente qualificados, tecn\u00f3logos competentes e pessoal experiente contribuem muito para o desenvolvimento da empresa.<\/span><\/p>\n<p><span style=\"font-size: 24px\"><\/span><\/p>\n<p>&nbsp; &nbsp; &nbsp; &nbsp; &nbsp; &nbsp;<\/p>\n<div class=\"d-tem01-graphic tem01-graphic mockup\" data-detail=\"wrap\">\n<div class=\"cont-section clearfix d-clearfix\">\n<div class=\"col-md-6 col-sm-6 col-xs-6\">\n<div class=\"right-p\">\n<h2><strong><span style=\"font-size: 24px;font-family: arial, helvetica, sans-serif\"><a name=\"Suitable size\"><\/a>Tamanho adequado<\/span><\/strong><\/h2>\n<p><\/p>\n<p style=\"margin-top:0;margin-right:0;margin-bottom:0;margin-left:0\"><span style=\"font-size: 16px\"><span style=\"font-family: Arial;letter-spacing: 0px\">A estrutura da vitrina \u00e9 simples e razo\u00e1vel, o efeito de ventila\u00e7\u00e3o \u00e9 muito bom,<\/span><span style=\"font-family: Arial;letter-spacing: 0px\">o tamanho do ecr\u00e3 \u00e9 pequeno.<\/span><\/span><\/p>\n<p><\/p>\n<p><\/p>\n<p><\/p>\n<p><\/p>\n<\/div>\n<div class=\"graphic_pic animated wow bounceIn\" data-wow-delay=\".7s\">\n<p style=\"text-align:center\"><img loading=\"lazy\" decoding=\"async\" src=\"https:\/\/www.hommy.com\/wp-content\/uploads\/16012694322123.jpg\" alt=\"produto-SD 216 vitrina de exposi\u00e7\u00e3o \u00fanica congelador-Hommy-img\" title=\"\" width=\"350\" height=\"637\" border=\"0\" vspace=\"0\" style=\"width: 350px;height: 637px\"><\/p>\n<\/div>\n<\/div>\n<div class=\"col-md-6 col-sm-6 col-xs-6\">\n<div class=\"right-p\">\n<h2><strong><span style=\"font-size: 24px;font-family: arial, helvetica, sans-serif\"><a name=\"Classification basin\"><\/a>Bacia de classifica\u00e7\u00e3o<\/span><\/strong><\/h2>\n<p><\/p>\n<p style=\"margin-top:0;margin-right:0;margin-bottom:0;margin-left:0\"><span style=\"font-size: 16px;font-family: arial, helvetica, sans-serif\">O expositor no interior tem 2 bacias de classifica\u00e7\u00e3o para separar produtos diferentes, que podem ser f\u00e1ceis de vender para o cliente.<\/span><\/p>\n<p style=\"margin-top:0;margin-right:0;margin-bottom:0;margin-left:0\"><span style=\"font-family:Calibri;font-size:16px\"><br \/><\/span><\/p>\n<p><\/p>\n<p><\/p>\n<p><\/p>\n<p style=\"text-align:center\"><\/p>\n<p style=\"text-align:center\"><img loading=\"lazy\" decoding=\"async\" src=\"https:\/\/www.hommy.com\/wp-content\/uploads\/15794966926267.jpg\" alt=\"produto-Hommy-img\" title=\"\" width=\"350\" height=\"458\" border=\"0\" vspace=\"0\" style=\"width: 350px;height: 458px\"><\/p>\n<p><span>&nbsp; &nbsp; &nbsp; &nbsp; &nbsp; &nbsp; &nbsp;<\/span><\/p>\n<\/div>\n<\/div>\n<\/div>\n<\/div>\n<p>Documento\uff1a<img decoding=\"async\" src=\"https:\/\/www.hommy.com\/wp-content\/uploads\/icon_pdf-68.gif\" style=\"margin-right: 2px\" alt=\"produto-Hommy-img\" title=\"\"><a href=\"https:\/\/img80002414.weyesimg.com\/uploads\/www.hommy.com\/addon\/16026409838814.pdf\" title=\"16026409838814.pdf\" style=\"font-size: 12px\">16026409838814.pdf<\/a>&nbsp; &nbsp; &nbsp; &nbsp;&nbsp;<\/p>\n<h2>A venda autom\u00e1tica de \u00e1gua \u00e9 rent\u00e1vel?<\/h2>\n<p style=\"margin-top: 5px;margin-bottom: 5px\"><\/p>\n<p style=\"margin-top: 5px;margin-bottom: 5px\">A venda de \u00e1gua \u00e9 uma boa ideia se souber como o fazer. H\u00e1 muitas maneiras de ganhar dinheiro com isso, e h\u00e1 ainda mais maneiras de perder dinheiro.<\/p>\n<p style=\"margin-top: 5px;margin-bottom: 5px\"><\/p>\n<p style=\"margin-top: 5px;margin-bottom: 5px\">Neste artigo, vamos mostrar-lhe como ganhar dinheiro com a venda autom\u00e1tica de \u00e1gua e vamos tamb\u00e9m explicar quais s\u00e3o as estrat\u00e9gias de venda autom\u00e1tica de \u00e1gua mais rent\u00e1veis.<\/p>\n<p style=\"margin-top: 5px;margin-bottom: 5px\"><\/p>\n<p style=\"margin-top: 5px;margin-bottom: 5px\">Se j\u00e1 tem um neg\u00f3cio, pode ter sido abordado com uma ideia de venda autom\u00e1tica de \u00e1gua e quer saber se pode ganhar dinheiro com ela.<\/p>\n<p style=\"margin-top: 5px;margin-bottom: 5px\"><\/p>\n<p style=\"margin-top: 5px;margin-bottom: 5px\"><\/p>\n<h2>As m\u00e1quinas de venda autom\u00e1tica de \u00e1gua d\u00e3o dinheiro?<\/h2>\n<p style=\"margin-top: 5px;margin-bottom: 5px\"><\/p>\n<p style=\"margin-top: 5px;margin-bottom: 5px\">Uma m\u00e1quina de venda autom\u00e1tica de \u00e1gua pode ser a pr\u00f3xima grande novidade na venda autom\u00e1tica.<\/p>\n<p style=\"margin-top: 5px;margin-bottom: 5px\"><\/p>\n<p style=\"margin-top: 5px;margin-bottom: 5px\">A \u00e1gua \u00e9 um bem valioso, especialmente nos Estados Unidos, onde os residentes s\u00e3o frequentemente obrigados a pagar pre\u00e7os exorbitantes pelo produto.<\/p>\n<p style=\"margin-top: 5px;margin-bottom: 5px\"><\/p>\n<p style=\"margin-top: 5px;margin-bottom: 5px\">A Associa\u00e7\u00e3o M\u00e9dica Americana (AMA) estima que um agregado familiar m\u00e9dio gasta anualmente $1.000 em \u00e1gua engarrafada.<\/p>\n<p style=\"margin-top: 5px;margin-bottom: 5px\"><\/p>\n<p style=\"margin-top: 5px;margin-bottom: 5px\">\u00c9 muito dinheiro, especialmente se tivermos em conta que pode obter a mesma quantidade de \u00e1gua por $0,11 por gal\u00e3o numa esta\u00e7\u00e3o de servi\u00e7o.<\/p>\n<p style=\"margin-top: 5px;margin-bottom: 5px\"><\/p>\n<p style=\"margin-top: 5px;margin-bottom: 5px\">Existe alguma m\u00e1quina de gelo que fa\u00e7a gelo como a Sonic? N\u00e3o estou a falar de uma m\u00e1quina de gelo de 3 tons, ou de uma independente, ou mesmo de uma compacta. Refiro-me a uma m\u00e1quina de gelo a s\u00e9rio, daquelas que se p\u00f5em no congelador.<\/p>\n<p style=\"margin-top: 5px;margin-bottom: 5px\"><\/p>\n<p style=\"margin-top: 5px;margin-bottom: 5px\">Durante anos, fiz os meus pr\u00f3prios cubos de gelo num saco de pl\u00e1stico. Levantava-me a meio da noite para fazer gelo, quando queria gelo, e depois tinha gelo, quando queria gelo. No ver\u00e3o, colocava o gelo no congelador para fazer gelado. No inverno, colocava o gelo no congelador para fazer limonada fria.&nbsp; &nbsp; &nbsp; &nbsp; &nbsp; &nbsp; &nbsp; &nbsp; &nbsp; &nbsp; &nbsp; &nbsp; &nbsp; &nbsp; &nbsp; &nbsp; &nbsp; &nbsp; &nbsp; &nbsp; &nbsp; &nbsp; &nbsp; &nbsp;<\/p>\n<\/div><\/div>","protected":false},"excerpt":{"rendered":"<p>One-shot display showcase freezer One-shot display showcase freezer|Product specification|Product Features|PRODUCT ADVANTAGE|Suitable size|Classification basin &nbsp; The offered showcase freezer is developed using finest quality material that assures high durability. Moreover, this showcase freezer is designed by our professionals with a view to provide it at competitive price. Moreover, this showcase freezer is available in different sizes [&hellip;]<\/p>\n","protected":false},"featured_media":925,"comment_status":"open","ping_status":"open","template":"","meta":{"_swt_meta_header_display":false,"_swt_meta_footer_display":false,"_swt_meta_site_title_display":false,"_swt_meta_sticky_header":false,"_swt_meta_transparent_header":false},"product_brand":[],"product_cat":[86],"product_tag":[],"class_list":{"0":"post-929","1":"product","2":"type-product","3":"status-publish","4":"has-post-thumbnail","6":"product_cat-one-shot-machine","8":"first","9":"instock","10":"shipping-taxable","11":"product-type-simple"},"_links":{"self":[{"href":"https:\/\/www.hommy.com\/pt\/wp-json\/wp\/v2\/product\/929","targetHints":{"allow":["GET"]}}],"collection":[{"href":"https:\/\/www.hommy.com\/pt\/wp-json\/wp\/v2\/product"}],"about":[{"href":"https:\/\/www.hommy.com\/pt\/wp-json\/wp\/v2\/types\/product"}],"replies":[{"embeddable":true,"href":"https:\/\/www.hommy.com\/pt\/wp-json\/wp\/v2\/comments?post=929"}],"wp:featuredmedia":[{"embeddable":true,"href":"https:\/\/www.hommy.com\/pt\/wp-json\/wp\/v2\/media\/925"}],"wp:attachment":[{"href":"https:\/\/www.hommy.com\/pt\/wp-json\/wp\/v2\/media?parent=929"}],"wp:term":[{"taxonomy":"product_brand","embeddable":true,"href":"https:\/\/www.hommy.com\/pt\/wp-json\/wp\/v2\/product_brand?post=929"},{"taxonomy":"product_cat","embeddable":true,"href":"https:\/\/www.hommy.com\/pt\/wp-json\/wp\/v2\/product_cat?post=929"},{"taxonomy":"product_tag","embeddable":true,"href":"https:\/\/www.hommy.com\/pt\/wp-json\/wp\/v2\/product_tag?post=929"}],"curies":[{"name":"wp","href":"https:\/\/api.w.org\/{rel}","templated":true}]}}