{"id":924,"date":"2024-07-02T17:24:40","date_gmt":"2024-07-02T17:24:40","guid":{"rendered":"http:\/\/localhost\/hommywp\/hm26-one-shot-ice-cream-uk-dispenser-machine-factory-cost\/"},"modified":"2025-08-01T09:57:46","modified_gmt":"2025-08-01T09:57:46","slug":"maquina-de-gelados-de-uma-dose-distribuidora-de-gelados","status":"publish","type":"product","link":"https:\/\/www.hommy.com\/pt\/p\/maquina-de-gelados-de-uma-dose-distribuidora-de-gelados\/","title":{"rendered":"Hm26 M\u00e1quina Dispensadora de Sorvete Expresso de Uma Cilada Custo de F\u00e1brica"},"content":{"rendered":"<div>\n<p>&nbsp;&nbsp;&nbsp;&nbsp;<\/p>\n<h2 style=\"text-align: center\"><span style=\"letter-spacing: 0px;font-size: 29px;font-family: arial, helvetica, sans-serif\"><a name=\"One shot ice cream machine UK\"><\/a>M\u00e1quina de gelados de uma s\u00f3 dose Reino Unido<\/span><\/h2>\n<p style=\"text-align: center\"><a href=\"#One shot ice cream machine UK\" target=\"_self\" data-lv=\"0\" rel=\"noopener\"><span style=\"letter-spacing: 0px;font-family: arial, helvetica, sans-serif;font-size: 16px\">M\u00e1quina de gelados de uma s\u00f3 dose Reino Unido<\/span><\/a><span style=\"letter-spacing: 0px;font-family: arial, helvetica, sans-serif;font-size: 16px\">|<a href=\"#Product specification\" target=\"_self\" data-lv=\"0\" rel=\"noopener\">Especifica\u00e7\u00e3o do produto<\/a>|<a href=\"#Product Features\" target=\"_self\" data-lv=\"0\" rel=\"noopener\">Carater\u00edsticas do produto<\/a>|<a href=\"#Product Advantage\" target=\"_self\" data-lv=\"0\" rel=\"noopener\">Vantagem do produto<\/a><\/span><\/p>\n<p>O nosso tiro <a style=\"color:blue\" href=\"\/pt\/\">m\u00e1quina de gelados<\/a>Oferecida em v\u00e1rios sabores, n\u00f3s oferecemos uma grande variedade de m\u00e1quinas de sorvete de uma dose no Reino Unido. Estes s\u00e3o amplamente procurados no mercado pela sua qualidade suprema e pre\u00e7os baixos. Oferecido em v\u00e1rios tamanhos, n\u00f3s oferecemos os melhores produtos de qualidade para nossos clientes.<\/p>\n<p style=\"text-align: center\">\n<p><\/p>\n<p style=\"margin-top:0;margin-right:0;margin-bottom:0;margin-left:0;text-indent:0;text-align:justify\"><span style=\"font-size: 24px\"><strong><span style=\"letter-spacing: 0px;font-family: arial, helvetica, sans-serif\"><a name=\"Product specification\"><\/a><br \/><\/span><\/strong><\/span><\/p>\n<h2 style=\"margin: 0px;text-indent: 0px;text-align: justify\"><span style=\"font-size: 24px\"><strong><span style=\"letter-spacing: 0px;font-family: arial, helvetica, sans-serif\"><a name=\"Product specification\"><\/a>Especifica\u00e7\u00e3o do produto:<\/span><\/strong><\/span><\/h2>\n<p style=\"margin-top:0;margin-right:0;margin-bottom:0;margin-left:0;text-indent:0;text-align:justify\"><span style=\"letter-spacing: 0px;font-family: arial, helvetica, sans-serif;font-size: 16px\">A m\u00e1quina One-Shot alterou todas as regras para a distribui\u00e7\u00e3o de sobremesas congeladas, incluindo gelado, iogurte congelado ...... A m\u00e1quina One-Shot \u00e9 o verdadeiro fator de mudan\u00e7a. N\u00e3o h\u00e1 necessidade de ficar preso ao legado da tecnologia de servi\u00e7o suave, e tamb\u00e9m pode reduzir as complica\u00e7\u00f5es da f\u00e1brica de gelados. O pesadelo associado \u00e0 higieniza\u00e7\u00e3o, o aumento dos custos de energia, a qualidade vari\u00e1vel e a integridade do produto e o desperd\u00edcio substancial n\u00e3o ser\u00e3o uma quest\u00e3o.<\/span><\/p>\n<p style=\"margin-top:0;margin-right:0;margin-bottom:0;margin-left:0;text-indent:0;text-align:justify\"><span style=\"letter-spacing: 0px;font-family: arial, helvetica, sans-serif;font-size: 16px\"><br \/><\/span><\/p>\n<p style=\"text-align: center\"><\/p>\n<p style=\"text-align: center\"><img decoding=\"async\" src=\"https:\/\/www.hommy.com\/wp-content\/uploads\/16012600217515.png\" alt=\"produto-Hommy-img\" title=\"\"><\/p>\n<p><\/p>\n<p><\/p>\n<p><span style=\"letter-spacing: 0px;font-size: 24px;font-family: arial, helvetica, sans-serif\"><\/span><\/p>\n<div class=\"d-tem01-graphic tem01-graphic mockup\" data-detail=\"wrap\">\n<div class=\"cont-section clearfix d-clearfix\">\n<div class=\"col-md-6 col-sm-6 col-xs-6\">\n<div class=\"right-p\">\n<p style=\"text-align:center\"><img loading=\"lazy\" decoding=\"async\" src=\"https:\/\/www.hommy.com\/wp-content\/uploads\/16012603409210.png\" alt=\"produto-Hommy-img\" title=\"\" width=\"350\" height=\"500\" border=\"0\" vspace=\"0\" style=\"width: 350px;height: 500px\"><\/p>\n<p><\/p>\n<p><\/p>\n<div class=\"description\">\n<p style=\"margin-top:0;margin-right:0;margin-bottom:0;margin-left:0;text-indent:0;text-align:justify\"><span style=\"letter-spacing: 0px;font-size: 16px;font-family: arial, helvetica, sans-serif\">O novo mundo da m\u00e1quina One-Shot pode ajud\u00e1-lo a combinar o lucro com a integridade do produto.<\/span><\/p>\n<\/div>\n<\/div>\n<p>&nbsp; &nbsp; &nbsp; &nbsp; &nbsp; &nbsp; &nbsp;<\/p><\/div>\n<div class=\"col-md-6 col-sm-6 col-xs-6\">\n<div class=\"right-p\">\n<div class=\"h2 heading\">\n<h2 style=\"margin: 0px;text-indent: 0px;text-align: justify\"><span style=\"font-size: 24px\"><strong><span style=\"letter-spacing: 0px;font-family: arial, helvetica, sans-serif\"><a name=\"Product Features\"><\/a>Carater\u00edsticas do produto:<\/span><\/strong><\/span><\/h2>\n<p style=\"margin-top:0;margin-right:0;margin-bottom:0;margin-left:0;text-indent:0;text-align:justify\"><strong><span style=\"letter-spacing: 0px;font-size: 16px;font-family: arial, helvetica, sans-serif\"><br \/><\/span><\/strong><\/p>\n<p style=\"margin-top:0;margin-right:0;margin-bottom:0;margin-left:0;text-indent:0;text-align:justify\"><span style=\"letter-spacing: 0px;font-size: 16px;font-family: arial, helvetica, sans-serif\">Demonstra\u00e7\u00e3o da linha de produ\u00e7\u00e3o:<\/span><\/p>\n<p style=\"margin-top:0;margin-right:0;margin-bottom:0;margin-left:0;text-indent:0;text-align:justify\"><span style=\"font-size: 16px;font-family: Symbol\">\u00a8&nbsp;<\/span><span style=\"font-size: 16px;font-family: Calibri\">F\u00e1cil de utilizar.<\/span><\/p>\n<p style=\"margin-top:0;margin-right:0;margin-bottom:0;margin-left:0;text-indent:0;text-align:justify\"><span style=\"font-size: 16px;font-family: Symbol\">\u00a8&nbsp;<\/span><span style=\"font-size: 16px;font-family: Calibri\">Sem sujidade, sem limpeza, sem res\u00edduos.<\/span><\/p>\n<p style=\"margin-top:0;margin-right:0;margin-bottom:0;margin-left:0;text-indent:0;text-align:justify\"><span style=\"font-size: 16px;font-family: Symbol\">\u00a8&nbsp;<\/span><span style=\"font-size: 16px;font-family: Calibri\">Seguro para o utilizador.<\/span><\/p>\n<p style=\"margin-top:0;margin-right:0;margin-bottom:0;margin-left:0;text-indent:0;text-align:justify\"><span style=\"font-size: 16px;font-family: Symbol\">\u00a8&nbsp;<\/span><span style=\"font-size: 16px;font-family: Calibri\">Selecione a sua sobremesa gelada saborosa do congelador.<\/span><\/p>\n<p style=\"margin-left:0;text-indent:0\"><span style=\"font-size: 16px;font-family: arial, helvetica, sans-serif\"><span style=\"font-family: Symbol;font-size: 16px\">\u00a8&nbsp;<\/span><span style=\"font-family: Calibri;font-size: 16px\">Retire a patilha de prote\u00e7\u00e3o e coloque-a no dispensador.<\/span><\/span><\/p>\n<p style=\"margin-left:0;text-indent:0\"><span style=\"font-size: 16px;font-family: arial, helvetica, sans-serif\"><span style=\"font-family: Symbol;font-size: 16px\">\u00a8&nbsp;<\/span><span style=\"font-family: Calibri;font-size: 16px\">Prima o bot\u00e3o de distribui\u00e7\u00e3o e a deliciosa sobremesa congelada estar\u00e1 pronta em poucos segundos.<\/span><\/span><\/p>\n<p style=\"margin-left:0;text-indent:0\"><span style=\"font-size: 16px;font-family: Symbol\">\u00a8&nbsp;<\/span><span style=\"font-size: 16px;font-family: Calibri\">O copo \u00e9 feito de material especial, a solidez \u00e9 garantida.<\/span><\/p>\n<p style=\"margin-left:0;text-indent:0\"><span style=\"font-size: 16px;font-family: Symbol\">\u00a8&nbsp;<\/span><span style=\"font-size: 16px;font-family: Calibri\">Com aba de prote\u00e7\u00e3o amov\u00edvel na parte superior.<\/span><\/p>\n<p style=\"margin-left:0;text-indent:0\"><span style=\"font-size: 16px;font-family: Symbol\">\u00a8&nbsp;<\/span><span style=\"font-size: 16px;font-family: Calibri\">Design especial: a sobremesa congelada \u00e9 servida do copo para o cone. Sem massa e sem desperd\u00edcio.<\/span><\/p>\n<p style=\"margin-left:0;text-indent:0\"><span style=\"font-size: 16px;font-family: Symbol\">\u00a8&nbsp;<\/span><span style=\"font-size: 16px;font-family: Calibri\">Exterior: 250 x 200 x 630 mm<\/span><\/p>\n<p style=\"margin-left:0;text-indent:0\"><span style=\"font-size: 16px;font-family: Symbol\">\u00a8&nbsp;<\/span><span style=\"font-size: 16px;font-family: \u5b8b\u4f53\">Pot\u00eancia\uff1a<\/span><span style=\"font-size: 16px;font-family: Calibri\">220~240V 50Hz.<\/span><span style=\"font-size: 16px;font-family: \u5b8b\u4f53\">&nbsp;,<\/span><span style=\"font-size: 16px;font-family: Calibri\">208~230V 60Hz.<\/span><\/p>\n<p><span>&nbsp; &nbsp; &nbsp; &nbsp;<\/span><\/div>\n<\/div>\n<\/div>\n<\/div>\n<\/div>\n<h2><strong><span style=\"letter-spacing: 0px;font-size: 24px;font-family: arial, helvetica, sans-serif\"><a name=\"Product Advantage\"><\/a>Vantagem do produto:<\/span><\/strong><\/h2>\n<p><span style=\"letter-spacing: 0px;font-size: 24px;font-family: arial, helvetica, sans-serif\"><\/span><\/p>\n<div class=\"d-tem01-graphic tem01-graphic mockup\" data-detail=\"wrap\">\n<div class=\"cont-section clearfix d-clearfix\">\n<div class=\"col-md-6 col-sm-6 col-xs-6\">\n<div class=\"right-p\">\n<div class=\"h2 heading\">\n<p><span style=\"font-family: arial, helvetica, sans-serif;font-size: 16px\">1. Copo especial fabricado em pl\u00e1stico PE de qualidade alimentar. Temos dois tipos de copo \u00e0 escolha: HM25-C e HM26-C. O HM25-C s\u00f3 pode ser utilizado uma vez, o HM26-C pode ser utilizado 2-3 vezes<\/span><\/p>\n<p><span style=\"font-family: arial, helvetica, sans-serif;font-size: 16px\"><br \/><\/span><\/p>\n<p><span style=\"font-family: arial, helvetica, sans-serif;font-size: 16px\"><br \/><\/span><\/p>\n<p><span style=\"font-family: arial, helvetica, sans-serif;font-size: 16px\"><br \/><\/span><\/p>\n<\/div>\n<\/div>\n<div class=\"graphic_pic animated wow bounceIn\" data-wow-delay=\".7s\">\n<p style=\"text-align:center\"><img loading=\"lazy\" decoding=\"async\" src=\"https:\/\/www.hommy.com\/wp-content\/uploads\/16012607085625.png\" alt=\"produto-Hommy-HM26 one shot ice cream uk-img\" title=\"\" width=\"350\" height=\"377\" border=\"0\" vspace=\"0\" style=\"width: 350px;height: 377px\"><\/p>\n<\/div>\n<\/div>\n<div class=\"col-md-6 col-sm-6 col-xs-6\">\n<div class=\"right-p\">\n<div class=\"h2 heading\">\n<p style=\"margin-top:12px;margin-bottom:12px;margin-left:0;text-indent:0\"><span style=\"font-size: 16px\"><span style=\"font-family: Calibri\">2. as c\u00e1psulas s\u00e3o produzidas na f\u00e1brica diretamente na m\u00e1quina e pressionadas para fora. A m\u00e3o do operador n\u00e3o toca no gelado, pelo que n\u00e3o existem requisitos espec\u00edficos para a sua coloca\u00e7\u00e3o<\/span><span style=\"font-family:\u5b8b\u4f53\">.<\/span><\/span><\/p>\n<p style=\"margin-top:12px;margin-bottom:12px;margin-left:0;text-indent:0\"><\/p>\n<p style=\"margin-top:12px;margin-bottom:12px;margin-left:0;text-indent:0\"><\/p>\n<p style=\"margin-top:12px;margin-bottom:12px;margin-left:0;text-indent:0\"><\/p>\n<p style=\"margin-top:12px;margin-bottom:12px;margin-left:0;text-indent:0\"><img decoding=\"async\" src=\"https:\/\/www.hommy.com\/wp-content\/uploads\/16012607454594.png\" alt=\"produto-Hommy-img\" style=\"font-size: 14px\" title=\"\"><span style=\"font-size: 14px\">&nbsp; &nbsp; &nbsp; &nbsp; &nbsp; &nbsp; &nbsp;<\/span><\/p>\n<\/div>\n<\/div>\n<\/div>\n<\/div>\n<\/div>\n<p><span style=\"font-family: inherit\"><\/span><\/p>\n<p><img loading=\"lazy\" decoding=\"async\" src=\"https:\/\/www.hommy.com\/wp-content\/uploads\/16012606001125.jpg\" style=\"width: 1200px;height: 503px\" title=\"\" alt=\"produto-HM26 one shot ice cream uk-Hommy-img\" width=\"1200\" height=\"503\" border=\"0\" vspace=\"0\"><\/p>\n<p><img loading=\"lazy\" decoding=\"async\" src=\"https:\/\/www.hommy.com\/wp-content\/uploads\/16012606023506.jpg\" style=\"width: 1200px;height: 413px\" title=\"\" alt=\"produto-Hommy-img\" width=\"1200\" height=\"413\" border=\"0\" vspace=\"0\"><\/p>\n<p><\/p>\n<p>Documento\uff1a<img decoding=\"async\" src=\"https:\/\/www.hommy.com\/wp-content\/uploads\/icon_pdf-67.gif\" style=\"margin-right: 2px\" alt=\"produto-Hommy-img-1\" title=\"\"><a href=\"https:\/\/img80002414.weyesimg.com\/uploads\/www.hommy.com\/addon\/16026391409903.pdf\" title=\"16026391409903.pdf\" style=\"font-size: 12px\">16026391409903.pdf<\/a><\/p>\n<p><span style=\"font-family: inherit\">&nbsp; &nbsp; &nbsp; &nbsp; &nbsp; &nbsp; &nbsp;<\/span><\/p>\n<p style=\"margin-top: 12px;margin-bottom: 12px\"><span style=\"font-size: 14px\">&nbsp; &nbsp; &nbsp; &nbsp; &nbsp; &nbsp; &nbsp;<\/span><\/p>\n<h2>Com que frequ\u00eancia \u00e9 que a McDonalds limpa a sua m\u00e1quina de gelados?<\/h2>\n<p style=\"margin-top: 5px;margin-bottom: 5px\">A m\u00e1quina de gelados da McDonald's \u00e9 limpa uma vez por semana. A McDonald's tem um extenso programa de limpeza e higieniza\u00e7\u00e3o que inclui um ciclo semanal em todos os seus restaurantes. Isto consiste em todas as superf\u00edcies da cozinha, bem como em todas as casas de banho e acess\u00f3rios de casa de banho. O processo envolve a aplica\u00e7\u00e3o de um produto de limpeza patenteado e a lavagem minuciosa das m\u00e3os e da m\u00e1quina, bem como a limpeza de todas as superf\u00edcies \u00e0 base de \u00e1gua\/gelo, o que inclui <a style=\"color:blue\" href=\"https:\/\/www.hommy.com\/pt\/vitrina-de-exposicao\/\">congelador de gelados<\/a>s. O processo de higieniza\u00e7\u00e3o tamb\u00e9m inclui a aplica\u00e7\u00e3o de um higienizador \u00e0 base de \u00e1gua, que \u00e9 efectuado em todas as superf\u00edcies interiores do restaurante e em todas as superf\u00edcies exteriores.<\/p>\n<p style=\"margin-top: 5px;margin-bottom: 5px\"><\/p>\n<h2>Como \u00e9 que uma KitchenAid <a style=\"color:blue\" href=\"\/pt\/\">m\u00e1quina de gelados<\/a> trabalho?<\/h2>\n<p style=\"margin-top: 5px;margin-bottom: 5px\">As m\u00e1quinas de gelados KitchenAid s\u00e3o as m\u00e1quinas de gelados perfeitas para festas, s\u00e3o f\u00e1ceis de utilizar e de operar e t\u00eam um \u00f3timo aspeto! A m\u00e1quina de gelados KitchenAid, como se v\u00ea acima, possui uma ta\u00e7a interior de cobre que est\u00e1 ligada a uma poderosa unidade de refrigera\u00e7\u00e3o que cria um efeito de agita\u00e7\u00e3o. A m\u00e1quina de gelados KitchenAid est\u00e1 dispon\u00edvel numa sele\u00e7\u00e3o de formas. A nossa m\u00e1quina de gelados KitchenAid \u00e9 a m\u00e1quina de gelados Perfect Serve, que est\u00e1 dispon\u00edvel em formato redondo ou quadrado. A m\u00e1quina de gelados KitchenAid redonda s\u00f3 est\u00e1 dispon\u00edvel em preto, enquanto que a m\u00e1quina de gelados KitchenAid quadrada est\u00e1 dispon\u00edvel em preto ou branco. A m\u00e1quina de gelados KitchenAid, como se pode ver acima, possui quatro ta\u00e7as de gelado de dois litros que permitem preparar at\u00e9 oito sobremesas individuais.<\/p>\n<p style=\"margin-top: 5px;margin-bottom: 5px\"><\/p>\n<h2>O leite condensado \u00e9 o mesmo que as natas?<\/h2>\n<p style=\"margin-top: 5px;margin-bottom: 5px\">O leite condensado \u00e9 o leite espesso e adocicado que sobra ap\u00f3s a remo\u00e7\u00e3o da gordura da manteiga das natas. \u00c9 geralmente referido como leite condensado, embora possa ser chamado de leite condensado, creme ou leite doce, dependendo do fabricante. \u00c9 um alimento doce, espesso e cremoso que \u00e9 utilizado como ado\u00e7ante ou na pastelaria. \u00c9 fabricado aquecendo o leite at\u00e9 come\u00e7ar a ferver e, em seguida, retirando a \u00e1gua atrav\u00e9s de um filtro, o que deixa apenas a gordura e os s\u00f3lidos do leite. Os s\u00f3lidos s\u00e3o depois recolhidos numa lata ou num frasco e o resto do leite \u00e9 utilizado para fazer outros produtos.<\/p>\n<p>&nbsp; &nbsp; &nbsp; &nbsp; &nbsp; &nbsp; &nbsp;<\/p>\n<p><\/p>\n<\/div><\/div>","protected":false},"excerpt":{"rendered":"<p>&nbsp;&nbsp;&nbsp;&nbsp; One shot ice cream machine UK One shot ice cream machine UK|Product specification|Product Features|Product Advantage Our shot ice cream machines are widely appreciated by our consumers for their quality, Offered in various flavors, we offer a large range of one shot ice cream machine in UK. These are widely demanded in the market for [&hellip;]<\/p>\n","protected":false},"featured_media":917,"comment_status":"open","ping_status":"open","template":"","meta":{"_swt_meta_header_display":false,"_swt_meta_footer_display":false,"_swt_meta_site_title_display":false,"_swt_meta_sticky_header":false,"_swt_meta_transparent_header":false},"product_brand":[],"product_cat":[86],"product_tag":[],"class_list":{"0":"post-924","1":"product","2":"type-product","3":"status-publish","4":"has-post-thumbnail","6":"product_cat-one-shot-machine","8":"first","9":"instock","10":"shipping-taxable","11":"product-type-simple"},"_links":{"self":[{"href":"https:\/\/www.hommy.com\/pt\/wp-json\/wp\/v2\/product\/924","targetHints":{"allow":["GET"]}}],"collection":[{"href":"https:\/\/www.hommy.com\/pt\/wp-json\/wp\/v2\/product"}],"about":[{"href":"https:\/\/www.hommy.com\/pt\/wp-json\/wp\/v2\/types\/product"}],"replies":[{"embeddable":true,"href":"https:\/\/www.hommy.com\/pt\/wp-json\/wp\/v2\/comments?post=924"}],"wp:featuredmedia":[{"embeddable":true,"href":"https:\/\/www.hommy.com\/pt\/wp-json\/wp\/v2\/media\/917"}],"wp:attachment":[{"href":"https:\/\/www.hommy.com\/pt\/wp-json\/wp\/v2\/media?parent=924"}],"wp:term":[{"taxonomy":"product_brand","embeddable":true,"href":"https:\/\/www.hommy.com\/pt\/wp-json\/wp\/v2\/product_brand?post=924"},{"taxonomy":"product_cat","embeddable":true,"href":"https:\/\/www.hommy.com\/pt\/wp-json\/wp\/v2\/product_cat?post=924"},{"taxonomy":"product_tag","embeddable":true,"href":"https:\/\/www.hommy.com\/pt\/wp-json\/wp\/v2\/product_tag?post=924"}],"curies":[{"name":"wp","href":"https:\/\/api.w.org\/{rel}","templated":true}]}}