{"id":92,"date":"2024-07-02T12:08:27","date_gmt":"2024-07-02T12:08:27","guid":{"rendered":"http:\/\/localhost\/hommywp\/pa-c7b-automatic-frozen-self-service-pizza-vending-machine-factory\/"},"modified":"2025-08-01T09:57:26","modified_gmt":"2025-08-01T09:57:26","slug":"pa-c7b-distribuidor-automatico-de-pizzas-congeladas-1","status":"publish","type":"product","link":"https:\/\/www.hommy.com\/pt\/p\/pa-c7b-distribuidor-automatico-de-pizzas-congeladas-1\/","title":{"rendered":"Pa-C7b M\u00e1quina autom\u00e1tica de venda autom\u00e1tica de pizzas congeladas de autosservi\u00e7o da f\u00e1brica"},"content":{"rendered":"<div>\n<h1 style=\"text-align: center\"><strong><span style=\"letter-spacing: 0px;font-size: 24px;font-family: arial, helvetica, sans-serif\"><a name=\"Americal Frozen Pizza Vending Machine\"><\/a>M\u00e1quina de venda autom\u00e1tica de pizzas congeladas Americal<\/span><\/strong><\/h1>\n<p style=\"text-align: center\"><a href=\"#Americal Frozen Pizza Vending Machine\" target=\"_self\" data-lv=\"0\" rel=\"noopener\"><span style=\"font-size: 18px\"><span style=\"letter-spacing: 0px;font-family: arial, helvetica, sans-serif\">M\u00e1quina de venda autom\u00e1tica de pizzas congeladas Americal<\/span><\/span><\/a><span style=\"font-size: 18px\"><span style=\"letter-spacing: 0px;font-family: arial, helvetica, sans-serif\">|<a href=\"#Product Features\" target=\"_self\" data-lv=\"0\" rel=\"noopener\">Carater\u00edsticas do produto<\/a>|<a href=\"#Product specification\" target=\"_self\" data-lv=\"0\" rel=\"noopener\">Especifica\u00e7\u00e3o do produto<\/a>|<a href=\"#Product Advantage\" target=\"_self\" data-lv=\"0\" rel=\"noopener\">Vantagem do produto<\/a><\/span><\/span><\/p>\n<p><\/p>\n<p style=\"text-align: center\">&nbsp;&nbsp;&nbsp;&nbsp;<\/p>\n<p>Nossa m\u00e1quina de venda autom\u00e1tica de pizza autosservi\u00e7o oferecido \u00e9 f\u00e1cil de instalar e \u00e9 amplamente aclamado por sua durabilidade. A unidade vem com carater\u00edsticas que s\u00e3o f\u00e1ceis de usar e s\u00e3o feitos de materiais de qualidade que s\u00e3o resistentes \u00e0 corros\u00e3o. Al\u00e9m disso, a m\u00e1quina de venda autom\u00e1tica de pizza autosservi\u00e7o oferecido \u00e9 f\u00e1cil de manter, confi\u00e1vel e tamb\u00e9m altamente dur\u00e1vel.<\/p>\n<div class=\"d-tem01-graphic tem01-graphic mockup\" data-detail=\"wrap\">\n<div class=\"cont-section clearfix d-clearfix\">\n<div class=\"col-md-6 col-sm-6 col-xs-6\">\n<p><\/p>\n<p><\/p>\n<p><\/p>\n<h1><img decoding=\"async\" src=\"https:\/\/www.hommy.com\/wp-content\/uploads\/16097230975676.jpg\" alt=\"produto-Hommy-img\" title=\"\"> <strong><span style=\"font-family: arial, helvetica, sans-serif;font-size: 24px\">&nbsp; &nbsp; &nbsp; &nbsp; &nbsp; &nbsp;<\/span><\/strong><\/h1>\n<\/div>\n<div class=\"col-md-6 col-sm-6 col-xs-6\">\n<div class=\"right-p\">\n<div class=\"h2 heading\">\n<h1><strong><span style=\"letter-spacing: 0px;font-family: arial, helvetica, sans-serif;font-size: 24px\"><a name=\"Product Features\"><\/a>Carater\u00edsticas do produto<\/span><\/strong><\/h1>\n<\/div>\n<div class=\"description\">\n<p><span style=\"font-family: arial, helvetica, sans-serif;font-size: 18px\">1. Ecr\u00e3 de 43\" para promo\u00e7\u00e3o e funcionamento .<\/span><\/p>\n<p><span style=\"font-family: arial, helvetica, sans-serif;font-size: 18px\"><span style=\"font-family: \u5b8b\u4f53;letter-spacing: 0px;font-size: 21px\">2.<\/span><span style=\"font-family: Calibri;font-size: 21px\">&nbsp;O sistema de pagamento pode aceitar: moeda, fatura, moeda Exchang, interface de cart\u00e3o de cr\u00e9dito.<\/span><\/span><\/p>\n<p><span style=\"font-family: arial, helvetica, sans-serif;font-size: 18px\"><span style=\"font-family: Calibri;font-size: 21px\">3. O freezer dentro pode manter 30pcs pizza \uff08esta \u00e9 a caixa de embalagem de pizza estilo americano: 41X41X4.5cm) se o tamanho da sua caixa de embalagem de pizza for pequeno, isso ser\u00e1 mais quantidade e manter\u00e1 a temperatura de -8<\/span><span style=\"font-family: \u5b8b\u4f53;font-size: 21px\">\u2103<\/span><span style=\"font-family: Calibri;font-size: 21px\">&nbsp;a 10<\/span><span style=\"font-family: \u5b8b\u4f53;font-size: 21px\">\u2103<\/span><span style=\"font-family: Calibri;font-size: 21px\">. <\/span><\/span><\/p>\n<p><span style=\"font-family: arial, helvetica, sans-serif;font-size: 18px\">4. Placa de controlo avan\u00e7ada para PC, fun\u00e7\u00e3o bem programada e funcionamento est\u00e1vel.<\/span><\/p>\n<p><span style=\"font-family: arial, helvetica, sans-serif;font-size: 18px\">5. A temperatura do congelador pode ser configurada com base em diferentes produtos, com fun\u00e7\u00e3o de descongela\u00e7\u00e3o autom\u00e1tica, para garantir que a m\u00e1quina em condi\u00e7\u00f5es meteorol\u00f3gicas de alta temperatura e alta humidade em funcionamento normal e fun\u00e7\u00e3o de pasteuriza\u00e7\u00e3o;<\/span><\/p>\n<p><span style=\"font-family: arial, helvetica, sans-serif;font-size: 18px\">6. Existe uma fun\u00e7\u00e3o de prote\u00e7\u00e3o contra a falha de energia, a m\u00e1quina ainda mostra o poder do estado, tem a fun\u00e7\u00e3o de mem\u00f3ria, a fun\u00e7\u00e3o de prote\u00e7\u00e3o contra fugas de sobrecarga, garantir o funcionamento seguro da m\u00e1quina. <\/span><\/p>\n<p style=\"margin-top:0;margin-right:0;margin-bottom:0;text-align:justify\"><span style=\"letter-spacing: 0px;font-family: arial, helvetica, sans-serif;font-size: 18px\">7. A l\u00edngua \u00e9 o ingl\u00eas . &nbsp;<\/span><\/p>\n<p><span style=\"font-family: arial, helvetica, sans-serif;font-size: 18px\">8. Sistema de gest\u00e3o remota por computador: consulta de detalhes de vendas, lembretes de faltas, lembretes de falhas de m\u00e1quinas.<\/span><\/p>\n<p><span>&nbsp; &nbsp; &nbsp; &nbsp;<\/span><\/div>\n<\/div>\n<\/div>\n<\/div>\n<\/div>\n<p><strong><span style=\"letter-spacing: 0px;font-family: arial, helvetica, sans-serif;font-size: 24px\"><a name=\"Product specification\"><\/a>Especifica\u00e7\u00e3o do produto<\/span><\/strong><\/p>\n<p><strong><span style=\"letter-spacing: 0px;font-family: arial, helvetica, sans-serif;font-size: 24px\"><img decoding=\"async\" src=\"https:\/\/www.hommy.com\/wp-content\/uploads\/16097232943411.png\" alt=\"produto-Hommy-PA-C7B M\u00e1quina autom\u00e1tica de venda autom\u00e1tica de pizzas congeladas-img\" title=\"\"><\/span><\/strong><\/p>\n<p><strong><span style=\"letter-spacing: 0px;font-family: arial, helvetica, sans-serif;font-size: 24px\"><br \/><\/span><\/strong><\/p>\n<p><strong><span style=\"letter-spacing: 0px;font-family: arial, helvetica, sans-serif;font-size: 24px\"><\/span><\/strong><\/p>\n<h1><strong><span style=\"letter-spacing: 0px;font-family: arial, helvetica, sans-serif;font-size: 24px\">Vantagem do produto<\/span><\/strong><\/h1>\n<p><strong><span style=\"letter-spacing: 0px;font-family: arial, helvetica, sans-serif;font-size: 24px\"><\/span><\/strong><\/p>\n<div class=\"d-tem01-graphic tem01-graphic mockup\" data-detail=\"wrap\">\n<div class=\"cont-section clearfix d-clearfix\">\n<div class=\"col-md-6 col-sm-6 col-xs-6\">\n<div class=\"right-p\">\n<div class=\"h2 heading\">\n<p><span style=\"font-size: 18px;font-family: arial, helvetica, sans-serif\">1. Ecr\u00e3 de 43\" para promo\u00e7\u00e3o e funcionamento .<\/span><\/p>\n<p><span style=\"font-family:Calibri;font-size:21px\"><br \/><\/span><\/p>\n<p><span style=\"font-family:Calibri;font-size:21px\"><br \/><\/span><\/p>\n<\/div>\n<\/div>\n<div class=\"graphic_pic animated wow bounceIn\" data-wow-delay=\".7s\">\n<p style=\"text-align:center\"><img loading=\"lazy\" decoding=\"async\" src=\"https:\/\/www.hommy.com\/wp-content\/uploads\/16097233783290.jpg\" alt=\"product-PA-C7B M\u00e1quina autom\u00e1tica de venda autom\u00e1tica de pizzas congeladas-Hommy-img\" title=\"\" width=\"350\" height=\"551\" border=\"0\" vspace=\"0\" style=\"width: 350px;height: 551px\"><\/p>\n<\/div>\n<\/div>\n<div class=\"col-md-6 col-sm-6 col-xs-6\">\n<div class=\"right-p\">\n<div class=\"h2 heading\">\n<p style=\"margin-top:0;margin-right:0;margin-bottom:0;margin-left:0;text-indent:0;text-align:justify\"><span style=\"font-family: arial, helvetica, sans-serif;font-size: 18px\"><span style=\"font-family: arial, helvetica, sans-serif;letter-spacing: 0px\">2. 30 conjuntos de pizzas s\u00e3o guardados na caixa de papel que se encontra no interior da m\u00e1quina, mantendo a temperatura <\/span><span style=\"font-family: arial, helvetica, sans-serif\">de -8\u2103 a 10\u2103.<\/span><\/span><\/p>\n<\/div>\n<\/div>\n<div class=\"graphic_pic animated wow bounceIn\" data-wow-delay=\".7s\">\n<p style=\"text-align:center\"><img loading=\"lazy\" decoding=\"async\" src=\"https:\/\/www.hommy.com\/wp-content\/uploads\/16097234237602.jpg\" alt=\"produto-Hommy-img\" title=\"\" width=\"350\" height=\"551\" border=\"0\" vspace=\"0\" style=\"width: 350px;height: 551px\"><\/p>\n<\/div>\n<\/div>\n<\/div>\n<\/div>\n<p><strong><span style=\"letter-spacing: 0px;font-family: arial, helvetica, sans-serif;font-size: 24px\"><\/span><\/strong><\/p>\n<div class=\"d-tem01-graphic tem01-graphic mockup\" data-detail=\"wrap\">\n<div class=\"cont-section clearfix d-clearfix\">\n<div class=\"col-md-6 col-sm-6 col-xs-6\">\n<div class=\"right-p\">\n<div class=\"h2 heading\">\n<p><span style=\"font-family: arial, helvetica, sans-serif;font-size: 18px\">3. O sistema de pagamento pode aceitar: moeda, fatura, moeda Exchang, interface de cart\u00e3o de cr\u00e9dito.<\/span><\/p>\n<p><span style=\"font-family:Calibri;font-size:21px\"><br \/><\/span><\/p>\n<\/div>\n<\/div>\n<div class=\"graphic_pic animated wow bounceIn\" data-wow-delay=\".7s\">\n<p style=\"text-align:center\"><img loading=\"lazy\" decoding=\"async\" src=\"https:\/\/www.hommy.com\/wp-content\/uploads\/16097234802004.png\" alt=\"produto-Hommy-img\" title=\"\" width=\"350\" height=\"546\" border=\"0\" vspace=\"0\" style=\"width: 350px;height: 546px\"><\/p>\n<\/div>\n<\/div>\n<div class=\"col-md-6 col-sm-6 col-xs-6\">\n<div class=\"right-p\">\n<div class=\"h2 heading\">\n<p><span style=\"font-size: 18px;font-family: arial, helvetica, sans-serif\">4. Sistema de gest\u00e3o remota por computador: consulta de detalhes de vendas, lembretes de escassez, lembretes de falhas de m\u00e1quinas.<\/span><\/p>\n<\/div>\n<\/div>\n<div class=\"graphic_pic animated wow bounceIn\" data-wow-delay=\".7s\">\n<p style=\"text-align:center\"><img loading=\"lazy\" decoding=\"async\" src=\"https:\/\/www.hommy.com\/wp-content\/uploads\/16097235239491.jpg\" alt=\"produto-Hommy-img\" title=\"\" width=\"350\" height=\"551\" border=\"0\" vspace=\"0\" style=\"width: 350px;height: 551px\"><\/p>\n<\/div>\n<\/div>\n<\/div>\n<\/div>\n<p><strong><span style=\"letter-spacing: 0px;font-family: arial, helvetica, sans-serif;font-size: 24px\"><\/span><\/strong><\/p>\n<h2 style=\"font-family: sans-serif\">Existem m\u00e1quinas de venda autom\u00e1tica de pizzas em It\u00e1lia?<\/h2>\n<p style=\"margin-top: 5px;margin-bottom: 5px;font-family: sans-serif;font-size: 16px\">A resposta a essa pergunta \u00e9 um retumbante \"sim\". Existem m\u00e1quinas de venda autom\u00e1tica de pizzas em It\u00e1lia. Embora pudesse ter inclu\u00eddo as imagens e o v\u00eddeo abaixo no artigo, n\u00e3o quero bombardear o vosso feed do Facebook ou os feeds de pessoas que n\u00e3o est\u00e3o interessadas em saber como a pizza italiana pode ser fant\u00e1stica. Por isso, deixo-vos com elas aqui.<\/p>\n<h2 style=\"font-family: sans-serif\">Quem fabrica m\u00e1quinas de venda autom\u00e1tica de pizzas?<\/h2>\n<p style=\"margin-top: 5px;margin-bottom: 5px;font-family: sans-serif;font-size: 16px\">H\u00e1 muitas m\u00e1quinas de venda autom\u00e1tica de pizza diferentes dispon\u00edveis no mercado atualmente. As m\u00e1quinas de venda autom\u00e1tica de pizzas encontram-se atualmente em quase todas as cidades dos Estados Unidos e do mundo. A maioria das m\u00e1quinas de venda autom\u00e1tica de pizzas \u00e9 operada por cadeias de pizzarias. As m\u00e1quinas de venda autom\u00e1tica de pizzas mais sofisticadas s\u00e3o operadas por cadeias de pizzarias independentes. Normalmente, incluem um bot\u00e3o de encomenda e um bot\u00e3o de entrega. Algumas m\u00e1quinas de venda autom\u00e1tica de pizzas tamb\u00e9m t\u00eam uma op\u00e7\u00e3o para levar. Atualmente, existem muito mais m\u00e1quinas de venda autom\u00e1tica de pizzas do que h\u00e1 alguns anos atr\u00e1s.<\/p>\n<h2 style=\"font-family: sans-serif\">A PizzaForno \u00e9 halal?<\/h2>\n<p style=\"margin-top: 5px;margin-bottom: 5px;font-family: sans-serif;font-size: 16px\">A PizzaForno \u00e9 100% kosher. De facto, \u00e9 100% kosher h\u00e1 15 anos, porque fizemos pizza para a comunidade judaica em Brooklyn e Queens em 2001. A lei judaica pro\u00edbe a mistura de carne e lactic\u00ednios, mas nas nossas pizzas o molho de tomate n\u00e3o cont\u00e9m carne. \u00c9 puramente vegetariano. E os \u00fanicos ingredientes s\u00e3o farinha sem gl\u00faten, farinha de milho, ervas arom\u00e1ticas, especiarias e tomate (na \u00e9poca). Orgulhamo-nos das nossas \"pizzas kosher saud\u00e1veis\" e queremos que todos os nossos clientes as apreciem tanto como os nossos outros f\u00e3s!<\/p>\n<\/p><\/div>","protected":false},"excerpt":{"rendered":"<p>Americal Frozen Pizza Vending Machine Americal Frozen Pizza Vending Machine|Product Features|Product specification|Product Advantage &nbsp;&nbsp;&nbsp;&nbsp; Our offered self service pizza vending machine is easy to install and is widely acclaimed for its durability. The unit comes with features that are user friendly and are made of quality materials that are corrosion resistant. Further, the offered self [&hellip;]<\/p>\n","protected":false},"featured_media":84,"comment_status":"open","ping_status":"open","template":"","meta":{"_swt_meta_header_display":false,"_swt_meta_footer_display":false,"_swt_meta_site_title_display":false,"_swt_meta_sticky_header":false,"_swt_meta_transparent_header":false},"product_brand":[],"product_cat":[70,68],"product_tag":[],"class_list":{"0":"post-92","1":"product","2":"type-product","3":"status-publish","4":"has-post-thumbnail","6":"product_cat-pizza-vending-machine","7":"product_cat-vending-machine","9":"first","10":"instock","11":"shipping-taxable","12":"product-type-simple"},"_links":{"self":[{"href":"https:\/\/www.hommy.com\/pt\/wp-json\/wp\/v2\/product\/92","targetHints":{"allow":["GET"]}}],"collection":[{"href":"https:\/\/www.hommy.com\/pt\/wp-json\/wp\/v2\/product"}],"about":[{"href":"https:\/\/www.hommy.com\/pt\/wp-json\/wp\/v2\/types\/product"}],"replies":[{"embeddable":true,"href":"https:\/\/www.hommy.com\/pt\/wp-json\/wp\/v2\/comments?post=92"}],"wp:featuredmedia":[{"embeddable":true,"href":"https:\/\/www.hommy.com\/pt\/wp-json\/wp\/v2\/media\/84"}],"wp:attachment":[{"href":"https:\/\/www.hommy.com\/pt\/wp-json\/wp\/v2\/media?parent=92"}],"wp:term":[{"taxonomy":"product_brand","embeddable":true,"href":"https:\/\/www.hommy.com\/pt\/wp-json\/wp\/v2\/product_brand?post=92"},{"taxonomy":"product_cat","embeddable":true,"href":"https:\/\/www.hommy.com\/pt\/wp-json\/wp\/v2\/product_cat?post=92"},{"taxonomy":"product_tag","embeddable":true,"href":"https:\/\/www.hommy.com\/pt\/wp-json\/wp\/v2\/product_tag?post=92"}],"curies":[{"name":"wp","href":"https:\/\/api.w.org\/{rel}","templated":true}]}}