{"id":916,"date":"2024-07-02T17:13:53","date_gmt":"2024-07-02T17:13:53","guid":{"rendered":"http:\/\/localhost\/hommywp\/keep-fresh-temperature-adjustable-ice-cream-display-freezer-price\/"},"modified":"2025-08-01T09:57:46","modified_gmt":"2025-08-01T09:57:46","slug":"iogurte-congelado-equipamento-de-bar-de-coberturas-vitrinas-de-gelados","status":"publish","type":"product","link":"https:\/\/www.hommy.com\/pt\/p\/iogurte-congelado-equipamento-de-bar-de-coberturas-vitrinas-de-gelados\/","title":{"rendered":"Congelador com visor para gelados com temperatura ajust\u00e1vel Keep Fresh Pre\u00e7o"},"content":{"rendered":"<div>\n<p>&nbsp;<\/p>\n<p><\/p>\n<p><span style=\"font-size: 20px\"><\/span><\/p>\n<p style=\"text-align: center\"><span style=\"font-size: 24px\"><\/span><\/p>\n<h2 style=\"margin: 0px;text-align: center\"><strong><span style=\"letter-spacing: 0px;font-size: 29px;font-family: arial, helvetica, sans-serif\"><a name=\"Frozen Yogurt display showcase freezer\"><\/a>Expositor de iogurte congelado com congelador&nbsp;<\/span><\/strong><\/h2>\n<p style=\"text-align: center\"><a href=\"http:\/\/\" target=\"_self\" data-lv=\"0\" rel=\"noopener\"><span style=\"font-size: 16px\"><span style=\"letter-spacing: 0px;font-family: arial, helvetica, sans-serif\">Expositor de iogurte congelado com congelador<\/span><\/span><\/a><span style=\"font-size: 16px\"><span style=\"letter-spacing: 0px;font-family: arial, helvetica, sans-serif\">|<a href=\"#Product specification\" target=\"_self\" data-lv=\"0\" rel=\"noopener\">Especifica\u00e7\u00e3o do produto<\/a>|<a href=\"#Product Features\" target=\"_self\" data-lv=\"0\" rel=\"noopener\">Carater\u00edsticas do produto<\/a>|<a href=\"#Product Advantage\" target=\"_self\" data-lv=\"0\" rel=\"noopener\">Vantagem do produto<\/a><\/span><\/span><\/p>\n<p style=\"margin: 0px\"><strong><span style=\"letter-spacing: 0px;font-size: 29px;font-family: arial, helvetica, sans-serif\"><br \/><\/span><\/strong><\/p>\n<p style=\"text-align: center\"><span style=\"font-size: 24px\"><span style=\"text-align: center\"><\/span><\/span><\/p>\n<p><!-- Video start --><video poster=\"https:\/\/img80002414.weyesimg.com\/uploads\/www.hommy.com\/video\/15795016809540.mp4?vframe\/jpg\/offset\/1\" id=\"video\" preload=\"auto\" controls=\"controls\" style=\"width:100%;height:510px\"><\/video><!-- Video end --><\/p>\n<h2 style=\"margin: 0px;text-indent: 0px;text-align: justify\"><strong><span style=\"font-family: arial, helvetica, sans-serif;font-size: 29px\"><\/span><\/strong><\/h2>\n<p>Os congeladores s\u00e3o fabricados de acordo com as normas de qualidade globais e s\u00e3o efectuados controlos de qualidade rigorosos em todas as mat\u00e9rias-primas utilizadas para o fabrico de congeladores. S\u00e3o concebidos de forma a proporcionar um trabalho sem complica\u00e7\u00f5es e f\u00e1cil de utilizar, a fim de facilitar a utiliza\u00e7\u00e3o dos produtos. Para satisfazer as diversas exig\u00eancias dos clientes, os congeladores s\u00e3o tamb\u00e9m personalizados de acordo com as especifica\u00e7\u00f5es fornecidas pelo cliente.<\/p>\n<p><\/p>\n<p>Estes congeladores est\u00e3o dispon\u00edveis em diferentes tamanhos e especifica\u00e7\u00f5es de acordo com os requisitos dos clientes e tamb\u00e9m podem ser personalizados de acordo com os seus requisitos. Estes congeladores s\u00e3o instalados em locais onde s\u00e3o necess\u00e1rios produtos sens\u00edveis \u00e0 temperatura, a fim de garantir que n\u00e3o ocorram danos nos produtos armazenados no congelador.<\/p>\n<h2 style=\"margin: 0px;text-indent: 0px;text-align: justify\"><strong><span style=\"font-family: arial, helvetica, sans-serif;font-size: 24px\"><br \/><\/span><\/strong><\/h2>\n<h2 style=\"margin: 0px;text-indent: 0px;text-align: justify\"><strong><span style=\"font-family: arial, helvetica, sans-serif;font-size: 24px\"><a name=\"Product specification\"><\/a>Especifica\u00e7\u00e3o do produto<\/span><\/strong><br \/><\/h2>\n<p style=\"margin-top:0;margin-right:0;margin-bottom:0;margin-left:0;text-indent:0;text-align:justify\"><span style=\"font-family: arial, helvetica, sans-serif;font-size: 29px\"><br \/><\/span><\/p>\n<p style=\"text-align:center\"><span style=\"font-family: arial, helvetica, sans-serif;font-size: 29px\"><img decoding=\"async\" src=\"https:\/\/www.hommy.com\/wp-content\/uploads\/16010814811002.png\" alt=\"produto-SD 201 Vitrina de iogurte gelado-Hommy-img\" title=\"\"><\/span><\/p>\n<p>&nbsp;<\/p>\n<div class=\"d-tem11-graphic tem11-graphic mockup\" data-detail=\"wrap\">\n<div class=\"tab_row\">\n<div class=\"img\" style=\"width: 50%\">\n<p style=\"text-align:center\"><img loading=\"lazy\" decoding=\"async\" title=\"\" alt=\"produto-Hommy-img\" src=\"https:\/\/www.hommy.com\/wp-content\/uploads\/16010815784948.png\" width=\"450\" height=\"500\" border=\"0\" vspace=\"0\" style=\"width: 450px;height: 500px\"><\/p>\n<\/div>\n<div class=\"text_box\" style=\"width: 50%\">\n<div class=\"txt\">\n<div class=\"title\">\n<p>&nbsp;<\/p>\n<h2><strong><span style=\"font-size: 24px;font-family: arial, helvetica, sans-serif\"><a name=\"Product Features\"><\/a>Carater\u00edsticas do produto<\/span><\/strong><\/h2>\n<p><\/p>\n<\/div>\n<p style=\"text-indent: 0\"><span style=\"font-family: Arial;letter-spacing: 0;font-size: 14px\">Al\u00e9m disso, engenheiros altamente qualificados, tecn\u00f3logos competentes e pessoal experiente contribuem muito para o desenvolvimento da empresa.<\/span><\/p>\n<p style=\"text-indent: 0\"><span style=\"font-family: Arial;letter-spacing: 0;font-size: 14px\"><\/span><\/p>\n<p style=\"margin-left:0;text-indent:0\"><span style=\"font-family:Symbol;font-size:16px\">\u00a8&nbsp;<\/span><span style=\"font-family:Calibri;font-size:16px\">Manter 1<\/span><span style=\"font-family:Calibri;font-size:16px\">0<\/span><span style=\"font-family:Calibri;font-size:16px\">&nbsp;cobertura de sabores.<\/span><\/p>\n<p style=\"margin-left:0;text-indent:0\"><span style=\"font-family:Symbol;font-size:16px\">\u00a8&nbsp;<\/span><span style=\"font-family:Calibri;font-size:16px\">Tamanho do dep\u00f3sito: <\/span><span style=\"font-family:Calibri;font-size:16px\">176x162x100mm <\/span><\/p>\n<p style=\"margin-left:0;text-indent:0\"><span style=\"font-family:Symbol;font-size:16px\">\u00a8&nbsp;<\/span><span style=\"font-family:Calibri;font-size:16px\">Com sistema de arrefecimento do ar para manter a frescura.<\/span><\/p>\n<p style=\"margin-left:0;text-indent:0\"><span style=\"font-family:Symbol;font-size:16px\">\u00a8&nbsp;<\/span><span style=\"font-family:Calibri;font-size:16px\">A temperatura pode ser ajustada de 0 \u2103 a 10 \u2103.<\/span><\/p>\n<p style=\"margin-left:0;text-indent:0\"><span style=\"font-family:Symbol;font-size:16px\">\u00a8&nbsp;<\/span><span style=\"font-family:Calibri;font-size:16px\">Constru\u00e7\u00e3o completa em a\u00e7o inoxid\u00e1vel para maior durabilidade com t<\/span><span style=\"font-family:Calibri;font-size:16px\">vidro fosco<\/span><span style=\"font-family:Calibri;font-size:16px\">&nbsp;como guarda de saneamento.<\/span><\/p>\n<p style=\"margin-left:0;text-indent:0\"><span style=\"font-family: Symbol;font-size: 16px\">\u00a8&nbsp;<\/span><span style=\"font-family: Calibri;font-size: 16px\">Dimens\u00f5es da m\u00e1quina: 960x520x800mm <\/span><strong><span style=\"font-family: Calibri;font-size: 16px\">&nbsp;<\/span><\/strong><\/p>\n<p style=\"text-indent: 0\"><span style=\"font-family: Arial;letter-spacing: 0;font-size: 14px\"><br \/><\/span><\/p>\n<p><span style=\"font-family:Calibri;font-size:16px\"> <\/span><\/p>\n<p><\/p>\n<p style=\"line-height: 1.75em\">&nbsp;<\/p>\n<\/div>\n<\/div>\n<\/div>\n<\/div>\n<p>&nbsp;<\/p>\n<div class=\"text-left d-tem09-title d-interval\" data-detail=\"wrap\">\n<div class=\"title-header\">\n<div class=\"title\">\n<h2><strong><span style=\"letter-spacing: 0px;font-family: arial, helvetica, sans-serif;font-size: 24px\"><a name=\"Product Advantage\"><\/a>Vantagem do produto<\/span><\/strong><\/h2>\n<p><span style=\"font-size: 24px\"><\/span><\/div>\n<\/div>\n<\/div>\n<div class=\"d-tem01-graphic tem01-graphic mockup\" data-detail=\"wrap\">\n<div class=\"cont-section clearfix d-clearfix\">\n<div class=\"col-md-6 col-sm-6 col-xs-6\">\n<div class=\"right-p\">\n<div class=\"h2 heading\">\n<p><span style=\"font-size: 16px\"><span style=\"letter-spacing: 0px;font-family: arial, helvetica, sans-serif\">1. utilizamos um tabuleiro de pl\u00e1stico que passa a comida com gosto, tamb\u00e9m temos 3 tamanhos para escolher.<\/span><span style=\"font-family: \u5b8b\u4f53;letter-spacing: 0px\">&nbsp;<\/span><\/span><\/p>\n<p><span style=\"font-size: 16px\"><span style=\"font-family: \u5b8b\u4f53;letter-spacing: 0px\"><br \/><\/span><\/span><\/p>\n<p><span style=\"font-size: 16px\"><span style=\"font-family: \u5b8b\u4f53;letter-spacing: 0px\"><br \/><\/span><\/span><\/p>\n<\/div>\n<\/div>\n<div class=\"graphic_pic animated wow bounceIn\" data-wow-delay=\".7s\">\n<p style=\"text-align:center\"><img loading=\"lazy\" decoding=\"async\" src=\"https:\/\/www.hommy.com\/wp-content\/uploads\/16010848242935.png\" alt=\"produto-Hommy-img\" title=\"\" width=\"350\" height=\"500\" border=\"0\" vspace=\"0\" style=\"width: 350px;height: 500px\"><\/p>\n<\/div>\n<\/div>\n<div class=\"col-md-6 col-sm-6 col-xs-6\">\n<div class=\"right-p\">\n<div class=\"h2 heading\">\n<p style=\"margin-top: 0;margin-right: 0;margin-bottom: 0;padding: 0;vertical-align: baseline\"><span style=\"font-family: Calibri;letter-spacing: 0px;font-size: 16px\">2. Na parte superior da m\u00e1quina, adicionamos vidro temperado para impedir que o vendedor deixe cair algumas coisas.<\/span><\/p>\n<p style=\"margin-top: 0;margin-right: 0;margin-bottom: 0;padding: 0;vertical-align: baseline\"><span style=\"font-family: Calibri;letter-spacing: 0px;font-size: 16px\"><br \/><\/span><\/p>\n<p style=\"margin-top: 0;margin-right: 0;margin-bottom: 0;padding: 0;vertical-align: baseline\"><span style=\"font-family: Calibri;letter-spacing: 0px;font-size: 16px\"><br \/><\/span><\/p>\n<\/div>\n<\/div>\n<div class=\"graphic_pic animated wow bounceIn\" data-wow-delay=\".7s\">\n<p style=\"text-align:center\"><img loading=\"lazy\" decoding=\"async\" src=\"https:\/\/www.hommy.com\/wp-content\/uploads\/16010848502472.png\" alt=\"produto-Hommy-img\" title=\"\" width=\"350\" height=\"500\" border=\"0\" vspace=\"0\" style=\"width: 350px;height: 500px\"><\/p>\n<\/div>\n<\/div>\n<\/div>\n<\/div>\n<p><\/p>\n<p><\/p>\n<p><\/p>\n<p>Documento\uff1a<img decoding=\"async\" src=\"https:\/\/www.hommy.com\/wp-content\/uploads\/icon_jpg.gif\" style=\"margin-right: 2px\" alt=\"produto-Hommy-img\" title=\"\"><a href=\"https:\/\/img80002414.weyesimg.com\/uploads\/www.hommy.com\/images\/16026461202016.jpg\" title=\"16026461202016.jpg\" style=\"font-size: 12px\">16026461202016.jpg<\/a><\/p>\n<h2 style=\"font-family: sans-serif\">Como \u00e9 que se utiliza um <a style=\"color:blue\" href=\"https:\/\/www.hommy.com\/pt\/maquina-de-gelados-duros\/\">congelador de lotes<\/a>?<\/h2>\n<p style=\"margin-top: 5px;margin-bottom: 5px;font-family: sans-serif;font-size: 16px\"><\/p>\n<p style=\"margin-top: 5px;margin-bottom: 5px;font-family: sans-serif;font-size: 16px\">R:Um congelador por lotes \u00e9 uma ferramenta \u00fatil e econ\u00f3mica, especialmente para filetes de peixe de tamanho pequeno a m\u00e9dio, bifes ou outros artigos de carne que demoram muito tempo a congelar (por exemplo, os filetes e os bifes t\u00eam de ser descongelados e cortados antes de serem servidos). Uma vez que s\u00e3o muito menos eficazes para congelar alimentos que t\u00eam de ser cortados antes de serem congelados (por exemplo, peitos de frango, bifes ou filetes, tartes inteiras, etc.), n\u00e3o s\u00e3o ideais para esses alimentos.<\/p>\n<p style=\"margin-top: 5px;margin-bottom: 5px;font-family: sans-serif;font-size: 16px\"><\/p>\n<h2 style=\"font-family: sans-serif\">Como funciona um congelador cont\u00ednuo?<\/h2>\n<p style=\"margin-top: 5px;margin-bottom: 5px;font-family: sans-serif;font-size: 16px\"><\/p>\n<p style=\"margin-top: 5px;margin-bottom: 5px;font-family: sans-serif;font-size: 16px\">O congelador cont\u00ednuo \u00e9 um processo de fluxo cont\u00ednuo. A principal vantagem do congelador cont\u00ednuo \u00e9 a produ\u00e7\u00e3o de maiores rendimentos do que o processo por lotes. A chave para uma produ\u00e7\u00e3o mais elevada \u00e9 o fluxo cont\u00ednuo de material e a transfer\u00eancia constante de calor entre o material e o fluido de trabalho. Por outras palavras, a produ\u00e7\u00e3o dos congeladores cont\u00ednuos \u00e9 muito semelhante \u00e0 produ\u00e7\u00e3o dos congeladores descont\u00ednuos, s\u00f3 que o processamento \u00e9 cont\u00ednuo.<\/p>\n<p style=\"margin-top: 5px;margin-bottom: 5px;font-family: sans-serif;font-size: 16px\"><\/p>\n<h2 style=\"font-family: sans-serif\">O que \u00e9 um bom congelador?<\/h2>\n<p style=\"margin-top: 5px;margin-bottom: 5px;font-family: sans-serif;font-size: 16px\"><\/p>\n<p style=\"margin-top: 5px;margin-bottom: 5px;font-family: sans-serif;font-size: 16px\">Quero ter uma arca congeladora em minha casa e queria saber qual \u00e9 a melhor e porqu\u00ea. H\u00e1 algum tipo de arca congeladora que sugiram ou gostam de alguma marca? Estava a comprar um pequeno congelador usado na Goodwill que me pareceu uma boa op\u00e7\u00e3o.&nbsp;<\/p>\n<\/div><\/div>","protected":false},"excerpt":{"rendered":"<p>&nbsp; Frozen Yogurt display showcase freezer&nbsp; Frozen Yogurt display showcase freezer|Product specification|Product Features|Product Advantage The freezers are fabricated as per the global quality standards and stringent quality checks are carried on all the raw material used for the manufacturing of freezers. They are designed in such a way that provides hassle free and easy to [&hellip;]<\/p>\n","protected":false},"featured_media":1928,"comment_status":"open","ping_status":"open","template":"","meta":{"_swt_meta_header_display":false,"_swt_meta_footer_display":false,"_swt_meta_site_title_display":false,"_swt_meta_sticky_header":false,"_swt_meta_transparent_header":false},"product_brand":[],"product_cat":[85],"product_tag":[],"class_list":{"0":"post-916","1":"product","2":"type-product","3":"status-publish","4":"has-post-thumbnail","6":"product_cat-display-showcase","8":"first","9":"instock","10":"shipping-taxable","11":"product-type-simple"},"_links":{"self":[{"href":"https:\/\/www.hommy.com\/pt\/wp-json\/wp\/v2\/product\/916","targetHints":{"allow":["GET"]}}],"collection":[{"href":"https:\/\/www.hommy.com\/pt\/wp-json\/wp\/v2\/product"}],"about":[{"href":"https:\/\/www.hommy.com\/pt\/wp-json\/wp\/v2\/types\/product"}],"replies":[{"embeddable":true,"href":"https:\/\/www.hommy.com\/pt\/wp-json\/wp\/v2\/comments?post=916"}],"wp:featuredmedia":[{"embeddable":true,"href":"https:\/\/www.hommy.com\/pt\/wp-json\/wp\/v2\/media\/1928"}],"wp:attachment":[{"href":"https:\/\/www.hommy.com\/pt\/wp-json\/wp\/v2\/media?parent=916"}],"wp:term":[{"taxonomy":"product_brand","embeddable":true,"href":"https:\/\/www.hommy.com\/pt\/wp-json\/wp\/v2\/product_brand?post=916"},{"taxonomy":"product_cat","embeddable":true,"href":"https:\/\/www.hommy.com\/pt\/wp-json\/wp\/v2\/product_cat?post=916"},{"taxonomy":"product_tag","embeddable":true,"href":"https:\/\/www.hommy.com\/pt\/wp-json\/wp\/v2\/product_tag?post=916"}],"curies":[{"name":"wp","href":"https:\/\/api.w.org\/{rel}","templated":true}]}}