{"id":910,"date":"2024-07-02T17:13:50","date_gmt":"2024-07-02T17:13:50","guid":{"rendered":"http:\/\/localhost\/hommywp\/stainless-steel-shelf-frozen-yogurt-topping-display-refrigerator\/"},"modified":"2025-08-01T09:57:46","modified_gmt":"2025-08-01T09:57:46","slug":"equipamento-de-bar-de-coberturas-e-congelador-de-exposicao-de-natas","status":"publish","type":"product","link":"https:\/\/www.hommy.com\/pt\/p\/equipamento-de-bar-de-coberturas-e-congelador-de-exposicao-de-natas\/","title":{"rendered":"Frigor\u00edfico com prateleiras de a\u00e7o inoxid\u00e1vel para iogurte congelado"},"content":{"rendered":"<div>\n<p>&nbsp;<\/p>\n<p><\/p>\n<p><span style=\"font-size: 24px\"><\/span><\/p>\n<h2 style=\"text-align: center\"><strong><span style=\"letter-spacing: 0px;font-size: 29px;font-family: arial, helvetica, sans-serif\"><a name=\"Frozen Yogurt Topping Cabinet \"><\/a>Arm\u00e1rio de cobertura para iogurte congelado&nbsp;<\/span><\/strong><\/h2>\n<p style=\"text-align: center\"><a href=\"http:\/\/\" target=\"_self\" data-lv=\"0\" rel=\"noopener\"><span style=\"font-size: 16px\"><span style=\"letter-spacing: 0px;font-family: arial, helvetica, sans-serif\">Arm\u00e1rio de cobertura para iogurte congelado<\/span><\/span><\/a><span style=\"font-size: 16px\"><span style=\"letter-spacing: 0px;font-family: arial, helvetica, sans-serif\">|<a href=\"#Product specification\" target=\"_self\" data-lv=\"0\" rel=\"noopener\">Especifica\u00e7\u00e3o do produto<\/a>|<a href=\"#Product Features\" target=\"_self\" data-lv=\"0\" rel=\"noopener\">Carater\u00edsticas do produto<\/a>|<a href=\"#Product Advantage\" target=\"_self\" data-lv=\"0\" rel=\"noopener\">Vantagem do produto<\/a><\/span><\/span><\/p>\n<p style=\"text-align: center\"><video src=\"https:\/\/img80002414.weyesimg.com\/uploads\/wij2rdgc.allweyes.com\/video\/15553170572985.mp4\" preload=\"none\" controls=\"\" poster=\"https:\/\/img80002414.weyesimg.com\/uploads\/wij2rdgc.allweyes.com\/images\/15553170467995.jpg\" data-setup=\"{}\" width=\"900\" height=\"640\"><\/video><\/p>\n<p>&nbsp;<\/p>\n<p>O expositor de cobertura de iogurte congelado \u00e9 fabricado utilizando ingredientes da melhor qualidade em conformidade com as normas e diretrizes internacionais. Al\u00e9m disso, nossos clientes podem aproveitar isso de n\u00f3s a pre\u00e7os mais nominais.<\/p>\n<p><\/p>\n<p>Estamos entre os fornecedores mais proeminentes de uma vasta cole\u00e7\u00e3o de expositores de cobertura de iogurte congelado.<\/p>\n<div class=\"text-left d-tem09-title d-interval\" data-detail=\"wrap\">\n<div class=\"title-header\">\n<div class=\"title\"><span style=\"font-size: 24px\"><\/span><\/p>\n<h2 style=\"margin: 0px;text-indent: 0px;text-align: justify\"><strong><span style=\"letter-spacing: 0px;font-size: 29px;font-family: arial, helvetica, sans-serif\"><a name=\"Product specification\"><\/a><span style=\"letter-spacing: 0px;font-family: arial, helvetica, sans-serif;font-size: 24px\">Especifica\u00e7\u00e3o do produto\uff1a<\/span><\/span><\/strong><span style=\"font-family:\u5b8b\u4f53;letter-spacing:0;font-size:29px\"> <\/span><\/h2>\n<p style=\"margin-top:0;margin-right:0;margin-bottom:0;margin-left:0;text-indent:0;text-align:justify\"><span style=\"letter-spacing: 0px;font-size: 29px;font-family: arial, helvetica, sans-serif\"><br \/><\/span><\/p>\n<p style=\"margin-top:0;margin-right:0;margin-bottom:0;margin-left:0;text-indent:0;text-align:justify\"><span style=\"letter-spacing: 0px;font-size: 16px;font-family: arial, helvetica, sans-serif\">M\u00e1quina de cobertura de iogurte congelado que pode manter frutas, nozes, cozinhar, a\u00e7\u00facar dentro dela, para que a m\u00e1quina tenha dois tipos de panela, uma \u00e9 manter fresca que pode manter frutas e a\u00e7\u00facar, outra \u00e9 sem refrigerador pode manter nozes, cozinhar. se voc\u00ea abrir uma loja de iogurte congelado, voc\u00ea precisa escolher uma dessas m\u00e1quinas.&nbsp;<\/span><\/p>\n<p style=\"margin-top:0;margin-right:0;margin-bottom:0;margin-left:0;text-indent:0;text-align:justify\"><span style=\"letter-spacing: 0px;font-size: 16px;font-family: arial, helvetica, sans-serif\"><br \/><\/span><\/p>\n<p style=\"margin-top:0;margin-right:0;margin-bottom:0;margin-left:0;text-indent:0;text-align:justify\"><span style=\"letter-spacing: 0px;font-size: 16px;font-family: arial, helvetica, sans-serif\"><br \/><\/span><\/p>\n<p style=\"text-align:center\"><span style=\"letter-spacing: 0px;font-size: 16px;font-family: arial, helvetica, sans-serif\"><img decoding=\"async\" src=\"https:\/\/www.hommy.com\/wp-content\/uploads\/16010883542643.png\" alt=\"produto-Hommy-img\" title=\"\"><\/span><\/p>\n<\/div>\n<\/div>\n<\/div>\n<p>&nbsp;<\/p>\n<div class=\"d-tem11-graphic tem11-graphic mockup\" data-detail=\"wrap\">\n<div class=\"tab_row\">\n<div class=\"img\" style=\"width: 50%\"><img decoding=\"async\" title=\"\" alt=\"produto-SD 203 Arm\u00e1rios para iogurte gelado-Hommy-img\" src=\"https:\/\/www.hommy.com\/wp-content\/uploads\/15553173297708.jpg\"><\/div>\n<div class=\"text_box\" style=\"width: 50%\">\n<div class=\"txt\">\n<div class=\"title\">\n<p><\/p>\n<h2 style=\"margin: 0px;text-indent: 0px;text-align: justify\"><strong><span style=\"letter-spacing: 0px;font-family: arial, helvetica, sans-serif;font-size: 24px\"><a name=\"Product Features\"><\/a>Carater\u00edsticas do produto\uff1a<\/span><\/strong><span style=\"font-family:\u5b8b\u4f53;letter-spacing:0;font-size:29px\"> <\/span><\/h2>\n<p style=\"margin-top:0;margin-right:0;margin-bottom:0;margin-left:0;text-indent:0;text-align:justify\"><span style=\"letter-spacing: 0px;font-family: arial, helvetica, sans-serif;font-size: 24px\"><br \/><\/span><\/p>\n<p style=\"text-indent: 0\"><span style=\"letter-spacing: 0px;font-size: 14px;font-family: arial, helvetica, sans-serif\">Al\u00e9m disso, engenheiros altamente qualificados, tecn\u00f3logos competentes e pessoal experiente contribuem muito para o desenvolvimento da empresa.<\/span><\/p>\n<p style=\"text-indent: 0\"><span style=\"letter-spacing: 0px;font-size: 14px;font-family: arial, helvetica, sans-serif\">&nbsp;<\/span><\/p>\n<p style=\"text-indent: 0\"><span style=\"letter-spacing: 0px;font-size: 14px;font-family: arial, helvetica, sans-serif\">M\u00e1quina de cobertura refrigerada<\/span><\/p>\n<p style=\"text-indent: 0\"><span style=\"letter-spacing: 0px;font-size: 14px;font-family: arial, helvetica, sans-serif\">Prote\u00e7\u00e3o contra espirros em fibra de vidro transparente<\/span><\/p>\n<p style=\"text-indent: 0\"><span style=\"letter-spacing: 0px;font-size: 14px;font-family: arial, helvetica, sans-serif\">Prateleira em a\u00e7o inoxid\u00e1vel<\/span><\/p>\n<p style=\"text-indent: 0\"><span style=\"letter-spacing: 0px;font-size: 14px;font-family: arial, helvetica, sans-serif\">Coloca\u00e7\u00e3o de uma superf\u00edcie de pedra artificial \u00e0 volta das duas sec\u00e7\u00f5es<\/span><\/p>\n<p style=\"text-indent: 0\"><span style=\"letter-spacing: 0px;font-size: 14px;font-family: arial, helvetica, sans-serif\">12 panelas: sec\u00e7\u00e3o refrigerada, que pode manter a temperatura entre 5 e 10 graus. <\/span><\/p>\n<p style=\"text-indent: 0\"><span style=\"letter-spacing: 0px;font-size: 14px;font-family: arial, helvetica, sans-serif\">9 panelas: sec\u00e7\u00e3o de temperatura normal<\/span><\/p>\n<p style=\"text-indent: 0\"><span style=\"letter-spacing: 0px;font-size: 14px;font-family: arial, helvetica, sans-serif\">Tabuleiro em acr\u00edlico transparente de qualidade alimentar (com tampa)<\/span><\/p>\n<p style=\"text-indent: 0\"><span style=\"letter-spacing: 0px;font-size: 14px;font-family: arial, helvetica, sans-serif\">Pequeno frigor\u00edfico para arruma\u00e7\u00e3o<\/span><\/p>\n<p style=\"text-indent: 0\"><span style=\"letter-spacing: 0px;font-size: 14px;font-family: arial, helvetica, sans-serif\">que tem 3 tipos de fibra de vidro transparente para escolher.&nbsp;<\/span><\/p>\n<\/div>\n<\/div>\n<\/div>\n<\/div>\n<\/div>\n<p>&nbsp;<\/p>\n<div class=\"text-left d-tem09-title d-interval\" data-detail=\"wrap\">\n<div class=\"title-header\">\n<div class=\"title\">\n<h2><span style=\"font-size: 24px\"><strong><span style=\"letter-spacing: 0px;font-family: arial, helvetica, sans-serif\"><a name=\"Product Advantage\"><\/a>Vantagem do produto:<\/span><\/strong><\/span><\/h2>\n<p><span style=\"font-size: 24px\"><\/span><\/div>\n<\/div>\n<\/div>\n<div class=\"d-tem01-graphic tem01-graphic mockup\" data-detail=\"wrap\">\n<div class=\"cont-section clearfix d-clearfix\">\n<div class=\"col-md-6 col-sm-6 col-xs-6\">\n<div class=\"right-p\">\n<div class=\"h2 heading\">\n<p><span style=\"letter-spacing: 0px;font-family: arial, helvetica, sans-serif;font-size: 16px\">1. utilizamos um tabuleiro de pl\u00e1stico que passa a comida com gosto, tamb\u00e9m temos 3 tamanhos para escolher.&nbsp;<\/span><\/p>\n<p><span style=\"letter-spacing: 0px;font-family: arial, helvetica, sans-serif;font-size: 16px\"><br \/><\/span><\/p>\n<p><span style=\"letter-spacing: 0px;font-family: arial, helvetica, sans-serif;font-size: 16px\"><br \/><\/span><\/p>\n<\/div>\n<\/div>\n<div class=\"graphic_pic animated wow bounceIn\" data-wow-delay=\".7s\">\n<p style=\"text-align:center\"><img loading=\"lazy\" decoding=\"async\" src=\"https:\/\/www.hommy.com\/wp-content\/uploads\/16010886153254.png\" alt=\"produto-Hommy-img\" title=\"\" width=\"350\" height=\"533\" border=\"0\" vspace=\"0\" style=\"width: 350px;height: 533px\"><\/p>\n<p><span style=\"font-family: arial, helvetica, sans-serif;font-size: 16px\"><br \/>\n &nbsp; &nbsp; &nbsp; &nbsp; &nbsp; &nbsp;<\/span><\/div>\n<\/div>\n<div class=\"col-md-6 col-sm-6 col-xs-6\">\n<div class=\"right-p\">\n<div class=\"h2 heading\">\n<p style=\"text-indent: 0\"><span style=\"font-family: arial, helvetica, sans-serif;font-size: 16px\"><span style=\"font-family: Calibri;letter-spacing: 0px;font-size: 20px\">2. Na parte superior da m\u00e1quina, adicionamos uma prote\u00e7\u00e3o contra espirros em fibra de vidro transparente<\/span><span style=\"font-family: \u5b8b\u4f53;letter-spacing: 0px;font-size: 20px\">.<\/span><\/span><\/p>\n<p style=\"text-indent: 0\"><span style=\"font-family: arial, helvetica, sans-serif;font-size: 16px\"><span style=\"font-family: \u5b8b\u4f53;letter-spacing: 0px;font-size: 20px\"><br \/><\/span><\/span><\/p>\n<p style=\"text-indent: 0\"><span style=\"font-family: arial, helvetica, sans-serif;font-size: 16px\"><span style=\"font-family: \u5b8b\u4f53;letter-spacing: 0px;font-size: 20px\"><br \/><\/span><\/span><\/p>\n<\/div>\n<\/div>\n<div class=\"graphic_pic animated wow bounceIn\" data-wow-delay=\".7s\">\n<p style=\"text-align:center\"><img loading=\"lazy\" decoding=\"async\" src=\"https:\/\/www.hommy.com\/wp-content\/uploads\/16010887562800.png\" alt=\"produto-Hommy-img\" title=\"\" width=\"350\" height=\"356\" border=\"0\" vspace=\"0\" style=\"width: 350px;height: 356px\"><\/p>\n<\/div>\n<\/div>\n<\/div>\n<\/div>\n<div class=\"d-tem01-graphic tem01-graphic mockup\" data-detail=\"wrap\">\n<div class=\"cont-section clearfix d-clearfix\">\n<div class=\"col-md-6 col-sm-6 col-xs-6\">\n<div class=\"right-p\">\n<div class=\"h2 heading\">\n<p><span style=\"font-family: arial, helvetica, sans-serif;font-size: 16px\"><span style=\"font-family: arial, helvetica, sans-serif;letter-spacing: 0px\">3. A m\u00e1quina no seu interior tem 14 panelas, 7 das quais sem refrigerador, outras 7 panelas com refrigerador que podem atingir a temperatura<\/span><span style=\"font-family: arial, helvetica, sans-serif\">0\u2103 a 10\u2103.<\/span><\/span><\/p>\n<p><span style=\"font-family: arial, helvetica, sans-serif;font-size: 16px\"><span style=\"font-family: arial, helvetica, sans-serif\"><br \/><\/span><\/span><\/p>\n<\/div>\n<\/div>\n<div class=\"graphic_pic animated wow bounceIn\" data-wow-delay=\".7s\">\n<p style=\"text-align:center\"><img loading=\"lazy\" decoding=\"async\" src=\"https:\/\/www.hommy.com\/wp-content\/uploads\/16010887806760.png\" alt=\"produto-Hommy-img\" title=\"\" width=\"500\" height=\"138\" border=\"0\" vspace=\"0\" style=\"width: 500px;height: 138px\"><\/p>\n<p><span style=\"font-family: arial, helvetica, sans-serif;font-size: 16px\"><br \/>\n &nbsp; &nbsp; &nbsp; &nbsp; &nbsp; &nbsp;<\/span><\/div>\n<\/div>\n<div class=\"col-md-6 col-sm-6 col-xs-6\">\n<div class=\"right-p\">\n<div class=\"h2 heading\">\n<p><span style=\"font-family: arial, helvetica, sans-serif;font-size: 16px\">4. O fundo da m\u00e1quina tem um pequeno frigor\u00edfico para arruma\u00e7\u00e3o.<\/span><\/p>\n<p><span style=\"font-family: arial, helvetica, sans-serif;font-size: 16px\"><br \/><\/span><\/p>\n<p><span style=\"font-family: arial, helvetica, sans-serif;font-size: 16px\">&nbsp;<\/span><\/p>\n<\/div>\n<\/div>\n<div class=\"graphic_pic animated wow bounceIn\" data-wow-delay=\".7s\">\n<p style=\"text-align:center\"><img loading=\"lazy\" decoding=\"async\" src=\"https:\/\/www.hommy.com\/wp-content\/uploads\/16010888103489.jpg\" alt=\"produto-Hommy-SD 203 Arm\u00e1rios para iogurte gelado-img\" title=\"\" width=\"350\" height=\"583\" border=\"0\" vspace=\"0\" style=\"width: 350px;height: 583px\"><\/p>\n<\/div>\n<\/div>\n<\/div>\n<\/div>\n<p>Documento\uff1a<img decoding=\"async\" src=\"https:\/\/www.hommy.com\/wp-content\/uploads\/icon_pdf-66.gif\" style=\"margin-right: 2px\" alt=\"produto-Hommy-img-1\" title=\"\"><a href=\"https:\/\/img80002414.weyesimg.com\/uploads\/www.hommy.com\/addon\/16026443785191.pdf\" title=\"16026443785191.pdf\" style=\"font-size: 12px\">16026443785191.pdf<\/a><\/p>\n<h2>O que posso vender numa m\u00e1quina de venda autom\u00e1tica?<\/h2>\n<p style=\"margin-top: 5px;margin-bottom: 5px\"><\/p>\n<p style=\"margin-top: 5px;margin-bottom: 5px\">H\u00e1 j\u00e1 algum tempo que ando a estudar as m\u00e1quinas de venda autom\u00e1tica. Tenho estado a olhar para as<\/p>\n<p style=\"margin-top: 5px;margin-bottom: 5px\">vendedores como o 7 Eleven e o Circle K. Estava a pensar em montar uma m\u00e1quina.<\/p>\n<p style=\"margin-top: 5px;margin-bottom: 5px\">Sou propriet\u00e1rio de uma empresa e tenho um or\u00e7amento limitado, pelo que tenho de me certificar de que sei o que<\/p>\n<p style=\"margin-top: 5px;margin-bottom: 5px\">Posso vender e ganhar dinheiro com isso. Gostava de saber que artigos posso vender numa<\/p>\n<p style=\"margin-top: 5px;margin-bottom: 5px\">m\u00e1quina de venda autom\u00e1tica? Estou a pensar sobretudo em snacks e bebidas.<\/p>\n<p style=\"margin-top: 5px;margin-bottom: 5px\"><\/p>\n<p style=\"margin-top: 5px;margin-bottom: 5px\">Quanto \u00e9 que uma m\u00e1quina de venda autom\u00e1tica ganha em m\u00e9dia por ano? $2,7 mil milh\u00f5es.<\/p>\n<p style=\"margin-top: 5px;margin-bottom: 5px\"><\/p>\n<p style=\"margin-top: 5px;margin-bottom: 5px\">As m\u00e1quinas de venda autom\u00e1tica, as m\u00e1quinas omnipresentes que vendem tudo, desde cachorros quentes a cerveja e cigarros, s\u00e3o praticamente a for\u00e7a vital da economia americana. Os EUA t\u00eam mais de 15.000 m\u00e1quinas de venda autom\u00e1tica e geram uns impressionantes $2,7 mil milh\u00f5es por ano. S\u00e3o muitas m\u00e1quinas de venda autom\u00e1tica.<\/p>\n<p style=\"margin-top: 5px;margin-bottom: 5px\"><\/p>\n<p style=\"margin-top: 5px;margin-bottom: 5px\">Durante anos, senti-me fascinado por estas coisas. Em crian\u00e7a, passei muitas horas a brincar com muitos dos brinquedos e jogos. Tamb\u00e9m comi muita comida neles, incluindo as famosas minhocas de goma.<\/p>\n<p style=\"margin-top: 5px;margin-bottom: 5px\"><\/p>\n<h2>Quanto custa fazer o seu pr\u00f3prio gelo?<\/h2>\n<p style=\"margin-top: 5px;margin-bottom: 5px\"><\/p>\n<p style=\"margin-top: 5px;margin-bottom: 5px\">Estou interessado em fazer o meu pr\u00f3prio gelo e queria saber qual \u00e9 a forma mais econ\u00f3mica de o fazer? N\u00e3o estou muito preocupado com a qualidade do gelo. S\u00f3 quero saber quanto \u00e9 que custa.<\/p>\n<p style=\"margin-top: 5px;margin-bottom: 5px\"><\/p>\n<p style=\"margin-top: 5px;margin-bottom: 5px\">Estava a pensar comprar o queimador de propano e fazer gelo com ele.<\/p>\n<\/div><\/div>","protected":false},"excerpt":{"rendered":"<p>&nbsp; Frozen Yogurt Topping Cabinet&nbsp; Frozen Yogurt Topping Cabinet|Product specification|Product Features|Product Advantage &nbsp; Frozen Yogurt topping display is manufactured using best quality ingredients in adherence with international standards and guidelines. In addition to this, our clients can avail this from us at the most nominal prices. We are counted amongst the most prominent supplier of [&hellip;]<\/p>\n","protected":false},"featured_media":1927,"comment_status":"open","ping_status":"open","template":"","meta":{"_swt_meta_header_display":false,"_swt_meta_footer_display":false,"_swt_meta_site_title_display":false,"_swt_meta_sticky_header":false,"_swt_meta_transparent_header":false},"product_brand":[],"product_cat":[85],"product_tag":[],"class_list":{"0":"post-910","1":"product","2":"type-product","3":"status-publish","4":"has-post-thumbnail","6":"product_cat-display-showcase","8":"first","9":"instock","10":"shipping-taxable","11":"product-type-simple"},"_links":{"self":[{"href":"https:\/\/www.hommy.com\/pt\/wp-json\/wp\/v2\/product\/910","targetHints":{"allow":["GET"]}}],"collection":[{"href":"https:\/\/www.hommy.com\/pt\/wp-json\/wp\/v2\/product"}],"about":[{"href":"https:\/\/www.hommy.com\/pt\/wp-json\/wp\/v2\/types\/product"}],"replies":[{"embeddable":true,"href":"https:\/\/www.hommy.com\/pt\/wp-json\/wp\/v2\/comments?post=910"}],"wp:featuredmedia":[{"embeddable":true,"href":"https:\/\/www.hommy.com\/pt\/wp-json\/wp\/v2\/media\/1927"}],"wp:attachment":[{"href":"https:\/\/www.hommy.com\/pt\/wp-json\/wp\/v2\/media?parent=910"}],"wp:term":[{"taxonomy":"product_brand","embeddable":true,"href":"https:\/\/www.hommy.com\/pt\/wp-json\/wp\/v2\/product_brand?post=910"},{"taxonomy":"product_cat","embeddable":true,"href":"https:\/\/www.hommy.com\/pt\/wp-json\/wp\/v2\/product_cat?post=910"},{"taxonomy":"product_tag","embeddable":true,"href":"https:\/\/www.hommy.com\/pt\/wp-json\/wp\/v2\/product_tag?post=910"}],"curies":[{"name":"wp","href":"https:\/\/api.w.org\/{rel}","templated":true}]}}