{"id":902,"date":"2024-07-02T17:13:44","date_gmt":"2024-07-02T17:13:44","guid":{"rendered":"http:\/\/localhost\/hommywp\/frozen-yogurt-toppings-bar-display-cabinet-with-air-cooling-system\/"},"modified":"2025-08-01T09:57:46","modified_gmt":"2025-08-01T09:57:46","slug":"equipamento-de-exposicao-de-barra-de-coberturas-de-iogurte-congelado","status":"publish","type":"product","link":"https:\/\/www.hommy.com\/pt\/p\/equipamento-de-exposicao-de-barra-de-coberturas-de-iogurte-congelado\/","title":{"rendered":"Expositor de iogurte congelado com sistema de refrigera\u00e7\u00e3o a ar"},"content":{"rendered":"<div>\n<p><span style=\"font-size: 20px\"><\/span><\/p>\n<p style=\"text-align: center\"><span style=\"font-size: 24px\"><\/span><\/p>\n<p style=\"margin-top:0;margin-right:0;margin-bottom:0;margin-left:0\"><span style=\"font-family:\u5b8b\u4f53;letter-spacing:0;font-size:29px\"><br \/><\/span><\/p>\n<h2 style=\"margin: 0px;text-align: center\"><strong><span style=\"letter-spacing: 0px;font-size: 29px;font-family: arial, helvetica, sans-serif\"><a name=\"Fruit Topping freezer\"><\/a>Congelador para coberturas de frutos<\/span><\/strong><span style=\"font-family:\u5b8b\u4f53;letter-spacing:0;font-size:29px\">&nbsp;<\/span><\/h2>\n<p style=\"text-align: center\"><a href=\"#Fruit Topping freezer\" target=\"_self\" data-lv=\"0\" rel=\"noopener\"><span style=\"font-family: \u5b8b\u4f53;letter-spacing: 0px;font-size: 16px\">Congelador para coberturas de frutos<\/span><\/a><span style=\"font-family: \u5b8b\u4f53;letter-spacing: 0px;font-size: 16px\">|<a href=\"#Product specification\" target=\"_self\" data-lv=\"0\" rel=\"noopener\">Especifica\u00e7\u00e3o do produto<\/a>|<a href=\"#Product Features\" target=\"_self\" data-lv=\"0\" rel=\"noopener\">Carater\u00edsticas do produto<\/a>|<\/span><a href=\"#Product Advantage\" target=\"_self\" data-lv=\"0\" rel=\"noopener\"><span style=\"font-size: 16px\"><span style=\"letter-spacing: 0px;font-family: arial, helvetica, sans-serif\">Vantagem do produto<\/span><span style=\"letter-spacing: 0px;font-family: arial, helvetica, sans-serif\"><\/span><\/span><\/a><\/p>\n<p style=\"text-align: center\"><span style=\"font-family: \u5b8b\u4f53;letter-spacing: 0px;font-size: 16px\"><\/span><\/p>\n<p style=\"text-align: center\"><span style=\"font-size: 24px;text-align: center\"><\/span><\/p>\n<p><\/p>\n<p><!-- Video start --><video poster=\"https:\/\/img80002414.weyesimg.com\/uploads\/www.hommy.com\/video\/15795015012354.mp4?vframe\/jpg\/offset\/1\" id=\"video\" preload=\"auto\" controls=\"controls\" style=\"width:100%;height:510px\"><\/video><!-- Video end --><\/p>\n<p style=\"text-align: left\"><span style=\"font-family: arial, helvetica, sans-serif;font-size: 24px\"><\/span><\/p>\n<p>\u00c9 um produto r\u00e1pido e popular que tem um bom prazo de validade de um ano. O nosso produto \u00e9 testado em todas as fases do seu fabrico para garantir que est\u00e1 pronto a ser utilizado sem quaisquer defeitos.<\/p>\n<p><\/p>\n<p>A barra de coberturas de iogurte congelado \u00e9 disponibilizada em unidades personalizadas e pr\u00e9-montadas.<\/p>\n<p><\/p>\n<p>Somos considerados o principal fabricante e fornecedor de barras de cobertura de iogurte congelado. H\u00e1 muitos anos que nos dedicamos ao fabrico destas barras. O nosso produto \u00e9 popular no mercado, uma vez que a qualidade das barras \u00e9 consistente.<span style=\"font-family: arial, helvetica, sans-serif;font-size: 24px\">&nbsp; &nbsp;<\/span><\/p>\n<div class=\"text-left d-tem09-title d-interval\" data-detail=\"wrap\">\n<div class=\"title-header\">\n<div class=\"title\">\n<h2><strong><span style=\"letter-spacing: 0px;font-family: arial, helvetica, sans-serif;font-size: 24px\"><a name=\"Product specification\"><\/a>Especifica\u00e7\u00e3o do produto\uff1a<\/span><\/strong><\/h2>\n<p><span style=\"letter-spacing: 0px;font-family: arial, helvetica, sans-serif;font-size: 24px\"><br \/><\/span><\/p>\n<p><span style=\"font-size: 24px\"><\/span><\/div>\n<div class=\"subtitle\">\n<p style=\"text-align:center\"><img decoding=\"async\" src=\"https:\/\/www.hommy.com\/wp-content\/uploads\/16010837494671.png\" alt=\"produto-Hommy-img\" title=\"\"><\/p>\n<p><\/p>\n<p><\/p>\n<\/div>\n<\/div>\n<\/div>\n<div class=\"d-tem01-graphic tem01-graphic mockup\" data-detail=\"wrap\">\n<div class=\"cont-section clearfix d-clearfix\">\n<div class=\"col-md-6 col-sm-6 col-xs-6\"><\/p>\n<div class=\"graphic_pic animated wow bounceIn\" data-wow-delay=\".7s\">\n<p style=\"text-align:center\"><img loading=\"lazy\" decoding=\"async\" src=\"https:\/\/www.hommy.com\/wp-content\/uploads\/16010839231686.png\" alt=\"produto-Hommy-img\" title=\"\" width=\"400\" height=\"528\" border=\"0\" vspace=\"0\" style=\"width: 400px;height: 528px\"><\/p>\n<\/div>\n<\/div>\n<div class=\"col-md-6 col-sm-6 col-xs-6\">\n<div class=\"right-p\">\n<div class=\"h2 heading\">\n<h2 style=\"margin: 0px;text-indent: 0px;text-align: justify\"><strong><span style=\"letter-spacing: 0px;font-size: 24px;font-family: arial, helvetica, sans-serif\"><a name=\"Product Features\"><\/a>Carater\u00edsticas do produto :<\/span><\/strong><span style=\"font-family:\u5b8b\u4f53;letter-spacing:0;font-size:29px\"> <\/span><\/h2>\n<p style=\"margin-top:0;margin-right:0;margin-bottom:0;margin-left:0;text-indent:0;text-align:justify\"><span style=\"letter-spacing: 0px;font-size: 24px;font-family: arial, helvetica, sans-serif\"><br \/><\/span><\/p>\n<p style=\"text-indent: 0\"><span style=\"font-family: Arial;letter-spacing: 0;font-size: 14px\">Al\u00e9m disso, engenheiros altamente qualificados, tecn\u00f3logos competentes e pessoal experiente contribuem muito para o desenvolvimento da empresa.<\/span><\/p>\n<p style=\"margin-left:0;text-indent:0\"><span style=\"font-family:Symbol;font-size:16px\">\u00a8&nbsp;<\/span><span style=\"font-family:Calibri;font-size:16px\">Mant\u00e9m 28 sabores de cobertura. (14 unidades com fun\u00e7\u00e3o de arrefecimento, as outras 14 unidades sem fun\u00e7\u00e3o de arrefecimento).<\/span><\/p>\n<p style=\"margin-left:0;text-indent:0\"><span style=\"font-family:Symbol;font-size:16px\">\u00a8&nbsp;<\/span><span style=\"font-family:Calibri;font-size:16px\">Tamanho do tanque: 10,5 x 173. x 6,5 cm<\/span><\/p>\n<p style=\"margin-left:0;text-indent:0\"><span style=\"font-family:Symbol;font-size:16px\">\u00a8&nbsp;<\/span><span style=\"font-family:Calibri;font-size:16px\">Com sistema de arrefecimento do ar para manter a frescura.<\/span><\/p>\n<p style=\"margin-left:0;text-indent:0\"><span style=\"font-family:Symbol;font-size:16px\">\u00a8&nbsp;<\/span><span style=\"font-family:Calibri;font-size:16px\">A temperatura pode ser ajustada de 0 \u2103 a 10 \u2103.<\/span><\/p>\n<p style=\"margin-left:0;text-indent:0\"><span style=\"font-family:Symbol;font-size:16px\">\u00a8&nbsp;<\/span><span style=\"font-family:Calibri;font-size:16px\">Constru\u00e7\u00e3o completa em a\u00e7o inoxid\u00e1vel para maior durabilidade, com vidro temperado como prote\u00e7\u00e3o para higieniza\u00e7\u00e3o.<\/span><\/p>\n<p style=\"margin-left:0;text-indent:0\"><span style=\"font-family:Symbol;font-size:16px\">\u00a8&nbsp;<\/span><span style=\"font-family:Calibri;font-size:16px\">Machine dimensions:1880x540x800mm&nbsp;<\/span><\/p>\n<\/div>\n<\/div>\n<p>&nbsp; &nbsp; &nbsp; &nbsp; &nbsp; &nbsp;<\/p><\/div>\n<\/div>\n<\/div>\n<div class=\"text-left d-tem09-title d-interval\" data-detail=\"wrap\">\n<div class=\"title-header\">\n<div class=\"title\">\n<h2><strong><span style=\"letter-spacing: 0px;font-size: 24px;font-family: arial, helvetica, sans-serif\"><a name=\"Product Advantage\"><\/a>Vantagem do produto:<\/span><\/strong><\/h2>\n<p><span style=\"font-size: 24px\"><\/span><\/div>\n<\/div>\n<\/div>\n<div class=\"d-tem01-graphic tem01-graphic mockup\" data-detail=\"wrap\">\n<div class=\"cont-section clearfix d-clearfix\">\n<div class=\"col-md-6 col-sm-6 col-xs-6\">\n<div class=\"right-p\">\n<div class=\"h2 heading\">\n<p><span style=\"letter-spacing: 0px;font-family: arial, helvetica, sans-serif;font-size: 16px\">utilizamos tachos feitos em pl\u00e1stico que passam a comida com gosto, tamb\u00e9m temos 3 tamanhos para escolher.<\/span><\/p>\n<p><span style=\"letter-spacing: 0px;font-family: arial, helvetica, sans-serif;font-size: 16px\"><br \/><\/span><\/p>\n<p><span style=\"letter-spacing: 0px;font-family: arial, helvetica, sans-serif;font-size: 16px\"><br \/><\/span><\/p>\n<\/div>\n<\/div>\n<div class=\"graphic_pic animated wow bounceIn\" data-wow-delay=\".7s\">\n<p style=\"text-align:center\"><img loading=\"lazy\" decoding=\"async\" src=\"https:\/\/www.hommy.com\/wp-content\/uploads\/16010841332600.png\" alt=\"produto-Hommy-SD 202 M\u00e1quina de fazer iogurte gelado-img\" title=\"\" width=\"350\" height=\"500\" border=\"0\" vspace=\"0\" style=\"width: 350px;height: 500px\"><\/p>\n<p><\/p>\n<p><\/p>\n<p><\/p>\n<\/div>\n<\/div>\n<div class=\"col-md-6 col-sm-6 col-xs-6\">\n<div class=\"right-p\">\n<div class=\"h2 heading\">\n<p style=\"margin-top: 0;margin-right: 0;margin-bottom: 0;padding: 0;vertical-align: baseline\"><span style=\"font-family: Calibri;letter-spacing: 0px;font-size: 16px\">Na parte superior da m\u00e1quina, acrescentamos um vidro temperado que impede o vendedor de deixar cair algumas coisas.<\/span><\/p>\n<p style=\"margin-top: 0;margin-right: 0;margin-bottom: 0;padding: 0;vertical-align: baseline\"><span style=\"font-family: Calibri;letter-spacing: 0px;font-size: 16px\"><br \/><\/span><\/p>\n<p style=\"margin-top: 0;margin-right: 0;margin-bottom: 0;padding: 0;vertical-align: baseline\"><span style=\"font-family: Calibri;letter-spacing: 0px;font-size: 16px\"><br \/><\/span><\/p>\n<\/div>\n<\/div>\n<div class=\"graphic_pic animated wow bounceIn\" data-wow-delay=\".7s\">\n<p style=\"text-align:center\"><img loading=\"lazy\" decoding=\"async\" src=\"https:\/\/www.hommy.com\/wp-content\/uploads\/16010846329890.png\" alt=\"produto-Hommy-img\" title=\"\" width=\"400\" height=\"350\" border=\"0\" vspace=\"0\" style=\"width: 400px;height: 350px\"><\/p>\n<\/div>\n<\/div>\n<\/div>\n<\/div>\n<div class=\"d-tem01-graphic tem01-graphic mockup\" data-detail=\"wrap\">\n<div class=\"cont-section clearfix d-clearfix\">\n<div class=\"col-md-6 col-sm-6 col-xs-6\">\n<div class=\"right-p\">\n<div class=\"h2 heading\">\n<p><span style=\"font-family: arial, helvetica, sans-serif;font-size: 16px\"><span style=\"font-family: arial, helvetica, sans-serif;letter-spacing: 0px\">A m\u00e1quina tem no seu interior 14 tachos, dos quais 7 tachos sem refrigerador, outros 7 tachos com refrigerador que podem medir a temperatura<\/span><span style=\"font-family: arial, helvetica, sans-serif\">0\u2103 a 10\u2103.<\/span><\/span><\/p>\n<p><span style=\"font-size: 16px;font-family: arial, helvetica, sans-serif\"><br \/><\/span><\/p>\n<\/div>\n<\/div>\n<div class=\"graphic_pic animated wow bounceIn\" data-wow-delay=\".7s\">\n<p style=\"text-align:center\"><img loading=\"lazy\" decoding=\"async\" src=\"https:\/\/www.hommy.com\/wp-content\/uploads\/16010847107565.png\" alt=\"produto-Hommy-img\" title=\"\" width=\"450\" height=\"230\" border=\"0\" vspace=\"0\" style=\"width: 450px;height: 230px\"><\/p>\n<\/div>\n<\/div>\n<p>&nbsp; &nbsp; &nbsp; &nbsp; &nbsp; &nbsp;<\/div>\n<\/div>\n<p>Documento\uff1a<img decoding=\"async\" src=\"https:\/\/www.hommy.com\/wp-content\/uploads\/icon_pdf-65.gif\" style=\"margin-right: 2px\" alt=\"produto-SD 202 M\u00e1quina de fazer iogurte gelado-Hommy-img\" title=\"\"><a href=\"https:\/\/img80002414.weyesimg.com\/uploads\/www.hommy.com\/addon\/16026597519736.pdf\" title=\"16026597519736.pdf\" style=\"font-size: 12px\">16026597519736.pdf<\/a><\/p>\n<h2 style=\"font-family: sans-serif\">Quanto \u00e9 que as m\u00e1quinas de venda autom\u00e1tica geram?<\/h2>\n<p style=\"margin-top: 5px;margin-bottom: 5px;font-family: sans-serif;font-size: 16px\">O montante que estas m\u00e1quinas geram varia consoante a m\u00e1quina espec\u00edfica. Muitas delas podem gerar at\u00e9 $35.000 por ano. Existem tamb\u00e9m algumas que geram rendimentos muito elevados. Algumas at\u00e9 valem milh\u00f5es. Vamos ver mais de perto o que valem e quanto dinheiro geram.<\/p>\n<p style=\"margin-top: 5px;margin-bottom: 5px;font-family: sans-serif;font-size: 16px\"><\/p>\n<h2 style=\"font-family: sans-serif\">Posso p\u00f4r uma nota de 20 d\u00f3lares numa m\u00e1quina de venda autom\u00e1tica?<\/h2>\n<p style=\"margin-top: 5px;margin-bottom: 5px;font-family: sans-serif;font-size: 16px\">Posso colocar uma nota de 20 d\u00f3lares numa m\u00e1quina de venda autom\u00e1tica? R. N\u00e3o. Mesmo que o dinheiro passasse por um canal de pagamento adequado, ser-lhe-ia devolvido antes de chegar \u00e0 m\u00e1quina de venda autom\u00e1tica.<\/p>\n<p style=\"margin-top: 5px;margin-bottom: 5px;font-family: sans-serif;font-size: 16px\"><\/p>\n<h2 style=\"font-family: sans-serif\">Porque \u00e9 que a m\u00e1quina de venda autom\u00e1tica n\u00e3o aceita o meu dinheiro?<\/h2>\n<p style=\"margin-top: 5px;margin-bottom: 5px;font-family: sans-serif;font-size: 16px\">As m\u00e1quinas de venda autom\u00e1tica no campus s\u00e3o propriedade da Universidade. O estudante da UU e a sua fam\u00edlia s\u00e3o propriet\u00e1rios da m\u00e1quina de venda autom\u00e1tica mediante o pagamento de uma taxa de licen\u00e7a de $20.000. Se estiver a ter problemas em retirar dinheiro da m\u00e1quina de venda autom\u00e1tica do seu estudante da UU, pode ser que tenha colocado a m\u00e1quina fora de sequ\u00eancia.<\/p>\n<\/div><\/div>","protected":false},"excerpt":{"rendered":"<p>Fruit Topping freezer&nbsp; Fruit Topping freezer|Product specification|Product Features|Product Advantage It is a fast and popular product that has a good shelf life of one years. Our product is tested at every stage of its manufacturing to ensure that it is ready for using without any defects. The Frozen yogurt toppings bar is made available in [&hellip;]<\/p>\n","protected":false},"featured_media":1926,"comment_status":"open","ping_status":"open","template":"","meta":{"_swt_meta_header_display":false,"_swt_meta_footer_display":false,"_swt_meta_site_title_display":false,"_swt_meta_sticky_header":false,"_swt_meta_transparent_header":false},"product_brand":[],"product_cat":[85],"product_tag":[],"class_list":{"0":"post-902","1":"product","2":"type-product","3":"status-publish","4":"has-post-thumbnail","6":"product_cat-display-showcase","8":"first","9":"instock","10":"shipping-taxable","11":"product-type-simple"},"_links":{"self":[{"href":"https:\/\/www.hommy.com\/pt\/wp-json\/wp\/v2\/product\/902","targetHints":{"allow":["GET"]}}],"collection":[{"href":"https:\/\/www.hommy.com\/pt\/wp-json\/wp\/v2\/product"}],"about":[{"href":"https:\/\/www.hommy.com\/pt\/wp-json\/wp\/v2\/types\/product"}],"replies":[{"embeddable":true,"href":"https:\/\/www.hommy.com\/pt\/wp-json\/wp\/v2\/comments?post=902"}],"wp:featuredmedia":[{"embeddable":true,"href":"https:\/\/www.hommy.com\/pt\/wp-json\/wp\/v2\/media\/1926"}],"wp:attachment":[{"href":"https:\/\/www.hommy.com\/pt\/wp-json\/wp\/v2\/media?parent=902"}],"wp:term":[{"taxonomy":"product_brand","embeddable":true,"href":"https:\/\/www.hommy.com\/pt\/wp-json\/wp\/v2\/product_brand?post=902"},{"taxonomy":"product_cat","embeddable":true,"href":"https:\/\/www.hommy.com\/pt\/wp-json\/wp\/v2\/product_cat?post=902"},{"taxonomy":"product_tag","embeddable":true,"href":"https:\/\/www.hommy.com\/pt\/wp-json\/wp\/v2\/product_tag?post=902"}],"curies":[{"name":"wp","href":"https:\/\/api.w.org\/{rel}","templated":true}]}}