{"id":887,"date":"2024-07-02T17:09:38","date_gmt":"2024-07-02T17:09:38","guid":{"rendered":"http:\/\/localhost\/hommywp\/rolling-popsicle-machine-display-freezer-rotating-ice-lolly\/"},"modified":"2025-08-01T09:57:46","modified_gmt":"2025-08-01T09:57:46","slug":"hm-pm-1-maquina-de-picoles-de-enrolar","status":"publish","type":"product","link":"https:\/\/www.hommy.com\/pt\/p\/hm-pm-1-maquina-de-picoles-de-enrolar\/","title":{"rendered":"M\u00e1quina de picol\u00e9s com rodas e expositor com congelador, pirulito de gelo girat\u00f3rio"},"content":{"rendered":"<div>\n<p style=\"text-align: center\"><span style=\"font-family:\u5b8b\u4f53;letter-spacing:0;font-size:29px\"><br \/><\/span><\/p>\n<h2 style=\"text-align: center\"><strong><span style=\"letter-spacing: 0px;font-family: arial, helvetica, sans-serif;font-size: 24px\"><a name=\"DIY POPSICLE MACHINE\"><\/a>M\u00c1QUINA DE FAZER GELADOS<\/span><\/strong><\/h2>\n<p style=\"text-align: center\"><a href=\"#DIY POPSICLE MACHINE\" target=\"_self\" data-lv=\"0\" rel=\"noopener\"><span style=\"font-size: 16px\"><span style=\"letter-spacing: 0px;font-family: arial, helvetica, sans-serif\">M\u00c1QUINA DE FAZER GELADOS<\/span><\/span><\/a><span style=\"font-size: 16px\"><span style=\"letter-spacing: 0px;font-family: arial, helvetica, sans-serif\">|<a href=\"#Product Features\" target=\"_self\" data-lv=\"0\" rel=\"noopener\">Carater\u00edsticas do produto<\/a>|<a href=\"#Product specification\" target=\"_self\" data-lv=\"0\" rel=\"noopener\">Especifica\u00e7\u00e3o do produto<\/a>|<a href=\"#Product Advantage\" target=\"_self\" data-lv=\"0\" rel=\"noopener\">Vantagem do produto<\/a><\/span><\/span><\/p>\n<p><strong><span style=\"letter-spacing: 0px;font-family: arial, helvetica, sans-serif;font-size: 24px\"><br \/><\/span><\/strong><\/p>\n<p style=\"text-align: center\">&nbsp;&nbsp;&nbsp;&nbsp;<\/p>\n<p>As nossas m\u00e1quinas de picol\u00e9s de rolo s\u00e3o perfeitas para quem gosta de picol\u00e9s! S\u00e3o perfeitas para a divers\u00e3o no ver\u00e3o ou em qualquer altura do ano. Com as nossas m\u00e1quinas, pode fazer os seus pr\u00f3prios gelados e vender aos clientes em qualquer altura.<\/p>\n<p>\u00c9 uma maneira divertida, f\u00e1cil e deliciosa de desfrutar de picol\u00e9s, n\u00e3o procure mais do que as nossas m\u00e1quinas de picol\u00e9s de rolo! Encomende a sua hoje mesmo e comece a desfrutar da conveni\u00eancia de picol\u00e9s caseiros a qualquer hora, em qualquer lugar.<\/p>\n<p><\/p>\n<div class=\"d-tem01-graphic tem01-graphic mockup\" data-detail=\"wrap\">\n<div class=\"cont-section clearfix d-clearfix\">\n<div class=\"col-md-6 col-sm-6 col-xs-6\">\n<div class=\"right-p\">\n<div class=\"h2 heading\">\n<p style=\"text-align:center\"><img loading=\"lazy\" decoding=\"async\" src=\"https:\/\/www.hommy.com\/wp-content\/uploads\/16031784192000.jpg\" alt=\"produto-Hommy-img\" style=\"font-size: 14px;width: 400px;height: 500px\" title=\"\" width=\"400\" height=\"500\" border=\"0\" vspace=\"0\"><\/p>\n<p><span style=\"font-size: 14px\">&nbsp; &nbsp; &nbsp; &nbsp; &nbsp; &nbsp; &nbsp;<\/span><\/div>\n<\/div>\n<\/div>\n<div class=\"col-md-6 col-sm-6 col-xs-6\">\n<div class=\"right-p\">\n<div class=\"h2 heading\">\n<h2 style=\"margin: 0px;text-indent: 0px;text-align: justify\"><strong><span style=\"letter-spacing: 0px;font-family: arial, helvetica, sans-serif;font-size: 24px\"><a name=\"Product Features\"><\/a>Carater\u00edsticas do produto<\/span><\/strong><span style=\"font-family:\u5b8b\u4f53;letter-spacing:0;font-size:29px\"> &nbsp;<\/span><\/h2>\n<p style=\"margin-top:0;margin-right:0;margin-bottom:0;margin-left:0;text-indent:0;text-align:justify\"><span style=\"font-family:\u5b8b\u4f53;letter-spacing:0;font-size:29px\">&nbsp;<\/span><\/p>\n<p style=\"text-align:justify\"><span style=\"letter-spacing: 0px;font-size: 20px;font-family: arial, helvetica, sans-serif\">\u25c6 pode fazer DIY diferentes picol\u00e9s de sabor &nbsp;<\/span><\/p>\n<p style=\"text-align:justify\"><span style=\"letter-spacing: 0px;font-size: 20px;font-family: arial, helvetica, sans-serif\"><span style=\"letter-spacing: 0px;font-family: Calibri;font-size: 20px;text-align: justify\">\u25c6&nbsp;<\/span><span style=\"letter-spacing: 0px;font-size: 20px;font-family: Calibri\">Com aprova\u00e7\u00e3o CE, a qualidade \u00e9 garantida<\/span><\/span><\/p>\n<p style=\"text-align:justify\"><span style=\"letter-spacing: 0px;font-size: 20px;font-family: arial, helvetica, sans-serif\"><span style=\"letter-spacing: 0px;font-family: Calibri;font-size: 20px;text-align: justify\">\u25c6&nbsp;<\/span><span style=\"letter-spacing: 0px;font-size: 20px;font-family: Calibri\">Pode definir automaticamente a temperatura. <\/span><\/span><\/p>\n<p style=\"text-align:justify\"><span style=\"font-family: arial, helvetica, sans-serif\"><span style=\"font-family: Calibri;letter-spacing: 0px;font-size: 20px\"><span style=\"font-family: Calibri;font-size: 20px;text-align: justify\">\u25c6&nbsp;<\/span><span style=\"font-family: Calibri\">Com recipiente de arrefecimento em a\u00e7o inoxid\u00e1vel 304 <\/span><\/span><span style=\"font-family: \u5b8b\u4f53;letter-spacing: 0px;font-size: 20px\">.<\/span><\/span><\/p>\n<p style=\"text-align:justify\"><span style=\"font-family: arial, helvetica, sans-serif\"><span style=\"font-family: Calibri;letter-spacing: 0px;font-size: 20px\"><span style=\"font-family: Calibri;font-size: 20px;text-align: justify\">\u25c6<\/span><span style=\"font-family: Calibri\">Com a for\u00e7a do arrefecimento r\u00e1pido, alta produ\u00e7\u00e3o, arrefecimento r\u00e1pido, basta <\/span><\/span><span style=\"font-family: \u5b8b\u4f53;letter-spacing: 0px;font-size: 20px\">5-8 minutos <\/span><span style=\"font-family: Calibri;letter-spacing: 0px;font-size: 20px\">para produzir <\/span><span style=\"font-family: \u5b8b\u4f53;letter-spacing: 0px;font-size: 20px\">50 unidades de gelado.<\/span><\/span><\/p>\n<p style=\"text-align:justify\"><span style=\"letter-spacing: 0px;font-size: 20px;font-family: arial, helvetica, sans-serif\"><span style=\"letter-spacing: 0px;font-family: Calibri;font-size: 20px;text-align: justify\">\u25c6&nbsp;<\/span> <span style=\"letter-spacing: 0px;font-size: 20px;font-family: Calibri\">Muito f\u00e1cil de utilizar e manter<\/span><\/span><\/p>\n<p style=\"text-align:justify\"><span style=\"letter-spacing: 0px;font-size: 20px;font-family: arial, helvetica, sans-serif\"><span style=\"letter-spacing: 0px;font-family: Calibri;font-size: 20px;text-align: justify\">\u25c6&nbsp;&nbsp;<\/span><span style=\"letter-spacing: 0px;font-size: 20px;font-family: Calibri\">Prote\u00e7\u00e3o contra sobreintensidades e baixa tens\u00e3o<\/span><\/span><\/p>\n<p style=\"text-align:justify\"><span style=\"letter-spacing: 0px;font-size: 20px;font-family: arial, helvetica, sans-serif\"><span style=\"letter-spacing: 0px;font-family: Calibri;font-size: 20px;text-align: justify\">\u25c6<\/span><span style=\"letter-spacing: 0px;font-size: 20px;font-family: Calibri\">Com manual e v\u00eddeos para ensinar a operar as m\u00e1quinas.<\/span><\/span><\/p>\n<p style=\"text-align:justify\"><span style=\"font-family: arial, helvetica, sans-serif\"><span style=\"font-family: Calibri;letter-spacing: 0px;font-size: 20px\"><span style=\"font-family: Calibri;font-size: 20px;text-align: justify\">\u25c6&nbsp;&nbsp;<\/span><span style=\"font-family: Calibri\">V\u00e1rios gelados\/<\/span><\/span><span style=\"font-family: \u5b8b\u4f53;letter-spacing: 0px;font-size: 20px\">Picol\u00e9<\/span><span style=\"font-family: Calibri;letter-spacing: 0px;font-size: 20px\">&nbsp;moldagem \u00e0 escolha.<\/span><\/span><\/p>\n<\/div>\n<\/div>\n<p>&nbsp; &nbsp; &nbsp; &nbsp; &nbsp; &nbsp;<\/p><\/div>\n<\/div>\n<\/div>\n<h2><strong><span style=\"letter-spacing: 0px;font-family: arial, helvetica, sans-serif;font-size: 24px\"><a name=\"Product specification\"><\/a>Especifica\u00e7\u00e3o do produto<\/span><\/strong><\/h2>\n<p><img decoding=\"async\" src=\"https:\/\/www.hommy.com\/wp-content\/uploads\/16031752463335.png\" alt=\"produto-Hommy-img\" title=\"\"><\/p>\n<p><\/p>\n<h2><strong><span style=\"letter-spacing: 0px;font-family: arial, helvetica, sans-serif;font-size: 24px\"><a name=\"Product Advantage\"><\/a>Vantagem do produto<\/span><\/strong><\/h2>\n<p><strong><span style=\"letter-spacing: 0px;font-family: arial, helvetica, sans-serif;font-size: 24px\"><\/span><\/strong><\/p>\n<div class=\"d-tem01-graphic tem01-graphic mockup\" data-detail=\"wrap\">\n<div class=\"cont-section clearfix d-clearfix\">\n<div class=\"col-md-6 col-sm-6 col-xs-6\">\n<div class=\"right-p\">\n<div class=\"h2 heading\">\n<p style=\"margin: 0 0 0 28px;text-indent: 0;padding: 0;vertical-align: baseline\"><span style=\"letter-spacing: 0px;font-family: arial, helvetica, sans-serif;font-size: 16px\">1. Tanque de salmoura SS304 - Material anti-ferrugem, que garante uma vida \u00fatil mais longa para a m\u00e1quina.<\/span><\/p>\n<\/div>\n<\/div>\n<div class=\"graphic_pic animated wow bounceIn\" data-wow-delay=\".7s\">\n<p style=\"text-align:center\"><img loading=\"lazy\" decoding=\"async\" src=\"https:\/\/www.hommy.com\/wp-content\/uploads\/16031753388322.png\" alt=\"produto-Hommy-img\" title=\"\" width=\"350\" height=\"500\" border=\"0\" vspace=\"0\" style=\"width: 350px;height: 500px\"><\/p>\n<\/div>\n<\/div>\n<div class=\"col-md-6 col-sm-6 col-xs-6\">\n<div class=\"right-p\">\n<div class=\"h2 heading\">\n<p><span style=\"letter-spacing: 0px;font-family: arial, helvetica, sans-serif;font-size: 16px\">2. 3 tipos de gelado para escolher.<\/span><\/p>\n<\/div>\n<\/div>\n<div class=\"graphic_pic animated wow bounceIn\" data-wow-delay=\".7s\">\n<p style=\"text-align:center\"><img loading=\"lazy\" decoding=\"async\" src=\"https:\/\/www.hommy.com\/wp-content\/uploads\/16031753751185.jpg\" alt=\"produto-Hommy-img\" title=\"\" width=\"350\" height=\"500\" border=\"0\" vspace=\"0\" style=\"width: 350px;height: 500px\"><\/p>\n<\/div>\n<\/div>\n<\/div>\n<\/div>\n<p><\/p>\n<div class=\"d-tem01-graphic tem01-graphic mockup\" data-detail=\"wrap\">\n<div class=\"cont-section clearfix d-clearfix\">\n<div class=\"col-md-6 col-sm-6 col-xs-6\">\n<div class=\"right-p\">\n<div class=\"h2 heading\">\n<p style=\"margin: 0 0 0 28px;text-indent: 0;padding: 0;vertical-align: baseline\"><span style=\"font-family: arial, helvetica, sans-serif;letter-spacing: 0px;font-size: 16px\">3.  A m\u00e1quina disp\u00f5e de um pequeno tabuleiro com fun\u00e7\u00e3o de descongela\u00e7\u00e3o para a desmoldagem.<\/span><\/p>\n<\/div>\n<\/div>\n<div class=\"graphic_pic animated wow bounceIn\" data-wow-delay=\".7s\">\n<p style=\"text-align:center\"><img loading=\"lazy\" decoding=\"async\" src=\"https:\/\/www.hommy.com\/wp-content\/uploads\/16031754762949.png\" alt=\"produto-Hommy-HM-PM-1 M\u00e1quina de picol\u00e9s de rolo-img\" title=\"\" width=\"350\" height=\"500\" border=\"0\" vspace=\"0\" style=\"width: 350px;height: 500px\"><\/p>\n<\/div>\n<\/div>\n<div class=\"col-md-6 col-sm-6 col-xs-6\">\n<div class=\"right-p\">\n<div class=\"h2 heading\">\n<p><span style=\"font-family: arial, helvetica, sans-serif;letter-spacing: 0px;font-size: 16px\">4. Existe uma cobertura de pl\u00e1stico na parte superior da m\u00e1quina para manter o p\u00f3.&nbsp;<\/span><\/p>\n<\/div>\n<\/div>\n<div class=\"graphic_pic animated wow bounceIn\" data-wow-delay=\".7s\">\n<p style=\"text-align:center\"><img loading=\"lazy\" decoding=\"async\" src=\"https:\/\/www.hommy.com\/wp-content\/uploads\/16031754972127.png\" alt=\"produto-HM-PM-1 M\u00e1quina de picol\u00e9s de rolo-Hommy-img\" title=\"\" width=\"350\" height=\"500\" border=\"0\" vspace=\"0\" style=\"width: 350px;height: 500px\"><\/p>\n<\/div>\n<\/div>\n<\/div>\n<\/div>\n<p><\/p>\n<p>Documento\uff1a<img decoding=\"async\" src=\"https:\/\/www.hommy.com\/wp-content\/uploads\/icon_pdf-63.gif\" style=\"margin-right: 2px\" alt=\"produto-Hommy-img-1\" title=\"\"><a href=\"https:\/\/img80002414.weyesimg.com\/uploads\/www.hommy.com\/addon\/16031756847293.pdf\" title=\"16031756847293.pdf\" style=\"font-size: 12px\">16031756847293.pdf<\/a><\/p>\n<h2 style=\"font-family: sans-serif\">O neg\u00f3cio dos gelados \u00e9 rent\u00e1vel?<\/h2>\n<p style=\"margin-top: 5px;margin-bottom: 5px;font-family: sans-serif;font-size: 16px\">O neg\u00f3cio de gelados \u00e9 um neg\u00f3cio que se dedica ao fabrico e \u00e0 venda de gelados. Pode ser gerido a partir da sua pr\u00f3pria casa ou atrav\u00e9s da cria\u00e7\u00e3o de uma loja. Se gerir um neg\u00f3cio de gelados a partir da sua pr\u00f3pria casa, pode vender gelados aos seus clientes \u00e0 porta. Tamb\u00e9m pode entregar os gelados aos seus clientes. Se tiver uma loja, pode vender os gelados a partir da sua loja. Tamb\u00e9m pode entregar gelados aos seus clientes.<\/p>\n<p style=\"margin-top: 5px;margin-bottom: 5px;font-family: sans-serif;font-size: 16px\"><\/p>\n<h2 style=\"font-family: sans-serif\">Durante quanto tempo \u00e9 que os gelados s\u00e3o bons?<\/h2>\n<p style=\"margin-top: 5px;margin-bottom: 5px;font-family: sans-serif;font-size: 16px\">Quando compro gelados, qual \u00e9 o prazo de validade? Normalmente, sou um grande f\u00e3 deles, mas n\u00e3o tenho a certeza de quanto tempo podem durar. Para todos os gelados de congela\u00e7\u00e3o, pode esperar que durem at\u00e9 tr\u00eas meses no congelador. \u00c9 um per\u00edodo de tempo bastante bom. N\u00e3o se esque\u00e7a que quanto mais tempo os guardar, maior \u00e9 a probabilidade de ficarem queimados no congelador.<\/p>\n<p style=\"margin-top: 5px;margin-bottom: 5px;font-family: sans-serif;font-size: 16px\"><\/p>\n<h2 style=\"font-family: sans-serif\">Como manter os alimentos congelados durante uma viagem de carro?&nbsp;<\/h2>\n<p style=\"margin-top: 5px;margin-bottom: 5px;font-family: sans-serif;font-size: 16px\">Esta \u00e9 uma pergunta que nos fazem muitas vezes. Como manter os alimentos congelados numa viagem de carro. Quando nos fazem essa pergunta, dizemos que pode colocar a comida numa garrafa de \u00e1gua fresca, guard\u00e1-la no congelador e ela ficar\u00e1 congelada durante muito tempo. Tamb\u00e9m pode colocar a comida numa geleira e guard\u00e1-la na bagageira do seu carro.<\/p>\n<\/div><\/div>","protected":false},"excerpt":{"rendered":"<p>DIY POPSICLE MACHINE DIY POPSICLE MACHINE|Product Features|Product specification|Product Advantage &nbsp;&nbsp;&nbsp;&nbsp; Our Rolling Popsicle Machines are perfect for anyone who loves popsicles! They&#039;re perfect for summertime fun, or any time of year. With our machines, you can make your own popsicles and sell to customer anytime. It is a fun, easy, and delicious way to enjoy [&hellip;]<\/p>\n","protected":false},"featured_media":880,"comment_status":"open","ping_status":"open","template":"","meta":{"_swt_meta_header_display":false,"_swt_meta_footer_display":false,"_swt_meta_site_title_display":false,"_swt_meta_sticky_header":false,"_swt_meta_transparent_header":false},"product_brand":[],"product_cat":[84],"product_tag":[],"class_list":{"0":"post-887","1":"product","2":"type-product","3":"status-publish","4":"has-post-thumbnail","6":"product_cat-popsicle-machine","8":"first","9":"instock","10":"shipping-taxable","11":"product-type-simple"},"_links":{"self":[{"href":"https:\/\/www.hommy.com\/pt\/wp-json\/wp\/v2\/product\/887","targetHints":{"allow":["GET"]}}],"collection":[{"href":"https:\/\/www.hommy.com\/pt\/wp-json\/wp\/v2\/product"}],"about":[{"href":"https:\/\/www.hommy.com\/pt\/wp-json\/wp\/v2\/types\/product"}],"replies":[{"embeddable":true,"href":"https:\/\/www.hommy.com\/pt\/wp-json\/wp\/v2\/comments?post=887"}],"wp:featuredmedia":[{"embeddable":true,"href":"https:\/\/www.hommy.com\/pt\/wp-json\/wp\/v2\/media\/880"}],"wp:attachment":[{"href":"https:\/\/www.hommy.com\/pt\/wp-json\/wp\/v2\/media?parent=887"}],"wp:term":[{"taxonomy":"product_brand","embeddable":true,"href":"https:\/\/www.hommy.com\/pt\/wp-json\/wp\/v2\/product_brand?post=887"},{"taxonomy":"product_cat","embeddable":true,"href":"https:\/\/www.hommy.com\/pt\/wp-json\/wp\/v2\/product_cat?post=887"},{"taxonomy":"product_tag","embeddable":true,"href":"https:\/\/www.hommy.com\/pt\/wp-json\/wp\/v2\/product_tag?post=887"}],"curies":[{"name":"wp","href":"https:\/\/api.w.org\/{rel}","templated":true}]}}