{"id":879,"date":"2024-07-02T17:01:35","date_gmt":"2024-07-02T17:01:35","guid":{"rendered":"http:\/\/localhost\/hommywp\/hm-pm-3a-ice-popsicle-machine-supplier-pass-ul-certificate\/"},"modified":"2025-08-01T09:57:45","modified_gmt":"2025-08-01T09:57:45","slug":"maquina-de-fazer-gelados-maquina-de-fazer-chupa-chupas-maquina-de-fazer-gelados-numero-de-modelo-hm-pm-3","status":"publish","type":"product","link":"https:\/\/www.hommy.com\/pt\/p\/maquina-de-fazer-gelados-maquina-de-fazer-chupa-chupas-maquina-de-fazer-gelados-numero-de-modelo-hm-pm-3\/","title":{"rendered":"Hm-Pm-3a M\u00e1quina de picol\u00e9 de gelo Fornecedor Passar Ul Certificado"},"content":{"rendered":"<div>\n<p>&nbsp;<\/p>\n<h2 style=\"text-align: center\"><strong style=\"color: inherit;font-family: inherit\"><span style=\"letter-spacing: 0px;font-size: 29px;font-family: arial, helvetica, sans-serif\"><a name=\"Ice Popsicle Machine\"><\/a>M\u00e1quina de picol\u00e9s de gelo<\/span><\/strong><strong><span style=\"font-size: 24px\"><span style=\"text-align: center;font-family: arial, helvetica, sans-serif\"><a name=\"Popsicle machine \/ ice lolly machine \/ Popsicle maker model\"><\/a><\/span><\/span><\/strong><\/h2>\n<p style=\"text-align: center\"><a href=\"#Ice Popsicle Machine\" target=\"_self\" data-lv=\"0\" rel=\"noopener\"><span style=\"font-size: 16px;font-family: arial, helvetica, sans-serif\">M\u00e1quina de picol\u00e9s de gelo<\/span><\/a><span style=\"font-size: 16px;font-family: arial, helvetica, sans-serif\">|<a href=\"#Product Features\" target=\"_self\" data-lv=\"0\" rel=\"noopener\">Carater\u00edsticas do produto<\/a>|<a href=\"#Product specification\" target=\"_self\" data-lv=\"0\" rel=\"noopener\">Especifica\u00e7\u00e3o do produto<\/a>|<a href=\"#PRODUCT ADVANTAGE\" target=\"_self\" data-lv=\"0\" rel=\"noopener\">VANTAGEM DO PRODUTO<\/a><\/span><\/p>\n<p style=\"text-align: center\"><video src=\"https:\/\/img80002414.weyesimg.com\/uploads\/wij2rdgc.allweyes.com\/video\/15553775925221.mp4\" preload=\"none\" controls=\"\" poster=\"https:\/\/img80002414.weyesimg.com\/uploads\/wij2rdgc.allweyes.com\/images\/15553775679295.jpg\" data-setup=\"{}\" width=\"900\" height=\"640\"><\/video><\/p>\n<p>&nbsp;<\/p>\n<p>A unidade fabricada \u00e9 de grande facilidade de uso e est\u00e1 dispon\u00edvel em diferentes especifica\u00e7\u00f5es para atender \u00e0s diversas necessidades dos nossos clientes. Nossas m\u00e1quinas de picol\u00e9 s\u00e3o altamente \u00fateis para servir diferentes sabores de picol\u00e9s para os nossos clientes. Comprar agora!<\/p>\n<p><\/p>\n<p>A m\u00e1quina de picol\u00e9 de gelo oferecida \u00e9 projetada usando componentes de \u00f3tima qualidade e \u00e9 muito apreciada entre nossos clientes por sua qualidade excecional. Estes s\u00e3o oferecidos em diferentes op\u00e7\u00f5es de embalagem para que as m\u00e1quinas oferecidas possam ser acessadas por nossos estimados clientes de qualquer lugar. N\u00f3s somos um dos principais fornecedores de m\u00e1quina de picol\u00e9 de gelo na China. N\u00f3s estamos oferecendo a m\u00e1quina de picol\u00e9 de gelo a pre\u00e7os marginais para os nossos clientes.<\/p>\n<div class=\"d-tem11-graphic tem11-graphic mockup\" data-detail=\"wrap\">\n<div class=\"tab_row\">\n<h2 style=\"width: 50%\"><img decoding=\"async\" title=\"\" alt=\"produto-Hommy-img\" src=\"https:\/\/www.hommy.com\/wp-content\/uploads\/15553809099207.jpg\"><\/h2>\n<div class=\"text_box\" style=\"width: 50%\">\n<div class=\"txt\">\n<div class=\"title\">\n<h2><strong><span style=\"text-align: justify;font-family: arial, helvetica, sans-serif;font-size: 24px\"><a name=\"Product Features\"><\/a>Carater\u00edsticas do produto<\/span><\/strong><\/h2>\n<p><span style=\"font-family: \u5b8b\u4f53;font-size: 29px;text-align: justify\"><br \/><\/span><\/p>\n<\/div>\n<p style=\"margin-left:32px\"><span style=\"font-family:Calibri;font-size:16px\">- A m\u00e1quina \u00e9 constru\u00edda com uma apar\u00eancia luxuosa e f\u00e1cil opera\u00e7\u00e3o e baixo custo de manuten\u00e7\u00e3o.<\/span><\/p>\n<p style=\"margin-left:32px\"><span style=\"font-family:Calibri;font-size:16px\">- Material interior do dep\u00f3sito em a\u00e7o inoxid\u00e1vel puro que resiste \u00e0 eros\u00e3o provocada pelo \u00e1cido clor\u00eddrico<\/span><\/p>\n<p style=\"margin-left:32px\"><span style=\"font-family:Calibri;font-size:16px\">- O funcionamento \u00e9 f\u00e1cil<\/span><span style=\"font-family:\u5b8b\u4f53;font-size:16px\">.<\/span><\/p>\n<p style=\"margin-left:32px\"><span style=\"font-family:Calibri;font-size:16px\">- V\u00e1rios tipos de moldes para picol\u00e9s \u00e0 escolha.<\/span><\/p>\n<p style=\"margin-left:32px\"><span style=\"font-family:Calibri;font-size:16px\">- A\u00e7o inoxid\u00e1vel<\/span><span style=\"font-family:\u5b8b\u4f53;font-size:16px\">l<\/span><span style=\"font-family:Calibri;font-size:16px\">O molde resiste \u00e0 eros\u00e3o.<\/span><\/p>\n<p style=\"margin-left:32px\"><span style=\"font-family:Calibri;font-size:16px\">- O molde tem a fun\u00e7\u00e3o de auto-concha e \u00e9 f\u00e1cil de trabalhar <\/span><span style=\"font-family:\u5b8b\u4f53;font-size:16px\">.<\/span><\/p>\n<p style=\"margin-left:32px\"><span style=\"font-family:Calibri;font-size:16px\">- Ar<\/span><span style=\"font-family:\u5b8b\u4f53;font-size:16px\">&nbsp;<\/span><span style=\"font-family:Calibri;font-size:16px\">A cobertura \u00e9 \u00e0 prova de \u00e1gua e mant\u00e9m o material em uso durante muito tempo.<\/span><\/p>\n<p style=\"margin-left:32px\"><span style=\"font-family:Calibri;font-size:16px\">- Baixos investimentos de capital com produ\u00e7\u00e3o m\u00e1xima<\/span><span style=\"font-family:\u5b8b\u4f53;font-size:16px\">.<\/span><\/p>\n<p style=\"margin-left:32px\"><span style=\"font-family:Calibri;font-size:16px\">- Lucrar com a \u00e1gua, um potencial de lucro incr\u00edvel <\/span><span style=\"font-family:\u5b8b\u4f53;font-size:16px\">.<\/span><\/p>\n<p style=\"margin-left:32px\"><span style=\"font-family:Calibri;font-size:16px\">- \u00c9 poss\u00edvel utilizar uma m\u00e1quina para produzir 3 tipos de produtos: <\/span><span style=\"font-family:\u5b8b\u4f53;font-size:16px\">P<\/span><span style=\"font-family:Calibri;font-size:16px\">opsicle . pequeno bloco de gelo , i<\/span><span style=\"font-family:\u5b8b\u4f53;font-size:16px\">c<\/span><span style=\"font-family:Calibri;font-size:16px\">e doces .<\/span><\/p>\n<\/div>\n<\/div>\n<\/div>\n<\/div>\n<p>&nbsp;<\/p>\n<h2><strong><span style=\"letter-spacing: 0px;font-family: arial, helvetica, sans-serif;font-size: 24px\"><a name=\"Product specification\"><\/a>Especifica\u00e7\u00e3o do produto<\/span><\/strong><\/h2>\n<p><span style=\"font-family:\u5b8b\u4f53;letter-spacing:0;font-size:29px\"><img decoding=\"async\" src=\"https:\/\/www.hommy.com\/wp-content\/uploads\/16030697499729.png\" alt=\"produto-Hommy-img\" title=\"\"><\/span><\/p>\n<div class=\"text-left d-tem09-title d-interval\" data-detail=\"wrap\">\n<div class=\"title-header\">\n<h2><strong><span style=\"font-size: 24px;font-family: arial, helvetica, sans-serif\"><a name=\"PRODUCT ADVANTAGE\"><\/a><a name=\"PRODUCT ADVANTAGE\"><\/a>VANTAGEM DO PRODUTO<\/span><\/strong><\/h2>\n<\/div>\n<\/div>\n<div class=\"d-tem01-graphic tem01-graphic mockup\" data-detail=\"wrap\">\n<div class=\"cont-section clearfix d-clearfix\">\n<div class=\"col-md-6 col-sm-6 col-xs-6\">\n<div class=\"right-p\">\n<div class=\"h2 heading\">\n<p><span style=\"letter-spacing: 0px;font-family: arial, helvetica, sans-serif;font-size: 16px\">1. A m\u00e1quina escolhe o tanque de \u00e1gua salgada SS304 - material anti-ferrugem e o tanque no interior escolhe todo o parafuso que \u00e9 de a\u00e7o inoxid\u00e1vel 304 para garantir uma vida \u00fatil mais longa da m\u00e1quina.<\/span><\/p>\n<p><span style=\"letter-spacing: 0px;font-family: arial, helvetica, sans-serif;font-size: 16px\"><br \/><\/span><\/p>\n<\/div>\n<\/div>\n<div class=\"graphic_pic animated wow bounceIn\" data-wow-delay=\".7s\">\n<p style=\"text-align:center\"><img loading=\"lazy\" decoding=\"async\" src=\"https:\/\/www.hommy.com\/wp-content\/uploads\/16030903719588.jpg\" alt=\"produto-Hommy-img\" title=\"\" width=\"300\" height=\"561\" border=\"0\" vspace=\"0\" style=\"width: 300px;height: 561px\"><\/p>\n<\/div>\n<\/div>\n<div class=\"col-md-6 col-sm-6 col-xs-6\">\n<div class=\"right-p\">\n<div class=\"h2 heading\">\n<p style=\"margin: 0 0 0 28px;text-indent: 0;padding: 0;vertical-align: baseline\"><span style=\"letter-spacing: 0px;font-size: 16px;font-family: arial, helvetica, sans-serif\">2. Temos diferentes moldes para chupa-chupas de gelo \u00e0 sua escolha.<\/span><span style=\"font-family: \u5b8b\u4f53;letter-spacing: 0;font-size: 20px\">&nbsp;<\/span><\/p>\n<p style=\"margin: 0 0 0 28px;text-indent: 0;padding: 0;vertical-align: baseline\"><span style=\"font-family: \u5b8b\u4f53;letter-spacing: 0;font-size: 20px\"><br \/><\/span><\/p>\n<p style=\"margin: 0 0 0 28px;text-indent: 0;padding: 0;vertical-align: baseline\"><\/p>\n<\/div>\n<\/div>\n<div class=\"graphic_pic animated wow bounceIn\" data-wow-delay=\".7s\">\n<p style=\"text-align:center\"><img loading=\"lazy\" decoding=\"async\" src=\"https:\/\/www.hommy.com\/wp-content\/uploads\/16030904051206.jpg\" alt=\"produto-Hommy-img\" title=\"\" width=\"300\" height=\"600\" border=\"0\" vspace=\"0\" style=\"width: 300px;height: 600px\"><\/p>\n<\/div>\n<\/div>\n<\/div>\n<\/div>\n<div class=\"d-tem01-graphic tem01-graphic mockup\" data-detail=\"wrap\">\n<div class=\"cont-section clearfix d-clearfix\">\n<div class=\"col-md-6 col-sm-6 col-xs-6\">\n<div class=\"right-p\">\n<div class=\"h2 heading\">\n<p style=\"margin-left:28px;text-indent:0\"><span style=\"font-family: arial, helvetica, sans-serif\"><span style=\"letter-spacing: 0px;font-size: 16px\">3. A m\u00e1quina dentro do sistema de arrefecimento \u00e9 muito forte, produz um lote de 15-20 minutos, que pode passar a temperatura&nbsp;<\/span><span style=\"font-size: 16px;letter-spacing: 0px\">-18 ou -20 graus .<\/span><\/span><\/p>\n<p style=\"margin-left:28px;text-indent:0\"><span style=\"font-family: arial, helvetica, sans-serif\"><span style=\"font-size: 16px;letter-spacing: 0px\"><br \/><\/span><\/span><\/p>\n<p style=\"margin-left:28px;text-indent:0\"><span style=\"font-family: arial, helvetica, sans-serif\"><span style=\"font-size: 16px;letter-spacing: 0px\"><br \/><\/span><\/span><\/p>\n<\/div>\n<\/div>\n<div class=\"graphic_pic animated wow bounceIn\" data-wow-delay=\".7s\">\n<p style=\"text-align:center\"><img loading=\"lazy\" decoding=\"async\" src=\"https:\/\/www.hommy.com\/wp-content\/uploads\/16030904452766.jpg\" alt=\"produto-Hommy-HM-PM-3A M\u00e1quina de gelados aprovada pela UL-img\" title=\"\" width=\"300\" height=\"600\" border=\"0\" vspace=\"0\" style=\"width: 300px;height: 600px\"><\/p>\n<\/div>\n<\/div>\n<div class=\"col-md-6 col-sm-6 col-xs-6\">\n<div class=\"right-p\">\n<div class=\"h2 heading\">\n<p style=\"margin-left:28px;text-indent:0\"><span style=\"letter-spacing: 0px;font-size: 16px;font-family: arial, helvetica, sans-serif\">4. Quando a haste de agita\u00e7\u00e3o de a\u00e7o inoxid\u00e1vel de alta efici\u00eancia gira, gera um fluxo de \u00e1gua para acelerar a velocidade de arrefecimento.<\/span><\/p>\n<p style=\"margin-left:28px;text-indent:0\"><span style=\"letter-spacing: 0px;font-size: 16px;font-family: arial, helvetica, sans-serif\"><br \/><\/span><\/p>\n<\/div>\n<\/div>\n<div class=\"graphic_pic animated wow bounceIn\" data-wow-delay=\".7s\">\n<p style=\"text-align:center\"><img loading=\"lazy\" decoding=\"async\" src=\"https:\/\/www.hommy.com\/wp-content\/uploads\/16030904795370.jpg\" alt=\"produto-HM-PM-3A M\u00e1quina de gelados passa UL-Hommy-img\" title=\"\" width=\"200\" height=\"543\" border=\"0\" vspace=\"0\" style=\"width: 200px;height: 543px\"><\/p>\n<\/div>\n<\/div>\n<\/div>\n<\/div>\n<p>Documento\uff1a<img decoding=\"async\" src=\"https:\/\/www.hommy.com\/wp-content\/uploads\/icon_pdf-62.gif\" style=\"margin-right: 2px\" alt=\"produto-Hommy-img-1\" title=\"\"><a href=\"https:\/\/img80002414.weyesimg.com\/uploads\/www.hommy.com\/addon\/16028369874382.pdf\" title=\"16028369874382.pdf\" style=\"font-size: 12px\">16028369874382.pdf<\/a><\/p>\n<h2 style=\"font-family: sans-serif\">O que \u00e9 que se chama a um gelado sem pauzinho?<\/h2>\n<p style=\"margin-top: 5px;margin-bottom: 5px;font-family: sans-serif;font-size: 16px\"><\/p>\n<p style=\"margin-top: 5px;margin-bottom: 5px;font-family: sans-serif;font-size: 16px\">Para atravessar o inverno sem derreter ou queimar a minha carne, gosto de manter uma reserva de guloseimas congeladas no meu congelador. Tamb\u00e9m gosto de manter o meu congelador cheio de alimentos cheios de sabor. Estas guloseimas congeladas s\u00e3o muito mais divertidas do que o gelado tradicional e s\u00e3o \u00f3ptimas para o seu paladar. Quer lhes chame gelados, doces, sorvetes ou qualquer outro nome, o resultado \u00e9 basicamente o mesmo. Obt\u00e9m-se uma guloseima refrescante e gelada numa forma conveniente.<\/p>\n<p style=\"margin-top: 5px;margin-bottom: 5px;font-family: sans-serif;font-size: 16px\"><\/p>\n<p style=\"margin-top: 5px;margin-bottom: 5px;font-family: sans-serif;font-size: 16px\">Este conceito foi-me apresentado pela primeira vez h\u00e1 muitos anos, quando tinha cerca de 13 anos. O meu primo tinha acabado de fazer 18 anos e estava a chegar o seu anivers\u00e1rio. Ele e a mulher n\u00e3o se davam muito bem, por isso decidi que seria uma ideia perfeita para oferecer. A minha av\u00f3 era uma \u00f3ptima cozinheira, por isso era a pessoa ideal para receber a prenda. Eu sabia que ela iria gostar de um presente \u00fanico e que eu poderia faz\u00ea-lo da forma que quisesse. Queria fazer algo que n\u00e3o pudesse ser<\/p>\n<p style=\"margin-top: 5px;margin-bottom: 5px;font-family: sans-serif;font-size: 16px\"><\/p>\n<h2 style=\"font-family: sans-serif\">Como \u00e9 que se fazem os gelados a partir de moldes?<\/h2>\n<p style=\"margin-top: 5px;margin-bottom: 5px;font-family: sans-serif;font-size: 16px\"><\/p>\n<p style=\"margin-top: 5px;margin-bottom: 5px;font-family: sans-serif;font-size: 16px\">Compra-se uma m\u00e1quina de fazer papas de gelo grande com moldes para fazer papas de gelo e podes comprar moldes no Michaels. Basta misturar um saco de fruta congelada com \u00e1gua e adicionar pedras de gelo (que acrescentam um pouco de ar \u00e0 mistura) e depois coloc\u00e1-las nos moldes.<\/p>\n<p style=\"margin-top: 5px;margin-bottom: 5px;font-family: sans-serif;font-size: 16px\"><\/p>\n<p style=\"margin-top: 5px;margin-bottom: 5px;font-family: sans-serif;font-size: 16px\">Utilizamos uma varinha m\u00e1gica para misturar a fruta e a \u00e1gua, mas pode utilizar uma varinha m\u00e1gica de imers\u00e3o (caso a sua varinha m\u00e1gica n\u00e3o seja suficientemente forte). De seguida, adicionamos algumas colheres de ch\u00e1 de a\u00e7\u00facar em p\u00f3 e algumas colheres de sopa de leite e misturamos tamb\u00e9m.<\/p>\n<p style=\"margin-top: 5px;margin-bottom: 5px;font-family: sans-serif;font-size: 16px\"><\/p>\n<h2 style=\"font-family: sans-serif\">Qual \u00e9 o sabor do gelado amarelo?<\/h2>\n<p style=\"margin-top: 5px;margin-bottom: 5px;font-family: sans-serif;font-size: 16px\"><\/p>\n<p style=\"margin-top: 5px;margin-bottom: 5px;font-family: sans-serif;font-size: 16px\">R: Os gelados s\u00e3o uma forma refrescante, n\u00e3o l\u00e1ctea e sem a\u00e7\u00facar de desfrutar de um dos favoritos do ver\u00e3o. Os sabores dos gelados s\u00e3o criados pela nossa equipa de desenvolvimento de sabores. Depois passam por um rigoroso processo de testes com a nossa equipa de provadores e o sabor \u00e9 aperfei\u00e7oado e engarrafado! O sabor amarelo \u00e9 um sabor delicioso que o far\u00e1 recordar os ver\u00f5es da sua inf\u00e2ncia.<\/p>\n<\/div><\/div>","protected":false},"excerpt":{"rendered":"<p>&nbsp; Ice Popsicle Machine Ice Popsicle Machine|Product Features|Product specification|PRODUCT ADVANTAGE &nbsp; The manufactured unit is of great ease to use and is available in different specification for meeting our client&#039;s diverse needs. Our provided Ice Popsicle machines are highly useful for serving different flavours of ice pops to our clients. Buy now! The offered Ice [&hellip;]<\/p>\n","protected":false},"featured_media":872,"comment_status":"open","ping_status":"open","template":"","meta":{"_swt_meta_header_display":false,"_swt_meta_footer_display":false,"_swt_meta_site_title_display":false,"_swt_meta_sticky_header":false,"_swt_meta_transparent_header":false},"product_brand":[],"product_cat":[84],"product_tag":[],"class_list":{"0":"post-879","1":"product","2":"type-product","3":"status-publish","4":"has-post-thumbnail","6":"product_cat-popsicle-machine","8":"first","9":"instock","10":"shipping-taxable","11":"product-type-simple"},"_links":{"self":[{"href":"https:\/\/www.hommy.com\/pt\/wp-json\/wp\/v2\/product\/879","targetHints":{"allow":["GET"]}}],"collection":[{"href":"https:\/\/www.hommy.com\/pt\/wp-json\/wp\/v2\/product"}],"about":[{"href":"https:\/\/www.hommy.com\/pt\/wp-json\/wp\/v2\/types\/product"}],"replies":[{"embeddable":true,"href":"https:\/\/www.hommy.com\/pt\/wp-json\/wp\/v2\/comments?post=879"}],"wp:featuredmedia":[{"embeddable":true,"href":"https:\/\/www.hommy.com\/pt\/wp-json\/wp\/v2\/media\/872"}],"wp:attachment":[{"href":"https:\/\/www.hommy.com\/pt\/wp-json\/wp\/v2\/media?parent=879"}],"wp:term":[{"taxonomy":"product_brand","embeddable":true,"href":"https:\/\/www.hommy.com\/pt\/wp-json\/wp\/v2\/product_brand?post=879"},{"taxonomy":"product_cat","embeddable":true,"href":"https:\/\/www.hommy.com\/pt\/wp-json\/wp\/v2\/product_cat?post=879"},{"taxonomy":"product_tag","embeddable":true,"href":"https:\/\/www.hommy.com\/pt\/wp-json\/wp\/v2\/product_tag?post=879"}],"curies":[{"name":"wp","href":"https:\/\/api.w.org\/{rel}","templated":true}]}}