{"id":871,"date":"2024-07-02T17:01:30","date_gmt":"2024-07-02T17:01:30","guid":{"rendered":"http:\/\/localhost\/hommywp\/hm-pm-3-ice-lolly-popsicle-maker-make-profit-from-water\/"},"modified":"2025-08-01T09:57:45","modified_gmt":"2025-08-01T09:57:45","slug":"maquina-de-fazer-gelados-hm-pm-3","status":"publish","type":"product","link":"https:\/\/www.hommy.com\/pt\/p\/maquina-de-fazer-gelados-hm-pm-3\/","title":{"rendered":"Hm-Pm-3 M\u00e1quina de fazer picol\u00e9s Ice Lolly | Lucrar com a \u00e1gua"},"content":{"rendered":"<div>\n<p><span style=\"font-family:\u5b8b\u4f53;letter-spacing:0;font-size:29px\"><br \/><\/span><\/p>\n<h2 style=\"text-align: center\"><strong><span style=\"letter-spacing: 0px;font-family: arial, helvetica, sans-serif;font-size: 24px\"><a name=\"Ice Popsicle Machine\"><\/a>M\u00e1quina de picol\u00e9s de gelo<\/span><\/strong><\/h2>\n<p style=\"text-align: center\"><a href=\"#Ice Popsicle Machine\" target=\"_self\" data-lv=\"0\" rel=\"noopener\"><span style=\"font-family: arial, helvetica, sans-serif;font-size: 16px\">M\u00e1quina de picol\u00e9s de gelo<\/span><\/a><span style=\"font-family: arial, helvetica, sans-serif;font-size: 16px\">|<a href=\"#Product Features\" target=\"_self\" data-lv=\"0\" rel=\"noopener\">Carater\u00edsticas do produto<\/a>|<a href=\"#Product specification\" target=\"_self\" data-lv=\"0\" rel=\"noopener\">Especifica\u00e7\u00e3o do produto<\/a>|<a href=\"#Product Advantage\" target=\"_self\" data-lv=\"0\" rel=\"noopener\">Vantagem do produto<\/a><\/span><\/p>\n<p><\/p>\n<p><\/p>\n<p style=\"text-align: center\">&nbsp;&nbsp;&nbsp;&nbsp;<\/p>\n<p>Somos tamb\u00e9m um dos portais em linha mais fi\u00e1veis para <a style=\"color:blue\" href=\"https:\/\/www.hommy.com\/pt\/maquina-de-picoles\/\">M\u00e1quina de fazer gelados<\/a>s pelo facto de a nossa gama ser diversificada e de estarmos a funcionar h\u00e1 mais de 20 anos. Em caso de qualquer d\u00favida, pode contactar-nos atrav\u00e9s do nosso n\u00famero ou atrav\u00e9s do nosso e-mail.<\/p>\n<p><\/p>\n<p>O fabricante de picol\u00e9s est\u00e1 dispon\u00edvel em diferentes especifica\u00e7\u00f5es de acordo com as exig\u00eancias dos clientes.<\/p>\n<p><\/p>\n<p>Porqu\u00ea escolher-nos?<\/p>\n<p>Eis a lista de raz\u00f5es pelas quais nos deve escolher:<\/p>\n<p><\/p>\n<p>Marcas de topo: Oferecemos uma variedade de produtos de marca e estes produtos s\u00f3 s\u00e3o vendidos atrav\u00e9s de n\u00f3s. Assim, pode obter o melhor pre\u00e7o para as suas necessidades.<\/p>\n<p><\/p>\n<p>Os clientes podem entrar em contacto connosco: O nosso n\u00famero est\u00e1 dispon\u00edvel para os nossos clientes que residem fora da nossa cidade principal. Podem tamb\u00e9m contactar-nos atrav\u00e9s do nosso e-mail.<\/p>\n<p><\/p>\n<p>N\u00f3s tamb\u00e9m fornecemos suporte: Tentamos fornecer todo o apoio aos nossos clientes como e quando necess\u00e1rio. Tentamos fornecer-lhe ajuda em qualquer fase, quando necess\u00e1rio. Assim, tamb\u00e9m mantemos as FAQs dispon\u00edveis para os nossos clientes. Estas FAQs ajud\u00e1-lo-\u00e3o a compreender completamente o seu fabricante de picol\u00e9s.<\/p>\n<p><\/p>\n<p>Oferecemos produtos de qualidade: Todos os nossos produtos est\u00e3o dispon\u00edveis no mercado a pre\u00e7os acess\u00edveis. Assim, nunca poder\u00e1 ter problemas.<\/p>\n<p><span style=\"font-family: arial, helvetica, sans-serif;font-size: 24px\"><strong><span style=\"font-family: arial, helvetica, sans-serif;letter-spacing: 0px\"><\/span><\/strong><\/span><\/p>\n<div class=\"d-tem01-graphic tem01-graphic mockup\" data-detail=\"wrap\">\n<div class=\"cont-section clearfix d-clearfix\">\n<div class=\"col-md-6 col-sm-6 col-xs-6\">\n<div class=\"right-p\">\n<div class=\"h2 heading\">\n<p style=\"text-align:center\"><img decoding=\"async\" src=\"https:\/\/www.hommy.com\/wp-content\/uploads\/16031765789147.jpg\" alt=\"produto-HM-PM-3 M\u00e1quina de fazer gelados-Hommy-img\" style=\"font-size: 14px\" title=\"\"><\/p>\n<p><span style=\"font-size: 14px\">&nbsp; &nbsp; &nbsp; &nbsp; &nbsp; &nbsp; &nbsp;<\/span><\/div>\n<\/div>\n<\/div>\n<div class=\"col-md-6 col-sm-6 col-xs-6\">\n<div class=\"right-p\">\n<div class=\"h2 heading\">\n<h2 style=\"margin: 0px;text-indent: 0px;text-align: justify\"><strong><span style=\"letter-spacing: 0px;font-family: arial, helvetica, sans-serif;font-size: 24px\"><a name=\"Product Features\"><\/a>Carater\u00edsticas do produto<\/span><\/strong><span style=\"font-family:\u5b8b\u4f53;letter-spacing:0;font-size:29px\">&nbsp;<\/span><\/h2>\n<h2 style=\"margin: 0px;text-indent: 0px;text-align: justify\"><span style=\"font-family:\u5b8b\u4f53;letter-spacing:0;font-size:29px\">&nbsp;<\/span><\/h2>\n<p style=\"margin-left:32px\"><span style=\"font-family: Calibri;font-size: 16px\">- A m\u00e1quina \u00e9 constru\u00edda com uma apar\u00eancia luxuosa e f\u00e1cil opera\u00e7\u00e3o e baixo custo de manuten\u00e7\u00e3o.<\/span><\/p>\n<p style=\"margin-left:32px\"><span style=\"font-family: Calibri;font-size: 16px\">- Material interior do dep\u00f3sito em a\u00e7o inoxid\u00e1vel puro que resiste \u00e0 eros\u00e3o provocada pelo \u00e1cido clor\u00eddrico<\/span><\/p>\n<p style=\"margin-left:32px\"><span style=\"font-family: arial, helvetica, sans-serif\"><span style=\"font-family: Calibri;font-size: 16px\">- O funcionamento \u00e9 f\u00e1cil<\/span><span style=\"font-family: \u5b8b\u4f53;font-size: 16px\">.<\/span><\/span><\/p>\n<p style=\"margin-left:32px\"><span style=\"font-family: Calibri;font-size: 16px\">- V\u00e1rios tipos de moldes para picol\u00e9s \u00e0 escolha.<\/span><\/p>\n<p style=\"margin-left:32px\"><span style=\"font-family: arial, helvetica, sans-serif\"><span style=\"font-family: Calibri;font-size: 16px\">- A\u00e7o inoxid\u00e1vel<\/span><span style=\"font-family: \u5b8b\u4f53;font-size: 16px\">l<\/span><span style=\"font-family: Calibri;font-size: 16px\">O molde resiste \u00e0 eros\u00e3o.<\/span><\/span><\/p>\n<p style=\"margin-left:32px\"><span style=\"font-family: arial, helvetica, sans-serif\"><span style=\"font-family: Calibri;font-size: 16px\">- O molde tem a fun\u00e7\u00e3o de auto-concha e \u00e9 f\u00e1cil de trabalhar <\/span><span style=\"font-family: \u5b8b\u4f53;font-size: 16px\">.<\/span><\/span><\/p>\n<p style=\"margin-left:32px\"><span style=\"font-family: arial, helvetica, sans-serif\"><span style=\"font-family: Calibri;font-size: 16px\">- Ar<\/span><span style=\"font-family: \u5b8b\u4f53;font-size: 16px\">&nbsp;<\/span><span style=\"font-family: Calibri;font-size: 16px\">A cobertura \u00e9 \u00e0 prova de \u00e1gua e mant\u00e9m o material em uso durante muito tempo.<\/span><\/span><\/p>\n<p style=\"margin-left:32px\"><span style=\"font-family: arial, helvetica, sans-serif\"><span style=\"font-family: Calibri;font-size: 16px\">- Baixos investimentos de capital com produ\u00e7\u00e3o m\u00e1xima<\/span><span style=\"font-family: \u5b8b\u4f53;font-size: 16px\">.<\/span><\/span><\/p>\n<p style=\"margin-left:32px\"><span style=\"font-family: arial, helvetica, sans-serif\"><span style=\"font-family: Calibri;font-size: 16px\">- Lucrar com a \u00e1gua, um potencial de lucro incr\u00edvel <\/span><span style=\"font-family: \u5b8b\u4f53;font-size: 16px\">.<\/span><\/span><\/p>\n<p style=\"margin-left:32px\"><span style=\"font-family: arial, helvetica, sans-serif\"><span style=\"font-family: Calibri;font-size: 16px\">- \u00c9 poss\u00edvel utilizar uma m\u00e1quina para produzir 3 tipos de produtos: <\/span><span style=\"font-family: \u5b8b\u4f53;font-size: 16px\">P<\/span><span style=\"font-family: Calibri;font-size: 16px\">opsicle . pequeno bloco de gelo , i<\/span><span style=\"font-family: \u5b8b\u4f53;font-size: 16px\">c<\/span><span style=\"font-family: Calibri;font-size: 16px\">e doces .<\/span><\/span><\/p>\n<p><span> &nbsp; &nbsp; &nbsp; &nbsp;<\/span><\/div>\n<\/div>\n<\/div>\n<\/div>\n<\/div>\n<h2><span style=\"font-family: arial, helvetica, sans-serif;font-size: 24px\"><strong><span style=\"font-family: arial, helvetica, sans-serif;letter-spacing: 0px\"><a name=\"Product specification\"><\/a>Especifica\u00e7\u00e3o do produto<\/span><\/strong><\/span><\/h2>\n<p><span style=\"font-family: arial, helvetica, sans-serif;font-size: 24px\"><strong><span style=\"font-family: arial, helvetica, sans-serif;letter-spacing: 0px\"><img loading=\"lazy\" decoding=\"async\" src=\"https:\/\/www.hommy.com\/wp-content\/uploads\/16031764499547.png\" title=\"\" alt=\"produto-Hommy-img\" width=\"1000\" height=\"436\" border=\"0\" vspace=\"0\" style=\"width: 1000px;height: 436px\"><\/span><\/strong><\/span><\/p>\n<h2><strong><span style=\"letter-spacing: 0px;font-family: arial, helvetica, sans-serif;font-size: 24px\"><br \/><\/span><\/strong><\/h2>\n<h2><strong><span style=\"letter-spacing: 0px;font-family: arial, helvetica, sans-serif;font-size: 24px\"><a name=\"Product Advantage\"><\/a>Vantagem do produto<\/span><\/strong><\/h2>\n<p><strong><span style=\"letter-spacing: 0px;font-family: arial, helvetica, sans-serif;font-size: 24px\"><\/span><\/strong><\/p>\n<div class=\"d-tem01-graphic tem01-graphic mockup\" data-detail=\"wrap\">\n<div class=\"cont-section clearfix d-clearfix\">\n<div class=\"col-md-6 col-sm-6 col-xs-6\">\n<div class=\"right-p\">\n<div class=\"h2 heading\">\n<p style=\"margin: 0 0 0 28px;text-indent: 0;padding: 0;vertical-align: baseline\"><span style=\"letter-spacing: 0px;font-family: arial, helvetica, sans-serif;font-size: 16px\">1. A m\u00e1quina escolhe o tanque de \u00e1gua salgada SS304 - material anti-ferrugem e o tanque no interior escolhe todo o parafuso que \u00e9 de a\u00e7o inoxid\u00e1vel 304 para garantir uma vida \u00fatil mais longa da m\u00e1quina.<\/span><\/p>\n<\/div>\n<\/div>\n<div class=\"graphic_pic animated wow bounceIn\" data-wow-delay=\".7s\">\n<p style=\"text-align:center\"><img loading=\"lazy\" decoding=\"async\" src=\"https:\/\/www.hommy.com\/wp-content\/uploads\/16031768874558.jpg\" alt=\"produto-Hommy-img\" title=\"\" width=\"350\" height=\"500\" border=\"0\" vspace=\"0\" style=\"width: 350px;height: 500px\"><\/p>\n<\/div>\n<\/div>\n<div class=\"col-md-6 col-sm-6 col-xs-6\">\n<div class=\"right-p\">\n<div class=\"h2 heading\">\n<p><span style=\"letter-spacing: 0px;font-family: arial, helvetica, sans-serif;font-size: 16px\">2. Temos diferentes moldes para chupa-chupas de gelo \u00e0 sua escolha.<\/span><\/p>\n<p><span style=\"letter-spacing: 0px;font-family: arial, helvetica, sans-serif;font-size: 16px\"><br \/><\/span><\/p>\n<p><span style=\"letter-spacing: 0px;font-family: arial, helvetica, sans-serif;font-size: 16px\"><br \/><\/span><\/p>\n<\/div>\n<\/div>\n<p style=\"text-align:center\"><img loading=\"lazy\" decoding=\"async\" src=\"https:\/\/www.hommy.com\/wp-content\/uploads\/16031769221882.jpg\" alt=\"produto-Hommy-img\" title=\"\" width=\"350\" height=\"500\" border=\"0\" vspace=\"0\" style=\"width: 350px;height: 500px\"><\/p>\n<p><span style=\"font-size: 16px;font-family: arial, helvetica, sans-serif\"><br \/>\n &nbsp; &nbsp; &nbsp; &nbsp; &nbsp; &nbsp;<\/span><\/p>\n<\/div>\n<\/div>\n<\/div>\n<p><\/p>\n<div class=\"d-tem01-graphic tem01-graphic mockup\" data-detail=\"wrap\">\n<div class=\"cont-section clearfix d-clearfix\">\n<div class=\"col-md-6 col-sm-6 col-xs-6\">\n<div class=\"right-p\">\n<div class=\"h2 heading\">\n<p style=\"margin-left: 28px;text-indent: 0px\"><span style=\"font-size: 16px;font-family: arial, helvetica, sans-serif\"><span style=\"letter-spacing: 0px;font-size: 16px\">3. A m\u00e1quina dentro do sistema de arrefecimento \u00e9 muito forte, produz um lote de 15-20 minutos, que pode passar a temperatura&nbsp;<\/span><span style=\"font-size: 16px;letter-spacing: 0px\">-18 ou -20 graus .<\/span><\/span><\/p>\n<p style=\"margin-left: 28px;text-indent: 0px\"><span style=\"font-size: 16px;font-family: arial, helvetica, sans-serif\"><span style=\"font-size: 16px;letter-spacing: 0px\"><br \/><\/span><\/span><\/p>\n<p style=\"margin-left: 28px;text-indent: 0px\"><span style=\"font-size: 16px;font-family: arial, helvetica, sans-serif\"><span style=\"font-size: 16px;letter-spacing: 0px\"><br \/><\/span><\/span><\/p>\n<\/div>\n<\/div>\n<div class=\"graphic_pic animated wow bounceIn\" data-wow-delay=\".7s\"><img decoding=\"async\" src=\"https:\/\/www.hommy.com\/wp-content\/uploads\/16031769556151.png\" alt=\"produto-Hommy-HM-PM-3 M\u00e1quina de fazer gelados-img\" title=\"\"><br \/>\n &nbsp; &nbsp; &nbsp; &nbsp; &nbsp; &nbsp;<\/div>\n<\/div>\n<div class=\"col-md-6 col-sm-6 col-xs-6\">\n<div class=\"right-p\">\n<div class=\"h2 heading\">\n<p style=\"margin-left:28px;text-indent:0\"><span style=\"letter-spacing: 0px;font-size: 16px;font-family: arial, helvetica, sans-serif\">4. Quando a haste de agita\u00e7\u00e3o de a\u00e7o inoxid\u00e1vel de alta efici\u00eancia gira, gera um fluxo de \u00e1gua para acelerar a velocidade de arrefecimento.<\/span><\/p>\n<\/div>\n<\/div>\n<div class=\"graphic_pic animated wow bounceIn\" data-wow-delay=\".7s\">\n<p style=\"text-align:center\"><img loading=\"lazy\" decoding=\"async\" src=\"https:\/\/www.hommy.com\/wp-content\/uploads\/16031773503045.jpg\" alt=\"produto-Hommy-img\" title=\"\" width=\"350\" height=\"500\" border=\"0\" vspace=\"0\" style=\"width: 350px;height: 500px\"><\/p>\n<\/div>\n<\/div>\n<\/div>\n<\/div>\n<p>Documento\uff1a<img decoding=\"async\" src=\"https:\/\/www.hommy.com\/wp-content\/uploads\/icon_pdf-61.gif\" style=\"margin-right: 2px\" alt=\"produto-HM-PM-3 M\u00e1quina de fazer gelados-Hommy-img-1\" title=\"\"><a href=\"https:\/\/img80002414.weyesimg.com\/uploads\/www.hommy.com\/addon\/16031775674510.pdf\" title=\"16031775674510.pdf\" style=\"font-size: 12px\">16031775674510.pdf<\/a><\/p>\n<h2>Quanto tempo demoram os gelados a congelar?<\/h2>\n<p style=\"margin-top: 5px;margin-bottom: 5px\">N\u00e3o \u00e9 muito tempo. Um picol\u00e9 congelado demora cerca de meia hora a congelar.<\/p>\n<p style=\"margin-top: 5px;margin-bottom: 5px\"><\/p>\n<p style=\"margin-top: 5px;margin-bottom: 5px\">Normalmente, congelo-os em sacos individuais para que cada membro da fam\u00edlia possa ter um gelado cada.<\/p>\n<p style=\"margin-top: 5px;margin-bottom: 5px\"><\/p>\n<p style=\"margin-top: 5px;margin-bottom: 5px\">H\u00e1 uma boa raz\u00e3o para isso. Se os congelar todos juntos, o ar no centro do picol\u00e9 pode derreter antes de o exterior estar suficientemente congelado para se manter. Isso far\u00e1 com que o picol\u00e9 fique encharcado.<\/p>\n<p style=\"margin-top: 5px;margin-bottom: 5px\"><\/p>\n<p style=\"margin-top: 5px;margin-bottom: 5px\"><\/p>\n<h2>Qual \u00e9 o melhor sabor de gelado?<\/h2>\n<p style=\"margin-top: 5px;margin-bottom: 5px\">Sou um grande f\u00e3 de framboesa azul. N\u00e3o gosto da maioria dos outros sabores, mas adoro framboesa azul. Acho que \u00e9 o mais saboroso, e j\u00e1 experimentei outros, e achei que normalmente s\u00e3o demasiado azedos. Mas a framboesa azul \u00e9 agrad\u00e1vel, doce e sumarenta. E \u00e9 deliciosa!<\/p>\n<p style=\"margin-top: 5px;margin-bottom: 5px\"><\/p>\n<p style=\"margin-top: 5px;margin-bottom: 5px\"><\/p>\n<h2>Os gelados engordam?<\/h2>\n<p style=\"margin-top: 5px;margin-bottom: 5px\">Vamos descobrir.<\/p>\n<p style=\"margin-top: 5px;margin-bottom: 5px\"><\/p>\n<p style=\"margin-top: 5px;margin-bottom: 5px\">Os gelados s\u00e3o uma del\u00edcia. \u00c9 tudo muito divertido at\u00e9 nos apercebermos que n\u00e3o os podemos comer.<\/p>\n<p style=\"margin-top: 5px;margin-bottom: 5px\"><\/p>\n<p style=\"margin-top: 5px;margin-bottom: 5px\">De acordo com o USDA, um \u00fanico picol\u00e9 cont\u00e9m mais de 50 calorias. S\u00e3o muitas calorias num pequeno peda\u00e7o de comida.<\/p>\n<p style=\"margin-top: 5px;margin-bottom: 5px\"><\/p>\n<p style=\"margin-top: 5px;margin-bottom: 5px\">S\u00f3 de olhar para as estat\u00edsticas, pode pensar-se que os gelados s\u00e3o uma dieta proibida. Mas, quando se aprofundam os dados, percebe-se que n\u00e3o s\u00e3o t\u00e3o maus como parecem.<\/p>\n<\/div><\/div>","protected":false},"excerpt":{"rendered":"<p>Ice Popsicle Machine Ice Popsicle Machine|Product Features|Product specification|Product Advantage &nbsp;&nbsp;&nbsp;&nbsp; We are also one of the most trusted online portals for Popsicle makers for the reason that our range is diverse and we have been operating for the past 20 more years. In case of any query, you can reach us on our number or [&hellip;]<\/p>\n","protected":false},"featured_media":864,"comment_status":"open","ping_status":"open","template":"","meta":{"_swt_meta_header_display":false,"_swt_meta_footer_display":false,"_swt_meta_site_title_display":false,"_swt_meta_sticky_header":false,"_swt_meta_transparent_header":false},"product_brand":[],"product_cat":[84],"product_tag":[],"class_list":{"0":"post-871","1":"product","2":"type-product","3":"status-publish","4":"has-post-thumbnail","6":"product_cat-popsicle-machine","8":"first","9":"instock","10":"shipping-taxable","11":"product-type-simple"},"_links":{"self":[{"href":"https:\/\/www.hommy.com\/pt\/wp-json\/wp\/v2\/product\/871","targetHints":{"allow":["GET"]}}],"collection":[{"href":"https:\/\/www.hommy.com\/pt\/wp-json\/wp\/v2\/product"}],"about":[{"href":"https:\/\/www.hommy.com\/pt\/wp-json\/wp\/v2\/types\/product"}],"replies":[{"embeddable":true,"href":"https:\/\/www.hommy.com\/pt\/wp-json\/wp\/v2\/comments?post=871"}],"wp:featuredmedia":[{"embeddable":true,"href":"https:\/\/www.hommy.com\/pt\/wp-json\/wp\/v2\/media\/864"}],"wp:attachment":[{"href":"https:\/\/www.hommy.com\/pt\/wp-json\/wp\/v2\/media?parent=871"}],"wp:term":[{"taxonomy":"product_brand","embeddable":true,"href":"https:\/\/www.hommy.com\/pt\/wp-json\/wp\/v2\/product_brand?post=871"},{"taxonomy":"product_cat","embeddable":true,"href":"https:\/\/www.hommy.com\/pt\/wp-json\/wp\/v2\/product_cat?post=871"},{"taxonomy":"product_tag","embeddable":true,"href":"https:\/\/www.hommy.com\/pt\/wp-json\/wp\/v2\/product_tag?post=871"}],"curies":[{"name":"wp","href":"https:\/\/api.w.org\/{rel}","templated":true}]}}