{"id":863,"date":"2024-07-02T17:01:25","date_gmt":"2024-07-02T17:01:25","guid":{"rendered":"http:\/\/localhost\/hommywp\/hm-pp-250-ice-lolly-popsicle-wrapping-machine-factory\/"},"modified":"2025-08-01T09:57:44","modified_gmt":"2025-08-01T09:57:44","slug":"maquina-de-embalar-picoles-hm-pp-250","status":"publish","type":"product","link":"https:\/\/www.hommy.com\/pt\/p\/maquina-de-embalar-picoles-hm-pp-250\/","title":{"rendered":"Hm-Pp-250 F\u00e1brica de M\u00e1quina de Embrulho de Picol\u00e9 Ice Lolly"},"content":{"rendered":"<div>\n<p><\/p>\n<p><\/p>\n<h2 style=\"text-align: center\"><strong><span style=\"font-family: arial, helvetica, sans-serif;font-size: 24px\"><a name=\"Popsicle Wrapping Machine\"><\/a>M\u00e1quina de embalar picol\u00e9s<\/span><\/strong><\/h2>\n<p style=\"text-align: center\"><a href=\"#Popsicle Wrapping Machine\" target=\"_self\" data-lv=\"0\" rel=\"noopener\">M\u00e1quina de embalar picol\u00e9s<\/a>|<a href=\"#Product Features\" target=\"_self\" data-lv=\"0\" rel=\"noopener\">Carater\u00edsticas do produto<\/a>|<a href=\"#Product specification\" target=\"_self\" data-lv=\"0\" rel=\"noopener\">Especifica\u00e7\u00e3o do produto<\/a><\/p>\n<p><\/p>\n<p><\/p>\n<p style=\"text-align: center\">&nbsp;&nbsp;&nbsp;&nbsp;<\/p>\n<p>Se est\u00e1 \u00e0 procura de uma m\u00e1quina de embalar picol\u00e9s de alta qualidade e fi\u00e1vel, veio ao s\u00edtio certo. Neste sector, orgulhamo-nos de fornecer aos nossos clientes m\u00e1quinas topo de gama que tornar\u00e3o o seu processo de embalamento de gelados mais f\u00e1cil e eficiente. Quer se trate de uma pequena empresa ou de uma grande corpora\u00e7\u00e3o, temos uma m\u00e1quina que ir\u00e1 satisfazer as suas necessidades.<\/p>\n<p><\/p>\n<p>Para al\u00e9m da nossa vasta sele\u00e7\u00e3o de m\u00e1quinas, oferecemos tamb\u00e9m um excelente servi\u00e7o ao cliente. A nossa equipa experiente est\u00e1 sempre dispon\u00edvel para responder a quaisquer perguntas que possa ter e ajud\u00e1-lo a encontrar a m\u00e1quina perfeita para as suas necessidades. Compreendemos que o processo de embalamento de gelados pode ser um desafio, mas com a nossa ajuda, n\u00e3o tem de ser.<\/p>\n<p>Visite o nosso s\u00edtio Web hoje mesmo para saber mais sobre os nossos produtos e servi\u00e7os ou para efetuar uma encomenda.<\/p>\n<p><\/p>\n<div class=\"d-tem01-graphic tem01-graphic mockup\" data-detail=\"wrap\">\n<div class=\"cont-section clearfix d-clearfix\">\n<div class=\"col-md-6 col-sm-6 col-xs-6\">\n<div class=\"right-p\">\n<p><\/p>\n<p><\/p>\n<p><\/p>\n<p><\/p>\n<p><\/p>\n<p><\/p>\n<p><img decoding=\"async\" src=\"https:\/\/www.hommy.com\/wp-content\/uploads\/16034175671584.png\" alt=\"produto-Hommy-img\" style=\"font-size: 14px\" title=\"\"><span style=\"font-size: 14px\">&nbsp; &nbsp; &nbsp; &nbsp; &nbsp; &nbsp; &nbsp;<\/span><\/p>\n<\/div>\n<\/div>\n<div class=\"col-md-6 col-sm-6 col-xs-6\">\n<div class=\"right-p\">\n<div class=\"h2 heading\">\n<p style=\"margin-top:0;margin-right:0;margin-bottom:0;margin-left:0;text-indent:0;text-align:justify\"><strong><span style=\"letter-spacing: 0px;font-family: arial, helvetica, sans-serif;font-size: 24px\">Carater\u00edsticas do produto&nbsp;<\/span><\/strong><\/p>\n<p style=\"margin-top:0;margin-right:0;margin-bottom:0;margin-left:0;text-indent:0;text-align:justify\"><strong><span style=\"letter-spacing: 0px;font-family: arial, helvetica, sans-serif;font-size: 24px\">&nbsp;<\/span><\/strong><\/p>\n<p><strong><span style=\"font-family: arial, helvetica, sans-serif;font-size: 24px\">Carater\u00edsticas&nbsp;<\/span><\/strong><\/p>\n<p><span style=\"font-family:Tahoma;font-size:16px\">&nbsp;<\/span><\/p>\n<p><span style=\"font-family:Tahoma;font-size:16px\">1. Controlo de transdutor duplo, corte flex\u00edvel do comprimento do saco, o operador n\u00e3o precisa de ajustar o trabalho de descarga, poupando tempo e filmes.<\/span><\/p>\n<p><span style=\"font-family:\u5b8b\u4f53;font-size:16px\">2.<\/span><span style=\"font-family:Tahoma;font-size:16px\">funcionamento homem-m\u00e1quina, parametriza\u00e7\u00e3o c\u00f3moda e r\u00e1pida.<\/span><\/p>\n<p><span style=\"font-family:\u5b8b\u4f53;font-size:16px\">3.<\/span><span style=\"font-family:Tahoma;font-size:16px\">Fun\u00e7\u00e3o de auto-diagn\u00f3stico de falhas, visualiza\u00e7\u00e3o clara de falhas.<\/span><\/p>\n<p><span style=\"font-family:\u5b8b\u4f53;font-size:16px\">4. <\/span><span style=\"font-family:Tahoma;font-size:16px\">A posi\u00e7\u00e3o de corte de entrada digital da marca el\u00e9ctrica a cores de alta sensibilidade permite a selagem<\/span><span style=\"font-family:\u5b8b\u4f53;font-size:16px\">&nbsp;<\/span><span style=\"font-family:Tahoma;font-size:16px\">e o corte mais preciso.<\/span><\/p>\n<p><span style=\"font-family:\u5b8b\u4f53;font-size:16px\">5.<\/span><span style=\"font-family:Tahoma;font-size:16px\">Controlo PID separado para a temperatura, adequado para v\u00e1rios materiais de embalagem.<\/span><\/p>\n<p><span style=\"font-family:\u5b8b\u4f53;font-size:16px\">6.<\/span><span style=\"font-family:Tahoma;font-size:16px\">Paragem da m\u00e1quina na posi\u00e7\u00e3o selecionada, sem ader\u00eancia \u00e0 faca e sem res\u00edduos de pel\u00edcula de embalagem.<\/span><\/p>\n<p><span style=\"font-family:\u5b8b\u4f53;font-size:16px\">7.<\/span><span style=\"font-family:Tahoma;font-size:16px\">Sistema de condu\u00e7\u00e3o simples, funcionamento fi\u00e1vel, manuten\u00e7\u00e3o conveniente.<\/span><\/p>\n<p><span style=\"font-family:\u5b8b\u4f53;font-size:16px\">8.<\/span><span style=\"font-family:Tahoma;font-size:16px\">Todos os controlos s\u00e3o efectuados por software, o que permite ajustar e atualizar as fun\u00e7\u00f5es.<\/span><\/p>\n<p><span style=\"font-family:Tahoma;font-size:16px\">Aplica\u00e7\u00e3o:<\/span><\/p>\n<p><span style=\"font-family:Tahoma;font-size:16px\">Adequado para embalar objectos regulares, tais como <\/span><span style=\"font-family:\u5b8b\u4f53;font-size:16px\">P<\/span><span style=\"font-family:Tahoma;font-size:16px\">\u00f3tico<\/span><span style=\"font-family:\u5b8b\u4f53;font-size:16px\">l<\/span><span style=\"font-family:Tahoma;font-size:16px\">e autocolante, bolacha, p\u00e3o, massa instant\u00e2nea, bolos de lua, pe\u00e7as industriais, caixas ou tabuleiros de papel.<\/span><\/p>\n<\/div>\n<\/div>\n<p><\/p>\n<p>&nbsp; &nbsp; &nbsp; &nbsp; &nbsp; &nbsp;<\/p>\n<\/div>\n<\/div>\n<\/div>\n<p><span style=\"font-size: 24px\"><strong><span style=\"letter-spacing: 0px;font-family: arial, helvetica, sans-serif\"><a name=\"Product specification\"><\/a>Especifica\u00e7\u00e3o do produto<\/span><\/strong><\/span><\/p>\n<p><img decoding=\"async\" src=\"https:\/\/www.hommy.com\/wp-content\/uploads\/16034173385730.png\" alt=\"produto-HM-PP-250 M\u00e1quina de embalar gelados-Hommy-img\" title=\"\"><\/p>\n<p><\/p>\n<p>Documento\uff1a<img decoding=\"async\" src=\"https:\/\/www.hommy.com\/wp-content\/uploads\/icon_pdf-60.gif\" style=\"margin-right: 2px\" alt=\"produto-Hommy-img\" title=\"\"><a href=\"https:\/\/img80002414.weyesimg.com\/uploads\/www.hommy.com\/addon\/16034174028532.pdf\" title=\"16034174028532.pdf\" style=\"font-size: 12px\">16034174028532.pdf<\/a><\/p>\n<h2 style=\"font-family: sans-serif\">O que \u00e9 uma m\u00e1quina de gelados?<br \/><\/h2>\n<p style=\"margin-top: 5px;margin-bottom: 5px;font-family: sans-serif;font-size: 16px\"><\/p>\n<p style=\"margin-top: 5px;margin-bottom: 5px;font-family: sans-serif;font-size: 16px\">Uma m\u00e1quina de gelados \u00e9 um tipo de congelador com um dispositivo que aquece uma c\u00e2mara fechada e congela l\u00edquidos em deliciosos e duros gelados. Se gosta de gelados, este pode ser o \u00fanico tipo de congelador de que alguma vez precisar\u00e1.<\/p>\n<p style=\"margin-top: 5px;margin-bottom: 5px;font-family: sans-serif;font-size: 16px\"><\/p>\n<p style=\"margin-top: 5px;margin-bottom: 5px;font-family: sans-serif;font-size: 16px\">Embora os gelados possam ser o tipo mais famoso de guloseima de congela\u00e7\u00e3o, n\u00e3o s\u00e3o o \u00fanico. Existem muitos tipos de guloseimas de congela\u00e7\u00e3o, desde o iogurte congelado ao gelado e aos doces. Os gelados s\u00e3o normalmente feitos de l\u00edquido. Podem ser feitos com sumo, leite, sumo de fruta ou \u00e1gua. Tamb\u00e9m podem ser feitos com \u00e1lcool, como licor ou ginger ale, ou com lactic\u00ednios, como leite, natas, iogurte, natas \u00e1cidas ou gelado.<\/p>\n<p style=\"margin-top: 5px;margin-bottom: 5px;font-family: sans-serif;font-size: 16px\"><\/p>\n<h2 style=\"font-family: sans-serif\">O que \u00e9 que d\u00e1 aos gelados a sua textura?<\/h2>\n<p style=\"margin-top: 5px;margin-bottom: 5px;font-family: sans-serif;font-size: 16px\"><\/p>\n<p style=\"margin-top: 5px;margin-bottom: 5px;font-family: sans-serif;font-size: 16px\">R: A maioria das gelatarias faz as suas guloseimas congeladas com uma mistura de ovos, leite, a\u00e7\u00facar e outros ingredientes. Os ovos actuam como um emulsionante, ajudando a mistura a \"colar-se\" e a permanecer congelada. O leite mant\u00e9m a mistura suave, os a\u00e7\u00facares adicionam do\u00e7ura e os outros ingredientes actuam como estabilizadores.<\/p>\n<p style=\"margin-top: 5px;margin-bottom: 5px;font-family: sans-serif;font-size: 16px\"><\/p>\n<h2 style=\"font-family: sans-serif\">Posso congelar gelados?<\/h2>\n<p style=\"margin-top: 5px;margin-bottom: 5px;font-family: sans-serif;font-size: 16px\"><\/p>\n<p style=\"margin-top: 5px;margin-bottom: 5px;font-family: sans-serif;font-size: 16px\">R: A maior parte dos gelados caseiros congela bem se forem feitos apenas com ovos, leite, a\u00e7\u00facar e, claro, um pouco de baunilha. Mas como o gelado tem um elevado teor de gordura, h\u00e1 mais \u00e1rea de superf\u00edcie para o gelado congelar, o que significa que o gelado pode espalhar-se quando est\u00e1 congelado. Isto, por sua vez, torna-o mais dif\u00edcil de colher.<\/p>\n<p style=\"margin-top: 5px;margin-bottom: 5px;font-family: sans-serif;font-size: 16px\"><\/p>\n<p style=\"margin-top: 5px;margin-bottom: 5px;font-family: sans-serif;font-size: 16px\">Na maioria dos casos, a \u00fanica forma de fazer com que o gelado fique s\u00f3lido \u00e9 adicionar estabilizadores. Estes incluem prote\u00ednas, \u00e1cidos, como o iogurte ou o leitelho, e at\u00e9 gordura vegetal.<\/p>\n<p style=\"margin-top: 5px;margin-bottom: 5px;font-family: sans-serif;font-size: 16px\"><\/p>\n<h2 style=\"font-family: sans-serif\">Como \u00e9 que os gelados s\u00e3o congelados?<\/h2>\n<p style=\"margin-top: 5px;margin-bottom: 5px;font-family: sans-serif;font-size: 16px\"><\/p>\n<p style=\"margin-top: 5px;margin-bottom: 5px;font-family: sans-serif;font-size: 16px\">R: Os gelados s\u00e3o congelados com azoto l\u00edquido.  Se os tentarmos colocar no congelador de lado, as extremidades exteriores descongelam e pingam.  Quando os coloca no congelador numa superf\u00edcie plana, os cristais de gelo expandem-se e preenchem o interior, deixando um centro branco e liso.<\/p>\n<\/div><\/div>","protected":false},"excerpt":{"rendered":"<p>Popsicle Wrapping Machine Popsicle Wrapping Machine|Product Features|Product specification &nbsp;&nbsp;&nbsp;&nbsp; If you are in the market for a high-quality, reliable popsicle wrapping machine, you have come to the right place. In this field, we pride ourselves on providing our customers with top-of-the-line machines that will make their popsicle wrapping process easier and more efficient. Whether you [&hellip;]<\/p>\n","protected":false},"featured_media":860,"comment_status":"open","ping_status":"open","template":"","meta":{"_swt_meta_header_display":false,"_swt_meta_footer_display":false,"_swt_meta_site_title_display":false,"_swt_meta_sticky_header":false,"_swt_meta_transparent_header":false},"product_brand":[],"product_cat":[84],"product_tag":[],"class_list":{"0":"post-863","1":"product","2":"type-product","3":"status-publish","4":"has-post-thumbnail","6":"product_cat-popsicle-machine","8":"first","9":"instock","10":"shipping-taxable","11":"product-type-simple"},"_links":{"self":[{"href":"https:\/\/www.hommy.com\/pt\/wp-json\/wp\/v2\/product\/863","targetHints":{"allow":["GET"]}}],"collection":[{"href":"https:\/\/www.hommy.com\/pt\/wp-json\/wp\/v2\/product"}],"about":[{"href":"https:\/\/www.hommy.com\/pt\/wp-json\/wp\/v2\/types\/product"}],"replies":[{"embeddable":true,"href":"https:\/\/www.hommy.com\/pt\/wp-json\/wp\/v2\/comments?post=863"}],"wp:featuredmedia":[{"embeddable":true,"href":"https:\/\/www.hommy.com\/pt\/wp-json\/wp\/v2\/media\/860"}],"wp:attachment":[{"href":"https:\/\/www.hommy.com\/pt\/wp-json\/wp\/v2\/media?parent=863"}],"wp:term":[{"taxonomy":"product_brand","embeddable":true,"href":"https:\/\/www.hommy.com\/pt\/wp-json\/wp\/v2\/product_brand?post=863"},{"taxonomy":"product_cat","embeddable":true,"href":"https:\/\/www.hommy.com\/pt\/wp-json\/wp\/v2\/product_cat?post=863"},{"taxonomy":"product_tag","embeddable":true,"href":"https:\/\/www.hommy.com\/pt\/wp-json\/wp\/v2\/product_tag?post=863"}],"curies":[{"name":"wp","href":"https:\/\/api.w.org\/{rel}","templated":true}]}}