{"id":851,"date":"2024-07-02T17:01:17","date_gmt":"2024-07-02T17:01:17","guid":{"rendered":"http:\/\/localhost\/hommywp\/hm-pm-30-stick-ice-popsicle-maker-equipment-how-much\/"},"modified":"2025-08-01T09:57:44","modified_gmt":"2025-08-01T09:57:44","slug":"maquina-de-fazer-gelados-hm-pm-30","status":"publish","type":"product","link":"https:\/\/www.hommy.com\/pt\/p\/maquina-de-fazer-gelados-hm-pm-30\/","title":{"rendered":"Hm-Pm-30 Equipamento para fabrica\u00e7\u00e3o de picol\u00e9 em palito Quanto custa"},"content":{"rendered":"<div>\n<p><\/p>\n<p style=\"text-align: center\"><strong><span style=\"letter-spacing: 0px;font-family: arial, helvetica, sans-serif;font-size: 24px\"><a name=\"Ice Popsicle Machine\"><\/a>M\u00e1quina de picol\u00e9s de gelo<\/span><\/strong><\/p>\n<p style=\"text-align: center\"><a href=\"#Ice Popsicle Machine\" target=\"_self\" data-lv=\"0\" rel=\"noopener\"><span style=\"letter-spacing: 0px;font-family: arial, helvetica, sans-serif;font-size: 16px\">M\u00e1quina de picol\u00e9s de gelo<\/span><\/a><span style=\"letter-spacing: 0px;font-family: arial, helvetica, sans-serif;font-size: 16px\">|<a href=\"#Product Features\" target=\"_self\" data-lv=\"0\" rel=\"noopener\">Carater\u00edsticas do produto<\/a>|<a href=\"#Product specification\" target=\"_self\" data-lv=\"0\" rel=\"noopener\">Especifica\u00e7\u00e3o do produto<\/a>|<a href=\"#Product Advantage\" target=\"_self\" data-lv=\"0\" rel=\"noopener\">Vantagem do produto<\/a><\/span><\/p>\n<p><span style=\"font-family:\u5b8b\u4f53;letter-spacing:0;font-size:29px\"><br \/><\/span><\/p>\n<p><\/p>\n<p style=\"text-align: center\">&nbsp;&nbsp;&nbsp;&nbsp;<\/p>\n<p>Estas m\u00e1quinas s\u00e3o bem conhecidas pela sua qualidade e durabilidade e proporcionam uma solu\u00e7\u00e3o perfeita para fazer gelados comerciais. Vem com uma grande variedade de moldes de picol\u00e9s que ajudam a criar uma variedade de sabores. Oferecemos esta m\u00e1quina a um pre\u00e7o acess\u00edvel aos nossos clientes.<\/p>\n<div class=\"d-tem01-graphic tem01-graphic mockup\" data-detail=\"wrap\">\n<div class=\"cont-section clearfix d-clearfix\">\n<div class=\"col-md-6 col-sm-6 col-xs-6\">\n<div class=\"right-p\">\n<div class=\"h2 heading\"><img decoding=\"async\" src=\"https:\/\/www.hommy.com\/wp-content\/uploads\/16032688407271.jpg\" alt=\"produto-Hommy-img\" style=\"font-size: 14px\" title=\"\"><span style=\"font-size: 14px\">&nbsp; &nbsp; &nbsp; &nbsp; &nbsp; &nbsp; &nbsp;<\/span><\/div>\n<\/div>\n<\/div>\n<div class=\"col-md-6 col-sm-6 col-xs-6\">\n<div class=\"right-p\">\n<div class=\"h2 heading\">\n<p style=\"margin-top:0;margin-right:0;margin-bottom:0;margin-left:0;text-indent:0;text-align:justify\"><span style=\"letter-spacing: 0px;font-family: arial, helvetica, sans-serif;font-size: 24px\"><a name=\"Product Features\"><\/a>Carater\u00edsticas do produto<\/span><\/p>\n<p style=\"margin-top:0;margin-right:0;margin-bottom:0;margin-left:0;text-indent:0;text-align:justify\"><span style=\"font-family:\u5b8b\u4f53;letter-spacing:0;font-size:29px\">&nbsp;&nbsp;<\/span><\/p>\n<p style=\"margin-left:32px\"><span style=\"font-family:Calibri;font-size:16px\">-&nbsp;<\/span><span style=\"font-family:Calibri;font-size:16px\">A m\u00e1quina \u00e9 constru\u00edda com uma apar\u00eancia luxuosa e f\u00e1cil opera\u00e7\u00e3o e baixo custo de manuten\u00e7\u00e3o.<\/span><\/p>\n<p style=\"margin-left:32px\"><span style=\"font-family:Calibri;font-size:16px\">-&nbsp;<\/span><span style=\"font-family:Calibri;font-size:16px\">Material interior do dep\u00f3sito em a\u00e7o inoxid\u00e1vel puro que resiste \u00e0 eros\u00e3o provocada pelo \u00e1cido clor\u00eddrico<\/span><\/p>\n<p style=\"margin-left:32px\"><span style=\"font-family:Calibri;font-size:16px\">-&nbsp;<\/span><span style=\"font-family:Calibri;font-size:16px\">O funcionamento \u00e9 f\u00e1cil<\/span><span style=\"font-family:\u5b8b\u4f53;font-size:16px\">.<\/span><\/p>\n<p style=\"margin-left:32px\"><span style=\"font-family:Calibri;font-size:16px\">-&nbsp;<\/span><span style=\"font-family:Calibri;font-size:16px\">V\u00e1rios tipos de moldes para picol\u00e9s \u00e0 escolha.<\/span><\/p>\n<p style=\"margin-left:32px\"><span style=\"font-family:Calibri;font-size:16px\">-&nbsp;<\/span><span style=\"font-family:Calibri;font-size:16px\">A\u00e7o inoxid\u00e1vel<\/span><span style=\"font-family:\u5b8b\u4f53;font-size:16px\">l<\/span><span style=\"font-family:Calibri;font-size:16px\">O molde resiste \u00e0 eros\u00e3o.<\/span><\/p>\n<p style=\"margin-left:32px\"><span style=\"font-family:Calibri;font-size:16px\">-&nbsp;<\/span><span style=\"font-family:Calibri;font-size:16px\">O molde tem a fun\u00e7\u00e3o de auto-concha e \u00e9 f\u00e1cil de trabalhar <\/span><span style=\"font-family:\u5b8b\u4f53;font-size:16px\">.<\/span><\/p>\n<p style=\"margin-left:32px\"><span style=\"font-family:Calibri;font-size:16px\">-&nbsp;<\/span><span style=\"font-family:Calibri;font-size:16px\">Ar<\/span><span style=\"font-family:\u5b8b\u4f53;font-size:16px\">&nbsp;<\/span><span style=\"font-family:Calibri;font-size:16px\">A cobertura \u00e9 \u00e0 prova de \u00e1gua e mant\u00e9m o material em uso durante muito tempo.<\/span><\/p>\n<p style=\"margin-left:32px\"><span style=\"font-family:Calibri;font-size:16px\">-&nbsp;<\/span><span style=\"font-family:Calibri;font-size:16px\">&nbsp;Baixos investimentos de capital com produ\u00e7\u00e3o m\u00e1xima<\/span><span style=\"font-family:\u5b8b\u4f53;font-size:16px\">.<\/span><\/p>\n<p style=\"margin-left:32px\"><span style=\"font-family:Calibri;font-size:16px\">-&nbsp;<\/span><span style=\"font-family:Calibri;font-size:16px\">Lucrar com a \u00e1gua, um potencial de lucro incr\u00edvel <\/span><span style=\"font-family:\u5b8b\u4f53;font-size:16px\">.<\/span><\/p>\n<p style=\"margin-left:32px\"><span style=\"font-family:Calibri;font-size:16px\">-&nbsp;<\/span><span style=\"font-family:Calibri;font-size:16px\">\u00c9 poss\u00edvel utilizar uma m\u00e1quina para produzir 3 tipos de produtos: <\/span><span style=\"font-family:\u5b8b\u4f53;font-size:16px\">P<\/span><span style=\"font-family:Calibri;font-size:16px\">opsicle . pequeno bloco de gelo , i<\/span><span style=\"font-family:\u5b8b\u4f53;font-size:16px\">c<\/span><span style=\"font-family:Calibri;font-size:16px\">e doces .<\/span><\/p>\n<p><span style=\"font-family:Calibri;font-size:16px\">&nbsp;<\/span><\/p>\n<p><span> &nbsp; &nbsp;<\/span><\/div>\n<\/div>\n<\/div>\n<\/div>\n<\/div>\n<p><\/p>\n<p><span style=\"font-size: 24px\"><strong><span style=\"letter-spacing: 0px;font-family: arial, helvetica, sans-serif\"><a name=\"Product specification\"><\/a>Especifica\u00e7\u00e3o do produto<\/span><\/strong><\/span><\/p>\n<p><span style=\"font-family:\u5b8b\u4f53;letter-spacing:0;font-size:29px\"><\/span><img loading=\"lazy\" decoding=\"async\" src=\"https:\/\/www.hommy.com\/wp-content\/uploads\/16032687848156.png\" title=\"\" alt=\"produto-Hommy-img\" width=\"1000\" height=\"436\" border=\"0\" vspace=\"0\" style=\"width: 1000px;height: 436px\"><\/p>\n<p><strong><span style=\"letter-spacing: 0px;font-family: arial, helvetica, sans-serif;font-size: 24px\"><br \/><\/span><\/strong><\/p>\n<p><strong><span style=\"letter-spacing: 0px;font-family: arial, helvetica, sans-serif;font-size: 24px\"><a name=\"Product Advantage\"><\/a>Vantagem do produto<\/span><\/strong><\/p>\n<p><strong><span style=\"letter-spacing: 0px;font-family: arial, helvetica, sans-serif;font-size: 24px\"><\/span><\/strong><\/p>\n<div class=\"d-tem01-graphic tem01-graphic mockup\" data-detail=\"wrap\">\n<div class=\"cont-section clearfix d-clearfix\">\n<div class=\"col-md-6 col-sm-6 col-xs-6\">\n<div class=\"right-p\">\n<div class=\"h2 heading\">\n<p style=\"margin: 0 0 0 28px;text-indent: 0;padding: 0;vertical-align: baseline\"><span style=\"letter-spacing: 0px;font-family: arial, helvetica, sans-serif;font-size: 16px\">1. A m\u00e1quina escolhe o tanque de \u00e1gua salgada SS304 - material anti-ferrugem e o tanque no interior escolhe todo o parafuso que \u00e9 de a\u00e7o inoxid\u00e1vel 304 para garantir uma vida \u00fatil mais longa da m\u00e1quina.<\/span><\/p>\n<\/div>\n<\/div>\n<div class=\"graphic_pic animated wow bounceIn\" data-wow-delay=\".7s\">\n<p style=\"text-align:center\"><img loading=\"lazy\" decoding=\"async\" src=\"https:\/\/www.hommy.com\/wp-content\/uploads\/16032689872272.jpg\" alt=\"produto-HM-PM-30 M\u00e1quina de fazer gelados-Hommy-img\" title=\"\" width=\"350\" height=\"500\" border=\"0\" vspace=\"0\" style=\"width: 350px;height: 500px\"><\/p>\n<\/div>\n<\/div>\n<div class=\"col-md-6 col-sm-6 col-xs-6\">\n<div class=\"right-p\">\n<div class=\"h2 heading\">\n<p style=\"margin: 0 0 0 28px;text-indent: 0;padding: 0;vertical-align: baseline\"><span style=\"letter-spacing: 0px;font-family: arial, helvetica, sans-serif;font-size: 16px\">2. Temos diferentes moldes para chupa-chupas de gelo \u00e0 sua escolha.<\/span><\/p>\n<p style=\"margin: 0 0 0 28px;text-indent: 0;padding: 0;vertical-align: baseline\"><span style=\"letter-spacing: 0px;font-family: arial, helvetica, sans-serif;font-size: 16px\"><br \/><\/span><\/p>\n<p style=\"margin: 0 0 0 28px;text-indent: 0;padding: 0;vertical-align: baseline\"><span style=\"letter-spacing: 0px;font-family: arial, helvetica, sans-serif;font-size: 16px\"><br \/><\/span><\/p>\n<\/div>\n<\/div>\n<div class=\"graphic_pic animated wow bounceIn\" data-wow-delay=\".7s\"><img decoding=\"async\" src=\"https:\/\/www.hommy.com\/wp-content\/uploads\/16032690125155.png\" alt=\"produto-Hommy-img\" title=\"\"><br \/>\n &nbsp; &nbsp; &nbsp; &nbsp; &nbsp; &nbsp;<\/div>\n<\/div>\n<\/div>\n<\/div>\n<p><strong><span style=\"letter-spacing: 0px;font-family: arial, helvetica, sans-serif;font-size: 24px\"><\/span><\/strong><\/p>\n<div class=\"d-tem01-graphic tem01-graphic mockup\" data-detail=\"wrap\">\n<div class=\"cont-section clearfix d-clearfix\">\n<div class=\"col-md-6 col-sm-6 col-xs-6\">\n<div class=\"right-p\">\n<div class=\"h2 heading\">\n<p style=\"margin-left:28px;text-indent:0\"><span style=\"font-family: arial, helvetica, sans-serif\"><span style=\"letter-spacing: 0px;font-size: 16px\">3. A m\u00e1quina dentro do sistema de arrefecimento \u00e9 muito forte, produz um lote de 15-20 minutos, que pode passar a temperatura&nbsp;<\/span><span style=\"font-size: 16px;letter-spacing: 0px\">-18 ou -20 graus .&nbsp;<\/span><\/span><\/p>\n<p style=\"margin-left:28px;text-indent:0\"><span style=\"font-family: arial, helvetica, sans-serif\"><span style=\"font-size: 16px;letter-spacing: 0px\"><br \/><\/span><\/span><\/p>\n<\/div>\n<\/div>\n<div class=\"graphic_pic animated wow bounceIn\" data-wow-delay=\".7s\">\n<p style=\"text-align:center\"><img loading=\"lazy\" decoding=\"async\" src=\"https:\/\/www.hommy.com\/wp-content\/uploads\/16032690282594.jpg\" alt=\"produto-Hommy-img\" title=\"\" width=\"350\" height=\"500\" border=\"0\" vspace=\"0\" style=\"width: 350px;height: 500px\"><\/p>\n<\/div>\n<\/div>\n<div class=\"col-md-6 col-sm-6 col-xs-6\">\n<div class=\"right-p\">\n<div class=\"h2 heading\">\n<p style=\"margin-left:28px;text-indent:0\"><span style=\"letter-spacing: 0px;font-size: 16px;font-family: arial, helvetica, sans-serif\">4. Quando a haste de agita\u00e7\u00e3o de a\u00e7o inoxid\u00e1vel de alta efici\u00eancia gira, gera um fluxo de \u00e1gua para acelerar a velocidade de arrefecimento.<\/span><\/p>\n<p style=\"margin-left:28px;text-indent:0\"><span style=\"letter-spacing: 0px;font-size: 16px;font-family: arial, helvetica, sans-serif\"><br \/><\/span><\/p>\n<p style=\"margin-left:28px;text-indent:0\"><span style=\"letter-spacing: 0px;font-size: 16px;font-family: arial, helvetica, sans-serif\"><br \/><\/span><\/p>\n<\/div>\n<\/div>\n<div class=\"graphic_pic animated wow bounceIn\" data-wow-delay=\".7s\">\n<p style=\"text-align:center\"><img loading=\"lazy\" decoding=\"async\" src=\"https:\/\/www.hommy.com\/wp-content\/uploads\/16032690647697.jpg\" alt=\"produto-Hommy-HM-PM-30 M\u00e1quina de fazer gelados-img\" title=\"\" width=\"350\" height=\"500\" border=\"0\" vspace=\"0\" style=\"width: 350px;height: 500px\"><\/p>\n<\/div>\n<\/div>\n<\/div>\n<\/div>\n<p>Documento\uff1a<img decoding=\"async\" src=\"https:\/\/www.hommy.com\/wp-content\/uploads\/icon_pdf-58.gif\" style=\"margin-right: 2px\" alt=\"produto-Hommy-img-1\" title=\"\"><a href=\"https:\/\/img80002414.weyesimg.com\/uploads\/www.hommy.com\/addon\/16032691673965.pdf\" title=\"16032691673965.pdf\" style=\"font-size: 12px\">16032691673965.pdf<\/a><\/p>\n<h2>Porque \u00e9 que os gelados n\u00e3o congelam?<\/h2>\n<p style=\"margin-top: 5px;margin-bottom: 5px\"><\/p>\n<p style=\"margin-top: 5px;margin-bottom: 5px\">Os gelados n\u00e3o s\u00e3o uma sobremesa s\u00f3lida congelada. S\u00e3o bebidas congeladas feitas com gelatina, que \u00e9 uma mistura de hidratos de carbono e prote\u00ednas. \u00c9 mais comummente feito de pectina e gelatina, mas tamb\u00e9m pode ser feito de outros materiais de qualidade alimentar.<\/p>\n<p style=\"margin-top: 5px;margin-bottom: 5px\"><\/p>\n<p style=\"margin-top: 5px;margin-bottom: 5px\">Os gelados s\u00e3o feitos colocando a mistura \u00e0 base de gelatina no congelador. Depois de congelada, agita-se para criar uma pasta e a mistura \u00e9 vertida para um molde.<\/p>\n<p style=\"margin-top: 5px;margin-bottom: 5px\"><\/p>\n<h2>Como \u00e9 que se faz para que os gelados fiquem macios?<\/h2>\n<p style=\"margin-top: 5px;margin-bottom: 5px\"><\/p>\n<p style=\"margin-top: 5px;margin-bottom: 5px\">Acabei de descobrir esta receita e gostaria de saber como fazer com que os gelados fiquem macios.<\/p>\n<p style=\"margin-top: 5px;margin-bottom: 5px\"><\/p>\n<p style=\"margin-top: 5px;margin-bottom: 5px\">Eis o que fiz:<\/p>\n<p style=\"margin-top: 5px;margin-bottom: 5px\">1. Fiz uma mistura de partes iguais de \u00e1gua e sumo de laranja.<\/p>\n<p style=\"margin-top: 5px;margin-bottom: 5px\">2. Coloquei um pouco da mistura num frasco de vidro e usei o frasco de vidro como molde para os gelados.<\/p>\n<p style=\"margin-top: 5px;margin-bottom: 5px\">3. Coloquei os gelados no congelador e ficaram todos congelados.<\/p>\n<p style=\"margin-top: 5px;margin-bottom: 5px\"><\/p>\n<h2>Qual \u00e9 o sabor do Mr. freeze branco?<\/h2>\n<p style=\"margin-top: 5px;margin-bottom: 5px\"><\/p>\n<p style=\"margin-top: 5px;margin-bottom: 5px\">Quando fui compr\u00e1-lo hoje, a vendedora disse-me que j\u00e1 n\u00e3o o vendiam, mas que tinham alguns em stock. N\u00e3o pedi uma amostra e ela n\u00e3o a ofereceu. N\u00e3o sei se \u00e9 porque sou a primeira pessoa a pedir uma amostra, ou se \u00e9 porque ela sabe que j\u00e1 n\u00e3o existe.<\/p>\n<\/div><\/div>","protected":false},"excerpt":{"rendered":"<p>Ice Popsicle Machine Ice Popsicle Machine|Product Features|Product specification|Product Advantage &nbsp;&nbsp;&nbsp;&nbsp; These machines are well-known for its quality and durability and provides a perfect solution for making ice pops commercial. It comes with a wide variety of ice pop moulds that help in creating a variety of flavors. We offer this machine at an affordable price [&hellip;]<\/p>\n","protected":false},"featured_media":844,"comment_status":"open","ping_status":"open","template":"","meta":{"_swt_meta_header_display":false,"_swt_meta_footer_display":false,"_swt_meta_site_title_display":false,"_swt_meta_sticky_header":false,"_swt_meta_transparent_header":false},"product_brand":[],"product_cat":[84],"product_tag":[],"class_list":{"0":"post-851","1":"product","2":"type-product","3":"status-publish","4":"has-post-thumbnail","6":"product_cat-popsicle-machine","8":"first","9":"instock","10":"shipping-taxable","11":"product-type-simple"},"_links":{"self":[{"href":"https:\/\/www.hommy.com\/pt\/wp-json\/wp\/v2\/product\/851","targetHints":{"allow":["GET"]}}],"collection":[{"href":"https:\/\/www.hommy.com\/pt\/wp-json\/wp\/v2\/product"}],"about":[{"href":"https:\/\/www.hommy.com\/pt\/wp-json\/wp\/v2\/types\/product"}],"replies":[{"embeddable":true,"href":"https:\/\/www.hommy.com\/pt\/wp-json\/wp\/v2\/comments?post=851"}],"wp:featuredmedia":[{"embeddable":true,"href":"https:\/\/www.hommy.com\/pt\/wp-json\/wp\/v2\/media\/844"}],"wp:attachment":[{"href":"https:\/\/www.hommy.com\/pt\/wp-json\/wp\/v2\/media?parent=851"}],"wp:term":[{"taxonomy":"product_brand","embeddable":true,"href":"https:\/\/www.hommy.com\/pt\/wp-json\/wp\/v2\/product_brand?post=851"},{"taxonomy":"product_cat","embeddable":true,"href":"https:\/\/www.hommy.com\/pt\/wp-json\/wp\/v2\/product_cat?post=851"},{"taxonomy":"product_tag","embeddable":true,"href":"https:\/\/www.hommy.com\/pt\/wp-json\/wp\/v2\/product_tag?post=851"}],"curies":[{"name":"wp","href":"https:\/\/api.w.org\/{rel}","templated":true}]}}