{"id":843,"date":"2024-07-02T17:01:12","date_gmt":"2024-07-02T17:01:12","guid":{"rendered":"http:\/\/localhost\/hommywp\/hm-pm-12a-high-quality-ice-lolly-popsicle-machine-ul-certified\/"},"modified":"2025-08-01T09:57:44","modified_gmt":"2025-08-01T09:57:44","slug":"hm-pm-12a-maquina-de-gelados-pass-ul","status":"publish","type":"product","link":"https:\/\/www.hommy.com\/pt\/p\/hm-pm-12a-maquina-de-gelados-pass-ul\/","title":{"rendered":"Hm-Pm-12a M\u00e1quina de picol\u00e9s para chupa-chupas de alta qualidade com certifica\u00e7\u00e3o Ul"},"content":{"rendered":"<div>\n<h2 style=\"text-align: center\"><strong><span style=\"letter-spacing: 0px;font-family: arial, helvetica, sans-serif;font-size: 24px\"><a name=\"Ice Popsicle Machine\"><\/a>M\u00e1quina de picol\u00e9s de gelo<\/span><\/strong><\/h2>\n<p style=\"text-align: center\"><a href=\"http:\/\/\" target=\"_self\" data-lv=\"0\" rel=\"noopener\"><span style=\"font-size: 16px\"><span style=\"letter-spacing: 0px;font-family: arial, helvetica, sans-serif\">M\u00e1quina de picol\u00e9s de gelo<\/span><\/span><\/a><span style=\"font-size: 16px\"><span style=\"letter-spacing: 0px;font-family: arial, helvetica, sans-serif\">|<a href=\"#Product Features\" target=\"_self\" data-lv=\"0\" rel=\"noopener\">Carater\u00edsticas do produto<\/a>|<a href=\"#Product specification\" target=\"_self\" data-lv=\"0\" rel=\"noopener\">Especifica\u00e7\u00e3o do produto<\/a>|<a href=\"#Product Advantage\" target=\"_self\" data-lv=\"0\" rel=\"noopener\">Vantagem do produto<\/a><\/span><\/span><\/p>\n<p><span style=\"font-size: 16px\">A m\u00e1quina de fazer gelados \u00e9 concebida para produzir gelados de diferentes formas, tamanhos e sabores. \u00c9 uma m\u00e1quina muito simples que n\u00e3o requer qualquer forma\u00e7\u00e3o. Os gelados s\u00e3o feitos de \u00e1gua e s\u00e3o muito deliciosos. As nossas m\u00e1quinas s\u00e3o amplamente utilizadas para fazer gelados como picol\u00e9s, gelados de creme e iogurte congelado para festas e como lembran\u00e7as de casamento.<\/span><\/p>\n<p><strong><span style=\"letter-spacing: 0px;font-family: arial, helvetica, sans-serif;font-size: 24px\"><\/span><\/strong><\/p>\n<div class=\"d-tem01-graphic tem01-graphic mockup\" data-detail=\"wrap\">\n<div class=\"cont-section clearfix d-clearfix\">\n<div class=\"col-md-6 col-sm-6 col-xs-6\">\n<div class=\"right-p\">\n<div class=\"h2 heading\"><img decoding=\"async\" src=\"https:\/\/www.hommy.com\/wp-content\/uploads\/16032473809632.jpg\" alt=\"produto-HM-PM-12A M\u00e1quina de gelados passa UL-Hommy-img\" style=\"font-size: 14px\" title=\"\"><span style=\"font-size: 14px\">&nbsp; &nbsp; &nbsp; &nbsp; &nbsp; &nbsp; &nbsp;<\/span><\/div>\n<\/div>\n<\/div>\n<div class=\"col-md-6 col-sm-6 col-xs-6\">\n<div class=\"right-p\">\n<div class=\"h2 heading\">\n<h2 style=\"margin: 0px;text-indent: 0px;text-align: justify\"><strong><span style=\"letter-spacing: 0px;font-family: arial, helvetica, sans-serif;font-size: 24px\"><a name=\"Product Features\"><\/a>Carater\u00edsticas do produto<\/span><\/strong><\/h2>\n<h2 style=\"margin: 0px;text-indent: 0px;text-align: justify\"><span style=\"font-family:\u5b8b\u4f53;letter-spacing:0;font-size:29px\"> &nbsp;<\/span><\/h2>\n<p style=\"margin-left:32px\"><span style=\"font-family:Calibri;font-size:16px\">-&nbsp;<\/span><span style=\"font-family:Calibri;font-size:16px\">A m\u00e1quina \u00e9 constru\u00edda com uma apar\u00eancia luxuosa e f\u00e1cil opera\u00e7\u00e3o e baixo custo de manuten\u00e7\u00e3o.<\/span><\/p>\n<p style=\"margin-left:32px\"><span style=\"font-family:Calibri;font-size:16px\">-&nbsp;<\/span><span style=\"font-family:Calibri;font-size:16px\">Material interior do dep\u00f3sito em a\u00e7o inoxid\u00e1vel puro que resiste \u00e0 eros\u00e3o provocada pelo \u00e1cido clor\u00eddrico<\/span><\/p>\n<p style=\"margin-left:32px\"><span style=\"font-family:Calibri;font-size:16px\">-&nbsp;<\/span><span style=\"font-family:Calibri;font-size:16px\">O funcionamento \u00e9 f\u00e1cil<\/span><span style=\"font-family:\u5b8b\u4f53;font-size:16px\">.<\/span><\/p>\n<p style=\"margin-left:32px\"><span style=\"font-family:Calibri;font-size:16px\">-&nbsp;<\/span><span style=\"font-family:Calibri;font-size:16px\">V\u00e1rios tipos de moldes para picol\u00e9s \u00e0 escolha.<\/span><\/p>\n<p style=\"margin-left:32px\"><span style=\"font-family:Calibri;font-size:16px\">-&nbsp;<\/span><span style=\"font-family:Calibri;font-size:16px\">A\u00e7o inoxid\u00e1vel<\/span><span style=\"font-family:\u5b8b\u4f53;font-size:16px\">l<\/span><span style=\"font-family:Calibri;font-size:16px\">O molde resiste \u00e0 eros\u00e3o.<\/span><\/p>\n<p style=\"margin-left:32px\"><span style=\"font-family:Calibri;font-size:16px\">-&nbsp;<\/span><span style=\"font-family:Calibri;font-size:16px\">O molde tem a fun\u00e7\u00e3o de auto-concha e \u00e9 f\u00e1cil de trabalhar <\/span><span style=\"font-family:\u5b8b\u4f53;font-size:16px\">.<\/span><\/p>\n<p style=\"margin-left:32px\"><span style=\"font-family:Calibri;font-size:16px\">-&nbsp;<\/span><span style=\"font-family:Calibri;font-size:16px\">Ar<\/span><span style=\"font-family:\u5b8b\u4f53;font-size:16px\">&nbsp;<\/span><span style=\"font-family:Calibri;font-size:16px\">A cobertura \u00e9 \u00e0 prova de \u00e1gua e mant\u00e9m o material em uso durante muito tempo.<\/span><\/p>\n<p style=\"margin-left:32px\"><span style=\"font-family:Calibri;font-size:16px\">-&nbsp;<\/span><span style=\"font-family:Calibri;font-size:16px\">&nbsp;Baixos investimentos de capital com produ\u00e7\u00e3o m\u00e1xima<\/span><span style=\"font-family:\u5b8b\u4f53;font-size:16px\">.<\/span><\/p>\n<p style=\"margin-left:32px\"><span style=\"font-family:Calibri;font-size:16px\">-&nbsp;<\/span><span style=\"font-family:Calibri;font-size:16px\">Lucrar com a \u00e1gua, um potencial de lucro incr\u00edvel <\/span><span style=\"font-family:\u5b8b\u4f53;font-size:16px\">.<\/span><\/p>\n<p style=\"margin-left:32px\"><span style=\"font-family:Calibri;font-size:16px\">-&nbsp;<\/span><span style=\"font-family:Calibri;font-size:16px\">\u00c9 poss\u00edvel utilizar uma m\u00e1quina para produzir 3 tipos de produtos: <\/span><span style=\"font-family:\u5b8b\u4f53;font-size:16px\">P<\/span><span style=\"font-family:Calibri;font-size:16px\">opsicle . pequeno bloco de gelo , i<\/span><span style=\"font-family:\u5b8b\u4f53;font-size:16px\">c<\/span><span style=\"font-family:Calibri;font-size:16px\">e doces .<\/span><\/p>\n<\/div>\n<\/div>\n<p>&nbsp; &nbsp; &nbsp; &nbsp; &nbsp; &nbsp;<\/p><\/div>\n<\/div>\n<\/div>\n<h2><strong><span style=\"letter-spacing: 0px;font-family: arial, helvetica, sans-serif;font-size: 24px\"><a name=\"Product specification\"><\/a>Especifica\u00e7\u00e3o do produto<\/span><\/strong><\/h2>\n<p><strong><span style=\"letter-spacing: 0px;font-family: arial, helvetica, sans-serif;font-size: 24px\"><br \/><\/span><\/strong><\/p>\n<p><img decoding=\"async\" src=\"https:\/\/www.hommy.com\/wp-content\/uploads\/16032469956662.png\" alt=\"produto-Hommy-img\" title=\"\"><\/p>\n<p><\/p>\n<p><strong><span style=\"letter-spacing: 0px;font-family: arial, helvetica, sans-serif;font-size: 24px\"><a name=\"Product Advantage\"><\/a>Vantagem do produto<\/span><\/strong><\/p>\n<p><strong><span style=\"letter-spacing: 0px;font-family: arial, helvetica, sans-serif;font-size: 24px\"><\/span><\/strong><\/p>\n<div class=\"d-tem01-graphic tem01-graphic mockup\" data-detail=\"wrap\">\n<div class=\"cont-section clearfix d-clearfix\">\n<div class=\"col-md-6 col-sm-6 col-xs-6\">\n<div class=\"right-p\">\n<div class=\"description\">\n<p style=\"margin: 0 0 0 28px;text-indent: 0;padding: 0;vertical-align: baseline\"><span style=\"letter-spacing: 0px;font-family: arial, helvetica, sans-serif;font-size: 16px\">1. A m\u00e1quina escolhe o tanque de \u00e1gua salgada SS304 - material anti-ferrugem e o tanque no interior escolhe todo o parafuso que \u00e9 de a\u00e7o inoxid\u00e1vel 304 para garantir uma vida \u00fatil mais longa da m\u00e1quina.<\/span><\/p>\n<p style=\"margin: 0 0 0 28px;text-indent: 0;padding: 0;vertical-align: baseline\"><span style=\"letter-spacing: 0px;font-family: arial, helvetica, sans-serif;font-size: 16px\"><br \/><\/span><\/p>\n<\/div>\n<\/div>\n<div class=\"graphic_pic animated wow bounceIn\" data-wow-delay=\".7s\">\n<p style=\"text-align:center\"><img loading=\"lazy\" decoding=\"async\" src=\"https:\/\/www.hommy.com\/wp-content\/uploads\/16032475466869.jpg\" alt=\"produto-Hommy-img\" title=\"\" width=\"350\" height=\"500\" border=\"0\" vspace=\"0\" style=\"width: 350px;height: 500px\"><\/p>\n<\/div>\n<\/div>\n<div class=\"col-md-6 col-sm-6 col-xs-6\">\n<div class=\"right-p\">\n<div class=\"h2 heading\">\n<p><span style=\"letter-spacing: 0px;font-family: arial, helvetica, sans-serif;font-size: 16px\">2. Temos diferentes moldes para chupa-chupas de gelo \u00e0 sua escolha.<\/span><\/p>\n<p><span style=\"letter-spacing: 0px;font-family: arial, helvetica, sans-serif;font-size: 16px\"><br \/><\/span><\/p>\n<p><span style=\"letter-spacing: 0px;font-family: arial, helvetica, sans-serif;font-size: 16px\"><br \/><\/span><\/p>\n<\/div>\n<\/div>\n<div class=\"graphic_pic animated wow bounceIn\" data-wow-delay=\".7s\"><img decoding=\"async\" src=\"https:\/\/www.hommy.com\/wp-content\/uploads\/16032477394706.png\" alt=\"produto-Hommy-img\" title=\"\"><br \/>\n &nbsp; &nbsp; &nbsp; &nbsp; &nbsp; &nbsp;<\/div>\n<\/div>\n<\/div>\n<\/div>\n<p><strong><span style=\"letter-spacing: 0px;font-family: arial, helvetica, sans-serif;font-size: 24px\"><\/span><\/strong><\/p>\n<div class=\"d-tem01-graphic tem01-graphic mockup\" data-detail=\"wrap\">\n<div class=\"cont-section clearfix d-clearfix\">\n<div class=\"col-md-6 col-sm-6 col-xs-6\">\n<div class=\"right-p\">\n<div class=\"h2 heading\">\n<p style=\"margin-left:28px;text-indent:0\"><span style=\"font-family: arial, helvetica, sans-serif\"><span style=\"letter-spacing: 0px;font-size: 16px\">3. A m\u00e1quina dentro do sistema de arrefecimento \u00e9 muito forte, produz um lote de 15-20 minutos, que pode passar a temperatura&nbsp;<\/span><span style=\"font-size: 16px;letter-spacing: 0px\">-18 ou -20 graus .<\/span><\/span><\/p>\n<\/div>\n<\/div>\n<div class=\"graphic_pic animated wow bounceIn\" data-wow-delay=\".7s\">\n<p style=\"text-align:center\"><img loading=\"lazy\" decoding=\"async\" src=\"https:\/\/www.hommy.com\/wp-content\/uploads\/16032477569412.jpg\" alt=\"produto-Hommy-HM-PM-12A M\u00e1quina de gelados aprovada pela UL-img\" title=\"\" width=\"350\" height=\"500\" border=\"0\" vspace=\"0\" style=\"width: 350px;height: 500px\"><\/p>\n<\/div>\n<\/div>\n<div class=\"col-md-6 col-sm-6 col-xs-6\">\n<div class=\"right-p\">\n<div class=\"h2 heading\">\n<p style=\"margin-left:28px;text-indent:0\"><span style=\"letter-spacing: 0px;font-size: 16px;font-family: arial, helvetica, sans-serif\">4.  Quando a haste de agita\u00e7\u00e3o de a\u00e7o inoxid\u00e1vel de alta efici\u00eancia gira, gera um fluxo de \u00e1gua para acelerar a velocidade de arrefecimento.<\/span><\/p>\n<\/div>\n<\/div>\n<div class=\"graphic_pic animated wow bounceIn\" data-wow-delay=\".7s\">\n<p style=\"text-align:center\"><img loading=\"lazy\" decoding=\"async\" src=\"https:\/\/www.hommy.com\/wp-content\/uploads\/16032477784174.jpg\" alt=\"produto-Hommy-img\" title=\"\" width=\"350\" height=\"500\" border=\"0\" vspace=\"0\" style=\"width: 350px;height: 500px\"><\/p>\n<p><\/p>\n<p><\/p>\n<h2 style=\"text-align: left\">Qual \u00e9 o gelado mais popular nos EUA?&nbsp;<\/h2>\n<p style=\"margin-top: 5px;margin-bottom: 5px;text-align: left\">De acordo com a National Popsicle Association, \u00e9 o picol\u00e9 inspirado no iogurte congelado. O sabor mais popular \u00e9 o morango, seguido da laranja e da framboesa preta.<\/p>\n<p style=\"margin-top: 5px;margin-bottom: 5px\"><\/p>\n<h2 style=\"text-align: left\">Como \u00e9 que se evita que o gelado caseiro derreta t\u00e3o depressa?<\/h2>\n<p style=\"margin-top: 5px;margin-bottom: 5px;text-align: left\">O gelado caseiro \u00e9 simples. Mistura-se leite, natas, a\u00e7\u00facar, baunilha e outros aromas numa tigela e congela-se no congelador. \u00c0 medida que o gelado congela, o a\u00e7\u00facar cristaliza e a gordura endurece. \u00c9 assim que o gelado adquire a sua textura.<\/p>\n<p style=\"margin-top: 5px;margin-bottom: 5px\"><\/p>\n<h2 style=\"text-align: left\">Como \u00e9 que se congelam os gelados de gelo seco?<\/h2>\n<p style=\"margin-top: 5px;margin-bottom: 5px;text-align: left\">Estou sempre \u00e0 procura de formas novas e criativas de congelar gelo seco. Para a celebra\u00e7\u00e3o do nosso anivers\u00e1rio em agosto, decidi fazer uma festa de gelados. Como n\u00e3o tinha qualquer experi\u00eancia em fazer gelados, passei algum tempo a pesquisar sobre como os fazer. Encontrei este v\u00eddeo no YouTube, da The Cute Foodie, em que ela faz gelados com \u00e1gua, sumo concentrado congelado e gelo seco congelado. Fiquei inspirada para experimentar esta ideia, por isso fiz gelados com as minhas bebidas favoritas de ver\u00e3o.<\/p>\n<\/div>\n<\/div>\n<\/div>\n<\/div>\n<\/div><\/div>","protected":false},"excerpt":{"rendered":"<p>Ice Popsicle Machine Ice Popsicle Machine|Product Features|Product specification|Product Advantage Ice lolly Popsicle Machine is designed to produce ice lollies in different shapes, sizes and flavors.This is a very simple machine that does not require any training.The ice lollies are made of water and are very delicious. Our machines are widely used to make cool lollies [&hellip;]<\/p>\n","protected":false},"featured_media":837,"comment_status":"open","ping_status":"open","template":"","meta":{"_swt_meta_header_display":false,"_swt_meta_footer_display":false,"_swt_meta_site_title_display":false,"_swt_meta_sticky_header":false,"_swt_meta_transparent_header":false},"product_brand":[],"product_cat":[84],"product_tag":[],"class_list":{"0":"post-843","1":"product","2":"type-product","3":"status-publish","4":"has-post-thumbnail","6":"product_cat-popsicle-machine","8":"first","9":"instock","10":"shipping-taxable","11":"product-type-simple"},"_links":{"self":[{"href":"https:\/\/www.hommy.com\/pt\/wp-json\/wp\/v2\/product\/843","targetHints":{"allow":["GET"]}}],"collection":[{"href":"https:\/\/www.hommy.com\/pt\/wp-json\/wp\/v2\/product"}],"about":[{"href":"https:\/\/www.hommy.com\/pt\/wp-json\/wp\/v2\/types\/product"}],"replies":[{"embeddable":true,"href":"https:\/\/www.hommy.com\/pt\/wp-json\/wp\/v2\/comments?post=843"}],"wp:featuredmedia":[{"embeddable":true,"href":"https:\/\/www.hommy.com\/pt\/wp-json\/wp\/v2\/media\/837"}],"wp:attachment":[{"href":"https:\/\/www.hommy.com\/pt\/wp-json\/wp\/v2\/media?parent=843"}],"wp:term":[{"taxonomy":"product_brand","embeddable":true,"href":"https:\/\/www.hommy.com\/pt\/wp-json\/wp\/v2\/product_brand?post=843"},{"taxonomy":"product_cat","embeddable":true,"href":"https:\/\/www.hommy.com\/pt\/wp-json\/wp\/v2\/product_cat?post=843"},{"taxonomy":"product_tag","embeddable":true,"href":"https:\/\/www.hommy.com\/pt\/wp-json\/wp\/v2\/product_tag?post=843"}],"curies":[{"name":"wp","href":"https:\/\/api.w.org\/{rel}","templated":true}]}}