{"id":836,"date":"2024-07-02T17:01:08","date_gmt":"2024-07-02T17:01:08","guid":{"rendered":"http:\/\/localhost\/hommywp\/stainless-steel-popsicle-ice-lolly-mould-oem-odm-wholesale\/"},"modified":"2025-08-01T09:57:44","modified_gmt":"2025-08-01T09:57:44","slug":"molde-para-picoles","status":"publish","type":"product","link":"https:\/\/www.hommy.com\/pt\/p\/molde-para-picoles\/","title":{"rendered":"Molde de a\u00e7o inoxid\u00e1vel para picol\u00e9 de gelo Oem Odm Atacado"},"content":{"rendered":"<div>\n<p style=\"text-align: center\"><span style=\"color: inherit;font-size: 30px;font-family: arial, helvetica, sans-serif\"><span style=\"letter-spacing: 0px;font-size: 24px\"><br \/><\/span><\/span><\/p>\n<p style=\"text-align: center\"><span style=\"color: inherit;font-size: 30px;font-family: arial, helvetica, sans-serif\"><span style=\"letter-spacing: 0px;font-size: 24px\"><a name=\"Ice Popsicle Mould\"><\/a>Molde para picol\u00e9s de gelo<\/span><span style=\"letter-spacing: 0px;font-size: 29px\"><\/span><\/span><span style=\"color: inherit;font-family: \u5b8b\u4f53;letter-spacing: 0px;font-size: 29px\">&nbsp;<\/span><\/p>\n<p style=\"text-align: center\"><a href=\"#Ice Popsicle Mould\" target=\"_self\" data-lv=\"0\" rel=\"noopener\"><span style=\"letter-spacing: 0px;font-family: arial, helvetica, sans-serif;font-size: 16px\">Molde para picol\u00e9s de gelo<\/span><\/a><span style=\"letter-spacing: 0px;font-family: arial, helvetica, sans-serif;font-size: 16px\">|<a href=\"#Product Features\" target=\"_self\" data-lv=\"0\" rel=\"noopener\">Carater\u00edsticas do produto<\/a>|<a href=\"#Product specification\" target=\"_self\" data-lv=\"0\" rel=\"noopener\">Especifica\u00e7\u00e3o do produto<\/a><\/span><\/p>\n<p><\/p>\n<p style=\"text-align: center\">&nbsp;&nbsp;&nbsp;&nbsp;<\/p>\n<p>Somos uma empresa orientada para a qualidade, empenhada em oferecer o molde para chupa-chupa de gelo. Este produto \u00e9 fabricado por nossa equipe experiente usando mat\u00e9ria-prima de grau supremo e t\u00e9cnicas sofisticadas de acordo com os padr\u00f5es estabelecidos da ind\u00fastria. Al\u00e9m disso, este produto \u00e9 testado em v\u00e1rios par\u00e2metros de qualidade para garantir a sua gama livre de defeitos. Al\u00e9m disso, n\u00f3s fornecemos este molde de pirulito de gelo em op\u00e7\u00f5es personalizadas de acordo com a necessidade dos nossos estimados clientes a pre\u00e7os acess\u00edveis. O produto oferecido \u00e9 fabricado usando componentes de grau \u00f3timo sob a supervis\u00e3o dos nossos profissionais qualificados.<\/p>\n<div class=\"d-tem01-graphic tem01-graphic mockup\" data-detail=\"wrap\">\n<div class=\"cont-section clearfix d-clearfix\">\n<div class=\"col-md-6 col-sm-6 col-xs-6\">\n<div class=\"graphic_pic animated wow bounceIn\" data-wow-delay=\".7s\">\n<p style=\"text-align:center\"><img loading=\"lazy\" decoding=\"async\" src=\"https:\/\/www.hommy.com\/wp-content\/uploads\/16032700424971.jpg\" alt=\"produto-Hommy-img\" title=\"\" width=\"350\" height=\"500\" border=\"0\" vspace=\"0\" style=\"width: 350px;height: 500px\"><\/p>\n<\/div>\n<\/div>\n<div class=\"col-md-6 col-sm-6 col-xs-6\">\n<div class=\"right-p\">\n<div class=\"h2 heading\">\n<h2 style=\"margin: 0px;text-indent: 0px;text-align: justify\"><strong><span style=\"letter-spacing: 0px;font-family: arial, helvetica, sans-serif;font-size: 24px\"><a name=\"Product Features\"><\/a>Carater\u00edsticas do produto<\/span><\/strong><\/h2>\n<p style=\"margin-top:0;margin-right:0;margin-bottom:0;margin-left:0;text-indent:0;text-align:justify\"><span style=\"font-family:\u5b8b\u4f53;letter-spacing:0;font-size:29px\">&nbsp;&nbsp;<\/span><\/p>\n<p style=\"margin-top: 0;margin-right: 0;margin-bottom: 0;padding: 0;vertical-align: baseline\"><span style=\"letter-spacing: 0px;font-size: 16px;font-family: arial, helvetica, sans-serif\">1. O molde de picol\u00e9 usa material 100% 304 de a\u00e7o inoxid\u00e1vel, que se mant\u00e9m em \u00e1gua salgada por muito tempo sem ferrugem. <\/span><\/p>\n<p style=\"margin-top: 0;margin-right: 0;margin-bottom: 0;padding: 0;vertical-align: baseline\"><span style=\"letter-spacing: 0px;font-size: 16px;font-family: arial, helvetica, sans-serif\">2. Temos diferentes modelos de formas para escolher. <\/span><\/p>\n<p style=\"margin-top: 0;margin-right: 0;margin-bottom: 0;padding: 0;vertical-align: baseline\"><span style=\"letter-spacing: 0px;font-size: 16px;font-family: arial, helvetica, sans-serif\">3. Temos 30pcs ou 40pcs para um conjunto \u00e0 sua escolha. <\/span><\/p>\n<p style=\"margin-top: 0;margin-right: 0;margin-bottom: 0;padding: 0;vertical-align: baseline\"><span style=\"letter-spacing: 0px;font-size: 16px;font-family: arial, helvetica, sans-serif\">4. O molde OEM \u00e9 bem-vindo, se nos der o seu desenho, podemos basear-nos nele para fazer o molde para si. <\/span><\/p>\n<p style=\"margin-top: 0;margin-right: 0;margin-bottom: 0;padding: 0;vertical-align: baseline\"><span style=\"letter-spacing: 0px;font-size: 16px;font-family: arial, helvetica, sans-serif\">5. Podemos fabricar moldes para picol\u00e9s, moldes para gelo, moldes para blocos de gelo.&nbsp;<\/span><\/p>\n<p><span><\/span><\/div>\n<\/div>\n<\/div>\n<\/div>\n<\/div>\n<h2 style=\"margin: 0px;text-indent: 0px;text-align: justify\"><strong><span style=\"letter-spacing: 0px;font-family: arial, helvetica, sans-serif;font-size: 24px\"><a name=\"Product specification\"><\/a>Especifica\u00e7\u00e3o do produto<\/span><\/strong><span style=\"font-family:\u5b8b\u4f53;letter-spacing:0;font-size:29px\">&nbsp;<\/span><\/h2>\n<p><\/p>\n<div class=\"d-tem01-graphic tem01-graphic mockup\" data-detail=\"wrap\">\n<div class=\"cont-section clearfix d-clearfix\">\n<div class=\"col-md-6 col-sm-6 col-xs-6\"><\/p>\n<div class=\"graphic_pic animated wow bounceIn\" data-wow-delay=\".7s\"><img decoding=\"async\" src=\"https:\/\/www.hommy.com\/wp-content\/uploads\/16032699744614.jpg\" alt=\"produto-Hommy-img\" title=\"\"><br \/>\n &nbsp; &nbsp; &nbsp; &nbsp; &nbsp; &nbsp;<\/div>\n<\/div>\n<div class=\"col-md-6 col-sm-6 col-xs-6\"><\/p>\n<p><img decoding=\"async\" src=\"https:\/\/www.hommy.com\/wp-content\/uploads\/16032699869974.jpg\" alt=\"produto-Hommy-img\" title=\"\"><br \/>\n &nbsp; &nbsp; &nbsp; &nbsp; &nbsp; &nbsp;<\/p>\n<p><\/p>\n<\/div>\n<\/div>\n<\/div>\n<p>Documento:<img decoding=\"async\" src=\"http:\/\/admin.allweyes.com\/templates\/admin\/default\/assets\/library\/ueditor\/dialogs\/attachment\/fileTypeImages\/icon_pdf.gif\" style=\"margin-right: 2px\" alt=\"produto-Moldes para picol\u00e9s-Hommy-img\" title=\"\"><a href=\"https:\/\/img80002414.weyesimg.com\/uploads\/www.hommy.com\/addon\/16032702047269.pdf\" title=\"16032702047269.pdf\" style=\"font-size: 12px\">16032702047269.pdf<\/a><\/p>\n<h2 style=\"font-family: sans-serif\">Como \u00e9 que se fazem gelados sem moldes?<\/h2>\n<p style=\"margin-top: 5px;margin-bottom: 5px;font-family: sans-serif;font-size: 16px\">Para evitar que salte do congelador, pode congelar numa forma de muffins ou num saco ziploc grande. Numa tigela grande, misture 240 ml de \u00e1gua de coco, 1\/4 de ch\u00e1vena de a\u00e7\u00facar e 1\/4 de ch\u00e1vena de pur\u00e9 de pera. Misture para dissolver o a\u00e7\u00facar. Adicione a baunilha e a canela, se desejar. Misture bem. Coloque a colher em formas ou num saco de pl\u00e1stico. Congele cerca de 1-2 horas, ou at\u00e9 ficar firme.<\/p>\n<p style=\"margin-top: 5px;margin-bottom: 5px;font-family: sans-serif;font-size: 16px\"><\/p>\n<h2 style=\"font-family: sans-serif\">Qual \u00e9 o sabor de gelado mais vendido?<\/h2>\n<p style=\"margin-top: 5px;margin-bottom: 5px;font-family: sans-serif;font-size: 16px\">O sabor de gelado mais vendido \u00e9 o Cherry Limeade. Este \u00e9 o segundo sabor mais popular do mundo. As pessoas adoram o sabor doce e azedo. \u00c9 uma bebida refrescante com um sabor delicioso.<\/p>\n<p style=\"margin-top: 5px;margin-bottom: 5px;font-family: sans-serif;font-size: 16px\"><\/p>\n<h2 style=\"font-family: sans-serif\">Como \u00e9 que se mant\u00e9m os gelados caseiros macios?<\/h2>\n<p style=\"margin-top: 5px;margin-bottom: 5px;font-family: sans-serif;font-size: 16px\">Adoro gelados. Fa\u00e7o-os desde que me lembro. Quando era crian\u00e7a, gostava sempre dos que eram feitos com sumo de laranja, mas a minha m\u00e3e fazia sempre os que eram feitos com leite. Acho que j\u00e1 experimentei toda a gama de frutas, legumes e sabores. Mas o meu preferido foi sempre o de morango. Lembro-me que, quando andava na escola prim\u00e1ria, fazia os de morango com natas. Essa foi uma das primeiras mem\u00f3rias que tenho de apreciar o sabor dos picol\u00e9s caseiros da minha m\u00e3e. A minha m\u00e3e faz picol\u00e9s com a sua pr\u00f3pria receita de picol\u00e9s caseiros h\u00e1 anos. Os picol\u00e9s s\u00e3o sempre um grande sucesso com a minha fam\u00edlia e n\u00f3s congelamo-los em pequenos recipientes para cupcakes. No entanto, tive dificuldade em encontrar informa\u00e7\u00f5es sobre como mant\u00ea-los macios durante muito tempo. Disseram-me que t\u00eam de ser colocados no congelador logo ap\u00f3s serem congelados, caso contr\u00e1rio derretem.<\/p>\n<\/div><\/div>","protected":false},"excerpt":{"rendered":"<p>Ice Popsicle Mould&nbsp; Ice Popsicle Mould|Product Features|Product specification &nbsp;&nbsp;&nbsp;&nbsp; We are a quality driven firm engaged in offering Ice Lolly Mould. This product is manufactured by our experienced team using supreme grade raw material and sophisticated techniques as per the set industry standards. Also, this product is tested on various quality parameters to ensure its [&hellip;]<\/p>\n","protected":false},"featured_media":833,"comment_status":"open","ping_status":"open","template":"","meta":{"_swt_meta_header_display":false,"_swt_meta_footer_display":false,"_swt_meta_site_title_display":false,"_swt_meta_sticky_header":false,"_swt_meta_transparent_header":false},"product_brand":[],"product_cat":[84],"product_tag":[],"class_list":{"0":"post-836","1":"product","2":"type-product","3":"status-publish","4":"has-post-thumbnail","6":"product_cat-popsicle-machine","8":"first","9":"instock","10":"shipping-taxable","11":"product-type-simple"},"_links":{"self":[{"href":"https:\/\/www.hommy.com\/pt\/wp-json\/wp\/v2\/product\/836","targetHints":{"allow":["GET"]}}],"collection":[{"href":"https:\/\/www.hommy.com\/pt\/wp-json\/wp\/v2\/product"}],"about":[{"href":"https:\/\/www.hommy.com\/pt\/wp-json\/wp\/v2\/types\/product"}],"replies":[{"embeddable":true,"href":"https:\/\/www.hommy.com\/pt\/wp-json\/wp\/v2\/comments?post=836"}],"wp:featuredmedia":[{"embeddable":true,"href":"https:\/\/www.hommy.com\/pt\/wp-json\/wp\/v2\/media\/833"}],"wp:attachment":[{"href":"https:\/\/www.hommy.com\/pt\/wp-json\/wp\/v2\/media?parent=836"}],"wp:term":[{"taxonomy":"product_brand","embeddable":true,"href":"https:\/\/www.hommy.com\/pt\/wp-json\/wp\/v2\/product_brand?post=836"},{"taxonomy":"product_cat","embeddable":true,"href":"https:\/\/www.hommy.com\/pt\/wp-json\/wp\/v2\/product_cat?post=836"},{"taxonomy":"product_tag","embeddable":true,"href":"https:\/\/www.hommy.com\/pt\/wp-json\/wp\/v2\/product_tag?post=836"}],"curies":[{"name":"wp","href":"https:\/\/api.w.org\/{rel}","templated":true}]}}