{"id":832,"date":"2024-07-02T17:01:05","date_gmt":"2024-07-02T17:01:05","guid":{"rendered":"http:\/\/localhost\/hommywp\/hm-pp-150-automatic-popsicle-ice-lolly-packing-machine\/"},"modified":"2025-08-01T09:57:44","modified_gmt":"2025-08-01T09:57:44","slug":"maquina-de-embalagem-de-gelados-hm-pp-150","status":"publish","type":"product","link":"https:\/\/www.hommy.com\/pt\/p\/maquina-de-embalagem-de-gelados-hm-pp-150\/","title":{"rendered":"Hm-Pp-150 M\u00e1quina autom\u00e1tica de empacotamento de picol\u00e9 e pirulito"},"content":{"rendered":"<div>\n<p><\/p>\n<h2 style=\"text-align: center\"><strong><span style=\"letter-spacing: 0px;font-family: arial, helvetica, sans-serif;font-size: 24px\"><a name=\"Half automatic popsicle packing machine\"><\/a>M\u00e1quina de embalagem de picol\u00e9s semi-autom\u00e1tica<\/span><\/strong><\/h2>\n<p style=\"text-align: center\"><a href=\"http:\/\/\" target=\"_self\" data-lv=\"0\" rel=\"noopener\"><span style=\"letter-spacing: 0px;font-family: arial, helvetica, sans-serif;font-size: 16px\">M\u00e1quina de embalagem de picol\u00e9s semi-autom\u00e1tica<\/span><\/a><span style=\"letter-spacing: 0px;font-family: arial, helvetica, sans-serif;font-size: 16px\">|<a href=\"#Product Features\" target=\"_self\" data-lv=\"0\" rel=\"noopener\">Carater\u00edsticas do produto<\/a>|<a href=\"#Product specification\" target=\"_self\" data-lv=\"0\" rel=\"noopener\">Especifica\u00e7\u00e3o do produto<\/a><\/span><\/p>\n<p><span style=\"font-family:\u5b8b\u4f53;letter-spacing:0;font-size:29px\"><br \/><\/span><\/p>\n<p><\/p>\n<p style=\"text-align: center\">&nbsp;&nbsp;&nbsp;&nbsp;<\/p>\n<p>Esta M\u00e1quina Empacotadora de Pirulitos de Gelo \u00e9 fabricada pela nossa equipa de profissionais experientes usando componentes de grau supremo e a melhor qualidade de mat\u00e9ria-prima. Estas M\u00e1quinas de embalagem de pirulitos de gelo s\u00e3o altamente aclamados no mercado por seu design elegante, durabilidade e facilidade de manuten\u00e7\u00e3o. Al\u00e9m disso, estas M\u00e1quinas de embalagem de pirulitos de gelo s\u00e3o amplamente utilizados na ind\u00fastria de alimentos para embalar pirulitos de gelo.<\/p>\n<p><\/p>\n<div class=\"d-tem01-graphic tem01-graphic mockup\" data-detail=\"wrap\">\n<div class=\"cont-section clearfix d-clearfix\">\n<div class=\"col-md-6 col-sm-6 col-xs-6\">\n<div class=\"right-p\">\n<div class=\"h2 heading\">\n<p style=\"text-align:center\"><img loading=\"lazy\" decoding=\"async\" src=\"https:\/\/www.hommy.com\/wp-content\/uploads\/16033538988996.jpg\" alt=\"produto-Hommy-img\" style=\"font-size: 14px;width: 400px;height: 500px\" title=\"\" width=\"400\" height=\"500\" border=\"0\" vspace=\"0\"><span style=\"font-size: 14px;font-family: inherit\">&nbsp; &nbsp; &nbsp; &nbsp; &nbsp; &nbsp; &nbsp;<\/span><\/p>\n<\/div>\n<\/div>\n<\/div>\n<div class=\"col-md-6 col-sm-6 col-xs-6\">\n<div class=\"right-p\">\n<div class=\"h2 heading\">\n<h2 style=\"margin: 0px;text-indent: 0px;text-align: justify\"><span style=\"font-size: 24px\"><strong><span style=\"letter-spacing: 0px;font-family: arial, helvetica, sans-serif\"><br \/><\/span><\/strong><\/span><\/h2>\n<h2 style=\"margin: 0px;text-indent: 0px;text-align: justify\"><span style=\"font-size: 24px\"><strong><span style=\"letter-spacing: 0px;font-family: arial, helvetica, sans-serif\"><a name=\"Product Features\"><\/a>Carater\u00edsticas do produto&nbsp;<\/span><\/strong><\/span><span style=\"letter-spacing: 0px;font-size: 29px;font-family: arial, helvetica, sans-serif\">&nbsp;<\/span><\/h2>\n<p style=\"margin-top:0;margin-right:0;margin-bottom:0;margin-left:0;text-indent:0;text-align:justify\"><span style=\"letter-spacing: 0px;font-size: 29px;font-family: arial, helvetica, sans-serif\"><br \/><\/span><\/p>\n<p><span style=\"font-size: 16px;font-family: arial, helvetica, sans-serif\">1. Pode selar material de saco PP ou PE.<\/span><\/p>\n<p><span style=\"font-size: 16px;font-family: arial, helvetica, sans-serif\">2. Pode imprimir automaticamente o dia do produto e o seu log\u00f3tipo em ingl\u00eas.<\/span><\/p>\n<p><span style=\"font-size: 16px;font-family: arial, helvetica, sans-serif\">3. Um minuto pode selar o saco de 50pcs. <\/span><\/p>\n<p><span style=\"font-size: 16px;font-family: arial, helvetica, sans-serif\">4. O ru\u00eddo de funcionamento da m\u00e1quina \u00e9 menor. <\/span><\/p>\n<p><span style=\"font-size: 16px;font-family: arial, helvetica, sans-serif\">Tamanho pequeno e f\u00e1cil de utilizar.&nbsp;<\/span><\/p>\n<p><span style=\"font-family: arial, helvetica, sans-serif\"> &nbsp; &nbsp;<\/span><\/div>\n<\/div>\n<\/div>\n<\/div>\n<\/div>\n<h2><strong><span style=\"letter-spacing: 0px;font-family: arial, helvetica, sans-serif;font-size: 24px\"><a name=\"Product specification\"><\/a>Especifica\u00e7\u00e3o do produto<\/span><\/strong><\/h2>\n<p><strong><span style=\"letter-spacing: 0px;font-family: arial, helvetica, sans-serif;font-size: 24px\"><img decoding=\"async\" src=\"https:\/\/www.hommy.com\/wp-content\/uploads\/16033538234319.png\" alt=\"produto-HM-PP-150 M\u00e1quina de embalar gelados-Hommy-img\" title=\"\"><\/span><\/strong><\/p>\n<p><span style=\"font-size: 16px\"><span style=\"letter-spacing: 0px;font-family: arial, helvetica, sans-serif\"><br \/><\/span><\/span><\/p>\n<p><span style=\"letter-spacing: 0px;font-family: arial, helvetica, sans-serif;font-size: 16px\">Documento\uff1a<\/span><img decoding=\"async\" src=\"https:\/\/www.hommy.com\/wp-content\/uploads\/icon_pdf-57.gif\" style=\"margin-right: 2px\" alt=\"produto-Hommy-img\" title=\"\"><a href=\"https:\/\/img80002414.weyesimg.com\/uploads\/www.hommy.com\/addon\/16034163906503.pdf\" title=\"16034163906503.pdf\" style=\"font-size: 12px\">16034163906503.pdf<\/a><\/p>\n<p><span style=\"letter-spacing: 0px;font-family: arial, helvetica, sans-serif;font-size: 16px\"><\/span><\/p>\n<h2>A liquidificadora Nutribullet pode picar gelo?<\/h2>\n<p style=\"margin-top: 5px;margin-bottom: 5px\"><\/p>\n<p style=\"margin-top: 5px;margin-bottom: 5px\">H\u00e1 anos que utilizo um liquidificador Vitamix. Adoro-a. No entanto, arrancaram-me recentemente os dentes da frente e estou a sentir algum desconforto. Tenho uma liquidificadora Nutribullet e gostaria de a utilizar para ajudar a aliviar o desconforto que estou a sentir.<\/p>\n<p style=\"margin-top: 5px;margin-bottom: 5px\"><\/p>\n<p style=\"margin-top: 5px;margin-bottom: 5px\">Gostaria de saber se a Nutribullet pode picar gelo.<\/p>\n<p style=\"margin-top: 5px;margin-bottom: 5px\"><\/p>\n<h2>Como \u00e9 que se fazem natas a partir do leite no liquidificador?<\/h2>\n<p style=\"margin-top: 5px;margin-bottom: 5px\"><\/p>\n<p style=\"margin-top: 5px;margin-bottom: 5px\">A:<\/p>\n<p style=\"margin-top: 5px;margin-bottom: 5px\"><\/p>\n<p style=\"margin-top: 5px;margin-bottom: 5px\">N\u00e3o tenho uma misturadora, mas presumo que seja da mesma forma que se faz um creme.  Mistura-se o leite e o a\u00e7\u00facar e depois aquece-se a mistura lentamente at\u00e9 aos 165 graus, mexendo frequentemente, e depois retira-se do lume.<\/p>\n<p style=\"margin-top: 5px;margin-bottom: 5px\">A mistura resultante \u00e9 conhecida como \"chantilly\", mas n\u00e3o \u00e9 um creme no verdadeiro sentido da palavra.  \u00c9 mais parecido com um creme batido.<\/p>\n<p style=\"margin-top: 5px;margin-bottom: 5px\"><\/p>\n<p style=\"margin-top: 5px;margin-bottom: 5px\">Como \u00e9 que se faz um gelado suave? Da mesma forma que se faz qualquer outra sobremesa - com gelado. A quest\u00e3o \u00e9: como \u00e9 que se faz um gelado suave sem tirar o frigor\u00edfico do congelador?<\/p>\n<p style=\"margin-top: 5px;margin-bottom: 5px\"><\/p>\n<p style=\"margin-top: 5px;margin-bottom: 5px\">Se \u00e9 novo na confe\u00e7\u00e3o de gelados, deve estar a perguntar-se: \"Como \u00e9 que o fa\u00e7o suave?\" A boa not\u00edcia \u00e9 que a suavidade \u00e9 uma qualidade que pode controlar, por isso, se estiver disposto a dedicar um pouco mais de tempo, pode conseguir uma textura mais suave e cremosa.<\/p>\n<\/div><\/div>","protected":false},"excerpt":{"rendered":"<p>Half automatic popsicle packing machine Half automatic popsicle packing machine|Product Features|Product specification &nbsp;&nbsp;&nbsp;&nbsp; This Ice Lolly Packing Machine is manufactured by our team of adept professionals using supreme grade components and the best quality raw material. These Ice Lolly Packing Machines are highly acclaimed in the market for their elegant design, durability and ease of [&hellip;]<\/p>\n","protected":false},"featured_media":829,"comment_status":"open","ping_status":"open","template":"","meta":{"_swt_meta_header_display":false,"_swt_meta_footer_display":false,"_swt_meta_site_title_display":false,"_swt_meta_sticky_header":false,"_swt_meta_transparent_header":false},"product_brand":[],"product_cat":[84],"product_tag":[],"class_list":{"0":"post-832","1":"product","2":"type-product","3":"status-publish","4":"has-post-thumbnail","6":"product_cat-popsicle-machine","8":"first","9":"instock","10":"shipping-taxable","11":"product-type-simple"},"_links":{"self":[{"href":"https:\/\/www.hommy.com\/pt\/wp-json\/wp\/v2\/product\/832","targetHints":{"allow":["GET"]}}],"collection":[{"href":"https:\/\/www.hommy.com\/pt\/wp-json\/wp\/v2\/product"}],"about":[{"href":"https:\/\/www.hommy.com\/pt\/wp-json\/wp\/v2\/types\/product"}],"replies":[{"embeddable":true,"href":"https:\/\/www.hommy.com\/pt\/wp-json\/wp\/v2\/comments?post=832"}],"wp:featuredmedia":[{"embeddable":true,"href":"https:\/\/www.hommy.com\/pt\/wp-json\/wp\/v2\/media\/829"}],"wp:attachment":[{"href":"https:\/\/www.hommy.com\/pt\/wp-json\/wp\/v2\/media?parent=832"}],"wp:term":[{"taxonomy":"product_brand","embeddable":true,"href":"https:\/\/www.hommy.com\/pt\/wp-json\/wp\/v2\/product_brand?post=832"},{"taxonomy":"product_cat","embeddable":true,"href":"https:\/\/www.hommy.com\/pt\/wp-json\/wp\/v2\/product_cat?post=832"},{"taxonomy":"product_tag","embeddable":true,"href":"https:\/\/www.hommy.com\/pt\/wp-json\/wp\/v2\/product_tag?post=832"}],"curies":[{"name":"wp","href":"https:\/\/api.w.org\/{rel}","templated":true}]}}