{"id":828,"date":"2024-07-02T17:01:01","date_gmt":"2024-07-02T17:01:01","guid":{"rendered":"http:\/\/localhost\/hommywp\/hm-bd-1580-fast-cooling-ice-lolly-popsicle-freezer-refrigerator\/"},"modified":"2025-08-01T09:57:44","modified_gmt":"2025-08-01T09:57:44","slug":"hm-bd-1580-congelador-de-gelados","status":"publish","type":"product","link":"https:\/\/www.hommy.com\/pt\/p\/hm-bd-1580-congelador-de-gelados\/","title":{"rendered":"Hm-Bd-1580 Frigor\u00edfico com congelador de gelados para chupa-chupas de arrefecimento r\u00e1pido"},"content":{"rendered":"<div>\n<h2><span style=\"letter-spacing: 0px;font-family: arial, helvetica, sans-serif;font-size: 24px\"><br \/><\/span><\/h2>\n<h2 style=\"text-align: center\"><strong><span style=\"letter-spacing: 0px;font-family: arial, helvetica, sans-serif;font-size: 24px\"><a name=\"Full Automatic popsicle packing machine\"><\/a>M\u00e1quina de embalagem de picol\u00e9s totalmente autom\u00e1tica<\/span><\/strong><\/h2>\n<p style=\"text-align: center\"><a href=\"http:\/\/Full Automatic popsicle packing machine\" target=\"_self\" data-lv=\"0\" rel=\"noopener nofollow\"><span style=\"letter-spacing: 0px;font-family: arial, helvetica, sans-serif;font-size: 16px\">M\u00e1quina de embalagem de picol\u00e9s totalmente autom\u00e1tica<\/span><\/a><span style=\"letter-spacing: 0px;font-family: arial, helvetica, sans-serif;font-size: 16px\">|<a href=\"http:\/\/Product Features\" target=\"_self\" data-lv=\"0\" rel=\"noopener nofollow\">Carater\u00edsticas do produto<\/a>|<a href=\"http:\/\/Product specification\" target=\"_self\" data-lv=\"0\" rel=\"noopener nofollow\">Especifica\u00e7\u00e3o do produto<\/a><\/span><\/p>\n<p><span style=\"letter-spacing: 0px;font-family: Helvetica;font-size: 20px\">Pode comprar Congeladores de Gelados Online a partir da melhor fonte de Congeladores de Gelados por atacado. vendemos Congeladores de Gelados apenas a pre\u00e7os com desconto dos fabricantes. Pode adquirir Congeladores de Gelados na nossa Loja de Venda por Grosso. \u00c9 amplamente utilizado em festas e festas, casamento, anivers\u00e1rio e fam\u00edlia.<\/span><\/p>\n<p><span style=\"font-family:\u5b8b\u4f53;letter-spacing:0;font-size:29px\"><\/span><\/p>\n<div class=\"d-tem01-graphic tem01-graphic mockup\" data-detail=\"wrap\">\n<div class=\"cont-section clearfix d-clearfix\">\n<div class=\"col-md-6 col-sm-6 col-xs-6\">\n<div class=\"right-p\">\n<div class=\"h2 heading\"><img decoding=\"async\" src=\"https:\/\/www.hommy.com\/wp-content\/uploads\/16034159106362.png\" alt=\"produto-HM-BD-1580 Congelador de gelados-Hommy-img\" style=\"font-size: 14px\" title=\"\"><span style=\"font-size: 14px\">&nbsp; &nbsp; &nbsp; &nbsp; &nbsp; &nbsp; &nbsp;<\/span><\/div>\n<\/div>\n<\/div>\n<div class=\"col-md-6 col-sm-6 col-xs-6\">\n<div class=\"right-p\">\n<div class=\"h2 heading\">\n<p style=\"margin-top:0;margin-right:0;margin-bottom:0;margin-left:0;text-indent:0;text-align:justify\"><strong><span style=\"letter-spacing: 0px;font-size: 29px;font-family: arial, helvetica, sans-serif\"><a name=\"Product Features\"><\/a>Carater\u00edsticas do produto<\/span><\/strong><span style=\"letter-spacing: 0px;font-size: 29px;font-family: arial, helvetica, sans-serif\">&nbsp;<\/span><\/p>\n<p style=\"margin-top:0;margin-right:0;margin-bottom:0;margin-left:0;text-indent:0;text-align:justify\"><span style=\"letter-spacing: 0px;font-size: 29px;font-family: arial, helvetica, sans-serif\">&nbsp;<\/span><\/p>\n<p><span style=\"font-size: 24px\"><strong><span style=\"font-family: arial, helvetica, sans-serif\">Carater\u00edsticas&nbsp;<\/span><\/strong><\/span><\/p>\n<p><span style=\"font-size: 24px\"><strong><span style=\"font-size: 16px;font-family: arial, helvetica, sans-serif\">Descri\u00e7\u00e3o do produto<\/span><\/strong><\/span><\/p>\n<p style=\"margin-left:32px\"><span style=\"font-family: arial, helvetica, sans-serif\"><span style=\"font-family: Calibri;font-size: 16px\">- Portas fechadas em forma de borboleta: engrossar o duplo<\/span><span style=\"font-family: \u5b8b\u4f53;font-size: 16px\">&nbsp;<\/span><span style=\"font-family: Calibri;font-size: 16px\">isolamento, pot\u00eancia e durabilidade, e alta qualidade<\/span><span style=\"font-family: \u5b8b\u4f53;font-size: 16px\">&nbsp;<\/span><span style=\"font-family: Calibri;font-size: 16px\">placas a cores, bonito e generoso<\/span><\/span><\/p>\n<p style=\"margin-left:32px\"><span style=\"font-family: arial, helvetica, sans-serif\"><span style=\"font-family: Calibri;font-size: 16px\">- Fun\u00e7\u00f5es de convers\u00e3o: um contador de dupla fun\u00e7\u00e3o,<\/span><span style=\"font-family: \u5b8b\u4f53;font-size: 16px\">&nbsp;<\/span><span style=\"font-family: Calibri;font-size: 16px\">pode ser congelado, tamb\u00e9m pode ser congelado - Design da porta em vidro biselado oco: t\u00e9rmico<\/span><span style=\"font-family: \u5b8b\u4f53;font-size: 16px\">&nbsp;<\/span><span style=\"font-family: Calibri;font-size: 16px\">propriedades de isolamento e apresentam bons resultados<\/span><\/span><\/p>\n<p style=\"margin-left:32px\"><span style=\"font-family: Calibri;font-size: 16px\">- Processo de filetagem: a utiliza\u00e7\u00e3o da seguran\u00e7a, a est\u00e9tica<\/span><\/p>\n<p style=\"margin-left:32px\"><span style=\"font-family: arial, helvetica, sans-serif\"><span style=\"font-family: Calibri;font-size: 16px\">- Camada de espuma espessa: isolamento eficaz, isolamento<\/span><span style=\"font-family: \u5b8b\u4f53;font-size: 16px\">&nbsp;<\/span><span style=\"font-family: Calibri;font-size: 16px\">excel\u00eancia <\/span><\/span><\/p>\n<p style=\"margin-left:32px\"><span style=\"font-family: Calibri;font-size: 16px\">- Moxianglun: Telem\u00f3vel inteligente<\/span><\/p>\n<p style=\"margin-left:32px\"><span style=\"font-family: arial, helvetica, sans-serif\"><span style=\"font-family: Calibri;font-size: 16px\">- Calor eficiente: \u00e1rea de calor-Canton, e mais uniforme<\/span><span style=\"font-family: \u5b8b\u4f53;font-size: 16px\">&nbsp;<\/span><span style=\"font-family: Calibri;font-size: 16px\">temperatura interior - Compressor famoso: baixo ru\u00eddo, menor pot\u00eancia<\/span><\/span><\/p>\n<p><span style=\"font-size: 16px;font-family: arial, helvetica, sans-serif\">consumo, desempenho e estabilidade<\/span><\/p>\n<p style=\"margin-left:32px\"><span style=\"font-family: arial, helvetica, sans-serif\"><span style=\"font-family: Calibri;font-size: 16px\">- Evaporadores de tubo D: quatro refrigera\u00e7\u00e3o, arrefecimento<\/span><span style=\"font-family: \u5b8b\u4f53;font-size: 16px\">&nbsp;<\/span><span style=\"font-family: Calibri;font-size: 16px\">&nbsp;velocidade, longa dura\u00e7\u00e3o<\/span><\/span><\/p>\n<\/div>\n<\/div>\n<p><span style=\"font-family: arial, helvetica, sans-serif\"><br \/>\n &nbsp; &nbsp; &nbsp; &nbsp; &nbsp; &nbsp;<\/span><\/div>\n<\/div>\n<\/div>\n<p><span style=\"letter-spacing: 0px;font-size: 29px;font-family: arial, helvetica, sans-serif\"><\/span><\/p>\n<p><span style=\"font-size: 24px\"><strong><span style=\"letter-spacing: 0px;font-family: arial, helvetica, sans-serif\"><a name=\"Product specification\"><\/a>Especifica\u00e7\u00e3o do produto<\/span><\/strong><\/span><\/p>\n<p><img loading=\"lazy\" decoding=\"async\" src=\"https:\/\/www.hommy.com\/wp-content\/uploads\/16034156819184.png\" title=\"\" alt=\"produto-Hommy-img\" width=\"1000\" height=\"218\" border=\"0\" vspace=\"0\" style=\"width: 1000px;height: 218px\"><span style=\"font-family:\u5b8b\u4f53;letter-spacing:0;font-size:29px\"><\/span><\/p>\n<p><\/p>\n<p>Documento\uff1a<img decoding=\"async\" src=\"icon_jpg.gif\" style=\"margin-right: 2px\" alt=\"produto-Hommy-img\" title=\"\"><a href=\"https:\/\/img80002414.weyesimg.com\/uploads\/www.hommy.com\/images\/16034163249551.jpg\" title=\"16034163249551.jpg\" style=\"font-size: 12px\">16034163249551.jpg<\/a><\/p>\n<h2 style=\"font-family: sans-serif\">Como \u00e9 que fabricam os gelados?<\/h2>\n<p style=\"margin-top: 5px;margin-bottom: 5px;font-family: sans-serif;font-size: 16px\">Existem v\u00e1rios m\u00e9todos diferentes para fazer um picol\u00e9, principalmente com base na espessura do gelo. O m\u00e9todo mais f\u00e1cil de utilizar \u00e9 o da manivela manual <a style=\"color:blue\" href=\"\/pt\/\">m\u00e1quina de gelados<\/a>. Isto requer um congelador e uma manivela, mas essencialmente s\u00f3 serve para um pequeno lote de gelado e \u00e9 bastante f\u00e1cil.<\/p>\n<p style=\"margin-top: 5px;margin-bottom: 5px;font-family: sans-serif;font-size: 16px\">Outra op\u00e7\u00e3o \u00e9 congelar o gelado num tabuleiro e prens\u00e1-lo com uma prensa de gelado manual, semelhante a uma m\u00e1quina de fazer waffles. Tamb\u00e9m s\u00f3 permite uma pequena quantidade de gelado e \u00e9 mais dif\u00edcil de utilizar.<\/p>\n<p style=\"margin-top: 5px;margin-bottom: 5px;font-family: sans-serif;font-size: 16px\"><\/p>\n<h2 style=\"font-family: sans-serif\">O que \u00e9 que se chama a um gelado sem pauzinho?<\/h2>\n<p style=\"margin-top: 5px;margin-bottom: 5px;font-family: sans-serif;font-size: 16px\">H\u00e1 muitas formas de utilizar o novo kit Sticky Pops, por exemplo, como base para uma divertida festa de anivers\u00e1rio infantil - leve as crian\u00e7as para o exterior e construa os seus pr\u00f3prios castelos de gelados, fa\u00e7a gelados caseiros com fruta fresca e crie uma variedade de bebidas frutadas e tropicais em casa. As possibilidades s\u00e3o infinitas!<\/p>\n<p style=\"margin-top: 5px;margin-bottom: 5px;font-family: sans-serif;font-size: 16px\"><\/p>\n<h2 style=\"font-family: sans-serif\">O que \u00e9 que os canadianos chamam aos gelados?<\/h2>\n<p style=\"margin-top: 5px;margin-bottom: 5px;font-family: sans-serif;font-size: 16px\">Responder: H\u00e1 uma variedade de termos usados no Canad\u00e1 para se referir a picol\u00e9s. Estes termos s\u00e3o frequentemente utilizados de forma intercambi\u00e1vel. Embora o Canad\u00e1 produza e consuma menos de 2 bili\u00f5es de gelados por ano, um grande volume de gelados do mundo \u00e9 produzido e vendido no Canad\u00e1.<\/p>\n<\/div><\/div>","protected":false},"excerpt":{"rendered":"<p>Full Automatic popsicle packing machine Full Automatic popsicle packing machine|Product Features|Product specification You can buy Popsicle Freezers Online from the best source of wholesale Popsicle Freezer . we sell Popsicle Freezers only at discounted prices from manufacturers. You can get Popsicle Freezers from our Wholesale Shop. It is widely used in party, and parties, wedding, [&hellip;]<\/p>\n","protected":false},"featured_media":826,"comment_status":"open","ping_status":"open","template":"","meta":{"_swt_meta_header_display":false,"_swt_meta_footer_display":false,"_swt_meta_site_title_display":false,"_swt_meta_sticky_header":false,"_swt_meta_transparent_header":false},"product_brand":[],"product_cat":[84],"product_tag":[],"class_list":{"0":"post-828","1":"product","2":"type-product","3":"status-publish","4":"has-post-thumbnail","6":"product_cat-popsicle-machine","8":"first","9":"instock","10":"shipping-taxable","11":"product-type-simple"},"_links":{"self":[{"href":"https:\/\/www.hommy.com\/pt\/wp-json\/wp\/v2\/product\/828","targetHints":{"allow":["GET"]}}],"collection":[{"href":"https:\/\/www.hommy.com\/pt\/wp-json\/wp\/v2\/product"}],"about":[{"href":"https:\/\/www.hommy.com\/pt\/wp-json\/wp\/v2\/types\/product"}],"replies":[{"embeddable":true,"href":"https:\/\/www.hommy.com\/pt\/wp-json\/wp\/v2\/comments?post=828"}],"wp:featuredmedia":[{"embeddable":true,"href":"https:\/\/www.hommy.com\/pt\/wp-json\/wp\/v2\/media\/826"}],"wp:attachment":[{"href":"https:\/\/www.hommy.com\/pt\/wp-json\/wp\/v2\/media?parent=828"}],"wp:term":[{"taxonomy":"product_brand","embeddable":true,"href":"https:\/\/www.hommy.com\/pt\/wp-json\/wp\/v2\/product_brand?post=828"},{"taxonomy":"product_cat","embeddable":true,"href":"https:\/\/www.hommy.com\/pt\/wp-json\/wp\/v2\/product_cat?post=828"},{"taxonomy":"product_tag","embeddable":true,"href":"https:\/\/www.hommy.com\/pt\/wp-json\/wp\/v2\/product_tag?post=828"}],"curies":[{"name":"wp","href":"https:\/\/api.w.org\/{rel}","templated":true}]}}