{"id":825,"date":"2024-07-02T17:00:57","date_gmt":"2024-07-02T17:00:57","guid":{"rendered":"http:\/\/localhost\/hommywp\/hm-pm-12-hot-sale-ice-popsicle-machine-manufacturer-cost\/"},"modified":"2025-08-01T09:57:44","modified_gmt":"2025-08-01T09:57:44","slug":"maquina-de-gelados-hm-pm-12","status":"publish","type":"product","link":"https:\/\/www.hommy.com\/pt\/p\/maquina-de-gelados-hm-pm-12\/","title":{"rendered":"Hm-Pm-12 Venda Quente M\u00e1quina de Picol\u00e9 de Gelo Fabricante Custo"},"content":{"rendered":"<div>\n<h2 style=\"text-align: center\"><strong><span style=\"letter-spacing: 0px;font-family: arial, helvetica, sans-serif;font-size: 24px\"><a name=\"Ice Popsicle Machine\"><\/a>M\u00e1quina de picol\u00e9s de gelo<\/span><\/strong><\/h2>\n<h2 style=\"text-align: center\"><a href=\"#Ice Popsicle Machine\" target=\"_self\" data-lv=\"0\" rel=\"noopener\"><span style=\"letter-spacing: 0px;font-family: arial, helvetica, sans-serif;font-size: 16px\">M\u00e1quina de picol\u00e9s de gelo<\/span><\/a><span style=\"letter-spacing: 0px;font-family: arial, helvetica, sans-serif;font-size: 16px\">|<a href=\"#Product Features\" target=\"_self\" data-lv=\"0\" rel=\"noopener\">Carater\u00edsticas do produto<\/a>|<a href=\"#Product specification\" target=\"_self\" data-lv=\"0\" rel=\"noopener\">Especifica\u00e7\u00e3o do produto<\/a>|<a href=\"#Product Advantage\" target=\"_self\" data-lv=\"0\" rel=\"noopener\">Vantagem do produto<\/a><\/span><\/h2>\n<p><\/p>\n<p style=\"text-align: center\">&nbsp;&nbsp;&nbsp;&nbsp;<\/p>\n<p>N\u00f3s estamos envolvidos neste dom\u00ednio h\u00e1 muito tempo e temos sido capazes de fabricar e fornecer uma ampla gama de m\u00e1quina de picol\u00e9 de gelo. Nossa m\u00e1quina de picol\u00e9 \u00e9 projetada e fabricada usando os melhores componentes de qualidade e as melhores mat\u00e9rias-primas. Fabricado com materiais e componentes de qualidade aprovada, estes s\u00e3o projetados para oferecer um desempenho impec\u00e1vel. Dispon\u00edvel em v\u00e1rias especifica\u00e7\u00f5es, n\u00f3s tamb\u00e9m fabricamos estes em diferentes modelos e tamanhos para atender \u00e0s necessidades variadas dos clientes.<\/p>\n<p><\/p>\n<div class=\"d-tem01-graphic tem01-graphic mockup\" data-detail=\"wrap\">\n<div class=\"cont-section clearfix d-clearfix\">\n<div class=\"col-md-6 col-sm-6 col-xs-6\">\n<div class=\"right-p\">\n<h2><img loading=\"lazy\" decoding=\"async\" src=\"https:\/\/www.hommy.com\/wp-content\/uploads\/16289175573404.jpg\" alt=\"produto-Hommy-img\" style=\"font-size: 14px;width: 600px;height: 600px\" title=\"\" width=\"600\" height=\"600\" border=\"0\" vspace=\"0\"><span style=\"font-size: 14px\">&nbsp; &nbsp; &nbsp; <strong><span style=\"font-family: arial, helvetica, sans-serif;font-size: 24px\">&nbsp; &nbsp; &nbsp; &nbsp;<\/span><\/strong><\/span><\/h2>\n<\/div>\n<\/div>\n<div class=\"col-md-6 col-sm-6 col-xs-6\">\n<div class=\"right-p\">\n<div class=\"h2 heading\">\n<h2 style=\"margin: 0px;text-indent: 0px;text-align: justify\"><strong><span style=\"letter-spacing: 0px;font-family: arial, helvetica, sans-serif;font-size: 24px\"><a name=\"Product Features\"><\/a>Carater\u00edsticas do produto<\/span><\/strong><\/h2>\n<p style=\"margin-top:0;margin-right:0;margin-bottom:0;margin-left:0;text-indent:0;text-align:justify\"><span style=\"font-family:\u5b8b\u4f53;letter-spacing:0;font-size:29px\">&nbsp;&nbsp;<\/span><\/p>\n<p style=\"margin-left:32px\"><span style=\"font-family:Calibri;font-size:16px\">- A m\u00e1quina \u00e9 constru\u00edda com uma apar\u00eancia luxuosa e f\u00e1cil opera\u00e7\u00e3o e baixo custo de manuten\u00e7\u00e3o.<\/span><\/p>\n<p style=\"margin-left:32px\"><span style=\"font-family:Calibri;font-size:16px\">- Material interior do dep\u00f3sito em a\u00e7o inoxid\u00e1vel puro que resiste \u00e0 eros\u00e3o provocada pelo \u00e1cido clor\u00eddrico<\/span><\/p>\n<p style=\"margin-left:32px\"><span style=\"font-family:Calibri;font-size:16px\">- O funcionamento \u00e9 f\u00e1cil<\/span><span style=\"font-family:\u5b8b\u4f53;font-size:16px\">.<\/span><\/p>\n<p style=\"margin-left:32px\"><span style=\"font-family:Calibri;font-size:16px\">- V\u00e1rios tipos de moldes para picol\u00e9s \u00e0 escolha.<\/span><\/p>\n<p style=\"margin-left:32px\"><span style=\"font-family:Calibri;font-size:16px\">- A\u00e7o inoxid\u00e1vel<\/span><span style=\"font-family:\u5b8b\u4f53;font-size:16px\">l<\/span><span style=\"font-family:Calibri;font-size:16px\">O molde resiste \u00e0 eros\u00e3o.<\/span><\/p>\n<p style=\"margin-left:32px\"><span style=\"font-family:Calibri;font-size:16px\">- O molde tem a fun\u00e7\u00e3o de auto-concha e \u00e9 f\u00e1cil de trabalhar <\/span><span style=\"font-family:\u5b8b\u4f53;font-size:16px\">.<\/span><\/p>\n<p style=\"margin-left:32px\"><span style=\"font-family:Calibri;font-size:16px\">- Ar<\/span><span style=\"font-family:\u5b8b\u4f53;font-size:16px\">&nbsp;<\/span><span style=\"font-family:Calibri;font-size:16px\">A cobertura \u00e9 \u00e0 prova de \u00e1gua e mant\u00e9m o material em uso durante muito tempo.<\/span><\/p>\n<p style=\"margin-left:32px\"><span style=\"font-family:Calibri;font-size:16px\">- Baixos investimentos de capital com produ\u00e7\u00e3o m\u00e1xima<\/span><span style=\"font-family:\u5b8b\u4f53;font-size:16px\">.<\/span><\/p>\n<p style=\"margin-left:32px\"><span style=\"font-family:Calibri;font-size:16px\">- Lucrar com a \u00e1gua, um potencial de lucro incr\u00edvel <\/span><span style=\"font-family:\u5b8b\u4f53;font-size:16px\">.<\/span><\/p>\n<p style=\"margin-left:32px\"><span style=\"font-family:Calibri;font-size:16px\">- \u00c9 poss\u00edvel utilizar uma m\u00e1quina para produzir 3 tipos de produtos: <\/span><span style=\"font-family:\u5b8b\u4f53;font-size:16px\">P<\/span><span style=\"font-family:Calibri;font-size:16px\">opsicle . pequeno bloco de gelo , i<\/span><span style=\"font-family:\u5b8b\u4f53;font-size:16px\">c<\/span><span style=\"font-family:Calibri;font-size:16px\">e doces .<\/span><\/p>\n<\/div>\n<\/div>\n<p>&nbsp; &nbsp; &nbsp; &nbsp; &nbsp; &nbsp;<\/p><\/div>\n<\/div>\n<\/div>\n<h2><strong><span style=\"letter-spacing: 0px;font-family: arial, helvetica, sans-serif;font-size: 24px\"><a name=\"Product specification\"><\/a>Especifica\u00e7\u00e3o do produto<\/span><\/strong><\/h2>\n<h2><img loading=\"lazy\" decoding=\"async\" src=\"https:\/\/www.hommy.com\/wp-content\/uploads\/16032441296542.png\" title=\"\" alt=\"produto-Hommy-img\" width=\"1000\" height=\"436\" border=\"0\" vspace=\"0\" style=\"width: 1000px;height: 436px\"><\/h2>\n<p><\/p>\n<h2><strong><span style=\"letter-spacing: 0px;font-family: arial, helvetica, sans-serif;font-size: 24px\"><a name=\"Product Advantage\"><\/a>Vantagem do produto<\/span><\/strong><\/h2>\n<p><span style=\"font-family:\u5b8b\u4f53;letter-spacing:0;font-size:29px\"><\/span><\/p>\n<div class=\"d-tem01-graphic tem01-graphic mockup\" data-detail=\"wrap\">\n<div class=\"cont-section clearfix d-clearfix\">\n<div class=\"col-md-6 col-sm-6 col-xs-6\">\n<div class=\"right-p\">\n<div class=\"h2 heading\">\n<p style=\"margin: 0 0 0 28px;text-indent: 0;padding: 0;vertical-align: baseline\"><span style=\"letter-spacing: 0px;font-family: arial, helvetica, sans-serif;font-size: 16px\">1. A m\u00e1quina escolhe o tanque de \u00e1gua salgada SS304 - material anti-ferrugem e o tanque no interior escolhe todo o parafuso que \u00e9 de a\u00e7o inoxid\u00e1vel 304 para garantir uma vida \u00fatil mais longa da m\u00e1quina.<\/span><\/p>\n<p style=\"margin: 0 0 0 28px;text-indent: 0;padding: 0;vertical-align: baseline\"><span style=\"letter-spacing: 0px;font-family: arial, helvetica, sans-serif;font-size: 16px\"><br \/><\/span><\/p>\n<\/div>\n<\/div>\n<div class=\"graphic_pic animated wow bounceIn\" data-wow-delay=\".7s\">\n<p style=\"text-align:center\"><img loading=\"lazy\" decoding=\"async\" src=\"https:\/\/www.hommy.com\/wp-content\/uploads\/16032443699337.jpg\" alt=\"produto-Hommy-HM-PM-12 m\u00e1quina de picol\u00e9s-img\" title=\"\" width=\"350\" height=\"500\" border=\"0\" vspace=\"0\" style=\"width: 350px;height: 500px\"><\/p>\n<\/div>\n<\/div>\n<div class=\"col-md-6 col-sm-6 col-xs-6\">\n<div class=\"right-p\">\n<div class=\"h2 heading\">\n<p style=\"margin: 0 0 0 28px;text-indent: 0;padding: 0;vertical-align: baseline\"><span style=\"letter-spacing: 0px;font-family: arial, helvetica, sans-serif;font-size: 16px\">2. Temos diferentes moldes para chupa-chupas de gelo \u00e0 sua escolha.&nbsp;<\/span><\/p>\n<p style=\"margin: 0 0 0 28px;text-indent: 0;padding: 0;vertical-align: baseline\"><span style=\"letter-spacing: 0px;font-family: arial, helvetica, sans-serif;font-size: 16px\"><br \/><\/span><\/p>\n<p style=\"margin: 0 0 0 28px;text-indent: 0;padding: 0;vertical-align: baseline\"><span style=\"letter-spacing: 0px;font-family: arial, helvetica, sans-serif;font-size: 16px\"><br \/><\/span><\/p>\n<p style=\"margin: 0 0 0 28px;text-indent: 0;padding: 0;vertical-align: baseline\"><span style=\"letter-spacing: 0px;font-family: arial, helvetica, sans-serif;font-size: 16px\"><br \/><\/span><\/p>\n<p style=\"margin: 0 0 0 28px;text-indent: 0;padding: 0;vertical-align: baseline\"><span style=\"letter-spacing: 0px;font-family: arial, helvetica, sans-serif;font-size: 16px\"><br \/><\/span><\/p>\n<\/div>\n<\/div>\n<div class=\"graphic_pic animated wow bounceIn\" data-wow-delay=\".7s\"><img decoding=\"async\" src=\"https:\/\/www.hommy.com\/wp-content\/uploads\/16032444176318.png\" alt=\"produto-Hommy-img\" title=\"\"><br \/>\n &nbsp; &nbsp; &nbsp; &nbsp; &nbsp; &nbsp;<\/div>\n<\/div>\n<\/div>\n<\/div>\n<p><\/p>\n<p><\/p>\n<div class=\"d-tem01-graphic tem01-graphic mockup\" data-detail=\"wrap\">\n<div class=\"cont-section clearfix d-clearfix\">\n<div class=\"col-md-6 col-sm-6 col-xs-6\">\n<div class=\"right-p\">\n<div class=\"h2 heading\">\n<p style=\"margin-left:28px;text-indent:0\"><span style=\"font-family: arial, helvetica, sans-serif\"><span style=\"letter-spacing: 0px;font-size: 16px\">3. A m\u00e1quina dentro do sistema de arrefecimento \u00e9 muito forte, produz um lote de 15-20 minutos, que pode passar a temperatura&nbsp;<\/span><span style=\"font-size: 16px;letter-spacing: 0px\">-18 ou -20 graus .&nbsp;<\/span><\/span><\/p>\n<\/div>\n<\/div>\n<div class=\"graphic_pic animated wow bounceIn\" data-wow-delay=\".7s\">\n<p style=\"text-align:center\"><img loading=\"lazy\" decoding=\"async\" src=\"https:\/\/www.hommy.com\/wp-content\/uploads\/16032446374464.jpg\" alt=\"produto-Hommy-img\" title=\"\" width=\"350\" height=\"500\" border=\"0\" vspace=\"0\" style=\"width: 350px;height: 500px\"><\/p>\n<\/div>\n<\/div>\n<div class=\"col-md-6 col-sm-6 col-xs-6\">\n<div class=\"right-p\">\n<div class=\"h2 heading\">\n<p style=\"margin-left:28px;text-indent:0\"><span style=\"font-family:Calibri;letter-spacing:0;font-size:16px\">4.&nbsp;<\/span><span style=\"font-family:Calibri;letter-spacing:0;font-size:16px\">Quando a haste de agita\u00e7\u00e3o de a\u00e7o inoxid\u00e1vel de alta efici\u00eancia gira, gera um fluxo de \u00e1gua para acelerar a velocidade de arrefecimento.<\/span><\/p>\n<p style=\"margin-left:28px;text-indent:0\"><span style=\"font-family:Calibri;letter-spacing:0;font-size:16px\"><br \/><\/span><\/p>\n<\/div>\n<\/div>\n<div class=\"graphic_pic animated wow bounceIn\" data-wow-delay=\".7s\">\n<p style=\"text-align:center\"><img loading=\"lazy\" decoding=\"async\" src=\"https:\/\/www.hommy.com\/wp-content\/uploads\/16032446978294.jpg\" alt=\"produto-HM-PM-12 m\u00e1quina de picol\u00e9s-Hommy-img\" title=\"\" width=\"350\" height=\"500\" border=\"0\" vspace=\"0\" style=\"width: 350px;height: 500px\"><\/p>\n<\/div>\n<\/div>\n<\/div>\n<\/div>\n<p>Documento\uff1a<img decoding=\"async\" src=\"https:\/\/www.hommy.com\/wp-content\/uploads\/icon_pdf-56.gif\" style=\"margin-right: 2px\" alt=\"produto-Hommy-img-1\" title=\"\"><a href=\"https:\/\/img80002414.weyesimg.com\/uploads\/www.hommy.com\/addon\/16032455412296.pdf\" title=\"16032455412296.pdf\" style=\"font-size: 12px\">16032455412296.pdf<\/a><\/p>\n<h2>O neg\u00f3cio dos gelados \u00e9 rent\u00e1vel no Qu\u00e9nia?<\/h2>\n<p style=\"margin-top: 5px;margin-bottom: 5px\">O Qu\u00e9nia \u00e9 bem conhecido pelo melhor gelado de \u00c1frica. Embora o gelado n\u00e3o seja parte integrante da cultura do Qu\u00e9nia, est\u00e1 lentamente a ganhar popularidade. Apesar de n\u00e3o ser a melhor parte do menu, o gelado est\u00e1 lentamente a tornar-se mais popular e muitas pessoas est\u00e3o a achar que \u00e9 um bom petisco.<\/p>\n<p style=\"margin-top: 5px;margin-bottom: 5px\"><\/p>\n<h2>Durante quanto tempo \u00e9 que os gelados s\u00e3o bons?<\/h2>\n<p style=\"margin-top: 5px;margin-bottom: 5px\">Quando se congela um gelado, est\u00e1-se a congel\u00e1-lo a n\u00edvel celular. Isso significa que est\u00e1 a congelar as mol\u00e9culas de \u00e1gua no gelo. \u00c0 medida que o gelo continua a congelar, as mol\u00e9culas de \u00e1gua ficam cada vez mais pequenas. \u00c9 por isso que, quando se morde um gelado, o l\u00edquido que se bebe estar\u00e1 quase \u00e0 mesma temperatura que o gelado. \u00c0 medida que derrete, o gelado continua a encolher.<\/p>\n<p style=\"margin-top: 5px;margin-bottom: 5px\"><\/p>\n<h2>Quanto tempo \u00e9 que os gelados devem demorar a congelar?<\/h2>\n<p style=\"margin-top: 5px;margin-bottom: 5px\">O tempo necess\u00e1rio para congelar uma \u00fanica por\u00e7\u00e3o de gelado varia consoante o tamanho do gelado, o n\u00famero de por\u00e7\u00f5es, o tamanho do recipiente do gelado e a temperatura do congelador.<\/p>\n<p style=\"margin-top: 5px;margin-bottom: 5px\">Eu diria que, em m\u00e9dia, uma por\u00e7\u00e3o individual demora cerca de 30 minutos a congelar.&nbsp;<\/p>\n<\/div><\/div>","protected":false},"excerpt":{"rendered":"<p>Ice Popsicle Machine Ice Popsicle Machine|Product Features|Product specification|Product Advantage &nbsp;&nbsp;&nbsp;&nbsp; We have been engaged in this domain for a long time and have been able to manufacture and supply a broad range of Ice Popsicle machine. Our Ice Popsicle machine is designed and manufactured using the finest quality components and the finest grade raw materials. [&hellip;]<\/p>\n","protected":false},"featured_media":818,"comment_status":"open","ping_status":"open","template":"","meta":{"_swt_meta_header_display":false,"_swt_meta_footer_display":false,"_swt_meta_site_title_display":false,"_swt_meta_sticky_header":false,"_swt_meta_transparent_header":false},"product_brand":[],"product_cat":[84],"product_tag":[],"class_list":{"0":"post-825","1":"product","2":"type-product","3":"status-publish","4":"has-post-thumbnail","6":"product_cat-popsicle-machine","8":"first","9":"instock","10":"shipping-taxable","11":"product-type-simple"},"_links":{"self":[{"href":"https:\/\/www.hommy.com\/pt\/wp-json\/wp\/v2\/product\/825","targetHints":{"allow":["GET"]}}],"collection":[{"href":"https:\/\/www.hommy.com\/pt\/wp-json\/wp\/v2\/product"}],"about":[{"href":"https:\/\/www.hommy.com\/pt\/wp-json\/wp\/v2\/types\/product"}],"replies":[{"embeddable":true,"href":"https:\/\/www.hommy.com\/pt\/wp-json\/wp\/v2\/comments?post=825"}],"wp:featuredmedia":[{"embeddable":true,"href":"https:\/\/www.hommy.com\/pt\/wp-json\/wp\/v2\/media\/818"}],"wp:attachment":[{"href":"https:\/\/www.hommy.com\/pt\/wp-json\/wp\/v2\/media?parent=825"}],"wp:term":[{"taxonomy":"product_brand","embeddable":true,"href":"https:\/\/www.hommy.com\/pt\/wp-json\/wp\/v2\/product_brand?post=825"},{"taxonomy":"product_cat","embeddable":true,"href":"https:\/\/www.hommy.com\/pt\/wp-json\/wp\/v2\/product_cat?post=825"},{"taxonomy":"product_tag","embeddable":true,"href":"https:\/\/www.hommy.com\/pt\/wp-json\/wp\/v2\/product_tag?post=825"}],"curies":[{"name":"wp","href":"https:\/\/api.w.org\/{rel}","templated":true}]}}