{"id":82,"date":"2024-07-02T11:52:06","date_gmt":"2024-07-02T11:52:06","guid":{"rendered":"http:\/\/localhost\/hommywp\/hm160e-automatic-compact-size-tabletop-smoothie-maker-for-business\/"},"modified":"2025-09-13T10:05:55","modified_gmt":"2025-09-13T10:05:55","slug":"hm160e-maquina-de-batidos-de-mesa-automatica-de-tamanho-compacto-para-empresas","status":"publish","type":"product","link":"https:\/\/www.hommy.com\/pt\/p\/hm160e-maquina-de-batidos-de-mesa-automatica-de-tamanho-compacto-para-empresas\/","title":{"rendered":"HM160E: M\u00e1quina de sumos de mesa autom\u00e1tica de tamanho compacto para empresas"},"content":{"rendered":"<p class=\"has-text-align-left\">A HM-160E \u00e9 uma m\u00e1quina de fazer batidos autom\u00e1tica, comercial, de mesa, concebida para empresas com espa\u00e7o limitado. \u00c9 perfeita para frutarias, lojas de conveni\u00eancia, esta\u00e7\u00f5es de servi\u00e7o, restaurantes e muito mais.<\/p>\n\n\n\n<div class=\"wp-block-group is-vertical is-content-justification-center is-layout-flex wp-container-core-group-is-layout-ce155fab wp-block-group-is-layout-flex\">\n<figure class=\"wp-block-image aligncenter is-style-default wp-duotone-unset-1\"><img decoding=\"async\" src=\"https:\/\/www.hommy.com\/wp-content\/uploads\/17105146304917.jpg\" alt=\"m\u00e1quina de batidos\" title=\"m\u00e1quina de batidos\"\/><\/figure>\n<\/div>\n\n\n\n<h2 class=\"wp-block-heading\"><strong>Sele\u00e7\u00e3o de frigor\u00edficos:<\/strong><\/h2>\n\n\n\n<div class=\"wp-block-group is-nowrap is-layout-flex wp-container-core-group-is-layout-6c531013 wp-block-group-is-layout-flex\">\n<figure class=\"wp-block-image size-large\"><img decoding=\"async\" src=\"https:\/\/www.hommy.com\/wp-content\/uploads\/17107557283856-1.jpg\" alt=\"\" title=\"\"><\/figure>\n\n\n\n<figure class=\"wp-block-image size-large\"><img decoding=\"async\" src=\"https:\/\/www.hommy.com\/wp-content\/uploads\/17107557284443-1.jpg\" alt=\"\" title=\"\"><\/figure>\n\n\n\n<figure class=\"wp-block-image size-large\"><img decoding=\"async\" src=\"https:\/\/www.hommy.com\/wp-content\/uploads\/17107557297480-1.jpg\" alt=\"\" title=\"\"><\/figure>\n\n\n\n<figure class=\"wp-block-image size-large\"><img decoding=\"async\" src=\"https:\/\/www.hommy.com\/wp-content\/uploads\/17107557277036-1.jpg\" alt=\"\" title=\"\"><\/figure>\n<\/div>\n\n\n\n<h2 class=\"wp-block-heading\">V\u00eddeo do produto:<\/h2>\n\n\n\n<p>M\u00e1quina de batidos popular e quente para venda<\/p>\n\n\n<p><iframe loading=\"lazy\" title=\"m\u00e1quina de batidos com fruta congelada\" width=\"500\" height=\"281\" src=\"https:\/\/www.youtube.com\/embed\/x-XeZtjX6hg?feature=oembed\" frameborder=\"0\" allow=\"accelerometer; autoplay; clipboard-write; encrypted-media; gyroscope; picture-in-picture; web-share\" referrerpolicy=\"strict-origin-when-cross-origin\" allowfullscreen><\/iframe><\/p>\n\n\n<p><iframe loading=\"lazy\" title=\"Loja de conveni\u00eancia 24 horas m\u00e1quina de batidos\" width=\"500\" height=\"281\" src=\"https:\/\/www.youtube.com\/embed\/izlN4mk533U?feature=oembed\" frameborder=\"0\" allow=\"accelerometer; autoplay; clipboard-write; encrypted-media; gyroscope; picture-in-picture; web-share\" referrerpolicy=\"strict-origin-when-cross-origin\" allowfullscreen><\/iframe><\/p>\n\n\n\n<div class=\"wp-block-group is-vertical is-content-justification-center is-layout-flex wp-container-core-group-is-layout-ce155fab wp-block-group-is-layout-flex\">\n<h2 class=\"wp-block-heading\">Especifica\u00e7\u00f5es:<\/h2>\n\n\n\n<figure class=\"wp-block-image\"><img decoding=\"async\" src=\"https:\/\/www.hommy.com\/wp-content\/uploads\/17105175578638-2.jpg\" alt=\"produto-Hommy-img\" title=\"\"><\/figure>\n<\/div>\n\n\n\n<p class=\"has-text-align-center\"><\/p>\n\n\n\n<h2 class=\"wp-block-heading\">Processo de compra do cliente:<\/h2>\n\n\n\n<p><strong>Prepara\u00e7\u00e3o:<\/strong>Gerar um c\u00f3digo QR no s\u00edtio Web e imprimir um autocolante para cada copo. Colocar os peda\u00e7os de fruta nos copos e aplicar o autocolante com o c\u00f3digo QR. (Esta etapa pode ser conclu\u00edda noutra oficina de produ\u00e7\u00e3o, sendo apenas necess\u00e1rio transportar os produtos).<\/p>\n\n\n\n<p><strong>Carregar produtos:<\/strong>Conservar os copos no frigor\u00edfico entre -10\u00b0C e -18\u00b0C.<\/p>\n\n\n\n<p><strong>Compras de clientes:<\/strong> O cliente escolhe o que quiser do frigor\u00edfico.<\/p>\n\n\n\n<p>Pagar na rece\u00e7\u00e3o.<\/p>\n\n\n\n<p>Faz a leitura do c\u00f3digo QR na m\u00e1quina, que abre automaticamente a porta.<\/p>\n\n\n\n<p>Coloca o copo no suporte por baixo da l\u00e2mina misturadora.<\/p>\n\n\n\n<p>A porta da m\u00e1quina fecha-se automaticamente e, em seguida, mistura o batido.<\/p>\n\n\n\n<p>O cliente pode ver o progresso no ecr\u00e3.<\/p>\n\n\n\n<p>Uma vez conclu\u00eddo, podem receber o batido fresco!<\/p>\n\n\n\n<p>Depois disso, a m\u00e1quina limpa automaticamente as l\u00e2minas com \u00e1gua.<\/p>\n\n\n\n<p><\/p>\n\n\n\n<h2 class=\"wp-block-heading\">Carater\u00edsticas do produto<\/h2>\n\n\n\n<p><strong>Funcionamento aut\u00f3nomo:&nbsp;<\/strong>A HM160E funciona com um congelador separado, permitindo aos clientes criar facilmente batidos com fruta congelada.<\/p>\n\n\n\n<p><strong>Mistura autom\u00e1tica:&nbsp;<\/strong>A m\u00e1quina mistura automaticamente os frutos e distribui 100 ml a 300 ml de \u00e1gua ou leite para criar um smoothie perfeitamente misturado em cerca de 40 segundos.<\/p>\n\n\n\n<p><strong>Controlo por ecr\u00e3 t\u00e1til:&nbsp;<\/strong>Um grande ecr\u00e3 t\u00e1til de 13,3\u2033 com um sistema Android que mostra o progresso da opera\u00e7\u00e3o ou reproduz an\u00fancios. \u00c9 necess\u00e1ria uma palavra-passe para entrar em segundo plano para modificar os dados da m\u00e1quina, como o volume de \u00e1gua\/leite, o consumo de \u00e1gua de limpeza e as defini\u00e7\u00f5es de mistura.<\/p>\n\n\n\n<p><strong>Funcionalidade do c\u00f3digo QR:&nbsp;<\/strong>Cada ch\u00e1vena vem com um autocolante com c\u00f3digo QR que pode ser personalizado para especificar a quantidade de \u00e1gua a encher, a velocidade do motor, o tempo de mistura e at\u00e9 o volume de \u00e1gua de limpeza.<\/p>\n\n\n\n<p><strong>Contador de ch\u00e1venas:<\/strong> A m\u00e1quina l\u00ea o c\u00f3digo QR para registar e apresentar o n\u00famero total de batidos misturados.<\/p>\n\n\n\n<p><strong>Tamanho da ch\u00e1vena:<\/strong> Escolha entre um copo PET de qualidade alimentar de 14 oz ou 16 oz.<\/p>\n\n\n\n<p><strong>Monitoriza\u00e7\u00e3o remota:<\/strong> Monitorizar e gerir remotamente os dados de vendas.<\/p>\n\n\n\n<p><strong>Limpeza autom\u00e1tica:<\/strong> A m\u00e1quina limpa-se automaticamente ap\u00f3s cada mistura.<\/p>\n\n\n\n<p><strong>Esteriliza\u00e7\u00e3o autom\u00e1tica:<\/strong> Utiliza a irradia\u00e7\u00e3o ultravioleta para matar bact\u00e9rias e v\u00edrus na m\u00e1quina.<\/p>\n\n\n\n<p><strong>Design personalizado:<\/strong> Os designs podem ser personalizados de acordo com os requisitos do cliente, e o OEM est\u00e1 dispon\u00edvel.<\/p>\n\n\n\n<p><strong>Suporte multilingue:<\/strong> A m\u00e1quina suporta v\u00e1rios idiomas, incluindo chin\u00eas, ingl\u00eas, alem\u00e3o, \u00e1rabe, malaio, tailand\u00eas, espanhol e coreano.<\/p>\n\n\n\n<p><strong>Sistema de reservat\u00f3rio de \u00e1gua:<\/strong> Inclui um dep\u00f3sito de \u00e1gua limpa e um dep\u00f3sito de \u00e1guas residuais, eliminando a necessidade de uma linha de \u00e1gua ou de um dreno no ch\u00e3o. \u00c9 tamb\u00e9m muito c\u00f3modo de deslocar<\/p>\n\n\n\n<h2 class=\"wp-block-heading\"><strong>Vantagens do produto<\/strong><\/h2>\n\n\n\n<div class=\"wp-block-group is-horizontal is-content-justification-center is-nowrap is-layout-flex wp-container-core-group-is-layout-2256e7f1 wp-block-group-is-layout-flex\">\n<div class=\"wp-block-group is-vertical is-content-justification-center is-layout-flex wp-container-core-group-is-layout-6363bf74 wp-block-group-is-layout-flex\">\n<figure class=\"wp-block-image\"><img decoding=\"async\" src=\"https:\/\/www.hommy.com\/wp-content\/uploads\/17105175559625-2.jpg\" alt=\"\" title=\"\"><figcaption class=\"wp-element-caption\">1.scanner<\/figcaption><\/figure>\n<\/div>\n\n\n\n<div class=\"wp-block-group is-vertical is-content-justification-center is-layout-flex wp-container-core-group-is-layout-ce155fab wp-block-group-is-layout-flex\">\n<figure class=\"wp-block-image size-large\"><img decoding=\"async\" src=\"https:\/\/www.hommy.com\/wp-content\/uploads\/17105175558461-2.jpg\" alt=\"\" title=\"\"><figcaption class=\"wp-element-caption\">2. um clique<\/figcaption><\/figure>\n<\/div>\n\n\n\n<div class=\"wp-block-group is-vertical is-content-justification-center is-layout-flex wp-container-core-group-is-layout-ce155fab wp-block-group-is-layout-flex\">\n<figure class=\"wp-block-image size-large\"><img decoding=\"async\" src=\"https:\/\/www.hommy.com\/wp-content\/uploads\/17105175531218-2.jpg\" alt=\"\" title=\"\"><figcaption class=\"wp-element-caption\">3.limpeza<\/figcaption><\/figure>\n<\/div>\n<\/div>\n\n\n\n<div class=\"wp-block-group is-horizontal is-content-justification-center is-nowrap is-layout-flex wp-container-core-group-is-layout-2256e7f1 wp-block-group-is-layout-flex\">\n<div class=\"wp-block-group is-vertical is-layout-flex wp-container-core-group-is-layout-fe9cc265 wp-block-group-is-layout-flex\">\n<figure class=\"wp-block-image size-large\"><img decoding=\"async\" src=\"https:\/\/www.hommy.com\/wp-content\/uploads\/17105175522157-2.jpg\" alt=\"\" title=\"\"><figcaption class=\"wp-element-caption\">4.liquidificador<\/figcaption><\/figure>\n<\/div>\n\n\n\n<div class=\"wp-block-group is-vertical is-layout-flex wp-container-core-group-is-layout-fe9cc265 wp-block-group-is-layout-flex\">\n<figure class=\"wp-block-image size-large\"><img decoding=\"async\" src=\"https:\/\/www.hommy.com\/wp-content\/uploads\/17105175543965-2.jpg\" alt=\"\" title=\"\"><figcaption class=\"wp-element-caption\">5.lanugage<\/figcaption><\/figure>\n<\/div>\n\n\n\n<div class=\"wp-block-group is-vertical is-layout-flex wp-container-core-group-is-layout-fe9cc265 wp-block-group-is-layout-flex\">\n<figure class=\"wp-block-image size-large\"><img decoding=\"async\" src=\"https:\/\/www.hommy.com\/wp-content\/uploads\/17105175568398.jpg\" alt=\"\" title=\"\"><figcaption class=\"wp-element-caption\">6. entrada de \u00e1gua sa\u00edda<\/figcaption><\/figure>\n<\/div>\n<\/div>\n\n\n\n<div class=\"wp-block-group is-horizontal is-content-justification-center is-nowrap is-layout-flex wp-container-core-group-is-layout-2256e7f1 wp-block-group-is-layout-flex\">\n<div class=\"wp-block-group is-vertical is-layout-flex wp-container-core-group-is-layout-fe9cc265 wp-block-group-is-layout-flex\"><\/div>\n\n\n\n<div class=\"wp-block-group is-vertical is-layout-flex wp-container-core-group-is-layout-fe9cc265 wp-block-group-is-layout-flex\">\n<figure class=\"wp-block-image size-large\"><img decoding=\"async\" src=\"https:\/\/www.hommy.com\/wp-content\/uploads\/17105175542633.jpg\" alt=\"\" title=\"\"><figcaption class=\"wp-element-caption\">7.multi-cor<\/figcaption><\/figure>\n<\/div>\n\n\n\n<div class=\"wp-block-group is-vertical is-layout-flex wp-container-core-group-is-layout-fe9cc265 wp-block-group-is-layout-flex\"><\/div>\n<\/div>\n\n\n\n<h2 class=\"wp-block-heading\">Contacto<\/h2>\n\n\n\n<p>Se estiver interessado nesta ou na nossa outra m\u00e1quina de fazer smoothies, contacte-nos para obter o pre\u00e7o da m\u00e1quina e mais detalhes.<\/p>\n\n\n\n<h2 class=\"wp-block-heading\">FAQ<\/h2>\n\n\n\n<p><strong>Como \u00e9 que os batidos s\u00e3o produzidos por uma m\u00e1quina de venda autom\u00e1tica?<\/strong><\/p>\n\n\n\n<p>A m\u00e1quina de batidos Hommy \u00e9 uma forma muito pr\u00e1tica e r\u00e1pida de desfrutar de batidos saud\u00e1veis. Aceita encomendas, mistura fruta congelada verdadeira no copo e limpa-se automaticamente.  \u00c9 \u00f3ptima para universidades, escrit\u00f3rios, cantinas, gin\u00e1sios, spa, caf\u00e9s e lojas de fruta.<\/p>\n\n\n\n<p><strong>Como fazer sumo de manga numa m\u00e1quina de batidos?<\/strong><\/p>\n\n\n\n<p>Uma m\u00e1quina de venda autom\u00e1tica de batidos pode fazer sumo?  Sim, a m\u00e1quina de venda autom\u00e1tica de batidos agora s\u00f3 faz batidos de fruta saud\u00e1veis, mas tamb\u00e9m pode fazer sumo em diferentes sabores. Para aprender a fazer sumo numa m\u00e1quina de venda autom\u00e1tica de sumos, \u00e9 necess\u00e1rio ter: uma m\u00e1quina de venda autom\u00e1tica de sumos, gelo, xarope de sumo, copos e palhinhas. Vamos ensinar-lhe a fazer sumo de uma forma r\u00e1pida e divertida!<\/p>\n\n\n\n<p><strong>Porque \u00e9 que as m\u00e1quinas de venda autom\u00e1tica de batidos s\u00e3o t\u00e3o populares?<\/strong><\/p>\n\n\n\n<p>Os batidos s\u00e3o mais populares do que nunca. Pela sua dieta saud\u00e1vel a partir de fruta\/ingredientes reais, o smoothie pode ser consumido como parte de uma dieta equilibrada, podendo tamb\u00e9m ajudar a contribuir para a perda de peso. Uma m\u00e1quina de venda autom\u00e1tica de batidos pode fornecer batidos saud\u00e1veis de forma mais r\u00e1pida, f\u00e1cil e c\u00f3moda.<\/p>","protected":false},"excerpt":{"rendered":"<p>The HM-160E is an automatic, commercial, table-top style smoothie maker designed for businesses with limited space. it&#8217;s perfect for fruit shops, convenience stores, gas stations, restaurants, and more. Refrigerator Selection: Product VIdeo: Hot popular smoothie machine for sale Specifications: Customer Purchasing Process: Prepration:Generate a QR code on the website and print a sticker for each [&hellip;]<\/p>\n","protected":false},"featured_media":69,"comment_status":"closed","ping_status":"closed","template":"","meta":{"_swt_meta_header_display":false,"_swt_meta_footer_display":false,"_swt_meta_site_title_display":false,"_swt_meta_sticky_header":false,"_swt_meta_transparent_header":false},"product_brand":[],"product_cat":[69,68],"product_tag":[],"class_list":{"0":"post-82","1":"product","2":"type-product","3":"status-publish","4":"has-post-thumbnail","6":"product_cat-smoothie-vending-machine","7":"product_cat-vending-machine","9":"first","10":"instock","11":"shipping-taxable","12":"product-type-simple"},"_links":{"self":[{"href":"https:\/\/www.hommy.com\/pt\/wp-json\/wp\/v2\/product\/82","targetHints":{"allow":["GET"]}}],"collection":[{"href":"https:\/\/www.hommy.com\/pt\/wp-json\/wp\/v2\/product"}],"about":[{"href":"https:\/\/www.hommy.com\/pt\/wp-json\/wp\/v2\/types\/product"}],"replies":[{"embeddable":true,"href":"https:\/\/www.hommy.com\/pt\/wp-json\/wp\/v2\/comments?post=82"}],"wp:featuredmedia":[{"embeddable":true,"href":"https:\/\/www.hommy.com\/pt\/wp-json\/wp\/v2\/media\/69"}],"wp:attachment":[{"href":"https:\/\/www.hommy.com\/pt\/wp-json\/wp\/v2\/media?parent=82"}],"wp:term":[{"taxonomy":"product_brand","embeddable":true,"href":"https:\/\/www.hommy.com\/pt\/wp-json\/wp\/v2\/product_brand?post=82"},{"taxonomy":"product_cat","embeddable":true,"href":"https:\/\/www.hommy.com\/pt\/wp-json\/wp\/v2\/product_cat?post=82"},{"taxonomy":"product_tag","embeddable":true,"href":"https:\/\/www.hommy.com\/pt\/wp-json\/wp\/v2\/product_tag?post=82"}],"curies":[{"name":"wp","href":"https:\/\/api.w.org\/{rel}","templated":true}]}}