{"id":817,"date":"2024-07-02T16:38:59","date_gmt":"2024-07-02T16:38:59","guid":{"rendered":"http:\/\/localhost\/hommywp\/china-thai-electric-round-pan-fried-ice-cream-roll-maker-factory\/"},"modified":"2025-08-01T09:57:44","modified_gmt":"2025-08-01T09:57:44","slug":"maquina-de-fazer-rolos-de-gelado-frito-tailandes-maquina-de-fazer-rolos-de-gelado","status":"publish","type":"product","link":"https:\/\/www.hommy.com\/pt\/p\/maquina-de-fazer-rolos-de-gelado-frito-tailandes-maquina-de-fazer-rolos-de-gelado\/","title":{"rendered":"China F\u00e1brica de M\u00e1quina de Sorvete Expresso de Panela Redonda Tailandesa"},"content":{"rendered":"<div>\n<p>&nbsp;<\/p>\n<h2 style=\"text-align: center\"><span style=\"font-family: arial, helvetica, sans-serif;font-weight: 700;text-align: center;font-size: 20px\"><a name=\"Thai fried Ice cream roll maker\/High Quality Fried frozen yogurt\/Thai Thailand fried ice cream machine\"><\/a>M\u00e1quina de Sorvete Tailand\u00eas Frito M\u00e1quina de Sorvete Tailand\u00eas Frito de Alta Qualidade<\/span><\/h2>\n<p style=\"text-align: center\"><\/p>\n<p style=\"text-align: center\"><a href=\"#Thai fried Ice cream roll maker\/High Quality Fried frozen yogurt\/Thai Thailand fried ice cream machine\" target=\"_self\" data-lv=\"0\" rel=\"noopener\"><span style=\"font-family: arial, helvetica, sans-serif\">M\u00e1quina de Sorvete Tailand\u00eas Frito M\u00e1quina de Sorvete Tailand\u00eas Frito de Alta Qualidade<\/span><\/a><span style=\"font-family: arial, helvetica, sans-serif\">|<a href=\"#PRODUCT FEATURES\" target=\"_self\" data-lv=\"0\" rel=\"noopener\">CARACTER\u00cdSTICAS DO PRODUTO<\/a>|<a href=\"#Fried Ice cream roll maker\" target=\"_self\" data-lv=\"0\" rel=\"noopener\">M\u00e1quina de fazer rolos de gelado fritos<\/a>|<a href=\"#Product specification\" target=\"_self\" data-lv=\"0\" rel=\"noopener\">Especifica\u00e7\u00e3o do produto<\/a>|<a href=\"#Product Features\" target=\"_self\" data-lv=\"0\" rel=\"noopener\">Carater\u00edsticas do produto<\/a>|<a href=\"#Product Description\" target=\"_self\" data-lv=\"0\" rel=\"noopener\">Descri\u00e7\u00e3o do produto<\/a>|<\/span><a href=\"#Operation Demonstration\" target=\"_self\" data-lv=\"0\" rel=\"noopener\"><span style=\"font-family: arial, helvetica, sans-serif\">Demonstra\u00e7\u00e3o da opera\u00e7\u00e3o<\/span><br \/><\/a><\/p>\n<p style=\"text-align: center\"><video src=\"https:\/\/img80002414.weyesimg.com\/uploads\/wij2rdgc.allweyes.com\/video\/15553215634613.mp4\" preload=\"none\" controls=\"\" poster=\"https:\/\/img80002414.weyesimg.com\/uploads\/wij2rdgc.allweyes.com\/images\/15553215473420.jpg\" data-setup=\"{}\" width=\"900\" height=\"640\"><\/video><\/p>\n<p>&nbsp;<\/p>\n<div class=\"text-left d-tem09-title d-interval\" data-detail=\"wrap\">\n<div class=\"title-header\">\n<p>A nossa m\u00e1quina de fazer rolos de gelado frito \u00e9 usada para fazer gelado frito, misturando gelado com uma massa especial. A m\u00e1quina de fazer rolos de gelado frito est\u00e1 dispon\u00edvel em v\u00e1rios tamanhos e formas para utiliza\u00e7\u00e3o em restaurantes, hot\u00e9is e outros estabelecimentos de restaura\u00e7\u00e3o<\/p>\n<h2><strong><span style=\"font-size: 24px;font-family: arial, helvetica, sans-serif\"><br \/><\/span><\/strong><\/h2>\n<h2><strong><span style=\"font-size: 24px;font-family: arial, helvetica, sans-serif\">CARACTER\u00cdSTICAS DO PRODUTO<\/span><\/strong><\/h2>\n<div class=\"subtitle\"><span>A f\u00e1brica da Hommy ocupa uma \u00e1rea de 30500 metros quadrados na cidade de Xinhui Jiangmen, incluindo linhas de produ\u00e7\u00e3o flex\u00edveis, laborat\u00f3rio de I&amp;D, centro de aprendizagem e oficina equipada com equipamento de ponta.<\/span><\/div>\n<\/div>\n<\/div>\n<p>&nbsp;<\/p>\n<div class=\"d-tem11-graphic tem11-graphic mockup\" data-detail=\"wrap\">\n<div class=\"tab_row\">\n<div class=\"img\" style=\"width: 50%\">\n<p style=\"text-align:center\"><img loading=\"lazy\" decoding=\"async\" title=\"\" alt=\"produto-Hommy-img\" src=\"https:\/\/www.hommy.com\/wp-content\/uploads\/15553218255331.jpg\" width=\"600\" height=\"800\" border=\"0\" vspace=\"0\" style=\"width: 600px;height: 800px\"><\/p>\n<\/div>\n<div class=\"text_box\" style=\"width: 50%\">\n<p>&nbsp;<span style=\"font-size: 24px\"><strong style=\"font-family: arial, helvetica, sans-serif;color: inherit;font-size: 30px\"><span><a name=\"Fried Ice cream roll maker\"><\/a>M\u00e1quina de fazer rolos de gelado fritos<\/span><\/strong><\/span><\/p>\n<p>&nbsp;<\/p>\n<p style=\"line-height: 2em\">As panelas s\u00e3o feitas de a\u00e7o inoxid\u00e1vel, podem utilizar \u00e1gua pura, mais uma f\u00f3rmula preparada e bebidas de fruta, pode criar uma variedade de tipos de gelados moles e duros, batidos, gelo, lama de gelo, lama, gelo de neve, gelo de fruta, papas de gelo, fruta, etc. <br \/>Descri\u00e7\u00e3o do produto: <br \/>O efeito de alta efici\u00eancia e de baixa temperatura \u00e9 excelente, podendo ultrapassar a temperatura de -25\u00b0C. <br \/>Sistema de controlo humanizado: com base no seu material para configurar o controlo de temperatura dos limites superior e inferior de -19'C a -22C. <br \/>A fun\u00e7\u00e3o de descongela\u00e7\u00e3o por pedal \u00e9 f\u00e1cil de controlar para o trabalhador. &nbsp; &nbsp; &nbsp; &nbsp; &nbsp; &nbsp; &nbsp;<br \/>\n &nbsp; &nbsp; &nbsp; &nbsp; &nbsp; &nbsp; &nbsp;<\/p>\n<p>&nbsp;<\/p>\n<\/div>\n<\/div>\n<\/div>\n<p>&nbsp;<\/p>\n<div class=\"text-left d-tem09-title d-interval\" data-detail=\"wrap\">\n<div class=\"title-header\">\n<div class=\"title\"><span style=\"font-size: 24px\"><\/span><\/p>\n<h2 style=\"margin-bottom: 0px;text-align: justify\"><span style=\"font-weight: 700;letter-spacing: 0px;font-size: 24px;font-family: arial, helvetica, sans-serif\"><a name=\"Product specification\"><\/a>Especifica\u00e7\u00e3o do produto\uff1a<\/span><span style=\"font-family: \u5b8b\u4f53;letter-spacing: 0px;font-size: 48px\"><\/span><\/h2>\n<p style=\"margin-bottom: 0px\"><span style=\"font-family: Calibri;font-size: 20px\">Par\u00e2metros t\u00e9cnicos:<\/span><\/p>\n<p><span><\/span><\/div>\n<\/div>\n<\/div>\n<p>&nbsp;<\/p>\n<p style=\"text-align:center\"><img decoding=\"async\" src=\"https:\/\/www.hommy.com\/wp-content\/uploads\/16008276911846.png\" alt=\"produto-M\u00e1quina de fazer rolos de gelado fritos tailandeses-M\u00e1quina de fazer rolos de gelado-Hommy-img\" title=\"\"><\/p>\n<p><\/p>\n<h2 style=\"margin-bottom: 0px\"><span style=\"font-weight: 700;font-size: 24px;font-family: arial, helvetica, sans-serif\"><a name=\"Product Features\"><\/a>Carater\u00edsticas do produto\uff1a<\/span><\/h2>\n<p style=\"margin-bottom: 0px\"><span style=\"font-family: Calibri;font-size: 16px\">As panelas s\u00e3o feitas de a\u00e7o inoxid\u00e1vel, podem utilizar \u00e1gua pura, al\u00e9m de uma f\u00f3rmula preparada<\/span><span style=\"font-family: \u5b8b\u4f53;font-size: 16px\">&nbsp;<\/span><span style=\"font-family: Calibri;font-size: 16px\">e bebidas de fruta, \u00e9 poss\u00edvel criar uma variedade de tipos de gelo mole e duro<\/span><span style=\"font-family: \u5b8b\u4f53;font-size: 16px\">&nbsp;<\/span><span style=\"font-family: Calibri;font-size: 16px\">Creme, batidos, gelo, lama gelada, lama, gelo de neve, gelo de fruta, papas de gelo, fruta, etc.<\/span><\/p>\n<p style=\"margin-bottom: 0px\"><span style=\"font-family: Calibri;font-size: 16px\"><br \/><\/span><\/p>\n<h2 style=\"margin-bottom: 0px\"><span style=\"font-weight: 700;font-size: 24px;font-family: arial, helvetica, sans-serif\"><a name=\"Product Description\"><\/a>Descri\u00e7\u00e3o do produto:<\/span><\/h2>\n<p style=\"margin-bottom: 0px\"><span style=\"font-family: Calibri;font-size: 16px\">1. O efeito de alta efici\u00eancia e baixa temperatura \u00e9 excelente, podendo passar a temperatura de -25\u00b0C.<\/span><\/p>\n<p style=\"margin-bottom: 0px\"><span style=\"font-family: Calibri;font-size: 16px\">2. Sistema de controlo humanizado: com base no seu material a configurar Controlo da temperatura dos limites superior e inferior de -19'C a -22C.<\/span><\/p>\n<p style=\"margin-bottom: 0px\"><span style=\"font-family: Calibri;font-size: 16px\">3. A fun\u00e7\u00e3o de descongela\u00e7\u00e3o por pedal \u00e9 f\u00e1cil de controlar para o trabalhador.<\/span><\/p>\n<p><span style=\"font-family: Calibri;font-size: 16px\"><br \/><\/span><\/p>\n<p>&nbsp;<\/p>\n<div class=\"text-left d-tem09-title d-interval\" data-detail=\"wrap\">\n<div class=\"title-header\">\n<h2><strong><span style=\"font-size: 24px;font-family: arial, helvetica, sans-serif\"><a name=\"Operation Demonstration\"><\/a>Demonstra\u00e7\u00e3o da opera\u00e7\u00e3o:&nbsp;<\/span><\/strong><\/h2>\n<p><span>FuncionamentoDemonstra\u00e7\u00e3o:O funcionamento \u00e9 muito simples, pode fazer a SECAGEM para fazer gelado cozido, pode adicionar mais sabores diferentes e materiais diferentes, por exemplo: a\u00e7\u00facar, cozinheiro, fruta e muito mais, pode fazer gelado em rolo com diferentes sabores.&nbsp;&nbsp;<\/span><\/p>\n<p><span><br \/><\/span><\/p>\n<p style=\"text-align:center\"><span><img loading=\"lazy\" decoding=\"async\" src=\"https:\/\/www.hommy.com\/wp-content\/uploads\/16008277752200.jpg\" title=\"\" alt=\"produto-Hommy-img\" width=\"800\" height=\"233\" border=\"0\" vspace=\"0\" style=\"width: 800px;height: 233px\"><\/span><\/p>\n<\/div>\n<\/div>\n<p style=\"line-height: 2em\"><\/p>\n<p>Documento\uff1a<img decoding=\"async\" src=\"https:\/\/www.hommy.com\/wp-content\/uploads\/icon_pdf-55.gif\" style=\"margin-right: 2px\" alt=\"produto-Hommy-img\" title=\"\"><a href=\"https:\/\/img80002414.weyesimg.com\/uploads\/www.hommy.com\/addon\/16027266629881.pdf\" title=\"16027266629881.pdf\" style=\"font-size: 12px\">16027266629881.pdf<\/a><\/p>\n<h2>Como se faz um gelado siciliano?&nbsp;<\/h2>\n<p style=\"margin-top: 5px;margin-bottom: 5px\">A Sic\u00edlia \u00e9 considerada um dos locais de nascimento da ind\u00fastria italiana de gelados. O gelado siciliano \u00e9 muitas vezes referido como gelado de ricota. \u00c9 cremoso, picante e leve. A ricota \u00e9 um queijo italiano derivado do soro de leite que sobra do fabrico de queijo, semelhante ao queijo fresco.<\/p>\n<p style=\"margin-top: 5px;margin-bottom: 5px\">Estou sempre \u00e0 procura de formas de adicionar um pouco de cor, um sabor divertido e um pouco de capricho \u00e0 minha dieta di\u00e1ria. Mal posso esperar para partilhar convosco o que descobri. O gelado siciliano, que \u00e9 t\u00e3o simples de fazer, vai certamente estar na minha mesa em breve.<\/p>\n<p style=\"margin-top: 5px;margin-bottom: 5px\"><\/p>\n<h2>Como se chama o gelado mexicano?<\/h2>\n<p style=\"margin-top: 5px;margin-bottom: 5px\">O termo mais comum para gelado no M\u00e9xico \u00e9 helado, que se traduz em \"neve\" ou \"gelo\" (o \"h\" \u00e9 silencioso). Este \u00e9 o mesmo termo usado nos EUA, mas no M\u00e9xico tamb\u00e9m \u00e9 usado para gelado que n\u00e3o est\u00e1 congelado. Por exemplo, num vendedor de rua que vende gelados, pode pedir-se helado de leche, que \u00e9 gelado de leite.<\/p>\n<p style=\"margin-top: 5px;margin-bottom: 5px\"><\/p>\n<h2>Quanto custa uma m\u00e1quina de batidos da McDonald's?<\/h2>\n<p style=\"margin-top: 5px;margin-bottom: 5px\">De acordo com uma lista de pre\u00e7os dispon\u00edvel no s\u00edtio Web da McDonald's, uma m\u00e1quina de batidos McDonald's b\u00e1sica custa $1.400, enquanto um modelo premium custa $1.600. Os pre\u00e7os incluem o custo da m\u00e1quina, o hardware da m\u00e1quina, o software da m\u00e1quina e a instala\u00e7\u00e3o.<\/p>\n<\/div><\/div>","protected":false},"excerpt":{"rendered":"<p>&nbsp; Thai fried Ice cream roll maker\/High Quality Fried frozen yogurt\/Thai Thailand fried ice cream machine Thai fried Ice cream roll maker\/High Quality Fried frozen yogurt\/Thai Thailand fried ice cream machine|PRODUCT FEATURES|Fried Ice cream roll maker|Product specification|Product Features|Product Description|Operation Demonstration &nbsp; Our Fried ice cream roll maker is used to make Fried ice cream by [&hellip;]<\/p>\n","protected":false},"featured_media":813,"comment_status":"open","ping_status":"open","template":"","meta":{"_swt_meta_header_display":false,"_swt_meta_footer_display":false,"_swt_meta_site_title_display":false,"_swt_meta_sticky_header":false,"_swt_meta_transparent_header":false},"product_brand":[],"product_cat":[83,77],"product_tag":[],"class_list":{"0":"post-817","1":"product","2":"type-product","3":"status-publish","4":"has-post-thumbnail","6":"product_cat-fried-ice-cream-machine","7":"product_cat-ice-cream-machine","9":"first","10":"instock","11":"shipping-taxable","12":"product-type-simple"},"_links":{"self":[{"href":"https:\/\/www.hommy.com\/pt\/wp-json\/wp\/v2\/product\/817","targetHints":{"allow":["GET"]}}],"collection":[{"href":"https:\/\/www.hommy.com\/pt\/wp-json\/wp\/v2\/product"}],"about":[{"href":"https:\/\/www.hommy.com\/pt\/wp-json\/wp\/v2\/types\/product"}],"replies":[{"embeddable":true,"href":"https:\/\/www.hommy.com\/pt\/wp-json\/wp\/v2\/comments?post=817"}],"wp:featuredmedia":[{"embeddable":true,"href":"https:\/\/www.hommy.com\/pt\/wp-json\/wp\/v2\/media\/813"}],"wp:attachment":[{"href":"https:\/\/www.hommy.com\/pt\/wp-json\/wp\/v2\/media?parent=817"}],"wp:term":[{"taxonomy":"product_brand","embeddable":true,"href":"https:\/\/www.hommy.com\/pt\/wp-json\/wp\/v2\/product_brand?post=817"},{"taxonomy":"product_cat","embeddable":true,"href":"https:\/\/www.hommy.com\/pt\/wp-json\/wp\/v2\/product_cat?post=817"},{"taxonomy":"product_tag","embeddable":true,"href":"https:\/\/www.hommy.com\/pt\/wp-json\/wp\/v2\/product_tag?post=817"}],"curies":[{"name":"wp","href":"https:\/\/api.w.org\/{rel}","templated":true}]}}