{"id":812,"date":"2024-07-02T16:38:55","date_gmt":"2024-07-02T16:38:55","guid":{"rendered":"http:\/\/localhost\/hommywp\/hm-sm-900-mobile-cold-temperature-pan-fried-ice-cream-machine\/"},"modified":"2025-08-01T09:57:43","modified_gmt":"2025-08-01T09:57:43","slug":"hm-sm-900-maquina-de-gelado-de-frigideira","status":"publish","type":"product","link":"https:\/\/www.hommy.com\/pt\/p\/hm-sm-900-maquina-de-gelado-de-frigideira\/","title":{"rendered":"Hm-Sm-900 M\u00e1quina de Sorvete Expresso M\u00f3vel com Temperatura Fria"},"content":{"rendered":"<div>\n<p><\/p>\n<p><\/p>\n<h2 style=\"text-align: center\"><span style=\"font-family: Helvetica;letter-spacing: 0;font-size: 29px\"><a name=\"Double Pan Fried Ice Cream Maker\"><\/a><strong>Dupla frigideira frita <a style=\"color:blue\" href=\"\/pt\/\">M\u00e1quina de gelados<\/a><\/strong>&nbsp;<\/span><\/h2>\n<p style=\"text-align: center\"><a href=\"#Double Pan Fried Ice Cream Maker\" target=\"_self\" data-lv=\"0\" rel=\"noopener\"><span style=\"letter-spacing: 0px;font-size: 16px;font-family: arial, helvetica, sans-serif\">M\u00e1quina de gelados de frigideira dupla<\/span><\/a><span style=\"letter-spacing: 0px;font-size: 16px;font-family: arial, helvetica, sans-serif\">|<a href=\"#Product specification\" target=\"_self\" data-lv=\"0\" rel=\"noopener\">Especifica\u00e7\u00e3o do produto<\/a>|<a href=\"#Product Features\" target=\"_self\" data-lv=\"0\" rel=\"noopener\">Carater\u00edsticas do produto<\/a>|<a href=\"#Product Description\" target=\"_self\" data-lv=\"0\" rel=\"noopener\">Descri\u00e7\u00e3o do produto<\/a>|<a href=\"#Operation Demonstration\" target=\"_self\" data-lv=\"0\" rel=\"noopener\">Demonstra\u00e7\u00e3o da opera\u00e7\u00e3o<\/a><\/span><\/p>\n<p><\/p>\n<p style=\"text-align: center\">&nbsp;<\/p>\n<p>Panela <a style=\"color:blue\" href=\"https:\/\/www.hommy.com\/pt\/maquina-de-gelados-fritos\/\">M\u00e1quina de gelados fritos<\/a> dispon\u00edvel em v\u00e1rias capacidades e com grandes op\u00e7\u00f5es atractivas a pre\u00e7os l\u00edderes na ind\u00fastria. Caso esteja a planear comprar este produto, n\u00e3o hesite em visitar o nosso showroom online. Temos os melhores pre\u00e7os do mercado e as entregas s\u00e3o efectuadas atempadamente.<\/p>\n<h2 style=\"margin-bottom: 0px;text-align: justify\"><span style=\"letter-spacing: 0px;font-size: 24px;font-weight: 700;font-family: arial, helvetica, sans-serif\"><a name=\"Product specification\"><\/a>Especifica\u00e7\u00e3o do produto\uff1a<\/span><span style=\"font-family: \u5b8b\u4f53;letter-spacing: 0px;font-size: 48px\"><\/span><\/h2>\n<p style=\"margin-bottom: 0px\"><span style=\"font-family: Calibri;font-size: 20px\">Par\u00e2metros t\u00e9cnicos:<\/span><\/p>\n<p style=\"margin-bottom: 0px\"><span style=\"font-family: Calibri;font-size: 20px\"><br \/><\/span><\/p>\n<p style=\"margin-bottom: 0px\"><span style=\"font-family: Calibri;font-size: 20px\"><br \/><\/span><\/p>\n<p style=\"text-align:center\"><img decoding=\"async\" src=\"https:\/\/www.hommy.com\/wp-content\/uploads\/16007637367973.png\" alt=\"produto-Hommy-img\" title=\"\"><\/p>\n<p><span style=\"font-weight: 700\"><span style=\"font-family: \u5b8b\u4f53;font-size: 24px\"><br \/><\/span><\/span><\/p>\n<h2><span style=\"font-family:\u5b8b\u4f53;font-size:29px\"><\/span><span style=\"font-size: 24px;font-weight: 700;font-family: arial, helvetica, sans-serif\"><a name=\"Product Features\"><\/a>Carater\u00edsticas do produto\uff1a<\/span><span style=\"font-family:Calibri;font-size:29px\"><\/span><\/h2>\n<p><span style=\"font-family:Calibri;font-size:16px\">As panelas s\u00e3o feitas de a\u00e7o inoxid\u00e1vel, podem utilizar \u00e1gua pura, al\u00e9m de uma f\u00f3rmula preparada<\/span><span style=\"font-family:\u5b8b\u4f53;font-size:16px\">&nbsp;<\/span><span style=\"font-family:Calibri;font-size:16px\">e bebidas de fruta, \u00e9 poss\u00edvel criar uma variedade de tipos de gelo mole e duro<\/span><span style=\"font-family:\u5b8b\u4f53;font-size:16px\">&nbsp;<\/span><span style=\"font-family:Calibri;font-size:16px\">Creme, batidos, gelo, lama gelada, lama, gelo de neve, gelo de fruta, papas de gelo, fruta, etc.<\/span><\/p>\n<p><span style=\"font-family:Calibri;font-size:16px\"><br \/><\/span><\/p>\n<h2><span style=\"font-size: 24px;font-weight: 700;font-family: arial, helvetica, sans-serif\"><a name=\"Product Description\"><\/a>Descri\u00e7\u00e3o do produto:<\/span><\/h2>\n<p style=\"margin-bottom: 0px\"><span style=\"font-family: Calibri;font-size: 16px\">1. O efeito de alta efici\u00eancia e baixa temperatura \u00e9 excelente, podendo passar a temperatura de -25\u00b0C.<\/span><\/p>\n<p style=\"margin-bottom: 0px\"><span style=\"font-family: Calibri;font-size: 16px\">2. Sistema de controlo humanizado: com base no seu material a configurar Controlo da temperatura dos limites superior e inferior de -19'C a -22C.<\/span><\/p>\n<p style=\"margin-bottom: 0px\"><span style=\"font-family: Calibri;font-size: 16px\">3. A fun\u00e7\u00e3o de descongela\u00e7\u00e3o por pedal \u00e9 f\u00e1cil de controlar para o trabalhador.<\/span><\/p>\n<p style=\"margin-bottom: 0px\"><span style=\"font-family: Calibri;font-size: 16px\"><br \/><\/span><\/p>\n<h2 style=\"margin-bottom: 0px\"><span style=\"font-size: 24px;font-weight: 700;font-family: arial, helvetica, sans-serif\"><a name=\"Operation Demonstration\"><\/a>Demonstra\u00e7\u00e3o da opera\u00e7\u00e3o:<\/span><\/h2>\n<p style=\"margin-bottom: 0px\"><span style=\"font-family: \u5b8b\u4f53;font-size: 16px\">A opera\u00e7\u00e3o \u00e9 muito simples, voc\u00ea pode fazer o DRY para fazer sorvete queimado, voc\u00ea pode adicionar mais sabor diferente e material diferente, por exemplo: a\u00e7\u00facar, cozinhar, frutas e muito mais, voc\u00ea pode fazer rolo de sorvete de sabor diferente.&nbsp;<\/span><\/p>\n<p style=\"margin-bottom: 0px\"><span style=\"font-family: \u5b8b\u4f53;font-size: 16px\"><br \/><\/span><\/p>\n<p style=\"text-align: center\"><img loading=\"lazy\" decoding=\"async\" src=\"https:\/\/www.hommy.com\/wp-content\/uploads\/16007638228145.jpg\" title=\"\" alt=\"produto-HM-SM-900 M\u00e1quina de gelados fritos na frigideira-Hommy-img\" width=\"850\" height=\"233\" border=\"0\" vspace=\"0\" style=\"width: 850px;height: 233px\"><\/p>\n<p>Documento\uff1a<img decoding=\"async\" src=\"https:\/\/www.hommy.com\/wp-content\/uploads\/icon_pdf-54.gif\" style=\"margin-right: 2px\" alt=\"produto-Hommy-img\" title=\"\"><a href=\"https:\/\/img80002414.weyesimg.com\/uploads\/www.hommy.com\/addon\/16027279214159.pdf\" title=\"16027279214159.pdf\" style=\"font-size: 12px\">16027279214159.pdf<\/a><\/p>\n<h2>Porque \u00e9 que a mcdonalds <a style=\"color:blue\" href=\"\/pt\/\">m\u00e1quina de gelados<\/a> nunca funcionam?<\/h2>\n<p style=\"margin-top: 5px;margin-bottom: 5px\"><\/p>\n<p style=\"margin-top: 5px;margin-bottom: 5px\">Tenho uma m\u00e1quina de gelados da McDonalds h\u00e1 v\u00e1rios anos. Funcionou bem at\u00e9 h\u00e1 cerca de um ano, mas depois deixou de funcionar. Liga-se, faz barulho e apita, mas n\u00e3o acontece nada. Quando vou l\u00e1 para a arranjar, n\u00e3o h\u00e1 nada de errado com ela. Apenas n\u00e3o est\u00e1 a funcionar. Algu\u00e9m sabe o que poder\u00e1 estar errado com ele?<\/p>\n<p style=\"margin-top: 5px;margin-bottom: 5px\"><\/p>\n<h2>Coment\u00e1rios sobre a m\u00e1quina de gelados do McDonalds que nunca funciona?<\/h2>\n<p style=\"margin-top: 5px;margin-bottom: 5px\"><\/p>\n<p style=\"margin-top: 5px;margin-bottom: 5px\">Isto pode ser \u00fatil:<\/p>\n<p style=\"margin-top: 5px;margin-bottom: 5px\">As duas raz\u00f5es mais comuns para uma m\u00e1quina n\u00e3o funcionar s\u00e3o:<\/p>\n<p style=\"margin-top: 5px;margin-bottom: 5px\"><\/p>\n<p style=\"margin-top: 5px;margin-bottom: 5px\">1. Uma m\u00e1quina com um motor antigo. Se o motor tiver morrido, ent\u00e3o<\/p>\n<p style=\"margin-top: 5px;margin-bottom: 5px\"><\/p>\n<p style=\"margin-top: 5px;margin-bottom: 5px\">\u00c9 mais saud\u00e1vel fazer o seu pr\u00f3prio gelado?<\/p>\n<p style=\"margin-top: 5px;margin-bottom: 5px\"><\/p>\n<p style=\"margin-top: 5px;margin-bottom: 5px\">Fa\u00e7a o seu pr\u00f3prio gelado. \u00c9 mais barato. Controla os ingredientes. \u00c9 uma \u00f3ptima maneira de comer alguns vegetais. E \u00e9 uma \u00f3ptima desculpa para fazer mais gelado de chocolate,<\/p>\n<\/div><\/div>","protected":false},"excerpt":{"rendered":"<p>Double Pan Fried Ice Cream Maker&nbsp; Double Pan Fried Ice Cream Maker|Product specification|Product Features|Product Description|Operation Demonstration &nbsp; Pan Fried Ice Cream Machine available in various capacities and with great attractive options at industry leading prices. In case you are planning to buy this, feel free to visit our online showroom. We are having the best [&hellip;]<\/p>\n","protected":false},"featured_media":1942,"comment_status":"open","ping_status":"open","template":"","meta":{"_swt_meta_header_display":false,"_swt_meta_footer_display":false,"_swt_meta_site_title_display":false,"_swt_meta_sticky_header":false,"_swt_meta_transparent_header":false},"product_brand":[],"product_cat":[83,77],"product_tag":[],"class_list":{"0":"post-812","1":"product","2":"type-product","3":"status-publish","4":"has-post-thumbnail","6":"product_cat-fried-ice-cream-machine","7":"product_cat-ice-cream-machine","9":"first","10":"instock","11":"shipping-taxable","12":"product-type-simple"},"_links":{"self":[{"href":"https:\/\/www.hommy.com\/pt\/wp-json\/wp\/v2\/product\/812","targetHints":{"allow":["GET"]}}],"collection":[{"href":"https:\/\/www.hommy.com\/pt\/wp-json\/wp\/v2\/product"}],"about":[{"href":"https:\/\/www.hommy.com\/pt\/wp-json\/wp\/v2\/types\/product"}],"replies":[{"embeddable":true,"href":"https:\/\/www.hommy.com\/pt\/wp-json\/wp\/v2\/comments?post=812"}],"wp:featuredmedia":[{"embeddable":true,"href":"https:\/\/www.hommy.com\/pt\/wp-json\/wp\/v2\/media\/1942"}],"wp:attachment":[{"href":"https:\/\/www.hommy.com\/pt\/wp-json\/wp\/v2\/media?parent=812"}],"wp:term":[{"taxonomy":"product_brand","embeddable":true,"href":"https:\/\/www.hommy.com\/pt\/wp-json\/wp\/v2\/product_brand?post=812"},{"taxonomy":"product_cat","embeddable":true,"href":"https:\/\/www.hommy.com\/pt\/wp-json\/wp\/v2\/product_cat?post=812"},{"taxonomy":"product_tag","embeddable":true,"href":"https:\/\/www.hommy.com\/pt\/wp-json\/wp\/v2\/product_tag?post=812"}],"curies":[{"name":"wp","href":"https:\/\/api.w.org\/{rel}","templated":true}]}}