{"id":808,"date":"2024-07-02T16:38:51","date_gmt":"2024-07-02T16:38:51","guid":{"rendered":"http:\/\/localhost\/hommywp\/hm-sm-800-portable-double-pan-cold-plate-fried-ice-cream-machine\/"},"modified":"2025-08-01T09:57:42","modified_gmt":"2025-08-01T09:57:42","slug":"hm-sm-800-maquina-de-gelados-de-dupla-frigideira","status":"publish","type":"product","link":"https:\/\/www.hommy.com\/pt\/p\/hm-sm-800-maquina-de-gelados-de-dupla-frigideira\/","title":{"rendered":"Hm-Sm-800 M\u00e1quina de Sorvete Expresso de Placa Fria de Bandeja Dupla Port\u00e1til"},"content":{"rendered":"<div>\n<p>&nbsp;&nbsp;&nbsp;&nbsp;<\/p>\n<p><\/p>\n<h2 style=\"text-align: center\"><strong><span style=\"letter-spacing: 0px;font-size: 29px;font-family: arial, helvetica, sans-serif\"><a name=\"Double Pan Fried Ice Cream Maker\"><\/a>M\u00e1quina de gelados de frigideira dupla<\/span><\/strong><\/h2>\n<p style=\"text-align: center\"><span style=\"font-size: 16px\"><span style=\"letter-spacing: 0px;font-family: arial, helvetica, sans-serif\"><a href=\"#Double Pan Fried Ice Cream Maker\" target=\"_self\" data-lv=\"0\" rel=\"noopener\">M\u00e1quina de gelados de frigideira dupla<\/a>|<a href=\"#Product specification\" target=\"_self\" data-lv=\"0\" rel=\"noopener\">Especifica\u00e7\u00e3o do produto<\/a>|<a href=\"#Product Features\" target=\"_self\" data-lv=\"0\" rel=\"noopener\">Carater\u00edsticas do produto<\/a>|<a href=\"#Product Description\" target=\"_self\" data-lv=\"0\" rel=\"noopener\">Descri\u00e7\u00e3o do produto<\/a>|<a href=\"#Operation Demonstration\" target=\"_self\" data-lv=\"0\" rel=\"noopener\">Demonstra\u00e7\u00e3o da opera\u00e7\u00e3o<\/a><\/span><\/span><\/p>\n<p><\/p>\n<p style=\"text-align: center\">\n<p>Somos um dos principais fabricantes de <a style=\"color:blue\" href=\"https:\/\/www.hommy.com\/pt\/maquina-de-gelados-fritos\/\">M\u00e1quina de gelados fritos<\/a>. Os nossos produtos s\u00e3o muito procurados no mercado. Os nossos produtos s\u00e3o muito procurados no mercado.<\/p>\n<h2 style=\"margin-bottom: 0px;text-align: justify\"><strong><span style=\"letter-spacing: 0px;font-size: 24px;font-weight: 700;font-family: arial, helvetica, sans-serif\"><a name=\"Product specification\"><\/a>Especifica\u00e7\u00e3o do produto\uff1a<\/span><\/strong><span style=\"font-family: \u5b8b\u4f53;letter-spacing: 0px;font-size: 48px\"><\/span><\/h2>\n<p style=\"margin-bottom: 0px\"><span style=\"font-family: Calibri;font-size: 20px\">Par\u00e2metros t\u00e9cnicos:<\/span><\/p>\n<p style=\"margin-bottom: 0px\"><span style=\"font-family: Calibri;font-size: 20px\"><br \/><\/span><\/p>\n<p style=\"margin-bottom: 0px\"><span style=\"font-family: Calibri;font-size: 20px\"><br \/><\/span><\/p>\n<p style=\"margin-bottom: 0px\"><span style=\"font-family: Calibri;font-size: 20px\"><\/span><\/p>\n<p style=\"margin-top:0;margin-right:0;margin-bottom:0;margin-left:0;text-indent:0;text-align:justify\"><\/p>\n<p style=\"text-align: center\"><span style=\"font-family: Calibri;font-size: 20px\"><img decoding=\"async\" src=\"https:\/\/www.hommy.com\/wp-content\/uploads\/16007631089986.png\" alt=\"produto-Hommy-img\" title=\"\"><\/span><\/p>\n<p><span style=\"font-family: Calibri;font-size: 20px\"><br \/><\/span><\/p>\n<p><span style=\"font-weight: 700;font-family: \u5b8b\u4f53;font-size: 24px\"><br \/><\/span><\/p>\n<h2><span style=\"font-size: 24px\"><strong><span style=\"font-weight: 700;font-family: arial, helvetica, sans-serif\"><a name=\"Product Features\"><\/a>Carater\u00edsticas do produto\uff1a<\/span><\/strong><\/span><\/h2>\n<p><span style=\"font-family: Calibri;font-size: 20px\"><\/span><\/p>\n<p><span style=\"font-family:Calibri;font-size:16px\">As panelas s\u00e3o feitas de a\u00e7o inoxid\u00e1vel, podem utilizar \u00e1gua pura, al\u00e9m de uma f\u00f3rmula preparada<\/span><span style=\"font-family:\u5b8b\u4f53;font-size:16px\">&nbsp;<\/span><span style=\"font-family:Calibri;font-size:16px\">e bebidas de fruta, \u00e9 poss\u00edvel criar uma variedade de tipos de gelo mole e duro<\/span><span style=\"font-family:\u5b8b\u4f53;font-size:16px\">&nbsp;<\/span><span style=\"font-family:Calibri;font-size:16px\">Creme, batidos, gelo, lama gelada, lama, gelo de neve, gelo de fruta, papas de gelo, fruta, etc.<\/span><\/p>\n<p><span style=\"font-weight: 700;font-size: 24px;font-family: \u5b8b\u4f53\"><br \/><\/span><\/p>\n<h2><strong><span style=\"font-weight: 700;font-family: arial, helvetica, sans-serif;font-size: 24px\"><a name=\"Product Description\"><\/a>Descri\u00e7\u00e3o do produto:<\/span><\/strong><\/h2>\n<p><span style=\"font-family:Calibri;font-size:16px\">1. O efeito de alta efici\u00eancia e baixa temperatura \u00e9 excelente, podendo passar a temperatura de -25\u00b0C.<\/span><\/p>\n<p><span style=\"font-family:Calibri;font-size:16px\">2. Sistema de controlo humanizado: com base no seu material a configurar Controlo da temperatura dos limites superior e inferior de -19'C a -22C.<\/span><\/p>\n<p><span style=\"font-family:Calibri;font-size:16px\">3. A fun\u00e7\u00e3o de descongela\u00e7\u00e3o por pedal \u00e9 f\u00e1cil de controlar para o trabalhador.<\/span><\/p>\n<h2><span style=\"font-family: arial, helvetica, sans-serif;font-size: 24px\"><br \/><\/span><\/h2>\n<h2><span style=\"font-family: arial, helvetica, sans-serif;font-size: 24px\"><\/span><\/h2>\n<h2 style=\"margin-bottom: 0px\"><span style=\"font-weight: 700;font-family: arial, helvetica, sans-serif;font-size: 24px\"><a name=\"Operation Demonstration\"><\/a>Demonstra\u00e7\u00e3o da opera\u00e7\u00e3o:<\/span><\/h2>\n<p style=\"margin-bottom: 0px\"><span style=\"font-family: \u5b8b\u4f53;font-size: 16px\">A opera\u00e7\u00e3o \u00e9 muito simples, voc\u00ea pode fazer o DRY para fazer sorvete queimado, voc\u00ea pode adicionar mais sabor diferente e material diferente, por exemplo: a\u00e7\u00facar, cozinhar, frutas e muito mais, voc\u00ea pode fazer rolo de sorvete de sabor diferente.&nbsp;<\/span><\/p>\n<p style=\"margin-bottom: 0px\"><span style=\"font-family: \u5b8b\u4f53;font-size: 29px\">&nbsp;<\/span><\/p>\n<p style=\"text-align: center\"><span style=\"font-family: Calibri;font-size: 20px\"><img loading=\"lazy\" decoding=\"async\" src=\"https:\/\/www.hommy.com\/wp-content\/uploads\/16007633417754.jpg\" title=\"\" alt=\"produto-Hommy-img\" width=\"850\" height=\"311\" border=\"0\" vspace=\"0\" style=\"width: 850px;height: 311px\"><\/span><\/p>\n<p>Documento\uff1a<img decoding=\"async\" src=\"https:\/\/www.hommy.com\/wp-content\/uploads\/icon_pdf-53.gif\" style=\"margin-right: 2px\" alt=\"produto-HM-SM-800 M\u00e1quina de gelados fritos de dupla frigideira-Hommy-img\" title=\"\"><a href=\"https:\/\/img80002414.weyesimg.com\/uploads\/www.hommy.com\/addon\/16027272246182.pdf\" title=\"16027272246182.pdf\" style=\"font-size: 12px\">16027272246182.pdf<\/a><\/p>\n<h2 style=\"font-family: sans-serif\">Qual \u00e9 o sabor do gelado azul?<\/h2>\n<p style=\"margin-top: 5px;margin-bottom: 5px;font-family: sans-serif;font-size: 16px\">O gelado azul \u00e9 um tipo de gelado, tipicamente feito com um xarope de sabor azul, e normalmente servido numa embalagem de pl\u00e1stico.<\/p>\n<p style=\"margin-top: 5px;margin-bottom: 5px;font-family: sans-serif;font-size: 16px\"><\/p>\n<h2 style=\"font-family: sans-serif\">os cami\u00f5es de gelados ainda existem?<\/h2>\n<p style=\"margin-top: 5px;margin-bottom: 5px;font-family: sans-serif;font-size: 16px\">Como podem ou n\u00e3o saber, o nosso querido amigo Zev \u00e9 um grande f\u00e3 de cami\u00f5es de gelados. \u00c9 conhecido por comprar um cone a meio da noite nas ruas da cidade. Tamb\u00e9m \u00e9 conhecido por comprar um cone a meio do dia nas ruas da cidade.&nbsp;<\/p>\n<p style=\"margin-top: 5px;margin-bottom: 5px;font-family: sans-serif;font-size: 16px\">Quando eu estava a crescer, havia um certo tipo de cami\u00e3o de gelados que aparecia regularmente no meu bairro. Estacionava a algumas ruas, tocava uma m\u00fasica pop e descia a rua, servindo gelado de baunilha ou chocolate com molho de chocolate, granulado e um cone.<\/p>\n<p style=\"margin-top: 5px;margin-bottom: 5px;font-family: sans-serif;font-size: 16px\"><\/p>\n<h2 style=\"font-family: sans-serif\">Quanto dinheiro se pode ganhar com uma geladaria?<\/h2>\n<p style=\"margin-top: 5px;margin-bottom: 5px;font-family: sans-serif;font-size: 16px\">Para ganhar dinheiro como propriet\u00e1rio e gestor de uma geladaria, \u00e9 necess\u00e1rio conhecer os custos de funcionamento da loja. Isto ajud\u00e1-lo-\u00e1 a saber quanto pode cobrar pelos bens e servi\u00e7os que fornece. No entanto, isto n\u00e3o \u00e9 tudo. Para ganhar dinheiro, \u00e9 necess\u00e1rio conhecer outros custos, como o funcionamento da loja e a obten\u00e7\u00e3o de dinheiro de diferentes formas.<\/p>\n<\/div><\/div>","protected":false},"excerpt":{"rendered":"<p>&nbsp;&nbsp;&nbsp;&nbsp; Double Pan Fried Ice Cream Maker Double Pan Fried Ice Cream Maker|Product specification|Product Features|Product Description|Operation Demonstration We are one of the leading manufacturers of Fried Ice Cream Machine. Our products are widely demanded in the market. Our products are widely demanded in the market. Product specification\uff1a Technical Parameters: Product Features\uff1a The pans is made [&hellip;]<\/p>\n","protected":false},"featured_media":1941,"comment_status":"open","ping_status":"open","template":"","meta":{"_swt_meta_header_display":false,"_swt_meta_footer_display":false,"_swt_meta_site_title_display":false,"_swt_meta_sticky_header":false,"_swt_meta_transparent_header":false},"product_brand":[],"product_cat":[83,77],"product_tag":[],"class_list":{"0":"post-808","1":"product","2":"type-product","3":"status-publish","4":"has-post-thumbnail","6":"product_cat-fried-ice-cream-machine","7":"product_cat-ice-cream-machine","9":"first","10":"instock","11":"shipping-taxable","12":"product-type-simple"},"_links":{"self":[{"href":"https:\/\/www.hommy.com\/pt\/wp-json\/wp\/v2\/product\/808","targetHints":{"allow":["GET"]}}],"collection":[{"href":"https:\/\/www.hommy.com\/pt\/wp-json\/wp\/v2\/product"}],"about":[{"href":"https:\/\/www.hommy.com\/pt\/wp-json\/wp\/v2\/types\/product"}],"replies":[{"embeddable":true,"href":"https:\/\/www.hommy.com\/pt\/wp-json\/wp\/v2\/comments?post=808"}],"wp:featuredmedia":[{"embeddable":true,"href":"https:\/\/www.hommy.com\/pt\/wp-json\/wp\/v2\/media\/1941"}],"wp:attachment":[{"href":"https:\/\/www.hommy.com\/pt\/wp-json\/wp\/v2\/media?parent=808"}],"wp:term":[{"taxonomy":"product_brand","embeddable":true,"href":"https:\/\/www.hommy.com\/pt\/wp-json\/wp\/v2\/product_brand?post=808"},{"taxonomy":"product_cat","embeddable":true,"href":"https:\/\/www.hommy.com\/pt\/wp-json\/wp\/v2\/product_cat?post=808"},{"taxonomy":"product_tag","embeddable":true,"href":"https:\/\/www.hommy.com\/pt\/wp-json\/wp\/v2\/product_tag?post=808"}],"curies":[{"name":"wp","href":"https:\/\/api.w.org\/{rel}","templated":true}]}}