{"id":804,"date":"2024-07-02T16:38:48","date_gmt":"2024-07-02T16:38:48","guid":{"rendered":"http:\/\/localhost\/hommywp\/hm-sm-700-square-table-krim-goreng-ice-cream-rolled-machine\/"},"modified":"2025-08-01T09:57:42","modified_gmt":"2025-08-01T09:57:42","slug":"hm-sm-700-maquina-de-fazer-rolos-de-gelado-frito","status":"publish","type":"product","link":"https:\/\/www.hommy.com\/pt\/p\/hm-sm-700-maquina-de-fazer-rolos-de-gelado-frito\/","title":{"rendered":"Hm-Sm-700 M\u00e1quina de Sorvete Expresso de Mesa Quadrada Krim Goreng"},"content":{"rendered":"<div>\n<p style=\"text-align: center\"><span style=\"font-family: Helvetica;letter-spacing: 0;font-size: 29px\"><br \/><\/span><\/p>\n<h2 style=\"text-align: center\"><strong><span style=\"letter-spacing: 0px;font-size: 29px;font-family: arial, helvetica, sans-serif\"><a name=\"Rolled Ice Cream Maker\"><\/a>M\u00e1quina de gelado em rolo<\/span><\/strong><span style=\"font-family: Helvetica;letter-spacing: 0;font-size: 29px\">&nbsp;<\/span><\/h2>\n<p style=\"text-align: center\"><span style=\"letter-spacing: 0px;font-family: arial, helvetica, sans-serif;font-size: 16px\"><a href=\"#Rolled Ice Cream Maker\" target=\"_self\" data-lv=\"0\" rel=\"noopener\">M\u00e1quina de gelado em rolo<\/a>|<a href=\"#Product specification\" target=\"_self\" data-lv=\"0\" rel=\"noopener\">Especifica\u00e7\u00e3o do produto<\/a>|<a href=\"#Product Features\" target=\"_self\" data-lv=\"0\" rel=\"noopener\">Carater\u00edsticas do produto<\/a>|<a href=\"#Product Description\" target=\"_self\" data-lv=\"0\" rel=\"noopener\">Descri\u00e7\u00e3o do produto<\/a>|<a href=\"#Operation Demonstration\" target=\"_self\" data-lv=\"0\" rel=\"noopener\">Demonstra\u00e7\u00e3o da opera\u00e7\u00e3o<\/a><\/span><\/p>\n<p><span style=\"font-family: Helvetica;letter-spacing: 0;font-size: 29px\"><br \/><\/span><\/p>\n<p style=\"text-align: center\">\n<p>Se voc\u00ea est\u00e1 no mercado para uma m\u00e1quina de sorvete expresso, n\u00e3o h\u00e1 melhor lugar para comprar do que a nossa f\u00e1brica. Estamos no neg\u00f3cio de fabrica\u00e7\u00e3o e venda destas m\u00e1quinas h\u00e1 anos, e sabemos exatamente o que os nossos clientes est\u00e3o \u00e0 procura.<\/p>\n<p>Voc\u00ea pode ter certeza de que quando voc\u00ea compra uma m\u00e1quina de sorvete expresso da nossa f\u00e1brica, voc\u00ea est\u00e1 recebendo um produto de alta qualidade que ir\u00e1 atend\u00ea-lo bem por muitos anos. Estamos t\u00e3o confiantes nos nossos produtos que oferecemos uma garantia de satisfa\u00e7\u00e3o 100%.<\/p>\n<p>Se voc\u00ea est\u00e1 procurando por uma m\u00e1quina de sorvete expresso confi\u00e1vel e acess\u00edvel, a nossa f\u00e1brica \u00e9 o lugar perfeito para come\u00e7ar a sua pesquisa. Contacte-nos hoje para saber mais sobre os nossos produtos e para fazer o seu pedido.<\/p>\n<h2 style=\"margin: 0px;text-indent: 0px;text-align: justify\"><span style=\"font-family: arial, helvetica, sans-serif\"><strong><span style=\"letter-spacing: 0px;font-size: 24px\"><a name=\"Product specification\"><\/a>Especifica\u00e7\u00e3o do produto:<\/span><\/strong><\/span><\/h2>\n<p><span style=\"font-family: Calibri;font-size: 16px\">Par\u00e2metros t\u00e9cnicos:<\/span><\/p>\n<p><span style=\"font-family: Calibri;font-size: 16px\"><br \/><\/span><\/p>\n<p style=\"text-align:center\"><img decoding=\"async\" src=\"https:\/\/www.hommy.com\/wp-content\/uploads\/16007620699771.png\" alt=\"produto-Hommy-img\" title=\"\"><\/p>\n<h2><span style=\"font-size: 29px;font-family: arial, helvetica, sans-serif\"><br \/><\/span><\/h2>\n<h2><span style=\"font-family: arial, helvetica, sans-serif\"><strong><span style=\"font-size: 24px\"><a name=\"Product Features\"><\/a>Carater\u00edsticas do produto:<\/span><\/strong><strong><span style=\"font-size: 24px\"><\/span><\/strong><\/span><\/h2>\n<p><span style=\"font-family:Calibri;font-size:16px\">As panelas s\u00e3o feitas de a\u00e7o inoxid\u00e1vel, podem utilizar \u00e1gua pura, al\u00e9m de uma f\u00f3rmula preparada<\/span><span style=\"font-family:\u5b8b\u4f53;font-size:16px\">&nbsp;<\/span><span style=\"font-family:Calibri;font-size:16px\">e bebidas de fruta, \u00e9 poss\u00edvel criar uma variedade de tipos de gelo mole e duro<\/span><span style=\"font-family:\u5b8b\u4f53;font-size:16px\">&nbsp;<\/span><span style=\"font-family:Calibri;font-size:16px\">Creme, batidos, gelo, lama gelada, lama, gelo de neve, gelo de fruta, papas de gelo, fruta, etc.<\/span><\/p>\n<p><span style=\"font-family:Calibri;font-size:16px\"><br \/><\/span><\/p>\n<h2><span style=\"font-family: arial, helvetica, sans-serif\"><strong><span style=\"font-size: 24px\"><a name=\"Product Description\"><\/a>Descri\u00e7\u00e3o do produto:<\/span><\/strong><\/span><\/h2>\n<p><span style=\"font-family:Calibri;font-size:16px\">1. O efeito de alta efici\u00eancia e baixa temperatura \u00e9 excelente, podendo passar a temperatura de -25\u00b0C.<\/span><\/p>\n<p><span style=\"font-family:Calibri;font-size:16px\">2. Sistema de controlo humanizado: com base no seu material a configurar Controlo da temperatura dos limites superior e inferior de -19'C a -22C.<\/span><\/p>\n<p><span style=\"font-family: Calibri;font-size: 16px\">3. A fun\u00e7\u00e3o de descongela\u00e7\u00e3o por pedal \u00e9 f\u00e1cil de controlar para o trabalhador.<\/span><\/p>\n<p><span style=\"font-family:Calibri;font-size:16px\"><br \/><\/span><\/p>\n<h2><span style=\"font-family: arial, helvetica, sans-serif\"><strong><span style=\"font-size: 24px\"><a name=\"Operation Demonstration\"><\/a>Demonstra\u00e7\u00e3o da opera\u00e7\u00e3o:<\/span><\/strong><\/span><\/h2>\n<p><span style=\"font-size: 16px;font-family: \u5b8b\u4f53\">A opera\u00e7\u00e3o \u00e9 muito simples, voc\u00ea pode fazer o DRY para fazer sorvete queimado, voc\u00ea pode adicionar mais sabor diferente e material diferente, por exemplo: a\u00e7\u00facar, cozinhar, frutas e muito mais, voc\u00ea pode fazer rolo de sorvete de sabor diferente.&nbsp;<\/span><\/p>\n<p><span style=\"font-family:\u5b8b\u4f53;font-size:29px\">&nbsp;<\/span><\/p>\n<p style=\"text-align: center\"><img loading=\"lazy\" decoding=\"async\" src=\"https:\/\/www.hommy.com\/wp-content\/uploads\/16007621889457.jpg\" title=\"\" alt=\"produto-HM-SM-700 m\u00e1quina de fazer rolos de gelado frito-Hommy-img\" width=\"850\" height=\"233\" border=\"0\" vspace=\"0\" style=\"width: 850px;height: 233px\"><\/p>\n<p><\/p>\n<p>Documento\uff1a<img decoding=\"async\" src=\"https:\/\/www.hommy.com\/wp-content\/uploads\/icon_pdf-52.gif\" style=\"margin-right: 2px\" alt=\"produto-Hommy-img\" title=\"\"><a href=\"https:\/\/img80002414.weyesimg.com\/uploads\/www.hommy.com\/addon\/16027286528684.pdf\" title=\"16027286528684.pdf\" style=\"font-size: 12px\">16027286528684.pdf<\/a><\/p>\n<h2>As natas para bater s\u00e3o o mesmo que as natas para beber?<\/h2>\n<p style=\"margin-top: 5px;margin-bottom: 5px\"><\/p>\n<p style=\"margin-top: 5px;margin-bottom: 5px\">Qual \u00e9 a diferen\u00e7a entre as natas batidas e as natas espessas? N\u00e3o consigo encontrar nenhuma informa\u00e7\u00e3o na Internet. Pensava que as natas batidas eram mais leves do que as natas espessas.<\/p>\n<p style=\"margin-top: 5px;margin-bottom: 5px\"><\/p>\n<p style=\"margin-top: 5px;margin-bottom: 5px\"><\/p>\n<h2>Como se chama o creme de leite no M\u00e9xico?<\/h2>\n<p style=\"margin-top: 5px;margin-bottom: 5px\"><\/p>\n<p style=\"margin-top: 5px;margin-bottom: 5px\">A:<\/p>\n<p style=\"margin-top: 5px;margin-bottom: 5px\"><\/p>\n<p style=\"margin-top: 5px;margin-bottom: 5px\">No M\u00e9xico, o crema \u00e9 um ingrediente muito importante. Em muitas receitas h\u00e1 mesmo uma men\u00e7\u00e3o expl\u00edcita a ele. A palavra habitual nos pratos que conhe\u00e7o \u00e9 crema, que \u00e9 basicamente o mesmo que \"creme de leite\".<\/p>\n<p style=\"margin-top: 5px;margin-bottom: 5px\">Em alguns casos, \u00e9 mesmo parte integrante do prato, por exemplo, quando \u00e9 o \"ingrediente secreto\" do prato. Por exemplo, o prato mais importante da minha inf\u00e2ncia eram os huevos a la crema<\/p>\n<p style=\"margin-top: 5px;margin-bottom: 5px\"><\/p>\n<p style=\"margin-top: 5px;margin-bottom: 5px\"><\/p>\n<h2>Qu\u00e3o frio tem de estar o gelado para o fritar?<\/h2>\n<p style=\"margin-top: 5px;margin-bottom: 5px\"><\/p>\n<p style=\"margin-top: 5px;margin-bottom: 5px\">O gelado frio \u00e9 o melhor para fritar. O derretimento do gelado cria uma base suave para o \u00f3leo penetrar.<\/p>\n<p style=\"margin-top: 5px;margin-bottom: 5px\"><\/p>\n<p style=\"margin-top: 5px;margin-bottom: 5px\">Mas mesmo que derreta, continua a ser bom para fritar.<\/p>\n<p style=\"margin-top: 5px;margin-bottom: 5px\"><\/p>\n<p style=\"margin-top: 5px;margin-bottom: 5px\">O \u00f3leo penetrar\u00e1 no gelado e o \u00f3leo no gelado fritar\u00e1 o gelado.<\/p>\n<\/div><\/div>","protected":false},"excerpt":{"rendered":"<p>Rolled Ice Cream Maker&nbsp; Rolled Ice Cream Maker|Product specification|Product Features|Product Description|Operation Demonstration If you&#039;re in the market for an Ice Cream Rolled Machine, there&#039;s no better place to buy than from our factory. We&#039;ve been in the business of manufacturing and selling these machines for years, and we know exactly what our customers are looking [&hellip;]<\/p>\n","protected":false},"featured_media":1940,"comment_status":"open","ping_status":"open","template":"","meta":{"_swt_meta_header_display":false,"_swt_meta_footer_display":false,"_swt_meta_site_title_display":false,"_swt_meta_sticky_header":false,"_swt_meta_transparent_header":false},"product_brand":[],"product_cat":[83,77],"product_tag":[],"class_list":{"0":"post-804","1":"product","2":"type-product","3":"status-publish","4":"has-post-thumbnail","6":"product_cat-fried-ice-cream-machine","7":"product_cat-ice-cream-machine","9":"first","10":"instock","11":"shipping-taxable","12":"product-type-simple"},"_links":{"self":[{"href":"https:\/\/www.hommy.com\/pt\/wp-json\/wp\/v2\/product\/804","targetHints":{"allow":["GET"]}}],"collection":[{"href":"https:\/\/www.hommy.com\/pt\/wp-json\/wp\/v2\/product"}],"about":[{"href":"https:\/\/www.hommy.com\/pt\/wp-json\/wp\/v2\/types\/product"}],"replies":[{"embeddable":true,"href":"https:\/\/www.hommy.com\/pt\/wp-json\/wp\/v2\/comments?post=804"}],"wp:featuredmedia":[{"embeddable":true,"href":"https:\/\/www.hommy.com\/pt\/wp-json\/wp\/v2\/media\/1940"}],"wp:attachment":[{"href":"https:\/\/www.hommy.com\/pt\/wp-json\/wp\/v2\/media?parent=804"}],"wp:term":[{"taxonomy":"product_brand","embeddable":true,"href":"https:\/\/www.hommy.com\/pt\/wp-json\/wp\/v2\/product_brand?post=804"},{"taxonomy":"product_cat","embeddable":true,"href":"https:\/\/www.hommy.com\/pt\/wp-json\/wp\/v2\/product_cat?post=804"},{"taxonomy":"product_tag","embeddable":true,"href":"https:\/\/www.hommy.com\/pt\/wp-json\/wp\/v2\/product_tag?post=804"}],"curies":[{"name":"wp","href":"https:\/\/api.w.org\/{rel}","templated":true}]}}