{"id":800,"date":"2024-07-02T16:38:43","date_gmt":"2024-07-02T16:38:43","guid":{"rendered":"http:\/\/localhost\/hommywp\/hm-sm-600-thailand-outdoor-stir-fry-ice-cream-machine-cost\/"},"modified":"2025-08-01T09:57:42","modified_gmt":"2025-08-01T09:57:42","slug":"hm-sm-600-thailand-maquina-de-sorvete","status":"publish","type":"product","link":"https:\/\/www.hommy.com\/pt\/p\/hm-sm-600-thailand-maquina-de-sorvete\/","title":{"rendered":"Hm-Sm-600 Tail\u00e2ndia M\u00e1quina de Sorvete Externa tipo Stir-Fry Custo"},"content":{"rendered":"<div>\n<p><\/p>\n<h2 style=\"text-align: center\"><strong><span style=\"letter-spacing: 0px;font-size: 29px;font-family: arial, helvetica, sans-serif\"><a name=\"Rolled Ice Cream Maker\"><\/a>M\u00e1quina de gelado em rolo<\/span><\/strong><\/h2>\n<p style=\"text-align: center\"><a href=\"#Rolled Ice Cream Maker\" target=\"_self\" data-lv=\"0\" rel=\"noopener\"><span style=\"font-size: 16px\"><span style=\"letter-spacing: 0px;font-family: arial, helvetica, sans-serif\">M\u00e1quina de gelado em rolo<\/span><\/span><\/a><span style=\"font-size: 16px\"><span style=\"letter-spacing: 0px;font-family: arial, helvetica, sans-serif\">|<a href=\"#Product specification\" target=\"_self\" data-lv=\"0\" rel=\"noopener\">Especifica\u00e7\u00e3o do produto<\/a>|<a href=\"#Product Features\" target=\"_self\" data-lv=\"0\" rel=\"noopener\">Carater\u00edsticas do produto<\/a>|<a href=\"#Product Description\" target=\"_self\" data-lv=\"0\" rel=\"noopener\">Descri\u00e7\u00e3o do produto<\/a>|<a href=\"#Operation Demonstration\" target=\"_self\" data-lv=\"0\" rel=\"noopener\">Demonstra\u00e7\u00e3o da opera\u00e7\u00e3o<\/a><\/span><\/span><\/p>\n<p><\/p>\n<p style=\"text-align: center\">&nbsp;&nbsp;&nbsp;&nbsp;<\/p>\n<p>O <a style=\"color:blue\" href=\"https:\/\/www.hommy.com\/pt\/maquina-de-gelados-fritos\/\">m\u00e1quina de gelados fritos<\/a> \u00e9 normalmente o centro de atra\u00e7\u00e3o na cidade moderna. \u00c9 feita de a\u00e7o inoxid\u00e1vel. Estas m\u00e1quinas podem criar gelados laminados. Quando se usa esta m\u00e1quina, tem-se a oportunidade de comprar o gelado enrolado preferido, da forma que se quiser. Pode usar a m\u00e1quina de gelados fritos para criar os deliciosos sabores de gelado. N\u00e3o existem muitas m\u00e1quinas no mercado que possam ser facilmente utilizadas para criar gelados fritos.<\/p>\n<h2 style=\"margin: 0px;text-indent: 0px;text-align: justify\"><span style=\"font-family: arial, helvetica, sans-serif\"><strong><span style=\"letter-spacing: 0px;font-size: 24px\"><a name=\"Product specification\"><\/a>Especifica\u00e7\u00e3o do produto\uff1a<\/span><\/strong><\/span><span style=\"font-family:\u5b8b\u4f53;letter-spacing:0;font-size:48px\"> <\/span><\/h2>\n<p><span style=\"font-family: Calibri;font-size: 20px\">Par\u00e2metros t\u00e9cnicos:<\/span><\/p>\n<p><span style=\"font-family:Calibri;font-size:16px\"><br \/><\/span><\/p>\n<p style=\"text-align: center\"><img decoding=\"async\" src=\"https:\/\/www.hommy.com\/wp-content\/uploads\/16007611857247.png\" alt=\"produto-Hommy-img\" title=\"\"><\/p>\n<p><\/p>\n<p><span style=\"font-family:\u5b8b\u4f53;font-size:29px\"><br \/><\/span><\/p>\n<h2><span style=\"font-family: arial, helvetica, sans-serif\"><strong><span style=\"font-size: 24px\"><a name=\"Product Features\"><\/a>Carater\u00edsticas do produto\uff1a<\/span><\/strong><\/span><\/h2>\n<p><span style=\"font-family:Calibri;font-size:16px\">As panelas s\u00e3o feitas de a\u00e7o inoxid\u00e1vel, podem utilizar \u00e1gua pura, al\u00e9m de uma f\u00f3rmula preparada<\/span><span style=\"font-family:\u5b8b\u4f53;font-size:16px\">&nbsp;<\/span><span style=\"font-family:Calibri;font-size:16px\">e bebidas de fruta, \u00e9 poss\u00edvel criar uma variedade de tipos de gelo mole e duro<\/span><span style=\"font-family:\u5b8b\u4f53;font-size:16px\">&nbsp;<\/span><span style=\"font-family:Calibri;font-size:16px\">Creme, batidos, gelo, lama gelada, lama, gelo de neve, gelo de fruta, papas de gelo, fruta, etc.<\/span><\/p>\n<p><span style=\"font-family:Calibri;font-size:16px\"><br \/><\/span><\/p>\n<h2><span style=\"font-family: arial, helvetica, sans-serif\"><strong><span style=\"font-size: 24px\"><strong><span style=\"font-size: 24px\"><a name=\"Product Description\"><\/a>Descri\u00e7\u00e3o do produto:<\/span><\/strong><\/span><\/strong><\/span><\/h2>\n<p><span style=\"font-family:Calibri;font-size:16px\">1. O efeito de alta efici\u00eancia e baixa temperatura \u00e9 excelente, podendo passar a temperatura de -25\u00b0C.<\/span><\/p>\n<p><span style=\"font-family:Calibri;font-size:16px\">2. Sistema de controlo humanizado: com base no seu material a configurar Controlo da temperatura dos limites superior e inferior de -19'C a -22C.<\/span><\/p>\n<p><span style=\"font-family:Calibri;font-size:16px\">3. A fun\u00e7\u00e3o de descongela\u00e7\u00e3o por pedal \u00e9 f\u00e1cil de controlar para o trabalhador.<\/span><\/p>\n<p><span style=\"font-family:Calibri;font-size:16px\"><br \/><\/span><\/p>\n<h2><span style=\"font-family: arial, helvetica, sans-serif\"><strong><span style=\"font-size: 24px\"><a name=\"Operation Demonstration\"><\/a>Demonstra\u00e7\u00e3o da opera\u00e7\u00e3o:<\/span><\/strong><\/span><\/h2>\n<p><span style=\"font-family: \u5b8b\u4f53;font-size: 16px\">A opera\u00e7\u00e3o \u00e9 muito simples, voc\u00ea pode fazer o DRY para fazer sorvete queimado, voc\u00ea pode adicionar mais sabor diferente e material diferente, por exemplo: a\u00e7\u00facar, cozinhar, frutas e muito mais, voc\u00ea pode fazer rolo de sorvete de sabor diferente. <\/span><span style=\"font-family:\u5b8b\u4f53;font-size:29px\">&nbsp;<\/span><\/p>\n<p><span style=\"font-family:\u5b8b\u4f53;font-size:29px\">&nbsp;<\/span><\/p>\n<p style=\"text-align: center\"><img loading=\"lazy\" decoding=\"async\" src=\"https:\/\/www.hommy.com\/wp-content\/uploads\/16007613806711.jpg\" title=\"\" alt=\"produto-HM-SM-600 m\u00e1quina de gelados da Tail\u00e2ndia-Hommy-img\" width=\"850\" height=\"233\" border=\"0\" vspace=\"0\" style=\"width: 850px;height: 233px\"><\/p>\n<p><\/p>\n<p>Documento\uff1a<img decoding=\"async\" src=\"https:\/\/www.hommy.com\/wp-content\/uploads\/icon_pdf-51.gif\" style=\"margin-right: 2px\" alt=\"produto-Hommy-img\" title=\"\"><a href=\"https:\/\/img80002414.weyesimg.com\/uploads\/www.hommy.com\/addon\/16027282897476.pdf\" title=\"16027282897476.pdf\" style=\"font-size: 12px\">16027282897476.pdf<\/a><\/p>\n<h2>A Cold Stone faz gelado de rolo?<\/h2>\n<p style=\"margin-top: 5px;margin-bottom: 5px\"><\/p>\n<p style=\"margin-top: 5px;margin-bottom: 5px\">Nos Estados Unidos, o produto chama-se Cold Stone Creamery, mas todos os produtos s\u00e3o fabricados no Canad\u00e1.<\/p>\n<p style=\"margin-top: 5px;margin-bottom: 5px\"><\/p>\n<p style=\"margin-top: 5px;margin-bottom: 5px\">\"Estamos numa esp\u00e9cie de \u00e1guas desconhecidas\", disse Peter Hahn, diretor executivo.<\/p>\n<p style=\"margin-top: 5px;margin-bottom: 5px\"><\/p>\n<p style=\"margin-top: 5px;margin-bottom: 5px\">Em 2009, a empresa registou um volume de neg\u00f3cios de $200 milh\u00f5es. Em m\u00e9dia, uma loja Cold Stone tem cerca de 150 caixas de gelado.<\/p>\n<p style=\"margin-top: 5px;margin-bottom: 5px\"><\/p>\n<h2>O que \u00e9 que h\u00e1 no gelato italiano?<\/h2>\n<p style=\"margin-top: 5px;margin-bottom: 5px\"><\/p>\n<p style=\"margin-top: 5px;margin-bottom: 5px\">O gelato italiano \u00e9 uma guloseima deliciosa que se encontra em toda a It\u00e1lia. A palavra italiana gelato significa \"gelado\" em italiano. O gelato \u00e9 cremoso, feito com leite fresco ou natas e tem uma consist\u00eancia suave e cremosa. O gelato pode ser apresentado em muitas formas e texturas e tem mais de 40 sabores diferentes, desde fruta e recheio de natas a chocolate e caramelo. Alguns dos sabores de gelado mais populares s\u00e3o o chocolate, o mel, o pist\u00e1cio e o caf\u00e9.<\/p>\n<p style=\"margin-top: 5px;margin-bottom: 5px\"><\/p>\n<h2>Como \u00e9 que se faz o creme de leite?<\/h2>\n<p style=\"margin-top: 5px;margin-bottom: 5px\"><\/p>\n<p style=\"margin-top: 5px;margin-bottom: 5px\">As natas s\u00e3o um creme doce, espesso e delicioso produzido por vacas leiteiras e que, por vezes, pode ser utilizado para cozinhar. Tem um elevado teor de gordura e \u00e9 muito vers\u00e1til.<\/p>\n<p style=\"margin-top: 5px;margin-bottom: 5px\"><\/p>\n<p style=\"margin-top: 5px;margin-bottom: 5px\">As melhores natas para utilizar na cozinha s\u00e3o as natas batidas com cubos de gelo para obter uma textura mais espessa. Pode ser utilizado tal e qual ou para fazer cremes. Pode ser utilizado tanto em pratos salgados como doces.<\/p>\n<\/div><\/div>","protected":false},"excerpt":{"rendered":"<p>Rolled Ice Cream Maker Rolled Ice Cream Maker|Product specification|Product Features|Product Description|Operation Demonstration &nbsp;&nbsp;&nbsp;&nbsp; The fried ice cream machine is usually the center of attraction in the modern city. It is made from the stainless steel. These machines can create rolled ice cream. When you use this machine, then you have the chance to buy your [&hellip;]<\/p>\n","protected":false},"featured_media":1939,"comment_status":"open","ping_status":"open","template":"","meta":{"_swt_meta_header_display":false,"_swt_meta_footer_display":false,"_swt_meta_site_title_display":false,"_swt_meta_sticky_header":false,"_swt_meta_transparent_header":false},"product_brand":[],"product_cat":[83,77],"product_tag":[],"class_list":{"0":"post-800","1":"product","2":"type-product","3":"status-publish","4":"has-post-thumbnail","6":"product_cat-fried-ice-cream-machine","7":"product_cat-ice-cream-machine","9":"first","10":"instock","11":"shipping-taxable","12":"product-type-simple"},"_links":{"self":[{"href":"https:\/\/www.hommy.com\/pt\/wp-json\/wp\/v2\/product\/800","targetHints":{"allow":["GET"]}}],"collection":[{"href":"https:\/\/www.hommy.com\/pt\/wp-json\/wp\/v2\/product"}],"about":[{"href":"https:\/\/www.hommy.com\/pt\/wp-json\/wp\/v2\/types\/product"}],"replies":[{"embeddable":true,"href":"https:\/\/www.hommy.com\/pt\/wp-json\/wp\/v2\/comments?post=800"}],"wp:featuredmedia":[{"embeddable":true,"href":"https:\/\/www.hommy.com\/pt\/wp-json\/wp\/v2\/media\/1939"}],"wp:attachment":[{"href":"https:\/\/www.hommy.com\/pt\/wp-json\/wp\/v2\/media?parent=800"}],"wp:term":[{"taxonomy":"product_brand","embeddable":true,"href":"https:\/\/www.hommy.com\/pt\/wp-json\/wp\/v2\/product_brand?post=800"},{"taxonomy":"product_cat","embeddable":true,"href":"https:\/\/www.hommy.com\/pt\/wp-json\/wp\/v2\/product_cat?post=800"},{"taxonomy":"product_tag","embeddable":true,"href":"https:\/\/www.hommy.com\/pt\/wp-json\/wp\/v2\/product_tag?post=800"}],"curies":[{"name":"wp","href":"https:\/\/api.w.org\/{rel}","templated":true}]}}