{"id":796,"date":"2024-07-02T16:38:40","date_gmt":"2024-07-02T16:38:40","guid":{"rendered":"http:\/\/localhost\/hommywp\/hm-sm-500-flat-pan-street-roll-ice-cream-maker-for-sale-price\/"},"modified":"2025-08-01T09:57:42","modified_gmt":"2025-08-01T09:57:42","slug":"maquina-de-gelados-hm-sm-500-roll","status":"publish","type":"product","link":"https:\/\/www.hommy.com\/pt\/p\/maquina-de-gelados-hm-sm-500-roll\/","title":{"rendered":"Hm-Sm-500 M\u00e1quina de Sorvete Expresso de Rua com Bandeja Plana Pre\u00e7o de Venda"},"content":{"rendered":"<div>\n<p><\/p>\n<h2 style=\"text-align: center\"><span style=\"font-size: 29px;text-align: center;font-family: arial, helvetica, sans-serif\"><a name=\"Rolled Ice Cream Maker\"><\/a>M\u00e1quina de gelado em rolo<\/span><\/h2>\n<p style=\"text-align: center\"><a href=\"http:\/\/\" target=\"_self\" data-lv=\"0\" rel=\"noopener\"><span style=\"text-align: center;font-family: arial, helvetica, sans-serif;font-size: 16px\">M\u00e1quina de gelado em rolo<\/span><\/a><span style=\"text-align: center;font-family: arial, helvetica, sans-serif;font-size: 16px\">|<a href=\"#Product specification\" target=\"_self\" data-lv=\"0\" rel=\"noopener\">Especifica\u00e7\u00e3o do produto<\/a>|<a href=\"#Product Features\" target=\"_self\" data-lv=\"0\" rel=\"noopener\">Carater\u00edsticas do produto<\/a>|<a href=\"#Product Description\" target=\"_self\" data-lv=\"0\" rel=\"noopener\">Descri\u00e7\u00e3o do produto<\/a>|<a href=\"#Operation Demonstration\" target=\"_self\" data-lv=\"0\" rel=\"noopener\">Demonstra\u00e7\u00e3o da opera\u00e7\u00e3o<\/a><\/span><\/p>\n<p><\/p>\n<p style=\"text-align: center\">&nbsp;&nbsp;&nbsp;&nbsp;<\/p>\n<p>Temos uma equipa dedicada que concebe e fabrica estes produtos com materiais de alta qualidade para garantir que duram muito tempo e oferecem um excelente desempenho. Oferecemos uma vasta gama de moldes para cones de pizza que s\u00e3o fabricados com materiais de alta qualidade e t\u00eam carater\u00edsticas de alta qualidade. A vantagem deste molde para pizzas em forma de cone \u00e9 o facto de poupar muito trabalho no processamento do seu produto. Obter\u00e1 cones de pizza de alta qualidade com facilidade. A forma para piza em cone \u00e9 muito f\u00e1cil de utilizar. Pode ajustar o produto de acordo com as suas necessidades. \u00c9 um produto muito dur\u00e1vel. Com muita experi\u00eancia e conhecimento, os produtos s\u00e3o fabricados \u00e0 m\u00e3o para garantir a m\u00e1xima qualidade. Os produtos s\u00e3o fabricados de acordo com as normas estabelecidas. Somos conhecidos por fabricar os produtos de alta qualidade que s\u00e3o muito dur\u00e1veis e duram muito tempo. Pode aproveitar as vantagens da nossa empresa.<\/p>\n<h2 style=\"margin: 0px;text-indent: 0px;text-align: justify\"><span style=\"font-family: arial, helvetica, sans-serif\"><strong><span style=\"letter-spacing: 0px;font-size: 24px\"><a name=\"Product specification\"><\/a>Especifica\u00e7\u00e3o do produto\uff1a<\/span><\/strong><\/span><span style=\"font-family:\u5b8b\u4f53;letter-spacing:0;font-size:48px\"> <\/span><\/h2>\n<p><span style=\"font-family: Calibri;font-size: 20px\">Par\u00e2metros t\u00e9cnicos:<\/span><\/p>\n<p><span style=\"font-family: Calibri;font-size: 20px\"><br \/><\/span><\/p>\n<p><span style=\"font-family: Calibri;font-size: 20px\"><br \/><\/span><\/p>\n<p style=\"text-align: center\"><img loading=\"lazy\" decoding=\"async\" src=\"https:\/\/www.hommy.com\/wp-content\/uploads\/16007570435675.png\" title=\"\" alt=\"produto-Hommy-img\" width=\"850\" height=\"121\" border=\"0\" vspace=\"0\" style=\"width: 850px;height: 121px\"><\/p>\n<p><\/p>\n<p><strong><span style=\"font-size: 24px;font-family: \u5b8b\u4f53\"><br \/><\/span><\/strong><\/p>\n<h2><span style=\"font-family: arial, helvetica, sans-serif\"><strong><span style=\"font-size: 24px\"><a name=\"Product Features\"><\/a>Carater\u00edsticas do produto\uff1a<\/span><\/strong><\/span><\/h2>\n<p><span style=\"font-family:Calibri;font-size:16px\">As panelas s\u00e3o feitas de a\u00e7o inoxid\u00e1vel, podem utilizar \u00e1gua pura, al\u00e9m de uma f\u00f3rmula preparada<\/span><span style=\"font-family:\u5b8b\u4f53;font-size:16px\">&nbsp;<\/span><span style=\"font-family:Calibri;font-size:16px\">e bebidas de fruta, \u00e9 poss\u00edvel criar uma variedade de tipos de gelo mole e duro<\/span><span style=\"font-family:\u5b8b\u4f53;font-size:16px\">&nbsp;<\/span><span style=\"font-family:Calibri;font-size:16px\">Creme, batidos, gelo, lama gelada, lama, gelo de neve, gelo de fruta, papas de gelo, fruta, etc.<\/span><\/p>\n<h2><span style=\"font-size: 24px;font-family: arial, helvetica, sans-serif\"><strong><br \/><\/strong><\/span><\/h2>\n<h2><span style=\"font-size: 24px;font-family: arial, helvetica, sans-serif\"><strong><span style=\"font-weight: 700;font-size: 24px\"><a name=\"Product Description\"><\/a>Descri\u00e7\u00e3o do produto:<\/span><\/strong><\/span><\/h2>\n<p><span style=\"font-family:Calibri;font-size:16px\">1. altamente eficiente e efeito de baixa temperatura \u00e9 excelente que pode passar a temperatura de -25 \u00b0 C.<\/span><\/p>\n<p><span style=\"font-family:Calibri;font-size:16px\">2. Sistema de controlo humanizado: com base no seu material a configurar Controlo da temperatura dos limites superior e inferior de -19'C a -22C.<\/span><\/p>\n<p><span style=\"font-family:Calibri;font-size:16px\">3. A fun\u00e7\u00e3o de descongela\u00e7\u00e3o por pedal \u00e9 f\u00e1cil de controlar para o trabalhador.<\/span><\/p>\n<p><span style=\"font-family:Calibri;font-size:16px\"><br \/><\/span><\/p>\n<h2><span style=\"font-family: arial, helvetica, sans-serif\"><strong><span style=\"font-size: 24px\"><a name=\"Operation Demonstration\"><\/a>Demonstra\u00e7\u00e3o da opera\u00e7\u00e3o:<\/span><\/strong><\/span><\/h2>\n<p><span style=\"font-size: 16px;font-family: \u5b8b\u4f53\">A opera\u00e7\u00e3o \u00e9 muito simples, voc\u00ea pode fazer o DRY para fazer sorvete queimado, voc\u00ea pode adicionar mais sabor diferente e material diferente, por exemplo: a\u00e7\u00facar, cozinhar, frutas e muito mais, voc\u00ea pode fazer rolo de sorvete de sabor diferente.<\/span><\/p>\n<p><span style=\"font-size: 16px;font-family: \u5b8b\u4f53\"><br \/><\/span><\/p>\n<p><span style=\"font-size: 16px;font-family: \u5b8b\u4f53\"><\/span><\/p>\n<p style=\"text-align:center\"><img loading=\"lazy\" decoding=\"async\" src=\"https:\/\/www.hommy.com\/wp-content\/uploads\/16007575027895.jpg\" title=\"\" alt=\"produto-Hommy-img\" width=\"850\" height=\"233\" border=\"0\" vspace=\"0\" style=\"width: 850px;height: 233px\"><\/p>\n<p><span style=\"font-size: 16px;font-family: \u5b8b\u4f53\">&nbsp;<\/span><span style=\"font-family:\u5b8b\u4f53;font-size:29px\">&nbsp;<\/span><\/p>\n<p><\/p>\n<p>Documento\uff1a<img decoding=\"async\" src=\"https:\/\/www.hommy.com\/wp-content\/uploads\/icon_pdf-50.gif\" style=\"margin-right: 2px\" alt=\"produto-HM-SM-500 M\u00e1quina de gelados de rolo-Hommy-img\" title=\"\"><a href=\"https:\/\/img80002414.weyesimg.com\/uploads\/www.hommy.com\/addon\/16027293528800.pdf\" title=\"16027293528800.pdf\" style=\"font-size: 12px\">16027293528800.pdf<\/a><\/p>\n<h2 style=\"font-family: sans-serif\">Quem \u00e9 o dono do congelador Taylor?<\/h2>\n<p style=\"margin-top: 5px;margin-bottom: 5px;font-family: sans-serif;font-size: 16px\">Os congeladores Taylor s\u00e3o produtos muito bons e funcionam muito bem. No entanto, nos \u00faltimos anos, tem havido uma s\u00e9rie de problemas com os componentes electr\u00f3nicos internos dos congeladores Taylor que os t\u00eam levado a falhar. A Taylor tomou recentemente medidas para resolver estes problemas e os novos congeladores j\u00e1 n\u00e3o s\u00e3o afectados.<\/p>\n<p style=\"margin-top: 5px;margin-bottom: 5px;font-family: sans-serif;font-size: 16px\"><\/p>\n<h2 style=\"font-family: sans-serif\">Porque \u00e9 que o gelado laminado tem um sabor diferente?<\/h2>\n<p style=\"margin-top: 5px;margin-bottom: 5px;font-family: sans-serif;font-size: 16px\">A minha geladaria local tem um novo sabor que est\u00e1 a anunciar, \"Gelado de leite coalhado\". Parece e soa espetacular, mas quando o provo, \u00e9 apenas um sabor de gelado de baunilha.<\/p>\n<p style=\"margin-top: 5px;margin-bottom: 5px;font-family: sans-serif;font-size: 16px\"><\/p>\n<h2 style=\"font-family: sans-serif\">Como \u00e9 que o laminado <a style=\"color:blue\" href=\"\/pt\/\">m\u00e1quina de gelados<\/a> trabalho?<\/h2>\n<p style=\"margin-top: 5px;margin-bottom: 5px;font-family: sans-serif;font-size: 16px\">O gelado laminado \u00e9 formado da mesma forma que um gelado convencional <a style=\"color:blue\" href=\"\/pt\/\">m\u00e1quina de gelados<\/a>Numa m\u00e1quina tradicional, o gelado \u00e9 formado atrav\u00e9s do congelamento de uma quantidade de natas (normalmente, a partir de um separador de natas, mas tamb\u00e9m pode ser a partir do leite), sendo depois batido at\u00e9 ficar suficientemente macio para ser retirado com uma colher. Numa m\u00e1quina de gelado laminado, por outro lado, o gelado \u00e9 formado atrav\u00e9s do congelamento do leite ou das natas num tabuleiro pr\u00e9-formado e, em seguida, \u00e9 desenrolada uma placa de gelado congelado. O gelado \u00e9 ent\u00e3o recolhido e, uma vez retirado da m\u00e1quina, \u00e9 enrolado num tabuleiro com rodas.<\/p>\n<\/div><\/div>","protected":false},"excerpt":{"rendered":"<p>Rolled Ice Cream Maker Rolled Ice Cream Maker|Product specification|Product Features|Product Description|Operation Demonstration &nbsp;&nbsp;&nbsp;&nbsp; we have a dedicated team who design and manufacture these products with high quality materials to ensure that they last for a long time and offer excellent performance.we offer a wide range of pizza cone moulds that are manufactured using high quality [&hellip;]<\/p>\n","protected":false},"featured_media":1938,"comment_status":"open","ping_status":"open","template":"","meta":{"_swt_meta_header_display":false,"_swt_meta_footer_display":false,"_swt_meta_site_title_display":false,"_swt_meta_sticky_header":false,"_swt_meta_transparent_header":false},"product_brand":[],"product_cat":[83,77],"product_tag":[],"class_list":{"0":"post-796","1":"product","2":"type-product","3":"status-publish","4":"has-post-thumbnail","6":"product_cat-fried-ice-cream-machine","7":"product_cat-ice-cream-machine","9":"first","10":"instock","11":"shipping-taxable","12":"product-type-simple"},"_links":{"self":[{"href":"https:\/\/www.hommy.com\/pt\/wp-json\/wp\/v2\/product\/796","targetHints":{"allow":["GET"]}}],"collection":[{"href":"https:\/\/www.hommy.com\/pt\/wp-json\/wp\/v2\/product"}],"about":[{"href":"https:\/\/www.hommy.com\/pt\/wp-json\/wp\/v2\/types\/product"}],"replies":[{"embeddable":true,"href":"https:\/\/www.hommy.com\/pt\/wp-json\/wp\/v2\/comments?post=796"}],"wp:featuredmedia":[{"embeddable":true,"href":"https:\/\/www.hommy.com\/pt\/wp-json\/wp\/v2\/media\/1938"}],"wp:attachment":[{"href":"https:\/\/www.hommy.com\/pt\/wp-json\/wp\/v2\/media?parent=796"}],"wp:term":[{"taxonomy":"product_brand","embeddable":true,"href":"https:\/\/www.hommy.com\/pt\/wp-json\/wp\/v2\/product_brand?post=796"},{"taxonomy":"product_cat","embeddable":true,"href":"https:\/\/www.hommy.com\/pt\/wp-json\/wp\/v2\/product_cat?post=796"},{"taxonomy":"product_tag","embeddable":true,"href":"https:\/\/www.hommy.com\/pt\/wp-json\/wp\/v2\/product_tag?post=796"}],"curies":[{"name":"wp","href":"https:\/\/api.w.org\/{rel}","templated":true}]}}