{"id":792,"date":"2024-07-02T16:38:36","date_gmt":"2024-07-02T16:38:36","guid":{"rendered":"http:\/\/localhost\/hommywp\/m-sm-400-commercial-thai-fried-ice-cream-maker-equipment\/"},"modified":"2025-08-01T09:57:42","modified_gmt":"2025-08-01T09:57:42","slug":"m-sm-400-maquina-de-gelados-fritos","status":"publish","type":"product","link":"https:\/\/www.hommy.com\/pt\/p\/m-sm-400-maquina-de-gelados-fritos\/","title":{"rendered":"M-Sm-400 M\u00e1quina de Sorvete Expresso Tailandesa Comercial Equipamento"},"content":{"rendered":"<div>\n<p style=\"text-align: center\"><span style=\"letter-spacing: 0px;text-align: center;text-indent: 205px;font-family: Helvetica;font-size: 29px\"><br \/><\/span><\/p>\n<h2 style=\"text-align: center\"><strong><span style=\"letter-spacing: 0px;text-align: center;text-indent: 205px;font-family: Helvetica;font-size: 29px\"><a name=\"Ice Cream Roll Machine\"><\/a>M\u00e1quina de fazer rolos de gelado<\/span><\/strong><\/h2>\n<p style=\"text-align: center\"><span style=\"letter-spacing: 0px;text-align: center;text-indent: 205px;font-family: arial, helvetica, sans-serif;font-size: 16px\"><a href=\"#Ice Cream Roll Machine\" target=\"_self\" data-lv=\"0\" rel=\"noopener\">M\u00e1quina de fazer rolos de gelado<\/a>|<a href=\"#Product specification\" target=\"_self\" data-lv=\"0\" rel=\"noopener\">Especifica\u00e7\u00e3o do produto<\/a>|<a href=\"#Product Features\" target=\"_self\" data-lv=\"0\" rel=\"noopener\">Carater\u00edsticas do produto<\/a>|<a href=\"#Product Description\" target=\"_self\" data-lv=\"0\" rel=\"noopener\">Descri\u00e7\u00e3o do produto<\/a>|<a href=\"#Operation Demonstration\" target=\"_self\" data-lv=\"0\" rel=\"noopener\">Demonstra\u00e7\u00e3o da opera\u00e7\u00e3o<\/a><\/span><\/p>\n<p style=\"text-indent: 205px;padding: 0px;vertical-align: baseline;text-align: center\"><\/p>\n<p style=\"text-align: center\">\n<p>Este frito <a style=\"color:blue\" href=\"\/pt\/\">m\u00e1quina de gelados<\/a> est\u00e1 dispon\u00edvel no mercado em diferentes modelos e designs. Oferecemos esta m\u00e1quina de gelados em v\u00e1rias capacidades e modelos de acordo com as necessidades dos clientes.<\/p>\n<p><\/p>\n<h2 style=\"margin: 0px;text-indent: 0px;text-align: justify\"><span style=\"font-family: arial, helvetica, sans-serif;font-size: 24px\"><strong><span style=\"font-family: arial, helvetica, sans-serif;letter-spacing: 0px\"><strong><span style=\"font-family: arial, helvetica, sans-serif\"><a name=\"Product specification\"><\/a>Especifica\u00e7\u00e3o do produto<\/span><\/strong>:<\/span><\/strong><\/span><\/h2>\n<p><span style=\"font-family:Calibri;font-size:16px\">Par\u00e2metros t\u00e9cnicos:<\/span><\/p>\n<p><span style=\"font-family:Calibri;font-size:16px\"><br \/><\/span><\/p>\n<p style=\"text-align: center\"><img decoding=\"async\" src=\"https:\/\/www.hommy.com\/wp-content\/uploads\/16006565339830.png\" alt=\"produto-M-SM-400 m\u00e1quina de gelados fritos-Hommy-img\" title=\"\"><\/p>\n<p><span style=\"font-family:\u5b8b\u4f53;font-size:29px\"><br \/><\/span><\/p>\n<h2><span style=\"font-size: 24px;font-family: arial, helvetica, sans-serif\"><strong><span style=\"font-size: 24px\"><a name=\"Product Features\"><\/a>Carater\u00edsticas do produto:<\/span><\/strong><\/span><\/h2>\n<p><span style=\"font-family:Calibri;font-size:16px\">As panelas s\u00e3o feitas de a\u00e7o inoxid\u00e1vel, podem utilizar \u00e1gua pura, al\u00e9m de uma f\u00f3rmula preparada<\/span><span style=\"font-family:\u5b8b\u4f53;font-size:16px\">&nbsp;<\/span><span style=\"font-family:Calibri;font-size:16px\">e bebidas de fruta, \u00e9 poss\u00edvel criar uma variedade de tipos de gelo mole e duro<\/span><span style=\"font-family:\u5b8b\u4f53;font-size:16px\">&nbsp;<\/span><span style=\"font-family:Calibri;font-size:16px\">Creme, batidos, gelo, lama gelada, lama, gelo de neve, gelo de fruta, papas de gelo, fruta, etc.<\/span><\/p>\n<p><span style=\"font-family:Calibri;font-size:16px\"><br \/><\/span><\/p>\n<h2><span style=\"font-family: arial, helvetica, sans-serif\"><strong><span style=\"font-size: 24px\"><strong style=\"font-size: 24px\"><a name=\"Product Description\"><\/a>Descri\u00e7\u00e3o do produto:<\/strong><\/span><\/strong><\/span><\/h2>\n<p><span style=\"font-family:Calibri;font-size:16px\">1. O efeito de alta efici\u00eancia e baixa temperatura \u00e9 excelente, podendo passar a temperatura de -25\u00b0C.<\/span><\/p>\n<p><span style=\"font-family:Calibri;font-size:16px\">2. Sistema de controlo humanizado: com base no seu material a configurar Controlo da temperatura dos limites superior e inferior de -19'C a -22C.<\/span><\/p>\n<p><span style=\"font-family:Calibri;font-size:16px\">3. A fun\u00e7\u00e3o de descongela\u00e7\u00e3o por pedal \u00e9 f\u00e1cil de controlar para o trabalhador.<\/span><\/p>\n<p style=\"margin-top:0;margin-right:0;margin-bottom:0;margin-left:0;text-indent:0;text-align:justify\"><\/p>\n<h2><span style=\"font-size: 24px;font-family: arial, helvetica, sans-serif\"><strong><span style=\"font-size: 24px\"><a name=\"Operation Demonstration\"><\/a>Demonstra\u00e7\u00e3o da opera\u00e7\u00e3o:<\/span><\/strong><\/span><\/h2>\n<p><strong><span style=\"font-family:\u5b8b\u4f53;font-size:29px\"><br \/><\/span><\/strong><\/p>\n<p style=\"text-align: center\"><strong><span style=\"font-family:\u5b8b\u4f53;font-size:29px\"><img loading=\"lazy\" decoding=\"async\" src=\"https:\/\/www.hommy.com\/wp-content\/uploads\/16006569426595.jpg\" title=\"\" alt=\"produto-Hommy-img\" width=\"1000\" height=\"311\" border=\"0\" vspace=\"0\" style=\"width: 1000px;height: 311px\"><\/span><\/strong><\/p>\n<p><\/p>\n<p>Documento\uff1a<img decoding=\"async\" src=\"https:\/\/www.hommy.com\/wp-content\/uploads\/icon_pdf-49.gif\" style=\"margin-right: 2px\" alt=\"produto-Hommy-img\" title=\"\"><a href=\"https:\/\/img80002414.weyesimg.com\/uploads\/www.hommy.com\/addon\/16027296552707.pdf\" title=\"16027296552707.pdf\" style=\"font-size: 12px\">16027296552707.pdf<\/a><\/p>\n<h2>Como \u00e9 poss\u00edvel um gelado frito?<\/h2>\n<p style=\"margin-top: 5px;margin-bottom: 5px\"><\/p>\n<p style=\"margin-top: 5px;margin-bottom: 5px\">Se for como eu, j\u00e1 deve ter ouvido falar de gelado frito. Trata-se essencialmente de uma guloseima fria que foi mergulhada numa massa e frita. Esta receita \u00e9 o resultado de uma experi\u00eancia divertida que fiz com um amigo meu.<\/p>\n<p style=\"margin-top: 5px;margin-bottom: 5px\"><\/p>\n<p style=\"margin-top: 5px;margin-bottom: 5px\"><\/p>\n<h2>Como se faz o Reddit de gelado frito?<\/h2>\n<p style=\"margin-top: 5px;margin-bottom: 5px\"><\/p>\n<p style=\"margin-top: 5px;margin-bottom: 5px\">A sandu\u00edche de gelado \u00e9 uma sobremesa que \u00e9 feita com dois tipos diferentes de gelado, normalmente baunilha e chocolate, ensanduichados entre duas bolachas.<\/p>\n<p style=\"margin-top: 5px;margin-bottom: 5px\"><\/p>\n<p style=\"margin-top: 5px;margin-bottom: 5px\">O seu nome deve-se ao facto de ter sido uma grande inova\u00e7\u00e3o na ind\u00fastria das sobremesas congeladas.<\/p>\n<p style=\"margin-top: 5px;margin-bottom: 5px\"><\/p>\n<p style=\"margin-top: 5px;margin-bottom: 5px\">Vamos falar sobre como fazer gelado frito.<\/p>\n<p style=\"margin-top: 5px;margin-bottom: 5px\"><\/p>\n<h2>Quanto custa uma m\u00e1quina de batidos da McDonald's?<\/h2>\n<p style=\"margin-top: 5px;margin-bottom: 5px\"><\/p>\n<p style=\"margin-top: 5px;margin-bottom: 5px\">A:<\/p>\n<p style=\"margin-top: 5px;margin-bottom: 5px\"><\/p>\n<p style=\"margin-top: 5px;margin-bottom: 5px\">O custo da maquinaria n\u00e3o \u00e9 assim t\u00e3o elevado. O custo da m\u00e1quina \u00e9 uma fra\u00e7\u00e3o do pre\u00e7o do produto, por isso tenho a certeza que se pode fazer uma m\u00e1quina por apenas $15.000. O custo dos ingredientes \u00e9 um pouco mais elevado. Comprar leite custa muito dinheiro, porque as vacas precisam de ser alimentadas e tratadas. Se comprares um gal\u00e3o de leite numa mercearia, custar\u00e1 $3,50, mas se comprares um gal\u00e3o de leite numa explora\u00e7\u00e3o leiteira, custar-te-\u00e1 cerca de $4,50.&nbsp;<\/p>\n<\/div><\/div>","protected":false},"excerpt":{"rendered":"<p>Ice&nbsp;Cream&nbsp;Roll&nbsp;Machine Ice Cream Roll Machine|Product specification|Product Features|Product Description|Operation Demonstration This fried ice cream maker is available in the market in different models and designs. We offer this ice cream maker in various capacities and models according to the needs of the customers. Product specification: Technical Parameters: Product Features: The pans is made of stainless steel, [&hellip;]<\/p>\n","protected":false},"featured_media":1937,"comment_status":"open","ping_status":"open","template":"","meta":{"_swt_meta_header_display":false,"_swt_meta_footer_display":false,"_swt_meta_site_title_display":false,"_swt_meta_sticky_header":false,"_swt_meta_transparent_header":false},"product_brand":[],"product_cat":[83,77],"product_tag":[],"class_list":{"0":"post-792","1":"product","2":"type-product","3":"status-publish","4":"has-post-thumbnail","6":"product_cat-fried-ice-cream-machine","7":"product_cat-ice-cream-machine","9":"first","10":"instock","11":"shipping-taxable","12":"product-type-simple"},"_links":{"self":[{"href":"https:\/\/www.hommy.com\/pt\/wp-json\/wp\/v2\/product\/792","targetHints":{"allow":["GET"]}}],"collection":[{"href":"https:\/\/www.hommy.com\/pt\/wp-json\/wp\/v2\/product"}],"about":[{"href":"https:\/\/www.hommy.com\/pt\/wp-json\/wp\/v2\/types\/product"}],"replies":[{"embeddable":true,"href":"https:\/\/www.hommy.com\/pt\/wp-json\/wp\/v2\/comments?post=792"}],"wp:featuredmedia":[{"embeddable":true,"href":"https:\/\/www.hommy.com\/pt\/wp-json\/wp\/v2\/media\/1937"}],"wp:attachment":[{"href":"https:\/\/www.hommy.com\/pt\/wp-json\/wp\/v2\/media?parent=792"}],"wp:term":[{"taxonomy":"product_brand","embeddable":true,"href":"https:\/\/www.hommy.com\/pt\/wp-json\/wp\/v2\/product_brand?post=792"},{"taxonomy":"product_cat","embeddable":true,"href":"https:\/\/www.hommy.com\/pt\/wp-json\/wp\/v2\/product_cat?post=792"},{"taxonomy":"product_tag","embeddable":true,"href":"https:\/\/www.hommy.com\/pt\/wp-json\/wp\/v2\/product_tag?post=792"}],"curies":[{"name":"wp","href":"https:\/\/api.w.org\/{rel}","templated":true}]}}