{"id":788,"date":"2024-07-02T16:23:28","date_gmt":"2024-07-02T16:23:28","guid":{"rendered":"http:\/\/localhost\/hommywp\/hm18-table-top-digital-control-panel-hard-ice-cream-machine\/"},"modified":"2025-08-01T09:57:42","modified_gmt":"2025-08-01T09:57:42","slug":"maquina-de-gelado-duro-de-mesa-hm18","status":"publish","type":"product","link":"https:\/\/www.hommy.com\/pt\/p\/maquina-de-gelado-duro-de-mesa-hm18\/","title":{"rendered":"Hm18 Painel de controlo digital de mesa M\u00e1quina de gelado duro"},"content":{"rendered":"<div>\n<p style=\"text-align: center\"><a href=\"#Table top Gelato Freezer\" target=\"_self\" data-lv=\"0\" style=\"font-family: inherit\" rel=\"noopener\"><span style=\"font-size: 16px\"><span style=\"font-family: arial, helvetica, sans-serif\">Congelador de gelado de mesa<\/span><\/span><\/a><span style=\"color: inherit;font-family: inherit;font-size: 16px\"><span style=\"font-family: arial, helvetica, sans-serif\">|<a href=\"#Product specification\" target=\"_self\" data-lv=\"0\" rel=\"noopener\">Especifica\u00e7\u00e3o do produto<\/a>|<a href=\"#Product Features\" target=\"_self\" data-lv=\"0\" rel=\"noopener\">Carater\u00edsticas do produto<\/a>|<a href=\"#Product Advantage\" target=\"_self\" data-lv=\"0\" rel=\"noopener\">Vantagem do produto<\/a>&nbsp;<\/span><\/span><\/p>\n<p><\/p>\n<p style=\"text-align: center\">\n<p>Somos l\u00edderes no fornecimento de produtos de alta qualidade <a style=\"color:blue\" href=\"\/pt\/\">equipamento para gelados<\/a> e est\u00e3o envolvidos na fabrica\u00e7\u00e3o de m\u00e1quinas de sorvete a partir da mat\u00e9ria-prima mais confi\u00e1vel, que \u00e9 proveniente dos fabricantes mais populares do mercado. A fim de satisfazer as variadas exig\u00eancias dos nossos clientes, mantemo-nos actualizados atrav\u00e9s da leitura de novos produtos no mercado. Al\u00e9m disso, oferecemos m\u00e1quinas de sorvete de alta qualidade e somos conhecidos por ter produtos de qualidade na nossa gama. Estes produtos incluem m\u00e1quinas de sorvete, m\u00e1quinas de sorvete para uso dom\u00e9stico, m\u00e1quinas de sorvete para restaurantes e congeladores de sorvete.<\/p>\n<p style=\"margin-top:0;margin-right:0;margin-bottom:0;margin-left:0;text-indent:0;text-align:justify\"><span style=\"letter-spacing: 0px;font-size: 24px;font-family: arial, helvetica, sans-serif\"><span style=\"font-family: arial, helvetica, sans-serif;font-size: 24px;text-align: justify\">&nbsp; &nbsp;<\/span><\/span><\/p>\n<h2 style=\"margin: 0px;text-indent: 0px;text-align: justify\"><strong><span style=\"letter-spacing: 0px;font-size: 24px;font-family: arial, helvetica, sans-serif\"><span style=\"font-family: arial, helvetica, sans-serif;font-size: 24px;text-align: justify\">&nbsp;<a name=\"Product specification\"><\/a>Especifica\u00e7\u00e3o do produto\uff1a<\/span><\/span><\/strong><\/h2>\n<p style=\"margin-top:0;margin-right:0;margin-bottom:0;margin-left:0;text-indent:0;text-align:justify\"><span style=\"letter-spacing: 0px;font-size: 24px;font-family: arial, helvetica, sans-serif\"><span style=\"font-family: arial, helvetica, sans-serif;font-size: 24px;text-align: justify\"><br \/><\/span><\/span><\/p>\n<p style=\"margin-top:0;margin-right:0;margin-bottom:0;margin-left:0;text-indent:0;text-align:justify\"><span style=\"letter-spacing: 0px;font-size: 24px;font-family: arial, helvetica, sans-serif\"><br \/><\/span><\/p>\n<p style=\"text-align: center\"><img decoding=\"async\" src=\"https:\/\/www.hommy.com\/wp-content\/uploads\/16009386442698.png\" alt=\"produto-Hommy-img\" title=\"\"><\/p>\n<p><\/p>\n<p><\/p>\n<div class=\"d-tem01-graphic tem01-graphic mockup\" data-detail=\"wrap\">\n<div class=\"cont-section clearfix d-clearfix\">\n<div class=\"col-md-6 col-sm-6 col-xs-6\">\n<div class=\"right-p\">\n<div class=\"h2 heading\" style=\"text-align: left\">\n<p style=\"text-align:center\"><img loading=\"lazy\" decoding=\"async\" src=\"https:\/\/www.hommy.com\/wp-content\/uploads\/16009958245964.jpg\" alt=\"produto-Hommy-img\" style=\"font-size: 14px;width: 400px;height: 500px\" title=\"\" width=\"400\" height=\"500\" border=\"0\" vspace=\"0\"><\/p>\n<p><span style=\"font-size: 14px\">&nbsp; &nbsp; &nbsp; &nbsp;<\/span><\/p>\n<p><span style=\"font-size: 14px\"><br \/><\/span><\/p>\n<p><span style=\"font-size: 14px\"><br \/><\/span><\/p>\n<p><span style=\"font-size: 14px\"> <\/span><\/p>\n<p style=\"margin-bottom: 0px;text-align: justify\"><span style=\"letter-spacing: 0px;font-size: 24px;font-family: arial, helvetica, sans-serif\"><\/span><\/p>\n<h2><span style=\"font-size: 24px\"><strong><span style=\"letter-spacing: 0px;font-family: arial, helvetica, sans-serif\"><a name=\"Product Advantage\"><\/a>Vantagem do produto:<\/span><\/strong><\/span><\/h2>\n<\/div>\n<\/div>\n<\/div>\n<div class=\"col-md-6 col-sm-6 col-xs-6\">\n<div class=\"right-p\">\n<div class=\"h2 heading\">\n<p style=\"text-align:justify\"><span style=\"font-size: 16px;font-family: arial, helvetica, sans-serif\"><\/span><\/p>\n<p style=\"margin-top:0;margin-right:0;margin-bottom:0;margin-left:0;text-indent:0;text-align:justify\"><strong><span style=\"letter-spacing: 0px;font-size: 29px;font-family: arial, helvetica, sans-serif\"><br \/><\/span><\/strong><\/p>\n<p style=\"margin-top:0;margin-right:0;margin-bottom:0;margin-left:0;text-indent:0;text-align:justify\"><strong><span style=\"letter-spacing: 0px;font-size: 29px;font-family: arial, helvetica, sans-serif\"><br \/><\/span><\/strong><\/p>\n<h2 style=\"margin: 0px;text-indent: 0px;text-align: justify\"><span style=\"font-size: 24px\"><strong><span style=\"letter-spacing: 0px;font-family: arial, helvetica, sans-serif\"><a name=\"Product Features\"><\/a>Carater\u00edsticas do produto:<\/span><\/strong><\/span><span style=\"font-family:\u5b8b\u4f53;letter-spacing:0;font-size:29px\"> <\/span><\/h2>\n<p style=\"margin-top:0;margin-right:0;margin-bottom:0;margin-left:0;text-indent:0;text-align:justify\"><span style=\"font-family:\u5b8b\u4f53;letter-spacing:0;font-size:29px\"><br \/><\/span><\/p>\n<p style=\"text-align:justify\"><span style=\"font-size: 16px;font-family: arial, helvetica, sans-serif\">Simplificar o aspeto exterior luxuoso.<\/span><\/p>\n<p style=\"text-align:justify\"><span style=\"font-size: 16px;font-family: arial, helvetica, sans-serif\">Chapa de a\u00e7o inoxid\u00e1vel como cobertura exterior para maior durabilidade.<\/span><\/p>\n<p style=\"text-align:justify\"><span style=\"font-size: 16px;font-family: arial, helvetica, sans-serif\">Cilindro e veio agitador \u00fanicos.<\/span><\/p>\n<p style=\"text-align:justify\"><span style=\"font-size: 16px;font-family: arial, helvetica, sans-serif\">Sistema de controlo eletr\u00f3nico de f\u00e1cil utiliza\u00e7\u00e3o. <\/span><\/p>\n<p style=\"text-align:justify\"><span style=\"font-size: 16px;font-family: arial, helvetica, sans-serif\">Painel de controlo digital com interrutor t\u00e1til.<\/span><\/p>\n<p style=\"text-align:justify\"><span style=\"font-size: 16px;font-family: arial, helvetica, sans-serif\">O sistema de controlo inteligente e totalmente computorizado monitoriza continuamente a consist\u00eancia para garantir o produto desejado.<\/span><\/p>\n<p style=\"text-align:justify\"><span style=\"font-size: 16px;font-family: arial, helvetica, sans-serif\">O tempo de produ\u00e7\u00e3o \u00e9 ajust\u00e1vel. <\/span><\/p>\n<p style=\"text-align:justify\"><span style=\"font-size: 16px;font-family: arial, helvetica, sans-serif\">F\u00e1cil de utilizar.<\/span><\/p>\n<p style=\"text-align:justify\"><span style=\"font-size: 16px;font-family: arial, helvetica, sans-serif\"><\/span><\/p>\n<\/div>\n<\/div>\n<\/div>\n<\/div>\n<\/div>\n<div class=\"d-tem01-graphic tem01-graphic mockup\" data-detail=\"wrap\">\n<div class=\"cont-section clearfix d-clearfix\">\n<div class=\"col-md-6 col-sm-6 col-xs-6\">\n<div class=\"right-p\">\n<div class=\"h2 heading\">\n<p style=\"text-indent: 0;padding: 0;vertical-align: baseline\"><span style=\"letter-spacing: 0px;font-size: 20px;font-family: arial, helvetica, sans-serif\">1. O bloco thromat com tampa de pl\u00e1stico \u00e9 limpo e higi\u00e9nico, com elevado grau de veda\u00e7\u00e3o, funcionamento simples e aspeto bonito.<\/span><\/p>\n<p style=\"text-indent: 0;padding: 0;vertical-align: baseline\"><span style=\"font-family: \u5b8b\u4f53;letter-spacing: 0px;font-size: 20px\"><br \/><\/span><\/p>\n<p style=\"text-indent: 0;padding: 0;vertical-align: baseline\"><span style=\"font-family: \u5b8b\u4f53;letter-spacing: 0px;font-size: 20px\"><br \/><\/span><\/p>\n<\/div>\n<\/div>\n<div class=\"graphic_pic animated wow bounceIn\" data-wow-delay=\".7s\">\n<p style=\"text-align:center\"><img loading=\"lazy\" decoding=\"async\" src=\"https:\/\/www.hommy.com\/wp-content\/uploads\/16009964333073.png\" alt=\"produto-HM18B m\u00e1quina de gelado duro de mesa-Hommy-img\" title=\"\" width=\"350\" height=\"246\" border=\"0\" vspace=\"0\" style=\"width: 350px;height: 246px\"><\/p>\n<\/div>\n<\/div>\n<div class=\"col-md-6 col-sm-6 col-xs-6\">\n<div class=\"right-p\">\n<div class=\"h2 heading\">\n<p style=\"text-indent: 0;padding: 0;vertical-align: baseline\"><span style=\"letter-spacing: 0px;font-size: 20px;font-family: arial, helvetica, sans-serif\"><span style=\"letter-spacing: 0px;font-size: 20px\">2.&nbsp;<\/span>O painel de controlo mostra claramente o progresso da produ\u00e7\u00e3o, e o tempo para cada produ\u00e7\u00e3o pode ser definido.<\/span><\/p>\n<p style=\"text-indent: 0;padding: 0;vertical-align: baseline\"><span style=\"letter-spacing: 0px;font-size: 20px;font-family: arial, helvetica, sans-serif\"><br \/><\/span><\/p>\n<p style=\"text-indent: 0;padding: 0;vertical-align: baseline\"><span style=\"letter-spacing: 0px;font-size: 20px;font-family: arial, helvetica, sans-serif\"><br \/><\/span><\/p>\n<p style=\"text-indent: 0;padding: 0;vertical-align: baseline\"><span style=\"letter-spacing: 0px;font-size: 20px;font-family: arial, helvetica, sans-serif\"><br \/><\/span><\/p>\n<\/div>\n<\/div>\n<div class=\"graphic_pic animated wow bounceIn\" data-wow-delay=\".7s\">\n<p style=\"text-align:center\"><img loading=\"lazy\" decoding=\"async\" src=\"https:\/\/www.hommy.com\/wp-content\/uploads\/16009974133673.jpg\" alt=\"produto-Hommy-img\" title=\"\" width=\"250\" height=\"500\" border=\"0\" vspace=\"0\" style=\"width: 250px;height: 500px\"><\/p>\n<\/div>\n<\/div>\n<\/div>\n<\/div>\n<p>Documento\uff1a<img decoding=\"async\" src=\"https:\/\/www.hommy.com\/wp-content\/uploads\/icon_pdf-48.gif\" style=\"margin-right: 2px\" alt=\"produto-Hommy-img\" title=\"\"><a href=\"https:\/\/img80002414.weyesimg.com\/uploads\/www.hommy.com\/addon\/16026603438776.pdf\" title=\"16026603438776.pdf\" style=\"font-size: 12px\">16026603438776.pdf<\/a><\/p>\n<div>\n<div>\n<h2 class=\"otl-heading\" style=\"text-indent: 0em;padding-left: 0em\"><\/h2>\n<\/div>\n<h2>Porque \u00e9 que o gelado fica mole no meu congelador?<\/h2>\n<p>O gelado amolece no congelador devido \u00e0 mudan\u00e7a de temperatura. Quando a temperatura do gelado desce abaixo do ponto de congela\u00e7\u00e3o, os cristais de gelo tornam-se mais macios e o gelado derrete mais rapidamente. Quanto mais derrete, mais l\u00edquido absorve. Se a temperatura descer abaixo do ponto de congela\u00e7\u00e3o, o gelado absorve o l\u00edquido do ar que o rodeia. Isto faz com que o gelado fique mais macio e derreta mais depressa.<\/p>\n<p><\/p>\n<h2>Como se chama o gelado em Fran\u00e7a?<\/h2>\n<p>O gelado \u00e9 um tipo de sobremesa congelada feita de natas e leite ou de natas e outros ingredientes. O gelado \u00e9 feito de natas e leite e de outros ingredientes, como o a\u00e7\u00facar e outros aditivos, que podem incluir frutos, nozes ou chocolate. Em Fran\u00e7a, o gelado chama-se glace. Glace \u00e9 tamb\u00e9m o termo utilizado em muitos outros pa\u00edses para as sobremesas congeladas feitas com leite, natas ou ambos. Em ingl\u00eas, o termo ice cream \u00e9 mais comum.<\/p>\n<p><\/p>\n<h2>O que \u00e9 que os italianos chamam ao gelato?<\/h2>\n<p>Gelato \u00e9 a palavra italiana para gelado. (O nome italiano para uma pequena loja que vende gelados \u00e9, de facto, \"gelateria\"). A palavra para gelado \u00e9, claro, \"gelato\". H\u00e1 uma diferen\u00e7a na forma como o \"a\" italiano \u00e9 escrito. O som italiano para \"a\" \u00e9 um a \"curto\", que soa como o a na palavra inglesa \"father\".<\/p>\n<\/div>\n<\/div><\/div>","protected":false},"excerpt":{"rendered":"<p>Table top Gelato Freezer|Product specification|Product Features|Product Advantage&nbsp; We are the leaders in providing high-end ice cream equipment and are engaged in manufacturing Ice Cream Machines from the most reliable raw material, which is sourced from the most popular manufacturers of the market. In order to satisfy the varied requirements of our clients, we keep ourselves [&hellip;]<\/p>\n","protected":false},"featured_media":1936,"comment_status":"open","ping_status":"open","template":"","meta":{"_swt_meta_header_display":false,"_swt_meta_footer_display":false,"_swt_meta_site_title_display":false,"_swt_meta_sticky_header":false,"_swt_meta_transparent_header":false},"product_brand":[],"product_cat":[82],"product_tag":[],"class_list":{"0":"post-788","1":"product","2":"type-product","3":"status-publish","4":"has-post-thumbnail","6":"product_cat-hard-ice-cream-machine","8":"first","9":"instock","10":"shipping-taxable","11":"product-type-simple"},"_links":{"self":[{"href":"https:\/\/www.hommy.com\/pt\/wp-json\/wp\/v2\/product\/788","targetHints":{"allow":["GET"]}}],"collection":[{"href":"https:\/\/www.hommy.com\/pt\/wp-json\/wp\/v2\/product"}],"about":[{"href":"https:\/\/www.hommy.com\/pt\/wp-json\/wp\/v2\/types\/product"}],"replies":[{"embeddable":true,"href":"https:\/\/www.hommy.com\/pt\/wp-json\/wp\/v2\/comments?post=788"}],"wp:featuredmedia":[{"embeddable":true,"href":"https:\/\/www.hommy.com\/pt\/wp-json\/wp\/v2\/media\/1936"}],"wp:attachment":[{"href":"https:\/\/www.hommy.com\/pt\/wp-json\/wp\/v2\/media?parent=788"}],"wp:term":[{"taxonomy":"product_brand","embeddable":true,"href":"https:\/\/www.hommy.com\/pt\/wp-json\/wp\/v2\/product_brand?post=788"},{"taxonomy":"product_cat","embeddable":true,"href":"https:\/\/www.hommy.com\/pt\/wp-json\/wp\/v2\/product_cat?post=788"},{"taxonomy":"product_tag","embeddable":true,"href":"https:\/\/www.hommy.com\/pt\/wp-json\/wp\/v2\/product_tag?post=788"}],"curies":[{"name":"wp","href":"https:\/\/api.w.org\/{rel}","templated":true}]}}