{"id":782,"date":"2024-07-02T16:13:47","date_gmt":"2024-07-02T16:13:47","guid":{"rendered":"http:\/\/localhost\/hommywp\/hm38-best-sale-tecumseh-compressor-italy-gelato-maker-factory-cost\/"},"modified":"2025-08-01T09:57:42","modified_gmt":"2025-08-01T09:57:42","slug":"maquina-de-gelado-hm38","status":"publish","type":"product","link":"https:\/\/www.hommy.com\/pt\/p\/maquina-de-gelado-hm38\/","title":{"rendered":"Hm38 Melhor Venda Compressor Tecumseh It\u00e1lia Custo de F\u00e1brica do Fabricante de Gelato"},"content":{"rendered":"<div>\n<p>&nbsp;&nbsp;&nbsp;&nbsp;<\/p>\n<p style=\"text-align: center\"><\/p>\n<h2 style=\"text-align: center\"><span style=\"font-family: arial, helvetica, sans-serif\"><strong><span style=\"letter-spacing: 0px;font-size: 29px\"><a name=\"Gelato Maker\"><\/a>M\u00e1quina de gelado<\/span><\/strong><\/span><\/h2>\n<p style=\"text-align: center\"><a href=\"#Gelato Maker\" target=\"_self\" data-lv=\"0\" rel=\"noopener\"><span style=\"font-family: arial, helvetica, sans-serif;font-size: 16px\"><span style=\"font-family: arial, helvetica, sans-serif;letter-spacing: 0px\">M\u00e1quina de gelado<\/span><\/span><\/a><span style=\"font-family: arial, helvetica, sans-serif;font-size: 16px\"><span style=\"font-family: arial, helvetica, sans-serif;letter-spacing: 0px\">|<a href=\"#Product specification\" target=\"_self\" data-lv=\"0\" rel=\"noopener\">Especifica\u00e7\u00e3o do produto<\/a>|<a href=\"#Product Features\" target=\"_self\" data-lv=\"0\" rel=\"noopener\">Carater\u00edsticas do produto<\/a>|<a href=\"#Product Advantage\" target=\"_self\" data-lv=\"0\" rel=\"noopener\">Vantagem do produto<\/a><\/span><\/span><\/p>\n<p><\/p>\n<p style=\"text-align: center\">\n<p>A Gelato Maker \u00e9 uma ferramenta f\u00e1cil de utilizar que lhe permite criar o seu pr\u00f3prio sabor de gelado. N\u00e3o precisa de ir a uma gelataria ou esperar na fila por um gelado para fazer o seu pr\u00f3prio gelado. A Gelato Maker permite-lhe criar o seu pr\u00f3prio sabor de gelado. A Gelato Maker cont\u00e9m um pequeno reservat\u00f3rio \u00e0 sua escolha (pode ser leite simples, qualquer tipo de leite aromatizado, qualquer tipo de sumo aromatizado, qualquer tipo de leite aromatizado e\/ou qualquer outro l\u00edquido\/creme que crie o sabor pretendido) e um recipiente que cont\u00e9m qualquer outro l\u00edquido que queira utilizar.<\/p>\n<p><span style=\"font-family: arial, helvetica, sans-serif;font-size: 24px;font-weight: 700\"><\/span><\/p>\n<h2 style=\"margin-bottom: 0px\"><span style=\"font-size: 24px\"><span style=\"font-weight: 700\"><span style=\"letter-spacing: 0px;font-family: arial, helvetica, sans-serif\"><a name=\"Product specification\"><\/a>Especifica\u00e7\u00e3o do produto\uff1a<\/span><\/span><\/span><\/h2>\n<p style=\"margin-bottom: 0px\"><span style=\"font-size: 24px\"><span style=\"font-weight: 700\"><span style=\"letter-spacing: 0px;font-family: arial, helvetica, sans-serif\"><br \/><\/span><\/span><\/span><\/p>\n<p style=\"margin-bottom: 0px\"><span style=\"font-size: 24px\"><span style=\"font-weight: 700\"><span style=\"letter-spacing: 0px;font-family: arial, helvetica, sans-serif\"><br \/><\/span><\/span><\/span><\/p>\n<p style=\"margin-bottom: 0px;text-align: center\"><img decoding=\"async\" src=\"https:\/\/www.hommy.com\/wp-content\/uploads\/16008297565343-2.png\" alt=\"produto-Hommy-img\" title=\"\"><\/p>\n<p style=\"margin-bottom: 0px\"><\/p>\n<p style=\"margin-bottom: 0px\"><\/p>\n<p style=\"margin-bottom: 0px\"><span style=\"font-family: arial, helvetica, sans-serif;font-size: 24px;font-weight: 700\"><\/span><\/p>\n<div class=\"d-tem01-graphic tem01-graphic mockup\" data-detail=\"wrap\">\n<div class=\"cont-section clearfix d-clearfix\">\n<div class=\"col-md-6 col-sm-6 col-xs-6\"><\/p>\n<div class=\"graphic_pic animated wow bounceIn\" data-wow-delay=\".7s\">\n<p style=\"text-align:center\"><img decoding=\"async\" src=\"https:\/\/www.hommy.com\/wp-content\/uploads\/16008380342603.jpg\" alt=\"produto-Hommy-img\" title=\"\"><\/p>\n<\/div>\n<\/div>\n<div class=\"col-md-6 col-sm-6 col-xs-6\">\n<div class=\"right-p\">\n<p><span style=\"font-family: arial, helvetica, sans-serif;font-size: 24px;font-weight: 700;text-align: justify\"><br \/><\/span><\/p>\n<p><span style=\"font-family: arial, helvetica, sans-serif;font-size: 24px;font-weight: 700;text-align: justify\"><br \/><\/span><\/p>\n<h2><span style=\"font-family: arial, helvetica, sans-serif;font-size: 24px;font-weight: 700;text-align: justify\"><a name=\"Product Features\"><\/a>Carater\u00edsticas do produto:<\/span><\/h2>\n<div class=\"description\">\n<p style=\"text-indent: 0;padding: 0;vertical-align: baseline\"><span style=\"font-family: Calibri;letter-spacing: 0px;font-size: 19px\">Os compressores da marca global Tecumseh, funcionam em estado estacion\u00e1rio.<\/span><\/p>\n<p style=\"text-indent: 0;padding: 0;vertical-align: baseline\"><span><span style=\"letter-spacing: 0px;font-family: Calibri;font-size: 19px\">\u25c6<\/span><span style=\"font-family: Calibri;letter-spacing: 0px;font-size: 19px\">&nbsp;Eletromotor potente, pot\u00eancia at\u00e9 5000W.<\/span><\/span><\/p>\n<p style=\"text-indent: 0;padding: 0;vertical-align: baseline\"><span><span style=\"letter-spacing: 0px;font-family: Calibri;font-size: 19px\">\u25c6<\/span><span style=\"font-family: Calibri;letter-spacing: 0px;font-size: 19px\">&nbsp;Novo design de polia com ranhura dupla, rota\u00e7\u00e3o est\u00e1vel, baixo ru\u00eddo, baixa vibra\u00e7\u00e3o, sem deslizamento.  A vida \u00fatil da correia \u00e9 75% mais longa do que a do modelo antigo.  E a <a style=\"color:blue\" href=\"\/pt\/\">m\u00e1quina de gelados<\/a> A fun\u00e7\u00e3o \u00e9 muito mais est\u00e1vel do que a norma nacional.<\/span><\/span><\/p>\n<p style=\"text-indent: 0;padding: 0;vertical-align: baseline\"><span><span style=\"letter-spacing: 0px;font-family: Calibri;font-size: 19px\">\u25c6<\/span><span style=\"font-family: Calibri;letter-spacing: 0px;font-size: 19px\">&nbsp;Candidatar-se mais recentemente <\/span><span style=\"font-family: \u5b8b\u4f53;letter-spacing: 0px;font-size: 19px\">investiga\u00e7\u00e3o<\/span><span style=\"font-family: Calibri;letter-spacing: 0px;font-size: 19px\">&nbsp;A realiza\u00e7\u00e3o, refor\u00e7ar a espessura da camada de espuma, proporcionar um melhor isolamento e poupar mais energia, mant\u00e9m o gelado a uma determinada temperatura, <\/span><span style=\"font-family: \u5b8b\u4f53;letter-spacing: 0px;font-size: 19px\">manter<\/span><span style=\"font-family: Calibri;letter-spacing: 0px;font-size: 19px\">&nbsp;o sabor original.<\/span><\/span><\/p>\n<p style=\"text-indent: 0;padding: 0;vertical-align: baseline\"><span><span style=\"letter-spacing: 0px;font-family: Calibri;font-size: 19px\">\u25c6&nbsp;<\/span><span style=\"font-family: Calibri;letter-spacing: 0px;font-size: 19px\">O evaporador de cobre puro torna a transfer\u00eancia de calor mais r\u00e1pida, aumentando a efici\u00eancia.<\/span><\/span><\/p>\n<p style=\"text-indent: 0;padding: 0;vertical-align: baseline\"><span><span style=\"letter-spacing: 0px;font-family: Calibri;font-size: 19px\">\u25c6&nbsp;<\/span><span style=\"font-family: Calibri;letter-spacing: 0px;font-size: 19px\">As grandes p\u00e1s da ventoinha mant\u00eam o ru\u00eddo ao n\u00edvel mais baixo e fornecem um volume de ar suficiente.<\/span><\/span><\/p>\n<p style=\"text-indent: 0;padding: 0;vertical-align: baseline\"><span><span style=\"letter-spacing: 0px;font-family: Calibri;font-size: 19px\">\u25c6&nbsp;<\/span><span style=\"font-family: Calibri;letter-spacing: 0px;font-size: 19px\">O mais recente sistema de opera\u00e7\u00e3o, o funcionamento da m\u00e1quina num relance.<\/span><\/span><\/p>\n<\/div>\n<\/div>\n<p><span>&nbsp; &nbsp; &nbsp; &nbsp; &nbsp; &nbsp; &nbsp;<\/span><\/div>\n<\/div>\n<\/div>\n<p style=\"margin-bottom: 0px\"><span style=\"font-family: arial, helvetica, sans-serif;font-size: 24px;font-weight: 700\"><br \/><\/span><\/p>\n<h2 style=\"margin-bottom: 0px\"><span style=\"font-family: arial, helvetica, sans-serif;font-size: 24px;font-weight: 700\"><a name=\"Product Advantage\"><\/a>Vantagem do produto:<\/span><\/h2>\n<div class=\"d-tem01-graphic tem01-graphic mockup\" data-detail=\"wrap\">\n<div class=\"cont-section clearfix d-clearfix\">\n<div class=\"col-md-6 col-sm-6 col-xs-6\">\n<div class=\"right-p\">\n<p><span style=\"letter-spacing: 0px;font-size: 20px;font-family: arial, helvetica, sans-serif\">1.&nbsp;<\/span><span style=\"font-family: arial, helvetica, sans-serif\"><span style=\"font-family: Calibri;letter-spacing: 0px;font-size: 20px\">Vareta de agita\u00e7\u00e3o altamente resistente ao desgaste, material importado de qualidade alimentar, p\u00f5e fim \u00e0 expans\u00e3o e contra\u00e7\u00e3o t\u00e9rmicas, reduz o vazio do cilindro de raspagem, torna o sabor do gelado mais delicado e suave<\/span><span style=\"font-family: \u5b8b\u4f53;letter-spacing: 0px;font-size: 20px\">.<\/span><\/span><\/p>\n<p><span style=\"font-family: arial, helvetica, sans-serif\"><span style=\"font-family: \u5b8b\u4f53;letter-spacing: 0px;font-size: 20px\"><br \/><\/span><\/span><\/p>\n<p><span style=\"font-family: arial, helvetica, sans-serif\"><span style=\"font-family: \u5b8b\u4f53;letter-spacing: 0px;font-size: 20px\"><br \/><\/span><\/span><\/p>\n<\/div>\n<div class=\"graphic_pic animated wow bounceIn\" data-wow-delay=\".7s\">\n<p style=\"text-align:center\"><img loading=\"lazy\" decoding=\"async\" src=\"https:\/\/www.hommy.com\/wp-content\/uploads\/16008387863584.png\" alt=\"produto-Hommy-HM38 M\u00e1quina de gelado-img\" title=\"\" width=\"330\" height=\"362\" border=\"0\" vspace=\"0\" style=\"width: 330px;height: 362px\"><\/p>\n<\/div>\n<\/div>\n<div class=\"col-md-6 col-sm-6 col-xs-6\">\n<div class=\"right-p\">\n<p><span style=\"font-family: arial, helvetica, sans-serif;font-size: 20px\">2. o bloco thromat de a\u00e7o inoxid\u00e1vel \u00e9 limpo e higi\u00e9nico, com alto grau de veda\u00e7\u00e3o, opera\u00e7\u00e3o simples e apar\u00eancia bonita.<\/span><\/p>\n<p><span style=\"font-family: arial, helvetica, sans-serif;font-size: 20px\"><br \/><\/span><\/p>\n<p><span style=\"font-family: arial, helvetica, sans-serif;font-size: 20px\"><br \/><\/span><\/p>\n<\/div>\n<div class=\"graphic_pic animated wow bounceIn\" data-wow-delay=\".7s\">\n<p style=\"text-align:center\"><img loading=\"lazy\" decoding=\"async\" src=\"https:\/\/www.hommy.com\/wp-content\/uploads\/16008388628220.png\" alt=\"produto-Hommy-img\" title=\"\" width=\"350\" height=\"279\" border=\"0\" vspace=\"0\" style=\"width: 350px;height: 279px\"><\/p>\n<\/div>\n<\/div>\n<\/div>\n<\/div>\n<div class=\"d-tem01-graphic tem01-graphic mockup\" data-detail=\"wrap\">\n<div class=\"cont-section clearfix d-clearfix\">\n<div class=\"col-md-6 col-sm-6 col-xs-6\">\n<div class=\"right-p\">\n<div class=\"h2 heading\"><span style=\"font-family: arial, helvetica, sans-serif;font-size: 20px\">3. O painel de controlo mostra claramente o progresso da produ\u00e7\u00e3o, e o tempo para cada produ\u00e7\u00e3o pode ser definido.<\/span><\/div>\n<\/div>\n<div class=\"graphic_pic animated wow bounceIn\" data-wow-delay=\".7s\">\n<p style=\"text-align:center\"><img decoding=\"async\" src=\"https:\/\/www.hommy.com\/wp-content\/uploads\/16008389169004.png\" alt=\"produto-Hommy-img\" title=\"\"><\/p>\n<\/div>\n<\/div>\n<p>&nbsp; &nbsp; &nbsp; &nbsp; &nbsp; &nbsp;<\/div>\n<\/div>\n<p>Documento\uff1a<img decoding=\"async\" src=\"https:\/\/www.hommy.com\/wp-content\/uploads\/icon_pdf-47.gif\" style=\"margin-right: 2px\" alt=\"produto-HM38 M\u00e1quina de gelado-Hommy-img\" title=\"\"><a href=\"https:\/\/img80002414.weyesimg.com\/uploads\/www.hommy.com\/addon\/16027245511513.pdf\" title=\"16027245511513.pdf\" style=\"font-size: 12px\">16027245511513.pdf<\/a><\/p>\n<h2 style=\"font-family: sans-serif\">O que \u00e9 o <a style=\"color:blue\" href=\"https:\/\/www.hommy.com\/pt\/maquina-de-gelados-duros\/\">m\u00e1quina de gelado<\/a> chamado?<\/h2>\n<p style=\"margin-top: 5px;margin-bottom: 5px;font-family: sans-serif;font-size: 16px\"><\/p>\n<p style=\"margin-top: 5px;margin-bottom: 5px;font-family: sans-serif;font-size: 16px\">Um gelatore \u00e9 a pequena m\u00e1quina onde se faz gelato e batidos tipo gelato. N\u00e3o \u00e9 t\u00e3o divulgada como uma m\u00e1quina de gelado, porque quando n\u00e3o se consegue fazer um bom gelado, por vezes a melhor op\u00e7\u00e3o \u00e9 uma m\u00e1quina de batidos. Mas se fizer gelado da forma correta, n\u00e3o h\u00e1 necessidade de uma m\u00e1quina de gelado.<\/p>\n<p style=\"margin-top: 5px;margin-bottom: 5px;font-family: sans-serif;font-size: 16px\"><\/p>\n<p style=\"margin-top: 5px;margin-bottom: 5px;font-family: sans-serif;font-size: 16px\">Servir leite atualizado. Esta \u00e9 apenas uma forma de dizer que o leite mudou ao longo do tempo. O padr\u00e3o atual para o leite \u00e9 a pasteuriza\u00e7\u00e3o ultra-alta, ou UHT. Mas a verdadeira quest\u00e3o \u00e9 se o leite foi ultra-pasteurizado antes de ser homogeneizado e depois embalado e entregue a um ponto de venda a retalho. A resposta \u00e9 n\u00e3o. Pelo menos n\u00e3o a menos que<\/p>\n<p style=\"margin-top: 5px;margin-bottom: 5px;font-family: sans-serif;font-size: 16px\"><\/p>\n<h2 style=\"font-family: sans-serif\">O gelado tem de ser congelado?<\/h2>\n<p style=\"margin-top: 5px;margin-bottom: 5px;font-family: sans-serif;font-size: 16px\"><\/p>\n<p style=\"margin-top: 5px;margin-bottom: 5px;font-family: sans-serif;font-size: 16px\">Sim. O gelado \u00e9 melhor quando servido a cerca de 35\u00baC ou 72\u00baF, mas pode ser servido ligeiramente mais quente (at\u00e9 60\u00baC ou 140\u00baF). No ver\u00e3o, o gelado deve ser servido fresco e bem abaixo de zero.<\/p>\n<p style=\"margin-top: 5px;margin-bottom: 5px;font-family: sans-serif;font-size: 16px\"><\/p>\n<p style=\"margin-top: 5px;margin-bottom: 5px;font-family: sans-serif;font-size: 16px\">O gelato era tradicionalmente consumido no ver\u00e3o, mas atualmente assiste-se a um enorme renascimento do gelado na regi\u00e3o mediterr\u00e2nica. Em alguns pa\u00edses, nomeadamente no Norte de It\u00e1lia, as gelatarias continuam a funcionar como h\u00e1 algumas d\u00e9cadas atr\u00e1s.<\/p>\n<p style=\"margin-top: 5px;margin-bottom: 5px;font-family: sans-serif;font-size: 16px\"><\/p>\n<p style=\"margin-top: 5px;margin-bottom: 5px;font-family: sans-serif;font-size: 16px\"><\/p>\n<h2 style=\"font-family: sans-serif\">O que torna o gelado el\u00e1stico?<\/h2>\n<p style=\"margin-top: 5px;margin-bottom: 5px;font-family: sans-serif;font-size: 16px\"><\/p>\n<p style=\"margin-top: 5px;margin-bottom: 5px;font-family: sans-serif;font-size: 16px\">O gelato n\u00e3o estica, mas flui como as natas. Embora o gelato n\u00e3o estique, pode ser utilizado na mesma, uma vez que \u00e9 feito para ser consumido de uma s\u00f3 vez, pelo que estica ao fim de alguns dias quando mantido \u00e0 temperatura ambiente.Por isso, se guardar o gelado durante mais de uma semana, certifique-se de que o embrulha corretamente (tamb\u00e9m pode utilizar um saco de congela\u00e7\u00e3o). Quando o gelado n\u00e3o mant\u00e9m a sua forma, pode adicionar um pouco de natas ou chantilly para o tornar novamente el\u00e1stico.<\/p>\n<\/div><\/div>","protected":false},"excerpt":{"rendered":"<p>&nbsp;&nbsp;&nbsp;&nbsp; Gelato Maker Gelato Maker|Product specification|Product Features|Product Advantage The Gelato Maker is an easy to use tool that will allow you to create your own flavor gelato. You do not have to go to the gelato shop or wait in line for a gelato to make your own gelato. The Gelato Maker will allow you [&hellip;]<\/p>\n","protected":false},"featured_media":1935,"comment_status":"open","ping_status":"open","template":"","meta":{"_swt_meta_header_display":false,"_swt_meta_footer_display":false,"_swt_meta_site_title_display":false,"_swt_meta_sticky_header":false,"_swt_meta_transparent_header":false},"product_brand":[],"product_cat":[82],"product_tag":[],"class_list":{"0":"post-782","1":"product","2":"type-product","3":"status-publish","4":"has-post-thumbnail","6":"product_cat-hard-ice-cream-machine","8":"first","9":"instock","10":"shipping-taxable","11":"product-type-simple"},"_links":{"self":[{"href":"https:\/\/www.hommy.com\/pt\/wp-json\/wp\/v2\/product\/782","targetHints":{"allow":["GET"]}}],"collection":[{"href":"https:\/\/www.hommy.com\/pt\/wp-json\/wp\/v2\/product"}],"about":[{"href":"https:\/\/www.hommy.com\/pt\/wp-json\/wp\/v2\/types\/product"}],"replies":[{"embeddable":true,"href":"https:\/\/www.hommy.com\/pt\/wp-json\/wp\/v2\/comments?post=782"}],"wp:featuredmedia":[{"embeddable":true,"href":"https:\/\/www.hommy.com\/pt\/wp-json\/wp\/v2\/media\/1935"}],"wp:attachment":[{"href":"https:\/\/www.hommy.com\/pt\/wp-json\/wp\/v2\/media?parent=782"}],"wp:term":[{"taxonomy":"product_brand","embeddable":true,"href":"https:\/\/www.hommy.com\/pt\/wp-json\/wp\/v2\/product_brand?post=782"},{"taxonomy":"product_cat","embeddable":true,"href":"https:\/\/www.hommy.com\/pt\/wp-json\/wp\/v2\/product_cat?post=782"},{"taxonomy":"product_tag","embeddable":true,"href":"https:\/\/www.hommy.com\/pt\/wp-json\/wp\/v2\/product_tag?post=782"}],"curies":[{"name":"wp","href":"https:\/\/api.w.org\/{rel}","templated":true}]}}