{"id":775,"date":"2024-07-02T16:03:57","date_gmt":"2024-07-02T16:03:57","guid":{"rendered":"http:\/\/localhost\/hommywp\/commercial-big-fan-blades-gelato-maker-hard-ice-cream-maker\/"},"modified":"2025-08-01T09:57:42","modified_gmt":"2025-08-01T09:57:42","slug":"maquina-de-fazer-rolos-de-gelado-duro-comercial","status":"publish","type":"product","link":"https:\/\/www.hommy.com\/pt\/p\/maquina-de-fazer-rolos-de-gelado-duro-comercial\/","title":{"rendered":"M\u00e1quina de Sorvete Expresso, M\u00e1quina de Sorvete Expresso com L\u00e2minas Grandes e Comerciais"},"content":{"rendered":"<div>\n<p>&nbsp;<\/p>\n<h2 style=\"text-align: center\"><strong><span style=\"font-family: arial, helvetica, sans-serif;font-size: 24px\"><a name=\"Hard ice cream making machine\/Gelato maker\"><\/a>M\u00e1quina de fazer gelado duro\/Gelato maker<\/span><\/strong><\/h2>\n<p style=\"text-align: center\"><span style=\"font-size: 16px;font-family: arial, helvetica, sans-serif\">&nbsp;<a href=\"#Hard ice cream making machine\/Gelato maker\" target=\"_self\" data-lv=\"0\" rel=\"noopener\">M\u00e1quina de fazer gelado duro\/Gelato maker<\/a>|<a href=\"#PRODUCT FEATURES\" target=\"_self\" data-lv=\"0\" rel=\"noopener\">CARACTER\u00cdSTICAS DO PRODUTO<\/a>|<a href=\"#Hard Ice Cream Making Machine\" target=\"_self\" data-lv=\"0\" rel=\"noopener\">M\u00e1quina de Sorvete Expresso<\/a>|<a href=\"#PRODUCT SPECIFICATION\" target=\"_self\" data-lv=\"0\" rel=\"noopener\">ESPECIFICA\u00c7\u00c3O DO PRODUTO<\/a>|<a href=\"#PRODUCT ADVANTAGE\" target=\"_self\" data-lv=\"0\" rel=\"noopener\">VANTAGEM DO PRODUTO<\/a><\/span><\/p>\n<p style=\"text-align: center\"><video src=\"https:\/\/img80002414.weyesimg.com\/uploads\/wij2rdgc.allweyes.com\/video\/15553982036329.mp4\" preload=\"none\" controls=\"\" poster=\"https:\/\/img80002414.weyesimg.com\/uploads\/wij2rdgc.allweyes.com\/images\/15553981902577.jpg\" data-setup=\"{}\" width=\"900\" height=\"640\"><\/video><\/p>\n<p>&nbsp;Temos o prazer de oferecer a Gelato Maker aos nossos clientes. \u00c9 uma m\u00e1quina usada para fazer gelato em diferentes sabores como manga, baunilha, morango, etc. \u00c9 muito popular em todo o mundo. Com ela, pode facilmente criar gelados perfeitos para qualquer ocasi\u00e3o. \u00c9 uma alternativa acess\u00edvel \u00e0s m\u00e1quinas mais caras e \u00e9 f\u00e1cil de utilizar.<\/p>\n<div class=\"text-left d-tem09-title d-interval\" data-detail=\"wrap\">\n<div class=\"title-header\">\n<h2><strong><span style=\"font-family: arial, helvetica, sans-serif;font-size: 24px\"><a name=\"PRODUCT FEATURES\"><\/a>CARACTER\u00cdSTICAS DO PRODUTO<\/span><\/strong><\/h2>\n<div class=\"subtitle\"><span>A f\u00e1brica da Hommy ocupa uma \u00e1rea de 30500 metros quadrados na cidade de Xinhui Jiangmen, incluindo linhas de produ\u00e7\u00e3o flex\u00edveis, laborat\u00f3rio de I&amp;D, centro de aprendizagem e oficina equipada com equipamento de ponta.<\/span><\/div>\n<\/div>\n<\/div>\n<p>&nbsp;<\/p>\n<div class=\"d-tem11-graphic tem11-graphic mockup\" data-detail=\"wrap\">\n<div class=\"tab_row\">\n<div class=\"img\" style=\"width: 50%\"><img decoding=\"async\" title=\"\" alt=\"produto-Hommy-img\" src=\"https:\/\/www.hommy.com\/wp-content\/uploads\/15553985425937.jpg\"><\/div>\n<div class=\"text_box\" style=\"width: 50%\">\n<div class=\"txt\">\n<div class=\"title\">\n<h2>&nbsp;<strong><span style=\"font-family: arial, helvetica, sans-serif;font-size: 24px\"><a name=\"Hard Ice Cream Making Machine\"><\/a>M\u00e1quina de Sorvete Expresso<\/span><\/strong><\/h2>\n<\/div>\n<p>&nbsp;<\/p>\n<p style=\"line-height: 1.5em\">Os compressores da marca mundial Tecumseh funcionam em estado estacion\u00e1rio.<br \/>Eletromotor potente, pot\u00eancia at\u00e9 5000W.<br \/>Novo design de polia com ranhuras duplas, rota\u00e7\u00e3o est\u00e1vel, baixo ru\u00eddo, baixa vibra\u00e7\u00e3o, sem deslizamento. A vida \u00fatil da correia \u00e9 75% mais longa do que a do modelo antigo.  E a <a style=\"color:blue\" href=\"\/pt\/\">m\u00e1quina de gelados<\/a> A fun\u00e7\u00e3o \u00e9 muito mais est\u00e1vel do que a norma nacional.<br \/>Aplicar os \u00faltimos resultados da investiga\u00e7\u00e3o, refor\u00e7ar a espessura da camada de espuma, proporcionar um melhor isolamento e poupar mais energia, manter o gelado a uma determinada temperatura, manter o sabor original.<br \/>O evaporador de cobre puro torna a transfer\u00eancia de calor mais r\u00e1pida, aumentando a efici\u00eancia.<br \/>As grandes p\u00e1s da ventoinha mant\u00eam o ru\u00eddo ao n\u00edvel mais baixo e fornecem um volume de ar suficiente.<br \/>O mais recente sistema de opera\u00e7\u00e3o, o funcionamento da m\u00e1quina num relance.<\/p>\n<p>&nbsp;<\/p>\n<\/div>\n<\/div>\n<\/div>\n<\/div>\n<p>&nbsp;<\/p>\n<div class=\"text-left d-tem09-title d-interval\" data-detail=\"wrap\">\n<div class=\"title-header\">\n<h2><strong><span style=\"font-size: 24px;font-family: arial, helvetica, sans-serif\"><a name=\"PRODUCT SPECIFICATION\"><\/a>ESPECIFICA\u00c7\u00c3O DO PRODUTO<\/span><\/strong><\/h2>\n<div class=\"subtitle\"><span>A excelente experi\u00eancia do cliente \u00e9 o ponto de partida da Hommy.<\/span><\/div>\n<\/div>\n<\/div>\n<p>&nbsp;<\/p>\n<div class=\"table-responsive\">\n<table class=\"table table-bordered table-hover\">\n<tbody>\n<tr class=\"firstRow\">\n<td rowspan=\"2\" width=\"71\" valign=\"center\">\n<p style=\"text-align:center\">Item No.<\/p>\n<\/td>\n<td rowspan=\"2\" width=\"138\" valign=\"center\">\n<p style=\"text-align:center\">Controlo por ecr\u00e3 t\u00e1til<\/p>\n<\/td>\n<td rowspan=\"2\" width=\"71\" valign=\"center\">\n<p style=\"text-align:center\">Capacidade de produ\u00e7\u00e3o<\/p>\n<\/td>\n<td rowspan=\"2\" width=\"82\" valign=\"center\">\n<p style=\"text-align:center\">Capacidade do cilindro<\/p>\n<\/td>\n<td rowspan=\"2\" width=\"92\" valign=\"center\">\n<p style=\"text-align:center\">Alimenta\u00e7\u00e3o el\u00e9ctrica<\/p>\n<\/td>\n<td colspan=\"2\" width=\"144\" valign=\"center\">\n<p style=\"text-align:center\">Sistema de refrigera\u00e7\u00e3o<\/p>\n<\/td>\n<td colspan=\"3\" width=\"216\" valign=\"center\">\n<p style=\"text-align:center\">L\u00edquido. Dimens\u00e3o (mm)<\/p>\n<\/td>\n<td rowspan=\"2\" width=\"72\" valign=\"center\">\n<p style=\"text-align:center\">N.W(kg)<\/p>\n<\/td>\n<\/tr>\n<tr>\n<td width=\"72\" valign=\"center\">\n<p style=\"text-align:center\">congelamento<\/p>\n<\/td>\n<td width=\"72\" valign=\"center\">\n<p style=\"text-align:center\">Condensador de arrefecimento<\/p>\n<\/td>\n<td width=\"72\" valign=\"center\">\n<p style=\"text-align:center\">largura<\/p>\n<\/td>\n<td width=\"72\" valign=\"center\">\n<p style=\"text-align:center\">profundidade<\/p>\n<\/td>\n<td width=\"72\" valign=\"center\">\n<p style=\"text-align:center\">altura<\/p>\n<\/td>\n<\/tr>\n<tr>\n<td rowspan=\"2\" width=\"71\" valign=\"center\">\n<p style=\"text-align:center\">HM28S<\/p>\n<\/td>\n<td rowspan=\"2\" width=\"138\" valign=\"center\">\n<p style=\"text-align:center\">Painel de controlo eletr\u00f3nico<\/p>\n<\/td>\n<td rowspan=\"2\" width=\"71\" valign=\"center\">\n<p style=\"text-align:center\">80L\/H<\/p>\n<\/td>\n<td rowspan=\"2\" width=\"82\" valign=\"center\">\n<p style=\"text-align:center\">15L<\/p>\n<\/td>\n<td width=\"92\" valign=\"center\">\n<p style=\"text-align:center\">220~380V<\/p>\n<\/td>\n<td rowspan=\"2\" width=\"72\" valign=\"center\">\n<p style=\"text-align:center\">R404A<\/p>\n<\/td>\n<td rowspan=\"2\" width=\"72\" valign=\"center\">\n<p style=\"text-align:center\">Ar\/\u00e1gua<\/p>\n<\/td>\n<td rowspan=\"2\" width=\"72\" valign=\"center\">\n<p style=\"text-align:center\">550<\/p>\n<\/td>\n<td rowspan=\"2\" width=\"72\" valign=\"center\">\n<p style=\"text-align:center\">700<\/p>\n<\/td>\n<td rowspan=\"2\" width=\"72\" valign=\"center\">\n<p style=\"text-align:center\">1420<\/p>\n<\/td>\n<td rowspan=\"2\" width=\"72\" valign=\"center\">\n<p style=\"text-align:center\">186<\/p>\n<\/td>\n<\/tr>\n<tr>\n<td width=\"92\" valign=\"center\">\n<p style=\"text-align:center\">50HZ\/60HZ<\/p>\n<\/td>\n<\/tr>\n<\/tbody>\n<\/table>\n<\/div>\n<p>&nbsp;<\/p>\n<div class=\"text-left d-tem09-title d-interval\" data-detail=\"wrap\">\n<div class=\"title-header\">\n<h2><strong><span style=\"font-size: 24px;font-family: arial, helvetica, sans-serif\"><a name=\"PRODUCT ADVANTAGE\"><\/a>VANTAGEM DO PRODUTO<\/span><\/strong><\/h2>\n<p><span>Al\u00e9m disso, engenheiros altamente qualificados, tecn\u00f3logos competentes e pessoal experiente contribuem muito para o desenvolvimento da empresa.<\/span><\/p>\n<p><span><img loading=\"lazy\" decoding=\"async\" title=\"\" alt=\"produto-Hommy-img\" src=\"https:\/\/www.hommy.com\/wp-content\/uploads\/15553986958665.jpg\" style=\"font-size: 0px;width: 300px;height: 600px\" width=\"300\" height=\"600\" border=\"0\" vspace=\"0\"><\/span><\/p>\n<\/div>\n<\/div>\n<p><span style=\"text-align: center\">1. Corpo totalmente em a\u00e7o inoxid\u00e1vel, para uma utiliza\u00e7\u00e3o de longa dura\u00e7\u00e3o e um aspeto luxuoso.<\/span><\/p>\n<p><img loading=\"lazy\" decoding=\"async\" title=\"\" alt=\"produto-Hommy-img\" src=\"https:\/\/www.hommy.com\/wp-content\/uploads\/15553987016618.jpg\" style=\"font-size: 0px;width: 200px;height: 600px\" width=\"200\" height=\"600\" border=\"0\" vspace=\"0\"><\/p>\n<p><span style=\"text-align: center\">2. haste de agita\u00e7\u00e3o altamente resistente ao desgaste, material importado de qualidade alimentar, p\u00f4r fim \u00e0 expans\u00e3o e contra\u00e7\u00e3o t\u00e9rmica, reduzir o vazio do cilindro de raspagem, tornar o sabor do gelado mais delicado e suave.<\/span><\/p>\n<p><br style=\"text-align: center\" \/><span style=\"text-align: center\">3. boca de entrada de ingrediente Coloque a mistura proporcional de p\u00f3 de sorvete e \u00e1gua no pote de ingrediente, note que o volume total da pasta n\u00e3o pode exceder o n\u00edvel MAX do pote.<\/span><\/p>\n<p><\/p>\n<p><span style=\"text-align: center\"><br \/><\/span><\/p>\n<p><span style=\"text-align: center\"><br \/><\/span><\/p>\n<p><span style=\"text-align: center\">Documento:<\/span><img decoding=\"async\" src=\"https:\/\/www.hommy.com\/wp-content\/uploads\/icon_pdf-46.gif\" style=\"margin-right: 2px\" alt=\"produto-M\u00e1quina de gelado duro comercial-Hommy-img\" title=\"\"><a href=\"https:\/\/img80002414.weyesimg.com\/uploads\/www.hommy.com\/addon\/16028363831459.pdf\" title=\"16028363831459.pdf\" style=\"font-size: 12px\">16028363831459.pdf<\/a><\/p>\n<p><span style=\"text-align: center\"><\/span><\/p>\n<h2>Quanto custa um <a style=\"color:blue\" href=\"https:\/\/www.hommy.com\/pt\/maquina-de-gelados-duros\/\">m\u00e1quina de gelados duros<\/a>?<\/h2>\n<p style=\"margin-top: 5px;margin-bottom: 5px\"><\/p>\n<p style=\"margin-top: 5px;margin-bottom: 5px\">A m\u00e1quina de gelados \u00e9 a parte mais importante de uma geladaria. Se est\u00e1 a comprar uma nova, tem de ter a certeza de que est\u00e1 a comprar a m\u00e1quina certa para o seu neg\u00f3cio. Por isso, estamos aqui para lhe dizer exatamente quanto custa uma m\u00e1quina de gelados e o que deve ter em aten\u00e7\u00e3o quando estiver a comprar uma.<\/p>\n<p style=\"margin-top: 5px;margin-bottom: 5px\"><\/p>\n<p style=\"margin-top: 5px;margin-bottom: 5px\">Tal como acontece com muitas outras coisas na vida, h\u00e1 uma grande variedade de pre\u00e7os quando se trata de comprar m\u00e1quinas de gelado. Depende do tipo de m\u00e1quina, da marca e das carater\u00edsticas que se pretende.<\/p>\n<p style=\"margin-top: 5px;margin-bottom: 5px\"><\/p>\n<h2>Como \u00e9 que se faz um gelado duro?<\/h2>\n<p style=\"margin-top: 5px;margin-bottom: 5px\"><\/p>\n<p style=\"margin-top: 5px;margin-bottom: 5px\">Estou \u00e0 procura de uma forma de fazer gelado duro que n\u00e3o exija muita energia. Tenho uma arca frigor\u00edfica a v\u00e1cuo e uma ensacadora, por isso n\u00e3o preciso de fazer nada com o gelado. Gostaria de poder pegar num pacote de leite e fazer um gelado. Tamb\u00e9m estou \u00e0 procura de um m\u00e9todo que n\u00e3o altere a textura.<\/p>\n<p style=\"margin-top: 5px;margin-bottom: 5px\"><\/p>\n<p style=\"margin-top: 5px;margin-bottom: 5px\">Existe algo como gelado de massa dura? Experimentei um gelado de massa dura h\u00e1 alguns meses e foi realmente fant\u00e1stico. N\u00e3o fazia ideia de como era dif\u00edcil de fazer.<\/p>\n<p style=\"margin-top: 5px;margin-bottom: 5px\"><\/p>\n<p style=\"margin-top: 5px;margin-bottom: 5px\">Quando digo que \u00e9 dif\u00edcil de servir, quero dizer que tem de bater no gelado com o pau. N\u00e3o o pau do gelado. O pau da colher.<\/p>\n<\/div><\/div>","protected":false},"excerpt":{"rendered":"<p>&nbsp; Hard ice cream making machine\/Gelato maker &nbsp;Hard ice cream making machine\/Gelato maker|PRODUCT FEATURES|Hard Ice Cream Making Machine|PRODUCT SPECIFICATION|PRODUCT ADVANTAGE &nbsp;We are excited to offer Gelato Maker to our customers. It is a machine used for making gelato in different flavors like mango, vanilla, strawberry, etc. It is highly popular in all over the world. [&hellip;]<\/p>\n","protected":false},"featured_media":771,"comment_status":"open","ping_status":"open","template":"","meta":{"_swt_meta_header_display":false,"_swt_meta_footer_display":false,"_swt_meta_site_title_display":false,"_swt_meta_sticky_header":false,"_swt_meta_transparent_header":false},"product_brand":[],"product_cat":[82],"product_tag":[],"class_list":{"0":"post-775","1":"product","2":"type-product","3":"status-publish","4":"has-post-thumbnail","6":"product_cat-hard-ice-cream-machine","8":"first","9":"instock","10":"shipping-taxable","11":"product-type-simple"},"_links":{"self":[{"href":"https:\/\/www.hommy.com\/pt\/wp-json\/wp\/v2\/product\/775","targetHints":{"allow":["GET"]}}],"collection":[{"href":"https:\/\/www.hommy.com\/pt\/wp-json\/wp\/v2\/product"}],"about":[{"href":"https:\/\/www.hommy.com\/pt\/wp-json\/wp\/v2\/types\/product"}],"replies":[{"embeddable":true,"href":"https:\/\/www.hommy.com\/pt\/wp-json\/wp\/v2\/comments?post=775"}],"wp:featuredmedia":[{"embeddable":true,"href":"https:\/\/www.hommy.com\/pt\/wp-json\/wp\/v2\/media\/771"}],"wp:attachment":[{"href":"https:\/\/www.hommy.com\/pt\/wp-json\/wp\/v2\/media?parent=775"}],"wp:term":[{"taxonomy":"product_brand","embeddable":true,"href":"https:\/\/www.hommy.com\/pt\/wp-json\/wp\/v2\/product_brand?post=775"},{"taxonomy":"product_cat","embeddable":true,"href":"https:\/\/www.hommy.com\/pt\/wp-json\/wp\/v2\/product_cat?post=775"},{"taxonomy":"product_tag","embeddable":true,"href":"https:\/\/www.hommy.com\/pt\/wp-json\/wp\/v2\/product_tag?post=775"}],"curies":[{"name":"wp","href":"https:\/\/api.w.org\/{rel}","templated":true}]}}