{"id":770,"date":"2024-07-02T16:03:54","date_gmt":"2024-07-02T16:03:54","guid":{"rendered":"http:\/\/localhost\/hommywp\/hm-ma-20-hard-ice-cream-pasteurization-machine-wholesale\/"},"modified":"2025-08-01T09:57:42","modified_gmt":"2025-08-01T09:57:42","slug":"hm-ma-20-maquina-de-pasteurizacao-de-gelado","status":"publish","type":"product","link":"https:\/\/www.hommy.com\/pt\/p\/hm-ma-20-maquina-de-pasteurizacao-de-gelado\/","title":{"rendered":"M\u00e1quina de Pasteuriza\u00e7\u00e3o de Sorvete Expresso Hm-Ma 20 Atacado"},"content":{"rendered":"<div>\n<p><\/p>\n<p><\/p>\n<h2 style=\"text-align: center\"><strong><span style=\"font-family: arial, helvetica, sans-serif\"><span style=\"font-size: 29px\"><a name=\"Ice Cream Pasteurization Machine\"><\/a>I<\/span><span style=\"letter-spacing: 0px;font-size: 29px\">M\u00e1quina de Pasteuriza\u00e7\u00e3o de Creme de Leite<\/span><\/span><\/strong><\/h2>\n<p style=\"text-align: center\"><a href=\"#Ice Cream Pasteurization Machine\" target=\"_self\" data-lv=\"0\" rel=\"noopener\"><span style=\"letter-spacing: 0px;font-family: arial, helvetica, sans-serif;font-size: 16px\">M\u00e1quina de Pasteuriza\u00e7\u00e3o de Sorvete<\/span><\/a><span style=\"letter-spacing: 0px;font-family: arial, helvetica, sans-serif;font-size: 16px\">|<a href=\"#Product specification\" target=\"_self\" data-lv=\"0\" rel=\"noopener\">Especifica\u00e7\u00e3o do produto<\/a>|<a href=\"#Product Features\" target=\"_self\" data-lv=\"0\" rel=\"noopener\">Carater\u00edsticas do produto<\/a>|<a href=\"#Product Advantage\" target=\"_self\" data-lv=\"0\" rel=\"noopener\">Vantagem do produto<\/a><\/span><\/p>\n<p>A nossa m\u00e1quina oferecida \u00e9 fabricada usando a melhor qualidade de mat\u00e9ria-prima e tecnologia avan\u00e7ada em sintonia com as normas internacionais de qualidade. Esta m\u00e1quina \u00e9 compacta e f\u00e1cil de operar.<\/p>\n<h2 style=\"margin: 0px;text-indent: 0px;text-align: justify\"><span style=\"font-size: 24px\"><strong><span style=\"letter-spacing: 0px;font-family: arial, helvetica, sans-serif\"><a name=\"Product specification\"><\/a>Especifica\u00e7\u00e3o do produto:<\/span><\/strong><\/span><\/h2>\n<p style=\"text-align:justify\"><span style=\"font-family: arial, helvetica, sans-serif\"><span style=\"font-size: 16px\">Pode ser utilizado em qualquer sala de trabalho de gelados para produzir v\u00e1rios tipos de gelados e misturas de Gelato, em condi\u00e7\u00f5es totalmente higi\u00e9nicas.<\/span><\/span><\/p>\n<p style=\"text-align:justify\"><span style=\"font-family: arial, helvetica, sans-serif\"><span style=\"font-size: 16px\">A temperatura aumenta para 85 \u2103\uff08ou qualquer temperatura necess\u00e1ria\uff09\uff0ce permanece em 85 (ou qualquer temperatura necess\u00e1ria)<\/span><span style=\"font-size: 16px\">&nbsp;<span style=\"font-size: 16px\">durante cinco minutos para matar as bact\u00e9rias, depois arrefece rapidamente e permanece \u00e0 temperatura de 4 \u2103 para envelhecer durante um determinado per\u00edodo de tempo ou mesmo durante a noite para<\/span> tornar a mistura mais cremosa.<\/span><\/span><\/p>\n<p style=\"text-align:justify\"><span style=\"font-family: arial, helvetica, sans-serif\"><span style=\"font-size: 16px\"><br \/><\/span><\/span><\/p>\n<p style=\"text-align:justify\"><span style=\"font-family: arial, helvetica, sans-serif\"><span style=\"font-size: 16px\"><br \/><\/span><\/span><\/p>\n<p style=\"text-align: center\"><img decoding=\"async\" src=\"https:\/\/www.hommy.com\/wp-content\/uploads\/16009987091450.png\" alt=\"produto-Hommy-img\" title=\"\"><\/p>\n<p><\/p>\n<p><\/p>\n<div class=\"d-tem01-graphic tem01-graphic mockup\" data-detail=\"wrap\">\n<div class=\"cont-section clearfix d-clearfix\">\n<div class=\"col-md-6 col-sm-6 col-xs-6\"><\/p>\n<div class=\"graphic_pic animated wow bounceIn\" data-wow-delay=\".7s\">\n<p style=\"text-align:center\"><img loading=\"lazy\" decoding=\"async\" src=\"https:\/\/www.hommy.com\/wp-content\/uploads\/16009989147980.png\" alt=\"produto-Hommy-img\" title=\"\" width=\"350\" height=\"557\" border=\"0\" vspace=\"0\" style=\"width: 350px;height: 557px\"><\/p>\n<\/div>\n<\/div>\n<div class=\"col-md-6 col-sm-6 col-xs-6\">\n<div class=\"right-p\">\n<div class=\"h2 heading\">\n<p style=\"margin-top:0;margin-right:0;margin-bottom:0;margin-left:0;text-indent:0;text-align:justify\"><strong><span style=\"letter-spacing: 0px;font-size: 29px;font-family: arial, helvetica, sans-serif\"><br \/><\/span><\/strong><\/p>\n<h2 style=\"margin: 0px;text-indent: 0px;text-align: justify\"><span style=\"font-size: 24px\"><strong><span style=\"letter-spacing: 0px;font-family: arial, helvetica, sans-serif\"><a name=\"Product Features\"><\/a>Carater\u00edsticas do produto:<\/span><\/strong><\/span><span style=\"font-family:\u5b8b\u4f53;letter-spacing:0;font-size:29px\"> <\/span><\/h2>\n<p style=\"text-align:justify\"><span style=\"font-family:\u5b8b\u4f53;font-size:32px\">&nbsp;<\/span><\/p>\n<p style=\"text-align:justify\"><span style=\"font-size: 16px;font-family: arial, helvetica, sans-serif\">1. Opera\u00e7\u00e3o simples e de f\u00e1cil utiliza\u00e7\u00e3o.<\/span><\/p>\n<p style=\"margin-left:0;text-indent:0;text-align:justify\"><span style=\"font-size: 16px;font-family: arial, helvetica, sans-serif\">2. M\u00e1quina controlada por computador concebida para regular simultaneamente a pasteuriza\u00e7\u00e3o a alta temperatura a 85<span style=\"font-size: 16px;font-family: \u5b8b\u4f53\">\u2103 <\/span><span style=\"font-size: 16px;font-family: Tahoma\">e pasteuriza\u00e7\u00e3o a baixa temperatura, a 65<\/span><span style=\"font-size: 16px;font-family: \u5b8b\u4f53\">\u2103<\/span><span style=\"font-size: 16px;font-family: Tahoma\">.<\/span><\/span><\/p>\n<p style=\"margin-left:0;text-indent:0;text-align:justify\"><span style=\"font-size: 16px;font-family: arial, helvetica, sans-serif\">3. Para al\u00e9m de garantir que a mistura de Gelato est\u00e1 livre de bact\u00e9rias, o processo de pasteuriza\u00e7\u00e3o e envelhecimento ativa e estabiliza os ingredientes para melhorar o sabor e a textura do produto acabado.<\/span><\/p>\n<p style=\"margin-left:0;text-indent:0;text-align:justify\"><span style=\"font-size: 16px;font-family: arial, helvetica, sans-serif\">4. Utilizamos a mistura da turbina para produzir a temperatura de aquecimento bem proporcionada de todos os pasteurizadores de cuba.<\/span><\/p>\n<p style=\"margin-left:0;text-indent:0;text-align:justify\"><span style=\"font-family: arial, helvetica, sans-serif\"><span style=\"font-size: 16px\">5. S\u00e3o adoptadas turbinas de tamanhos diferentes para as m\u00e1quinas de 20L e 35L, pelo que n\u00e3o \u00e9 necess\u00e1rio<\/span><span style=\"font-size: 16px\">'<\/span><span style=\"font-size: 16px\">n\u00e3o precisa de se preocupar com o funcionamento da mistura durante o aquecimento.<\/span><\/span><\/p>\n<p style=\"margin-left:0;text-indent:0;text-align:justify\"><span style=\"font-size: 16px;font-family: arial, helvetica, sans-serif\">6. O processo de pasteuriza\u00e7\u00e3o e envelhecimento dura cerca de 2 horas.<\/span><\/p>\n<p style=\"margin-left:0;text-indent:0;text-align:justify\"><span style=\"font-size: 16px;font-family: arial, helvetica, sans-serif\">7. A m\u00e1quina de pasteuriza\u00e7\u00e3o \u00e9 tamb\u00e9m uma m\u00e1quina de envelhecimento, pelo que a mistura acaba por ficar mais cremosa e pode ser mantida fria na m\u00e1quina at\u00e9 ser necess\u00e1ria.<\/span><\/p>\n<p style=\"margin-left:0;text-indent:0;text-align:justify\"><span style=\"font-size: 16px;font-family: arial, helvetica, sans-serif\">8. O sinal sonoro avisa o operador quando o ciclo completo de pasteuriza\u00e7\u00e3o estiver conclu\u00eddo.<\/span><\/p>\n<\/div>\n<\/div>\n<p>&nbsp; &nbsp; &nbsp; &nbsp; &nbsp; &nbsp;<\/p><\/div>\n<\/div>\n<\/div>\n<p><\/p>\n<p><strong><span style=\"letter-spacing: 0px;font-size: 29px;font-family: arial, helvetica, sans-serif\"><br \/><\/span><\/strong><\/p>\n<h2><span style=\"font-size: 24px\"><strong><span style=\"letter-spacing: 0px;font-family: arial, helvetica, sans-serif\"><a name=\"Product Advantage\"><\/a>Vantagem do produto:<\/span><\/strong><\/span><\/h2>\n<p><\/p>\n<div class=\"d-tem01-graphic tem01-graphic mockup\" data-detail=\"wrap\">\n<div class=\"cont-section clearfix d-clearfix\">\n<div class=\"col-md-6 col-sm-6 col-xs-6\">\n<div class=\"right-p\">\n<div class=\"h2 heading\">\n<p style=\"margin: 0 0 15px;text-indent: 0\"><span style=\"font-family: Helvetica;letter-spacing: 0;font-size: 22px\">1.&nbsp;<\/span><span style=\"font-family: Helvetica;letter-spacing: 0;font-size: 22px\">Pasteuriza\u00e7\u00e3o<\/span><\/p>\n<\/div>\n<div class=\"description\">\n<p><span><span style=\"font-family: arial, helvetica, sans-serif;letter-spacing: 0px;font-size: 16px\">Se voc\u00ea vender sorvete \u00e0 noite, a configura\u00e7\u00e3o autom\u00e1tica do sistema Pasteuriza\u00e7\u00e3o: Pode matar as bact\u00e9rias que produzem dentro da m\u00e1quina de -5 \u2103 \u2192 65 \u2103 \u2192 -5 \u2103 processo (desinfetar o cilindro de carregamento e a mat\u00e9ria-prima dentro, depois refrigerar para o status de reserva). para que voc\u00ea possa manter a m\u00e1quina a cada 14 dias uma vez.<\/span><\/span><\/p>\n<p><span><span style=\"font-family: arial, helvetica, sans-serif;letter-spacing: 0px;font-size: 16px\"><br \/><\/span><\/span><\/p>\n<p><span><span style=\"font-family: arial, helvetica, sans-serif;letter-spacing: 0px;font-size: 16px\"><br \/><\/span><\/span><\/p>\n<p><span><span style=\"font-family: arial, helvetica, sans-serif;letter-spacing: 0px;font-size: 16px\"><br \/><\/span><\/span><\/p>\n<\/div>\n<\/div>\n<div class=\"graphic_pic animated wow bounceIn\" data-wow-delay=\".7s\">\n<p style=\"text-align:center\"><img loading=\"lazy\" decoding=\"async\" src=\"https:\/\/www.hommy.com\/wp-content\/uploads\/16009990101811.png\" alt=\"produto-HM-MA 20 m\u00e1quina de pasteuriza\u00e7\u00e3o de gelado-Hommy-img\" title=\"\" width=\"400\" height=\"202\" border=\"0\" vspace=\"0\" style=\"width: 400px;height: 202px\"><\/p>\n<\/div>\n<\/div>\n<div class=\"col-md-6 col-sm-6 col-xs-6\">\n<div class=\"right-p\">\n<div class=\"h2 heading\">\n<p><span style=\"font-family: Helvetica;letter-spacing: 0;font-size: 22px\">2. Controlador<\/span><\/p>\n<\/div>\n<div class=\"description\">\n<p><span style=\"letter-spacing: 0px;font-size: 16px;font-family: arial, helvetica, sans-serif\">O painel de controlo mostra claramente as fun\u00e7\u00f5es internas da m\u00e1quina. Pode limpar a m\u00e1quina dentro da temperatura e em tempo \u00fatil.<\/span><\/p>\n<p><span style=\"letter-spacing: 0px;font-size: 16px;font-family: arial, helvetica, sans-serif\"><br \/><\/span><\/p>\n<p><span style=\"letter-spacing: 0px;font-size: 16px;font-family: arial, helvetica, sans-serif\"><br \/><\/span><\/p>\n<p><span style=\"letter-spacing: 0px;font-size: 16px;font-family: arial, helvetica, sans-serif\"><br \/><\/span><\/p>\n<p><span style=\"letter-spacing: 0px;font-size: 16px;font-family: arial, helvetica, sans-serif\"><br \/><\/span><\/p>\n<p><span style=\"letter-spacing: 0px;font-size: 16px;font-family: arial, helvetica, sans-serif\"><br \/><\/span><\/p>\n<\/div>\n<\/div>\n<div class=\"graphic_pic animated wow bounceIn\" data-wow-delay=\".7s\">\n<p style=\"text-align:center\"><img loading=\"lazy\" decoding=\"async\" src=\"https:\/\/www.hommy.com\/wp-content\/uploads\/16009990387116.png\" alt=\"produto-Hommy-img\" title=\"\" width=\"350\" height=\"224\" border=\"0\" vspace=\"0\" style=\"width: 350px;height: 224px\"><\/p>\n<\/div>\n<\/div>\n<\/div>\n<\/div>\n<p>Documento\uff1a<img decoding=\"async\" src=\"https:\/\/www.hommy.com\/wp-content\/uploads\/icon_pdf-45.gif\" style=\"margin-right: 2px\" alt=\"produto-Hommy-img\" title=\"\"><a href=\"https:\/\/img80002414.weyesimg.com\/uploads\/www.hommy.com\/addon\/16027242109694.pdf\" title=\"16027242109694.pdf\" style=\"font-size: 12px\">16027242109694.pdf<\/a><\/p>\n<h2>Porque \u00e9 que a soja \u00e9 utilizada nos gelados?<\/h2>\n<p style=\"margin-top: 5px;margin-bottom: 5px\">A resposta \u00e9 simples. Em primeiro lugar, a soja tem um elevado teor de prote\u00ednas. Esta \u00e9 a raz\u00e3o pela qual \u00e9 utilizada em gelados \u00e0 base de soja. A segunda raz\u00e3o \u00e9 que pode baixar o n\u00edvel de colesterol no seu corpo. Isto porque a soja \u00e9 rica em fitoestrog\u00e9nios, que podem baixar o n\u00edvel de colesterol no seu corpo.<\/p>\n<p style=\"margin-top: 5px;margin-bottom: 5px\"><\/p>\n<h2>Porque \u00e9 que o xarope de milho \u00e9 utilizado nos gelados?<\/h2>\n<p style=\"margin-top: 5px;margin-bottom: 5px\">O xarope de milho \u00e9 utilizado como ado\u00e7ante e como emulsionante.  \u00c9 normalmente utilizado em combina\u00e7\u00e3o com os s\u00f3lidos do leite e tem um ponto de congela\u00e7\u00e3o muito inferior ao dos s\u00f3lidos do leite.  Quando se adiciona xarope de milho aos s\u00f3lidos do leite, baixa-se o ponto de congela\u00e7\u00e3o da mistura, o que permite que esta congele mais rapidamente.&nbsp;&nbsp;<\/p>\n<p style=\"margin-top: 5px;margin-bottom: 5px\"><\/p>\n<h2>\u00c9 seguro utilizar ovos n\u00e3o cozidos no gelado?<\/h2>\n<p style=\"margin-top: 5px;margin-bottom: 5px\">Quando fa\u00e7o gelado, normalmente utilizo ovos pasteurizados, o que significa que os ovos foram aquecidos a uma determinada temperatura e depois arrefecidos. N\u00e3o \u00e9 seguro comer ovos crus, mas um pouco de calor n\u00e3o lhes faz mal.<\/p>\n<\/div><\/div>","protected":false},"excerpt":{"rendered":"<p>Ice Cream Pasteurization Machine Ice Cream Pasteurization Machine|Product specification|Product Features|Product Advantage Our offered machine is manufactured using best quality raw material and advanced technology in tune with international quality norms. This machine is compact and easy to operate. Product specification: It can be used in any ice cream workroom for producing various kinds of ice [&hellip;]<\/p>\n","protected":false},"featured_media":1934,"comment_status":"open","ping_status":"open","template":"","meta":{"_swt_meta_header_display":false,"_swt_meta_footer_display":false,"_swt_meta_site_title_display":false,"_swt_meta_sticky_header":false,"_swt_meta_transparent_header":false},"product_brand":[],"product_cat":[82],"product_tag":[],"class_list":{"0":"post-770","1":"product","2":"type-product","3":"status-publish","4":"has-post-thumbnail","6":"product_cat-hard-ice-cream-machine","8":"first","9":"instock","10":"shipping-taxable","11":"product-type-simple"},"_links":{"self":[{"href":"https:\/\/www.hommy.com\/pt\/wp-json\/wp\/v2\/product\/770","targetHints":{"allow":["GET"]}}],"collection":[{"href":"https:\/\/www.hommy.com\/pt\/wp-json\/wp\/v2\/product"}],"about":[{"href":"https:\/\/www.hommy.com\/pt\/wp-json\/wp\/v2\/types\/product"}],"replies":[{"embeddable":true,"href":"https:\/\/www.hommy.com\/pt\/wp-json\/wp\/v2\/comments?post=770"}],"wp:featuredmedia":[{"embeddable":true,"href":"https:\/\/www.hommy.com\/pt\/wp-json\/wp\/v2\/media\/1934"}],"wp:attachment":[{"href":"https:\/\/www.hommy.com\/pt\/wp-json\/wp\/v2\/media?parent=770"}],"wp:term":[{"taxonomy":"product_brand","embeddable":true,"href":"https:\/\/www.hommy.com\/pt\/wp-json\/wp\/v2\/product_brand?post=770"},{"taxonomy":"product_cat","embeddable":true,"href":"https:\/\/www.hommy.com\/pt\/wp-json\/wp\/v2\/product_cat?post=770"},{"taxonomy":"product_tag","embeddable":true,"href":"https:\/\/www.hommy.com\/pt\/wp-json\/wp\/v2\/product_tag?post=770"}],"curies":[{"name":"wp","href":"https:\/\/api.w.org\/{rel}","templated":true}]}}