{"id":764,"date":"2024-07-02T16:03:50","date_gmt":"2024-07-02T16:03:50","guid":{"rendered":"http:\/\/localhost\/hommywp\/ds-1200-automatic-defogging-hard-ice-cream-display-showcase\/"},"modified":"2025-08-01T09:57:42","modified_gmt":"2025-08-01T09:57:42","slug":"expositor-de-gelados-duros-ds-1200","status":"publish","type":"product","link":"https:\/\/www.hommy.com\/pt\/p\/expositor-de-gelados-duros-ds-1200\/","title":{"rendered":"Ds-1200 Desembaciador autom\u00e1tico para expositores de gelados duros"},"content":{"rendered":"<div>\n<p style=\"text-align: center\"><span style=\"font-family: arial, helvetica, sans-serif\"><strong><span style=\"letter-spacing: 0px;font-size: 29px\"><br \/><\/span><\/strong><\/span><\/p>\n<h2 style=\"text-align: center\"><span style=\"font-family: arial, helvetica, sans-serif\"><strong><span style=\"letter-spacing: 0px;font-size: 29px\"><a name=\"Gelato ice cream freezer\"><\/a>Congelador de gelados Gelato&nbsp;<\/span><\/strong><\/span><\/h2>\n<p style=\"text-align: center\"><span style=\"font-family: arial, helvetica, sans-serif;font-size: 16px\"><span style=\"font-family: arial, helvetica, sans-serif;letter-spacing: 0px\"><a href=\"#Gelato ice cream freezer\" target=\"_self\" data-lv=\"0\" rel=\"noopener\">Congelador de gelados Gelato<\/a>|<a href=\"#Product specification\" target=\"_self\" data-lv=\"0\" rel=\"noopener\">Especifica\u00e7\u00e3o do produto<\/a>|<a href=\"#Product Features\" target=\"_self\" data-lv=\"0\" rel=\"noopener\">Carater\u00edsticas do produto<\/a>|<a href=\"#Product Advantage\" target=\"_self\" data-lv=\"0\" rel=\"noopener\">Vantagem do produto<\/a><\/span><\/span><\/p>\n<p><span style=\"font-family: arial, helvetica, sans-serif\"><strong><span style=\"letter-spacing: 0px;font-size: 29px\"><\/span><\/strong><\/span><\/p>\n<p>No mundo dos neg\u00f3cios atual, um <a style=\"color:blue\" href=\"https:\/\/www.hommy.com\/pt\/vitrina-de-exposicao\/\">expositor de gelados<\/a> pode fazer toda a diferen\u00e7a. \u00c9 um facto que \u00e9 mais prov\u00e1vel que os clientes comprem a uma empresa que tenha uma boa vitrina que mostre o seu produto de uma forma apelativa. \u00c9 por isso que investir numa vitrina de alta qualidade \u00e9 uma obriga\u00e7\u00e3o para qualquer empresa que venda gelados duros.<\/p>\n<p>Na nossa empresa, orgulhamo-nos de fornecer as melhores vitrinas de gelados duros do mercado. Compreendemos a import\u00e2ncia de causar uma boa impress\u00e3o nos clientes e as nossas vitrinas foram concebidas para o efeito. Quer esteja \u00e0 procura de uma vitrina elegante e moderna ou de uma mais tradicional, temos uma variedade de op\u00e7\u00f5es \u00e0 sua escolha.<\/p>\n<p>Se est\u00e1 pronto para levar o seu neg\u00f3cio para o pr\u00f3ximo n\u00edvel, investir num expositor de gelado duro \u00e9 um \u00f3timo ponto de partida. Contacte-nos hoje para saber mais sobre os nossos produtos e como podemos ajud\u00e1-lo a aumentar as suas vendas.<\/p>\n<p><\/p>\n<h2><span style=\"letter-spacing: 0px;font-weight: 700;text-align: justify;font-size: 24px\"><a name=\"Product specification\"><\/a>Especifica\u00e7\u00e3o do produto:<\/span><\/h2>\n<p><span style=\"font-weight: 700;text-align: justify\"><span style=\"letter-spacing: 0px;font-size: 29px;font-family: arial, helvetica, sans-serif\"><br \/><\/span><\/span><\/p>\n<p style=\"text-align: center\"><img decoding=\"async\" src=\"https:\/\/www.hommy.com\/wp-content\/uploads\/16009998067572.png\" alt=\"produto-Hommy-img\" title=\"\"><\/p>\n<p><\/p>\n<div class=\"d-tem01-graphic tem01-graphic mockup\" data-detail=\"wrap\">\n<div class=\"cont-section clearfix d-clearfix\">\n<div class=\"col-md-6 col-sm-6 col-xs-6\">\n<div class=\"right-p\">\n<div class=\"h2 heading\">\n<p style=\"text-align:center\"><\/p>\n<p><\/p>\n<p><\/p>\n<p style=\"text-align:center\"><img loading=\"lazy\" decoding=\"async\" src=\"https:\/\/www.hommy.com\/wp-content\/uploads\/16009999027341.jpg\" alt=\"produto-Hommy-img\" style=\"font-size: 14px;width: 500px;height: 250px\" title=\"\" width=\"500\" height=\"250\" border=\"0\" vspace=\"0\"><\/p>\n<p><span style=\"font-size: 14px\">&nbsp; &nbsp; &nbsp; &nbsp; &nbsp; &nbsp; &nbsp;<\/span><\/div>\n<\/div>\n<\/div>\n<div class=\"col-md-6 col-sm-6 col-xs-6\">\n<div class=\"right-p\">\n<div class=\"h2 heading\">\n<p style=\"margin-top:0;margin-right:0;margin-bottom:0;margin-left:0;text-indent:0;text-align:justify\"><strong><span style=\"letter-spacing: 0px;font-size: 29px;font-family: arial, helvetica, sans-serif\"><br \/><\/span><\/strong><\/p>\n<h2 style=\"margin: 0px;text-indent: 0px;text-align: justify\"><span style=\"font-size: 24px\"><strong><span style=\"letter-spacing: 0px;font-family: arial, helvetica, sans-serif\"><a name=\"Product Features\"><\/a>Carater\u00edsticas do produto\uff1a<\/span><\/strong><\/span><span style=\"font-family:\u5b8b\u4f53;letter-spacing:0;font-size:29px\"> <\/span><\/h2>\n<p style=\"margin-top:0;margin-right:0;margin-bottom:0;margin-left:0;text-indent:0;text-align:justify\"><span style=\"font-family:\u5b8b\u4f53;letter-spacing:0;font-size:29px\"><br \/><\/span><\/p>\n<p style=\"margin-top:0;margin-right:0;margin-bottom:0;margin-left:0;text-indent:0;text-align:justify\"><span style=\"font-family: arial, helvetica, sans-serif\"><span style=\"color:#000000\"><span style=\"font-size: 20px\">\u25c6&nbsp;<\/span><\/span><span style=\"font-size: 19px\">Aspeto exterior de luxo e elegante .<\/span><\/span><\/p>\n<p style=\"margin-top:0;margin-right:0;margin-bottom:0;margin-left:0;text-indent:0;text-align:justify\"><span style=\"font-family: arial, helvetica, sans-serif\"><span style=\"font-size: 19px\"><br \/><\/span><\/span><\/p>\n<p style=\"margin-top:0;margin-right:0;margin-bottom:0;margin-left:0;text-indent:0;text-align:justify\"><span style=\"font-family: arial, helvetica, sans-serif\"><span style=\"font-family: Calibri;letter-spacing: 0px;font-size: 19px\"><span style=\"font-family: arial, helvetica, sans-serif;font-size: 20px;text-align: justify\">\u25c6&nbsp;<\/span><\/span><span style=\"font-family: Calibri;font-size: 19px\">Sistema de controlo el\u00e9trico de temperatura de f\u00e1cil opera\u00e7\u00e3o.<\/span><\/span><\/p>\n<p style=\"margin-top:0;margin-right:0;margin-bottom:0;margin-left:0;text-indent:0;text-align:justify\"><span style=\"font-family: arial, helvetica, sans-serif\"><span style=\"font-family: Calibri;font-size: 19px\"><br \/><\/span><\/span><\/p>\n<p style=\"text-align:justify\"><span style=\"font-family: arial, helvetica, sans-serif\"><span style=\"font-family: Calibri;letter-spacing: 0px;font-size: 19px\"><span style=\"font-family: arial, helvetica, sans-serif;font-size: 20px;text-align: justify\">\u25c6&nbsp;<\/span><\/span><span style=\"font-family: Calibri;font-size: 19px\">Panelas de a\u00e7o inoxid\u00e1vel duradouras .<\/span><\/span><\/p>\n<p style=\"text-align:justify\"><span style=\"font-family: arial, helvetica, sans-serif\"><span style=\"font-family: Calibri;font-size: 19px\"><br \/><\/span><\/span><\/p>\n<p style=\"text-align:justify\"><span style=\"font-family: arial, helvetica, sans-serif\"><span style=\"font-family: Calibri;letter-spacing: 0px;font-size: 19px\"><span style=\"font-family: arial, helvetica, sans-serif;font-size: 20px;text-align: justify\">\u25c6&nbsp;<\/span><\/span><span style=\"font-family: Calibri;font-size: 19px\">Grau de temperatura ajust\u00e1vel (-12 a -22 graus cent\u00edgrados).<\/span><\/span><\/p>\n<p style=\"text-align:justify\"><span style=\"font-family: arial, helvetica, sans-serif\"><span style=\"font-family: Calibri;font-size: 19px\"><br \/><\/span><\/span><\/p>\n<p style=\"text-align:justify\"><span style=\"font-family: arial, helvetica, sans-serif\"><span style=\"font-family: Calibri;letter-spacing: 0px;font-size: 19px\"><span style=\"font-family: arial, helvetica, sans-serif;font-size: 20px;text-align: justify\">\u25c6&nbsp;<\/span><\/span><span style=\"font-family: Calibri;font-size: 19px\">Desembaciamento autom\u00e1tico, fun\u00e7\u00e3o de descongela\u00e7\u00e3o.<\/span><\/span><\/p>\n<p style=\"text-align:justify\"><span style=\"font-family: arial, helvetica, sans-serif\"><span style=\"font-family: Calibri;font-size: 19px\"><br \/><\/span><\/span><\/p>\n<p style=\"text-align:justify\"><span style=\"font-family: arial, helvetica, sans-serif\"><span style=\"font-family: Calibri;letter-spacing: 0px;font-size: 19px\"><span style=\"font-family: arial, helvetica, sans-serif;font-size: 20px;text-align: justify\">\u25c6&nbsp;<\/span><\/span><span style=\"font-family: Calibri;font-size: 19px\">O vidro curvo e aquecido de 5 camadas tem fun\u00e7\u00e3o de desembaciamento autom\u00e1tico.<\/span><\/span><\/p>\n<p style=\"text-align:justify\"><span style=\"font-family: arial, helvetica, sans-serif\"><span style=\"font-family: Calibri;font-size: 19px\"><br \/><\/span><\/span><\/p>\n<p style=\"text-align:justify\"><span style=\"font-family: arial, helvetica, sans-serif\"><span style=\"font-family: Calibri;letter-spacing: 0px;font-size: 19px\"><span style=\"font-family: arial, helvetica, sans-serif;font-size: 20px;text-align: justify\">\u25c6&nbsp;<\/span><\/span><span style=\"font-family: Calibri;font-size: 19px\">Baixo consumo de energia .<\/span><\/span><\/p>\n<p style=\"text-align:justify\"><span style=\"font-family: arial, helvetica, sans-serif\"><span style=\"font-family: Calibri;font-size: 19px\"><br \/><\/span><\/span><\/p>\n<p style=\"text-align:justify\"><span style=\"font-family: arial, helvetica, sans-serif\"><span style=\"font-family: Calibri;letter-spacing: 0px;font-size: 19px\"><span style=\"font-family: arial, helvetica, sans-serif;font-size: 20px;text-align: justify\">\u25c6&nbsp;<\/span><\/span><span style=\"font-family: Calibri;font-size: 19px\">Cor diferente a pedido dispon\u00edvel .<\/span><\/span><\/p>\n<\/div>\n<\/div>\n<p>&nbsp; &nbsp; &nbsp; &nbsp; &nbsp; &nbsp;<\/p><\/div>\n<\/div>\n<\/div>\n<p><\/p>\n<h2><span style=\"letter-spacing: 0px;font-weight: 700;font-size: 24px\"><a name=\"Product Advantage\"><\/a>Vantagem do produto:<\/span><\/h2>\n<p><\/p>\n<div class=\"d-tem01-graphic tem01-graphic mockup\" data-detail=\"wrap\">\n<div class=\"cont-section clearfix d-clearfix\">\n<div class=\"col-md-6 col-sm-6 col-xs-6\">\n<div class=\"right-p\">\n<div class=\"h2 heading\">\n<p style=\"text-indent: 0;padding: 0;vertical-align: baseline\"><span style=\"letter-spacing: 0px;font-size: 19px;font-family: arial, helvetica, sans-serif\">1.  Vidro temperado com arco isolado, perspetiva perfeita;<\/span><\/p>\n<p style=\"text-indent: 0;padding: 0;vertical-align: baseline\"><span style=\"letter-spacing: 0px;font-size: 19px;font-family: arial, helvetica, sans-serif\"><br \/><\/span><\/p>\n<p style=\"text-indent: 0;padding: 0;vertical-align: baseline\"><span style=\"letter-spacing: 0px;font-size: 19px;font-family: arial, helvetica, sans-serif\"><br \/><\/span><\/p>\n<\/div>\n<\/div>\n<div class=\"graphic_pic animated wow bounceIn\" data-wow-delay=\".7s\">\n<p style=\"text-align:center\"><img loading=\"lazy\" decoding=\"async\" src=\"https:\/\/www.hommy.com\/wp-content\/uploads\/16010000888677.png\" alt=\"produto-Hommy-img\" title=\"\" width=\"300\" height=\"388\" border=\"0\" vspace=\"0\" style=\"width: 300px;height: 388px\"><\/p>\n<\/div>\n<\/div>\n<div class=\"col-md-6 col-sm-6 col-xs-6\">\n<div class=\"right-p\">\n<div class=\"h2 heading\">\n<p style=\"margin-left:0;text-indent:0\"><span style=\"letter-spacing: 0px;font-size: 19px;font-family: arial, helvetica, sans-serif\">2. Tem 4 tipos de cores de carro\u00e7aria \u00e0 sua escolha.&nbsp;<\/span><\/p>\n<p style=\"margin-left:0;text-indent:0\"><span style=\"letter-spacing: 0px;font-size: 19px;font-family: arial, helvetica, sans-serif\"><br \/><\/span><\/p>\n<p style=\"margin-left:0;text-indent:0\"><span style=\"letter-spacing: 0px;font-size: 19px;font-family: arial, helvetica, sans-serif\"><br \/><\/span><\/p>\n<\/div>\n<\/div>\n<div class=\"graphic_pic animated wow bounceIn\" data-wow-delay=\".7s\"><img decoding=\"async\" src=\"https:\/\/www.hommy.com\/wp-content\/uploads\/16010001223531.png\" alt=\"produto-DS-1200 Expositor de gelado duro-Hommy-img\" title=\"\"><br \/>\n &nbsp; &nbsp; &nbsp; &nbsp; &nbsp; &nbsp;<\/div>\n<\/div>\n<\/div>\n<\/div>\n<p>Documento\uff1a<img decoding=\"async\" src=\"https:\/\/www.hommy.com\/wp-content\/uploads\/icon_pdf-44.gif\" style=\"margin-right: 2px\" alt=\"produto-Hommy-img\" title=\"\"><a href=\"https:\/\/img80002414.weyesimg.com\/uploads\/www.hommy.com\/addon\/16026616839424.pdf\" title=\"16026616839424.pdf\" style=\"font-size: 12px\">16026616839424.pdf<\/a><\/p>\n<h2>Quanto custa um <a style=\"color:blue\" href=\"https:\/\/www.hommy.com\/pt\/maquina-de-gelados-duros\/\">m\u00e1quina de gelados duros<\/a>?<\/h2>\n<p style=\"margin-top: 5px;margin-bottom: 5px\"><\/p>\n<p style=\"margin-top: 5px;margin-bottom: 5px\">R: N\u00e3o tenho muita experi\u00eancia com m\u00e1quinas de gelados, mas a maioria tem um pre\u00e7o reduzido. Muitas incluem tamb\u00e9m um recipiente de armazenamento e uma colher de gelado port\u00e1til. Uma boa <a style=\"color:blue\" href=\"\/pt\/\">m\u00e1quina de gelados<\/a> \u00e9 um investimento inteligente.<\/p>\n<p style=\"margin-top: 5px;margin-bottom: 5px\"><\/p>\n<h2>Tenho andado a pensar em comprar um <a style=\"color:blue\" href=\"\/pt\/\">m\u00e1quina de gelados<\/a>. Que tamanho devo comprar?<\/h2>\n<p style=\"margin-top: 5px;margin-bottom: 5px\"><\/p>\n<p style=\"margin-top: 5px;margin-bottom: 5px\">R: Esta \u00e9 uma quest\u00e3o pessoal. Cada casa \u00e9 diferente, pelo que deve ter em conta o espa\u00e7o necess\u00e1rio para armazenamento e utiliza\u00e7\u00e3o. Se tiver filhos que queiram participar na confe\u00e7\u00e3o de gelados, vai querer uma m\u00e1quina maior que caiba no seu frigor\u00edfico. Mas se estiver a fazer gelado suficiente para servir apenas a si pr\u00f3prio, uma m\u00e1quina mais pequena deve ser suficiente.<\/p>\n<p style=\"margin-top: 5px;margin-bottom: 5px\"><\/p>\n<p style=\"margin-top: 5px;margin-bottom: 5px\"><\/p>\n<h2>O gelado mais duro \u00e9 melhor?<\/h2>\n<p style=\"margin-top: 5px;margin-bottom: 5px\"><\/p>\n<p style=\"margin-top: 5px;margin-bottom: 5px\">H\u00e1 uma nova gelataria na cidade. Ainda n\u00e3o tem nome. O propriet\u00e1rio comprou recentemente a antiga gelataria numa rua comercial, fechou-a e transformou-a numa gelataria. Com a velha gelataria, apertada e mal iluminada, a ser transformada num novo e elegante neg\u00f3cio, \u00e9 altura de a mais recente gelataria da cidade ter o seu pr\u00f3prio nome.<\/p>\n<p style=\"margin-top: 5px;margin-bottom: 5px\"><\/p>\n<h2>Quanto custa uma m\u00e1quina de gelo?<\/h2>\n<p style=\"margin-top: 5px;margin-bottom: 5px\"><\/p>\n<p style=\"margin-top: 5px;margin-bottom: 5px\">R: O custo de uma m\u00e1quina de fazer gelo depende de v\u00e1rios factores, incluindo o tamanho da m\u00e1quina, o n\u00famero de cubos de gelo que precisa de produzir e a capacidade da m\u00e1quina de fazer gelo.<\/p>\n<p style=\"margin-top: 5px;margin-bottom: 5px\">O custo de uma m\u00e1quina de fazer gelo tamb\u00e9m pode variar consoante a marca que escolher.<\/p>\n<\/div><\/div>","protected":false},"excerpt":{"rendered":"<p>Gelato ice cream freezer&nbsp; Gelato ice cream freezer|Product specification|Product Features|Product Advantage In today&#039;s business world, a hard ice cream display showcase can make all the difference. It&#039;s a fact that customers are more likely to purchase from a business that has a good display showcase that shows off their product in an appealing way. That&#039;s [&hellip;]<\/p>\n","protected":false},"featured_media":1933,"comment_status":"open","ping_status":"open","template":"","meta":{"_swt_meta_header_display":false,"_swt_meta_footer_display":false,"_swt_meta_site_title_display":false,"_swt_meta_sticky_header":false,"_swt_meta_transparent_header":false},"product_brand":[],"product_cat":[82],"product_tag":[],"class_list":{"0":"post-764","1":"product","2":"type-product","3":"status-publish","4":"has-post-thumbnail","6":"product_cat-hard-ice-cream-machine","8":"first","9":"instock","10":"shipping-taxable","11":"product-type-simple"},"_links":{"self":[{"href":"https:\/\/www.hommy.com\/pt\/wp-json\/wp\/v2\/product\/764","targetHints":{"allow":["GET"]}}],"collection":[{"href":"https:\/\/www.hommy.com\/pt\/wp-json\/wp\/v2\/product"}],"about":[{"href":"https:\/\/www.hommy.com\/pt\/wp-json\/wp\/v2\/types\/product"}],"replies":[{"embeddable":true,"href":"https:\/\/www.hommy.com\/pt\/wp-json\/wp\/v2\/comments?post=764"}],"wp:featuredmedia":[{"embeddable":true,"href":"https:\/\/www.hommy.com\/pt\/wp-json\/wp\/v2\/media\/1933"}],"wp:attachment":[{"href":"https:\/\/www.hommy.com\/pt\/wp-json\/wp\/v2\/media?parent=764"}],"wp:term":[{"taxonomy":"product_brand","embeddable":true,"href":"https:\/\/www.hommy.com\/pt\/wp-json\/wp\/v2\/product_brand?post=764"},{"taxonomy":"product_cat","embeddable":true,"href":"https:\/\/www.hommy.com\/pt\/wp-json\/wp\/v2\/product_cat?post=764"},{"taxonomy":"product_tag","embeddable":true,"href":"https:\/\/www.hommy.com\/pt\/wp-json\/wp\/v2\/product_tag?post=764"}],"curies":[{"name":"wp","href":"https:\/\/api.w.org\/{rel}","templated":true}]}}