{"id":758,"date":"2024-07-02T16:03:45","date_gmt":"2024-07-02T16:03:45","guid":{"rendered":"http:\/\/localhost\/hommywp\/hm28b-stainless-steel-user-friendly-ice-cream-batch-freezer\/"},"modified":"2025-08-01T09:57:40","modified_gmt":"2025-08-01T09:57:40","slug":"hm28b-congelador-de-lotes-de-gelados","status":"publish","type":"product","link":"https:\/\/www.hommy.com\/pt\/p\/hm28b-congelador-de-lotes-de-gelados\/","title":{"rendered":"Hm28b Congelador de lotes de gelados em a\u00e7o inoxid\u00e1vel de f\u00e1cil utiliza\u00e7\u00e3o"},"content":{"rendered":"<div>\n<p>&nbsp;&nbsp;&nbsp;&nbsp;<\/p>\n<p><\/p>\n<h2 style=\"text-align: center\"><strong><span style=\"letter-spacing: 0px;font-size: 29px;font-family: arial, helvetica, sans-serif\"><a name=\"Gelato Machine\"><\/a>M\u00e1quina de gelado<\/span><\/strong><\/h2>\n<p style=\"text-align: center\"><span style=\"letter-spacing: 0px;font-family: arial, helvetica, sans-serif;font-size: 16px\"><a href=\"#Gelato Machine\" target=\"_self\" data-lv=\"0\" rel=\"noopener\">M\u00e1quina de gelado<\/a>|<a href=\"#Product specification\" target=\"_self\" data-lv=\"0\" rel=\"noopener\">Especifica\u00e7\u00e3o do produto<\/a>|<a href=\"#Product Features\" target=\"_self\" data-lv=\"0\" rel=\"noopener\">Carater\u00edsticas do produto<\/a>|<a href=\"#Product Advantage\" target=\"_self\" data-lv=\"0\" rel=\"noopener\">Vantagem do produto<\/a><\/span><\/p>\n<p><\/p>\n<p style=\"text-align: center\">\n<p><\/p>\n<p style=\"margin: 0px;text-indent: 0px;text-align: justify\"><strong><span style=\"letter-spacing: 0px;font-size: 29px;font-family: arial, helvetica, sans-serif\"><\/span><\/strong><\/p>\n<p>Se est\u00e1 \u00e0 procura de um gelado <a style=\"color:blue\" href=\"https:\/\/www.hommy.com\/pt\/maquina-de-gelados-duros\/\">congelador de lotes<\/a> que ir\u00e1 ajud\u00e1-lo a levar o seu neg\u00f3cio para o pr\u00f3ximo n\u00edvel, voc\u00ea veio ao lugar certo. Na Ice Cream Batch Freezer, n\u00f3s nos orgulhamos de fornecer aos nossos clientes produtos da mais alta qualidade poss\u00edvel. Acreditamos que o nosso congelador de lotes ir\u00e1 ajud\u00e1-lo a produzir o melhor sorvete poss\u00edvel, e estamos empenhados em ajud\u00e1-lo a crescer o seu neg\u00f3cio.<\/p>\n<p>Sabemos que a chave para o sucesso no neg\u00f3cio dos gelados \u00e9 ter um produto de alta qualidade. \u00c9 por isso que concebemos o nosso congelador de lotes para produzir os melhores resultados poss\u00edveis. Sabemos que ser\u00e1 capaz de produzir um produto que os seus clientes ir\u00e3o adorar e estamos aqui para o ajudar em cada passo do caminho.<\/p>\n<p>Se est\u00e1 pronto para levar o seu neg\u00f3cio de gelados para o pr\u00f3ximo n\u00edvel, gostar\u00edamos de o ajudar. Contacte-nos hoje para saber mais sobre o nosso congelador de lotes de alta qualidade.<\/p>\n<p style=\"margin: 0px;text-indent: 0px;text-align: justify\"><strong><span style=\"letter-spacing: 0px;font-size: 29px;font-family: arial, helvetica, sans-serif\"><br \/><\/span><\/strong><\/p>\n<h2 style=\"margin: 0px;text-indent: 0px;text-align: justify\"><span style=\"font-size: 24px\"><strong><span style=\"letter-spacing: 0px;font-family: arial, helvetica, sans-serif\"><a name=\"Product specification\"><\/a>Especifica\u00e7\u00e3o do produto:<\/span><\/strong><\/span><\/h2>\n<p style=\"margin: 0px;text-indent: 0px;text-align: justify\"><strong><span style=\"letter-spacing: 0px;font-size: 29px;font-family: arial, helvetica, sans-serif\"><br \/><\/span><\/strong><\/p>\n<p style=\"text-align: center\"><strong><span style=\"letter-spacing: 0px;font-size: 29px;font-family: arial, helvetica, sans-serif\"><img decoding=\"async\" src=\"https:\/\/www.hommy.com\/wp-content\/uploads\/16009978652692.png\" alt=\"produto-Hommy-img\" title=\"\"><\/span><\/strong><\/p>\n<p><strong><span style=\"letter-spacing: 0px;font-size: 29px;font-family: arial, helvetica, sans-serif\"><br \/><\/span><\/strong><\/p>\n<p><strong><span style=\"letter-spacing: 0px;font-size: 29px;font-family: arial, helvetica, sans-serif\"><\/span><\/strong><\/p>\n<div class=\"d-tem01-graphic tem01-graphic mockup\" data-detail=\"wrap\">\n<div class=\"cont-section clearfix d-clearfix\">\n<div class=\"col-md-6 col-sm-6 col-xs-6\">\n<div class=\"graphic_pic animated wow bounceIn\" data-wow-delay=\".7s\">\n<p style=\"text-align:center\"><img loading=\"lazy\" decoding=\"async\" src=\"https:\/\/www.hommy.com\/wp-content\/uploads\/16009979395040.png\" alt=\"produto-Hommy-img\" title=\"\" width=\"350\" height=\"667\" border=\"0\" vspace=\"0\" style=\"width: 350px;height: 667px\"><\/p>\n<\/div>\n<\/div>\n<div class=\"col-md-6 col-sm-6 col-xs-6\">\n<div class=\"right-p\">\n<div class=\"h2 heading\">\n<p style=\"margin-top:0;margin-right:0;margin-bottom:0;margin-left:0;text-indent:0;text-align:justify\"><strong><span style=\"letter-spacing: 0px;font-size: 29px;font-family: arial, helvetica, sans-serif\"><br \/><\/span><\/strong><\/p>\n<p style=\"margin-top:0;margin-right:0;margin-bottom:0;margin-left:0;text-indent:0;text-align:justify\"><strong><span style=\"letter-spacing: 0px;font-size: 29px;font-family: arial, helvetica, sans-serif\"><br \/><\/span><\/strong><\/p>\n<h2 style=\"margin: 0px;text-indent: 0px;text-align: justify\"><span style=\"font-size: 24px\"><strong><span style=\"letter-spacing: 0px;font-family: arial, helvetica, sans-serif\"><a name=\"Product Features\"><\/a>Carater\u00edsticas do produto:<\/span><\/strong><\/span><\/h2>\n<p style=\"margin-top:0;margin-right:0;margin-bottom:0;margin-left:0;text-indent:0;text-align:justify\"><span style=\"font-family:\u5b8b\u4f53;letter-spacing:0;font-size:29px\"><br \/><\/span><\/p>\n<p style=\"text-align:justify\"><span style=\"font-size: 16px;font-family: arial, helvetica, sans-serif\">Simplificar o aspeto exterior luxuoso.<\/span><\/p>\n<p style=\"text-align:justify\"><span style=\"font-size: 16px;font-family: arial, helvetica, sans-serif\">Chapa de a\u00e7o inoxid\u00e1vel como cobertura exterior para maior durabilidade.<\/span><\/p>\n<p style=\"text-align:justify\"><span style=\"font-size: 16px;font-family: arial, helvetica, sans-serif\">Cilindro e veio agitador \u00fanicos.<\/span><\/p>\n<p style=\"text-align:justify\"><span style=\"font-size: 16px;font-family: arial, helvetica, sans-serif\">Sistema de controlo eletr\u00f3nico de f\u00e1cil utiliza\u00e7\u00e3o. <\/span><\/p>\n<p style=\"text-align:justify\"><span style=\"font-size: 16px;font-family: arial, helvetica, sans-serif\">Painel de controlo digital com interrutor t\u00e1til.<\/span><\/p>\n<p style=\"text-align:justify\"><span style=\"font-size: 16px;font-family: arial, helvetica, sans-serif\">O sistema de controlo inteligente e totalmente computorizado monitoriza continuamente a consist\u00eancia para garantir o produto desejado.<\/span><\/p>\n<p style=\"text-align:justify\"><span style=\"font-size: 16px;font-family: arial, helvetica, sans-serif\">O tempo de produ\u00e7\u00e3o \u00e9 ajust\u00e1vel. <\/span><\/p>\n<p style=\"text-align:justify\"><span style=\"font-size: 16px;font-family: arial, helvetica, sans-serif\">F\u00e1cil de utilizar .<\/span><\/p>\n<\/div>\n<\/div>\n<p>&nbsp; &nbsp; &nbsp; &nbsp; &nbsp; &nbsp;<\/p><\/div>\n<\/div>\n<\/div>\n<p><strong><span style=\"letter-spacing: 0px;font-size: 29px;font-family: arial, helvetica, sans-serif\"><\/span><\/strong><\/p>\n<h2><span style=\"font-size: 24px\"><strong><span style=\"letter-spacing: 0px;font-family: arial, helvetica, sans-serif\"><a name=\"Product Advantage\"><\/a>Vantagem do produto:<\/span><\/strong><\/span><\/h2>\n<div class=\"d-tem01-graphic tem01-graphic mockup\" data-detail=\"wrap\">\n<div class=\"cont-section clearfix d-clearfix\">\n<div class=\"col-md-6 col-sm-6 col-xs-6\">\n<div class=\"right-p\">\n<div class=\"h2 heading\">\n<p style=\"text-indent: 0;padding: 0;vertical-align: baseline\"><span style=\"letter-spacing: 0px;font-size: 20px;font-family: arial, helvetica, sans-serif\">1. O bloco thromat com tampa de pl\u00e1stico \u00e9 limpo e higi\u00e9nico, com elevado grau de veda\u00e7\u00e3o, funcionamento simples e aspeto bonito.<\/span><\/p>\n<p style=\"text-indent: 0;padding: 0;vertical-align: baseline\"><span style=\"letter-spacing: 0px;font-size: 20px;font-family: arial, helvetica, sans-serif\"><br \/><\/span><\/p>\n<p style=\"text-indent: 0;padding: 0;vertical-align: baseline\"><span style=\"letter-spacing: 0px;font-size: 20px;font-family: arial, helvetica, sans-serif\"><br \/><\/span><\/p>\n<\/div>\n<\/div>\n<div class=\"graphic_pic animated wow bounceIn\" data-wow-delay=\".7s\">\n<p style=\"text-align:center\"><img loading=\"lazy\" decoding=\"async\" src=\"https:\/\/www.hommy.com\/wp-content\/uploads\/16009980421729.png\" alt=\"produto-Hommy-img\" title=\"\" width=\"350\" height=\"246\" border=\"0\" vspace=\"0\" style=\"width: 350px;height: 246px\"><\/p>\n<\/div>\n<\/div>\n<div class=\"col-md-6 col-sm-6 col-xs-6\">\n<div class=\"right-p\">\n<div class=\"h2 heading\">\n<p><span style=\"letter-spacing: 0px;font-size: 20px;font-family: arial, helvetica, sans-serif\">2. O painel de controlo mostra claramente o progresso da produ\u00e7\u00e3o, e o tempo para cada produ\u00e7\u00e3o pode ser definido.<\/span><\/p>\n<p><span style=\"letter-spacing: 0px;font-size: 20px;font-family: arial, helvetica, sans-serif\"><br \/><\/span><\/p>\n<p><span style=\"letter-spacing: 0px;font-size: 20px;font-family: arial, helvetica, sans-serif\"><br \/><\/span><\/p>\n<p><span style=\"letter-spacing: 0px;font-size: 20px;font-family: arial, helvetica, sans-serif\"><br \/><\/span><\/p>\n<\/div>\n<\/div>\n<div class=\"graphic_pic animated wow bounceIn\" data-wow-delay=\".7s\">\n<p style=\"text-align:center\"><img loading=\"lazy\" decoding=\"async\" src=\"https:\/\/www.hommy.com\/wp-content\/uploads\/16009980857125.png\" alt=\"produto-Hommy-img\" title=\"\" width=\"250\" height=\"438\" border=\"0\" vspace=\"0\" style=\"width: 250px;height: 438px\"><\/p>\n<\/div>\n<\/div>\n<\/div>\n<\/div>\n<p><strong><span style=\"letter-spacing: 0px;font-size: 29px;font-family: arial, helvetica, sans-serif\"><\/span><\/strong><\/p>\n<p>Documento\uff1a<img decoding=\"async\" src=\"http:\/\/admin.allweyes.com\/templates\/admin\/default\/assets\/library\/ueditor\/dialogs\/attachment\/fileTypeImages\/icon_pdf.gif\" style=\"margin-right: 2px\" alt=\"produto-HM28B congelador de lotes de gelados-Hommy-img\" title=\"\"><a href=\"https:\/\/img80002414.weyesimg.com\/uploads\/www.hommy.com\/addon\/16026610416862.pdf\" title=\"16026610416862.pdf\" style=\"font-size: 12px\">16026610416862.pdf<\/a><\/p>\n<h2>Como \u00e9 que se sabe quando \u00e9 que o gelado est\u00e1 suficientemente batido?&nbsp;<\/h2>\n<p style=\"margin-top: 5px;margin-bottom: 5px\">A melhor forma de avaliar se est\u00e1 pronto \u00e9 espetar-lhe uma colher comprida. O gelado deve estar macio e cremoso, mas n\u00e3o demasiado mole. Se achar que o gelado est\u00e1 demasiado mole, \u00e9 porque ainda n\u00e3o est\u00e1 pronto.<\/p>\n<p style=\"margin-top: 5px;margin-bottom: 5px\"><\/p>\n<h2>Porque \u00e9 que o gelado Breyers n\u00e3o derrete?<\/h2>\n<p style=\"margin-top: 5px;margin-bottom: 5px\">\u00c9 feito com ingredientes que s\u00e3o congelados a altas temperaturas.<\/p>\n<p style=\"margin-top: 5px;margin-bottom: 5px\">O gelado Breyers \u00e9 feito atrav\u00e9s do congelamento de uma mistura base de leite, a\u00e7\u00facar e ovos a uma temperatura muito baixa.&nbsp;<\/p>\n<p style=\"margin-top: 5px;margin-bottom: 5px\">Em seguida, \u00e9 misturado com um concentrado de aroma e congelado novamente a uma temperatura muito baixa.<\/p>\n<p style=\"margin-top: 5px;margin-bottom: 5px\"><\/p>\n<h2>Como \u00e9 que se torna o gelado caseiro duro?<\/h2>\n<p style=\"margin-top: 5px;margin-bottom: 5px\">A quantidade de a\u00e7\u00facar varia consoante o tipo de gelado que se faz. Para come\u00e7ar, o a\u00e7\u00facar \u00e9 adicionado a um m\u00ednimo de 14% em peso, podendo atingir 20% ou mesmo 30%. Os gelados com um elevado teor de a\u00e7\u00facar conservam melhor a sua forma do que os gelados com um teor de a\u00e7\u00facar mais baixo.<\/p>\n<\/div><\/div>","protected":false},"excerpt":{"rendered":"<p>&nbsp;&nbsp;&nbsp;&nbsp; Gelato Machine Gelato Machine|Product specification|Product Features|Product Advantage If you&#039;re looking for an ice cream batch freezer that will help you take your business to the next level, you&#039;ve come to the right place. At Ice Cream Batch Freezer, we pride ourselves on providing our customers with the highest quality product possible. We believe that [&hellip;]<\/p>\n","protected":false},"featured_media":1932,"comment_status":"open","ping_status":"open","template":"","meta":{"_swt_meta_header_display":false,"_swt_meta_footer_display":false,"_swt_meta_site_title_display":false,"_swt_meta_sticky_header":false,"_swt_meta_transparent_header":false},"product_brand":[],"product_cat":[82],"product_tag":[],"class_list":{"0":"post-758","1":"product","2":"type-product","3":"status-publish","4":"has-post-thumbnail","6":"product_cat-hard-ice-cream-machine","8":"first","9":"instock","10":"shipping-taxable","11":"product-type-simple"},"_links":{"self":[{"href":"https:\/\/www.hommy.com\/pt\/wp-json\/wp\/v2\/product\/758","targetHints":{"allow":["GET"]}}],"collection":[{"href":"https:\/\/www.hommy.com\/pt\/wp-json\/wp\/v2\/product"}],"about":[{"href":"https:\/\/www.hommy.com\/pt\/wp-json\/wp\/v2\/types\/product"}],"replies":[{"embeddable":true,"href":"https:\/\/www.hommy.com\/pt\/wp-json\/wp\/v2\/comments?post=758"}],"wp:featuredmedia":[{"embeddable":true,"href":"https:\/\/www.hommy.com\/pt\/wp-json\/wp\/v2\/media\/1932"}],"wp:attachment":[{"href":"https:\/\/www.hommy.com\/pt\/wp-json\/wp\/v2\/media?parent=758"}],"wp:term":[{"taxonomy":"product_brand","embeddable":true,"href":"https:\/\/www.hommy.com\/pt\/wp-json\/wp\/v2\/product_brand?post=758"},{"taxonomy":"product_cat","embeddable":true,"href":"https:\/\/www.hommy.com\/pt\/wp-json\/wp\/v2\/product_cat?post=758"},{"taxonomy":"product_tag","embeddable":true,"href":"https:\/\/www.hommy.com\/pt\/wp-json\/wp\/v2\/product_tag?post=758"}],"curies":[{"name":"wp","href":"https:\/\/api.w.org\/{rel}","templated":true}]}}