{"id":753,"date":"2024-07-02T16:03:42","date_gmt":"2024-07-02T16:03:42","guid":{"rendered":"http:\/\/localhost\/hommywp\/hm28-hot-sale-copper-evaporator-hard-ice-cream-machine-maker-price\/"},"modified":"2025-08-01T09:57:40","modified_gmt":"2025-08-01T09:57:40","slug":"maquina-de-gelado-duro-hm28","status":"publish","type":"product","link":"https:\/\/www.hommy.com\/pt\/p\/maquina-de-gelado-duro-hm28\/","title":{"rendered":"Hm28 Venda Quente Evaporador de Cobre M\u00e1quina de Sorvete Expresso Pre\u00e7o"},"content":{"rendered":"<div>\n<p>&nbsp;&nbsp;&nbsp;&nbsp;<\/p>\n<h2 style=\"text-align: center\"><strong><span style=\"letter-spacing: 0px;font-size: 29px;font-family: arial, helvetica, sans-serif\"><a name=\"Gelato Ice Cream Maker\"><\/a>M\u00e1quina de gelados Gelato<\/span><\/strong><\/h2>\n<p style=\"text-align: center\"><a href=\"#Gelato Ice Cream Maker\" target=\"_self\" data-lv=\"0\" rel=\"noopener\"><span style=\"font-size: 16px\"><span style=\"letter-spacing: 0px;font-family: arial, helvetica, sans-serif\">M\u00e1quina de gelados Gelato<\/span><\/span><\/a><span style=\"font-size: 16px\"><span style=\"letter-spacing: 0px;font-family: arial, helvetica, sans-serif\">|<a href=\"#Product specification\" target=\"_self\" data-lv=\"0\" rel=\"noopener\">Especifica\u00e7\u00e3o do produto<\/a>|<a href=\"#Product Features\" target=\"_self\" data-lv=\"0\" rel=\"noopener\">Carater\u00edsticas do produto<\/a>|<\/span><a href=\"#Product Advantage\" target=\"_self\" data-lv=\"0\" rel=\"noopener\"><span style=\"letter-spacing: 0px;font-family: arial, helvetica, sans-serif\">Vantagens do produto<\/span><span style=\"letter-spacing: 0px;font-family: arial, helvetica, sans-serif\">e<\/span><\/a><\/span><\/p>\n<p><strong><span style=\"letter-spacing: 0px;font-size: 29px;font-family: arial, helvetica, sans-serif\"><br \/><\/span><\/strong><\/p>\n<p style=\"text-align: center\">\n<p>A <a style=\"color:blue\" href=\"https:\/\/www.hommy.com\/pt\/maquina-de-gelados-duros\/\">m\u00e1quina de gelados duros<\/a> tamb\u00e9m \u00e9 conhecida pelo nome de congelador de lote. N\u00f3s somos contados entre os principais fabricantes e fornecedores de m\u00e1quinas de sorvete expresso, que est\u00e3o dispon\u00edveis em diferentes capacidades, tamanhos, pre\u00e7os e designs. Estas m\u00e1quinas s\u00e3o adequadas para a produ\u00e7\u00e3o em pequena e grande escala de gelado duro.<\/p>\n<p>Duro direto da f\u00e1brica <a style=\"color:blue\" href=\"\/pt\/\">m\u00e1quina de gelados<\/a>s est\u00e3o agora dispon\u00edveis ao p\u00fablico! Estas m\u00e1quinas s\u00e3o perfeitas para aqueles que querem desfrutar de um delicioso gelado duro sem qualquer inc\u00f3modo.<\/p>\n<p>As nossas m\u00e1quinas de gelado duro s\u00e3o f\u00e1ceis de utilizar e n\u00e3o requerem compet\u00eancias ou conhecimentos especiais para funcionar. Ent\u00e3o, porqu\u00ea esperar? Encomende a sua pr\u00f3pria m\u00e1quina de gelado duro hoje e comece a desfrutar de um delicioso gelado duro amanh\u00e3!<\/p>\n<p style=\"margin-bottom: 0px\"><span style=\"font-size: 24px\"><span style=\"font-weight: 700\"><span style=\"letter-spacing: 0px;font-family: arial, helvetica, sans-serif\"><br \/><\/span><\/span><\/span><\/p>\n<h2 style=\"margin-bottom: 0px\"><span style=\"font-size: 24px\"><span style=\"font-weight: 700\"><span style=\"letter-spacing: 0px;font-family: arial, helvetica, sans-serif\"><a name=\"Product specification\"><\/a>Especifica\u00e7\u00e3o do produto\uff1a<\/span><\/span><\/span><\/h2>\n<p style=\"margin-bottom: 0px\"><span style=\"font-size: 24px\"><span style=\"font-weight: 700\"><span style=\"letter-spacing: 0px;font-family: arial, helvetica, sans-serif\"><br \/><\/span><\/span><\/span><\/p>\n<p style=\"margin-bottom: 0px\"><span style=\"font-size: 24px\"><span style=\"font-weight: 700\"><span style=\"letter-spacing: 0px;font-family: arial, helvetica, sans-serif\"><br \/><\/span><\/span><\/span><\/p>\n<p style=\"margin-bottom: 0px;text-align: center\"><img decoding=\"async\" src=\"https:\/\/www.hommy.com\/wp-content\/uploads\/16008297565343-1.png\" alt=\"produto-Hommy-img\" title=\"\"><\/p>\n<p><\/p>\n<p><span style=\"font-weight: 700\"><span style=\"letter-spacing: 0px;font-size: 24px;font-family: arial, helvetica, sans-serif\"><\/span><\/span><\/p>\n<div class=\"d-tem01-graphic tem01-graphic mockup\" data-detail=\"wrap\">\n<div class=\"cont-section clearfix d-clearfix\">\n<div class=\"col-md-6 col-sm-6 col-xs-6\"><\/p>\n<div class=\"graphic_pic animated wow bounceIn\" data-wow-delay=\".7s\">\n<p style=\"text-align:center\"><img loading=\"lazy\" decoding=\"async\" src=\"https:\/\/www.hommy.com\/wp-content\/uploads\/16008314161224.jpg\" alt=\"produto-Hommy-img\" title=\"\" width=\"300\" height=\"627\" border=\"0\" vspace=\"0\" style=\"width: 300px;height: 627px\"><\/p>\n<\/div>\n<\/div>\n<div class=\"col-md-6 col-sm-6 col-xs-6\">\n<div class=\"right-p\">\n<div class=\"h2 heading\">\n<p style=\"margin-bottom: 0px;font-size: 22px;text-align: justify\"><span style=\"font-weight: 700\"><span style=\"letter-spacing: 0px;font-size: 24px;font-family: arial, helvetica, sans-serif\"><br \/><\/span><\/span><\/p>\n<p style=\"margin-bottom: 0px;font-size: 22px;text-align: justify\"><span style=\"font-weight: 700\"><span style=\"letter-spacing: 0px;font-size: 24px;font-family: arial, helvetica, sans-serif\"><br \/><\/span><\/span><\/p>\n<p style=\"margin-bottom: 0px;font-size: 22px;text-align: justify\"><span style=\"font-weight: 700\"><span style=\"letter-spacing: 0px;font-size: 24px;font-family: arial, helvetica, sans-serif\"><br \/><\/span><\/span><\/p>\n<h2 style=\"margin-bottom: 0px;font-size: 22px;text-align: justify\"><span style=\"font-weight: 700\"><span style=\"letter-spacing: 0px;font-size: 24px;font-family: arial, helvetica, sans-serif\"><a name=\"Product Features\"><\/a>Carater\u00edsticas do produto:<\/span><\/span><\/h2>\n<p style=\"margin-bottom: 0px;font-size: 22px;text-align: justify\"><span style=\"font-weight: 700\"><span style=\"letter-spacing: 0px;font-size: 24px;font-family: arial, helvetica, sans-serif\"><br \/><\/span><\/span><\/p>\n<p style=\"margin-bottom: 0px;font-size: 22px;padding: 0px;vertical-align: baseline\"><span style=\"font-family: arial, helvetica, sans-serif\"><span style=\"letter-spacing: 0px;font-size: 19px\"><\/span><span style=\"font-size: 20px\"><span style=\"font-family: Calibri\">\u25c6&nbsp;<\/span><span style=\"letter-spacing: 0px\">Os compressores da marca mundial Tecumseh funcionam em estado estacion\u00e1rio.<\/span><\/span><\/span><\/p>\n<p style=\"margin-bottom: 0px;font-size: 22px;padding: 0px;vertical-align: baseline\"><span style=\"font-family: arial, helvetica, sans-serif;font-size: 20px\"><span style=\"font-family: Calibri;letter-spacing: 0px;font-size: 19px\"><\/span><span style=\"font-family: Calibri;font-size: 19px\">\u25c6&nbsp;<\/span><span style=\"font-family: Calibri;letter-spacing: 0px;font-size: 19px\">Eletromotor potente, pot\u00eancia at\u00e9 5000W.<\/span><\/span><\/p>\n<p style=\"margin-bottom: 0px;font-size: 22px;padding: 0px;vertical-align: baseline\"><span style=\"font-family: arial, helvetica, sans-serif;font-size: 20px\"><span style=\"letter-spacing: 0px;font-family: Calibri;font-size: 19px\">\u25c6<\/span><span style=\"font-family: Calibri;letter-spacing: 0px;font-size: 19px\">&nbsp;Novo design de polia com ranhuras duplas, rota\u00e7\u00e3o est\u00e1vel, baixo ru\u00eddo, baixa vibra\u00e7\u00e3o, sem deslizamento.  A vida \u00fatil da correia \u00e9 75% mais longa do que o design antigo.  E a fun\u00e7\u00e3o da m\u00e1quina de sorvete \u00e9 muito mais est\u00e1vel do que o padr\u00e3o nacional.<\/span><\/span><\/p>\n<p style=\"margin-bottom: 0px;font-size: 22px;padding: 0px;vertical-align: baseline\"><span style=\"font-family: arial, helvetica, sans-serif;font-size: 20px\"><span style=\"letter-spacing: 0px;font-family: Calibri;font-size: 19px\">\u25c6<\/span><span style=\"font-family: Calibri;letter-spacing: 0px;font-size: 19px\">&nbsp;Candidatar-se mais recentemente&nbsp;<\/span><span style=\"font-family: \u5b8b\u4f53;letter-spacing: 0px;font-size: 19px\">investiga\u00e7\u00e3o<\/span><span style=\"font-family: Calibri;letter-spacing: 0px;font-size: 19px\">&nbsp;A realiza\u00e7\u00e3o, refor\u00e7ar a espessura da camada de espuma, proporcionar um melhor isolamento e poupar mais energia, mant\u00e9m o gelado a uma determinada temperatura,&nbsp;<\/span><span style=\"font-family: \u5b8b\u4f53;letter-spacing: 0px;font-size: 19px\">manter<\/span><span style=\"font-family: Calibri;letter-spacing: 0px;font-size: 19px\">&nbsp;o sabor original.<\/span><\/span><\/p>\n<p style=\"margin-bottom: 0px;font-size: 22px;padding: 0px;vertical-align: baseline\"><span style=\"font-family: arial, helvetica, sans-serif;font-size: 20px\"><span style=\"letter-spacing: 0px;font-family: Calibri;font-size: 19px\">\u25c6&nbsp;<\/span><span style=\"font-family: Calibri;letter-spacing: 0px;font-size: 19px\">O evaporador de cobre puro torna a transfer\u00eancia de calor mais r\u00e1pida, aumentando a efici\u00eancia.<\/span><\/span><\/p>\n<p style=\"margin-bottom: 0px;font-size: 22px;padding: 0px;vertical-align: baseline\"><span style=\"font-family: arial, helvetica, sans-serif;font-size: 20px\"><span style=\"letter-spacing: 0px;font-family: Calibri;font-size: 19px\">\u25c6<\/span><span style=\"font-family: Calibri;letter-spacing: 0px;font-size: 19px\">&nbsp;As grandes p\u00e1s da ventoinha mant\u00eam o ru\u00eddo ao n\u00edvel mais baixo e fornecem um volume de ar suficiente.<\/span><\/span><\/p>\n<p style=\"margin-bottom: 0px;font-size: 22px;padding: 0px;vertical-align: baseline\"><span style=\"font-family: Calibri;letter-spacing: 0px;font-size: 20px\"><span style=\"letter-spacing: 0px;font-family: arial, helvetica, sans-serif\">\u25c6&nbsp;<\/span>O mais recente sistema de opera\u00e7\u00e3o, o funcionamento da m\u00e1quina num relance.<\/span><\/p>\n<\/div>\n<\/div>\n<p>&nbsp; &nbsp; &nbsp; &nbsp; &nbsp; &nbsp;<\/p><\/div>\n<\/div>\n<\/div>\n<p><span style=\"font-weight: 700\"><span style=\"letter-spacing: 0px;font-size: 24px;font-family: arial, helvetica, sans-serif\"><br \/><\/span><\/span><\/p>\n<h2><span style=\"font-weight: 700\"><span style=\"letter-spacing: 0px;font-size: 24px;font-family: arial, helvetica, sans-serif\"><a name=\"Product Advantage\"><\/a>Vantagem do produto:<\/span><\/span><\/h2>\n<p><span style=\"font-weight: 700\"><span style=\"letter-spacing: 0px;font-size: 24px;font-family: arial, helvetica, sans-serif\"><\/span><\/span><\/p>\n<div class=\"d-tem01-graphic tem01-graphic mockup\" data-detail=\"wrap\">\n<div class=\"cont-section clearfix d-clearfix\">\n<div class=\"col-md-6 col-sm-6 col-xs-6\">\n<div class=\"right-p\">\n<p><span style=\"letter-spacing: 0px;font-size: 20px;font-family: arial, helvetica, sans-serif\"><span style=\"color:#000000;font-family:arial, helvetica, sans-serif\">1.&nbsp;<\/span><\/span><span style=\"font-family: arial, helvetica, sans-serif\"><span style=\"font-family: Calibri;letter-spacing: 0px;font-size: 20px\">Vareta de agita\u00e7\u00e3o altamente resistente ao desgaste, material importado de qualidade alimentar, p\u00f5e fim \u00e0 expans\u00e3o e contra\u00e7\u00e3o t\u00e9rmicas, reduz o vazio do cilindro de raspagem, torna o sabor do gelado mais delicado e suave<\/span><span style=\"font-family: \u5b8b\u4f53;letter-spacing: 0px;font-size: 20px\">.<\/span><\/span><\/p>\n<p><span style=\"font-family: arial, helvetica, sans-serif\"><span style=\"font-family: \u5b8b\u4f53;letter-spacing: 0px;font-size: 20px\"><br \/><\/span><\/span><\/p>\n<p><span style=\"font-family: arial, helvetica, sans-serif;font-size: 20px\"><\/span><\/div>\n<div class=\"graphic_pic animated wow bounceIn\" data-wow-delay=\".7s\">\n<p style=\"text-align:center\"><img loading=\"lazy\" decoding=\"async\" src=\"https:\/\/www.hommy.com\/wp-content\/uploads\/16008316805808.png\" alt=\"produto-Hommy-img\" title=\"\" width=\"350\" height=\"177\" border=\"0\" vspace=\"0\" style=\"width: 350px;height: 177px\"><\/p>\n<\/div>\n<\/div>\n<div class=\"col-md-6 col-sm-6 col-xs-6\">\n<div class=\"right-p\">\n<p><span style=\"font-family: arial, helvetica, sans-serif;font-size: 20px\">2. o bloco thromat de a\u00e7o inoxid\u00e1vel \u00e9 limpo e higi\u00e9nico, com alto grau de veda\u00e7\u00e3o, opera\u00e7\u00e3o simples e apar\u00eancia bonita.<\/span><span style=\"font-size: 14px\"><\/span><\/p>\n<p><span style=\"font-size: 14px\"><br \/><\/span><\/p>\n<p><span style=\"font-size: 14px\"><br \/><\/span><\/p>\n<\/div>\n<div class=\"graphic_pic animated wow bounceIn\" data-wow-delay=\".7s\">\n<p style=\"text-align:center\"><img loading=\"lazy\" decoding=\"async\" src=\"https:\/\/www.hommy.com\/wp-content\/uploads\/16008316531897.png\" alt=\"produto-Hommy-HM28 M\u00e1quina de gelado dura-img\" title=\"\" width=\"350\" height=\"279\" border=\"0\" vspace=\"0\" style=\"width: 350px;height: 279px\"><\/p>\n<\/div>\n<\/div>\n<\/div>\n<\/div>\n<div class=\"d-tem01-graphic tem01-graphic mockup\" data-detail=\"wrap\">\n<div class=\"cont-section clearfix d-clearfix\">\n<div class=\"col-md-6 col-sm-6 col-xs-6\">\n<div class=\"right-p\">\n<div class=\"h2 heading\"><span style=\"font-family: arial, helvetica, sans-serif;font-size: 20px\">3. O painel de controlo mostra claramente o progresso da produ\u00e7\u00e3o, e o tempo para cada produ\u00e7\u00e3o pode ser definido.<\/span><\/div>\n<\/div>\n<div class=\"graphic_pic animated wow bounceIn\" data-wow-delay=\".7s\">\n<p style=\"text-align:center\"><img loading=\"lazy\" decoding=\"async\" src=\"https:\/\/www.hommy.com\/wp-content\/uploads\/16008316138767.png\" alt=\"produto-HM28 M\u00e1quina de gelados duros-Hommy-img\" title=\"\" width=\"350\" height=\"500\" border=\"0\" vspace=\"0\" style=\"width: 350px;height: 500px\"><\/p>\n<\/div>\n<\/div>\n<p>&nbsp; &nbsp; &nbsp; &nbsp; &nbsp; &nbsp;<\/div>\n<\/div>\n<p>Documento\uff1a<img decoding=\"async\" src=\"https:\/\/www.hommy.com\/wp-content\/uploads\/icon_pdf-43.gif\" style=\"margin-right: 2px\" alt=\"produto-Hommy-img\" title=\"\"><a href=\"https:\/\/img80002414.weyesimg.com\/uploads\/www.hommy.com\/addon\/16027247133039.pdf\" title=\"16027247133039.pdf\" style=\"font-size: 12px\">16027247133039.pdf<\/a><\/p>\n<h2>O gelado caseiro \u00e9 mau para si?<\/h2>\n<p style=\"margin-top: 5px;margin-bottom: 5px\"><\/p>\n<p style=\"margin-top: 5px;margin-bottom: 5px\">Como algu\u00e9m que trabalha com alimentos todos os dias, fico sempre intrigado ao saber das mais recentes tend\u00eancias alimentares e do seu impacto na ind\u00fastria alimentar.<\/p>\n<p style=\"margin-top: 5px;margin-bottom: 5px\"><\/p>\n<p style=\"margin-top: 5px;margin-bottom: 5px\">At\u00e9 j\u00e1 fui convidada para falar sobre alimenta\u00e7\u00e3o saud\u00e1vel em direto.<\/p>\n<p style=\"margin-top: 5px;margin-bottom: 5px\"><\/p>\n<p style=\"margin-top: 5px;margin-bottom: 5px\">Uma tend\u00eancia alimentar que tenho ouvido recentemente \u00e9 a afirma\u00e7\u00e3o de que as pessoas est\u00e3o a \"saborear melhor\" porque est\u00e3o a fazer o seu pr\u00f3prio gelado caseiro.<\/p>\n<p style=\"margin-top: 5px;margin-bottom: 5px\"><\/p>\n<p style=\"margin-top: 5px;margin-bottom: 5px\">Compreendo porque \u00e9 que as pessoas gostariam de fazer um gelado que fosse melhor do que o que podem comprar numa loja ou num avi\u00e3o. Fazer gelado em casa \u00e9 mais gratificante e pode controlar exatamente o que vai para o produto.<\/p>\n<p style=\"margin-top: 5px;margin-bottom: 5px\"><\/p>\n<h2>Pode beber-se \u00e1gua depois de comer um gelado?<\/h2>\n<p style=\"margin-top: 5px;margin-bottom: 5px\"><\/p>\n<p style=\"margin-top: 5px;margin-bottom: 5px\">Acabei de comer um gelado ao jantar (morango com coco) e depois bebi \u00e1gua. O meu est\u00f4mago n\u00e3o estava a sentir-se bem depois disso. Posso beber \u00e1gua depois de comer gelado? Nunca tive este problema antes.<\/p>\n<p style=\"margin-top: 5px;margin-bottom: 5px\"><\/p>\n<p style=\"margin-top: 5px;margin-bottom: 5px\">Al\u00e9m disso, qual \u00e9 o melhor tipo de gelado? Adoro pist\u00e1cios por serem estaladi\u00e7os, mas ouvi dizer que n\u00e3o s\u00e3o bons para a digest\u00e3o.<\/p>\n<p style=\"margin-top: 5px;margin-bottom: 5px\"><\/p>\n<p style=\"margin-top: 5px;margin-bottom: 5px\"><\/p>\n<h2>O Frozen Custard \u00e9 o mesmo que o gelado?<\/h2>\n<p style=\"margin-top: 5px;margin-bottom: 5px\"><\/p>\n<p style=\"margin-top: 5px;margin-bottom: 5px\">A:<\/p>\n<p style=\"margin-top: 5px;margin-bottom: 5px\"><\/p>\n<p style=\"margin-top: 5px;margin-bottom: 5px\">O gelado \u00e9 feito a partir de leite gelado parcialmente congelado e \u00e9 normalmente servido com bolas de baunilha e barras de gelado de chocolate. O creme congelado \u00e9 normalmente servido diretamente da m\u00e1quina de gelados ou num cone de gelado.&nbsp;<\/p>\n<\/div><\/div>","protected":false},"excerpt":{"rendered":"<p>&nbsp;&nbsp;&nbsp;&nbsp; Gelato Ice Cream Maker Gelato Ice Cream Maker|Product specification|Product Features|Product Advantage A hard ice cream machine is also known by the name as batch freezer. We are counted among the leading manufacturers and suppliers of hard ice cream machine, that are available in different capacities, sizes, prices, and designs. These machines are suitable for [&hellip;]<\/p>\n","protected":false},"featured_media":1931,"comment_status":"open","ping_status":"open","template":"","meta":{"_swt_meta_header_display":false,"_swt_meta_footer_display":false,"_swt_meta_site_title_display":false,"_swt_meta_sticky_header":false,"_swt_meta_transparent_header":false},"product_brand":[],"product_cat":[82],"product_tag":[],"class_list":{"0":"post-753","1":"product","2":"type-product","3":"status-publish","4":"has-post-thumbnail","6":"product_cat-hard-ice-cream-machine","8":"first","9":"instock","10":"shipping-taxable","11":"product-type-simple"},"_links":{"self":[{"href":"https:\/\/www.hommy.com\/pt\/wp-json\/wp\/v2\/product\/753","targetHints":{"allow":["GET"]}}],"collection":[{"href":"https:\/\/www.hommy.com\/pt\/wp-json\/wp\/v2\/product"}],"about":[{"href":"https:\/\/www.hommy.com\/pt\/wp-json\/wp\/v2\/types\/product"}],"replies":[{"embeddable":true,"href":"https:\/\/www.hommy.com\/pt\/wp-json\/wp\/v2\/comments?post=753"}],"wp:featuredmedia":[{"embeddable":true,"href":"https:\/\/www.hommy.com\/pt\/wp-json\/wp\/v2\/media\/1931"}],"wp:attachment":[{"href":"https:\/\/www.hommy.com\/pt\/wp-json\/wp\/v2\/media?parent=753"}],"wp:term":[{"taxonomy":"product_brand","embeddable":true,"href":"https:\/\/www.hommy.com\/pt\/wp-json\/wp\/v2\/product_brand?post=753"},{"taxonomy":"product_cat","embeddable":true,"href":"https:\/\/www.hommy.com\/pt\/wp-json\/wp\/v2\/product_cat?post=753"},{"taxonomy":"product_tag","embeddable":true,"href":"https:\/\/www.hommy.com\/pt\/wp-json\/wp\/v2\/product_tag?post=753"}],"curies":[{"name":"wp","href":"https:\/\/api.w.org\/{rel}","templated":true}]}}