{"id":740,"date":"2024-07-02T16:03:33","date_gmt":"2024-07-02T16:03:33","guid":{"rendered":"http:\/\/localhost\/hommywp\/ds-1500-defrosts-function-hard-ice-cream-display-freezer-for-sale\/"},"modified":"2025-08-01T09:57:40","modified_gmt":"2025-08-01T09:57:40","slug":"expositor-comercial-de-gelados-duros-expositor-comercial-de-gelados-duros-tipo-descongelacao-automatica-expositor-de-gelados-duros-gratis","status":"publish","type":"product","link":"https:\/\/www.hommy.com\/pt\/p\/expositor-comercial-de-gelados-duros-expositor-comercial-de-gelados-duros-tipo-descongelacao-automatica-expositor-de-gelados-duros-gratis\/","title":{"rendered":"Ds-1500 Descongela Fun\u00e7\u00e3o Gelado Duro Expositor Congelador Para Venda"},"content":{"rendered":"<div>\n<p>&nbsp;<\/p>\n<p><span style=\"font-size: 20px\"><\/span><\/p>\n<h2 style=\"text-align: center\"><strong><span style=\"letter-spacing: 0px;font-size: 29px;font-family: arial, helvetica, sans-serif\"><a name=\"Gelato ice cream freezer\"><\/a>Congelador de gelados Gelato&nbsp;<\/span><\/strong><\/h2>\n<p style=\"text-align: center\"><a href=\"#Gelato ice cream freezer\" target=\"_self\" data-lv=\"0\" rel=\"noopener\"><span style=\"letter-spacing: 0px;font-family: arial, helvetica, sans-serif;font-size: 16px\">Congelador de gelados Gelato<\/span><\/a><span style=\"letter-spacing: 0px;font-family: arial, helvetica, sans-serif;font-size: 16px\">|<a href=\"#Product specification\" target=\"_self\" data-lv=\"0\" rel=\"noopener\">Especifica\u00e7\u00e3o do produto<\/a>|<a href=\"#Product Features\" target=\"_self\" data-lv=\"0\" rel=\"noopener\">Carater\u00edsticas do produto<\/a>|<a href=\"#Product Advantage\" target=\"_self\" data-lv=\"0\" rel=\"noopener\">Vantagem do produto<\/a><\/span><\/p>\n<p><strong><span style=\"letter-spacing: 0px;font-size: 29px;font-family: arial, helvetica, sans-serif\"><br \/><\/span><\/strong><\/p>\n<p><strong><span style=\"letter-spacing: 0px;font-size: 29px;font-family: arial, helvetica, sans-serif\"><\/span><\/strong><\/p>\n<h2 style=\"margin: 0px;text-indent: 0px;text-align: justify\"><strong><span style=\"letter-spacing: 0px;font-family: arial, helvetica, sans-serif;font-size: 24px\"><a name=\"Product specification\"><\/a>Especifica\u00e7\u00e3o do produto\uff1a<\/span><\/strong><\/h2>\n<p style=\"margin-top:0;margin-right:0;margin-bottom:0;margin-left:0;text-indent:0;text-align:justify\"><strong><span style=\"letter-spacing: 0px;font-family: arial, helvetica, sans-serif;font-size: 24px\"><br \/><\/span><\/strong><\/p>\n<p style=\"margin-top:0;margin-right:0;margin-bottom:0;margin-left:0;text-indent:0;text-align:justify\"><strong><span style=\"letter-spacing: 0px;font-family: arial, helvetica, sans-serif;font-size: 24px\"><br \/><\/span><\/strong><\/p>\n<p style=\"text-align:center\"><strong><span style=\"letter-spacing: 0px;font-family: arial, helvetica, sans-serif;font-size: 24px\"><img decoding=\"async\" src=\"https:\/\/www.hommy.com\/wp-content\/uploads\/16010856489931.png\" alt=\"produto-Hommy-img\" title=\"\"><\/span><\/strong><\/p>\n<p>Se est\u00e1 \u00e0 procura de uma arca congeladora para exposi\u00e7\u00e3o de gelados que far\u00e1 com que o seu produto pare\u00e7a luxuoso, ent\u00e3o considere o nosso modelo. Possui um sistema de controlo el\u00e9trico para um controlo preciso da temperatura e uma opera\u00e7\u00e3o f\u00e1cil. Os recipientes de a\u00e7o inoxid\u00e1vel dur\u00e1veis podem suportar uma utiliza\u00e7\u00e3o intensa e a temperatura \u00e9 ajust\u00e1vel de -12 a -22 graus cent\u00edgrados. A fun\u00e7\u00e3o autom\u00e1tica de desembaciamento e descongelamento mant\u00e9m o gelado no seu melhor estado.<\/p>\n<p>Contacte-nos agora, a nossa equipa de representantes do servi\u00e7o de apoio ao cliente est\u00e1 pronta para o ajudar com todas as suas <a style=\"color:blue\" href=\"https:\/\/www.hommy.com\/pt\/vitrina-de-exposicao\/\">congelador de gelados<\/a> necessidades.<\/p>\n<div class=\"d-tem11-graphic tem11-graphic mockup\" data-detail=\"wrap\">\n<div class=\"tab_row\">\n<div class=\"img\" style=\"width: 50%\">\n<p style=\"text-align:center\"><\/p>\n<p style=\"text-align:center\"><img loading=\"lazy\" decoding=\"async\" title=\"\" alt=\"produto-Hommy-img\" src=\"https:\/\/www.hommy.com\/wp-content\/uploads\/16010859542291.jpg\" width=\"500\" height=\"532\" border=\"0\" vspace=\"0\" style=\"width: 500px;height: 532px\"><\/p>\n<\/div>\n<div class=\"text_box\" style=\"width: 50%\">\n<div class=\"txt\">\n<p>&nbsp;<\/p>\n<h2><strong><span style=\"font-size: 24px;font-family: arial, helvetica, sans-serif\"><a name=\"Product Features\"><\/a>Carater\u00edsticas do produto<\/span><\/strong><\/h2>\n<p>&nbsp;<\/p>\n<p style=\"margin-top:0;margin-right:0;margin-bottom:0;margin-left:0;text-indent:0;text-align:justify\"><span style=\"font-family: Calibri;font-size: 20px\"><span style=\"color:#000000\">\u25c6&nbsp;<\/span><\/span><span style=\"font-family:Calibri;font-size:19px\">Aspeto exterior de luxo e elegante .<\/span><\/p>\n<p style=\"margin-top:0;margin-right:0;margin-bottom:0;margin-left:0;text-indent:0;text-align:justify\"><span style=\"font-family: Calibri;letter-spacing: 0;font-size: 19px\"><span style=\"font-family: Calibri;font-size: 20px;text-align: justify\">\u25c6&nbsp;<\/span><\/span><span style=\"font-family:Calibri;font-size:19px\">Sistema de controlo el\u00e9trico de temperatura de f\u00e1cil opera\u00e7\u00e3o.<\/span><\/p>\n<p style=\"text-align:justify\"><span style=\"font-family: Calibri;letter-spacing: 0;font-size: 19px\"><span style=\"font-family: Calibri;font-size: 20px;text-align: justify\">\u25c6&nbsp;<\/span><\/span><span style=\"font-family:Calibri;font-size:19px\">Panelas de a\u00e7o inoxid\u00e1vel duradouras .<\/span><\/p>\n<p style=\"text-align:justify\"><span style=\"font-family: Calibri;letter-spacing: 0;font-size: 19px\"><span style=\"font-family: Calibri;font-size: 20px;text-align: justify\">\u25c6&nbsp;<\/span><\/span><span style=\"font-family:Calibri;font-size:19px\">Grau de temperatura ajust\u00e1vel (-12 a -22 graus cent\u00edgrados).<\/span><\/p>\n<p style=\"text-align:justify\"><span style=\"font-family: Calibri;letter-spacing: 0;font-size: 19px\"><span style=\"font-family: Calibri;font-size: 20px;text-align: justify\">\u25c6&nbsp;<\/span><\/span><span style=\"font-family:Calibri;font-size:19px\">Desembaciamento autom\u00e1tico, fun\u00e7\u00e3o de descongela\u00e7\u00e3o.<\/span><\/p>\n<p style=\"text-align:justify\"><span style=\"font-family: Calibri;letter-spacing: 0;font-size: 19px\"><span style=\"font-family: Calibri;font-size: 20px;text-align: justify\">\u25c6&nbsp;<\/span><\/span><span style=\"font-family:Calibri;font-size:19px\">O vidro curvo e aquecido de 5 camadas tem fun\u00e7\u00e3o de desembaciamento autom\u00e1tico.<\/span><\/p>\n<p style=\"text-align:justify\"><span style=\"font-family: Calibri;letter-spacing: 0;font-size: 19px\"><span style=\"font-family: Calibri;font-size: 20px;text-align: justify\">\u25c6&nbsp;<\/span><\/span><span style=\"font-family:Calibri;font-size:19px\">Baixo consumo de energia .<\/span><\/p>\n<p style=\"text-align:justify\"><span style=\"font-family: Calibri;letter-spacing: 0;font-size: 19px\"><span style=\"font-family: Calibri;font-size: 20px;text-align: justify\">\u25c6&nbsp;<\/span><\/span><span style=\"font-family:Calibri;font-size:19px\">Cor diferente a pedido dispon\u00edvel .<\/span><\/p>\n<p style=\"line-height: 1.75em\">&nbsp;<\/p>\n<\/div>\n<\/div>\n<\/div>\n<\/div>\n<p>&nbsp;<\/p>\n<div class=\"text-left d-tem09-title d-interval\" data-detail=\"wrap\">\n<div class=\"title-header\">\n<div class=\"title\">\n<h2><strong><span style=\"letter-spacing: 0px;font-family: arial, helvetica, sans-serif;font-size: 24px\"><a name=\"Product Advantage\"><\/a>Vantagem do produto:<\/span><\/strong><\/h2>\n<p><span style=\"font-size: 24px\"><\/span><\/div>\n<\/div>\n<\/div>\n<div class=\"d-tem01-graphic tem01-graphic mockup\" data-detail=\"wrap\">\n<div class=\"cont-section clearfix d-clearfix\">\n<div class=\"col-md-6 col-sm-6 col-xs-6\">\n<div class=\"right-p\">\n<div class=\"h2 heading\">\n<p style=\"text-indent: 0;padding: 0;vertical-align: baseline\"><span style=\"letter-spacing: 0px;font-size: 16px;font-family: arial, helvetica, sans-serif\">1. Vidro temperado com arco isolado, perspetiva perfeita;<\/span><\/p>\n<p><\/p>\n<p><\/p>\n<p><\/p>\n<\/div>\n<\/div>\n<div class=\"graphic_pic animated wow bounceIn\" data-wow-delay=\".7s\">\n<p style=\"text-align:center\"><img loading=\"lazy\" decoding=\"async\" src=\"https:\/\/www.hommy.com\/wp-content\/uploads\/16010859228968.png\" alt=\"produto-DS-1500 Congelador de gelado duro-Hommy-img\" title=\"\" width=\"350\" height=\"636\" border=\"0\" vspace=\"0\" style=\"width: 350px;height: 636px\"><\/p>\n<\/div>\n<\/div>\n<div class=\"col-md-6 col-sm-6 col-xs-6\">\n<div class=\"right-p\">\n<div class=\"h2 heading\">\n<p style=\"margin-left:0;text-indent:0\"><span style=\"font-size: 16px\"><span style=\"letter-spacing: 0px;font-family: arial, helvetica, sans-serif\">2. que tem 4 tipos de cores de carro\u00e7aria para escolher.<\/span><span style=\"font-family: \u5b8b\u4f53;letter-spacing: 0px\">&nbsp;<\/span><\/span><\/p>\n<p style=\"margin-left:0;text-indent:0\"><span style=\"font-size: 16px\"><span style=\"font-family: \u5b8b\u4f53;letter-spacing: 0px\"><br \/><\/span><\/span><\/p>\n<p style=\"margin-left:0;text-indent:0\"><span style=\"font-size: 16px\"><span style=\"font-family: \u5b8b\u4f53;letter-spacing: 0px\"><br \/><\/span><\/span><\/p>\n<p style=\"margin-left:0;text-indent:0\"><span style=\"font-size: 16px\"><span style=\"font-family: \u5b8b\u4f53;letter-spacing: 0px\"><br \/><\/span><\/span><\/p>\n<\/div>\n<\/div>\n<div class=\"graphic_pic animated wow bounceIn\" data-wow-delay=\".7s\"><img decoding=\"async\" src=\"https:\/\/www.hommy.com\/wp-content\/uploads\/16010859006405.png\" alt=\"produto-Hommy-img\" title=\"\"><br \/>\n &nbsp; &nbsp; &nbsp; &nbsp; &nbsp; &nbsp;<\/div>\n<\/div>\n<\/div>\n<\/div>\n<p>Documento\uff1a<img decoding=\"async\" src=\"https:\/\/www.hommy.com\/wp-content\/uploads\/icon_pdf-42.gif\" style=\"margin-right: 2px\" alt=\"produto-Hommy-img\" title=\"\"><a href=\"https:\/\/img80002414.weyesimg.com\/uploads\/www.hommy.com\/addon\/16026451843804.pdf\" title=\"16026451843804.pdf\" style=\"font-size: 12px\">16026451843804.pdf<\/a><\/p>\n<h2 style=\"font-family: sans-serif\">O que \u00e9 um estabilizador e um emulsionante no gelado?<\/h2>\n<p style=\"margin-top: 5px;margin-bottom: 5px;font-family: sans-serif;font-size: 16px\">Os termos estabilizador e emulsionante s\u00e3o utilizados de forma diferente na ind\u00fastria dos gelados. Os estabilizadores s\u00e3o normalmente adicionados aos gelados para reduzir o crescimento dos cristais de gelo. Isto \u00e9 normalmente feito adicionando o estabilizador como uma solu\u00e7\u00e3o em \u00e1gua ou outros solventes e, em seguida, adicionando essa solu\u00e7\u00e3o \u00e0 base. O emulsionante, por outro lado, \u00e9 normalmente adicionado sob a forma de p\u00f3 ou pasta. A fun\u00e7\u00e3o do emulsionante \u00e9 ajudar a quebrar as mol\u00e9culas de gordura na base, que s\u00e3o frequentemente grandes e n\u00e3o se misturam facilmente.&nbsp;<\/p>\n<h2 style=\"font-family: sans-serif\">De que m\u00e1quina necessito para fazer gelado?<\/h2>\n<p style=\"margin-top: 5px;margin-bottom: 5px;font-family: sans-serif;font-size: 16px\">As m\u00e1quinas italianas cl\u00e1ssicas, que t\u00eam sido utilizadas por gera\u00e7\u00f5es de chefes de cozinha italianos, permitem obter os melhores resultados, mas se estiver a fazer gelado em casa, existem tamb\u00e9m alternativas que s\u00e3o uma fra\u00e7\u00e3o do pre\u00e7o das m\u00e1quinas e que podem ser utilizadas para fazer o mesmo tipo de gelado rico e suave. <a style=\"color:blue\" href=\"\/pt\/\">m\u00e1quina de gelados<\/a>.<\/p>\n<h2 style=\"font-family: sans-serif\">Como \u00e9 que se utiliza uma m\u00e1quina de sumo ZOKU?<\/h2>\n<p style=\"margin-top: 5px;margin-bottom: 5px;font-family: sans-serif;font-size: 16px\">A m\u00e1quina de sumo ZOKU \u00e9 uma m\u00e1quina japonesa de bolas de arroz. A m\u00e1quina pode fazer a sua bebida preferida. N\u00e3o h\u00e1 necessidade de \u00e1gua a ferver, basta colocar os ingredientes na m\u00e1quina e premir um bot\u00e3o para fazer a bebida. \u00c9 muito c\u00f3modo e r\u00e1pido, mesmo para uma \u00fanica pessoa fazer um gelado.<\/p>\n<\/div><\/div>","protected":false},"excerpt":{"rendered":"<p>&nbsp; Gelato ice cream freezer&nbsp; Gelato ice cream freezer|Product specification|Product Features|Product Advantage Product specification\uff1a If you are in the market for an ice cream display freezer that will make your product look luxurious, then consider our model. It has an electrical controller system for precise temperate control and easy operation. The durable stainless steel pans [&hellip;]<\/p>\n","protected":false},"featured_media":1929,"comment_status":"open","ping_status":"open","template":"","meta":{"_swt_meta_header_display":false,"_swt_meta_footer_display":false,"_swt_meta_site_title_display":false,"_swt_meta_sticky_header":false,"_swt_meta_transparent_header":false},"product_brand":[],"product_cat":[82],"product_tag":[],"class_list":{"0":"post-740","1":"product","2":"type-product","3":"status-publish","4":"has-post-thumbnail","6":"product_cat-hard-ice-cream-machine","8":"first","9":"instock","10":"shipping-taxable","11":"product-type-simple"},"_links":{"self":[{"href":"https:\/\/www.hommy.com\/pt\/wp-json\/wp\/v2\/product\/740","targetHints":{"allow":["GET"]}}],"collection":[{"href":"https:\/\/www.hommy.com\/pt\/wp-json\/wp\/v2\/product"}],"about":[{"href":"https:\/\/www.hommy.com\/pt\/wp-json\/wp\/v2\/types\/product"}],"replies":[{"embeddable":true,"href":"https:\/\/www.hommy.com\/pt\/wp-json\/wp\/v2\/comments?post=740"}],"wp:featuredmedia":[{"embeddable":true,"href":"https:\/\/www.hommy.com\/pt\/wp-json\/wp\/v2\/media\/1929"}],"wp:attachment":[{"href":"https:\/\/www.hommy.com\/pt\/wp-json\/wp\/v2\/media?parent=740"}],"wp:term":[{"taxonomy":"product_brand","embeddable":true,"href":"https:\/\/www.hommy.com\/pt\/wp-json\/wp\/v2\/product_brand?post=740"},{"taxonomy":"product_cat","embeddable":true,"href":"https:\/\/www.hommy.com\/pt\/wp-json\/wp\/v2\/product_cat?post=740"},{"taxonomy":"product_tag","embeddable":true,"href":"https:\/\/www.hommy.com\/pt\/wp-json\/wp\/v2\/product_tag?post=740"}],"curies":[{"name":"wp","href":"https:\/\/api.w.org\/{rel}","templated":true}]}}