{"id":718,"date":"2024-07-02T15:37:34","date_gmt":"2024-07-02T15:37:34","guid":{"rendered":"http:\/\/localhost\/hommywp\/hm220-soft-ice-cream-machine\/"},"modified":"2025-08-01T09:57:40","modified_gmt":"2025-08-01T09:57:40","slug":"hm220-maquina-de-sorvete-expresso","status":"publish","type":"product","link":"https:\/\/www.hommy.com\/pt\/p\/hm220-maquina-de-sorvete-expresso\/","title":{"rendered":"M\u00e1quina de sorvete expresso HM220"},"content":{"rendered":"<div>\n<p style=\"text-align: center\"><\/p>\n<h2 style=\"text-align: center\"><span style=\"font-size: 24px;font-family: arial, helvetica, sans-serif\"><strong><span style=\"font-size: 24px;letter-spacing: 0px\"><a name=\"Ice Cream Maker\"><\/a>M\u00e1quina de gelados<\/span><\/strong><\/span><span style=\"font-size: 24px\"><strong><span style=\"font-family: \u5b8b\u4f53;letter-spacing: 0px\">&nbsp;<\/span><\/strong><\/span><\/h2>\n<p style=\"text-align: center\"><a href=\"#Ice Cream Maker\" target=\"_self\" data-lv=\"0\" rel=\"noopener\"><span style=\"font-size: 16px\"><span style=\"letter-spacing: 0px;font-family: arial, helvetica, sans-serif\">M\u00e1quina de gelados<\/span><\/span><\/a><span style=\"font-size: 16px\"><span style=\"letter-spacing: 0px;font-family: arial, helvetica, sans-serif\">|<a href=\"#Product Features\" target=\"_self\" data-lv=\"0\" rel=\"noopener\">Carater\u00edsticas do produto<\/a>|<a href=\"#Soft Serve Freezer Twin Twist , Gravity Feed , Counter\" target=\"_self\" data-lv=\"0\" rel=\"noopener\">Congelador de servi\u00e7o suave Twin Twist , Alimenta\u00e7\u00e3o por gravidade , Balc\u00e3o<\/a>|<a href=\"#Product Specification\" target=\"_self\" data-lv=\"0\" rel=\"noopener\">Especifica\u00e7\u00e3o do produto<\/a>|<a href=\"#Product Advantage\" target=\"_self\" data-lv=\"0\" rel=\"noopener\">Vantagem do produto<\/a><\/span><\/span><span style=\"font-size: 24px\"><strong><span style=\"font-family: \u5b8b\u4f53;letter-spacing: 0px\"><br \/><\/span><\/strong><\/span><\/p>\n<p><span style=\"font-size: 24px\"><strong><span style=\"font-family: \u5b8b\u4f53;letter-spacing: 0px\"><br \/><\/span><\/strong><\/span><\/p>\n<p><\/p>\n<p style=\"text-align: center\">&nbsp;&nbsp;&nbsp;&nbsp;<\/p>\n<p style=\"text-align: center\">&nbsp;&nbsp;&nbsp;&nbsp;<\/p>\n<p style=\"text-align: center\">&nbsp;&nbsp;&nbsp;&nbsp;<\/p>\n<p><\/p>\n<h2><span style=\"font-family: arial, helvetica, sans-serif;font-size: 24px\"><strong><span style=\"font-family: arial, helvetica, sans-serif;letter-spacing: 0px\"><a name=\"Product Features\"><\/a>Produto <\/span><\/strong><strong><span style=\"font-family: arial, helvetica, sans-serif;letter-spacing: 0px\">Carater\u00edsticas<\/span><\/strong><\/span><strong><span style=\"font-family: \u5b8b\u4f53;letter-spacing: 0;font-size: 18px\"> <\/span><\/strong><strong><span style=\"font-family: \u5b8b\u4f53;letter-spacing: 0;font-size: 18px\">&nbsp;<\/span><\/strong><\/h2>\n<p style=\"margin-top:0;margin-right:0;margin-bottom:10px;margin-left:0;text-indent:0\"><span style=\"font-family: Helvetica;letter-spacing: 0;font-size: 16px\">A Hommy tem uma equipa profissional para a conce\u00e7\u00e3o do produto. H\u00e1 engenheiros profissionais de refrigera\u00e7\u00e3o, engenheiros de software e engenheiros estruturais para garantir que a qualidade do produto seja est\u00e1vel e dur\u00e1vel. Ao mesmo tempo, o design personalizado \u00e9 adicionado para facilitar o futuro servi\u00e7o p\u00f3s-venda. Hommy <a style=\"color:blue\" href=\"\/pt\/\">m\u00e1quina de gelados<\/a> \u00e9 digno de confian\u00e7a.<\/span><\/p>\n<p style=\"margin-top:0;margin-right:0;margin-bottom:10px;margin-left:0;text-indent:0\"><span style=\"font-family: Helvetica;letter-spacing: 0;font-size: 16px\"><\/span><\/p>\n<div class=\"d-tem01-graphic tem01-graphic mockup\" data-detail=\"wrap\">\n<div class=\"cont-section clearfix d-clearfix\">\n<div class=\"col-md-6 col-sm-6 col-xs-6\">\n<div class=\"right-p\">\n<div class=\"h2 heading\">\n<p style=\"text-align:center\"><img loading=\"lazy\" decoding=\"async\" src=\"https:\/\/www.hommy.com\/wp-content\/uploads\/16004991375030.png\" alt=\"produto-Hommy-img\" style=\"font-size: 14px;width: 400px;height: 757px\" title=\"\" width=\"400\" height=\"757\" border=\"0\" vspace=\"0\"><\/p>\n<p><span style=\"font-size: 14px\">&nbsp; &nbsp; &nbsp; &nbsp; &nbsp; &nbsp; &nbsp;<\/span><\/div>\n<\/div>\n<\/div>\n<div class=\"col-md-6 col-sm-6 col-xs-6\">\n<div class=\"right-p\">\n<div class=\"h2 heading\"><span style=\"font-size: 14px\"><\/span><\/p>\n<h2><span style=\"font-family: arial, helvetica, sans-serif;font-size: 24px\"><strong><span style=\"font-family: arial, helvetica, sans-serif\"><a name=\"Soft Serve Freezer Twin Twist , Gravity Feed , Counter\"><\/a>Congelador de servi\u00e7o suave Twin Twist , Alimenta\u00e7\u00e3o por gravidade , Balc\u00e3o<\/span><\/strong><\/span><\/h2>\n<p><span style=\"font-family:Calibri;font-size:16px\">Carater\u00edsticas<\/span><\/p>\n<p style=\"margin-left:32px\"><span style=\"font-family:Calibri;font-size:16px\">-&nbsp;<\/span><span style=\"font-family:Calibri;font-size:16px\">Oferta de produtos: oferecer todas as variantes populares de gelado soft<\/span><\/p>\n<p style=\"margin-left:32px\"><span style=\"font-family:Calibri;font-size:16px\">-&nbsp;<\/span><span style=\"font-family:Calibri;font-size:16px\">Sabor: servir dois sabores separados e um twist<\/span><\/p>\n<p style=\"margin-left:32px\"><span style=\"font-family:Calibri;font-size:16px\">-&nbsp;<\/span><span style=\"font-family:Calibri;font-size:16px\">Tremonha de mistura: dois 5,5 litros de capacidade<\/span><\/p>\n<p style=\"margin-left:32px\"><span style=\"font-family:Calibri;font-size:16px\">-&nbsp;<\/span><span style=\"font-family:Calibri;font-size:16px\">Cilindro de congela\u00e7\u00e3o: dois <\/span><span style=\"font-family:\u5b8b\u4f53;font-size:16px\">1.7L <\/span><span style=\"font-family:Calibri;font-size:16px\">capacidade em litros<\/span><\/p>\n<p><span style=\"font-family:Calibri;font-size:16px\">Controlo eletr\u00f3nico:<\/span><\/p>\n<p style=\"margin-left:32px\"><span style=\"font-family:Calibri;font-size:16px\">-&nbsp;<\/span><span style=\"font-family:Calibri;font-size:16px\">A temperatura nos cilindros de congela\u00e7\u00e3o pode ser visualizada em qualquer ponto do funcionamento.<\/span><\/p>\n<p style=\"margin-left:32px\"><span style=\"font-family:Calibri;font-size:16px\">-&nbsp;<\/span><span style=\"font-family:Calibri;font-size:16px\">Fornece o n\u00edvel de viscosidade necess\u00e1rio para as doses.<\/span><\/p>\n<p style=\"margin-left:32px\"><span style=\"font-family:Calibri;font-size:16px\">-&nbsp;<\/span><span style=\"font-family:Calibri;font-size:16px\">Indicador do n\u00edvel de mistura e alarme. Quando a luz de falta de mistura pisca, a m\u00e1quina desliga-se automaticamente para evitar danos.<\/span><\/p>\n<p><span style=\"font-family:Calibri;font-size:16px\">Modo de espera:<\/span><\/p>\n<p style=\"margin-left:32px\"><span style=\"font-family:Calibri;font-size:16px\">-&nbsp;<\/span><span style=\"font-family:Calibri;font-size:16px\">Durante longos per\u00edodos sem utiliza\u00e7\u00e3o, a fun\u00e7\u00e3o de espera mant\u00e9m as temperaturas seguras do produto na tremonha de mistura e no cilindro de congela\u00e7\u00e3o.<\/span><\/p>\n<p style=\"margin-left:32px\"><span style=\"font-family:Calibri;font-size:16px\">-&nbsp;<\/span><span style=\"font-family:Calibri;font-size:16px\">Fun\u00e7\u00e3o de prote\u00e7\u00e3o da press\u00e3o do sistema de arrefecimento.<\/span><\/p>\n<p><span style=\"font-family:Calibri;font-size:16px\">Fun\u00e7\u00f5es opcionais:<\/span><\/p>\n<p style=\"margin-left:32px\"><span style=\"font-family:Calibri;font-size:16px\">-&nbsp;<\/span><span style=\"font-family:Calibri;font-size:16px\">O tubo de expans\u00e3o de alimenta\u00e7\u00e3o por gravidade fornece a mistura com um excesso de cerca de 20-30% aos cilindros de congela\u00e7\u00e3o.<\/span><\/p>\n<p style=\"margin-left:32px\"><span style=\"font-family:Calibri;font-size:16px\">-&nbsp;<\/span><span style=\"font-family:Calibri;font-size:16px\">O contador permite ao operador visualizar o n\u00famero de por\u00e7\u00f5es distribu\u00eddas.<\/span><\/p>\n<p style=\"margin-left:32px\"><span style=\"font-family:\u5b8b\u4f53;font-size:16px\">-&nbsp;<\/span><span style=\"font-family:\u5b8b\u4f53;font-size:16px\">Bomba de ar incorporada: Inje\u00e7\u00e3o de ar no cilindro. Quando a m\u00e1quina arranca, a bomba de ar funciona automaticamente durante 12 segundos <\/span><\/p>\n<p style=\"margin-left:32px\"><span style=\"font-family:\u5b8b\u4f53;font-size:16px\">-&nbsp;<\/span><span style=\"font-family:\u5b8b\u4f53;font-size:16px\">e depois desliga-se. Cada vez que se tira um gelado, a bomba de ar arranca automaticamente durante 10 segundos para aumentar a autonomia.<\/span><\/p>\n<p><span style=\"font-size: 14px\"> &nbsp; &nbsp;<\/span><\/div>\n<\/div>\n<\/div>\n<\/div>\n<\/div>\n<p><\/p>\n<h2><span style=\"font-family: arial, helvetica, sans-serif;font-size: 24px\"><strong><span style=\"font-family: arial, helvetica, sans-serif;letter-spacing: 0px\"><a name=\"Product Specification\"><\/a>Especifica\u00e7\u00e3o do produto<\/span><\/strong><\/span><strong><span style=\"font-family: \u5b8b\u4f53;letter-spacing: 0;font-size: 18px\"> <\/span><\/strong><\/h2>\n<p><span style=\"font-family: Helvetica;letter-spacing: 0;font-size: 16px\">Hommy <\/span><span style=\"font-family: \u5b8b\u4f53;letter-spacing: 0;font-size: 16px\">A m\u00e1quina de gelados \u00e9 f\u00e1cil de operar e o interior da m\u00e1quina tem uma fun\u00e7\u00e3o de limpeza autom\u00e1tica, basta colocar a \u00e1gua no interior para a limpar. Temos um v\u00eddeo para o ensinar a oper\u00e1-la.<\/span><\/p>\n<p><span style=\"font-family: \u5b8b\u4f53;letter-spacing: 0;font-size: 16px\"><br \/><\/span><\/p>\n<p style=\"text-align: center\"><img decoding=\"async\" src=\"https:\/\/www.hommy.com\/wp-content\/uploads\/16004989558532.png\" alt=\"produto-HM220 m\u00e1quina de gelado soft-Hommy-img\" title=\"\"><\/p>\n<p><\/p>\n<p><strong><span style=\"font-family: \u5b8b\u4f53;letter-spacing: 0;font-size: 18px\"><br \/><\/span><\/strong><\/p>\n<h2><span style=\"font-family: arial, helvetica, sans-serif;font-size: 24px\"><strong><span style=\"font-family: arial, helvetica, sans-serif;letter-spacing: 0px\"><a name=\"Product Advantage\"><\/a>Vantagem do produto<\/span><\/strong><\/span><strong><span style=\"font-family: \u5b8b\u4f53;letter-spacing: 0;font-size: 18px\"> <\/span><\/strong><\/h2>\n<p><span style=\"font-family: Helvetica;letter-spacing: 0;font-size: 14px\">A Hommy produziu uma m\u00e1quina de gelados durante 20 anos de experi\u00eancia, a m\u00e1quina de venda autom\u00e1tica de gelados adiciona mais fun\u00e7\u00f5es de gelado suave, porque n\u00e3o h\u00e1 ningu\u00e9m para fazer o servi\u00e7o a toda a hora. baseamo-nos nesta adi\u00e7\u00e3o de mais sensores e usamos software para control\u00e1-la, que \u00e9 de boa qualidade e boa fun\u00e7\u00e3o.<\/span><\/p>\n<p><span style=\"font-family: Helvetica;letter-spacing: 0;font-size: 14px\"><\/span><\/p>\n<div class=\"d-tem01-graphic tem01-graphic mockup\" data-detail=\"wrap\">\n<div class=\"cont-section clearfix d-clearfix\">\n<div class=\"col-md-6 col-sm-6 col-xs-6\">\n<div class=\"right-p\">\n<div class=\"h2 heading\">\n<p><strong><span style=\"font-family: \u5b8b\u4f53;letter-spacing: 0;font-size: 18px\">1.Controlador<\/span><\/strong><\/p>\n<\/div>\n<div class=\"description\">\n<p style=\"margin-top: 0;margin-right: 0;margin-bottom: 15px\"><span style=\"font-family: \u5b8b\u4f53;letter-spacing: 0;font-size: 16px\">O painel de controlo mostra claramente as fun\u00e7\u00f5es internas da m\u00e1quina. <\/span><span style=\"font-family: \u5b8b\u4f53;letter-spacing: 0;font-size: 16px\">Y<\/span><span style=\"font-family: \u5b8b\u4f53;letter-spacing: 0;font-size: 16px\">A m\u00e1quina de gelados da esta\u00e7\u00e3o est\u00e1 a esgotar a quantidade de gelados.&nbsp;<\/span><\/p>\n<p style=\"margin-top: 0;margin-right: 0;margin-bottom: 15px\"><span style=\"font-family: \u5b8b\u4f53;letter-spacing: 0;font-size: 16px\"><br \/><\/span><\/p>\n<p style=\"margin-top: 0;margin-right: 0;margin-bottom: 15px\"><span style=\"font-family: \u5b8b\u4f53;letter-spacing: 0;font-size: 16px\"><br \/><\/span><\/p>\n<\/div>\n<\/div>\n<div class=\"graphic_pic animated wow bounceIn\" data-wow-delay=\".7s\">\n<p style=\"text-align:center\"><img loading=\"lazy\" decoding=\"async\" src=\"https:\/\/www.hommy.com\/wp-content\/uploads\/16004993149805.png\" alt=\"produto-Hommy-img\" title=\"\" width=\"350\" height=\"399\" border=\"0\" vspace=\"0\" style=\"width: 350px;height: 399px\"><\/p>\n<\/div>\n<\/div>\n<div class=\"col-md-6 col-sm-6 col-xs-6\">\n<div class=\"right-p\">\n<div class=\"h2 heading\">2. Bloqueio de trombos<\/div>\n<div class=\"description\">\n<p style=\"margin-bottom:13px\"><span style=\"font-family: \u5b8b\u4f53;letter-spacing: 0;font-size: 16px\">T<\/span><span style=\"font-family: \u5b8b\u4f53;letter-spacing: 0;font-size: 16px\">O bloco de thromat usa material pl\u00e1stico que passa de bom grau e tamb\u00e9m pode trabalhar em temperaturas mais baixas, usamos o cabo de a\u00e7o inoxid\u00e1vel que \u00e9 f\u00e1cil de trabalhar.<\/span><\/p>\n<p style=\"margin-bottom:13px\"><\/p>\n<p style=\"margin-bottom:13px\"><\/p>\n<\/div>\n<\/div>\n<div class=\"graphic_pic animated wow bounceIn\" data-wow-delay=\".7s\">\n<p style=\"text-align:center\"><img loading=\"lazy\" decoding=\"async\" src=\"https:\/\/www.hommy.com\/wp-content\/uploads\/16004993436239.png\" alt=\"produto-Hommy-img\" title=\"\" width=\"350\" height=\"208\" border=\"0\" vspace=\"0\" style=\"width: 350px;height: 208px\"><\/p>\n<\/div>\n<\/div>\n<\/div>\n<\/div>\n<div class=\"d-tem01-graphic tem01-graphic mockup\" data-detail=\"wrap\">\n<div class=\"cont-section clearfix d-clearfix\">\n<div class=\"col-md-6 col-sm-6 col-xs-6\">\n<div class=\"right-p\">\n<div class=\"h2 heading\">3.&nbsp;<span style=\"font-family: Helvetica;letter-spacing: 0px\">Fuga<\/span><span style=\"font-family: Helvetica;letter-spacing: 0px\">ing <\/span><span style=\"font-family: Helvetica;letter-spacing: 0px\">panela<\/span><\/div>\n<p><span style=\"font-family: \u5b8b\u4f53;letter-spacing: 0px;font-size: 16px\">A panela com fugas \u00e9 retirada para a limpar, f\u00e1cil de utilizar.<\/span><\/p>\n<p><span style=\"font-family: \u5b8b\u4f53;letter-spacing: 0px;font-size: 16px\"><br \/><\/span><\/p>\n<\/div>\n<div class=\"graphic_pic animated wow bounceIn\" data-wow-delay=\".7s\">\n<p style=\"text-align:center\"><\/p>\n<p><\/p>\n<p><\/p>\n<p><\/p>\n<p style=\"text-align:center\"><img loading=\"lazy\" decoding=\"async\" src=\"https:\/\/www.hommy.com\/wp-content\/uploads\/16004993779895.png\" alt=\"produto-Hommy-img\" title=\"\" width=\"350\" height=\"139\" border=\"0\" vspace=\"0\" style=\"width: 350px;height: 139px\"><\/p>\n<\/div>\n<\/div>\n<div class=\"col-md-6 col-sm-6 col-xs-6\">\n<div class=\"right-p\">\n<div class=\"h2 heading\">4.&nbsp;<span style=\"font-family: Helvetica;letter-spacing: 0px\">C<\/span><span style=\"font-family: Helvetica;letter-spacing: 0px\">contador<\/span><\/div>\n<div class=\"description\">\n<p style=\"margin-top: 0;margin-right: 0;margin-bottom: 15px\"><span style=\"font-family: \u5b8b\u4f53;letter-spacing: 0;font-size: 16px\">U<\/span><span style=\"font-family: \u5b8b\u4f53;letter-spacing: 0;font-size: 16px\">se chave especial para bloquear a quantidade, pode lembrar-se da quantidade m\u00e1xima de 1000pcs, pode ver todas as quantidades vendidas a partir do controlador.&nbsp;<\/span><\/p>\n<p style=\"margin-top: 0;margin-right: 0;margin-bottom: 15px\"><span style=\"font-family: \u5b8b\u4f53;letter-spacing: 0;font-size: 16px\"><br \/><\/span><\/p>\n<\/div>\n<\/div>\n<div class=\"graphic_pic animated wow bounceIn\" data-wow-delay=\".7s\">\n<p style=\"text-align:center\"><img loading=\"lazy\" decoding=\"async\" src=\"https:\/\/www.hommy.com\/wp-content\/uploads\/16004994237309.png\" alt=\"produto-Hommy-HM220 m\u00e1quina de gelado soft-img\" title=\"\" width=\"350\" height=\"506\" border=\"0\" vspace=\"0\" style=\"width: 350px;height: 506px\"><\/p>\n<\/div>\n<\/div>\n<\/div>\n<\/div>\n<p><\/p>\n<p>Documento\uff1a<img decoding=\"async\" src=\"https:\/\/www.hommy.com\/wp-content\/uploads\/icon_pdf-39.gif\" style=\"margin-right: 2px\" alt=\"produto-Hommy-img-1\" title=\"\"><a href=\"https:\/\/img80002414.weyesimg.com\/uploads\/www.hommy.com\/addon\/16027323595285.pdf\" title=\"16027323595285.pdf\" style=\"font-size: 12px\">16027323595285.pdf<\/a><\/p>\n<p><\/p>\n<\/div><\/div>","protected":false},"excerpt":{"rendered":"<p>Ice Cream Maker&nbsp; Ice Cream Maker|Product Features|Soft Serve Freezer Twin Twist , Gravity Feed , Counter|Product Specification|Product Advantage &nbsp;&nbsp;&nbsp;&nbsp; &nbsp;&nbsp;&nbsp;&nbsp; &nbsp;&nbsp;&nbsp;&nbsp; Product Features &nbsp; Hommy has a professional team to do product design. There are professional refrigeration engineers, software engineers, and structural engineers to ensure that the product quality is stable and durable. At the [&hellip;]<\/p>\n","protected":false},"featured_media":711,"comment_status":"open","ping_status":"open","template":"","meta":{"_swt_meta_header_display":false,"_swt_meta_footer_display":false,"_swt_meta_site_title_display":false,"_swt_meta_sticky_header":false,"_swt_meta_transparent_header":false},"product_brand":[],"product_cat":[81,77],"product_tag":[],"class_list":{"0":"post-718","1":"product","2":"type-product","3":"status-publish","4":"has-post-thumbnail","6":"product_cat-copper-ice-cream-machine","7":"product_cat-ice-cream-machine","9":"first","10":"instock","11":"shipping-taxable","12":"product-type-simple"},"_links":{"self":[{"href":"https:\/\/www.hommy.com\/pt\/wp-json\/wp\/v2\/product\/718","targetHints":{"allow":["GET"]}}],"collection":[{"href":"https:\/\/www.hommy.com\/pt\/wp-json\/wp\/v2\/product"}],"about":[{"href":"https:\/\/www.hommy.com\/pt\/wp-json\/wp\/v2\/types\/product"}],"replies":[{"embeddable":true,"href":"https:\/\/www.hommy.com\/pt\/wp-json\/wp\/v2\/comments?post=718"}],"wp:featuredmedia":[{"embeddable":true,"href":"https:\/\/www.hommy.com\/pt\/wp-json\/wp\/v2\/media\/711"}],"wp:attachment":[{"href":"https:\/\/www.hommy.com\/pt\/wp-json\/wp\/v2\/media?parent=718"}],"wp:term":[{"taxonomy":"product_brand","embeddable":true,"href":"https:\/\/www.hommy.com\/pt\/wp-json\/wp\/v2\/product_brand?post=718"},{"taxonomy":"product_cat","embeddable":true,"href":"https:\/\/www.hommy.com\/pt\/wp-json\/wp\/v2\/product_cat?post=718"},{"taxonomy":"product_tag","embeddable":true,"href":"https:\/\/www.hommy.com\/pt\/wp-json\/wp\/v2\/product_tag?post=718"}],"curies":[{"name":"wp","href":"https:\/\/api.w.org\/{rel}","templated":true}]}}