{"id":702,"date":"2024-07-02T15:24:36","date_gmt":"2024-07-02T15:24:36","guid":{"rendered":"http:\/\/localhost\/hommywp\/hm901-china-ice-cream-shake-freezer-factory-how-much\/"},"modified":"2025-08-01T09:57:40","modified_gmt":"2025-08-01T09:57:40","slug":"congelador-de-batidos-hm901","status":"publish","type":"product","link":"https:\/\/www.hommy.com\/pt\/p\/congelador-de-batidos-hm901\/","title":{"rendered":"Hm901 China F\u00e1brica de Congeladores de Sorvetes Expresso Quanto custa"},"content":{"rendered":"<div>\n<p style=\"text-align: center\"><\/p>\n<p style=\"text-align: center\"><span style=\"font-size: 16px;font-family: arial, helvetica, sans-serif\"><a href=\"#Product Features\" target=\"_self\" data-lv=\"0\" rel=\"noopener\">Carater\u00edsticas do produto<\/a><\/span><span style=\"font-size: 16px;font-family: arial, helvetica, sans-serif\">|<a href=\"#Shake freezer\" target=\"_self\" data-lv=\"0\" rel=\"noopener\">Agitar o congelador<\/a>|<a href=\"#Product Specification\" target=\"_self\" data-lv=\"0\" rel=\"noopener\">Especifica\u00e7\u00e3o do produto<\/a>|<a href=\"#Product Advantage\" target=\"_self\" data-lv=\"0\" rel=\"noopener\">Vantagem do produto<\/a><\/span><\/p>\n<p>A nossa gama de Congelador de gelado pode ser aproveitada pelos clientes para usos residenciais e comerciais. Asseguramos que o Congelador de Gelados \u00e9 fabricado com mat\u00e9ria-prima da melhor qualidade. Eles s\u00e3o muito apreciados pelos clientes devido \u00e0s suas melhores carater\u00edsticas. N\u00f3s tamb\u00e9m fornecemos servi\u00e7os p\u00f3s-venda com os nossos produtos.<\/p>\n<h2><span style=\"font-family: arial, helvetica, sans-serif;font-size: 24px\"><strong><span style=\"font-family: arial, helvetica, sans-serif;letter-spacing: 0px\"><a name=\"Product Features\"><\/a>Produto <\/span><\/strong><strong><span style=\"font-family: arial, helvetica, sans-serif;letter-spacing: 0px\">Carater\u00edsticas<\/span><\/strong><\/span><strong><span style=\"font-family: \u5b8b\u4f53;letter-spacing: 0;font-size: 18px\"> <\/span><\/strong><strong><span style=\"font-family: \u5b8b\u4f53;letter-spacing: 0;font-size: 18px\">&nbsp;<\/span><\/strong><\/h2>\n<p style=\"margin-top:0;margin-right:0;margin-bottom:10px;margin-left:0;text-indent:0\"><span style=\"font-family: Helvetica;letter-spacing: 0;font-size: 16px\">A Hommy tem uma equipa profissional para a conce\u00e7\u00e3o do produto. H\u00e1 engenheiros profissionais de refrigera\u00e7\u00e3o, engenheiros de software e engenheiros estruturais para garantir que a qualidade do produto seja est\u00e1vel e dur\u00e1vel. Ao mesmo tempo, o design personalizado \u00e9 adicionado para facilitar o futuro servi\u00e7o p\u00f3s-venda. Hommy <a style=\"color:blue\" href=\"\/pt\/\">m\u00e1quina de gelados<\/a> \u00e9 digno de confian\u00e7a.<\/span><\/p>\n<p style=\"margin-top:0;margin-right:0;margin-bottom:10px;margin-left:0;text-indent:0\"><span style=\"font-family: Helvetica;letter-spacing: 0;font-size: 16px\"><br \/><\/span><\/p>\n<div class=\"d-tem01-graphic tem01-graphic mockup\" data-detail=\"wrap\">\n<div class=\"cont-section clearfix d-clearfix\">\n<div class=\"col-md-6 col-sm-6 col-xs-6\">\n<div class=\"graphic_pic animated wow bounceIn\" data-wow-delay=\".7s\"><img decoding=\"async\" src=\"https:\/\/www.hommy.com\/wp-content\/uploads\/16004157494012.jpg\" alt=\"produto-Hommy-img\" title=\"\"><br \/>\n &nbsp; &nbsp; &nbsp; &nbsp; &nbsp; &nbsp;<\/div>\n<\/div>\n<div class=\"col-md-6 col-sm-6 col-xs-6\">\n<div class=\"right-p\">\n<div class=\"h2 heading\">\n<h2><strong style=\"font-size: 24px\"><span style=\"font-family: arial, helvetica, sans-serif\"><a name=\"Shake freezer\"><\/a>Congelador de batidos , M\u00e1quina de batidos espessos<\/span><\/strong><span style=\"font-size: 24px\"><strong><span style=\"font-family: arial, helvetica, sans-serif\"><a name=\"Shake freezer , Thick Shake machine Pre-cooling,  Mixer, Counter, Heat Treatment  Features\"><\/a><\/span><\/strong><\/span><\/h2>\n<h2 style=\", Helvetica, Arial, sans-serif\"><span style=\"font-size: 24px\"><strong><span style=\"font-family: Calibri\">Pr\u00e9-resfriamento, Misturador, Contador, Tratamento t\u00e9rmico&nbsp;&nbsp;<\/span><\/strong><strong style=\"color: inherit;font-family: inherit\"><span style=\"font-family: arial, helvetica, sans-serif\">Carater\u00edsticas:<\/span><\/strong><\/span><\/h2>\n<p style=\"margin-left:32px\"><span style=\"font-family: Calibri;font-size: 16px\">- Oferta de produtos: Oferecer todas as varia\u00e7\u00f5es populares de refrigerantes, desde gelados a iogurtes congelados com baixo teor de gordura ou sem gordura.<\/span><\/p>\n<p style=\"margin-left:32px\"><span style=\"font-family: Calibri;font-size: 16px\">- Sabor: Servir um \u00fanico sabor.<\/span><\/p>\n<p style=\"margin-left:32px\"><span style=\"font-family: Calibri;font-size: 16px\">- Tremonha de mistura: Uma capacidade de 13 litros (13,7 litros, 3,43 gal\u00f5es)<\/span><\/p>\n<p style=\"margin-top:0;margin-right:0;margin-bottom:0;margin-left:0;text-indent:0;text-align:justify\"><span style=\"font-family: arial, helvetica, sans-serif\"><span style=\"font-family: Calibri;font-size: 16px\">Cilindro de congela\u00e7\u00e3o: Um <\/span><span style=\"font-family: Calibri;letter-spacing: 0px;font-size: 16px\">&nbsp;2,8 litros de capacidade (3,0 litros, 0,74 gal\u00f5es)<\/span><\/span><\/p>\n<p><span style=\"font-size: 16px;font-family: arial, helvetica, sans-serif\">&nbsp;<\/span><\/p>\n<p><span style=\"font-size: 16px;font-family: arial, helvetica, sans-serif\">Controlo eletr\u00f3nico:<\/span><\/p>\n<p style=\"margin-left:32px\"><span style=\"font-family: Calibri;font-size: 16px\">- As temperaturas nas tremonhas ou nos cilindros de congela\u00e7\u00e3o podem ser visualizadas em qualquer ponto do funcionamento.<\/span><\/p>\n<p style=\"margin-left:32px\"><span style=\"font-family: Calibri;font-size: 16px\">- Fornece o n\u00edvel de viscosidade necess\u00e1rio para as doses.<\/span><\/p>\n<p style=\"margin-left:32px\"><span style=\"font-family: Calibri;font-size: 16px\">- Indicador do n\u00edvel de mistura e alarme. Quando a luz de falta de mistura pisca, a m\u00e1quina desliga-se automaticamente para evitar danos.<\/span><\/p>\n<p><span style=\"font-size: 16px;font-family: arial, helvetica, sans-serif\">Modo de espera: <\/span><\/p>\n<p><span style=\"font-family: Calibri;font-size: 16px\">Durante longos per\u00edodos sem utiliza\u00e7\u00e3o, a fun\u00e7\u00e3o de espera mant\u00e9m as temperaturas seguras do produto na tremonha de mistura e no cilindro de congela\u00e7\u00e3o.<\/span><\/p>\n<p style=\"margin-left:32px\"><span style=\"font-family: Calibri;font-size: 16px\">- Fun\u00e7\u00e3o de prote\u00e7\u00e3o da press\u00e3o do sistema de arrefecimento.<\/span><\/p>\n<p style=\"margin-left:32px\"><span style=\"font-family: arial, helvetica, sans-serif\"><span style=\"font-family: Calibri;font-size: 16px\">- A constru\u00e7\u00e3o duradoura com cobertura em a\u00e7o inoxid\u00e1vel torna-o moderno e<\/span><span style=\"font-family: \u5b8b\u4f53;font-size: 16px\">&nbsp;<\/span><span style=\"font-family: Calibri;font-size: 16px\">aspeto exterior luxuoso<\/span><\/span><\/p>\n<p><span style=\"font-size: 16px;font-family: arial, helvetica, sans-serif\">Fun\u00e7\u00f5es:<\/span><\/p>\n<p><span style=\"font-size: 16px;font-family: arial, helvetica, sans-serif\">O sistema de pr\u00e9-arrefecimento mant\u00e9m a mistura abaixo dos 5\u00b0C durante os modos autom\u00e1tico e de espera.<\/span><\/p>\n<p><span style=\"font-size: 16px;font-family: arial, helvetica, sans-serif\">O misturador mant\u00e9m a uniformidade da mistura nas tremonhas.<\/span><\/p>\n<p><span style=\"font-size: 16px;font-family: arial, helvetica, sans-serif\">O tratamento t\u00e9rmico proporciona uma rotina de limpeza di\u00e1ria para manter o produto de acordo com as normas de qualidade e seguran\u00e7a at\u00e9 duas semanas antes da limpeza completa com desmontagem.<\/span><\/p>\n<p><span style=\"font-family: Calibri;font-size: 16px\">N\u00e3o desmontar a m\u00e1quina para limpar a unidade de bloqueio da garganta, o batedor e o<\/span><span style=\"font-size: 16px\"><span style=\"font-family:\u5b8b\u4f53\">&nbsp;<\/span><\/span><span style=\"font-family: Calibri;font-size: 16px\">cilindro.<\/span><\/p>\n<\/div>\n<\/div>\n<p>&nbsp; &nbsp; &nbsp; &nbsp; &nbsp; &nbsp;<\/p><\/div>\n<\/div>\n<\/div>\n<h2><span style=\"font-family: arial, helvetica, sans-serif;font-size: 24px\"><strong><span style=\"font-family: arial, helvetica, sans-serif;letter-spacing: 0px\"><a name=\"Product Specification\"><\/a>Especifica\u00e7\u00e3o do produto<\/span><\/strong><\/span><strong><span style=\"font-family: \u5b8b\u4f53;letter-spacing: 0;font-size: 18px\"> <\/span><\/strong><\/h2>\n<h4><span style=\"font-family: Cambria;letter-spacing: 0;font-size: 16px\">Sirva uma grande variedade de bebidas congeladas, como batidos e smoothies, com a garantia de temperaturas seguras dos produtos l\u00e1cteos. Extraia diretamente um \u00fanico sabor ou misture aromas para obter mais variedade.&nbsp;<\/span><\/h4>\n<p><span style=\"font-family: Cambria;letter-spacing: 0;font-size: 16px\"><br \/><\/span><\/p>\n<p style=\"margin: 0px 0px 10px;text-indent: 0px;text-align: center\"><span style=\"font-family: Helvetica;letter-spacing: 0;font-size: 16px\"><img decoding=\"async\" src=\"https:\/\/www.hommy.com\/wp-content\/uploads\/16004156604638.jpg\" alt=\"produto-Hommy-img\" title=\"\"><\/span><\/p>\n<p><strong><span style=\"font-family: \u5b8b\u4f53;letter-spacing: 0;font-size: 18px\"><br \/><\/span><\/strong><\/p>\n<h2><span style=\"font-family: arial, helvetica, sans-serif;font-size: 24px\"><strong><span style=\"font-family: arial, helvetica, sans-serif;letter-spacing: 0px\"><a name=\"Product Advantage\"><\/a>Vantagem do produto<\/span><\/strong><\/span><strong><span style=\"font-family: \u5b8b\u4f53;letter-spacing: 0;font-size: 18px\"> <\/span><\/strong><\/h2>\n<p><span style=\"font-family: Helvetica;letter-spacing: 0;font-size: 14px\">A Hommy produziu uma m\u00e1quina de gelados durante 20 anos de experi\u00eancia, a m\u00e1quina de venda autom\u00e1tica de gelados adiciona mais fun\u00e7\u00f5es de gelado suave, porque n\u00e3o h\u00e1 ningu\u00e9m para fazer o servi\u00e7o a toda a hora. baseamo-nos nesta adi\u00e7\u00e3o de mais sensores e usamos software para control\u00e1-la, que \u00e9 de boa qualidade e boa fun\u00e7\u00e3o.<\/span><\/p>\n<p><span style=\"font-family: Helvetica;letter-spacing: 0;font-size: 14px\"><\/span><\/p>\n<div class=\"d-tem01-graphic tem01-graphic mockup\" data-detail=\"wrap\">\n<div class=\"cont-section clearfix d-clearfix\">\n<div class=\"col-md-6 col-sm-6 col-xs-6\">\n<div class=\"right-p\">\n<div class=\"h2 heading\">\n<p style=\"margin-bottom:13px;margin-left:0;text-indent:0\"><span style=\"font-family: Helvetica;letter-spacing: 0;font-weight: bold;font-size: 18px\">1.&nbsp;<\/span><strong><span style=\"font-family: Helvetica;letter-spacing: 0;font-size: 18px\">Tubo de expans\u00e3o<\/span><\/strong><\/p>\n<\/div>\n<p><span style=\"font-family: \u5b8b\u4f53;font-size: 16px;letter-spacing: 0px\">A fun\u00e7\u00e3o do tubo de expans\u00e3o \u00e9 soprar ar para dentro do cilindro e mistur\u00e1-lo com o gelado para aumentar a taxa de expans\u00e3o do gelado, que fica mais macio e delicioso quando o comemos. A taxa de expans\u00e3o do tubo de expans\u00e3o \u00e9 30%-45%, e tem tr\u00eas orif\u00edcios diferentes para os clientes ajustarem a quantidade de entrada de ar, o que \u00e9 conveniente para limpar e simples de operar.<\/span><\/p>\n<p><span style=\"font-family: \u5b8b\u4f53;font-size: 16px;letter-spacing: 0px\"><br \/><\/span><\/p>\n<p><span style=\"font-family: \u5b8b\u4f53;font-size: 16px;letter-spacing: 0px\"><br \/><\/span><\/p>\n<\/div>\n<div class=\"graphic_pic animated wow bounceIn\" data-wow-delay=\".7s\">\n<p style=\"text-align:center\"><img loading=\"lazy\" decoding=\"async\" src=\"https:\/\/www.hommy.com\/wp-content\/uploads\/16004159642261.jpg\" alt=\"produto-HM901 Shake Freezer-Hommy-img\" title=\"\" width=\"250\" height=\"467\" border=\"0\" vspace=\"0\" style=\"width: 250px;height: 467px\"><\/p>\n<\/div>\n<\/div>\n<div class=\"col-md-6 col-sm-6 col-xs-6\">\n<div class=\"right-p\">\n<div class=\"h2 heading\">\n<p><span style=\"font-family: Helvetica;letter-spacing: 0;font-size: 22px\">2. Deixar o sensor<\/span><\/p>\n<\/div>\n<p><span style=\"font-family: \u5b8b\u4f53;letter-spacing: 0px;font-size: 16px\"><\/span><span><span style=\"font-family: \u5b8b\u4f53;letter-spacing: 0px;font-size: 16px\">Deixar o sensor ter&nbsp;<\/span><span style=\"font-family: Calibri;letter-spacing: 0px;font-size: 16px\">Segunda fase, a primeira fase do alarme de n\u00edvel de material em falta, a segunda fase do encerramento autom\u00e1tico.<\/span><span style=\"font-family: \u5b8b\u4f53;letter-spacing: 0px;font-size: 16px\">&nbsp;Quando receber a primeira mensagem, tem algum tempo para adicionar material, n\u00e3o precisa de deixar a m\u00e1quina parar para a trabalhar.<\/span><\/span><\/p>\n<p><span><span style=\"font-family: \u5b8b\u4f53;letter-spacing: 0px;font-size: 16px\"><br \/><\/span><\/span><\/p>\n<p><span><span style=\"font-family: \u5b8b\u4f53;letter-spacing: 0px;font-size: 16px\"><br \/><\/span><\/span><\/p>\n<p><span><span style=\"font-family: \u5b8b\u4f53;letter-spacing: 0px;font-size: 16px\"><br \/><\/span><\/span><\/p>\n<\/div>\n<div class=\"graphic_pic animated wow bounceIn\" data-wow-delay=\".7s\">\n<p style=\"text-align:center\"><img loading=\"lazy\" decoding=\"async\" src=\"https:\/\/www.hommy.com\/wp-content\/uploads\/16004160178346.jpg\" alt=\"produto-Hommy-HM901 Shake Freezer-img\" title=\"\" width=\"250\" height=\"777\" border=\"0\" vspace=\"0\" style=\"width: 250px;height: 777px\"><\/p>\n<\/div>\n<\/div>\n<\/div>\n<\/div>\n<div class=\"d-tem01-graphic tem01-graphic mockup\" data-detail=\"wrap\">\n<div class=\"cont-section clearfix d-clearfix\">\n<div class=\"col-md-6 col-sm-6 col-xs-6\">\n<div class=\"right-p\">\n<div class=\"h2 heading\">3.&nbsp;<span style=\"font-family: Helvetica;letter-spacing: 0px\">Pasteuriza\u00e7\u00e3o<\/span><\/div>\n<div class=\"description\">\n<p><span><span style=\"font-family: \u5b8b\u4f53;letter-spacing: 0px;font-size: 16px\">Se vender gelados \u00e0 noite, o sistema de configura\u00e7\u00e3o autom\u00e1tica Pasteuriza\u00e7\u00e3o : Pode matar&nbsp;<\/span><span style=\"font-family: Calibri;letter-spacing: 0px;font-size: 16px\">a bact\u00e9ria&nbsp;<\/span><span style=\"font-family: \u5b8b\u4f53;letter-spacing: 0px;font-size: 16px\">que&nbsp;<\/span><span style=\"font-family: Calibri;letter-spacing: 0px;font-size: 16px\">produzir<\/span><span style=\"font-family: \u5b8b\u4f53;letter-spacing: 0px;font-size: 16px\">&nbsp;<\/span><span style=\"font-family: Calibri;letter-spacing: 0px;font-size: 16px\">no interior da m\u00e1quina<\/span><span style=\"font-family: \u5b8b\u4f53;letter-spacing: 0px;font-size: 16px\">&nbsp;de -5\u2103&nbsp;<\/span><span style=\"font-family: Arial;letter-spacing: 0px;font-size: 16px\">\u2192<\/span><span style=\"font-family: \u5b8b\u4f53;letter-spacing: 0px;font-size: 16px\">&nbsp;65\u2103<\/span><span style=\"font-family: Arial;letter-spacing: 0px;font-size: 16px\">\u2192<\/span><span style=\"font-family: \u5b8b\u4f53;letter-spacing: 0px;font-size: 16px\">&nbsp;-5\u2103<\/span><span style=\"font-family: Calibri;letter-spacing: 0px;font-size: 16px\">processo<\/span><span style=\"font-family: \u5b8b\u4f53;letter-spacing: 0px;font-size: 16px\">&nbsp;(desinfetar o cilindro de carga e a mat\u00e9ria-prima no interior, depois refrigerar at\u00e9 ao estado de reserva).<\/span><\/span><\/p>\n<p><span><span style=\"font-family: \u5b8b\u4f53;letter-spacing: 0px;font-size: 16px\"><br \/><\/span><\/span><\/p>\n<p><span><span style=\"font-family: \u5b8b\u4f53;letter-spacing: 0px;font-size: 16px\"><br \/><\/span><\/span><\/p>\n<\/div>\n<\/div>\n<div class=\"graphic_pic animated wow bounceIn\" data-wow-delay=\".7s\">\n<p style=\"text-align:center\"><img loading=\"lazy\" decoding=\"async\" src=\"https:\/\/www.hommy.com\/wp-content\/uploads\/16004160617364.png\" alt=\"produto-Hommy-img\" title=\"\" width=\"350\" height=\"336\" border=\"0\" vspace=\"0\" style=\"width: 350px;height: 336px\"><\/p>\n<\/div>\n<\/div>\n<div class=\"col-md-6 col-sm-6 col-xs-6\">\n<div class=\"right-p\">\n<div class=\"h2 heading\">4. Mistura na tremonha<\/div>\n<div class=\"description\"><span style=\"font-family: \u5b8b\u4f53;font-size: 16px;letter-spacing: 0px\">Misturar uniformemente. O misturador de alta velocidade no funil mant\u00e9m o material fluindo no funil em caso de cobertura. O gelado ficar\u00e1 mais suave depois de misturado completamente com ar.&nbsp;<\/span><\/div>\n<\/div>\n<p><\/p>\n<p><\/p>\n<p><\/p>\n<p><\/p>\n<p style=\"text-align:center\"><img loading=\"lazy\" decoding=\"async\" src=\"https:\/\/www.hommy.com\/wp-content\/uploads\/16004160943439.jpg\" alt=\"produto-Hommy-img\" title=\"\" width=\"250\" height=\"467\" border=\"0\" vspace=\"0\" style=\"width: 250px;height: 467px\"><\/p>\n<p>&nbsp; &nbsp; &nbsp; &nbsp; &nbsp; &nbsp;<\/p>\n<\/div>\n<\/div>\n<\/div>\n<p style=\"margin: 0px 0px 10px;text-indent: 0px\"><span style=\"font-family: Helvetica;letter-spacing: 0;font-size: 16px\">Documento\uff1a<\/span><img decoding=\"async\" src=\"https:\/\/www.hommy.com\/wp-content\/uploads\/icon_pdf-37.gif\" style=\"margin-right: 2px\" alt=\"produto-Hommy-img-1\" title=\"\"><a href=\"https:\/\/img80002414.weyesimg.com\/uploads\/www.hommy.com\/addon\/16027420964101.pdf\" title=\"16027420964101.pdf\" style=\"font-size: 12px\">16027420964101.pdf<\/a><\/p>\n<p style=\"margin: 0px 0px 10px;text-indent: 0px\"><span style=\"font-family: Helvetica;letter-spacing: 0;font-size: 16px\"><\/span><\/p>\n<h2>O iogurte congelado estraga-se no congelador?<\/h2>\n<p style=\"margin-top: 5px;margin-bottom: 5px\">Sempre ouvi dizer que se deve guardar o iogurte congelado no congelador. Diz-se na embalagem que se deixar o iogurte congelado \u00e0 temperatura ambiente durante muito tempo, ele come\u00e7a a descongelar. E se n\u00e3o o utilizar antes de isso acontecer, estraga-se e fica com um sabor horr\u00edvel.<\/p>\n<p style=\"margin-top: 5px;margin-bottom: 5px\"><\/p>\n<h2>Quem fabrica as m\u00e1quinas de gelados da McDonalds?<\/h2>\n<p style=\"margin-top: 5px;margin-bottom: 5px\">N\u00f3s somos a McDonalds. Fabricamos m\u00e1quinas de gelados McDonalds!&nbsp;<\/p>\n<p style=\"margin-top: 5px;margin-bottom: 5px\">Mas n\u00e3o fabricamos apenas m\u00e1quinas de gelados, fabricamo-las em diferentes sabores, que n\u00e3o se limitam apenas aos gelados. Os diferentes sabores n\u00e3o se limitam apenas ao gelado, mas tamb\u00e9m aos batidos de leite, aos batidos de leite, ao gelado soft e muito mais, tudo isto aqui mesmo no McDonalds! Quais s\u00e3o alguns dos sabores de gelado que pode obter no McDonalds?<\/p>\n<p style=\"margin-top: 5px;margin-bottom: 5px\"><\/p>\n<h2>\u00c9 poss\u00edvel utilizar iogurte congelado como fermento?<\/h2>\n<p style=\"margin-top: 5px;margin-bottom: 5px\">Tenho alguns dos fermentos para iogurte \u00e0 m\u00e3o da \u00faltima vez que fiz iogurte. Gostaria de os poder utilizar novamente, mas n\u00e3o tenho a certeza se ainda est\u00e3o bons. Estava a pensar que poderia congel\u00e1-los e depois descongel\u00e1-los e utiliz\u00e1-los como fermento.<\/p>\n<\/div><\/div>","protected":false},"excerpt":{"rendered":"<p>Product Features|Shake freezer|Product Specification|Product Advantage Our range of Ice Cream Shake Freezer can be availed by customers for residential and commercial uses. We ensure that the Ice Cream Shake Freezer is manufactured with best quality raw material. They are highly appreciated by customers due to their best features. We also provide after sales services with [&hellip;]<\/p>\n","protected":false},"featured_media":695,"comment_status":"open","ping_status":"open","template":"","meta":{"_swt_meta_header_display":false,"_swt_meta_footer_display":false,"_swt_meta_site_title_display":false,"_swt_meta_sticky_header":false,"_swt_meta_transparent_header":false},"product_brand":[],"product_cat":[80,77],"product_tag":[],"class_list":{"0":"post-702","1":"product","2":"type-product","3":"status-publish","4":"has-post-thumbnail","6":"product_cat-frozen-yogurt-machine","7":"product_cat-ice-cream-machine","9":"first","10":"instock","11":"shipping-taxable","12":"product-type-simple"},"_links":{"self":[{"href":"https:\/\/www.hommy.com\/pt\/wp-json\/wp\/v2\/product\/702","targetHints":{"allow":["GET"]}}],"collection":[{"href":"https:\/\/www.hommy.com\/pt\/wp-json\/wp\/v2\/product"}],"about":[{"href":"https:\/\/www.hommy.com\/pt\/wp-json\/wp\/v2\/types\/product"}],"replies":[{"embeddable":true,"href":"https:\/\/www.hommy.com\/pt\/wp-json\/wp\/v2\/comments?post=702"}],"wp:featuredmedia":[{"embeddable":true,"href":"https:\/\/www.hommy.com\/pt\/wp-json\/wp\/v2\/media\/695"}],"wp:attachment":[{"href":"https:\/\/www.hommy.com\/pt\/wp-json\/wp\/v2\/media?parent=702"}],"wp:term":[{"taxonomy":"product_brand","embeddable":true,"href":"https:\/\/www.hommy.com\/pt\/wp-json\/wp\/v2\/product_brand?post=702"},{"taxonomy":"product_cat","embeddable":true,"href":"https:\/\/www.hommy.com\/pt\/wp-json\/wp\/v2\/product_cat?post=702"},{"taxonomy":"product_tag","embeddable":true,"href":"https:\/\/www.hommy.com\/pt\/wp-json\/wp\/v2\/product_tag?post=702"}],"curies":[{"name":"wp","href":"https:\/\/api.w.org\/{rel}","templated":true}]}}