{"id":694,"date":"2024-07-02T15:24:30","date_gmt":"2024-07-02T15:24:30","guid":{"rendered":"http:\/\/localhost\/hommywp\/hm706-buy-profitable-soft-frozen-yogurt-maker-wholesale\/"},"modified":"2025-08-01T09:57:40","modified_gmt":"2025-08-01T09:57:40","slug":"hm706-maquina-de-gelado-soft","status":"publish","type":"product","link":"https:\/\/www.hommy.com\/pt\/p\/hm706-maquina-de-gelado-soft\/","title":{"rendered":"Hm706 Comprar fabricante de iogurte gelado macio rent\u00e1vel por atacado"},"content":{"rendered":"<div>\n<h4 style=\"text-align: center\"><span style=\"font-size: 24px\"><strong><span style=\"font-family: \u5b8b\u4f53;letter-spacing: 0px\"><br \/><\/span><\/strong><\/span><\/h4>\n<h2 style=\"text-align: center\"><span style=\"font-size: 24px;font-family: arial, helvetica, sans-serif\"><strong><span style=\"font-size: 24px;letter-spacing: 0px\"><a name=\"Soft Serve Ice Cream Machine\"><\/a>M\u00e1quina de sorvete expresso<\/span><\/strong><\/span><\/h2>\n<p style=\"text-align: center\"><a href=\"#Soft Serve Ice Cream Machine\" target=\"_self\" data-lv=\"0\" rel=\"noopener\"><span style=\"font-size: 16px;font-family: arial, helvetica, sans-serif;letter-spacing: 0px\">M\u00e1quina de sorvete expresso<\/span><\/a><span style=\"font-size: 16px;font-family: arial, helvetica, sans-serif;letter-spacing: 0px\">|<a href=\"#Product Features\" target=\"_self\" data-lv=\"0\" rel=\"noopener\">Carater\u00edsticas do produto<\/a>|<a href=\"#Table top Soft Serve Freezer, table top Frozen Yogurt Freezer\" target=\"_self\" data-lv=\"0\" rel=\"noopener\">Congelador de mesa para servi\u00e7o suave, Congelador de mesa para iogurte congelado<\/a>|<a href=\"#Product Specification\" target=\"_self\" data-lv=\"0\" rel=\"noopener\">Especifica\u00e7\u00e3o do produto<\/a>|<a href=\"#Product Advantage\" target=\"_self\" data-lv=\"0\" rel=\"noopener\">Vantagem do produto<\/a><\/span><\/p>\n<p><\/p>\n<p style=\"text-align: center\">\n<p style=\"text-align: center\">\n<p><span style=\"font-family: Helvetica;font-size: 16px;letter-spacing: 0px\">Temos uma equipa de profissionais com anos de experi\u00eancia nesta \u00e1rea. A m\u00e1quina de iogurte congelado que fornecemos tem uma elevada efici\u00eancia energ\u00e9tica e \u00e9 altamente dur\u00e1vel. O fabricante de iogurte congelado que fornecemos \u00e9 altamente eficaz e f\u00e1cil de usar.<\/span><\/p>\n<h2><span style=\"font-family: arial, helvetica, sans-serif;font-size: 24px\"><strong><span style=\"font-family: arial, helvetica, sans-serif;letter-spacing: 0px\">Produto <\/span><\/strong><strong><span style=\"font-family: arial, helvetica, sans-serif;letter-spacing: 0px\">Carater\u00edsticas<\/span><\/strong><\/span><strong><span style=\"font-family: \u5b8b\u4f53;letter-spacing: 0;font-size: 18px\"> <\/span><\/strong><strong><span style=\"font-family: \u5b8b\u4f53;letter-spacing: 0;font-size: 18px\">&nbsp;<\/span><\/strong><\/h2>\n<p style=\"margin-top:0;margin-right:0;margin-bottom:10px;margin-left:0;text-indent:0\"><span style=\"font-family: Helvetica;letter-spacing: 0;font-size: 16px\"><\/span><\/p>\n<p><span style=\"font-family: Helvetica;letter-spacing: 0;font-size: 16px\">A Hommy tem uma equipa profissional para a conce\u00e7\u00e3o do produto. H\u00e1 engenheiros profissionais de refrigera\u00e7\u00e3o, engenheiros de software e engenheiros estruturais para garantir que a qualidade do produto seja est\u00e1vel e dur\u00e1vel. Ao mesmo tempo, o design personalizado \u00e9 adicionado para facilitar o futuro servi\u00e7o p\u00f3s-venda. <\/span><span style=\"font-family: Helvetica\"><span style=\"letter-spacing: 0px;font-size: 16px\">Hommy<\/span><span style=\"letter-spacing: 0px;font-size: 16px\">&nbsp;gelado <a style=\"color:blue\" href=\"https:\/\/www.hommy.com\/pt\/maquina-de-gelados\/\">m\u00e1quina de servir refrigerantes<\/a> <\/span><\/span><span style=\"font-family: Helvetica;letter-spacing: 0;font-size: 16px\">\u00e9 digno de confian\u00e7a.<\/span><span style=\"font-family: \u5b8b\u4f53;letter-spacing: 0px;font-size: 16px\">&nbsp;<span style=\"letter-spacing: 0px;font-size: 16px;font-family: Helvetica\">Se quiser saber mais informa\u00e7\u00f5es sobre <a style=\"color:blue\" href=\"https:\/\/www.hommy.com\/pt\/maquina-de-gelado-soft\/\">m\u00e1quina de gelado soft<\/a> e pre\u00e7o por favor contacte-nos .<\/span><\/span><\/p>\n<p><span style=\"font-family: \u5b8b\u4f53;letter-spacing: 0;font-size: 16px\"><\/span><\/p>\n<div class=\"d-tem01-graphic tem01-graphic mockup\" data-detail=\"wrap\">\n<div class=\"cont-section clearfix d-clearfix\">\n<div class=\"col-md-6 col-sm-6 col-xs-6\"><\/p>\n<div class=\"graphic_pic animated wow bounceIn\" data-wow-delay=\".7s\"><img decoding=\"async\" src=\"https:\/\/www.hommy.com\/wp-content\/uploads\/16004078203526.jpg\" alt=\"produto-Hommy-img\" title=\"\"><br \/>\n &nbsp; &nbsp; &nbsp; &nbsp; &nbsp; &nbsp;<\/div>\n<\/div>\n<div class=\"col-md-6 col-sm-6 col-xs-6\">\n<div class=\"right-p\">\n<div class=\"h2 heading\">\n<h2><span style=\"font-size: 24px;font-family: arial, helvetica, sans-serif\"><strong><span style=\"font-size: 24px\"><a name=\"Table top Soft Serve Freezer, table top Frozen Yogurt Freezer\"><\/a>Tampo da mesa <\/span><\/strong><strong><span style=\"font-size: 24px\">Congelador para servir refrigerantes, <\/span><\/strong><strong><span style=\"font-size: 24px\">tampo da mesa <\/span><\/strong><strong><span style=\"font-size: 24px\">Congelador de iogurte congelado<\/span><\/strong><\/span><\/h2>\n<p><span style=\"font-family:Calibri;font-size:16px\">Twin Twist, Pr\u00e9-arrefecimento, Misturador, Balc\u00e3o, Ultra-silencioso<\/span><\/p>\n<p><span style=\"font-size: 16px;font-family: Helvetica\">Carater\u00edsticas<\/span><\/p>\n<p><span style=\"font-family:Calibri;font-size:16px\">Oferta de produtos: Oferecer todas as varia\u00e7\u00f5es populares de refrigerantes, desde gelados a iogurtes congelados com baixo teor de gordura ou sem gordura.<\/span><\/p>\n<p><span style=\"font-family:Calibri;font-size:16px\">Sabor: Servir dois sabores separados e um twist.<\/span><\/p>\n<p><span style=\"font-family:Calibri;font-size:16px\">Tremonha de mistura: Duas capacidades de 13 litros (13,7 litros, 3,43 gal\u00f5es)<\/span><\/p>\n<p><span style=\"font-family:Calibri;font-size:16px\">Cilindro de congela\u00e7\u00e3o: Duas capacidades de 1,8 litros (1,63 litros, 0,48 gal\u00f5es)<\/span><\/p>\n<p><span style=\"font-family:Calibri;font-size:16px\">Controlo por ecr\u00e3 t\u00e1til:<\/span><\/p>\n<p style=\"margin-left:32px\"><span style=\"font-family:Calibri;font-size:16px\">- O sistema de controlo t\u00e1til por microprocessador est\u00e1 integrado num painel de vidro temperado dur\u00e1vel.<\/span><\/p>\n<p style=\"margin-left:32px\"><span style=\"font-family:Calibri;font-size:16px\">- As temperaturas nas tremonhas ou nos cilindros de congela\u00e7\u00e3o podem ser visualizadas em qualquer ponto do funcionamento.<\/span><\/p>\n<p style=\"margin-left:32px\"><span style=\"font-family:Calibri;font-size:16px\">- Fornece o n\u00edvel de viscosidade necess\u00e1rio para as doses.<\/span><\/p>\n<p style=\"margin-left:32px\"><span style=\"font-family:Calibri;font-size:16px\">- Indicador do n\u00edvel de mistura e alarme. Quando a luz de falta de mistura pisca, a m\u00e1quina desliga-se automaticamente para evitar danos.<\/span><\/p>\n<p><span style=\"font-family:Calibri;font-size:16px\">Modo de espera: Durante longos per\u00edodos sem utiliza\u00e7\u00e3o, a fun\u00e7\u00e3o de espera mant\u00e9m as temperaturas seguras do produto na tremonha de mistura e no cilindro de congela\u00e7\u00e3o.<\/span><\/p>\n<p><span style=\"font-family:Calibri;font-size:16px\">Fun\u00e7\u00e3o de prote\u00e7\u00e3o da press\u00e3o do sistema de arrefecimento.<\/span><\/p>\n<p><span style=\"font-family:Calibri;font-size:16px\">A constru\u00e7\u00e3o duradoura com cobertura em a\u00e7o inoxid\u00e1vel torna-o moderno e<\/span><span style=\"font-family:\u5b8b\u4f53;font-size:16px\">&nbsp;<\/span><span style=\"font-family:Calibri;font-size:16px\">aspeto exterior luxuoso.<\/span><\/p>\n<p><span style=\"font-family:Calibri;font-size:16px\">Fun\u00e7\u00f5es: <\/span><\/p>\n<p><span style=\"font-family: Calibri;font-size: 16px\">O sistema de pr\u00e9-arrefecimento mant\u00e9m a mistura abaixo dos 5\u00b0C durante os modos autom\u00e1tico e de espera. A bomba de ar fornece a mistura com uma certa quantidade de ar para os cilindros de congela\u00e7\u00e3o. <\/span><\/p>\n<p><span style=\"font-family:Calibri;font-size:16px\">O misturador mant\u00e9m a uniformidade da mistura nas tremonhas. *O contador permite ao operador ver o n\u00famero de por\u00e7\u00f5es distribu\u00eddas.<\/span><\/p>\n<p><span style=\"font-family:Calibri;font-size:16px\">Ru\u00eddo ultra-silencioso de 50-55 decib\u00e9is.<\/span><\/p>\n<p><span style=\"font-size: 14px\"><\/span><\/div>\n<\/div>\n<p>&nbsp; &nbsp; &nbsp; &nbsp; &nbsp; &nbsp;<\/p><\/div>\n<\/div>\n<\/div>\n<p><span style=\"font-family: \u5b8b\u4f53;letter-spacing: 0;font-size: 16px\"><br \/><\/span><\/p>\n<p><\/p>\n<h2><span style=\"font-family: arial, helvetica, sans-serif;font-size: 24px\"><strong><span style=\"font-family: arial, helvetica, sans-serif;letter-spacing: 0px\">Especifica\u00e7\u00e3o do produto<\/span><\/strong><\/span><\/h2>\n<h4><span style=\"font-family: \u5b8b\u4f53;letter-spacing: 0;font-size: 18px\"><\/span><\/h4>\n<p><span style=\"font-family: Helvetica;letter-spacing: 0;font-size: 16px\">Hommy tem mais suavidade <a style=\"color:blue\" href=\"\/pt\/\">m\u00e1quina de gelados<\/a> O sistema de arrefecimento da nossa m\u00e1quina \u00e9 muito potente e permite a produ\u00e7\u00e3o de gelados e iogurtes congelados. A m\u00e1quina utiliza a corrente e a temperatura para ajustar automaticamente o sistema interno. Quando a experimentares, vais gostar desta m\u00e1quina.&nbsp;<\/span><\/p>\n<p><span style=\"font-family: Helvetica;letter-spacing: 0;font-size: 16px\"><br \/><\/span><\/p>\n<p><span style=\"font-family: Helvetica;letter-spacing: 0;font-size: 16px\"><br \/><\/span><\/p>\n<p style=\"text-align: center\"><span style=\"font-family: Helvetica;letter-spacing: 0;font-size: 16px\"><img decoding=\"async\" src=\"https:\/\/www.hommy.com\/wp-content\/uploads\/16004079362483.png\" title=\"\" alt=\"produto-Hommy-img\"><\/span><\/p>\n<p><strong><span style=\"font-family: \u5b8b\u4f53;letter-spacing: 0;font-size: 18px\"><br \/><\/span><\/strong><\/p>\n<p><strong><span style=\"font-family: \u5b8b\u4f53;letter-spacing: 0;font-size: 18px\"><br \/><\/span><\/strong><\/p>\n<h2><span style=\"font-family: arial, helvetica, sans-serif;font-size: 24px\"><strong><span style=\"font-family: arial, helvetica, sans-serif;letter-spacing: 0px\">Vantagem do produto<\/span><\/strong><\/span><strong><span style=\"font-family: \u5b8b\u4f53;letter-spacing: 0;font-size: 18px\"> &nbsp;&nbsp;&nbsp;&nbsp;&nbsp;&nbsp;<\/span><\/strong><strong><span style=\"font-family: \u5b8b\u4f53;letter-spacing: 0;font-size: 18px\">&nbsp;<\/span><\/strong><br \/><\/h2>\n<p><span style=\"font-family: Helvetica;letter-spacing: 0;font-size: 16px\">A Hommy produziu uma m\u00e1quina de gelados durante 20 anos de experi\u00eancia, a m\u00e1quina de venda autom\u00e1tica de gelados adiciona mais fun\u00e7\u00f5es de gelado suave, porque n\u00e3o h\u00e1 ningu\u00e9m para fazer o servi\u00e7o a toda a hora. baseamo-nos nesta adi\u00e7\u00e3o de mais sensores e usamos software para control\u00e1-la, que \u00e9 de boa qualidade e boa fun\u00e7\u00e3o.<\/span><\/p>\n<p><span style=\"font-family: Helvetica;letter-spacing: 0;font-size: 16px\"><\/span><\/p>\n<div class=\"d-tem01-graphic tem01-graphic mockup\" data-detail=\"wrap\">\n<div class=\"cont-section clearfix d-clearfix\">\n<div class=\"col-md-6 col-sm-6 col-xs-6\">\n<div class=\"right-p\">\n<div class=\"h2 heading\">\n<p style=\"margin-bottom:13px;margin-left:0;text-indent:0\"><span style=\"font-family: Helvetica;letter-spacing: 0;font-weight: bold;font-size: 18px\">1.&nbsp;<\/span><strong><span style=\"font-family: Helvetica;letter-spacing: 0;font-size: 18px\">Tubo de expans\u00e3o<\/span><\/strong><\/p>\n<\/div>\n<p><span style=\"font-size: 16px;letter-spacing: 0px;font-family: Helvetica\">A fun\u00e7\u00e3o do tubo de expans\u00e3o \u00e9 soprar ar para dentro do cilindro e mistur\u00e1-lo com o gelado para aumentar a taxa de expans\u00e3o do gelado, que fica mais macio e delicioso quando o comemos. A taxa de expans\u00e3o do tubo de expans\u00e3o \u00e9 30%-45%, e tem tr\u00eas orif\u00edcios diferentes para os clientes ajustarem a quantidade de entrada de ar, o que \u00e9 conveniente para limpar e simples de operar.<\/span><\/p>\n<p><span style=\"font-family: \u5b8b\u4f53;font-size: 16px;letter-spacing: 0px\"><br \/><\/span><\/p>\n<p><span style=\"font-family: \u5b8b\u4f53;font-size: 16px;letter-spacing: 0px\"><br \/><\/span><\/p>\n<\/div>\n<div class=\"graphic_pic animated wow bounceIn\" data-wow-delay=\".7s\">\n<p style=\"text-align:center\"><img loading=\"lazy\" decoding=\"async\" src=\"https:\/\/www.hommy.com\/wp-content\/uploads\/16004833162473.jpg\" alt=\"produto-Hommy-HM706 m\u00e1quina de gelado soft-img\" title=\"\" width=\"250\" height=\"250\" border=\"0\" vspace=\"0\" style=\"width: 250px;height: 250px\"><\/p>\n<\/div>\n<\/div>\n<div class=\"col-md-6 col-sm-6 col-xs-6\">\n<div class=\"right-p\">\n<div class=\"h2 heading\"><span style=\"font-family: Helvetica;letter-spacing: 0px\">2. Deixar o sensor<\/span><span style=\"font-family: \u5b8b\u4f53;letter-spacing: 0px\">&nbsp;<\/span><\/div>\n<p><span style=\"font-family: Helvetica\"><span style=\"letter-spacing: 0px;font-size: 16px\">Deixar o sensor ter&nbsp;<\/span><span style=\"letter-spacing: 0px;font-size: 16px\">Segunda fase, a primeira fase do alarme de n\u00edvel de material em falta, a segunda fase do encerramento autom\u00e1tico.<\/span><span style=\"letter-spacing: 0px;font-size: 16px\">&nbsp;Quando receber a primeira mensagem, tem algum tempo para adicionar material, n\u00e3o precisa de deixar a m\u00e1quina parar para a trabalhar.<\/span><\/span><\/p>\n<p><span style=\"font-family: \u5b8b\u4f53;letter-spacing: 0px;font-size: 16px\"><br \/><\/span><\/p>\n<p><span style=\"font-family: \u5b8b\u4f53;letter-spacing: 0px;font-size: 16px\"><br \/><\/span><\/p>\n<p><span style=\"font-family: \u5b8b\u4f53;letter-spacing: 0px;font-size: 16px\"><br \/><\/span><\/p>\n<\/div>\n<div class=\"graphic_pic animated wow bounceIn\" data-wow-delay=\".7s\">\n<p style=\"text-align:center\"><img loading=\"lazy\" decoding=\"async\" src=\"https:\/\/www.hommy.com\/wp-content\/uploads\/16004087772397.jpg\" alt=\"produto-Hommy-img\" title=\"\" width=\"250\" height=\"1000\" border=\"0\" vspace=\"0\" style=\"width: 250px;height: 1000px\"><\/p>\n<\/div>\n<\/div>\n<\/div>\n<\/div>\n<div class=\"d-tem01-graphic tem01-graphic mockup\" data-detail=\"wrap\">\n<div class=\"cont-section clearfix d-clearfix\">\n<div class=\"col-md-6 col-sm-6 col-xs-6\">\n<div class=\"right-p\">\n<div class=\"h2 heading\"><span style=\"letter-spacing: 0px\">3.&nbsp;<\/span><span style=\"font-family: Helvetica;letter-spacing: 0px\">Controlador<\/span><\/div>\n<p><span style=\"font-size: 16px;letter-spacing: 0px;font-family: Helvetica\">O painel de controlo mostra claramente as fun\u00e7\u00f5es internas da m\u00e1quina. Ao mesmo tempo, a m\u00e1quina tamb\u00e9m lembra a fun\u00e7\u00e3o de limpeza, adicionando fun\u00e7\u00f5es mais humanizadas, tamb\u00e9m somos bem-vindos a fazer OEM.<\/span><\/p>\n<p><\/p>\n<p><\/p>\n<p><\/p>\n<\/div>\n<div class=\"graphic_pic animated wow bounceIn\" data-wow-delay=\".7s\" style=\"text-align: center\"><img decoding=\"async\" src=\"https:\/\/www.hommy.com\/wp-content\/uploads\/16004090699722.jpg\" alt=\"produto-Hommy-img\" title=\"\" style=\"text-align: center\"><\/div>\n<\/div>\n<div class=\"col-md-6 col-sm-6 col-xs-6\">\n<div class=\"right-p\">\n<div class=\"h2 heading\"><span style=\"letter-spacing: 0px\">4. misturador na tremonha<\/span><\/div>\n<p><span style=\"font-size: 16px;letter-spacing: 0px;font-family: Helvetica\">Misturar uniformemente. O misturador de alta velocidade no funil mant\u00e9m o material fluindo no funil em caso de cobertura. O gelado ficar\u00e1 mais suave depois de misturado completamente com ar.<\/span><\/p>\n<\/div>\n<div class=\"graphic_pic animated wow bounceIn\" data-wow-delay=\".7s\">\n<p style=\"text-align:center\"><\/p>\n<p><\/p>\n<p style=\"text-align:center\"><\/p>\n<p style=\"text-align:center\"><img decoding=\"async\" src=\"https:\/\/www.hommy.com\/wp-content\/uploads\/16004834973089.jpg\" alt=\"produto-HM706 m\u00e1quina de gelado soft-Hommy-img\" title=\"\"><\/p>\n<\/div>\n<\/div>\n<\/div>\n<\/div>\n<div class=\"d-tem01-graphic tem01-graphic mockup\" data-detail=\"wrap\">\n<div class=\"cont-section clearfix d-clearfix\">\n<div class=\"col-md-6 col-sm-6 col-xs-6\">\n<div class=\"right-p\">\n<div class=\"h2 heading\">5. Acess\u00f3rios opcionais de escape<\/div>\n<p><span style=\"font-size: 16px;letter-spacing: 0px;font-family: Helvetica\">Instalar corretamente a m\u00e1quina de gelados. A dist\u00e2ncia entre o orif\u00edcio de exaust\u00e3o atr\u00e1s da m\u00e1quina e a parede \u00e9 de 1 metro para ventila\u00e7\u00e3o, mas, de facto, \u00e9 imposs\u00edvel conseguir esta situa\u00e7\u00e3o no nosso local de armazenamento. A Hommy concebeu uma nova conduta de exaust\u00e3o para o uso di\u00e1rio, a fim de extrair o ar quente. No topo, pode satisfazer mais locais sem ocupar espa\u00e7o.<\/span><\/p>\n<p><span style=\"font-family: \u5b8b\u4f53;font-size: 16px;letter-spacing: 0px\"><br \/><\/span><\/p>\n<p><span style=\"font-family: \u5b8b\u4f53;font-size: 16px;letter-spacing: 0px\">&nbsp;<\/span><\/p>\n<\/div>\n<div class=\"graphic_pic animated wow bounceIn\" data-wow-delay=\".7s\">\n<p style=\"text-align:center\"><img decoding=\"async\" src=\"https:\/\/www.hommy.com\/wp-content\/uploads\/16004092538447.jpg\" style=\"text-align: center\" alt=\"produto-Hommy-img-1\" title=\"\"><\/p>\n<\/div>\n<\/div>\n<div class=\"col-md-6 col-sm-6 col-xs-6\">\n<div class=\"right-p\">\n<div class=\"h2 heading\"><span style=\"letter-spacing: 0px\">6. Reposi\u00e7\u00e3o autom\u00e1tica do manipulador<\/span><\/div>\n<p><span style=\"letter-spacing: 0px;font-size: 16px;font-family: Helvetica\">Instalar quando tirar o gelado que o manipulador ir\u00e1 reiniciar automaticamente que pode ser poupado por deixar cair acidentalmente o gelado no ch\u00e3o.<\/span><\/p>\n<p><span style=\"font-family: \u5b8b\u4f53;letter-spacing: 0px;font-size: 16px\"><br \/><\/span><\/p>\n<p><\/p>\n<p><span style=\"font-family: \u5b8b\u4f53;letter-spacing: 0px;font-size: 16px\"><br \/><\/span><\/p>\n<\/div>\n<div class=\"graphic_pic animated wow bounceIn\" data-wow-delay=\".7s\">\n<p style=\"text-align:center\"><img loading=\"lazy\" decoding=\"async\" src=\"https:\/\/www.hommy.com\/wp-content\/uploads\/16004834208076.jpg\" title=\"\" alt=\"produto-Hommy-img-1\" width=\"350\" height=\"562\" border=\"0\" vspace=\"0\" style=\"width: 350px;height: 562px\"><\/p>\n<\/div>\n<\/div>\n<\/div>\n<\/div>\n<p style=\"text-align: center\"><\/p>\n<p>Documento:<img decoding=\"async\" src=\"https:\/\/www.hommy.com\/wp-content\/uploads\/icon_pdf-36.gif\" style=\"margin-right: 2px\" alt=\"produto-Hommy-HM706 m\u00e1quina de gelado soft-img-1\" title=\"\"><a href=\"https:\/\/img80002414.weyesimg.com\/uploads\/www.hommy.com\/addon\/16027406495634.pdf\" title=\"16027406495634.pdf\" style=\"font-size: 12px\">16027406495634.pdf<\/a><\/p>\n<h2>Quanto tempo \u00e9 que se pode deixar o gelado na m\u00e1quina?<\/h2>\n<p style=\"margin-top: 5px;margin-bottom: 5px\">Esta \u00e9 uma \u00f3ptima pergunta, mas a resposta depender\u00e1 da marca e do modelo da sua m\u00e1quina de gelados. Se utilizar uma m\u00e1quina de gelados que tenha um compartimento de congela\u00e7\u00e3o separado, pode manter a m\u00e1quina no congelador at\u00e9 uma semana. \u00c9 uma boa ideia verificar a consist\u00eancia do gelado depois de 2 dias.<\/p>\n<p style=\"margin-top: 5px;margin-bottom: 5px\"><\/p>\n<h2>Porque \u00e9 que o iogurte gelado n\u00e3o sabe a iogurte?<\/h2>\n<p style=\"margin-top: 5px;margin-bottom: 5px\">O iogurte congelado \u00e9 praticamente o mesmo que o iogurte normal. O iogurte congelado \u00e9 um tipo de iogurte que foi congelado antes de ser servido. Tem a consist\u00eancia de iogurte, mas ainda est\u00e1 congelado. O iogurte congelado \u00e9 delicioso e pode ser consumido sozinho ou em cima de qualquer outra coisa. H\u00e1 muitos tipos diferentes de iogurte congelado dispon\u00edveis, e muitos deles s\u00e3o feitos de diferentes tipos de iogurte. Alguns iogurtes congelados podem ter mais a\u00e7\u00facar adicionado, o que os torna mais doces, e alguns iogurtes congelados t\u00eam ingredientes adicionados que lhes d\u00e3o um sabor diferente.<\/p>\n<p style=\"margin-top: 5px;margin-bottom: 5px\"><\/p>\n<h2>Quais s\u00e3o as desvantagens do iogurte?<\/h2>\n<p style=\"margin-top: 5px;margin-bottom: 5px\">O iogurte tem v\u00e1rias vantagens para a sa\u00fade. Tem um elevado teor de c\u00e1lcio e \u00e9 tamb\u00e9m uma boa fonte de vitaminas. O iogurte \u00e9 tamb\u00e9m uma boa fonte de prote\u00ednas, mas existem tamb\u00e9m algumas desvantagens do iogurte. Algumas pessoas n\u00e3o gostam do sabor do iogurte e este \u00e9 dif\u00edcil de digerir. Al\u00e9m disso, pode n\u00e3o gostar do cheiro do iogurte depois de o comer.<\/p>\n<\/div><\/div>","protected":false},"excerpt":{"rendered":"<p>Soft Serve Ice Cream Machine Soft Serve Ice Cream Machine|Product Features|Table top Soft Serve Freezer, table top Frozen Yogurt Freezer|Product Specification|Product Advantage We have a team of professionals who have years of experience in this field. They work with a team of professionals who are also well-versed in this field.The frozen yogurt Maker we provide [&hellip;]<\/p>\n","protected":false},"featured_media":1944,"comment_status":"open","ping_status":"open","template":"","meta":{"_swt_meta_header_display":false,"_swt_meta_footer_display":false,"_swt_meta_site_title_display":false,"_swt_meta_sticky_header":false,"_swt_meta_transparent_header":false},"product_brand":[],"product_cat":[80,77],"product_tag":[],"class_list":{"0":"post-694","1":"product","2":"type-product","3":"status-publish","4":"has-post-thumbnail","6":"product_cat-frozen-yogurt-machine","7":"product_cat-ice-cream-machine","9":"first","10":"instock","11":"shipping-taxable","12":"product-type-simple"},"_links":{"self":[{"href":"https:\/\/www.hommy.com\/pt\/wp-json\/wp\/v2\/product\/694","targetHints":{"allow":["GET"]}}],"collection":[{"href":"https:\/\/www.hommy.com\/pt\/wp-json\/wp\/v2\/product"}],"about":[{"href":"https:\/\/www.hommy.com\/pt\/wp-json\/wp\/v2\/types\/product"}],"replies":[{"embeddable":true,"href":"https:\/\/www.hommy.com\/pt\/wp-json\/wp\/v2\/comments?post=694"}],"wp:featuredmedia":[{"embeddable":true,"href":"https:\/\/www.hommy.com\/pt\/wp-json\/wp\/v2\/media\/1944"}],"wp:attachment":[{"href":"https:\/\/www.hommy.com\/pt\/wp-json\/wp\/v2\/media?parent=694"}],"wp:term":[{"taxonomy":"product_brand","embeddable":true,"href":"https:\/\/www.hommy.com\/pt\/wp-json\/wp\/v2\/product_brand?post=694"},{"taxonomy":"product_cat","embeddable":true,"href":"https:\/\/www.hommy.com\/pt\/wp-json\/wp\/v2\/product_cat?post=694"},{"taxonomy":"product_tag","embeddable":true,"href":"https:\/\/www.hommy.com\/pt\/wp-json\/wp\/v2\/product_tag?post=694"}],"curies":[{"name":"wp","href":"https:\/\/api.w.org\/{rel}","templated":true}]}}