{"id":684,"date":"2024-07-02T15:24:26","date_gmt":"2024-07-02T15:24:26","guid":{"rendered":"http:\/\/localhost\/hommywp\/hm712-semi-automatic-frozen-yogurt-ice-cream-machine-supplier\/"},"modified":"2025-08-01T09:57:38","modified_gmt":"2025-08-01T09:57:38","slug":"hm712-maquina-de-sorvetes-expresso","status":"publish","type":"product","link":"https:\/\/www.hommy.com\/pt\/p\/hm712-maquina-de-sorvetes-expresso\/","title":{"rendered":"Hm712 M\u00e1quina de Sorvete Expresso Semi-Autom\u00e1tica de Iogurte Fornecedor"},"content":{"rendered":"<div>\n<p style=\"text-align: center\">&nbsp; &nbsp;&nbsp;<\/p>\n<h2 style=\"text-align: center\"><strong><span style=\"font-size: 24px;font-family: arial, helvetica, sans-serif\"><span style=\"font-size: 24px;letter-spacing: 0px\"><a name=\"2 flavour+mix soft ice cream machine\"><\/a>2 sabores+mistura m\u00e1quina de sorvete expresso<\/span><\/span><\/strong><span style=\"font-size: 24px;font-family: arial, helvetica, sans-serif\"><span style=\"font-size: 24px;letter-spacing: 0px\">&nbsp;<\/span><\/span><\/h2>\n<p style=\"text-align: center\"><span style=\"letter-spacing: 0px;font-family: arial, helvetica, sans-serif;font-size: 16px\"><a href=\"#2 flavour+mix soft ice cream machine\" target=\"_self\" data-lv=\"0\" rel=\"noopener\">2 sabores+mistura m\u00e1quina de sorvete expresso<\/a>|<a href=\"#Product Features\" target=\"_self\" data-lv=\"0\" rel=\"noopener\">Carater\u00edsticas do produto<\/a>|<a href=\"#Soft Serve Freezer, Frozen Yogurt Freezer\" target=\"_self\" data-lv=\"0\" rel=\"noopener\">Congelador de refrigerantes, Congelador de iogurte congelado<\/a>|<\/span><a href=\"#Product Specification\" target=\"_self\" data-lv=\"0\" rel=\"noopener\"><span style=\"font-family: arial, helvetica, sans-serif;font-size: 16px\">Especifica\u00e7\u00e3o do produto<\/span><\/a><span style=\"font-family: arial, helvetica, sans-serif;font-size: 16px\">|<\/span><a href=\"#Product Advantage\" target=\"_self\" data-lv=\"0\" rel=\"noopener\"><span style=\"font-family: arial, helvetica, sans-serif;font-size: 16px;letter-spacing: 0px\">Vantagem do produto<\/span><\/a><\/p>\n<p style=\"text-align: center\"><strong><span style=\"font-family: \u5b8b\u4f53;letter-spacing: 0;font-size: 18px\"><br \/><\/span><\/strong><\/p>\n<p style=\"text-align: center\">&nbsp; &nbsp;&nbsp;<\/p>\n<p style=\"text-align: center\">&nbsp; &nbsp;&nbsp;<\/p>\n<h4><strong><span style=\"font-family: \u5b8b\u4f53;letter-spacing: 0;font-size: 18px\"><br \/><\/span><\/strong><\/h4>\n<h4><span style=\"letter-spacing: 0px;font-size: 18px;font-family: Helvetica\">Este iogurte gelado <a style=\"color:blue\" href=\"\/pt\/\">M\u00e1quina de gelados<\/a> \u00e9 feita de material de alta qualidade e concebida de acordo com as normas internacionais de qualidade. A nossa m\u00e1quina oferecida \u00e9 usada em v\u00e1rios restaurantes, hot\u00e9is, lojas de fast food, e outras juntas de alimentos. Esta m\u00e1quina \u00e9 muito popular entre os clientes por causa de suas carater\u00edsticas como trabalho preciso, baixa manuten\u00e7\u00e3o, efici\u00eancia energ\u00e9tica, durabilidade e f\u00e1cil manuten\u00e7\u00e3o. A m\u00e1quina oferecida est\u00e1 dispon\u00edvel em v\u00e1rias especifica\u00e7\u00f5es t\u00e9cnicas de acordo com as necessidades dos clientes.<\/span><\/h4>\n<h2><span style=\"font-family: arial, helvetica, sans-serif;font-size: 24px\"><strong><span style=\"font-family: arial, helvetica, sans-serif;letter-spacing: 0px\">Produto <\/span><\/strong><strong><span style=\"font-family: arial, helvetica, sans-serif;letter-spacing: 0px\">Carater\u00edsticas <\/span><\/strong><\/span><strong><span style=\"font-family: \u5b8b\u4f53;letter-spacing: 0;font-size: 18px\">&nbsp;<\/span><\/strong><\/h2>\n<p style=\"margin-top:0;margin-right:0;margin-bottom:10px;margin-left:0;text-indent:0\"><span style=\"font-family: arial, helvetica, sans-serif\"><span style=\"letter-spacing: 0px;font-size: 16px\">A Hommy tem uma equipa profissional para a conce\u00e7\u00e3o do produto. Existem engenheiros profissionais de refrigera\u00e7\u00e3o, engenheiros de software e engenheiros de estruturas para garantir que a qualidade do produto \u00e9 est\u00e1vel e duradoura. Ao mesmo tempo, o design personalizado \u00e9 adicionado para facilitar o futuro servi\u00e7o p\u00f3s-venda. A m\u00e1quina de sorvete Hommy \u00e9 digna de confian\u00e7a.<\/span><span style=\"letter-spacing: 0px;font-size: 16px\">&nbsp;Se quiser saber mais informa\u00e7\u00f5es sobre <a style=\"color:blue\" href=\"https:\/\/www.hommy.com\/pt\/maquina-de-gelado-soft\/\">m\u00e1quina de gelado soft<\/a> e pre\u00e7o por favor contacte-nos .&nbsp;<\/span><\/span><\/p>\n<p style=\"margin-top:0;margin-right:0;margin-bottom:10px;margin-left:0;text-indent:0\"><span style=\"font-family: \u5b8b\u4f53;letter-spacing: 0;font-size: 16px\"><\/span><\/p>\n<div class=\"d-tem01-graphic tem01-graphic mockup\" data-detail=\"wrap\">\n<div class=\"cont-section clearfix d-clearfix\">\n<div class=\"col-md-6 col-sm-6 col-xs-6\">\n<div class=\"right-p\">\n<div class=\"h2 heading\">\n<p style=\"text-align:center\"><img loading=\"lazy\" decoding=\"async\" src=\"https:\/\/www.hommy.com\/wp-content\/uploads\/16006483664846.jpg\" alt=\"produto-Hommy-img\" style=\"font-size: 14px;width: 450px;height: 542px\" title=\"\" width=\"450\" height=\"542\" border=\"0\" vspace=\"0\"><\/p>\n<p><span style=\"font-size: 14px\">&nbsp; &nbsp; &nbsp; &nbsp; &nbsp; &nbsp; &nbsp;<\/span><\/div>\n<\/div>\n<\/div>\n<div class=\"col-md-6 col-sm-6 col-xs-6\">\n<div class=\"right-p\">\n<div class=\"h2 heading\">\n<h2><span style=\"font-family: arial, helvetica, sans-serif;font-size: 24px\"><strong><span style=\"font-family: arial, helvetica, sans-serif\"><a name=\"Soft Serve Freezer, Frozen Yogurt Freezer\"><\/a>Congelador de refrigerantes, Congelador de iogurte congelado<\/span><\/strong><\/span><\/h2>\n<p><span style=\"font-size: 16px;font-family: arial, helvetica, sans-serif\">Twin Twist, Pr\u00e9-arrefecimento, Misturador, Balc\u00e3o, Ultra-silencioso<\/span><\/p>\n<p><span style=\"font-size: 16px;font-family: arial, helvetica, sans-serif\">Carater\u00edsticas<\/span><\/p>\n<p><span style=\"font-size: 16px;font-family: arial, helvetica, sans-serif\">Oferta de produtos: Oferecer todas as varia\u00e7\u00f5es populares de refrigerantes, desde gelados a iogurtes congelados com baixo teor de gordura ou sem gordura.<\/span><\/p>\n<p><span style=\"font-size: 16px;font-family: arial, helvetica, sans-serif\">Sabor: Servir dois sabores separados e um twist.<\/span><\/p>\n<p><span style=\"font-size: 16px;font-family: arial, helvetica, sans-serif\">Tremonha de mistura: Duas capacidades de 13 litros (13,7 litros, 3,43 gal\u00f5es)<\/span><\/p>\n<p><span style=\"font-size: 16px;font-family: arial, helvetica, sans-serif\">Cilindro de congela\u00e7\u00e3o: Duas capacidades de 1,8 litros (1,63 litros, 0,48 gal\u00f5es)<\/span><\/p>\n<p><span style=\"font-size: 16px;font-family: arial, helvetica, sans-serif\">Controlo por ecr\u00e3 t\u00e1til:<\/span><\/p>\n<p style=\"margin-left:32px\"><span style=\"font-family: Calibri;font-size: 16px\">- O sistema de controlo t\u00e1til por microprocessador est\u00e1 integrado num painel de vidro temperado dur\u00e1vel.<\/span><\/p>\n<p style=\"margin-left:32px\"><span style=\"font-family: Calibri;font-size: 16px\">- As temperaturas nas tremonhas ou nos cilindros de congela\u00e7\u00e3o podem ser visualizadas em qualquer ponto do funcionamento.<\/span><\/p>\n<p style=\"margin-left:32px\"><span style=\"font-family: Calibri;font-size: 16px\">- Fornece o n\u00edvel de viscosidade necess\u00e1rio para as doses.<\/span><\/p>\n<p style=\"margin-left:32px\"><span style=\"font-family: Calibri;font-size: 16px\">- Indicador do n\u00edvel de mistura e alarme. Quando a luz de falta de mistura pisca, a m\u00e1quina desliga-se automaticamente para evitar danos.<\/span><\/p>\n<p><span style=\"font-size: 16px;font-family: arial, helvetica, sans-serif\">Modo de espera: Durante longos per\u00edodos sem utiliza\u00e7\u00e3o, a fun\u00e7\u00e3o de espera mant\u00e9m as temperaturas seguras do produto na tremonha de mistura e no cilindro de congela\u00e7\u00e3o.<\/span><\/p>\n<p><span style=\"font-size: 16px;font-family: arial, helvetica, sans-serif\">Fun\u00e7\u00e3o de prote\u00e7\u00e3o da press\u00e3o do sistema de arrefecimento.<\/span><\/p>\n<p><span style=\"font-family: arial, helvetica, sans-serif\"><span style=\"font-family: Calibri;font-size: 16px\">A constru\u00e7\u00e3o duradoura com cobertura em a\u00e7o inoxid\u00e1vel torna-o moderno e<\/span><span style=\"font-family: \u5b8b\u4f53;font-size: 16px\">&nbsp;<\/span><span style=\"font-family: Calibri;font-size: 16px\">aspeto exterior luxuoso.<\/span><\/span><\/p>\n<p><span style=\"font-size: 16px;font-family: arial, helvetica, sans-serif\">Fun\u00e7\u00f5es: <\/span><\/p>\n<p><span style=\"font-family: Calibri;font-size: 16px\">O sistema de pr\u00e9-arrefecimento mant\u00e9m a mistura abaixo dos 5\u00b0C durante os modos autom\u00e1tico e de espera. A bomba de ar fornece a mistura com uma certa quantidade de ar para os cilindros de congela\u00e7\u00e3o. <\/span><\/p>\n<p><span style=\"font-size: 16px;font-family: arial, helvetica, sans-serif\">O misturador mant\u00e9m a uniformidade da mistura nas tremonhas. *O contador permite ao operador ver o n\u00famero de por\u00e7\u00f5es distribu\u00eddas.<\/span><\/p>\n<p><span style=\"font-size: 16px;font-family: arial, helvetica, sans-serif\">Ru\u00eddo ultra-silencioso de 50-55 decib\u00e9is.<\/span><\/p>\n<\/div>\n<\/div>\n<p>&nbsp; &nbsp; &nbsp; &nbsp; &nbsp; &nbsp;<\/p><\/div>\n<\/div>\n<\/div>\n<h2><span style=\"font-size: 24px;font-family: arial, helvetica, sans-serif\"><strong><span style=\"font-size: 24px;letter-spacing: 0px\"><a name=\"Product Specification\"><\/a>Especifica\u00e7\u00e3o do produto<\/span><\/strong><\/span><strong><span style=\"font-family: \u5b8b\u4f53;letter-spacing: 0;font-size: 18px\"> <\/span><\/strong><\/h2>\n<p><span style=\"letter-spacing: 0px;font-size: 16px;font-family: arial, helvetica, sans-serif\">A Hommy tem mais m\u00e1quinas de gelado soft para voc\u00ea escolher, voc\u00ea pode basear-se na sua necessidade de escolher a m\u00e1quina de gelado que se baseia em diferentes capacidades e fun\u00e7\u00f5es. o nosso sistema de arrefecimento da m\u00e1quina \u00e9 muito forte que pode gelado e iogurte congelado, voc\u00ea s\u00f3 colocar material diferente dentro que ser\u00e1 ok, a m\u00e1quina usa corrente e temperatura para ajustar automaticamente o sistema interno. Quando a experimentares, vais gostar desta m\u00e1quina.&nbsp;<\/span><\/p>\n<p><span style=\"font-family: \u5b8b\u4f53;letter-spacing: 0;font-size: 16px\"><br \/><\/span><\/p>\n<p><span style=\"font-family: \u5b8b\u4f53;letter-spacing: 0;font-size: 16px\"><br \/><\/span><\/p>\n<p style=\"text-align: center\"><span style=\"font-family: \u5b8b\u4f53;letter-spacing: 0;font-size: 16px\"><img decoding=\"async\" src=\"https:\/\/www.hommy.com\/wp-content\/uploads\/16004936024783.png\" alt=\"produto-HM712 m\u00e1quina de gelados quentes-Hommy-img\" title=\"\"><\/span><\/p>\n<p><span style=\"font-family: \u5b8b\u4f53;letter-spacing: 0;font-size: 16px\"><\/span><\/p>\n<p><strong><span style=\"font-family: \u5b8b\u4f53;letter-spacing: 0;font-size: 18px\"><br \/><\/span><\/strong><\/p>\n<p><strong><span style=\"font-family: \u5b8b\u4f53;letter-spacing: 0;font-size: 18px\"><br \/><\/span><\/strong><\/p>\n<h2><span style=\"font-family: arial, helvetica, sans-serif;font-size: 24px\"><strong><span style=\"font-family: arial, helvetica, sans-serif;letter-spacing: 0px\"><a name=\"Product Advantage\"><\/a>Vantagem do produto<\/span><\/strong><\/span><strong><span style=\"font-family: \u5b8b\u4f53;letter-spacing: 0;font-size: 18px\"> &nbsp;&nbsp;&nbsp;&nbsp;&nbsp;&nbsp;<\/span><\/strong><strong><span style=\"font-family: \u5b8b\u4f53;letter-spacing: 0;font-size: 18px\">&nbsp;<\/span><\/strong><\/h2>\n<p><span style=\"font-family: Helvetica;letter-spacing: 0;font-size: 16px\">A Hommy produziu uma m\u00e1quina de gelados durante 20 anos de experi\u00eancia, a m\u00e1quina de venda autom\u00e1tica de gelados adiciona mais fun\u00e7\u00f5es de gelado suave, porque n\u00e3o h\u00e1 ningu\u00e9m para fazer o servi\u00e7o a toda a hora. baseamo-nos nesta adi\u00e7\u00e3o de mais sensores e usamos software para control\u00e1-la, que \u00e9 de boa qualidade e boa fun\u00e7\u00e3o.<\/span><\/p>\n<p><span style=\"font-family: Helvetica;letter-spacing: 0;font-size: 16px\"><\/span><\/p>\n<div class=\"d-tem01-graphic tem01-graphic mockup\" data-detail=\"wrap\">\n<div class=\"cont-section clearfix d-clearfix\">\n<div class=\"col-md-6 col-sm-6 col-xs-6\">\n<div class=\"right-p\">\n<div class=\"h2 heading\">\n<p style=\"margin-bottom:13px;margin-left:0;text-indent:0\"><span style=\"font-family: Helvetica;letter-spacing: 0;font-weight: bold;font-size: 18px\">1.&nbsp;<\/span><strong><span style=\"font-family: Helvetica;letter-spacing: 0;font-size: 18px\">Tubo de expans\u00e3o<\/span><\/strong><\/p>\n<p><span style=\"font-family: \u5b8b\u4f53;font-size: 16px;letter-spacing: 0px\">A fun\u00e7\u00e3o do tubo de expans\u00e3o \u00e9 soprar ar para dentro do cilindro e mistur\u00e1-lo com o gelado para aumentar a taxa de expans\u00e3o do gelado, que fica mais macio e delicioso quando o comemos. A taxa de expans\u00e3o do tubo de expans\u00e3o \u00e9 30%-45%, e tem tr\u00eas orif\u00edcios diferentes para os clientes ajustarem a quantidade de entrada de ar, o que \u00e9 conveniente para limpar e simples de operar.<\/span><\/p>\n<p><span style=\"font-family: \u5b8b\u4f53;font-size: 16px;letter-spacing: 0px\"><br \/><\/span><\/p>\n<p><span style=\"font-family: \u5b8b\u4f53;font-size: 16px;letter-spacing: 0px\"><br \/><\/span><\/p>\n<\/div>\n<\/div>\n<div class=\"graphic_pic animated wow bounceIn\" data-wow-delay=\".7s\">\n<p style=\"text-align:center\"><img loading=\"lazy\" decoding=\"async\" src=\"https:\/\/www.hommy.com\/wp-content\/uploads\/16004952538494.jpg\" alt=\"produto-Hommy-img\" title=\"\" width=\"250\" height=\"467\" border=\"0\" vspace=\"0\" style=\"width: 250px;height: 467px\"><\/p>\n<\/div>\n<\/div>\n<div class=\"col-md-6 col-sm-6 col-xs-6\">\n<div class=\"right-p\">\n<div class=\"h2 heading\">\n<p><span style=\"font-family: Helvetica;letter-spacing: 0;font-size: 22px\">2. Deixar o sensor<\/span><\/p>\n<p><span><span style=\"font-family: \u5b8b\u4f53;letter-spacing: 0px;font-size: 16px\">Deixar o sensor ter&nbsp;<\/span><span style=\"font-family: Calibri;letter-spacing: 0px;font-size: 16px\">Segunda fase, a primeira fase do alarme de n\u00edvel de material em falta, a segunda fase do encerramento autom\u00e1tico.<\/span><span style=\"font-family: \u5b8b\u4f53;letter-spacing: 0px;font-size: 16px\">&nbsp;Quando receber a primeira mensagem, tem algum tempo para adicionar material, n\u00e3o precisa de deixar a m\u00e1quina parar para a trabalhar.<\/span><\/span><\/p>\n<\/div>\n<\/div>\n<p style=\"text-align: center\"><\/p>\n<p><\/p>\n<p><\/p>\n<div class=\"graphic_pic animated wow bounceIn\" data-wow-delay=\".7s\" style=\"text-align: center\"><img loading=\"lazy\" decoding=\"async\" src=\"https:\/\/www.hommy.com\/wp-content\/uploads\/16004952155205.jpg\" alt=\"produto-Hommy-img\" title=\"\" width=\"300\" height=\"250\" border=\"0\" vspace=\"0\" style=\"width: 300px;height: 250px\"><br \/>\n &nbsp; &nbsp; &nbsp; &nbsp; &nbsp; &nbsp;<\/div>\n<\/div>\n<\/div>\n<\/div>\n<div class=\"d-tem01-graphic tem01-graphic mockup\" data-detail=\"wrap\">\n<div class=\"cont-section clearfix d-clearfix\">\n<div class=\"col-md-6 col-sm-6 col-xs-6\">\n<div class=\"right-p\">\n<div class=\"h2 heading\">\n<p><span style=\"font-family: Helvetica;letter-spacing: 0;font-size: 22px\">3. Controlador<\/span><\/p>\n<\/div>\n<p><span style=\"font-family: \u5b8b\u4f53;font-size: 16px;letter-spacing: 0px\">O painel de controlo mostra claramente as fun\u00e7\u00f5es internas da m\u00e1quina. Ao mesmo tempo, a m\u00e1quina tamb\u00e9m lembra a fun\u00e7\u00e3o de limpeza, adicionando fun\u00e7\u00f5es mais humanizadas, tamb\u00e9m somos bem-vindos a fazer OEM.<\/span><\/p>\n<p><span style=\"font-family: \u5b8b\u4f53;font-size: 16px;letter-spacing: 0px\"><br \/><\/span><\/p>\n<p><span style=\"font-family: \u5b8b\u4f53;font-size: 16px;letter-spacing: 0px\"><br \/><\/span><\/p>\n<p><span style=\"font-family: \u5b8b\u4f53;font-size: 16px;letter-spacing: 0px\"><br \/><\/span><\/p>\n<\/div>\n<div class=\"graphic_pic animated wow bounceIn\" data-wow-delay=\".7s\">\n<p style=\"text-align:center\"><img loading=\"lazy\" decoding=\"async\" src=\"https:\/\/www.hommy.com\/wp-content\/uploads\/16004951735270.jpg\" alt=\"produto-Hommy-HM712 m\u00e1quina de gelados soft serve-img\" title=\"\" width=\"350\" height=\"214\" border=\"0\" vspace=\"0\" style=\"width: 350px;height: 214px\"><\/p>\n<\/div>\n<\/div>\n<div class=\"col-md-6 col-sm-6 col-xs-6\">\n<div class=\"right-p\">\n<div class=\"h2 heading\"><span style=\"letter-spacing: 0px\">4. Misturador na tremonha<\/span><\/div>\n<div class=\"description\">\n<p><span style=\"font-family: \u5b8b\u4f53;letter-spacing: 0;font-size: 16px\">Misturar uniformemente. O misturador de alta velocidade no funil mant\u00e9m o material fluindo no funil em caso de cobertura. O gelado ficar\u00e1 mais suave depois de misturado completamente com ar.&nbsp;&nbsp;<\/span><\/p>\n<\/div>\n<\/div>\n<p style=\"text-align:center\"><\/p>\n<p><\/p>\n<p><\/p>\n<p style=\"text-align:center\"><img loading=\"lazy\" decoding=\"async\" src=\"https:\/\/www.hommy.com\/wp-content\/uploads\/16004951354709.jpg\" alt=\"produto-Hommy-img\" title=\"\" width=\"300\" height=\"250\" border=\"0\" vspace=\"0\" style=\"width: 300px;height: 250px\"><\/p>\n<p>&nbsp; &nbsp; &nbsp; &nbsp; &nbsp; &nbsp;<\/p>\n<\/div>\n<\/div>\n<\/div>\n<div class=\"d-tem01-graphic tem01-graphic mockup\" data-detail=\"wrap\">\n<div class=\"cont-section clearfix d-clearfix\">\n<div class=\"col-md-6 col-sm-6 col-xs-6\">\n<div class=\"right-p\">\n<div class=\"h2 heading\">5. Acess\u00f3rios opcionais de escape&nbsp;<\/div>\n<p><span style=\"font-family: \u5b8b\u4f53;font-size: 16px;letter-spacing: 0px\">Instalar corretamente a m\u00e1quina de gelados. A dist\u00e2ncia entre o orif\u00edcio de exaust\u00e3o atr\u00e1s da m\u00e1quina e a parede \u00e9 de 1 metro para ventila\u00e7\u00e3o, mas, de facto, \u00e9 imposs\u00edvel conseguir esta situa\u00e7\u00e3o no nosso local de armazenamento. A Hommy concebeu uma nova conduta de exaust\u00e3o para o uso di\u00e1rio, a fim de extrair o ar quente. No topo, pode satisfazer mais locais sem ocupar espa\u00e7o.<\/span><\/p>\n<p><span style=\"font-family: \u5b8b\u4f53;font-size: 16px;letter-spacing: 0px\"><br \/><\/span><\/p>\n<p><span style=\"font-family: \u5b8b\u4f53;font-size: 16px;letter-spacing: 0px\"><br \/><\/span><\/p>\n<\/div>\n<div class=\"graphic_pic animated wow bounceIn\" data-wow-delay=\".7s\">\n<p style=\"text-align:center\"><img loading=\"lazy\" decoding=\"async\" src=\"https:\/\/www.hommy.com\/wp-content\/uploads\/16004951077504.jpg\" alt=\"produto-Hommy-img-1\" title=\"\" width=\"300\" height=\"250\" border=\"0\" vspace=\"0\" style=\"width: 300px;height: 250px\"><\/p>\n<\/div>\n<\/div>\n<div class=\"col-md-6 col-sm-6 col-xs-6\">\n<div class=\"right-p\">\n<div class=\"h2 heading\">6. Reposi\u00e7\u00e3o autom\u00e1tica do manipulador<\/div>\n<div class=\"description\">\n<p style=\"margin-top: 0;margin-right: 0;margin-bottom: 15px\"><span style=\"font-family: \u5b8b\u4f53;letter-spacing: 0;font-size: 16px\">Instalar <\/span><span style=\"font-family: \u5b8b\u4f53;letter-spacing: 0;font-size: 16px\">quando se retira o gelado, o manipulador \u00e9 reposto automaticamente, o que pode ser evitado se o gelado cair acidentalmente no ch\u00e3o.&nbsp;<\/span><\/p>\n<p style=\"margin-top: 0;margin-right: 0;margin-bottom: 15px\"><span style=\"font-family: \u5b8b\u4f53;letter-spacing: 0;font-size: 16px\"><br \/><\/span><\/p>\n<p style=\"margin-top: 0;margin-right: 0;margin-bottom: 15px\"><span style=\"font-family: \u5b8b\u4f53;letter-spacing: 0;font-size: 16px\"><br \/><\/span><\/p>\n<\/div>\n<\/div>\n<div class=\"graphic_pic animated wow bounceIn\" data-wow-delay=\".7s\">\n<p style=\"text-align:center\"><img loading=\"lazy\" decoding=\"async\" src=\"https:\/\/www.hommy.com\/wp-content\/uploads\/16004950696472.jpg\" alt=\"produto-HM712 m\u00e1quina de gelados quentes-Hommy-img-1\" title=\"\" width=\"350\" height=\"562\" border=\"0\" vspace=\"0\" style=\"width: 350px;height: 562px\"><\/p>\n<\/div>\n<\/div>\n<\/div>\n<\/div>\n<p><span style=\"font-family: \u5b8b\u4f53;letter-spacing: 0;font-size: 16px\"><br \/><\/span><\/p>\n<p><\/p>\n<p>Documento:<img decoding=\"async\" src=\"https:\/\/www.hommy.com\/wp-content\/uploads\/icon_pdf-35.gif\" style=\"margin-right: 2px\" alt=\"produto-Hommy-img-1\" title=\"\"><a href=\"https:\/\/img80002414.weyesimg.com\/uploads\/www.hommy.com\/addon\/16027303521680.pdf\" title=\"16027303521680.pdf\" style=\"font-size: 12px\">16027303521680.pdf<\/a><\/p>\n<h2 style=\"font-family: sans-serif\">Qual \u00e9 o melhor leite para utilizar no fabrico de iogurte?&nbsp;<\/h2>\n<p style=\"margin-top: 5px;margin-bottom: 5px;font-family: sans-serif;font-size: 16px\">O melhor leite para iogurte \u00e9 o leite gordo homogeneizado ou leite homogeneizado. O melhor leite para o iogurte deve ser homogeneizado ou homogeneizado para garantir que o leite n\u00e3o \u00e9 demasiado grumoso ou demasiado espesso. Isto \u00e9 importante para a melhor textura do iogurte.<\/p>\n<p style=\"margin-top: 5px;margin-bottom: 5px;font-family: sans-serif;font-size: 16px\"><\/p>\n<h2 style=\"font-family: sans-serif\">O que \u00e9 um profissional <a style=\"color:blue\" href=\"\/pt\/\">m\u00e1quina de gelados<\/a> chamado?<\/h2>\n<p style=\"margin-top: 5px;margin-bottom: 5px;font-family: sans-serif;font-size: 16px\">Um fabricante de gelado profissional \u00e9 chamado de \"artes\u00e3o\" ou \"art\u00edfice\". A maioria dos fabricantes de gelados profissionais s\u00e3o dos Estados Unidos, embora tamb\u00e9m tenhamos encontrado fabricantes de gelados da China, Astralia, \u00c1ustria, Fran\u00e7a, Reino Unido, Canad\u00e1, Holanda e Su\u00ed\u00e7a.<\/p>\n<p style=\"margin-top: 5px;margin-bottom: 5px;font-family: sans-serif;font-size: 16px\"><\/p>\n<h2 style=\"font-family: sans-serif\">O iogurte gelado \u00e9 bom para perder peso?<\/h2>\n<p style=\"margin-top: 5px;margin-bottom: 5px;font-family: sans-serif;font-size: 16px\">O iogurte gelado \u00e9 bom para a perda de peso porque tem menos gordura do que outras sobremesas. Tamb\u00e9m \u00e9 rico em prote\u00ednas. O iogurte congelado \u00e9 uma guloseima conveniente porque pode ser consumido numa \u00fanica por\u00e7\u00e3o.<\/p>\n<\/div><\/div>","protected":false},"excerpt":{"rendered":"<p>&nbsp; &nbsp;&nbsp; 2 flavour+mix soft ice cream machine&nbsp; 2 flavour+mix soft ice cream machine|Product Features|Soft Serve Freezer, Frozen Yogurt Freezer|Product Specification|Product Advantage &nbsp; &nbsp;&nbsp; &nbsp; &nbsp;&nbsp; This Frozen yogurt Ice Cream Machine is made from high grade material and designed as per international quality standards. Our offered machine is used in various restaurants, hotels, fast [&hellip;]<\/p>\n","protected":false},"featured_media":675,"comment_status":"open","ping_status":"open","template":"","meta":{"_swt_meta_header_display":false,"_swt_meta_footer_display":false,"_swt_meta_site_title_display":false,"_swt_meta_sticky_header":false,"_swt_meta_transparent_header":false},"product_brand":[],"product_cat":[80,77],"product_tag":[],"class_list":{"0":"post-684","1":"product","2":"type-product","3":"status-publish","4":"has-post-thumbnail","6":"product_cat-frozen-yogurt-machine","7":"product_cat-ice-cream-machine","9":"first","10":"instock","11":"shipping-taxable","12":"product-type-simple"},"_links":{"self":[{"href":"https:\/\/www.hommy.com\/pt\/wp-json\/wp\/v2\/product\/684","targetHints":{"allow":["GET"]}}],"collection":[{"href":"https:\/\/www.hommy.com\/pt\/wp-json\/wp\/v2\/product"}],"about":[{"href":"https:\/\/www.hommy.com\/pt\/wp-json\/wp\/v2\/types\/product"}],"replies":[{"embeddable":true,"href":"https:\/\/www.hommy.com\/pt\/wp-json\/wp\/v2\/comments?post=684"}],"wp:featuredmedia":[{"embeddable":true,"href":"https:\/\/www.hommy.com\/pt\/wp-json\/wp\/v2\/media\/675"}],"wp:attachment":[{"href":"https:\/\/www.hommy.com\/pt\/wp-json\/wp\/v2\/media?parent=684"}],"wp:term":[{"taxonomy":"product_brand","embeddable":true,"href":"https:\/\/www.hommy.com\/pt\/wp-json\/wp\/v2\/product_brand?post=684"},{"taxonomy":"product_cat","embeddable":true,"href":"https:\/\/www.hommy.com\/pt\/wp-json\/wp\/v2\/product_cat?post=684"},{"taxonomy":"product_tag","embeddable":true,"href":"https:\/\/www.hommy.com\/pt\/wp-json\/wp\/v2\/product_tag?post=684"}],"curies":[{"name":"wp","href":"https:\/\/api.w.org\/{rel}","templated":true}]}}