{"id":674,"date":"2024-07-02T15:24:21","date_gmt":"2024-07-02T15:24:21","guid":{"rendered":"http:\/\/localhost\/hommywp\/hm716-commercial-auto-frozen-yogurt-machine-manufacturer-cost\/"},"modified":"2025-08-01T09:57:38","modified_gmt":"2025-08-01T09:57:38","slug":"hm716-maquina-de-gelado-comercial","status":"publish","type":"product","link":"https:\/\/www.hommy.com\/pt\/p\/hm716-maquina-de-gelado-comercial\/","title":{"rendered":"Hm716 M\u00e1quina de iogurte congelado autom\u00e1tica comercial Custo do fabricante"},"content":{"rendered":"<div>\n<p>&nbsp;&nbsp;&nbsp;&nbsp;<\/p>\n<h2 style=\"text-align: center\"><span style=\"font-size: 24px;font-family: arial, helvetica, sans-serif\"><strong><span style=\"font-size: 24px;letter-spacing: 0px\"><a name=\"2 flavour+mix soft ice cream machine\"><\/a>2 sabores+mistura m\u00e1quina de sorvete expresso<\/span><\/strong><\/span><\/h2>\n<p style=\"text-align: center\"><a href=\"#2 flavour+mix soft ice cream machine\" target=\"_self\" data-lv=\"0\" rel=\"noopener\"><span style=\"font-family: arial, helvetica, sans-serif;font-size: 16px\"><span style=\"font-family: arial, helvetica, sans-serif;letter-spacing: 0px\">2 sabores+mistura m\u00e1quina de sorvete expresso<\/span><\/span><\/a><span style=\"font-family: arial, helvetica, sans-serif;font-size: 16px\"><span style=\"font-family: arial, helvetica, sans-serif;letter-spacing: 0px\">|<a href=\"#Product Features\" target=\"_self\" data-lv=\"0\" rel=\"noopener\">Carater\u00edsticas do produto<\/a>|<a href=\"#Soft Serve Freezer, Frozen Yogurt Freezer\" target=\"_self\" data-lv=\"0\" rel=\"noopener\">Congelador de refrigerantes, Congelador de iogurte congelado<\/a>|<a href=\"#Product Specification\" target=\"_self\" data-lv=\"0\" rel=\"noopener\">Especifica\u00e7\u00e3o do produto<\/a>|<a href=\"#Product Advantage\" target=\"_self\" data-lv=\"0\" rel=\"noopener\">Vantagem do produto<\/a><\/span><\/span><\/p>\n<p><\/p>\n<p style=\"text-align: center\">\n<p style=\"text-align: center\">&nbsp;&nbsp;&nbsp;&nbsp;<\/p>\n<h4><strong><span style=\"font-family: \u5b8b\u4f53;letter-spacing: 0;font-size: 18px\"><\/span><\/strong><\/h4>\n<p>Um comercial <a style=\"color:blue\" href=\"https:\/\/www.hommy.com\/pt\/maquina-de-iogurte-gelado\/\">m\u00e1quina de iogurte gelado<\/a> \u00e9 uma m\u00e1quina utilizada para fazer iogurte congelado. O iogurte gelado \u00e9 uma sobremesa congelada feita de iogurte, leite e outros ingredientes. \u00c9 normalmente confeccionado numa m\u00e1quina de servir refrigerantes, que congela o iogurte e o distribui num copo.<\/p>\n<p>Se est\u00e1 \u00e0 procura de uma m\u00e1quina comercial de iogurte congelado, ent\u00e3o veio ao s\u00edtio certo. A nossa f\u00e1brica \u00e9 especializada na venda destas m\u00e1quinas e estamos confiantes de que temos a m\u00e1quina perfeita para si. Temos uma grande variedade de m\u00e1quinas \u00e0 escolha, pelo que encontrar\u00e1 certamente a perfeita para as suas necessidades. Oferecemos tamb\u00e9m uma garantia de satisfa\u00e7\u00e3o 100% em todos os nossos produtos, para que possa ter a certeza de que est\u00e1 a fazer um investimento sensato. Estamos confiantes de que temos a m\u00e1quina perfeita para o seu neg\u00f3cio, por isso, consulte a nossa sele\u00e7\u00e3o e informe-nos se tiver alguma d\u00favida. Obrigado por nos considerar como a sua fonte de refer\u00eancia para m\u00e1quinas comerciais de iogurte congelado.<\/p>\n<h4><strong><span style=\"font-family: \u5b8b\u4f53;letter-spacing: 0;font-size: 18px\"><br \/><\/span><\/strong><br \/><\/h4>\n<h2><span style=\"font-family: arial, helvetica, sans-serif;font-size: 24px\"><strong><span style=\"font-family: arial, helvetica, sans-serif;letter-spacing: 0px\"><a name=\"Product Features\"><\/a>Produto <\/span><\/strong><strong><span style=\"font-family: arial, helvetica, sans-serif;letter-spacing: 0px\">Carater\u00edsticas<\/span><\/strong><\/span><strong><span style=\"font-family: \u5b8b\u4f53;letter-spacing: 0;font-size: 18px\"> <\/span><\/strong><strong><span style=\"font-family: \u5b8b\u4f53;letter-spacing: 0;font-size: 18px\">&nbsp;<\/span><\/strong><\/h2>\n<p style=\"margin-top:0;margin-right:0;margin-bottom:10px;margin-left:0;text-indent:0\"><span style=\"font-family: Helvetica;letter-spacing: 0;font-size: 16px\"><\/span><\/p>\n<p><span style=\"font-family: Helvetica;letter-spacing: 0;font-size: 16px\">Hommy tem mais <a style=\"color:blue\" href=\"https:\/\/www.hommy.com\/pt\/maquina-de-gelado-soft\/\">m\u00e1quina de gelado soft<\/a> A m\u00e1quina de gelados pode ser escolhida de acordo com as necessidades do utilizador. <\/span><span style=\"font-family: Helvetica;letter-spacing: 0;font-size: 16px\">que se baseiam em diferentes capacidades e fun\u00e7\u00f5es. o nosso sistema de arrefecimento da m\u00e1quina \u00e9 muito forte que pode gelado e iogurte congelado, voc\u00ea s\u00f3 colocar material diferente dentro que vai ser ok, O <a style=\"color:blue\" href=\"https:\/\/www.hommy.com\/pt\/maquina-de-gelados\/\">m\u00e1quina de servir refrigerantes<\/a> utiliza a corrente e a temperatura para ajustar automaticamente o sistema interno. <\/span><span style=\"font-family: Helvetica;letter-spacing: 0;font-size: 16px\">W<\/span><span style=\"font-family: Helvetica;letter-spacing: 0;font-size: 16px\">Quando a experimentarem, v\u00e3o gostar desta m\u00e1quina.&nbsp;<\/span><\/p>\n<p><span style=\"font-family: Helvetica;letter-spacing: 0;font-size: 16px\"><\/span><\/p>\n<div class=\"d-tem01-graphic tem01-graphic mockup\" data-detail=\"wrap\">\n<div class=\"cont-section clearfix d-clearfix\">\n<div class=\"col-md-6 col-sm-6 col-xs-6\"><\/p>\n<div class=\"graphic_pic animated wow bounceIn\" data-wow-delay=\".7s\"><img decoding=\"async\" src=\"https:\/\/www.hommy.com\/wp-content\/uploads\/16004108937389.jpg\" alt=\"produto-Hommy-HM716 m\u00e1quina de gelado comercial-img\" title=\"\"><br \/>\n &nbsp; &nbsp; &nbsp; &nbsp; &nbsp; &nbsp;<\/div>\n<\/div>\n<div class=\"col-md-6 col-sm-6 col-xs-6\">\n<div class=\"right-p\">\n<div class=\"h2 heading\"><span style=\"font-family: \u5b8b\u4f53;letter-spacing: 0px;font-size: 16px\"><\/span><\/p>\n<h2 style=\", Helvetica, Arial, sans-serif\"><span style=\"font-family: arial, helvetica, sans-serif;font-size: 24px\"><strong><a name=\"Soft Serve Freezer, Frozen Yogurt Freezer\"><\/a>Congelador de refrigerantes, Congelador de iogurte congelado<\/strong><\/span><\/h2>\n<p><span style=\"font-family:Calibri;font-size:16px\">Twin Twist, Pr\u00e9-arrefecimento, Misturador, Balc\u00e3o, Ultra-silencioso<\/span><\/p>\n<p><span style=\"font-family:\u5b8b\u4f53;font-size:16px\">Carater\u00edsticas<\/span><\/p>\n<p><span style=\"font-family:Calibri;font-size:16px\">Oferta de produtos: Oferecer todas as varia\u00e7\u00f5es populares de refrigerantes, desde gelados a iogurtes congelados com baixo teor de gordura ou sem gordura.<\/span><\/p>\n<p><span style=\"font-family:Calibri;font-size:16px\">Sabor: Servir dois sabores separados e um twist.<\/span><\/p>\n<p><span style=\"font-family:Calibri;font-size:16px\">Tremonha de mistura: Duas capacidades de 13 litros (13,7 litros, 3,43 gal\u00f5es)<\/span><\/p>\n<p><span style=\"font-family:Calibri;font-size:16px\">Cilindro de congela\u00e7\u00e3o: Duas capacidades de 1,8 litros (1,63 litros, 0,48 gal\u00f5es)<\/span><\/p>\n<p><span style=\"font-family:Calibri;font-size:16px\">Controlo por ecr\u00e3 t\u00e1til:<\/span><\/p>\n<p style=\"margin-left:32px\"><span style=\"font-family:Calibri;font-size:16px\">-&nbsp;<\/span><span style=\"font-family:Calibri;font-size:16px\">O sistema de controlo t\u00e1til por microprocessador est\u00e1 integrado num painel de vidro temperado dur\u00e1vel.<\/span><\/p>\n<p style=\"margin-left:32px\"><span style=\"font-family:Calibri;font-size:16px\">-&nbsp;<\/span><span style=\"font-family:Calibri;font-size:16px\">As temperaturas nas tremonhas ou nos cilindros de congela\u00e7\u00e3o podem ser visualizadas em qualquer ponto do funcionamento.<\/span><\/p>\n<p style=\"margin-left:32px\"><span style=\"font-family:Calibri;font-size:16px\">-&nbsp;<\/span><span style=\"font-family:Calibri;font-size:16px\">Fornece o n\u00edvel de viscosidade necess\u00e1rio para as doses.<\/span><\/p>\n<p style=\"margin-left:32px\"><span style=\"font-family:Calibri;font-size:16px\">-&nbsp;<\/span><span style=\"font-family:Calibri;font-size:16px\">Indicador do n\u00edvel de mistura e alarme. Quando a luz de falta de mistura pisca, a m\u00e1quina desliga-se automaticamente para evitar danos.<\/span><\/p>\n<p><span style=\"font-family:Calibri;font-size:16px\">Modo de espera: Durante longos per\u00edodos sem utiliza\u00e7\u00e3o, a fun\u00e7\u00e3o de espera mant\u00e9m as temperaturas seguras do produto na tremonha de mistura e no cilindro de congela\u00e7\u00e3o.<\/span><\/p>\n<p><span style=\"font-family:Calibri;font-size:16px\">Fun\u00e7\u00e3o de prote\u00e7\u00e3o da press\u00e3o do sistema de arrefecimento.<\/span><\/p>\n<p><span style=\"font-family:Calibri;font-size:16px\">A constru\u00e7\u00e3o duradoura com cobertura em a\u00e7o inoxid\u00e1vel torna-o moderno e<\/span><span style=\"font-family:\u5b8b\u4f53;font-size:16px\">&nbsp;<\/span><span style=\"font-family:Calibri;font-size:16px\">aspeto exterior luxuoso.<\/span><\/p>\n<p><span style=\"font-family:Calibri;font-size:16px\">Fun\u00e7\u00f5es: <\/span><\/p>\n<p><span style=\"font-family: Calibri;font-size: 16px\">O sistema de pr\u00e9-arrefecimento mant\u00e9m a mistura abaixo dos 5\u00b0C durante os modos autom\u00e1tico e de espera. A bomba de ar fornece a mistura com uma certa quantidade de ar <\/span><span style=\"font-family:Calibri;font-size:16px\">para os cilindros de congela\u00e7\u00e3o. <\/span><\/p>\n<p><span style=\"font-family:Calibri;font-size:16px\">O misturador mant\u00e9m a uniformidade da mistura nas tremonhas. *O contador permite ao operador ver o n\u00famero de por\u00e7\u00f5es distribu\u00eddas.<\/span><\/p>\n<p><span style=\"font-family:Calibri;font-size:16px\">Ru\u00eddo ultra-silencioso de 50-55 decib\u00e9is.<\/span><span style=\"font-size: 14px;font-family: inherit\">&nbsp; &nbsp; &nbsp; &nbsp;<\/span><\/p>\n<\/div>\n<\/div>\n<\/div>\n<\/div>\n<\/div>\n<p><span style=\"font-family: Helvetica;letter-spacing: 0;font-size: 16px\"><\/span><\/p>\n<h2><span style=\"font-family: arial, helvetica, sans-serif;font-size: 24px\"><strong><span style=\"font-family: arial, helvetica, sans-serif;letter-spacing: 0px\"><a name=\"Product Specification\"><\/a>Especifica\u00e7\u00e3o do produto<\/span><\/strong><\/span><strong><span style=\"font-family: \u5b8b\u4f53;letter-spacing: 0;font-size: 18px\"> <\/span><\/strong><\/h2>\n<p><span style=\"font-family: Helvetica;letter-spacing: 0;font-size: 16px\">Hommy tem mais suavidade <a style=\"color:blue\" href=\"\/pt\/\">m\u00e1quina de gelados<\/a> A m\u00e1quina de gelados pode ser escolhida de acordo com as necessidades do utilizador. <\/span><span style=\"font-family: Helvetica;letter-spacing: 0;font-size: 16px\">O sistema de arrefecimento da nossa m\u00e1quina \u00e9 muito potente, permitindo a produ\u00e7\u00e3o de gelados e iogurtes congelados. A m\u00e1quina de servir refrigerantes utiliza a corrente e a temperatura para ajustar automaticamente o sistema interno. <\/span><span style=\"font-family: Helvetica;letter-spacing: 0;font-size: 16px\">W<\/span><span style=\"font-family: Helvetica;letter-spacing: 0;font-size: 16px\">Quando a experimentarem, v\u00e3o gostar desta m\u00e1quina.&nbsp;<\/span><\/p>\n<p><span style=\"font-family: Helvetica;letter-spacing: 0;font-size: 16px\"><br \/><\/span><\/p>\n<p style=\"text-align:center\"><img decoding=\"async\" src=\"https:\/\/www.hommy.com\/wp-content\/uploads\/16004104919672.png\" alt=\"produto-Hommy-img\" title=\"\"><\/p>\n<p><strong><span style=\"font-family: \u5b8b\u4f53;letter-spacing: 0;font-size: 18px\"><br \/><\/span><\/strong><\/p>\n<h2><span style=\"font-family: arial, helvetica, sans-serif;font-size: 24px\"><strong><span style=\"font-family: arial, helvetica, sans-serif;letter-spacing: 0px\"><a name=\"Product Advantage\"><\/a>Vantagem do produto<\/span><\/strong><\/span><strong><span style=\"font-family: \u5b8b\u4f53;letter-spacing: 0;font-size: 18px\"> &nbsp;&nbsp;&nbsp;&nbsp;&nbsp;&nbsp;<\/span><\/strong><\/h2>\n<p><span style=\"font-family: Helvetica;letter-spacing: 0;font-size: 16px\">A Hommy produziu uma m\u00e1quina de gelados durante 20 anos de experi\u00eancia, a m\u00e1quina de venda autom\u00e1tica de gelados adiciona mais fun\u00e7\u00f5es de gelado suave, porque n\u00e3o h\u00e1 ningu\u00e9m para fazer o servi\u00e7o a toda a hora. baseamo-nos nesta adi\u00e7\u00e3o de mais sensores e usamos software para control\u00e1-la, que \u00e9 de boa qualidade e boa fun\u00e7\u00e3o.<\/span><\/p>\n<p><span style=\"font-family: Helvetica;letter-spacing: 0;font-size: 16px\"><\/span><\/p>\n<div class=\"d-tem01-graphic tem01-graphic mockup\" data-detail=\"wrap\">\n<div class=\"cont-section clearfix d-clearfix\">\n<div class=\"col-md-6 col-sm-6 col-xs-6\">\n<div class=\"right-p\">\n<div class=\"h2 heading\">\n<div class=\"h2 heading\" style=\", Helvetica, Arial, sans-serif;margin: 0px 0px 15px;font-size: 22px\"><span style=\"font-family: Helvetica;letter-spacing: 0px;font-weight: bold;font-size: 18px\">1.&nbsp;<\/span><strong style=\"font-family: inherit\"><span style=\"font-family: Helvetica;letter-spacing: 0px;font-size: 18px\">Tubo de expans\u00e3o<\/span><\/strong><\/div>\n<div class=\"description\" style=\"line-height: 24.5px;padding-top: 10px\"><span style=\"font-family: \u5b8b\u4f53;font-size: 16px;letter-spacing: 0px\">A fun\u00e7\u00e3o do tubo de expans\u00e3o \u00e9 soprar ar para dentro do cilindro e mistur\u00e1-lo com o gelado para aumentar a taxa de expans\u00e3o do gelado, que fica mais macio e delicioso quando o comemos. A taxa de expans\u00e3o do tubo de expans\u00e3o \u00e9 30%-45%, e tem tr\u00eas orif\u00edcios diferentes para os clientes ajustarem a quantidade de entrada de ar, o que \u00e9 conveniente para limpar e simples de operar.<\/span><\/div>\n<\/div>\n<\/div>\n<div class=\"graphic_pic animated wow bounceIn\" data-wow-delay=\".7s\">\n<p style=\"text-align:center\"><img loading=\"lazy\" decoding=\"async\" src=\"https:\/\/www.hommy.com\/wp-content\/uploads\/16004115364443.jpg\" alt=\"produto-HM716 m\u00e1quina de gelado comercial-Hommy-img\" title=\"\" width=\"300\" height=\"438\" border=\"0\" vspace=\"0\" style=\"width: 300px;height: 438px\"><\/p>\n<\/div>\n<\/div>\n<div class=\"col-md-6 col-sm-6 col-xs-6\">\n<div class=\"right-p\">\n<div class=\"h2 heading\">\n<div class=\"h2 heading\" style=\", Helvetica, Arial, sans-serif;margin: 0px 0px 15px;font-size: 22px\">2.&nbsp;<span style=\"font-family: Helvetica;letter-spacing: 0px\">Deixar o sensor<\/span><\/div>\n<p style=\"line-height: 24.5px;padding-top: 10px\"><span style=\"font-family: \u5b8b\u4f53;letter-spacing: 0px;font-size: 16px\">Deixar o sensor ter&nbsp;<\/span><span style=\"font-family: Calibri;letter-spacing: 0px;font-size: 16px\">Segunda fase, a primeira fase do alarme de n\u00edvel de material em falta, a segunda fase do encerramento autom\u00e1tico.<\/span><span style=\"font-family: \u5b8b\u4f53;letter-spacing: 0px;font-size: 16px\">&nbsp;Quando receber a primeira mensagem, tem algum tempo para adicionar material, n\u00e3o precisa de deixar a m\u00e1quina parar para a trabalhar.<\/span><\/p>\n<p style=\"line-height: 24.5px;padding-top: 10px\"><span style=\"font-family: \u5b8b\u4f53;letter-spacing: 0px;font-size: 16px\"><br \/><\/span><\/p>\n<\/div>\n<\/div>\n<div class=\"graphic_pic animated wow bounceIn\" data-wow-delay=\".7s\">\n<p style=\"text-align:center\"><img loading=\"lazy\" decoding=\"async\" src=\"https:\/\/www.hommy.com\/wp-content\/uploads\/16004115082069.jpg\" alt=\"produto-Hommy-img\" title=\"\" width=\"300\" height=\"438\" border=\"0\" vspace=\"0\" style=\"width: 300px;height: 438px\"><\/p>\n<\/div>\n<\/div>\n<\/div>\n<\/div>\n<div class=\"d-tem01-graphic tem01-graphic mockup\" data-detail=\"wrap\">\n<div class=\"cont-section clearfix d-clearfix\">\n<div class=\"col-md-6 col-sm-6 col-xs-6\">\n<div class=\"right-p\">\n<div class=\"h2 heading\">\n<p><span style=\"font-family: Helvetica;letter-spacing: 0;font-size: 22px\">3.Controlador<\/span><\/p>\n<\/div>\n<p><span style=\"font-family: \u5b8b\u4f53;font-size: 16px;letter-spacing: 0px\">O painel de controlo mostra claramente as fun\u00e7\u00f5es internas da m\u00e1quina. Ao mesmo tempo, a m\u00e1quina tamb\u00e9m lembra a fun\u00e7\u00e3o de limpeza, adicionando fun\u00e7\u00f5es mais humanizadas, tamb\u00e9m somos bem-vindos a fazer OEM.<\/span><\/p>\n<p><span style=\"font-family: \u5b8b\u4f53;font-size: 16px;letter-spacing: 0px\"><br \/><\/span><\/p>\n<p><span style=\"font-family: \u5b8b\u4f53;font-size: 16px;letter-spacing: 0px\"><br \/><\/span><\/p>\n<\/div>\n<div class=\"graphic_pic animated wow bounceIn\" data-wow-delay=\".7s\">\n<p style=\"text-align:center\"><img loading=\"lazy\" decoding=\"async\" src=\"https:\/\/www.hommy.com\/wp-content\/uploads\/16004116331576.jpg\" alt=\"produto-Hommy-img\" title=\"\" width=\"400\" height=\"214\" border=\"0\" vspace=\"0\" style=\"height: 214px;text-align: center;width: 400px\"><\/p>\n<\/div>\n<\/div>\n<div class=\"col-md-6 col-sm-6 col-xs-6\">\n<div class=\"right-p\">\n<div class=\"h2 heading\">\n<p style=\"margin: 0 0 15px;text-indent: 0\"><span style=\"letter-spacing: 0px;font-size: 22px\">4. misturador na tremonha<\/span><span style=\"font-family: \u5b8b\u4f53;letter-spacing: 0;font-size: 22px\">&nbsp;<\/span><\/p>\n<\/div>\n<p><span style=\"font-family: \u5b8b\u4f53;font-size: 16px;letter-spacing: 0px\">Misturar uniformemente. O misturador de alta velocidade no funil mant\u00e9m o material fluindo no funil em caso de cobertura. O gelado ficar\u00e1 mais suave depois de misturado completamente com ar.<\/span><\/p>\n<p><span style=\"font-family: \u5b8b\u4f53;font-size: 16px;letter-spacing: 0px\"><br \/><\/span><\/p>\n<p><span style=\"font-family: \u5b8b\u4f53;font-size: 16px;letter-spacing: 0px\"><br \/><\/span><\/p>\n<p><\/p>\n<\/div>\n<div class=\"graphic_pic animated wow bounceIn\" data-wow-delay=\".7s\">\n<p style=\"text-align:center\"><img loading=\"lazy\" decoding=\"async\" src=\"https:\/\/www.hommy.com\/wp-content\/uploads\/16004845644979.jpg\" alt=\"produto-Hommy-img\" title=\"\" width=\"250\" height=\"438\" border=\"0\" vspace=\"0\" style=\"width: 250px;height: 438px\"><\/p>\n<\/div>\n<\/div>\n<\/div>\n<\/div>\n<div class=\"d-tem01-graphic tem01-graphic mockup\" data-detail=\"wrap\">\n<div class=\"cont-section clearfix d-clearfix\">\n<div class=\"col-md-6 col-sm-6 col-xs-6\">\n<div class=\"right-p\">\n<div class=\"h2 heading\">5. acess\u00f3rios opcionais de escape<\/div>\n<p><span style=\"font-family: \u5b8b\u4f53;font-size: 16px;letter-spacing: 0px\">Instalar corretamente a m\u00e1quina de gelados. A dist\u00e2ncia entre o orif\u00edcio de exaust\u00e3o atr\u00e1s da m\u00e1quina e a parede \u00e9 de 1 metro para ventila\u00e7\u00e3o, mas, de facto, \u00e9 imposs\u00edvel conseguir esta situa\u00e7\u00e3o no nosso local de armazenamento. A Hommy concebeu uma nova conduta de exaust\u00e3o para o uso di\u00e1rio, a fim de extrair o ar quente. No topo, pode satisfazer mais locais sem ocupar espa\u00e7o.<\/span><\/p>\n<p><span style=\"font-family: \u5b8b\u4f53;font-size: 16px;letter-spacing: 0px\"><br \/><\/span><\/p>\n<p><span style=\"font-family: \u5b8b\u4f53;font-size: 16px;letter-spacing: 0px\"><br \/><\/span><\/p>\n<p><span style=\"font-family: \u5b8b\u4f53;font-size: 16px;letter-spacing: 0px\"><br \/><\/span><\/p>\n<\/div>\n<div class=\"graphic_pic animated wow bounceIn\" data-wow-delay=\".7s\">\n<p style=\"text-align:center\"><img decoding=\"async\" src=\"https:\/\/www.hommy.com\/wp-content\/uploads\/16004849602733.jpg\" alt=\"produto-Hommy-HM716 m\u00e1quina de gelado comercial-img-1\" title=\"\"><\/p>\n<\/div>\n<\/div>\n<div class=\"col-md-6 col-sm-6 col-xs-6\">\n<div class=\"right-p\">\n<div class=\"h2 heading\">6. reinicializa\u00e7\u00e3o autom\u00e1tica do manipulador<\/div>\n<div class=\"description\">\n<p style=\"margin-top: 0;margin-right: 0;margin-bottom: 15px\"><span style=\"font-family: \u5b8b\u4f53;letter-spacing: 0;font-size: 16px\">Instalar <\/span><span style=\"font-family: \u5b8b\u4f53;letter-spacing: 0;font-size: 16px\">quando se retira o gelado, o manipulador \u00e9 reposto automaticamente, o que pode ser evitado se o gelado cair acidentalmente no ch\u00e3o.<\/span><\/p>\n<p style=\"margin-top: 0;margin-right: 0;margin-bottom: 15px\"><span style=\"font-family: \u5b8b\u4f53;letter-spacing: 0;font-size: 16px\"><br \/><\/span><\/p>\n<p style=\"margin-top: 0;margin-right: 0;margin-bottom: 15px\"><span style=\"font-family: \u5b8b\u4f53;letter-spacing: 0;font-size: 16px\"><br \/><\/span><\/p>\n<p style=\"margin-top: 0;margin-right: 0;margin-bottom: 15px\"><span style=\"font-family: \u5b8b\u4f53;letter-spacing: 0;font-size: 16px\">&nbsp;<\/span><\/p>\n<\/div>\n<\/div>\n<div class=\"graphic_pic animated wow bounceIn\" data-wow-delay=\".7s\">\n<p style=\"text-align:center\"><img loading=\"lazy\" decoding=\"async\" src=\"https:\/\/www.hommy.com\/wp-content\/uploads\/16004849914760.jpg\" alt=\"produto-Hommy-img-1\" title=\"\" width=\"350\" height=\"562\" border=\"0\" vspace=\"0\" style=\"width: 350px;height: 562px\"><\/p>\n<\/div>\n<\/div>\n<\/div>\n<\/div>\n<p><\/p>\n<p><\/p>\n<p>Documento\uff1a<img decoding=\"async\" src=\"https:\/\/www.hommy.com\/wp-content\/uploads\/icon_pdf-34.gif\" style=\"margin-right: 2px\" alt=\"produto-HM716 m\u00e1quina de gelado comercial-Hommy-img-1\" title=\"\"><a href=\"https:\/\/img80002414.weyesimg.com\/uploads\/www.hommy.com\/addon\/16027399365015.pdf\" title=\"16027399365015.pdf\" style=\"font-size: 12px\">16027399365015.pdf<\/a><\/p>\n<h2>Como posso obter um franchise Starbucks?<\/h2>\n<p style=\"margin-top: 5px;margin-bottom: 5px\">A Starbucks \u00e9 uma cadeia global de caf\u00e9s que tem franchisings em muitos pa\u00edses. A empresa tem um modelo de neg\u00f3cio \u00fanico que lhe permitiu expandir-se rapidamente e com sucesso em todo o mundo. Neste guia, vamos falar sobre como obter uma franquia Starbucks.Quais s\u00e3o os principais benef\u00edcios de uma franquia Starbucks? H\u00e1 muitas vantagens em possuir uma franquia Starbucks. Ganhar\u00e1 dinheiro com a venda de caf\u00e9, expresso, ch\u00e1 e outras bebidas. Poder\u00e1 tamb\u00e9m utilizar o nome da marca para construir o seu pr\u00f3prio neg\u00f3cio. Starbucks tem um modelo de neg\u00f3cio \u00fanico que o distingue dos outros.<\/p>\n<p style=\"margin-top: 5px;margin-bottom: 5px\"><\/p>\n<h2>Durante quanto tempo se coloca o iogurte no congelador para fazer iogurte gelado?<\/h2>\n<p style=\"margin-top: 5px;margin-bottom: 5px\">Para fazer iogurte congelado, basta colocar o seu iogurte preferido no congelador e retir\u00e1-lo quando estiver s\u00f3lido. Estamos a usar o tipo super-cremoso porque j\u00e1 tem a consist\u00eancia e a temperatura perfeitas, e o tempo varia consoante a espessura do iogurte.<\/p>\n<p style=\"margin-top: 5px;margin-bottom: 5px\"><\/p>\n<h2>O que posso fazer com o iogurte que est\u00e1 prestes a expirar?<\/h2>\n<p style=\"margin-top: 5px;margin-bottom: 5px\">Se n\u00e3o a puder utilizar dentro de alguns dias, deite-a fora e utilize-a para fazer uma massa de fermento, ou congele-a e utilize-a para fazer kefir de leite.<\/p>\n<\/div><\/div>","protected":false},"excerpt":{"rendered":"<p>&nbsp;&nbsp;&nbsp;&nbsp; 2 flavour+mix soft ice cream machine 2 flavour+mix soft ice cream machine|Product Features|Soft Serve Freezer, Frozen Yogurt Freezer|Product Specification|Product Advantage &nbsp;&nbsp;&nbsp;&nbsp; A commercial frozen yogurt machine is a machine used to make frozen yogurt. Frozen yogurt is a frozen dessert made from yogurt, milk, and other ingredients. It is usually made in a soft [&hellip;]<\/p>\n","protected":false},"featured_media":665,"comment_status":"open","ping_status":"open","template":"","meta":{"_swt_meta_header_display":false,"_swt_meta_footer_display":false,"_swt_meta_site_title_display":false,"_swt_meta_sticky_header":false,"_swt_meta_transparent_header":false},"product_brand":[],"product_cat":[80,77],"product_tag":[],"class_list":{"0":"post-674","1":"product","2":"type-product","3":"status-publish","4":"has-post-thumbnail","6":"product_cat-frozen-yogurt-machine","7":"product_cat-ice-cream-machine","9":"first","10":"instock","11":"shipping-taxable","12":"product-type-simple"},"_links":{"self":[{"href":"https:\/\/www.hommy.com\/pt\/wp-json\/wp\/v2\/product\/674","targetHints":{"allow":["GET"]}}],"collection":[{"href":"https:\/\/www.hommy.com\/pt\/wp-json\/wp\/v2\/product"}],"about":[{"href":"https:\/\/www.hommy.com\/pt\/wp-json\/wp\/v2\/types\/product"}],"replies":[{"embeddable":true,"href":"https:\/\/www.hommy.com\/pt\/wp-json\/wp\/v2\/comments?post=674"}],"wp:featuredmedia":[{"embeddable":true,"href":"https:\/\/www.hommy.com\/pt\/wp-json\/wp\/v2\/media\/665"}],"wp:attachment":[{"href":"https:\/\/www.hommy.com\/pt\/wp-json\/wp\/v2\/media?parent=674"}],"wp:term":[{"taxonomy":"product_brand","embeddable":true,"href":"https:\/\/www.hommy.com\/pt\/wp-json\/wp\/v2\/product_brand?post=674"},{"taxonomy":"product_cat","embeddable":true,"href":"https:\/\/www.hommy.com\/pt\/wp-json\/wp\/v2\/product_cat?post=674"},{"taxonomy":"product_tag","embeddable":true,"href":"https:\/\/www.hommy.com\/pt\/wp-json\/wp\/v2\/product_tag?post=674"}],"curies":[{"name":"wp","href":"https:\/\/api.w.org\/{rel}","templated":true}]}}