{"id":67,"date":"2024-07-02T11:51:56","date_gmt":"2024-07-02T11:51:56","guid":{"rendered":"http:\/\/localhost\/hommywp\/hm160d-stand-alone-floor-style-refrigerated-fruit-smoothie-machine\/"},"modified":"2025-08-01T09:52:44","modified_gmt":"2025-08-01T09:52:44","slug":"hm160d-maquina-de-batido-de-fruta-refrigerada-de-chao-autonoma","status":"publish","type":"product","link":"https:\/\/www.hommy.com\/pt\/p\/hm160d-maquina-de-batido-de-fruta-refrigerada-de-chao-autonoma\/","title":{"rendered":"HM160D M\u00e1quina de sumo de fruta refrigerada de ch\u00e3o aut\u00f3noma"},"content":{"rendered":"<h2 class=\"wp-block-heading\"><strong>Aumente as suas vendas e impulsione o seu neg\u00f3cio com a Hommy HM160D: M\u00e1quina autom\u00e1tica de batidos congelados<\/strong><\/h2>\r\n\r\n\r\n\r\n<p>Pretende acrescentar uma op\u00e7\u00e3o saud\u00e1vel e rent\u00e1vel ao seu neg\u00f3cio?<\/p>\r\n\r\n\r\n\r\n<div class=\"wp-block-group is-content-justification-center is-nowrap is-layout-flex wp-container-core-group-is-layout-23441af8 wp-block-group-is-layout-flex\">\r\n<figure class=\"wp-block-image aligncenter\"><img decoding=\"async\" title=\"m\u00e1quina de batidos HM160D\" src=\"https:\/\/www.hommy.com\/wp-content\/uploads\/17105145929159.jpg\" alt=\"m\u00e1quina de batidos HM160D\" \/><\/figure>\r\n<\/div>\r\n\r\n\r\n\r\n<div class=\"wp-block-group is-horizontal is-content-justification-center is-nowrap is-layout-flex wp-container-core-group-is-layout-2256e7f1 wp-block-group-is-layout-flex\">\r\n<div class=\"wp-block-group is-vertical is-layout-flex wp-container-core-group-is-layout-fe9cc265 wp-block-group-is-layout-flex\">\r\n<figure class=\"wp-block-image\"><img decoding=\"async\" src=\"https:\/\/www.hommy.com\/wp-content\/uploads\/17105175559625-2.jpg\" alt=\"\" title=\"\">\r\n<figcaption class=\"wp-element-caption\">1.scanner<\/figcaption>\r\n<\/figure>\r\n<\/div>\r\n\r\n\r\n\r\n<div class=\"wp-block-group is-vertical is-layout-flex wp-container-core-group-is-layout-fe9cc265 wp-block-group-is-layout-flex\">\r\n<figure class=\"wp-block-image size-large\"><img decoding=\"async\" src=\"https:\/\/www.hommy.com\/wp-content\/uploads\/17105175558461-2.jpg\" alt=\"\" title=\"\">\r\n<figcaption class=\"wp-element-caption\">2. um clique<\/figcaption>\r\n<\/figure>\r\n<\/div>\r\n\r\n\r\n\r\n<div class=\"wp-block-group is-vertical is-layout-flex wp-container-core-group-is-layout-fe9cc265 wp-block-group-is-layout-flex\">\r\n<figure class=\"wp-block-image size-large\"><img decoding=\"async\" src=\"https:\/\/www.hommy.com\/wp-content\/uploads\/17105175531218-2.jpg\" alt=\"\" title=\"\">\r\n<figcaption class=\"wp-element-caption\">3.limpeza<\/figcaption>\r\n<\/figure>\r\n<\/div>\r\n<\/div>\r\n\r\n\r\n\r\n<div class=\"wp-block-group is-horizontal is-content-justification-center is-nowrap is-layout-flex wp-container-core-group-is-layout-2256e7f1 wp-block-group-is-layout-flex\">\r\n<div class=\"wp-block-group is-vertical is-layout-flex wp-container-core-group-is-layout-fe9cc265 wp-block-group-is-layout-flex\">\r\n<figure class=\"wp-block-image size-large\"><img decoding=\"async\" src=\"https:\/\/www.hommy.com\/wp-content\/uploads\/17105175522157-2.jpg\" alt=\"\" title=\"\">\r\n<figcaption class=\"wp-element-caption\">4.Seguro<\/figcaption>\r\n<\/figure>\r\n<\/div>\r\n\r\n\r\n\r\n<div class=\"wp-block-group is-vertical is-layout-flex wp-container-core-group-is-layout-fe9cc265 wp-block-group-is-layout-flex\">\r\n<figure class=\"wp-block-image size-large\"><img decoding=\"async\" src=\"https:\/\/www.hommy.com\/wp-content\/uploads\/17105175543965-2.jpg\" alt=\"\" title=\"\">\r\n<figcaption class=\"wp-element-caption\">5.lanugage<\/figcaption>\r\n<\/figure>\r\n<\/div>\r\n\r\n\r\n\r\n<div class=\"wp-block-group is-vertical is-layout-flex wp-container-core-group-is-layout-fe9cc265 wp-block-group-is-layout-flex\">\r\n<figure class=\"wp-block-image size-large\"><img decoding=\"async\" src=\"https:\/\/www.hommy.com\/wp-content\/uploads\/17105175576781-1.jpg\" alt=\"\" title=\"\">\r\n<figcaption class=\"wp-element-caption\">6. reservat\u00f3rios de \u00e1gua<\/figcaption>\r\n<\/figure>\r\n<\/div>\r\n<\/div>\r\n\r\n\r\n\r\n<p>A m\u00e1quina de fazer batidos Hommy HM160D pode ser a solu\u00e7\u00e3o perfeita. Esta m\u00e1quina <strong>independente, refrigerado<\/strong> A m\u00e1quina de batidos distribui batidos saud\u00e1veis e refrescantes em qualquer altura, utilizando frutas como a banana, o morango, o mirtilo, a manga e o anan\u00e1s.<\/p>\r\n\r\n\r\n\r\n<h2 class=\"wp-block-heading\"><strong>V\u00eddeo:<\/strong><\/h2>\r\n\r\n\r\n<p><iframe loading=\"lazy\" title=\"Loja de conveni\u00eancia 24 horas m\u00e1quina de batidos\" width=\"500\" height=\"281\" src=\"https:\/\/www.youtube.com\/embed\/izlN4mk533U?feature=oembed\" frameborder=\"0\" allow=\"accelerometer; autoplay; clipboard-write; encrypted-media; gyroscope; picture-in-picture; web-share\" referrerpolicy=\"strict-origin-when-cross-origin\" allowfullscreen><\/iframe><\/p>\n\r\n\r\n\r\n<h2 class=\"wp-block-heading\"><strong><strong>Especifica\u00e7\u00f5es:<\/strong><\/strong><\/h2>\r\n\r\n\r\n\r\n<div class=\"wp-block-group is-content-justification-center is-nowrap is-layout-flex wp-container-core-group-is-layout-23441af8 wp-block-group-is-layout-flex\">\r\n<figure class=\"wp-block-image\"><img decoding=\"async\" title=\"M\u00e1quina de batidos Especifica\u00e7\u00f5es\" src=\"https:\/\/www.hommy.com\/wp-content\/uploads\/17105175578638-1.jpg\" alt=\"M\u00e1quina de batidos Especifica\u00e7\u00f5es\" \/><\/figure>\r\n<\/div>\r\n\r\n\r\n\r\n<p class=\"has-text-align-center\">\u00a0<\/p>\r\n\r\n\r\n\r\n<h2 class=\"wp-block-heading\"><strong><span style=\"font-size: 16px;\">Sele\u00e7\u00e3o de frigor\u00edficos:<\/span><\/strong><\/h2>\r\n\r\n\r\n\r\n<div class=\"wp-block-group is-nowrap is-layout-flex wp-container-core-group-is-layout-6c531013 wp-block-group-is-layout-flex\">\r\n<figure class=\"wp-block-image size-large\"><img decoding=\"async\" src=\"https:\/\/www.hommy.com\/wp-content\/uploads\/17107557283856-1.jpg\" alt=\"\" title=\"\"><\/figure>\r\n\r\n\r\n\r\n<figure class=\"wp-block-image size-large\"><img decoding=\"async\" src=\"https:\/\/www.hommy.com\/wp-content\/uploads\/17107557284443-1.jpg\" alt=\"\" title=\"\"><\/figure>\r\n\r\n\r\n\r\n<figure class=\"wp-block-image size-large\"><img decoding=\"async\" src=\"https:\/\/www.hommy.com\/wp-content\/uploads\/17107557297480-1.jpg\" alt=\"\" title=\"\"><\/figure>\r\n\r\n\r\n\r\n<figure class=\"wp-block-image size-large\"><img decoding=\"async\" src=\"https:\/\/www.hommy.com\/wp-content\/uploads\/17107557277036-1.jpg\" alt=\"\" title=\"\"><\/figure>\r\n<\/div>\r\n\r\n\r\n\r\n<h2 class=\"wp-block-heading\"><strong><strong>Carater\u00edsticas do produto:<\/strong><\/strong><\/h2>\r\n\r\n\r\n\r\n<ul class=\"wp-block-list\">\r\n<li>\r\n<p><strong><strong>Funcionamento simples e sem complica\u00e7\u00f5es:<\/strong><\/strong> Os clientes pagam, selecionam um copo cheio de fruta congelada, l\u00eaem o c\u00f3digo QR no copo, a porta de mistura abre-se automaticamente, inserem o copo e o seu batido \u00e9 misturado na perfei\u00e7\u00e3o.<\/p>\r\n<\/li>\r\n\r\n\r\n\r\n<li>\r\n<p><strong><strong>Monitoriza\u00e7\u00e3o remota de dados:<\/strong><\/strong> Acompanhe os seus dados de vendas e o desempenho das m\u00e1quinas em qualquer altura<strong><strong>,\u00a0<\/strong><\/strong>em qualquer lugar com o sistema de monitoriza\u00e7\u00e3o remota integrado.<\/p>\r\n<\/li>\r\n\r\n\r\n\r\n<li>\r\n<p><strong><strong>Fresco e saud\u00e1vel:<\/strong><\/strong> O HM160D utiliza peda\u00e7os de fruta congelada para criar batidos frescos e deliciosos.<\/p>\r\n<\/li>\r\n\r\n\r\n\r\n<li>\r\n<p><strong><strong>Limpeza autom\u00e1tica:<\/strong><\/strong> A m\u00e1quina limpa-se automaticamente ap\u00f3s cada utiliza\u00e7\u00e3o, assegurando um funcionamento higi\u00e9nico.<\/p>\r\n<\/li>\r\n\r\n\r\n\r\n<li>\r\n<p><strong><strong>Design atrativo com aspeto personaliz\u00e1vel:<\/strong><\/strong> O design elegante e os gr\u00e1ficos personaliz\u00e1veis atraem a aten\u00e7\u00e3o e integram-se perfeitamente em qualquer local.<\/p>\r\n<\/li>\r\n<\/ul>\r\n\r\n\r\n\r\n<h2 class=\"wp-block-heading\"><strong><strong>Locais adequados:<\/strong><\/strong><\/h2>\r\n\r\n\r\n\r\n<ul class=\"wp-block-list\">\r\n<li>\r\n<p>Escrit\u00f3rios<\/p>\r\n<\/li>\r\n\r\n\r\n\r\n<li>\r\n<p>Salas de descanso<\/p>\r\n<\/li>\r\n\r\n\r\n\r\n<li>\r\n<p>Gin\u00e1sios<\/p>\r\n<\/li>\r\n\r\n\r\n\r\n<li>\r\n<p>Lojas de conveni\u00eancia<\/p>\r\n<\/li>\r\n\r\n\r\n\r\n<li>\r\n<p>Centros comerciais<\/p>\r\n<\/li>\r\n\r\n\r\n\r\n<li>\r\n<p>E em qualquer outro local onde os clientes desejem um snack saud\u00e1vel e pr\u00e1tico!<\/p>\r\n<\/li>\r\n<\/ul>\r\n\r\n\r\n\r\n<p>Aumente as suas receitas e ofere\u00e7a aos seus clientes uma escolha saud\u00e1vel com a m\u00e1quina de batidos Hommy HM160D.<\/p>\r\n\r\n\r\n\r\n<p>Contacte a Hommy hoje mesmo para saber mais sobre o produto e o pre\u00e7o.<\/p>\r\n\r\n\r\n\r\n<h2 class=\"wp-block-heading\">FAQ<\/h2>\r\n\r\n\r\n\r\n<p><strong>Como ganhar dinheiro com uma m\u00e1quina de fazer batidos?<\/strong><\/p>\r\n\r\n\r\n\r\n<p>H\u00e1 muitas maneiras de ganhar dinheiro com uma m\u00e1quina de fazer batidos. Em primeiro lugar, tudo o que precisa \u00e9 de uma pequena quantia de dinheiro para comprar uma m\u00e1quina de venda autom\u00e1tica de batidos e frutas congeladas num copo. Encontrar um local perto da universidade ou num centro comercial. Obter um rendimento passivo \u00e9 muito f\u00e1cil.<\/p>\r\n\r\n\r\n\r\n<p><strong>Como iniciar o neg\u00f3cio dos batidos?<\/strong><\/p>\r\n\r\n\r\n\r\n<p>Para iniciar o neg\u00f3cio dos batidos, primeiro \u00e9 necess\u00e1rio desenvolver um plano de neg\u00f3cios. Por exemplo, se quiser gerir o neg\u00f3cio na loja e tiver pessoal para vender smoothies, pode considerar a m\u00e1quina de smoothies de mesa, que \u00e9 mais econ\u00f3mica. Quando se pretende gerir um neg\u00f3cio n\u00e3o tripulado sem investimento de aluguer de loja, uma m\u00e1quina de venda autom\u00e1tica de batidos \u00e9 uma boa escolha.\u00a0<\/p>\r\n\r\n\r\n\r\n<p><strong>Quanto custa iniciar um neg\u00f3cio de smoothies?<\/strong><\/p>\r\n\r\n\r\n\r\n<p>Depende da escala do neg\u00f3cio que se pretende iniciar. Com uma m\u00e9dia de US$10.000~US$25.000 de custo inicial, \u00e9 poss\u00edvel ter um neg\u00f3cio de smoothies com uma m\u00e1quina de venda autom\u00e1tica de smoothies auto-limpante numa loja de conveni\u00eancia ou num centro comercial. \u00a0<\/p>","protected":false},"excerpt":{"rendered":"<p>Increase Your Sales and Boost Your Business with the Hommy HM160D: Automatic Frozen Smoothie Machine Looking to add a healthy and profitable option to your business? The Hommy HM160D Smoothie Machine may be the perfect solution. This freestanding, refrigerated smoothie machine dispenses healthy and refreshing smoothies anytime using fruits like banana, strawberry, blueberry, mango, and [&hellip;]<\/p>\n","protected":false},"featured_media":58,"comment_status":"open","ping_status":"closed","template":"","meta":{"_swt_meta_header_display":false,"_swt_meta_footer_display":false,"_swt_meta_site_title_display":false,"_swt_meta_sticky_header":false,"_swt_meta_transparent_header":false},"product_brand":[],"product_cat":[69,68],"product_tag":[],"class_list":{"0":"post-67","1":"product","2":"type-product","3":"status-publish","4":"has-post-thumbnail","6":"product_cat-smoothie-vending-machine","7":"product_cat-vending-machine","9":"first","10":"instock","11":"shipping-taxable","12":"product-type-simple"},"_links":{"self":[{"href":"https:\/\/www.hommy.com\/pt\/wp-json\/wp\/v2\/product\/67","targetHints":{"allow":["GET"]}}],"collection":[{"href":"https:\/\/www.hommy.com\/pt\/wp-json\/wp\/v2\/product"}],"about":[{"href":"https:\/\/www.hommy.com\/pt\/wp-json\/wp\/v2\/types\/product"}],"replies":[{"embeddable":true,"href":"https:\/\/www.hommy.com\/pt\/wp-json\/wp\/v2\/comments?post=67"}],"wp:featuredmedia":[{"embeddable":true,"href":"https:\/\/www.hommy.com\/pt\/wp-json\/wp\/v2\/media\/58"}],"wp:attachment":[{"href":"https:\/\/www.hommy.com\/pt\/wp-json\/wp\/v2\/media?parent=67"}],"wp:term":[{"taxonomy":"product_brand","embeddable":true,"href":"https:\/\/www.hommy.com\/pt\/wp-json\/wp\/v2\/product_brand?post=67"},{"taxonomy":"product_cat","embeddable":true,"href":"https:\/\/www.hommy.com\/pt\/wp-json\/wp\/v2\/product_cat?post=67"},{"taxonomy":"product_tag","embeddable":true,"href":"https:\/\/www.hommy.com\/pt\/wp-json\/wp\/v2\/product_tag?post=67"}],"curies":[{"name":"wp","href":"https:\/\/api.w.org\/{rel}","templated":true}]}}