{"id":664,"date":"2024-07-02T15:24:17","date_gmt":"2024-07-02T15:24:17","guid":{"rendered":"http:\/\/localhost\/hommywp\/hm716a-froyo-frozen-yogurt-machine-for-franchise-business\/"},"modified":"2025-08-01T09:57:38","modified_gmt":"2025-08-01T09:57:38","slug":"hm716a-maquina-de-gelado-quente","status":"publish","type":"product","link":"https:\/\/www.hommy.com\/pt\/p\/hm716a-maquina-de-gelado-quente\/","title":{"rendered":"M\u00e1quina de iogurte gelado Hm716a Froyo para neg\u00f3cio de franquia"},"content":{"rendered":"<div>\n<p><span style=\"font-size: 24px\">&nbsp;&nbsp;&nbsp;&nbsp;<\/span><\/p>\n<h2 style=\"text-align: center\"><span style=\"font-size: 24px\"><span style=\"font-family: arial, helvetica, sans-serif\"><strong><span style=\"letter-spacing: 0px\"><a name=\"2 flavour+mix soft ice cream machine\"><\/a>2 sabores+mistura m\u00e1quina de sorvete expresso<\/span><\/strong><\/span><strong><span style=\"font-family: \u5b8b\u4f53;letter-spacing: 0px\"><\/span><\/strong><strong><span style=\"font-family: \u5b8b\u4f53;letter-spacing: 0px\"><\/span><\/strong><\/span><\/h2>\n<p style=\"text-align: center\"><span style=\"letter-spacing: 0px;font-family: arial, helvetica, sans-serif;font-size: 16px\"><a href=\"#2 flavour+mix soft ice cream machine\" target=\"_self\" data-lv=\"0\" rel=\"noopener\">2 sabores+mistura m\u00e1quina de sorvete expresso<\/a>|<a href=\"#Product Features\" target=\"_self\" data-lv=\"0\" rel=\"noopener\">Carater\u00edsticas do produto<\/a>|<a href=\"#Soft Serve Freezer, Frozen Yogurt Freezer\" target=\"_self\" data-lv=\"0\" rel=\"noopener\">Congelador de refrigerantes, Congelador de iogurte congelado<\/a>|<a href=\"#Product Specification\" target=\"_self\" data-lv=\"0\" rel=\"noopener\">Especifica\u00e7\u00e3o do produto<\/a>|<a href=\"#Product Advantage\" target=\"_self\" data-lv=\"0\" rel=\"noopener\">Vantagem do produto<\/a><\/span><\/p>\n<p><span style=\"font-size: 24px\"><span style=\"font-family: arial, helvetica, sans-serif\"><strong><span style=\"letter-spacing: 0px\"><br \/><\/span><\/strong><\/span><\/span><\/p>\n<p><\/p>\n<p style=\"text-align: center\">\n<p style=\"text-align: center\">&nbsp;&nbsp;&nbsp;&nbsp;<\/p>\n<h2><span style=\"font-family: arial, helvetica, sans-serif;font-size: 24px\"><span style=\"font-family: arial, helvetica, sans-serif;letter-spacing: 0px\">Dispomos de uma equipa de profissionais qualificados, experientes e competentes no manuseamento das m\u00e1quinas de froyo congelado existentes no mercado. A nossa equipa de especialistas est\u00e1 sempre pronta para o ajudar, caso tenha algum problema t\u00e9cnico ou d\u00favidas na utiliza\u00e7\u00e3o do nosso produto.<\/span><\/span><\/h2>\n<h2><span style=\"font-size: 24px\"><strong><span style=\"letter-spacing: 0px;font-family: arial, helvetica, sans-serif\"><a name=\"Product Features\"><\/a>Carater\u00edsticas do produto<\/span><\/strong><\/span><strong><span style=\"font-family: \u5b8b\u4f53;letter-spacing: 0;font-size: 18px\"> <\/span><\/strong><strong><span style=\"font-family: \u5b8b\u4f53;letter-spacing: 0;font-size: 18px\">&nbsp;<\/span><\/strong><\/h2>\n<h4><span style=\"font-family: Helvetica;letter-spacing: 0;font-size: 16px\">A Hommy tem uma equipa profissional para a conce\u00e7\u00e3o do produto. H\u00e1 engenheiros profissionais de refrigera\u00e7\u00e3o, engenheiros de software e engenheiros estruturais para garantir que a qualidade do produto seja est\u00e1vel e dur\u00e1vel. Ao mesmo tempo, o design personalizado \u00e9 adicionado para facilitar o futuro servi\u00e7o p\u00f3s-venda. Hommy <a style=\"color:blue\" href=\"\/pt\/\">m\u00e1quina de gelados<\/a> \u00e9 digno de confian\u00e7a.<\/span><\/h4>\n<p><span style=\"font-family: Helvetica;letter-spacing: 0;font-size: 16px\"><\/span><\/p>\n<div class=\"d-tem01-graphic tem01-graphic mockup\" data-detail=\"wrap\">\n<div class=\"cont-section clearfix d-clearfix\">\n<div class=\"col-md-6 col-sm-6 col-xs-6\">\n<div class=\"right-p\">\n<div class=\"h2 heading\"><img loading=\"lazy\" decoding=\"async\" src=\"https:\/\/www.hommy.com\/wp-content\/uploads\/16004137821992.jpg\" alt=\"produto-Hommy-img\" style=\"font-size: 14px;width: 650px;height: 750px\" title=\"\" width=\"650\" height=\"750\" border=\"0\" vspace=\"0\"><\/div>\n<\/div>\n<p>&nbsp; &nbsp; &nbsp; &nbsp; &nbsp; &nbsp; &nbsp;<\/p><\/div>\n<div class=\"col-md-6 col-sm-6 col-xs-6\">\n<div class=\"right-p\">\n<h2 style=\", Helvetica, Arial, sans-serif;margin: 0px 0px 15px;font-size: 22px\"><span style=\"font-size: 24px;font-family: arial, helvetica, sans-serif\"><strong style=\"font-family: inherit\"><a name=\"Soft Serve Freezer, Frozen Yogurt Freezer\"><\/a>Congelador de refrigerantes, Congelador de iogurte congelado<\/strong><\/span><\/h2>\n<p><span style=\"font-family:Calibri;font-size:16px\">Twin Twist, Pr\u00e9-arrefecimento, Ar<\/span><span style=\"font-family:\u5b8b\u4f53;font-size:16px\">&nbsp;<\/span><span style=\"font-family:Calibri;font-size:16px\">Bomba, misturador, balc\u00e3o, ultra-silencioso<\/span><\/p>\n<p><span style=\"font-family:\u5b8b\u4f53;font-size:16px\">Carater\u00edsticas<\/span><\/p>\n<p><span style=\"font-family:Calibri;font-size:16px\">Oferta de produtos: Oferecer todas as varia\u00e7\u00f5es populares de refrigerantes, desde gelados a iogurtes congelados com baixo teor de gordura ou sem gordura.<\/span><\/p>\n<p><span style=\"font-family:Calibri;font-size:16px\">Sabor: Servir dois sabores separados e um twist.<\/span><\/p>\n<p><span style=\"font-family:Calibri;font-size:16px\">Tremonha de mistura: Duas capacidades de 13 litros (13,7 litros, 3,43 gal\u00f5es)<\/span><\/p>\n<p><span style=\"font-family:Calibri;font-size:16px\">Cilindro de congela\u00e7\u00e3o: Duas capacidades de 1,8 litros (1,63 litros, 0,48 gal\u00f5es)<\/span><\/p>\n<p><span style=\"font-family:Calibri;font-size:16px\">Controlo por ecr\u00e3 t\u00e1til:<\/span><\/p>\n<p style=\"margin-left:32px\"><span style=\"font-family:Calibri;font-size:16px\">- O sistema de controlo t\u00e1til por microprocessador est\u00e1 integrado num painel de vidro temperado dur\u00e1vel.<\/span><\/p>\n<p style=\"margin-left:32px\"><span style=\"font-family:Calibri;font-size:16px\">- As temperaturas nas tremonhas ou nos cilindros de congela\u00e7\u00e3o podem ser visualizadas em qualquer ponto do funcionamento.<\/span><\/p>\n<p style=\"margin-left:32px\"><span style=\"font-family:Calibri;font-size:16px\">- Fornece o n\u00edvel de viscosidade necess\u00e1rio para as doses.<\/span><\/p>\n<p style=\"margin-left:32px\"><span style=\"font-family:Calibri;font-size:16px\">- Indicador do n\u00edvel de mistura e alarme. Quando a luz de falta de mistura pisca, a m\u00e1quina desliga-se automaticamente para evitar danos.<\/span><\/p>\n<p><span style=\"font-family:Calibri;font-size:16px\">Modo de espera: Durante longos per\u00edodos sem utiliza\u00e7\u00e3o, a fun\u00e7\u00e3o de espera mant\u00e9m as temperaturas seguras do produto na tremonha de mistura e no cilindro de congela\u00e7\u00e3o.<\/span><\/p>\n<p><span style=\"font-family:Calibri;font-size:16px\">Fun\u00e7\u00e3o de prote\u00e7\u00e3o da press\u00e3o do sistema de arrefecimento.<\/span><\/p>\n<p><span style=\"font-family:Calibri;font-size:16px\">A constru\u00e7\u00e3o duradoura com cobertura em a\u00e7o inoxid\u00e1vel torna-o moderno e<\/span><span style=\"font-family:\u5b8b\u4f53;font-size:16px\">&nbsp;<\/span><span style=\"font-family:Calibri;font-size:16px\">aspeto exterior luxuoso.<\/span><\/p>\n<p><span style=\"font-family:Calibri;font-size:16px\">Fun\u00e7\u00f5es: <\/span><\/p>\n<p><span style=\"font-family: Calibri;font-size: 16px\">O sistema de pr\u00e9-arrefecimento mant\u00e9m a mistura abaixo dos 5\u00b0C durante os modos autom\u00e1tico e de espera. A bomba de ar fornece a mistura com uma certa quantidade de ar para os cilindros de congela\u00e7\u00e3o. <\/span><\/p>\n<p><span style=\"font-family:Calibri;font-size:16px\">O misturador mant\u00e9m a uniformidade da mistura nas tremonhas. *O contador permite ao operador ver o n\u00famero de por\u00e7\u00f5es distribu\u00eddas.<\/span><\/p>\n<p><span style=\"font-family:Calibri;font-size:16px\">Ru\u00eddo ultra-silencioso de 50-55 decib\u00e9is.<\/span><\/p>\n<p><span style=\"font-size: 14px\"><\/span><\/div>\n<p>&nbsp; &nbsp; &nbsp; &nbsp; &nbsp; &nbsp;<\/p><\/div>\n<\/div>\n<\/div>\n<h2><span style=\"font-family: arial, helvetica, sans-serif;font-size: 24px\"><strong><span style=\"font-family: arial, helvetica, sans-serif;letter-spacing: 0px\"><a name=\"Product Specification\"><\/a>Especifica\u00e7\u00e3o do produto<\/span><\/strong><\/span><strong><span style=\"font-family: \u5b8b\u4f53;letter-spacing: 0;font-size: 18px\"> <\/span><\/strong><\/h2>\n<p><span style=\"font-family: Helvetica;letter-spacing: 0;font-size: 16px\">A Hommy tem uma equipa profissional para a conce\u00e7\u00e3o do produto. Existem engenheiros profissionais de refrigera\u00e7\u00e3o, engenheiros de software e engenheiros estruturais para garantir que a qualidade do produto \u00e9 est\u00e1vel e dur\u00e1vel. Ao mesmo tempo, o design personalizado \u00e9 adicionado<\/span><span style=\"font-family: \u5b8b\u4f53;letter-spacing: 0;font-size: 16px\">&nbsp;<\/span><span style=\"font-family: Helvetica;letter-spacing: 0;font-size: 16px\">para facilitar o futuro servi\u00e7o p\u00f3s-venda. A m\u00e1quina de gelados Hommy \u00e9 digna de confian\u00e7a.<\/span><\/p>\n<p><span style=\"font-family: Helvetica;letter-spacing: 0;font-size: 16px\"><br \/><\/span><\/p>\n<p><span style=\"font-family: Helvetica;letter-spacing: 0;font-size: 16px\"><\/span><\/p>\n<h4 style=\", Helvetica, Arial, sans-serif;text-align: center\"><strong><span style=\"font-family: \u5b8b\u4f53;letter-spacing: 0px\"><img decoding=\"async\" src=\"https:\/\/www.hommy.com\/wp-content\/uploads\/16004129174280.png\" alt=\"produto-Hommy-img\" title=\"\"><\/span><\/strong><\/h4>\n<p><\/p>\n<p><span style=\"font-family: Helvetica;letter-spacing: 0;font-size: 16px\"><\/span><\/p>\n<h2><span style=\"font-family: arial, helvetica, sans-serif;font-size: 24px\"><strong><span style=\"font-family: arial, helvetica, sans-serif;letter-spacing: 0px\"><a name=\"Product Advantage\"><\/a>Vantagem do produto<\/span><\/strong><\/span><strong><span style=\"font-family: \u5b8b\u4f53;letter-spacing: 0;font-size: 18px\"> &nbsp;&nbsp;&nbsp;&nbsp;&nbsp;&nbsp;<\/span><\/strong><strong><span style=\"font-family: \u5b8b\u4f53;letter-spacing: 0;font-size: 18px\">&nbsp;<\/span><\/strong><\/h2>\n<p><span style=\"font-family: Helvetica;letter-spacing: 0px;font-size: 16px\">A Hommy produziu uma m\u00e1quina de gelados durante 20 anos de experi\u00eancia, a m\u00e1quina de venda autom\u00e1tica de gelados adiciona mais fun\u00e7\u00f5es de gelado suave, porque n\u00e3o h\u00e1 ningu\u00e9m para fazer o servi\u00e7o a toda a hora. baseamo-nos nesta adi\u00e7\u00e3o de mais sensores e usamos software para control\u00e1-la, que \u00e9 de boa qualidade e boa fun\u00e7\u00e3o.<\/span><\/p>\n<p><\/p>\n<div class=\"d-tem01-graphic tem01-graphic mockup\" data-detail=\"wrap\">\n<div class=\"cont-section clearfix d-clearfix\">\n<div class=\"col-md-6 col-sm-6 col-xs-6\">\n<div class=\"right-p\">\n<div class=\"h2 heading\">\n<p><strong><span style=\"font-family: \u5b8b\u4f53;letter-spacing: 0;font-size: 18px\">1.A<\/span><\/strong><strong><span style=\"font-family: \u5b8b\u4f53;letter-spacing: 0;font-size: 18px\">bomba ir<\/span><\/strong><\/p>\n<\/div>\n<p><span style=\"font-family: \u5b8b\u4f53;font-size: 16px;letter-spacing: 0px\">Ajust\u00e1vel de 20% a 80%, reduz a gera\u00e7\u00e3o de cristais de gelo, faz com que o iogurte congelado (gelado) tenha um sabor suave e um aspeto branco; reduz a utiliza\u00e7\u00e3o de mat\u00e9rias-primas, aumenta os lucros<\/span><\/p>\n<p><span style=\"font-family: \u5b8b\u4f53;font-size: 16px;letter-spacing: 0px\"><br \/><\/span><\/p>\n<p><span style=\"font-family: \u5b8b\u4f53;font-size: 16px;letter-spacing: 0px\"><br \/><\/span><\/p>\n<\/div>\n<div class=\"graphic_pic animated wow bounceIn\" data-wow-delay=\".7s\">\n<p style=\"text-align:center\"><img loading=\"lazy\" decoding=\"async\" src=\"https:\/\/www.hommy.com\/wp-content\/uploads\/16004853657589.jpg\" alt=\"produto-Hommy-img\" title=\"\" width=\"250\" height=\"467\" border=\"0\" vspace=\"0\" style=\"width: 250px;height: 467px\"><\/p>\n<\/div>\n<\/div>\n<div class=\"col-md-6 col-sm-6 col-xs-6\">\n<div class=\"right-p\">\n<div class=\"h2 heading\">\n<p><span style=\"font-family: Helvetica;letter-spacing: 0;font-size: 22px\">2. Deixar o sensor<\/span><\/p>\n<\/div>\n<p><span style=\"font-family: \u5b8b\u4f53;letter-spacing: 0px;font-size: 16px\">Deixar o sensor ter&nbsp;<\/span><span style=\"font-family: Calibri;letter-spacing: 0px;font-size: 16px\">Segunda fase, a primeira fase do alarme de n\u00edvel de material em falta, a segunda fase do encerramento autom\u00e1tico.<\/span><span style=\"font-family: \u5b8b\u4f53;letter-spacing: 0px;font-size: 16px\">&nbsp;Quando receber a primeira mensagem, tem algum tempo para adicionar material, n\u00e3o precisa de deixar a m\u00e1quina parar para a trabalhar.<\/span><\/p>\n<p><span style=\"font-family: \u5b8b\u4f53;letter-spacing: 0px;font-size: 16px\"><br \/><\/span><\/p>\n<p><span style=\"font-family: \u5b8b\u4f53;letter-spacing: 0px;font-size: 16px\"><br \/><\/span><\/p>\n<\/div>\n<div class=\"graphic_pic animated wow bounceIn\" data-wow-delay=\".7s\">\n<p style=\"text-align:center\"><img loading=\"lazy\" decoding=\"async\" src=\"https:\/\/www.hommy.com\/wp-content\/uploads\/16004134703083.jpg\" alt=\"produto-Hommy-img\" title=\"\" width=\"250\" height=\"250\" border=\"0\" vspace=\"0\" style=\"width: 250px;height: 250px\"><\/p>\n<\/div>\n<\/div>\n<\/div>\n<\/div>\n<div class=\"d-tem01-graphic tem01-graphic mockup\" data-detail=\"wrap\">\n<div class=\"cont-section clearfix d-clearfix\">\n<div class=\"col-md-6 col-sm-6 col-xs-6\">\n<div class=\"right-p\">\n<div class=\"h2 heading\">3.<span style=\"font-family: Helvetica;letter-spacing: 0px\">Controlador<\/span><\/div>\n<div class=\"description\">\n<p style=\"margin-top: 0;margin-right: 0;margin-bottom: 15px\"><span style=\"font-family: \u5b8b\u4f53;letter-spacing: 0;font-size: 16px\">O painel de controlo mostra claramente as fun\u00e7\u00f5es internas da m\u00e1quina. Ao mesmo tempo, a m\u00e1quina tamb\u00e9m lembra a fun\u00e7\u00e3o de limpeza, adicionando fun\u00e7\u00f5es mais humanizadas, tamb\u00e9m somos bem-vindos a fazer OEM.<\/span><\/p>\n<p style=\"margin-top: 0;margin-right: 0;margin-bottom: 15px\"><span style=\"font-family: \u5b8b\u4f53;letter-spacing: 0;font-size: 16px\"><br \/><\/span><\/p>\n<p style=\"margin-top: 0;margin-right: 0;margin-bottom: 15px\"><span style=\"font-family: \u5b8b\u4f53;letter-spacing: 0;font-size: 16px\"><br \/><\/span><\/p>\n<\/div>\n<\/div>\n<div class=\"graphic_pic animated wow bounceIn\" data-wow-delay=\".7s\">\n<p style=\"text-align:center\"><img decoding=\"async\" src=\"https:\/\/www.hommy.com\/wp-content\/uploads\/16004135443000.jpg\" alt=\"produto-Hommy-HM716A m\u00e1quina de gelado soft-img\" title=\"\" style=\"text-align: center\"><\/p>\n<\/div>\n<\/div>\n<div class=\"col-md-6 col-sm-6 col-xs-6\">\n<div class=\"right-p\">\n<div class=\"h2 heading\">4. misturador na tremonha<span style=\"font-family: \u5b8b\u4f53;letter-spacing: 0px\">&nbsp;<\/span><\/div>\n<p><span style=\"font-family: \u5b8b\u4f53;font-size: 16px;letter-spacing: 0px\">Misturar uniformemente. O misturador de alta velocidade no funil mant\u00e9m o material fluindo no funil em caso de cobertura. O gelado ficar\u00e1 mais suave depois de misturado completamente com ar.&nbsp;&nbsp;<\/span><\/p>\n<p><span style=\"font-family: \u5b8b\u4f53;font-size: 16px;letter-spacing: 0px\"><br \/><\/span><\/p>\n<p><span style=\"font-family: \u5b8b\u4f53;font-size: 16px;letter-spacing: 0px\"><br \/><\/span><\/p>\n<p><span style=\"font-family: \u5b8b\u4f53;font-size: 16px;letter-spacing: 0px\">&nbsp;&nbsp;<\/span><\/p>\n<p><\/p>\n<\/div>\n<div class=\"graphic_pic animated wow bounceIn\" data-wow-delay=\".7s\">\n<p style=\"text-align:center\"><img decoding=\"async\" src=\"https:\/\/www.hommy.com\/wp-content\/uploads\/16004911416799.jpg\" alt=\"produto-HM716A m\u00e1quina de gelado soft-Hommy-img\" title=\"\"><\/p>\n<\/div>\n<\/div>\n<\/div>\n<\/div>\n<div class=\"d-tem01-graphic tem01-graphic mockup\" data-detail=\"wrap\">\n<div class=\"cont-section clearfix d-clearfix\">\n<div class=\"col-md-6 col-sm-6 col-xs-6\">\n<div class=\"right-p\">\n<div class=\"h2 heading\">5. acess\u00f3rios opcionais de escape<\/div>\n<div class=\"description\">\n<p style=\"margin-bottom:13px\"><span style=\"font-family: \u5b8b\u4f53;letter-spacing: 0;font-size: 16px\">Instalar corretamente a m\u00e1quina de gelados. A dist\u00e2ncia entre o orif\u00edcio de exaust\u00e3o atr\u00e1s da m\u00e1quina e a parede \u00e9 de 1 metro para ventila\u00e7\u00e3o, mas, de facto, \u00e9 imposs\u00edvel conseguir esta situa\u00e7\u00e3o no nosso local de armazenamento. A Hommy concebeu uma nova conduta de exaust\u00e3o para o uso di\u00e1rio, a fim de extrair o ar quente. No topo, pode satisfazer mais locais sem ocupar espa\u00e7o.&nbsp;<\/span><\/p>\n<p style=\"margin-bottom:13px\"><span style=\"font-family: \u5b8b\u4f53;letter-spacing: 0;font-size: 16px\"><br \/><\/span><\/p>\n<p style=\"margin-bottom:13px\"><span style=\"font-family: \u5b8b\u4f53;letter-spacing: 0;font-size: 16px\"><br \/><\/span><\/p>\n<\/div>\n<\/div>\n<div class=\"graphic_pic animated wow bounceIn\" data-wow-delay=\".7s\">\n<p style=\"text-align:center\"><img decoding=\"async\" src=\"https:\/\/www.hommy.com\/wp-content\/uploads\/16004854659304.jpg\" alt=\"produto-Hommy-img-1\" title=\"\"><\/p>\n<\/div>\n<\/div>\n<div class=\"col-md-6 col-sm-6 col-xs-6\">\n<div class=\"right-p\">\n<div class=\"h2 heading\">6. reinicializa\u00e7\u00e3o autom\u00e1tica do manipulador<\/div>\n<p><span style=\"font-family: \u5b8b\u4f53;letter-spacing: 0px;font-size: 16px\">Instalar quando tirar o gelado que o manipulador ir\u00e1 reiniciar automaticamente que pode ser poupado por deixar cair acidentalmente o gelado no ch\u00e3o.&nbsp;<\/span><\/p>\n<p><span style=\"font-family: \u5b8b\u4f53;letter-spacing: 0px;font-size: 16px\"><br \/><\/span><\/p>\n<p><\/p>\n<p><\/p>\n<p style=\"text-align: center\"><span style=\"font-family: \u5b8b\u4f53;letter-spacing: 0px;font-size: 16px\"><br \/><\/span><\/p>\n<\/div>\n<p style=\"text-align: center\"><img loading=\"lazy\" decoding=\"async\" src=\"https:\/\/www.hommy.com\/wp-content\/uploads\/16004854865949.jpg\" alt=\"produto-Hommy-img-1\" title=\"\" width=\"350\" height=\"562\" border=\"0\" vspace=\"0\" style=\"width: 350px;height: 562px\"><br \/>\n &nbsp; &nbsp; &nbsp; &nbsp; &nbsp; &nbsp;<\/p>\n<p><\/p>\n<\/div>\n<\/div>\n<\/div>\n<p><\/p>\n<p><span style=\"font-family: Helvetica;letter-spacing: 0;font-size: 16px\"><br \/><\/span><\/p>\n<p>Documento\uff1a<img decoding=\"async\" src=\"icon_pdf.gif\" style=\"margin-right: 2px\" alt=\"produto-Hommy-img-1\" title=\"\"><a href=\"https:\/\/img80002414.weyesimg.com\/uploads\/www.hommy.com\/addon\/16027386739912.pdf\" title=\"16027386739912.pdf\" style=\"font-size: 12px\">16027386739912.pdf<\/a><\/p>\n<h2>De quanto dinheiro preciso para abrir uma loja de iogurtes?<\/h2>\n<p style=\"margin-top: 5px;margin-bottom: 5px\">Se pretende iniciar-se no neg\u00f3cio dos iogurtes, precisa de saber por onde come\u00e7ar. \u00c9 necess\u00e1rio ter um plano de neg\u00f3cios e um plano financeiro. O tipo de dinheiro de que vai precisar depende de algumas coisas. Em primeiro lugar, \u00e9 necess\u00e1rio analisar qual \u00e9 o seu modelo de neg\u00f3cio e quanto pode receber. Em segundo lugar, se o seu produto for perec\u00edvel, precisa de saber quantas unidades pode vender e quanto precisa de ganhar para cobrir os seus custos. Esta publica\u00e7\u00e3o ajud\u00e1-lo-\u00e1 a descobrir o que precisa para come\u00e7ar.<\/p>\n<p style=\"margin-top: 5px;margin-bottom: 5px\"><\/p>\n<h2>\u00c9 poss\u00edvel congelar iogurte de baunilha?<\/h2>\n<p style=\"margin-top: 5px;margin-bottom: 5px\">Sim, \u00e9 poss\u00edvel. Para o congelar, coloque o iogurte num recipiente de pl\u00e1stico, cubra-o com uma tampa e congele-o at\u00e9 3 meses. Pode fazer tarte de creme de iogurte ou gelado de sobremesa com iogurte simples e adicionar uma cobertura \u00e0 sua tarte ou bolo favorito. Tamb\u00e9m pode adicionar leite ao iogurte natural e, em seguida, coloc\u00e1-lo num pequeno tabuleiro de cubos de gelo e congel\u00e1-lo. Depois, pode retirar os cubos de iogurte congelados do tabuleiro e coloc\u00e1-los num copo. Certifique-se de que come os cubos de gelo de iogurte antes de eles murcharem!<\/p>\n<p style=\"margin-top: 5px;margin-bottom: 5px\"><\/p>\n<h2>O gelado \u00e9 rent\u00e1vel?<\/h2>\n<p style=\"margin-top: 5px;margin-bottom: 5px\">O gelado \u00e9 um \u00f3timo produto. \u00c9 r\u00e1pido e f\u00e1cil de fazer e as possibilidades de sabores s\u00e3o infinitas. O facto de poder ser feito numa cozinha dom\u00e9stica com apenas alguns ingredientes torna-o um produto barato para comercializar. O gelado \u00e9 muito popular. De acordo com a National Ice Cream Association, os americanos consumiram cerca de 20 mil milh\u00f5es de litros de gelado no ano passado. Isso \u00e9 mais do que leite, manteiga, queijo, ovos e at\u00e9 carne.<\/p>\n<\/div><\/div>","protected":false},"excerpt":{"rendered":"<p>&nbsp;&nbsp;&nbsp;&nbsp; 2 flavour+mix soft ice cream machine 2 flavour+mix soft ice cream machine|Product Features|Soft Serve Freezer, Frozen Yogurt Freezer|Product Specification|Product Advantage &nbsp;&nbsp;&nbsp;&nbsp; We have a team of skilled professionals who are experienced and skilled in handling the frozen froyo Machines in the market. Our expert team is always ready to assist you, in case you [&hellip;]<\/p>\n","protected":false},"featured_media":656,"comment_status":"open","ping_status":"open","template":"","meta":{"_swt_meta_header_display":false,"_swt_meta_footer_display":false,"_swt_meta_site_title_display":false,"_swt_meta_sticky_header":false,"_swt_meta_transparent_header":false},"product_brand":[],"product_cat":[80,77],"product_tag":[],"class_list":{"0":"post-664","1":"product","2":"type-product","3":"status-publish","4":"has-post-thumbnail","6":"product_cat-frozen-yogurt-machine","7":"product_cat-ice-cream-machine","9":"first","10":"instock","11":"shipping-taxable","12":"product-type-simple"},"_links":{"self":[{"href":"https:\/\/www.hommy.com\/pt\/wp-json\/wp\/v2\/product\/664","targetHints":{"allow":["GET"]}}],"collection":[{"href":"https:\/\/www.hommy.com\/pt\/wp-json\/wp\/v2\/product"}],"about":[{"href":"https:\/\/www.hommy.com\/pt\/wp-json\/wp\/v2\/types\/product"}],"replies":[{"embeddable":true,"href":"https:\/\/www.hommy.com\/pt\/wp-json\/wp\/v2\/comments?post=664"}],"wp:featuredmedia":[{"embeddable":true,"href":"https:\/\/www.hommy.com\/pt\/wp-json\/wp\/v2\/media\/656"}],"wp:attachment":[{"href":"https:\/\/www.hommy.com\/pt\/wp-json\/wp\/v2\/media?parent=664"}],"wp:term":[{"taxonomy":"product_brand","embeddable":true,"href":"https:\/\/www.hommy.com\/pt\/wp-json\/wp\/v2\/product_brand?post=664"},{"taxonomy":"product_cat","embeddable":true,"href":"https:\/\/www.hommy.com\/pt\/wp-json\/wp\/v2\/product_cat?post=664"},{"taxonomy":"product_tag","embeddable":true,"href":"https:\/\/www.hommy.com\/pt\/wp-json\/wp\/v2\/product_tag?post=664"}],"curies":[{"name":"wp","href":"https:\/\/api.w.org\/{rel}","templated":true}]}}