{"id":655,"date":"2024-07-02T15:24:13","date_gmt":"2024-07-02T15:24:13","guid":{"rendered":"http:\/\/localhost\/hommywp\/commercial-twin-twist-automatic-table-top-frozen-yogurt-machine\/"},"modified":"2025-08-01T09:57:38","modified_gmt":"2025-08-01T09:57:38","slug":"maquina-automatica-de-iogurte-gelado-de-mesa-de-dupla-torcao","status":"publish","type":"product","link":"https:\/\/www.hommy.com\/pt\/p\/maquina-automatica-de-iogurte-gelado-de-mesa-de-dupla-torcao\/","title":{"rendered":"M\u00e1quina autom\u00e1tica de iogurte congelado de mesa Twin Twist comercial"},"content":{"rendered":"<div>\n<p>&nbsp;<\/p>\n<p><span style=\"font-size: 20px\"><\/span><\/p>\n<h2 style=\"text-align: center\"><strong><span style=\"letter-spacing: 0px;font-family: arial, helvetica, sans-serif;font-size: 24px\"><a name=\"Twin twist automatic table top soft serve machine\"><\/a>M\u00e1quina de servir refrigerantes de mesa autom\u00e1tica de tor\u00e7\u00e3o dupla<\/span><\/strong><\/h2>\n<p style=\"text-align: center\"><span style=\"letter-spacing: 0px;font-family: arial, helvetica, sans-serif;font-size: 16px\"><a href=\"#Twin twist automatic table top soft serve machine\" target=\"_self\" data-lv=\"0\" rel=\"noopener\">M\u00e1quina de servir refrigerantes de mesa autom\u00e1tica de tor\u00e7\u00e3o dupla<\/a>|<a href=\"#Electronic control\" target=\"_self\" data-lv=\"0\" rel=\"noopener\">Controlo eletr\u00f3nico<\/a>|<a href=\"#PRODUCT DETAILS\" target=\"_self\" data-lv=\"0\" rel=\"noopener\">DETALHES DO PRODUTO<\/a><\/span><\/p>\n<p>&nbsp;Torcida dupla <a style=\"color:blue\" href=\"https:\/\/www.hommy.com\/pt\/maquina-de-iogurte-gelado\/\">m\u00e1quina de iogurte gelado<\/a>s s\u00e3o f\u00e1ceis de utilizar. N\u00e3o \u00e9 necess\u00e1rio ser um profissional para a operar. Pode facilmente levar o iogurte gelado para qualquer festa ou evento. As m\u00e1quinas de iogurte gelado t\u00eam uma variedade de carater\u00edsticas. Pode prepar\u00e1-lo em pequenas por\u00e7\u00f5es ou em tamanhos grandes. Pode tamb\u00e9m prepar\u00e1-lo em qualquer sabor.<\/p>\n<div class=\"d-tem11-graphic tem11-graphic mockup\" data-detail=\"wrap\">\n<div class=\"tab_row\">\n<div class=\"img\" style=\"width: 50%\"><img decoding=\"async\" title=\"\" alt=\"produto-Hommy-img\" src=\"https:\/\/www.hommy.com\/wp-content\/uploads\/15585131824789.jpg\"><\/div>\n<div class=\"text_box\" style=\"width: 50%\">\n<div class=\"txt\">\n<p>&nbsp;<\/p>\n<h2><strong><span style=\"font-family: arial, helvetica, sans-serif;font-size: 24px\">HM708<\/span><\/strong><\/h2>\n<p>&nbsp;<\/p>\n<h2><strong><span style=\"font-family: arial, helvetica, sans-serif;font-size: 24px\"><a name=\"Electronic control\"><\/a>Controlo eletr\u00f3nico:<\/span><\/strong><\/h2>\n<p>- A temperatura nos cilindros de congela\u00e7\u00e3o pode ser visualizada em qualquer ponto da opera\u00e7\u00e3o.<\/p>\n<p>- Fornece o n\u00edvel de viscosidade necess\u00e1rio para as doses.<\/p>\n<p>- Indicador do n\u00edvel de mistura e alarme. Quando a luz de falta de mistura pisca, a m\u00e1quina desliga-se automaticamente para evitar danos.<\/p>\n<p>Modo de espera:<\/p>\n<p>- Durante longos per\u00edodos sem utiliza\u00e7\u00e3o, a fun\u00e7\u00e3o de espera mant\u00e9m as temperaturas seguras do produto na tremonha de mistura e no cilindro de congela\u00e7\u00e3o.<\/p>\n<p>Fun\u00e7\u00f5es opcionais:<\/p>\n<p>- O contador permite ao operador visualizar o n\u00famero de por\u00e7\u00f5es distribu\u00eddas.<\/p>\n<p>&nbsp;<\/p>\n<\/div>\n<\/div>\n<\/div>\n<\/div>\n<p>&nbsp;<\/p>\n<div class=\"text-left d-tem09-title d-interval\" data-detail=\"wrap\">\n<div class=\"title-header\">\n<h2><strong><span style=\"font-size: 24px;font-family: arial, helvetica, sans-serif\">DETALHES DO PRODUTO<\/span><\/strong><\/h2>\n<div class=\"subtitle\"><span>Ap\u00f3s anos de desenvolvimento, estabelecemos uma rede de distribui\u00e7\u00e3o em grande escala em v\u00e1rios pa\u00edses e recebemos um bom feedback dos nossos clientes.<\/span><\/div>\n<\/div>\n<\/div>\n<p>&nbsp;<\/p>\n<div class=\"d-tem18-graphic d-clearfix d-interval mockup clearfix\" data-detail=\"wrap\">\n<div class=\"col-lg-4 col-md-4 col-sm-4 col-xs-6\">\n<div class=\"item\">\n<div class=\"images\"><img decoding=\"async\" title=\"\" alt=\"produto-Hommy-img\" src=\"https:\/\/www.hommy.com\/wp-content\/uploads\/15553943011548-1.jpg\" style=\"line-height: 1.42857\"><\/div>\n<\/div>\n<\/div>\n<div class=\"col-lg-4 col-md-4 col-sm-4 col-xs-6\">\n<div class=\"item\">\n<div class=\"images\"><img decoding=\"async\" title=\"\" alt=\"produto-m\u00e1quina autom\u00e1tica de mesa para servir iogurte gelado Twin Twist-Hommy-img\" src=\"https:\/\/www.hommy.com\/wp-content\/uploads\/15553943082607-1.jpg\"><\/div>\n<\/div>\n<\/div>\n<\/div>\n<p>&nbsp;<\/p>\n<h2>Estamos a oferecer a m\u00e1quina de iogurte congelado Twin twist aos nossos clientes.&nbsp;<\/h2>\n<p style=\"margin-top: 5px;margin-bottom: 5px\">Tamb\u00e9m fornecemos uma variedade de coberturas e ado\u00e7antes para que o iogurte gelado tenha um sabor t\u00e3o bom como qualquer outro iogurte normal. N\u00e3o \u00e9 necess\u00e1rio ser um profissional para as operar. Pode facilmente levar o iogurte gelado para qualquer festa ou evento. As m\u00e1quinas de iogurte gelado possuem uma variedade de carater\u00edsticas. Pode prepar\u00e1-lo em pequenas por\u00e7\u00f5es ou em tamanhos grandes. Pode tamb\u00e9m prepar\u00e1-lo em qualquer sabor.<\/p>\n<p style=\"margin-top: 5px;margin-bottom: 5px\"><\/p>\n<h2>Porque \u00e9 que o gelado americano \u00e9 t\u00e3o duro?<\/h2>\n<p style=\"margin-top: 5px;margin-bottom: 5px\">Como todos sabemos, os Estados Unidos s\u00e3o um caldeir\u00e3o de culturas, e o gelado n\u00e3o \u00e9 exce\u00e7\u00e3o. H\u00e1 gelados americanos de baunilha, morango, chocolate e por a\u00ed fora. Mas uma coisa que \u00e9 um pouco estranha \u00e9 que a maioria dos gelados americanos \u00e9 dura e tem um sabor muito forte.<\/p>\n<p style=\"margin-top: 5px;margin-bottom: 5px\"><\/p>\n<h2>Como \u00e9 que se engrossa o iogurte caseiro depois de feito?<\/h2>\n<p style=\"margin-top: 5px;margin-bottom: 5px\">H\u00e1 j\u00e1 alguns anos que fa\u00e7o iogurte. Era um dos favoritos dos meus filhos quando eram mais novos e h\u00e1 anos que \u00e9 um alimento b\u00e1sico em minha casa. J\u00e1 experimentei v\u00e1rias marcas e acho que prefiro usar o iogurte como substituto do queijo quando fa\u00e7o um prato \u00e0 base de queijo. \u00c9 delicioso. Tamb\u00e9m o tenho feito engrossado com amido de milho, porque adoro a textura que lhe d\u00e1. Gosto da espessura que d\u00e1 ao iogurte.<\/p>\n<\/div><\/div>","protected":false},"excerpt":{"rendered":"<p>&nbsp; Twin twist automatic table top soft serve machine Twin twist automatic table top soft serve machine|Electronic control|PRODUCT DETAILS &nbsp;Twin twist frozen yogurt machines are easy to use. You don\u2019t have to be a professional to operate it. You can easily take the frozen yogurt to any party or event. Frozen yogurt machines come with [&hellip;]<\/p>\n","protected":false},"featured_media":652,"comment_status":"open","ping_status":"open","template":"","meta":{"_swt_meta_header_display":false,"_swt_meta_footer_display":false,"_swt_meta_site_title_display":false,"_swt_meta_sticky_header":false,"_swt_meta_transparent_header":false},"product_brand":[],"product_cat":[80,77],"product_tag":[],"class_list":{"0":"post-655","1":"product","2":"type-product","3":"status-publish","4":"has-post-thumbnail","6":"product_cat-frozen-yogurt-machine","7":"product_cat-ice-cream-machine","9":"first","10":"instock","11":"shipping-taxable","12":"product-type-simple"},"_links":{"self":[{"href":"https:\/\/www.hommy.com\/pt\/wp-json\/wp\/v2\/product\/655","targetHints":{"allow":["GET"]}}],"collection":[{"href":"https:\/\/www.hommy.com\/pt\/wp-json\/wp\/v2\/product"}],"about":[{"href":"https:\/\/www.hommy.com\/pt\/wp-json\/wp\/v2\/types\/product"}],"replies":[{"embeddable":true,"href":"https:\/\/www.hommy.com\/pt\/wp-json\/wp\/v2\/comments?post=655"}],"wp:featuredmedia":[{"embeddable":true,"href":"https:\/\/www.hommy.com\/pt\/wp-json\/wp\/v2\/media\/652"}],"wp:attachment":[{"href":"https:\/\/www.hommy.com\/pt\/wp-json\/wp\/v2\/media?parent=655"}],"wp:term":[{"taxonomy":"product_brand","embeddable":true,"href":"https:\/\/www.hommy.com\/pt\/wp-json\/wp\/v2\/product_brand?post=655"},{"taxonomy":"product_cat","embeddable":true,"href":"https:\/\/www.hommy.com\/pt\/wp-json\/wp\/v2\/product_cat?post=655"},{"taxonomy":"product_tag","embeddable":true,"href":"https:\/\/www.hommy.com\/pt\/wp-json\/wp\/v2\/product_tag?post=655"}],"curies":[{"name":"wp","href":"https:\/\/api.w.org\/{rel}","templated":true}]}}